{"id":2870,"date":"2024-01-18T01:59:26","date_gmt":"2024-01-18T00:59:26","guid":{"rendered":"https:\/\/ecoturbino.eu\/?page_id=2870"},"modified":"2024-01-18T02:07:39","modified_gmt":"2024-01-18T01:07:39","slug":"gtc","status":"publish","type":"page","link":"https:\/\/ecoturbino.world\/sv\/gtc\/","title":{"rendered":"Villkor och anvisningar"},"content":{"rendered":"<div class=\"banner has-hover\" id=\"banner-181739809\">\n          <div class=\"banner-inner fill\">\n        <div class=\"banner-bg fill\" >\n            <img decoding=\"async\" width=\"2000\" height=\"230\" src=\"https:\/\/ecoturbino.world\/wp-content\/uploads\/2024\/01\/wasser-faq-2000-sw.webp\" class=\"bg attachment-original size-original\" alt=\"Vattenhuvud\" \/>                                    \n                    <\/div>\n\t\t\n        <div class=\"banner-layers container\">\n            <div class=\"fill banner-link\"><\/div>            \n   <div id=\"text-box-1460879619\" class=\"text-box banner-layer x50 md-x50 lg-x50 y50 md-y50 lg-y50 res-text\">\n                                <div class=\"text-box-content text dark\">\n              \n              <div class=\"text-inner text-center\">\n                  \n<h1>GTC<\/h1>\n              <\/div>\n           <\/div>\n                            \n<style>\n#text-box-1460879619 {\n  width: 100%;\n}\n#text-box-1460879619 .text-box-content {\n  font-size: 100%;\n}\n@media (min-width:550px) {\n  #text-box-1460879619 {\n    width: 71%;\n  }\n}\n@media (min-width:850px) {\n  #text-box-1460879619 {\n    width: 50%;\n  }\n}\n<\/style>\n    <\/div>\n \n        <\/div>\n      <\/div>\n\n            \n<style>\n#banner-181739809 {\n  padding-top: 110px;\n}\n@media (min-width:550px) {\n  #banner-181739809 {\n    padding-top: 170px;\n  }\n}\n@media (min-width:850px) {\n  #banner-181739809 {\n    padding-top: 190px;\n  }\n}\n<\/style>\n  <\/div>\n\n\n<div class=\"row\"  id=\"row-541132852\">\n\n\t<div id=\"col-786945896\" class=\"col small-12 large-12\"  >\n\t\t\t\t<div class=\"col-inner\"  >\n\t\t\t\n\t\t\t\n<h2>Allm\u00e4nna villkor f\u00f6r ecoturbino\u00ae World<\/h2>\n<ol>\n<li><strong>Ansvarsf\u00f6rdelning<\/strong><br \/>Vi tar inget ansvar f\u00f6r fel eller tekniska problem som kan uppst\u00e5 p\u00e5 Internet. \u00d6sterrikisk lag g\u00e4ller.<\/li>\n<li><strong>Ansvar f\u00f6r inneh\u00e5ll<\/strong><br \/>Informationen p\u00e5 denna webbplats \u00e4r endast avsedd f\u00f6r allm\u00e4n information och \u00e4r inte bindande.<\/li>\n<li><strong>Ansvarsfriskrivning f\u00f6r inneh\u00e5llet p\u00e5 l\u00e4nkade webbplatser<\/strong><br \/>Denna webbplats inneh\u00e5ller olika l\u00e4nkar till andra tillverkares sidor etc. p\u00e5 Internet. Vi vill uttryckligen betona att vi inte har n\u00e5got inflytande p\u00e5 inneh\u00e5llet och utformningen av de sidor som l\u00e4nkas till. D\u00e4rf\u00f6r kan vi inte garantera att den information som finns d\u00e4r \u00e4r aktuell, korrekt eller fullst\u00e4ndig. Vi tar uttryckligen avst\u00e5nd fr\u00e5n allt inneh\u00e5ll p\u00e5 dessa sidor. Denna f\u00f6rklaring g\u00e4ller f\u00f6r alla l\u00e4nkar till externa sidor p\u00e5 v\u00e5r webbplats och allt inneh\u00e5ll p\u00e5 de sidor som l\u00e4nkarna leder till.<\/li>\n<li><strong>Bildr\u00e4ttigheter<\/strong><br \/>Alla bildr\u00e4ttigheter f\u00f6r illustrationer i butiken \u00e4gs av Ressourcen Saving GmbH och Webdeals Shops GmbH. Anv\u00e4ndning utan v\u00e5rt uttryckliga medgivande \u00e4r inte till\u00e5ten.<\/li>\n<li><strong>Sekretess- och konfidentialitetspolicy<\/strong><br \/>V\u00e4nligen se v\u00e5r <a href=\"\/sv\/privat-cockpit\/integritet\/\">GDPR Sekretessavtal<\/a>.<\/li>\n<li><strong>Skiljef\u00f6rbeh\u00e5ll \/ \u00d6vrigt<\/strong><br \/>Om enskilda best\u00e4mmelser i dessa allm\u00e4nna villkor eller i k\u00f6peavtalet \u00e4r ogiltiga, p\u00e5verkar detta inte giltigheten av \u00f6vriga best\u00e4mmelser. I st\u00e4llet f\u00f6r den ogiltiga best\u00e4mmelsen g\u00e4ller den lagstadgade regleringen.<\/li>\n<\/ol>\n\t\t<\/div>\n\t\t\t\t\t<\/div>\n\n\t\n<\/div>\n\t<div id=\"gap-1178891042\" class=\"gap-element clearfix\" style=\"display:block; height:auto;\">\n\t\t\n<style>\n#gap-1178891042 {\n  padding-top: 30px;\n}\n<\/style>\n\t<\/div>","protected":false},"excerpt":{"rendered":"","protected":false},"author":1,"featured_media":0,"parent":0,"menu_order":0,"comment_status":"closed","ping_status":"closed","template":"page-blank.php","meta":{"inline_featured_image":false,"footnotes":""},"class_list":["post-2870","page","type-page","status-publish","hentry"],"_links":{"self":[{"href":"https:\/\/ecoturbino.world\/sv\/wp-json\/wp\/v2\/pages\/2870","targetHints":{"allow":["GET"]}}],"collection":[{"href":"https:\/\/ecoturbino.world\/sv\/wp-json\/wp\/v2\/pages"}],"about":[{"href":"https:\/\/ecoturbino.world\/sv\/wp-json\/wp\/v2\/types\/page"}],"author":[{"embeddable":true,"href":"https:\/\/ecoturbino.world\/sv\/wp-json\/wp\/v2\/users\/1"}],"replies":[{"embeddable":true,"href":"https:\/\/ecoturbino.world\/sv\/wp-json\/wp\/v2\/comments?post=2870"}],"version-history":[{"count":0,"href":"https:\/\/ecoturbino.world\/sv\/wp-json\/wp\/v2\/pages\/2870\/revisions"}],"wp:attachment":[{"href":"https:\/\/ecoturbino.world\/sv\/wp-json\/wp\/v2\/media?parent=2870"}],"curies":[{"name":"wp","href":"https:\/\/api.w.org\/{rel}","templated":true}]}}