{"id":1212,"date":"2024-01-01T12:02:37","date_gmt":"2024-01-01T11:02:37","guid":{"rendered":"https:\/\/ecoturbino.eu\/?page_id=1212"},"modified":"2025-12-29T22:45:10","modified_gmt":"2025-12-29T21:45:10","slug":"paverkan-5","status":"publish","type":"page","link":"https:\/\/ecoturbino.world\/sv\/impact-5\/","title":{"rendered":"Resursbesparande anv\u00e4ndning av jorden"},"content":{"rendered":"<section class=\"section zindex1\" id=\"section_1786458670\">\n\t\t<div class=\"section-bg fill\" >\n\t\t\t\t\t\t\t\t\t\n\t\t\t\n\n\t\t<\/div>\n\n\t\t\n\n\t\t<div class=\"section-content relative\">\n\t\t\t\n<div class=\"row row-small\"  id=\"row-1878827456\">\n\n\t<div id=\"col-1788772744\" class=\"col medium-9 small-12 large-9\"  >\n\t\t\t\t<div class=\"col-inner\"  >\n\t\t\t\n\t\t\t\n<h1 class=\"uppercase\">Resursbevarande behandling av jorden<\/h1>\n<h3 class=\"thin-font\">den femte effekten av ecoturbino\u00ae vattenbesparande milj\u00f6skyddssystem<\/h3>\n<div class=\"row\"  id=\"row-272602394\">\n\n\t<div id=\"col-1202984969\" class=\"col medium-11 small-12 large-11\"  >\n\t\t\t\t<div class=\"col-inner\"  >\n\t\t\t\n\t\t\t\n\t<div id=\"stack-609267676\" class=\"stack stack-row justify-start items-start\">\n\t\t\n\t<div class=\"img has-hover x md-x lg-x y md-y lg-y\" id=\"image_2138090941\">\n\t\t<a class=\"\" href=\"\/sv\/paverkan-1\/\" >\t\t\t\t\t\t<div class=\"img-inner image-color dark\" >\n\t\t\t<img decoding=\"async\" width=\"100\" height=\"100\" src=\"https:\/\/ecoturbino.world\/wp-content\/uploads\/2024\/01\/impact1.svg\" class=\"attachment-original size-original\" alt=\"\" \/>\t\t\t\t\t\t\n\t\t\t\t\t<\/div>\n\t\t\t\t\t\t<\/a>\t\t\n<style>\n#image_2138090941 {\n  width: 100%;\n}\n<\/style>\n\t<\/div>\n\t\n\t<div class=\"img has-hover x md-x lg-x y md-y lg-y\" id=\"image_48340628\">\n\t\t<a class=\"\" href=\"\/sv\/paverkan-2\/\" >\t\t\t\t\t\t<div class=\"img-inner image-color dark\" >\n\t\t\t<img decoding=\"async\" width=\"100\" height=\"100\" src=\"https:\/\/ecoturbino.world\/wp-content\/uploads\/2024\/01\/impact2.svg\" class=\"attachment-original size-original\" alt=\"\" \/>\t\t\t\t\t\t\n\t\t\t\t\t<\/div>\n\t\t\t\t\t\t<\/a>\t\t\n<style>\n#image_48340628 {\n  width: 100%;\n}\n<\/style>\n\t<\/div>\n\t\n\t<div class=\"img has-hover x md-x lg-x y md-y lg-y\" id=\"image_1583274699\">\n\t\t<a class=\"\" href=\"\/sv\/paverkan-3\/\" >\t\t\t\t\t\t<div class=\"img-inner image-color dark\" >\n\t\t\t<img decoding=\"async\" width=\"100\" height=\"100\" src=\"https:\/\/ecoturbino.world\/wp-content\/uploads\/2024\/01\/impact3.svg\" class=\"attachment-original size-original\" alt=\"P\u00e5verkan 3 av ecoturbino\" \/>\t\t\t\t\t\t\n\t\t\t\t\t<\/div>\n\t\t\t\t\t\t<\/a>\t\t\n<style>\n#image_1583274699 {\n  width: 100%;\n}\n<\/style>\n\t<\/div>\n\t\n\t<div class=\"img has-hover x md-x lg-x y md-y lg-y\" id=\"image_1178401147\">\n\t\t<a class=\"\" href=\"\/sv\/paverkan-4\/\" >\t\t\t\t\t\t<div class=\"img-inner image-color dark\" >\n\t\t\t<img decoding=\"async\" width=\"100\" height=\"100\" src=\"https:\/\/ecoturbino.world\/wp-content\/uploads\/2024\/01\/impact4.svg\" class=\"attachment-original size-original\" alt=\"P\u00e5verkan 4 av ecoturbino\" \/>\t\t\t\t\t\t\n\t\t\t\t\t<\/div>\n\t\t\t\t\t\t<\/a>\t\t\n<style>\n#image_1178401147 {\n  width: 100%;\n}\n<\/style>\n\t<\/div>\n\t\n\t<div class=\"img has-hover x md-x lg-x y md-y lg-y\" id=\"image_1646634122\">\n\t\t\t\t\t\t\t\t<div class=\"img-inner dark\" >\n\t\t\t<img decoding=\"async\" width=\"100\" height=\"100\" src=\"https:\/\/ecoturbino.world\/wp-content\/uploads\/2024\/01\/impact5.svg\" class=\"attachment-original size-original\" alt=\"\" \/>\t\t\t\t\t\t\n\t\t\t\t\t<\/div>\n\t\t\t\t\t\t\t\t\n<style>\n#image_1646634122 {\n  width: 100%;\n}\n<\/style>\n\t<\/div>\n\t\n\t<div class=\"img has-hover x md-x lg-x y md-y lg-y\" id=\"image_640065459\">\n\t\t<a class=\"\" href=\"\/sv\/paverkan-6\/\" >\t\t\t\t\t\t<div class=\"img-inner image-color dark\" >\n\t\t\t<img decoding=\"async\" width=\"100\" height=\"100\" src=\"https:\/\/ecoturbino.world\/wp-content\/uploads\/2024\/01\/impact6.svg\" class=\"attachment-original size-original\" alt=\"P\u00e5verkan 6 av ecoturbino\" \/>\t\t\t\t\t\t\n\t\t\t\t\t<\/div>\n\t\t\t\t\t\t<\/a>\t\t\n<style>\n#image_640065459 {\n  width: 100%;\n}\n<\/style>\n\t<\/div>\n\t\n\t<div class=\"img has-hover x md-x lg-x y md-y lg-y\" id=\"image_1305733815\">\n\t\t<a class=\"\" href=\"\/sv\/paverkan-7\/\" >\t\t\t\t\t\t<div class=\"img-inner image-color dark\" >\n\t\t\t<img decoding=\"async\" width=\"100\" height=\"100\" src=\"https:\/\/ecoturbino.world\/wp-content\/uploads\/2024\/01\/impact7.svg\" class=\"attachment-original size-original\" alt=\"P\u00e5verkan 7 av ecoturbino\" \/>\t\t\t\t\t\t\n\t\t\t\t\t<\/div>\n\t\t\t\t\t\t<\/a>\t\t\n<style>\n#image_1305733815 {\n  width: 100%;\n}\n<\/style>\n\t<\/div>\n\t\n\t\t\n<style>\n#stack-609267676 > * {\n  --stack-gap: 0.5rem;\n}\n@media (min-width:550px) {\n  #stack-609267676 > * {\n    --stack-gap: 1rem;\n  }\n}\n<\/style>\n\t<\/div>\n\t\n\t\t<\/div>\n\t\t\t\t\t<\/div>\n\n\t\n<\/div>\n\t\t<\/div>\n\t\t\t\t\t<\/div>\n\n\t\n\n\t<div id=\"col-1784534851\" class=\"col medium-3 small-12 large-3\"  >\n\t\t\t\t<div class=\"col-inner\"  >\n\t\t\t\n\t\t\t\n\t<div class=\"img has-hover x md-x lg-x y md-y lg-y\" id=\"image_339351010\">\n\t\t\t\t\t\t\t\t<div class=\"img-inner dark\" >\n\t\t\t<img decoding=\"async\" width=\"100\" height=\"100\" src=\"https:\/\/ecoturbino.world\/wp-content\/uploads\/2024\/01\/impact5.svg\" class=\"attachment-original size-original\" alt=\"\" \/>\t\t\t\t\t\t\n\t\t\t\t\t<\/div>\n\t\t\t\t\t\t\t\t\n<style>\n#image_339351010 {\n  width: 100%;\n}\n<\/style>\n\t<\/div>\n\t\n\t\t<\/div>\n\t\t\t\t\t<\/div>\n\n\t\n<\/div>\n<div class=\"row\"  id=\"row-2084982051\">\n\n\t<div id=\"col-882661639\" class=\"col small-12 large-12\"  >\n\t\t\t\t<div class=\"col-inner\"  >\n\t\t\t\n\t\t\t\n<div class=\"is-divider divider clearfix\" style=\"max-width:100%;height:1px;\"><\/div>\n<h2><span style=\"font-size: 120%;\">Spara vatten, energikostnader och avloppsvatten f\u00f6r alla | Betydelsen av ecoturbino<\/span><\/h2>\n<p>H\u00e4r minskar vi ytterligare vattenf\u00f6rbrukningen vid duschning i Europa! Data kommer att f\u00f6lja!<\/p>\n<p><strong>V\u00e5r v\u00e4rld blir allt torrare<\/strong>, med <strong>Vatten- och energipriserna stiger stadigt<\/strong>och kostnaderna f\u00f6r avloppsreningsverk \u00f6kar ocks\u00e5. Mot bakgrund av dessa utmaningar \u00e4r det viktigt att anv\u00e4nda resurserna mer effektivt och agera p\u00e5 ett h\u00e5llbart s\u00e4tt.<\/p>\n<blockquote>\n<p>En av de till synes obetydliga men <strong>men \u00e4nd\u00e5 sl\u00f6saktiga vanor \u00e4r att duscha<\/strong>. Vi njuter av ett kort m\u00f6te med varmt vatten, men efter\u00e5t blir detta vatten varmt avloppsvatten som helt enkelt spolas ned i avloppet.<\/p>\n<\/blockquote>\n<p>Detta \u00e4r en <strong><a href=\"https:\/\/ecoturbino.world\/sv\/eu-reglerar-sotvatten\/\">meningsl\u00f6st sl\u00f6seri med v\u00e4rdefullt vatten<\/a> och energi<\/strong> och strider mot principerna om h\u00e5llbarhet och milj\u00f6skydd. Det \u00e4r h\u00e4r som <strong>banbrytande teknik f\u00f6r ecoturbino<\/strong> kommer in i bilden, vilket g\u00f6r det m\u00f6jligt f\u00f6r alla att<strong> spara 40 procent av vattenf\u00f6rbrukningen<\/strong> medan du duschar och omedelbart minska kostnaderna.<\/p>\n<h3>Fr\u00e5gan om <strong>vatten- och energisl\u00f6seri vid duschning<\/strong><\/h3>\n<p><strong>Duschning<\/strong> \u00e4r en av v\u00e5ra dagliga vanor d\u00e4r vi ofta inte t\u00e4nker s\u00e5 mycket p\u00e5 hur den p\u00e5verkar v\u00e5r milj\u00f6. Vi njuter av det varma vattnet som rinner \u00f6ver v\u00e5r hud och gl\u00f6mmer att det \u00e4r en \u00e4ndlig resurs.<\/p>\n<p>Problemet b\u00f6rjar n\u00e4r <strong>anv\u00e4nt duschvatten g\u00e5r ut i avloppet som varmt avloppsvatten.<\/strong> F\u00f6r att v\u00e4rma upp vattnet kr\u00e4vs energi, ofta fr\u00e5n icke f\u00f6rnybara k\u00e4llor, vilket medf\u00f6r kostnader.<\/p>\n<p>Dessutom m\u00e5ste avloppsreningsverken <strong>bearbeta detta avloppsvatten, vilket medf\u00f6r ytterligare kostnader<\/strong>. Skyh\u00f6ga kostnader f\u00f6r avloppsvatten.<\/p>\n\t<div id=\"gap-984236671\" class=\"gap-element clearfix\" style=\"display:block; height:auto;\">\n\t\t\n<style>\n#gap-984236671 {\n  padding-top: 30px;\n}\n<\/style>\n\t<\/div>\n\t\n<div class=\"row\"  id=\"row-1664053759\">\n\n\t<div id=\"col-1684952323\" class=\"col medium-4 small-12 large-4\"  >\n\t\t\t\t<div class=\"col-inner\"  >\n\t\t\t\n\t\t\t\n\t<div class=\"img has-hover radius10 x md-x lg-x y md-y lg-y\" id=\"image_955688599\">\n\t\t\t\t\t\t\t\t<div class=\"img-inner dark\" >\n\t\t\t<img decoding=\"async\" width=\"600\" height=\"600\" src=\"https:\/\/ecoturbino.world\/wp-content\/uploads\/2024\/01\/water-saving-environment-costs_600.webp\" class=\"attachment-original size-original\" alt=\"Vattenbesparande milj\u00f6skyddssymbol\" srcset=\"https:\/\/ecoturbino.world\/wp-content\/uploads\/2024\/01\/water-saving-environment-costs_600.webp 600w, https:\/\/ecoturbino.world\/wp-content\/uploads\/2024\/01\/water-saving-environment-costs_600-500x500.webp 500w, https:\/\/ecoturbino.world\/wp-content\/uploads\/2024\/01\/water-saving-environment-costs_600-32x32.webp 32w, https:\/\/ecoturbino.world\/wp-content\/uploads\/2024\/01\/water-saving-environment-costs_600-48x48.webp 48w, https:\/\/ecoturbino.world\/wp-content\/uploads\/2024\/01\/water-saving-environment-costs_600-80x80.webp 80w, https:\/\/ecoturbino.world\/wp-content\/uploads\/2024\/01\/water-saving-environment-costs_600-180x180.webp 180w\" sizes=\"(max-width: 600px) 100vw, 600px\" \/>\t\t\t\t\t\t\n\t\t\t\t\t<\/div>\n\t\t\t\t\t\t\t\t\n<style>\n#image_955688599 {\n  width: 100%;\n}\n<\/style>\n\t<\/div>\n\t\n\t\t<\/div>\n\t\t\t\t\t<\/div>\n\n\t\n\n\t<div id=\"col-293515314\" class=\"col medium-8 small-12 large-8\"  >\n\t\t\t\t<div class=\"col-inner\"  >\n\t\t\t\n\t\t\t\n<h3>L\u00f6sningen: ecoturbino<\/h3>\n<p>ecoturbino erbjuder en enkel och effektiv l\u00f6sning p\u00e5 detta problem. Tekniken har utvecklats f\u00f6r att minska<strong> vattenf\u00f6rbrukningen under duschen med h\u00e4pnadsv\u00e4ckande 40 procent<\/strong> utan att anv\u00e4ndarna beh\u00f6ver g\u00f6ra avkall p\u00e5 duschkomforten. H\u00e4r \u00e4r n\u00e5gra av de f\u00f6rdelar som ecoturbino erbjuder alla:<\/p>\n<ul>\n<li><strong>Kostnadsminskning:<\/strong> ecoturbino g\u00f6r det m\u00f6jligt f\u00f6r alla att avsev\u00e4rt minska sina vatten- och energikostnader. Genom att minska vattenf\u00f6rbrukningen beh\u00f6ver mindre vatten v\u00e4rmas upp, vilket leder till l\u00e4gre energikostnader. L\u00e4gre vattenkostnader ger ytterligare en ekonomisk f\u00f6rdel.<\/li>\n<li><strong>Milj\u00f6v\u00e4nlig:<\/strong> Genom att minska vattenf\u00f6rbrukningen och spara energi bidrar ecoturbino till milj\u00f6skyddet. Den hj\u00e4lper till att minska vattenf\u00f6rbrukningen och minska CO2-utsl\u00e4ppen, vilket bidrar till milj\u00f6skydd.<\/li>\n<li><strong>Kort \u00e5terbetalningstid:<\/strong> Anskaffningskostnaderna f\u00f6r ecoturbino \u00e4r l\u00e5ga och besparingarna i vatten- och energikostnader betalar tillbaka investeringen p\u00e5 kort tid. Det \u00e4r ett ekonomiskt f\u00f6rnuftigt beslut f\u00f6r f\u00f6retag, hotell, familjer, klubbar, sjukhus, v\u00e5rdhem och m\u00e5nga andra.<\/li>\n<li><strong>Inga kompromisser n\u00e4r det g\u00e4ller duschgl\u00e4dje:<\/strong> Trots den minskade vattenf\u00f6rbrukningen forts\u00e4tter ecoturbino att ge en behaglig och avkopplande duschupplevelse. Vattenstr\u00e5len f\u00f6rblir stark och njutbar utan att kompromissa med duschkvaliteten.<\/li>\n<\/ul>\n\t\t<\/div>\n\t\t\t\t\t<\/div>\n\n\t\n<\/div>\n\t<div id=\"gap-1444762879\" class=\"gap-element clearfix\" style=\"display:block; height:auto;\">\n\t\t\n<style>\n#gap-1444762879 {\n  padding-top: 30px;\n}\n<\/style>\n\t<\/div>\n\t\n<div class=\"row\"  id=\"row-1882675798\">\n\n\t<div id=\"col-1081539018\" class=\"col medium-6 small-12 large-6\"  >\n\t\t\t\t<div class=\"col-inner\"  >\n\t\t\t\n\t\t\t\n<h3>Ytterligare f\u00f6rdelar med ecoturbino<\/h3>\n<p>ecoturbino ger ytterligare f\u00f6rdelar ut\u00f6ver kostnadsbesparingar. Den bidrar till att bevara vattentillg\u00e5ngen och <strong>minska belastningen p\u00e5 avloppsreningsverken<\/strong>. Detta \u00e4r s\u00e4rskilt viktigt i tider d\u00e5 vattenbrist och milj\u00f6p\u00e5verkan blir allt vanligare.<\/p>\n\t\t<\/div>\n\t\t\t\t\t<\/div>\n\n\t\n\n\t<div id=\"col-1847025116\" class=\"col medium-6 small-12 large-6\"  >\n\t\t\t\t<div class=\"col-inner\" style=\"background-color:#c0d63d;\" >\n\t\t\t\n\t\t\t\n\t<div id=\"text-3083070306\" class=\"text\">\n\t\t\n<h4 class=\"uppercase\">SLUTSATS<\/h4>\n\t\t\n<style>\n#text-3083070306 {\n  font-size: 2rem;\n  text-align: right;\n  color: rgb(255, 255, 255);\n}\n#text-3083070306 > * {\n  color: rgb(255, 255, 255);\n}\n@media (min-width:550px) {\n  #text-3083070306 {\n    font-size: 3.5rem;\n  }\n}\n<\/style>\n\t<\/div>\n\t\n<h3>ecoturbino - En vinst f\u00f6r alla, <a href=\"https:\/\/www.google.com\/aclk?sa=l&amp;ai=DChcSEwizlIz2qdWDAxXtm1oFHdKnCJEYABAAGgJ2dQ&amp;ase=2&amp;gclid=Cj0KCQiAwP6sBhDAARIsAPfK_watGz1qAKakOF_2c21Sq6uC66UaUaL18vzWqCx2GV9fPAC4TGya1OQaAgj9EALw_wcB&amp;ei=1t2fZZTQN4yJ9u8PsZifyAM&amp;sig=AOD64_3tZ_HBVO8lhe659upTWIB85jM_VA&amp;q&amp;sqi=2&amp;nis=4&amp;adurl&amp;ved=2ahUKEwiUk4L2qdWDAxWMhP0HHTHMBzkQ0Qx6BAgIEAE\" target=\"_blank\" rel=\"noopener sponsored\">T\u00dcV-certifierad<\/a> ber\u00e4kning av amortering<\/h3>\n<p><strong>ecoturbino \u00e4r en innovativ l\u00f6sning f\u00f6r att spara vatten, energikostnader och avloppsvatten,<\/strong> allt utan att kompromissa med duschgl\u00e4djen. Tekniken \u00e4r l\u00e4mplig f\u00f6r f\u00f6retag, hotell, familjer, klubbar, sjukhus, v\u00e5rdhem och m\u00e5nga andra.<\/p>\n<blockquote>\n<p>Med ecoturbino kan vi alla bidra till milj\u00f6skyddet samtidigt som vi minskar v\u00e5r ekonomiska b\u00f6rda.<\/p>\n<\/blockquote>\n<p>Det \u00e4r dags att ta ansvar f\u00f6r v\u00e5ra resurser och ta ett steg mot h\u00e5llbarhet.<\/p>\n\t\t<\/div>\n\t\t\t\t\n<style>\n#col-1847025116 > .col-inner {\n  padding: 10px 20px 1px 25px;\n  border-radius: 10px;\n}\n<\/style>\n\t<\/div>\n\n\t\n<\/div>\n\t\t<\/div>\n\t\t\t\t\n<style>\n#col-882661639 > .col-inner {\n  margin: 0px 0px -125px 0px;\n}\n@media (min-width:550px) {\n  #col-882661639 > .col-inner {\n    margin: 0px 0px -200px 0px;\n  }\n}\n<\/style>\n\t<\/div>\n\n\t\n<\/div>\n\t\t<\/div>\n\n\t\t\n<style>\n#section_1786458670 {\n  padding-top: 30px;\n  padding-bottom: 30px;\n}\n<\/style>\n\t<\/section>\n\t\n\n\t<section class=\"section\" id=\"section_822201020\">\n\t\t<div class=\"section-bg fill\" >\n\t\t\t<img decoding=\"async\" width=\"1920\" height=\"683\" src=\"https:\/\/ecoturbino.world\/wp-content\/uploads\/2025\/12\/ecoturbino-function_1920-1.webp\" class=\"bg attachment- size-\" alt=\"ecoturbino funktion\" \/>\t\t\t\t\t\t<div class=\"section-bg-overlay absolute fill\"><\/div>\n\t\t\t\n\n\t\t<\/div>\n\n\t\t\t<div class=\"ux-shape-divider ux-shape-divider--top ux-shape-divider--style-waves-opacity\">\n\t\t<svg viewbox=\"0 0 1000 300\" xmlns=\"http:\/\/www.w3.org\/2000\/svg\" preserveaspectratio=\"none\">\n    <path class=\"ux-shape-fill\" d=\"M0 300L-1 69.71C216 57 299.47 198.86 403 226C506 253 577 196 660 197C740 198 790.09 234.07 874 267C935.23 291 982 282.61 1000 277.61V300H0Z\"\/>\n    <path class=\"ux-shape-fill\" opacity=\"0.5\" d=\"M1 265.094L0 50.5C217 37.79 300.47 186.36 404 213.5C507 240.5 578 196.5 661 197.5C741 198.5 787.59 239.57 871.5 272.5C932.73 296.5 980.5 284.5 998.5 279.5V298.5L1 265.094Z\"\/>\n    <path class=\"ux-shape-fill\" opacity=\"0.15\" d=\"M0.999878 244.094L-0.00012207 27C217 14.29 300.47 173.86 404 201C507 228 578 196 661 197C741 198 787.59 243.07 871.5 276C932.73 300 980.5 284.5 998.5 279.5V299L0.999878 244.094Z\"\/>\n<\/svg>\n\n\t<\/div>\n\n\n\t\t<div class=\"section-content relative\">\n\t\t\t\n\t\t<\/div>\n\n\t\t\n<style>\n#section_822201020 {\n  padding-top: 125px;\n  padding-bottom: 125px;\n}\n#section_822201020 .section-bg-overlay {\n  background-color: rgba(0, 0, 0, 0.25);\n}\n#section_822201020 .ux-shape-divider--top svg {\n  height: 80px;\n  --divider-top-width: 100%;\n}\n@media (min-width:550px) {\n  #section_822201020 {\n    padding-top: 200px;\n    padding-bottom: 200px;\n  }\n  #section_822201020 .ux-shape-divider--top svg {\n    height: 124px;\n  }\n}\n<\/style>\n\t<\/section>","protected":false},"excerpt":{"rendered":"","protected":false},"author":2,"featured_media":1680,"parent":0,"menu_order":0,"comment_status":"closed","ping_status":"closed","template":"page-blank.php","meta":{"inline_featured_image":false,"footnotes":""},"class_list":["post-1212","page","type-page","status-publish","has-post-thumbnail","hentry"],"_links":{"self":[{"href":"https:\/\/ecoturbino.world\/sv\/wp-json\/wp\/v2\/pages\/1212","targetHints":{"allow":["GET"]}}],"collection":[{"href":"https:\/\/ecoturbino.world\/sv\/wp-json\/wp\/v2\/pages"}],"about":[{"href":"https:\/\/ecoturbino.world\/sv\/wp-json\/wp\/v2\/types\/page"}],"author":[{"embeddable":true,"href":"https:\/\/ecoturbino.world\/sv\/wp-json\/wp\/v2\/users\/2"}],"replies":[{"embeddable":true,"href":"https:\/\/ecoturbino.world\/sv\/wp-json\/wp\/v2\/comments?post=1212"}],"version-history":[{"count":0,"href":"https:\/\/ecoturbino.world\/sv\/wp-json\/wp\/v2\/pages\/1212\/revisions"}],"wp:featuredmedia":[{"embeddable":true,"href":"https:\/\/ecoturbino.world\/sv\/wp-json\/wp\/v2\/media\/1680"}],"wp:attachment":[{"href":"https:\/\/ecoturbino.world\/sv\/wp-json\/wp\/v2\/media?parent=1212"}],"curies":[{"name":"wp","href":"https:\/\/api.w.org\/{rel}","templated":true}]}}