{"id":1202,"date":"2024-01-01T11:52:19","date_gmt":"2024-01-01T10:52:19","guid":{"rendered":"https:\/\/ecoturbino.eu\/?page_id=1202"},"modified":"2025-12-29T22:44:32","modified_gmt":"2025-12-29T21:44:32","slug":"paverkan-3","status":"publish","type":"page","link":"https:\/\/ecoturbino.world\/sv\/impact-3\/","title":{"rendered":"Tillr\u00e4ckligt med varmvatten f\u00f6r att alla ska kunna duscha samtidigt"},"content":{"rendered":"<section class=\"section zindex1\" id=\"section_274948791\">\n\t\t<div class=\"section-bg fill\" >\n\t\t\t\t\t\t\t\t\t\n\t\t\t\n\n\t\t<\/div>\n\n\t\t\n\n\t\t<div class=\"section-content relative\">\n\t\t\t\n<div class=\"row row-small\"  id=\"row-33685586\">\n\n\t<div id=\"col-2063190347\" class=\"col medium-9 small-12 large-9\"  >\n\t\t\t\t<div class=\"col-inner\"  >\n\t\t\t\n\t\t\t\n<h1 class=\"uppercase\">Tillr\u00e4cklig varmvattenf\u00f6rs\u00f6rjning f\u00f6r alla duschar<\/h1>\n<h3 class=\"thin-font\">den tredje effekten av ecoturbino\u00ae vattenbesparande milj\u00f6skyddssystem<\/h3>\n<div class=\"row\"  id=\"row-1599202016\">\n\n\t<div id=\"col-1565957294\" class=\"col medium-11 small-12 large-11\"  >\n\t\t\t\t<div class=\"col-inner\"  >\n\t\t\t\n\t\t\t\n\t<div id=\"stack-2502090074\" class=\"stack stack-row justify-start items-start\">\n\t\t\n\t<div class=\"img has-hover x md-x lg-x y md-y lg-y\" id=\"image_1331363657\">\n\t\t<a class=\"\" href=\"\/sv\/paverkan-1\/\" >\t\t\t\t\t\t<div class=\"img-inner image-color dark\" >\n\t\t\t<img decoding=\"async\" width=\"100\" height=\"100\" src=\"https:\/\/ecoturbino.world\/wp-content\/uploads\/2024\/01\/impact1.svg\" class=\"attachment-original size-original\" alt=\"\" \/>\t\t\t\t\t\t\n\t\t\t\t\t<\/div>\n\t\t\t\t\t\t<\/a>\t\t\n<style>\n#image_1331363657 {\n  width: 100%;\n}\n<\/style>\n\t<\/div>\n\t\n\t<div class=\"img has-hover x md-x lg-x y md-y lg-y\" id=\"image_1865480340\">\n\t\t<a class=\"\" href=\"\/sv\/paverkan-2\/\" >\t\t\t\t\t\t<div class=\"img-inner image-color dark\" >\n\t\t\t<img decoding=\"async\" width=\"100\" height=\"100\" src=\"https:\/\/ecoturbino.world\/wp-content\/uploads\/2024\/01\/impact2.svg\" class=\"attachment-original size-original\" alt=\"\" \/>\t\t\t\t\t\t\n\t\t\t\t\t<\/div>\n\t\t\t\t\t\t<\/a>\t\t\n<style>\n#image_1865480340 {\n  width: 100%;\n}\n<\/style>\n\t<\/div>\n\t\n\t<div class=\"img has-hover x md-x lg-x y md-y lg-y\" id=\"image_1684685501\">\n\t\t\t\t\t\t\t\t<div class=\"img-inner dark\" >\n\t\t\t<img decoding=\"async\" width=\"100\" height=\"100\" src=\"https:\/\/ecoturbino.world\/wp-content\/uploads\/2024\/01\/impact3.svg\" class=\"attachment-original size-original\" alt=\"P\u00e5verkan 3 av ecoturbino\" \/>\t\t\t\t\t\t\n\t\t\t\t\t<\/div>\n\t\t\t\t\t\t\t\t\n<style>\n#image_1684685501 {\n  width: 100%;\n}\n<\/style>\n\t<\/div>\n\t\n\t<div class=\"img has-hover x md-x lg-x y md-y lg-y\" id=\"image_1252380800\">\n\t\t<a class=\"\" href=\"\/sv\/paverkan-4\/\" >\t\t\t\t\t\t<div class=\"img-inner image-color dark\" >\n\t\t\t<img decoding=\"async\" width=\"100\" height=\"100\" src=\"https:\/\/ecoturbino.world\/wp-content\/uploads\/2024\/01\/impact4.svg\" class=\"attachment-original size-original\" alt=\"P\u00e5verkan 4 av ecoturbino\" \/>\t\t\t\t\t\t\n\t\t\t\t\t<\/div>\n\t\t\t\t\t\t<\/a>\t\t\n<style>\n#image_1252380800 {\n  width: 100%;\n}\n<\/style>\n\t<\/div>\n\t\n\t<div class=\"img has-hover x md-x lg-x y md-y lg-y\" id=\"image_589982140\">\n\t\t<a class=\"\" href=\"\/sv\/paverkan-5\/\" >\t\t\t\t\t\t<div class=\"img-inner image-color dark\" >\n\t\t\t<img decoding=\"async\" width=\"100\" height=\"100\" src=\"https:\/\/ecoturbino.world\/wp-content\/uploads\/2024\/01\/impact5.svg\" class=\"attachment-original size-original\" alt=\"\" \/>\t\t\t\t\t\t\n\t\t\t\t\t<\/div>\n\t\t\t\t\t\t<\/a>\t\t\n<style>\n#image_589982140 {\n  width: 100%;\n}\n<\/style>\n\t<\/div>\n\t\n\t<div class=\"img has-hover x md-x lg-x y md-y lg-y\" id=\"image_2121333354\">\n\t\t<a class=\"\" href=\"\/sv\/paverkan-6\/\" >\t\t\t\t\t\t<div class=\"img-inner image-color dark\" >\n\t\t\t<img decoding=\"async\" width=\"100\" height=\"100\" src=\"https:\/\/ecoturbino.world\/wp-content\/uploads\/2024\/01\/impact6.svg\" class=\"attachment-original size-original\" alt=\"P\u00e5verkan 6 av ecoturbino\" \/>\t\t\t\t\t\t\n\t\t\t\t\t<\/div>\n\t\t\t\t\t\t<\/a>\t\t\n<style>\n#image_2121333354 {\n  width: 100%;\n}\n<\/style>\n\t<\/div>\n\t\n\t<div class=\"img has-hover x md-x lg-x y md-y lg-y\" id=\"image_1482393382\">\n\t\t<a class=\"\" href=\"\/sv\/paverkan-7\/\" >\t\t\t\t\t\t<div class=\"img-inner image-color dark\" >\n\t\t\t<img decoding=\"async\" width=\"100\" height=\"100\" src=\"https:\/\/ecoturbino.world\/wp-content\/uploads\/2024\/01\/impact7.svg\" class=\"attachment-original size-original\" alt=\"P\u00e5verkan 7 av ecoturbino\" \/>\t\t\t\t\t\t\n\t\t\t\t\t<\/div>\n\t\t\t\t\t\t<\/a>\t\t\n<style>\n#image_1482393382 {\n  width: 100%;\n}\n<\/style>\n\t<\/div>\n\t\n\t\t\n<style>\n#stack-2502090074 > * {\n  --stack-gap: 0.5rem;\n}\n@media (min-width:550px) {\n  #stack-2502090074 > * {\n    --stack-gap: 1rem;\n  }\n}\n<\/style>\n\t<\/div>\n\t\n\t\t<\/div>\n\t\t\t\t\t<\/div>\n\n\t\n<\/div>\n\t\t<\/div>\n\t\t\t\t\t<\/div>\n\n\t\n\n\t<div id=\"col-998902163\" class=\"col medium-3 small-12 large-3\"  >\n\t\t\t\t<div class=\"col-inner\"  >\n\t\t\t\n\t\t\t\n\t<div class=\"img has-hover x md-x lg-x y md-y lg-y\" id=\"image_1709398515\">\n\t\t\t\t\t\t\t\t<div class=\"img-inner dark\" >\n\t\t\t<img decoding=\"async\" width=\"100\" height=\"100\" src=\"https:\/\/ecoturbino.world\/wp-content\/uploads\/2024\/01\/impact3.svg\" class=\"attachment-original size-original\" alt=\"P\u00e5verkan 3 av ecoturbino\" \/>\t\t\t\t\t\t\n\t\t\t\t\t<\/div>\n\t\t\t\t\t\t\t\t\n<style>\n#image_1709398515 {\n  width: 100%;\n}\n<\/style>\n\t<\/div>\n\t\n\t\t<\/div>\n\t\t\t\t\t<\/div>\n\n\t\n<\/div>\n<div class=\"row\"  id=\"row-161708069\">\n\n\t<div id=\"col-1490768147\" class=\"col small-12 large-12\"  >\n\t\t\t\t<div class=\"col-inner\"  >\n\t\t\t\n\t\t\t\n<div class=\"is-divider divider clearfix\" style=\"max-width:100%;height:1px;\"><\/div>\n<h3><span style=\"font-size: 120%;\">Sm\u00e5 pannor och varmvattenf\u00f6rs\u00f6rjning f\u00f6r alla | Problem och l\u00f6sning med ecoturbino<\/span><\/h3>\n<p>Fr\u00e5gan om <strong>varmvattenf\u00f6rs\u00f6rjning \u00e4r ofta f\u00f6rbisedd<\/strong> men \u00e4r fortfarande ett avg\u00f6rande element f\u00f6r komfort och livskvalitet i m\u00e5nga <strong>hush\u00e5llen, <a href=\"https:\/\/ecoturbino.world\/sv\/katalog-varld\/kategorier\/sportcenter-2\/\" target=\"_blank\" rel=\"noopener\">gym<\/a>, studenthem,<\/strong> och andra gemensamma faciliteter.<\/p>\n<p>Speciellt i situationer d\u00e4r <strong>sm\u00e5 pannor eller v\u00e4rmepumpar \u00e4r den enda k\u00e4llan till varmvatten,<\/strong> kan det uppst\u00e5 brist n\u00e4r alla vill duscha samtidigt. Detta problem drabbar fr\u00e4mst familjer i enfamiljshus, gym och gemensamma anl\u00e4ggningar.<\/p>\n<p>Det \u00e4r h\u00e4r som <strong>innovativ teknik fr\u00e5n ecoturbino kommer till anv\u00e4ndning<\/strong>inte bara <strong>minska vattenf\u00f6rbrukningen under duschen med imponerande 40 procent<\/strong> men ocks\u00e5 i allm\u00e4nhet s\u00e4kerst\u00e4lla en tillr\u00e4cklig tillg\u00e5ng till varmvatten f\u00f6r alla och erbjuda m\u00e5nga f\u00f6rdelar.<\/p>\n<blockquote>\n<p>Tiden f\u00f6r tillg\u00e5ng till varmvatten f\u00f6r dusch f\u00f6rl\u00e4ngs med 40%.<\/p>\n<\/blockquote>\n\t<div id=\"gap-301369437\" class=\"gap-element clearfix\" style=\"display:block; height:auto;\">\n\t\t\n<style>\n#gap-301369437 {\n  padding-top: 30px;\n}\n<\/style>\n\t<\/div>\n\t\n<div class=\"row\"  id=\"row-729745934\">\n\n\t<div id=\"col-1338224562\" class=\"col medium-4 small-12 large-4\"  >\n\t\t\t\t<div class=\"col-inner\"  >\n\t\t\t\n\t\t\t\n\t<div class=\"img has-hover radius10 x md-x lg-x y md-y lg-y\" id=\"image_1476429895\">\n\t\t\t\t\t\t\t\t<div class=\"img-inner dark\" >\n\t\t\t<img decoding=\"async\" width=\"600\" height=\"600\" src=\"https:\/\/ecoturbino.world\/wp-content\/uploads\/2024\/01\/setting-temp_600.webp\" class=\"attachment-original size-original\" alt=\"Symbol f\u00f6r inst\u00e4lld temperatur\" srcset=\"https:\/\/ecoturbino.world\/wp-content\/uploads\/2024\/01\/setting-temp_600.webp 600w, https:\/\/ecoturbino.world\/wp-content\/uploads\/2024\/01\/setting-temp_600-500x500.webp 500w, https:\/\/ecoturbino.world\/wp-content\/uploads\/2024\/01\/setting-temp_600-32x32.webp 32w, https:\/\/ecoturbino.world\/wp-content\/uploads\/2024\/01\/setting-temp_600-48x48.webp 48w, https:\/\/ecoturbino.world\/wp-content\/uploads\/2024\/01\/setting-temp_600-80x80.webp 80w, https:\/\/ecoturbino.world\/wp-content\/uploads\/2024\/01\/setting-temp_600-180x180.webp 180w\" sizes=\"(max-width: 600px) 100vw, 600px\" \/>\t\t\t\t\t\t\n\t\t\t\t\t<\/div>\n\t\t\t\t\t\t\t\t\n<style>\n#image_1476429895 {\n  width: 100%;\n}\n<\/style>\n\t<\/div>\n\t\n\t\t<\/div>\n\t\t\t\t\t<\/div>\n\n\t\n\n\t<div id=\"col-1707224835\" class=\"col medium-8 small-12 large-8\"  >\n\t\t\t\t<div class=\"col-inner\"  >\n\t\t\t\n\t\t\t\n<h3>Problemet med sm\u00e5 pannor och <a href=\"https:\/\/en.wikipedia.org\/wiki\/Heat_pump\" target=\"_blank\" rel=\"noopener sponsored\">V\u00e4rmepumpar<\/a><\/h3>\n<p>I m\u00e5nga bostadshus och kommunala anl\u00e4ggningar, <strong>varmvattenf\u00f6rs\u00f6rjningssystem \u00e4r ofta underdimensionerade<\/strong> p\u00e5 grund av begr\u00e4nsade resurser eller utrymmesbegr\u00e4nsningar.<\/p>\n<p>Sm\u00e5 pannor eller v\u00e4rmepumpar kan inneb\u00e4ra sv\u00e5righeter, <strong>s\u00e4rskilt n\u00e4r m\u00e5nga m\u00e4nniskor vill duscha samtidigt.<\/strong> Detta leder ofta till obehagliga situationer d\u00e4r varmvattnet blir knapph\u00e4ndigt eller till och med helt tar slut.<\/p>\n<p>Familjemedlemmar m\u00e5ste skynda sig n\u00e4r de duschar eller v\u00e4nta p\u00e5 mer varmvatten, <strong>gymkunderna blir frustrerade,<\/strong> och den totala komforten f\u00f6rs\u00e4mras avsev\u00e4rt.<\/p>\n\t\t<\/div>\n\t\t\t\t\t<\/div>\n\n\t\n<\/div>\n\t<div id=\"gap-1505016351\" class=\"gap-element clearfix\" style=\"display:block; height:auto;\">\n\t\t\n<style>\n#gap-1505016351 {\n  padding-top: 30px;\n}\n<\/style>\n\t<\/div>\n\t\n<div class=\"row\"  id=\"row-1371866699\">\n\n\t<div id=\"col-923227962\" class=\"col medium-6 small-12 large-6\"  >\n\t\t\t\t<div class=\"col-inner\" style=\"background-color:rgb(255,255,255);\" >\n\t\t\t\n\t\t\t\n<h3>L\u00f6sningen \"Tillr\u00e4ckligt med varmvatten f\u00f6r alla\" = ecoturbino<\/h3>\n<p>ecoturbino-tekniken erbjuder en<strong> effektiv l\u00f6sning p\u00e5 detta utbredda problem<\/strong>. Den \u00e4r utformad f\u00f6r att <strong>drastiskt minska vattenf\u00f6rbrukningen under duschen<\/strong> utan att kompromissa med duschkomforten. H\u00e4r \u00e4r n\u00e5gra av de f\u00f6rdelar som ecoturbino ger alla:<\/p>\n<ul>\n<li><strong>Minskad (HOT) - Vattenf\u00f6rbrukning:<\/strong> ecoturbino kan minska vattenf\u00f6rbrukningen med imponerande 40 procent. Det inneb\u00e4r att mindre vatten beh\u00f6ver v\u00e4rmas upp f\u00f6r att ge varmvatten till duschar, eller att den befintliga m\u00e4ngden r\u00e4cker till m\u00e5nga fler duschtillf\u00e4llen. Detta leder till betydande besparingar av energi- och vattenresurser.<\/li>\n<\/ul>\n<blockquote>\n<p>Tillr\u00e4ckligt med varmvatten f\u00f6r alla: Genom att minska vattenf\u00f6rbrukningen s\u00e4kerst\u00e4ller ecoturbino att det finns tillr\u00e4ckligt med varmvatten f\u00f6r alla, \u00e4ven n\u00e4r flera personer vill duscha samtidigt. Problemet med begr\u00e4nsad kapacitet hos sm\u00e5 pannor eller v\u00e4rmepumpar l\u00f6ses p\u00e5 ett effektivt s\u00e4tt.<\/p>\n<\/blockquote>\n<ul>\n<li><strong>Snabb \u00e5terbetalning:<\/strong> Att installera ecoturbino \u00e4r enkelt och kostnadseffektivt. Besparingarna p\u00e5 energi- och vattenkostnader g\u00f6r investeringen l\u00f6nsam p\u00e5 kort tid. F\u00f6r familjer, gym och andra anl\u00e4ggningar betalar sig ecoturbino snabbt.<\/li>\n<li><strong>Milj\u00f6v\u00e4nlig:<\/strong> Genom att minska vattenf\u00f6rbrukningen bidrar ecoturbino till att bevara vattenresurser och minska CO2-utsl\u00e4ppen. Detta \u00e4r inte bara bra f\u00f6r din pl\u00e5nbok utan ocks\u00e5 f\u00f6r milj\u00f6n.<\/li>\n<li><strong>F\u00f6rb\u00e4ttrad duschkomfort:<\/strong> Trots minskad vattenf\u00f6rbrukning, <strong>ecoturbino ger fortfarande en of\u00f6r\u00e4ndrad, behaglig och avkopplande duschupplevelse<\/strong>. Tekniken s\u00e4kerst\u00e4ller att vattenstr\u00f6mmen f\u00f6rblir stark och njutbar utan att sl\u00f6sa (tryckf\u00f6rst\u00e4rkningsprincip utan extern energi).<\/li>\n<\/ul>\n\t\t<\/div>\n\t\t\t\t\n<style>\n#col-923227962 > .col-inner {\n  padding: 5px 15px 15px 15px;\n  border-radius: 10px;\n}\n<\/style>\n\t<\/div>\n\n\t\n\n\t<div id=\"col-1535076930\" class=\"col medium-6 small-12 large-6\"  >\n\t\t\t\t<div class=\"col-inner\" style=\"background-color:#c0d63d;\" >\n\t\t\t\n\t\t\t\n\t<div id=\"text-2085083318\" class=\"text\">\n\t\t\n<h4 class=\"uppercase\">SLUTSATS<\/h4>\n\t\t\n<style>\n#text-2085083318 {\n  font-size: 2rem;\n  text-align: right;\n  color: rgb(255,255,255);\n}\n#text-2085083318 > * {\n  color: rgb(255,255,255);\n}\n@media (min-width:850px) {\n  #text-2085083318 {\n    font-size: 3.5rem;\n  }\n}\n<\/style>\n\t<\/div>\n\t\n<h3>F\u00f6rdelar f\u00f6r alla tack vare ecoturbino-systemet<\/h3>\n<p>ecoturbino-tekniken \u00e4r en <strong>win-win-l\u00f6sning f\u00f6r alla<\/strong> hantera begr\u00e4nsade varmvattenresurser. Den <strong>minskar vattenf\u00f6rbrukningen och garanterar tillr\u00e4ckligt med varmvatten f\u00f6r alla,<\/strong> och erbjuder m\u00e5nga f\u00f6rdelar n\u00e4r det g\u00e4ller kostnadsbesparingar, milj\u00f6v\u00e4nlighet och duschkomfort.<\/p>\n<blockquote>\n<p>Oavsett om det g\u00e4ller familjehem, gym eller andra gemensamma anl\u00e4ggningar s\u00e4kerst\u00e4ller ecoturbino en effektiv och tillfredsst\u00e4llande varmvattenf\u00f6rs\u00f6rjning f\u00f6r alla.<\/p>\n<\/blockquote>\n<p>B\u00f6r en <strong>befintligt avlopp vara f\u00f6r litet,<\/strong> ecoturbino kan ocks\u00e5 hj\u00e4lpa till med detta problem. Ist\u00e4llet f\u00f6r \u00f6versv\u00e4mningar \u00e4r anv\u00e4ndningen av v\u00e5ra produkter <strong>ofta tillr\u00e4ckligt f\u00f6r att f\u00f6rhindra ett \u00f6verfl\u00f6de,<\/strong> s\u00e5 att endast 60% av dr\u00e4neringskapaciteten kr\u00e4vs - br\u00e4ddning kan ofta f\u00f6rhindras.<\/p>\n\t\t<\/div>\n\t\t\t\t\n<style>\n#col-1535076930 > .col-inner {\n  padding: 10px 20px 1px 25px;\n  border-radius: 10px;\n}\n<\/style>\n\t<\/div>\n\n\t\n<\/div>\n\t\t<\/div>\n\t\t\t\t\n<style>\n#col-1490768147 > .col-inner {\n  margin: 0px 0px -125px 0px;\n}\n@media (min-width:550px) {\n  #col-1490768147 > .col-inner {\n    margin: 0px 0px -200px 0px;\n  }\n}\n<\/style>\n\t<\/div>\n\n\t\n<\/div>\n\t\t<\/div>\n\n\t\t\n<style>\n#section_274948791 {\n  padding-top: 30px;\n  padding-bottom: 30px;\n}\n<\/style>\n\t<\/section>\n\t\n\n\t<section class=\"section\" id=\"section_1873940799\">\n\t\t<div class=\"section-bg fill\" >\n\t\t\t<img decoding=\"async\" width=\"1920\" height=\"683\" src=\"https:\/\/ecoturbino.world\/wp-content\/uploads\/2025\/12\/ecoturbino-function_1920-1.webp\" class=\"bg attachment- size-\" alt=\"ecoturbino funktion\" \/>\t\t\t\t\t\t<div class=\"section-bg-overlay absolute fill\"><\/div>\n\t\t\t\n\n\t\t<\/div>\n\n\t\t\t<div class=\"ux-shape-divider ux-shape-divider--top ux-shape-divider--style-waves-opacity\">\n\t\t<svg viewbox=\"0 0 1000 300\" xmlns=\"http:\/\/www.w3.org\/2000\/svg\" preserveaspectratio=\"none\">\n    <path class=\"ux-shape-fill\" d=\"M0 300L-1 69.71C216 57 299.47 198.86 403 226C506 253 577 196 660 197C740 198 790.09 234.07 874 267C935.23 291 982 282.61 1000 277.61V300H0Z\"\/>\n    <path class=\"ux-shape-fill\" opacity=\"0.5\" d=\"M1 265.094L0 50.5C217 37.79 300.47 186.36 404 213.5C507 240.5 578 196.5 661 197.5C741 198.5 787.59 239.57 871.5 272.5C932.73 296.5 980.5 284.5 998.5 279.5V298.5L1 265.094Z\"\/>\n    <path class=\"ux-shape-fill\" opacity=\"0.15\" d=\"M0.999878 244.094L-0.00012207 27C217 14.29 300.47 173.86 404 201C507 228 578 196 661 197C741 198 787.59 243.07 871.5 276C932.73 300 980.5 284.5 998.5 279.5V299L0.999878 244.094Z\"\/>\n<\/svg>\n\n\t<\/div>\n\n\n\t\t<div class=\"section-content relative\">\n\t\t\t\n\t\t<\/div>\n\n\t\t\n<style>\n#section_1873940799 {\n  padding-top: 125px;\n  padding-bottom: 125px;\n}\n#section_1873940799 .section-bg-overlay {\n  background-color: rgba(0, 0, 0, 0.25);\n}\n#section_1873940799 .ux-shape-divider--top svg {\n  height: 80px;\n  --divider-top-width: 100%;\n}\n@media (min-width:550px) {\n  #section_1873940799 {\n    padding-top: 250px;\n    padding-bottom: 250px;\n  }\n  #section_1873940799 .ux-shape-divider--top svg {\n    height: 124px;\n  }\n}\n<\/style>\n\t<\/section>","protected":false},"excerpt":{"rendered":"","protected":false},"author":2,"featured_media":1556,"parent":0,"menu_order":0,"comment_status":"closed","ping_status":"closed","template":"page-blank.php","meta":{"inline_featured_image":false,"footnotes":""},"class_list":["post-1202","page","type-page","status-publish","has-post-thumbnail","hentry"],"_links":{"self":[{"href":"https:\/\/ecoturbino.world\/sv\/wp-json\/wp\/v2\/pages\/1202","targetHints":{"allow":["GET"]}}],"collection":[{"href":"https:\/\/ecoturbino.world\/sv\/wp-json\/wp\/v2\/pages"}],"about":[{"href":"https:\/\/ecoturbino.world\/sv\/wp-json\/wp\/v2\/types\/page"}],"author":[{"embeddable":true,"href":"https:\/\/ecoturbino.world\/sv\/wp-json\/wp\/v2\/users\/2"}],"replies":[{"embeddable":true,"href":"https:\/\/ecoturbino.world\/sv\/wp-json\/wp\/v2\/comments?post=1202"}],"version-history":[{"count":0,"href":"https:\/\/ecoturbino.world\/sv\/wp-json\/wp\/v2\/pages\/1202\/revisions"}],"wp:featuredmedia":[{"embeddable":true,"href":"https:\/\/ecoturbino.world\/sv\/wp-json\/wp\/v2\/media\/1556"}],"wp:attachment":[{"href":"https:\/\/ecoturbino.world\/sv\/wp-json\/wp\/v2\/media?parent=1202"}],"curies":[{"name":"wp","href":"https:\/\/api.w.org\/{rel}","templated":true}]}}