{"id":1195,"date":"2024-01-01T11:44:09","date_gmt":"2024-01-01T10:44:09","guid":{"rendered":"https:\/\/ecoturbino.eu\/?page_id=1195"},"modified":"2024-01-20T12:37:42","modified_gmt":"2024-01-20T11:37:42","slug":"paverkan-1","status":"publish","type":"page","link":"https:\/\/ecoturbino.world\/sv\/impact-1\/","title":{"rendered":"Waterfall &#038; Rain Sound Shower Experience | ecoturbino"},"content":{"rendered":"<section class=\"section zindex1\" id=\"section_23259455\">\n\t\t<div class=\"section-bg fill\" >\n\t\t\t\t\t\t\t\t\t\n\t\t\t\n\n\t\t<\/div>\n\n\t\t\n\n\t\t<div class=\"section-content relative\">\n\t\t\t\n<div class=\"row row-small\"  id=\"row-468984758\">\n\n\t<div id=\"col-1478106794\" class=\"col medium-9 small-12 large-9\"  >\n\t\t\t\t<div class=\"col-inner\"  >\n\t\t\t\n\t\t\t\n<h1 class=\"uppercase\">Duschupplevelse med vattenfall och regnljud | Ecoturbino<\/h1>\n<h3 class=\"thin-font\">den f\u00f6rsta effekten av ecoturbino\u00ae vattenbesparande milj\u00f6skyddssystem<\/h3>\n<div class=\"row\"  id=\"row-168045895\">\n\n\t<div id=\"col-199071980\" class=\"col medium-11 small-12 large-11\"  >\n\t\t\t\t<div class=\"col-inner\"  >\n\t\t\t\n\t\t\t\n\t<div id=\"stack-1943632372\" class=\"stack stack-row justify-start items-start sm:stack-row\">\n\t\t\n\t<div class=\"img has-hover x md-x lg-x y md-y lg-y\" id=\"image_723527151\">\n\t\t\t\t\t\t\t\t<div class=\"img-inner dark\" >\n\t\t\t<img decoding=\"async\" width=\"100\" height=\"100\" src=\"https:\/\/ecoturbino.world\/wp-content\/uploads\/2024\/01\/impact1.svg\" class=\"attachment-original size-original\" alt=\"\" \/>\t\t\t\t\t\t\n\t\t\t\t\t<\/div>\n\t\t\t\t\t\t\t\t\n<style>\n#image_723527151 {\n  width: 100%;\n}\n<\/style>\n\t<\/div>\n\t\n\t<div class=\"img has-hover x md-x lg-x y md-y lg-y\" id=\"image_9627531\">\n\t\t<a class=\"\" href=\"\/sv\/paverkan-2\/\" >\t\t\t\t\t\t<div class=\"img-inner image-color dark\" >\n\t\t\t<img decoding=\"async\" width=\"100\" height=\"100\" src=\"https:\/\/ecoturbino.world\/wp-content\/uploads\/2024\/01\/impact2.svg\" class=\"attachment-original size-original\" alt=\"\" \/>\t\t\t\t\t\t\n\t\t\t\t\t<\/div>\n\t\t\t\t\t\t<\/a>\t\t\n<style>\n#image_9627531 {\n  width: 100%;\n}\n<\/style>\n\t<\/div>\n\t\n\t<div class=\"img has-hover x md-x lg-x y md-y lg-y\" id=\"image_1390913141\">\n\t\t<a class=\"\" href=\"\/sv\/paverkan-3\/\" >\t\t\t\t\t\t<div class=\"img-inner image-color dark\" >\n\t\t\t<img decoding=\"async\" width=\"100\" height=\"100\" src=\"https:\/\/ecoturbino.world\/wp-content\/uploads\/2024\/01\/impact3.svg\" class=\"attachment-original size-original\" alt=\"P\u00e5verkan 3 av ecoturbino\" \/>\t\t\t\t\t\t\n\t\t\t\t\t<\/div>\n\t\t\t\t\t\t<\/a>\t\t\n<style>\n#image_1390913141 {\n  width: 100%;\n}\n<\/style>\n\t<\/div>\n\t\n\t<div class=\"img has-hover x md-x lg-x y md-y lg-y\" id=\"image_918528689\">\n\t\t<a class=\"\" href=\"\/sv\/paverkan-4\/\" >\t\t\t\t\t\t<div class=\"img-inner image-color dark\" >\n\t\t\t<img decoding=\"async\" width=\"100\" height=\"100\" src=\"https:\/\/ecoturbino.world\/wp-content\/uploads\/2024\/01\/impact4.svg\" class=\"attachment-original size-original\" alt=\"P\u00e5verkan 4 av ecoturbino\" \/>\t\t\t\t\t\t\n\t\t\t\t\t<\/div>\n\t\t\t\t\t\t<\/a>\t\t\n<style>\n#image_918528689 {\n  width: 100%;\n}\n<\/style>\n\t<\/div>\n\t\n\t<div class=\"img has-hover x md-x lg-x y md-y lg-y\" id=\"image_1708756297\">\n\t\t<a class=\"\" href=\"\/sv\/paverkan-5\/\" >\t\t\t\t\t\t<div class=\"img-inner image-color dark\" >\n\t\t\t<img decoding=\"async\" width=\"100\" height=\"100\" src=\"https:\/\/ecoturbino.world\/wp-content\/uploads\/2024\/01\/impact5.svg\" class=\"attachment-original size-original\" alt=\"\" \/>\t\t\t\t\t\t\n\t\t\t\t\t<\/div>\n\t\t\t\t\t\t<\/a>\t\t\n<style>\n#image_1708756297 {\n  width: 100%;\n}\n<\/style>\n\t<\/div>\n\t\n\t<div class=\"img has-hover x md-x lg-x y md-y lg-y\" id=\"image_775962410\">\n\t\t<a class=\"\" href=\"\/sv\/paverkan-6\/\" >\t\t\t\t\t\t<div class=\"img-inner image-color dark\" >\n\t\t\t<img decoding=\"async\" width=\"100\" height=\"100\" src=\"https:\/\/ecoturbino.world\/wp-content\/uploads\/2024\/01\/impact6.svg\" class=\"attachment-original size-original\" alt=\"P\u00e5verkan 6 av ecoturbino\" \/>\t\t\t\t\t\t\n\t\t\t\t\t<\/div>\n\t\t\t\t\t\t<\/a>\t\t\n<style>\n#image_775962410 {\n  width: 100%;\n}\n<\/style>\n\t<\/div>\n\t\n\t<div class=\"img has-hover x md-x lg-x y md-y lg-y\" id=\"image_1160417293\">\n\t\t<a class=\"\" href=\"\/sv\/paverkan-7\/\" >\t\t\t\t\t\t<div class=\"img-inner image-color dark\" >\n\t\t\t<img decoding=\"async\" width=\"100\" height=\"100\" src=\"https:\/\/ecoturbino.world\/wp-content\/uploads\/2024\/01\/impact7.svg\" class=\"attachment-original size-original\" alt=\"P\u00e5verkan 7 av ecoturbino\" \/>\t\t\t\t\t\t\n\t\t\t\t\t<\/div>\n\t\t\t\t\t\t<\/a>\t\t\n<style>\n#image_1160417293 {\n  width: 100%;\n}\n<\/style>\n\t<\/div>\n\t\n\t\t\n<style>\n#stack-1943632372 > * {\n  --stack-gap: 0.5rem;\n}\n@media (min-width:550px) {\n  #stack-1943632372 > * {\n    --stack-gap: 1rem;\n  }\n}\n<\/style>\n\t<\/div>\n\t\n\t\t<\/div>\n\t\t\t\t\t<\/div>\n\n\t\n<\/div>\n\t\t<\/div>\n\t\t\t\t\t<\/div>\n\n\t\n\n\t<div id=\"col-1433649080\" class=\"col medium-3 small-12 large-3\"  >\n\t\t\t\t<div class=\"col-inner\"  >\n\t\t\t\n\t\t\t\n\t<div class=\"img has-hover x md-x lg-x y md-y lg-y\" id=\"image_1377148802\">\n\t\t\t\t\t\t\t\t<div class=\"img-inner dark\" >\n\t\t\t<img decoding=\"async\" width=\"100\" height=\"100\" src=\"https:\/\/ecoturbino.world\/wp-content\/uploads\/2024\/01\/impact1.svg\" class=\"attachment-original size-original\" alt=\"\" \/>\t\t\t\t\t\t\n\t\t\t\t\t<\/div>\n\t\t\t\t\t\t\t\t\n<style>\n#image_1377148802 {\n  width: 100%;\n}\n<\/style>\n\t<\/div>\n\t\n\t\t<\/div>\n\t\t\t\t\t<\/div>\n\n\t\n<\/div>\n<div class=\"row\"  id=\"row-1842335095\">\n\n\t<div id=\"col-1573294041\" class=\"col small-12 large-12\"  >\n\t\t\t\t<div class=\"col-inner\"  >\n\t\t\t\n\t\t\t\n<div class=\"is-divider divider clearfix\" style=\"max-width:100%;height:1px;\"><\/div>\n<h2><span style=\"font-size: 120%;\">Duschupplevelse som utomhus - en h\u00f6rbar regndusch f\u00f6r \u00f6kad komfort<\/span><\/h2>\n<p>F\u00f6r m\u00e5nga m\u00e4nniskor \u00e4r den dagliga <strong>duschning<\/strong> \u00e4r mer \u00e4n bara en n\u00f6dv\u00e4ndig hygien\u00e5tg\u00e4rd. Det \u00e4r en <strong>en stund av avkoppling, v\u00e4lbefinnande och uppfriskning.<\/strong><\/p>\n<p>I dagens hektiska v\u00e4rld, d\u00e4r stress och deadlines \u00e4r allest\u00e4des n\u00e4rvarande, \u00e4r <strong>duschen kan vara en oas av lugn<\/strong> och f\u00f6ryngring.<\/p>\n<p>Och n\u00e4r du kan f\u00f6rb\u00e4ttra<strong> duschupplevelse genom k\u00e4nsla<\/strong> som om du st\u00e5r under en <strong>uppfriskande regndusch utomhus eller bredvid ett vattenfall,<\/strong> blir det \u00f6gonblicket n\u00e5got alldeles speciellt. Tack vare ecoturbino \u00e4r detta nu m\u00f6jligt.<\/p>\n<h3>L\u00e4ngtan efter naturen i badrummet<\/h3>\n<p>Den <strong>l\u00e4ngtan efter natur och friluftsliv<\/strong> \u00e4r djupt rotad inom oss. Genom hela historien, <strong>m\u00e4nniskan har s\u00f6kt kontakt med naturen<\/strong> och integrerat det i v\u00e5ra dagliga liv, antingen genom att g\u00f6ra v\u00e5ra bost\u00e4der gr\u00f6nare eller genom att anv\u00e4nda naturmaterial.<\/p>\n<p>D\u00e4rf\u00f6r \u00e4r det bara naturligt att vi ocks\u00e5 vill uppleva naturen i v\u00e5ra badrum. Tanken p\u00e5 att st\u00e5 under en uppfriskande regndusch, komplett med <strong>vattenljud utomhus<\/strong>, medan varm <strong>vatten rinner f\u00f6rsiktigt \u00f6ver v\u00e5ra kroppar<\/strong>\u00e4r mycket tilltalande f\u00f6r m\u00e5nga av oss. Tack vare ecoturbino \u00e4r detta nu m\u00f6jligt.<\/p>\n\t<div id=\"gap-161837691\" class=\"gap-element clearfix\" style=\"display:block; height:auto;\">\n\t\t\n<style>\n#gap-161837691 {\n  padding-top: 30px;\n}\n<\/style>\n\t<\/div>\n\t\n<div class=\"row\"  id=\"row-543715605\">\n\n\t<div id=\"col-1556158611\" class=\"col medium-4 small-12 large-4\"  >\n\t\t\t\t<div class=\"col-inner\"  >\n\t\t\t\n\t\t\t\n\t<div class=\"img has-hover radius10 x md-x lg-x y md-y lg-y\" id=\"image_1546109705\">\n\t\t\t\t\t\t\t\t<div class=\"img-inner dark\" >\n\t\t\t<img decoding=\"async\" width=\"600\" height=\"600\" src=\"https:\/\/ecoturbino.world\/wp-content\/uploads\/2024\/01\/waterfall_600.webp\" class=\"attachment-original size-original\" alt=\"Symbol f\u00f6r vattenfall\" srcset=\"https:\/\/ecoturbino.world\/wp-content\/uploads\/2024\/01\/waterfall_600.webp 600w, https:\/\/ecoturbino.world\/wp-content\/uploads\/2024\/01\/waterfall_600-500x500.webp 500w, https:\/\/ecoturbino.world\/wp-content\/uploads\/2024\/01\/waterfall_600-32x32.webp 32w, https:\/\/ecoturbino.world\/wp-content\/uploads\/2024\/01\/waterfall_600-48x48.webp 48w, https:\/\/ecoturbino.world\/wp-content\/uploads\/2024\/01\/waterfall_600-80x80.webp 80w, https:\/\/ecoturbino.world\/wp-content\/uploads\/2024\/01\/waterfall_600-180x180.webp 180w\" sizes=\"(max-width: 600px) 100vw, 600px\" \/>\t\t\t\t\t\t\n\t\t\t\t\t<\/div>\n\t\t\t\t\t\t\t\t\n<style>\n#image_1546109705 {\n  width: 100%;\n}\n<\/style>\n\t<\/div>\n\t\n\t\t<\/div>\n\t\t\t\t\t<\/div>\n\n\t\n\n\t<div id=\"col-887849358\" class=\"col medium-8 small-12 large-8\"  >\n\t\t\t\t<div class=\"col-inner\"  >\n\t\t\t\n\t\t\t\n<h3>Ljudet av vatten och regn - en avkopplande h\u00f6rselupplevelse<\/h3>\n<p>Men <strong>Ljudduschupplevelse med regn och vatten<\/strong> i duschen \u00e4r mer \u00e4n bara k\u00e4nslan av varmt regn p\u00e5 huden. Det inkluderar ocks\u00e5 det lugnande ljudet av regn som f\u00f6rsiktigt tr\u00e4ffar kroppen och sedan faller i kaskader. Detta mjuka smattrande p\u00e5minner oss om en uppfriskande <strong>regndusch utomhus<\/strong> och hj\u00e4lper till att skaka av sig vardagens stress.<\/p>\n<blockquote>\n<p>De trycksatta luftbubblorna som integreras i vattenstr\u00f6mmen av ecoturbino varvar ner n\u00e4r de l\u00e4mnar duschmunstyckena. Detta skapar en fr\u00e4sch ljudk\u00e4nsla som b\u00e4st kan j\u00e4mf\u00f6ras med en regndusch utomhus. En fantastisk upplevelse.<\/p>\n<\/blockquote>\n<p>Den <strong>ljudet av <a href=\"https:\/\/en.wikipedia.org\/wiki\/Waterfall\" target=\"_blank\" rel=\"noopener sponsored\">vattenfall<\/a><\/strong> kan ha en lugnande effekt och lindra stress. Det skapar en <strong>avslappnad atmosf\u00e4r som g\u00f6r det l\u00e4ttare att sl\u00e4ppa taget<\/strong> och fokusera p\u00e5 duschupplevelsen. Det mjuka vattenbruset kan lugna sinnet och f\u00e5 kroppen att slappna av, vilket \u00e4r s\u00e4rskilt sk\u00f6nt efter en l\u00e5ng dag.<\/p>\n\t\t<\/div>\n\t\t\t\t\t<\/div>\n\n\t\n<\/div>\n\t<div id=\"gap-585562353\" class=\"gap-element clearfix\" style=\"display:block; height:auto;\">\n\t\t\n<style>\n#gap-585562353 {\n  padding-top: 30px;\n}\n<\/style>\n\t<\/div>\n\t\n<div class=\"row\"  id=\"row-833859736\">\n\n\t<div id=\"col-79914127\" class=\"col medium-6 small-12 large-6\"  >\n\t\t\t\t<div class=\"col-inner\"  >\n\t\t\t\n\t\t\t\n<h3>Vetenskapen bakom duschupplevelsen<\/h3>\n<blockquote>\n<p>Den avslappnande effekten av vattenljud \u00e4r vetenskapligt underbyggd. Studier har visat att det kan minska stressniv\u00e5n att lyssna p\u00e5 vattenljud.<\/p>\n<\/blockquote>\n<p>Den <strong>ljudet av regn, v\u00e5gor eller str\u00f6mmande vatten<\/strong> aktiverar vissa delar av hj\u00e4rnan som f\u00f6rknippas med avslappning och v\u00e4lbefinnande.<\/p>\n<p>Detta f\u00f6rklarar varf\u00f6r m\u00e5nga m\u00e4nniskor <strong>anser att duscha \u00e4r ett s\u00e4tt att lindra stress och koppla av<\/strong>. Tack vare ecoturbino \u00e4r detta nu m\u00f6jligt.<\/p>\n\t\t<\/div>\n\t\t\t\t\t<\/div>\n\n\t\n\n\t<div id=\"col-590031744\" class=\"col medium-6 small-12 large-6\"  >\n\t\t\t\t<div class=\"col-inner\" style=\"background-color:#c0d63d;\" >\n\t\t\t\n\t\t\t\n\t<div id=\"text-1008590579\" class=\"text\">\n\t\t\n<h4 class=\"uppercase\">SLUTSATS<\/h4>\n\t\t\n<style>\n#text-1008590579 {\n  font-size: 2rem;\n  text-align: right;\n  color: rgb(255, 255, 255);\n}\n#text-1008590579 > * {\n  color: rgb(255, 255, 255);\n}\n@media (min-width:850px) {\n  #text-1008590579 {\n    font-size: 3.5rem;\n  }\n}\n<\/style>\n\t<\/div>\n\t\n<h3>Njut av duschupplevelsen som om du vore utomhus<\/h3>\n<p>Att uppleva duschen som om den vore en <strong>h\u00f6rbar regndusch<\/strong> \u00e4r mer \u00e4n bara en enkel dusch. Det \u00e4r ett s\u00e4tt att integrera naturen i v\u00e5rt dagliga liv, minska stress och koppla av.<\/p>\n<p>Med en regndusch och en <strong>l\u00e4mpliga atmosf\u00e4riska element i <a href=\"https:\/\/ecoturbino.world\/sv\/katalog-varld\/kategorier\/hotell\/\">Hotell<\/a> eller badrum i hemmet<\/strong>N\u00e4r du \u00e4r klar kan vem som helst uppleva denna speciella stund av avkoppling.<\/p>\n<p>S\u00e5 unna dig en paus under ditt eget lilla regnmoln d\u00e5 och d\u00e5 och njut av k\u00e4nslan som om du stod under en varm regndusch utomhus. Din kropp och ditt sinne kommer att tacka dig.<\/p>\n\t\t<\/div>\n\t\t\t\t\n<style>\n#col-590031744 > .col-inner {\n  padding: 10px 20px 1px 25px;\n  border-radius: 10px;\n}\n<\/style>\n\t<\/div>\n\n\t\n<\/div>\n<div class=\"video video-fit mb\" style=\"padding-top:56.25%;\"><p><iframe title=\"Vattenfall som rinner \u00f6ver stenar i skog 4k. Avslappnande str\u00f6mmande vatten, vitt brus f\u00f6r s\u00f6mn, meditation\" width=\"1020\" height=\"574\" src=\"https:\/\/www.youtube.com\/embed\/sa2JCQ1Dils?feature=oembed\" frameborder=\"0\" allow=\"accelerometer; autoplay; clipboard-write; encrypted-media; gyroscope; picture-in-picture; web-share\" referrerpolicy=\"strict-origin-when-cross-origin\" allowfullscreen><\/iframe><\/p>\n<\/div>\n\t\t<\/div>\n\t\t\t\t\t<\/div>\n\n\t\n<\/div>\n\t\t<\/div>\n\n\t\t\n<style>\n#section_23259455 {\n  padding-top: 30px;\n  padding-bottom: 30px;\n}\n<\/style>\n\t<\/section>","protected":false},"excerpt":{"rendered":"","protected":false},"author":2,"featured_media":1494,"parent":0,"menu_order":0,"comment_status":"closed","ping_status":"closed","template":"page-blank.php","meta":{"inline_featured_image":false,"footnotes":""},"class_list":["post-1195","page","type-page","status-publish","has-post-thumbnail","hentry"],"_links":{"self":[{"href":"https:\/\/ecoturbino.world\/sv\/wp-json\/wp\/v2\/pages\/1195","targetHints":{"allow":["GET"]}}],"collection":[{"href":"https:\/\/ecoturbino.world\/sv\/wp-json\/wp\/v2\/pages"}],"about":[{"href":"https:\/\/ecoturbino.world\/sv\/wp-json\/wp\/v2\/types\/page"}],"author":[{"embeddable":true,"href":"https:\/\/ecoturbino.world\/sv\/wp-json\/wp\/v2\/users\/2"}],"replies":[{"embeddable":true,"href":"https:\/\/ecoturbino.world\/sv\/wp-json\/wp\/v2\/comments?post=1195"}],"version-history":[{"count":0,"href":"https:\/\/ecoturbino.world\/sv\/wp-json\/wp\/v2\/pages\/1195\/revisions"}],"wp:featuredmedia":[{"embeddable":true,"href":"https:\/\/ecoturbino.world\/sv\/wp-json\/wp\/v2\/media\/1494"}],"wp:attachment":[{"href":"https:\/\/ecoturbino.world\/sv\/wp-json\/wp\/v2\/media?parent=1195"}],"curies":[{"name":"wp","href":"https:\/\/api.w.org\/{rel}","templated":true}]}}