{"id":3924,"date":"2024-09-07T10:07:30","date_gmt":"2024-09-07T08:07:30","guid":{"rendered":"https:\/\/ecoturbino.world\/?page_id=3924"},"modified":"2024-09-09T18:45:32","modified_gmt":"2024-09-09T16:45:32","slug":"hotelske-predstavitve","status":"publish","type":"page","link":"https:\/\/ecoturbino.world\/sl\/hotel-presentations\/","title":{"rendered":"Predstavitve ecoturbino za hotele | Tehnologija in sistem pdf"},"content":{"rendered":"<div class=\"banner has-hover\" id=\"banner-1397440105\">\n          <div class=\"banner-inner fill\">\n        <div class=\"banner-bg fill\" >\n            <img decoding=\"async\" width=\"2000\" height=\"230\" src=\"https:\/\/ecoturbino.world\/wp-content\/uploads\/2024\/01\/wasser-faq-2000-sw.webp\" class=\"bg attachment-original size-original\" alt=\"Vodni zbiralnik\" \/>                                    \n                    <\/div>\n\t\t\n        <div class=\"banner-layers container\">\n            <div class=\"fill banner-link\"><\/div>            \n   <div id=\"text-box-422924412\" class=\"text-box banner-layer x50 md-x50 lg-x50 y50 md-y50 lg-y50 res-text\">\n                                <div class=\"text-box-content text dark\">\n              \n              <div class=\"text-inner text-center\">\n                  \n\t<div id=\"text-707647512\" class=\"text\">\n\t\t\n<h1>ecoturbino ZA HOTELE | PREDSTAVITVE<\/h1>\n\t\t\n<style>\n#text-707647512 {\n  font-size: 0.75rem;\n}\n@media (min-width:550px) {\n  #text-707647512 {\n    font-size: 1rem;\n  }\n}\n<\/style>\n\t<\/div>\n\t\n              <\/div>\n           <\/div>\n                            \n<style>\n#text-box-422924412 {\n  width: 80%;\n}\n#text-box-422924412 .text-box-content {\n  font-size: 100%;\n}\n@media (min-width:550px) {\n  #text-box-422924412 {\n    width: 67%;\n  }\n}\n@media (min-width:850px) {\n  #text-box-422924412 {\n    width: 57%;\n  }\n}\n<\/style>\n    <\/div>\n \n        <\/div>\n      <\/div>\n\n            \n<style>\n#banner-1397440105 {\n  padding-top: 110px;\n}\n#banner-1397440105 .banner-bg img {\n  object-position: 78% 0%;\n}\n@media (min-width:550px) {\n  #banner-1397440105 {\n    padding-top: 170px;\n  }\n}\n@media (min-width:850px) {\n  #banner-1397440105 {\n    padding-top: 190px;\n  }\n}\n<\/style>\n  <\/div>\n\n\n<div class=\"row\"  id=\"row-1149155790\">\n\n\t<div id=\"col-1870856962\" class=\"col small-12 large-12\"  >\n\t\t\t\t<div class=\"col-inner text-left\"  >\n\t\t\t\n\t\t\t\n<h2>ecoturbino za hotele | Predstavitve sistema var\u010devanja z vodo v pdf formatu v razli\u010dnih jezikih | Kako deluje v podrobnostih!<\/h2>\n<div class=\"row\"  id=\"row-1003894199\">\n\n\t<div id=\"col-716799294\" class=\"col hide-for-small medium-8 small-12 large-8\"  >\n\t\t\t\t<div class=\"col-inner\"  >\n\t\t\t\n\t\t\t\n\t<div id=\"text-977517732\" class=\"text hide-for-small\">\n\t\t\n<p>Spletna stran <strong><a href=\"https:\/\/en.ecoturbino.shop\/water-savings-calculator\/\" target=\"_blank\" rel=\"noopener\">ecoturbino<\/a> je idealna re\u0161itev za <a href=\"https:\/\/ecoturbino.world\/sl\/imenik-svet\/kategorije\/hotel\/\">hoteli<\/a><\/strong> saj bistveno zmanj\u0161a stro\u0161ke vode in energije, ne da bi pri tem ogrozil udobje gostov.<\/p>\n<p>Njegova inovativna tehnologija optimizira pretok vode v tu\u0161ih in pipah, <strong>zmanj\u0161anje porabe vode do 50%<\/strong> pri tem pa ohranite poln vodni tlak. Ta prihranek neposredno zmanj\u0161uje stro\u0161ke energije, saj je treba ogrevati manj vode.<\/p>\n<blockquote><p>Ta predstavitev vam bo pomagala spoznati ecoturbino, razumeti, kako deluje in zakaj \u017ee ve\u010d let ne potrebuje vzdr\u017eevanja. Ena majhna nalo\u017eba - \u017eivljenjski dobi\u010dek.<\/p><\/blockquote>\n<p>Za hotele, ki uporabljajo<strong> na stotine tu\u0161ev in pip dnevno,<\/strong> se ti prihranki kopi\u010dijo v znatnih stro\u0161kovnih prednostih.<\/p>\n<p>Hkrati ekoturbino pomaga varovati okolje, kar je klju\u010dni dejavnik za hotele, ki se zavedajo trajnosti in si prizadevajo izbolj\u0161ati svoje ekolo\u0161ko ravnovesje. Poleg tega je <strong>ecoturbino je enostavno naknadno opremiti<\/strong> in ne povzro\u010da dodatnih stro\u0161kov vzdr\u017eevanja.<\/p>\n<p>Hoteli lahko \u0161e naprej uporabljajo svoje <strong>obstoje\u010de instalacije, ne da bi bile potrebne obse\u017ene prenove.<\/strong> Ker gostje ne opazijo razlik v udobju vode, ostaja zadovoljstvo visoko, w<strong>medtem ko ima hotel ekolo\u0161ke in gospodarske koristi.<\/strong> V dana\u0161njem svetu, kjer trajnost postaja vse pomembnej\u0161a, ecoturbino ponuja pametno in stro\u0161kovno u\u010dinkovito re\u0161itev za gostinsko industrijo.<br \/>\n\t\t\n<style>\n#text-977517732 {\n  text-align: left;\n}\n<\/style>\n\t<\/div>\n\t\n\t\t<\/div>\n\t\t\t\t\t<\/div>\n\n\t\n\n\t<div id=\"col-260172114\" class=\"col hide-for-small medium-4 small-12 large-4\"  >\n\t\t\t\t<div class=\"col-inner\"  >\n\t\t\t\n\t\t\t\n<div class=\"is-divider divider clearfix\" ><\/div>\n<div class=\"row\"  id=\"row-1228136674\">\n\n\t<div id=\"col-826380196\" class=\"col medium-6 small-12 large-6\"  >\n\t\t\t\t<div class=\"col-inner text-center\"  >\n\t\t\t\n\t\t\t\n\t<div class=\"img has-hover x md-x lg-x y md-y lg-y\" id=\"image_112570823\">\n\t\t\t\t\t\t\t\t<div class=\"img-inner dark\" >\n\t\t\t<img decoding=\"async\" width=\"500\" height=\"102\" src=\"https:\/\/ecoturbino.world\/wp-content\/uploads\/2024\/07\/logo-ecoturbino_500.png\" class=\"attachment-large size-large\" alt=\"logotip ecoturbino\" srcset=\"https:\/\/ecoturbino.world\/wp-content\/uploads\/2024\/07\/logo-ecoturbino_500.png 500w, https:\/\/ecoturbino.world\/wp-content\/uploads\/2024\/07\/logo-ecoturbino_500-240x49.png 240w\" sizes=\"(max-width: 500px) 100vw, 500px\" \/>\t\t\t\t\t\t\n\t\t\t\t\t<\/div>\n\t\t\t\t\t\t\t\t\n<style>\n#image_112570823 {\n  width: 100%;\n}\n<\/style>\n\t<\/div>\n\t\n\t<div class=\"img has-hover x md-x lg-x y md-y lg-y\" id=\"image_9638093\">\n\t\t<a class=\"\" href=\"https:\/\/ecoturbino.net\/\" target=\"_blank\" rel=\"noopener\">\t\t\t\t\t\t<div class=\"img-inner dark\" >\n\t\t\t<img decoding=\"async\" width=\"1020\" height=\"1020\" src=\"https:\/\/ecoturbino.world\/wp-content\/uploads\/2024\/06\/b2b-icon.svg\" class=\"attachment-large size-large\" alt=\"Ikona B2B\" \/>\t\t\t\t\t\t\n\t\t\t\t\t<\/div>\n\t\t\t\t\t\t<\/a>\t\t\n<style>\n#image_9638093 {\n  width: 100%;\n}\n<\/style>\n\t<\/div>\n\t\n\t\t<\/div>\n\t\t\t\t\t<\/div>\n\n\t\n\n\t<div id=\"col-1101949200\" class=\"col medium-6 small-12 large-6\"  >\n\t\t\t\t<div class=\"col-inner text-center\"  >\n\t\t\t\n\t\t\t\n\t<div class=\"img has-hover x md-x lg-x y md-y lg-y\" id=\"image_1361993715\">\n\t\t\t\t\t\t\t\t<div class=\"img-inner dark\" >\n\t\t\t<img decoding=\"async\" width=\"1020\" height=\"1020\" src=\"https:\/\/ecoturbino.world\/wp-content\/uploads\/2024\/03\/impact1-7.svg\" class=\"attachment-large size-large\" alt=\"prhe vpliv 1 do 7 ecoturbino\" \/>\t\t\t\t\t\t\n\t\t\t\t\t<\/div>\n\t\t\t\t\t\t\t\t\n<style>\n#image_1361993715 {\n  width: 77%;\n}\n<\/style>\n\t<\/div>\n\t\n\t\t<\/div>\n\t\t\t\t\t<\/div>\n\n\t\n<\/div>\n\t<div class=\"img has-hover x md-x lg-x y md-y lg-y\" id=\"image_399276133\">\n\t\t\t\t\t\t\t\t<div class=\"img-inner dark\" >\n\t\t\t<img decoding=\"async\" width=\"1020\" height=\"638\" src=\"https:\/\/ecoturbino.world\/wp-content\/uploads\/2024\/06\/Showerhead-hand-shower.webp\" class=\"attachment-large size-large\" alt=\"Tu\u0161 glava | funkcija var\u010devanja z vodo v primerjavi z adapterjem za tu\u0161iranje ecoturbino\" srcset=\"https:\/\/ecoturbino.world\/wp-content\/uploads\/2024\/06\/Showerhead-hand-shower.webp 1200w, https:\/\/ecoturbino.world\/wp-content\/uploads\/2024\/06\/Showerhead-hand-shower-1000x625.webp 1000w, https:\/\/ecoturbino.world\/wp-content\/uploads\/2024\/06\/Showerhead-hand-shower-768x480.webp 768w, https:\/\/ecoturbino.world\/wp-content\/uploads\/2024\/06\/Showerhead-hand-shower-240x150.webp 240w\" sizes=\"(max-width: 1020px) 100vw, 1020px\" \/>\t\t\t\t\t\t\n\t\t\t\t\t<\/div>\n\t\t\t\t\t\t\t\t\n<style>\n#image_399276133 {\n  width: 100%;\n}\n<\/style>\n\t<\/div>\n\t\n\t\t<\/div>\n\t\t\t\t\t<\/div>\n\n\t\n<\/div>\n<a href=\"https:\/\/ecoturbino.net\/\" target=\"_blank\" class=\"button primary expand\" rel=\"noopener\" style=\"border-radius:6px;\">\n\t\t<span>Ve\u010d vpra\u0161anj ? - Tu poi\u0161\u010dite kontakt za svojo dr\u017eavo<\/span>\n\t<\/a>\n\n<div class=\"container section-title-container\" ><h3 class=\"section-title section-title-center\"><b aria-hidden=\"true\"><\/b><span class=\"section-title-main\" ><i class=\"icon-checkmark\" aria-hidden=\"true\"><\/i>Razpolo\u017eljive predstavitve ecoturbino System Explanation<\/span><b aria-hidden=\"true\"><\/b><\/h3><\/div>\n\n\t<section class=\"section\" id=\"section_534696940\">\n\t\t<div class=\"section-bg fill\" >\n\t\t\t\t\t\t\t\t\t\n\t\t\t\n\n\t\t<\/div>\n\n\t\t\n\n\t\t<div class=\"section-content relative\">\n\t\t\t\n<div class=\"row\"  id=\"row-1075698082\">\n\n\t<div id=\"col-634529229\" class=\"col medium-3 small-6 large-3\"  >\n\t\t\t\t<div class=\"col-inner\"  >\n\t\t\t\n\t\t\t\n\t<div class=\"box has-hover   has-hover box-vertical box-text-bottom\" >\n\n\t\t<div class=\"box-image\" >\n\t\t\t\t\t\t<div class=\"image-cover\" style=\"padding-top:120px;\">\n\t\t\t\t<img decoding=\"async\" width=\"400\" height=\"300\" src=\"https:\/\/ecoturbino.world\/wp-content\/uploads\/2024\/09\/presentations.webp\" class=\"attachment- size-\" alt=\"predstavitve za hotele | ugodnosti ecoturbino\" srcset=\"https:\/\/ecoturbino.world\/wp-content\/uploads\/2024\/09\/presentations.webp 400w, https:\/\/ecoturbino.world\/wp-content\/uploads\/2024\/09\/presentations-240x180.webp 240w\" sizes=\"(max-width: 400px) 100vw, 400px\" \/>\t\t\t\t\t\t\t\t\t\t\t<\/div>\n\t\t\t\t\t<\/div>\n\n\t\t<div class=\"box-text text-center\" style=\"background-color:rgba(228, 236, 210, 0.93);\">\n\t\t\t<div class=\"box-text-inner\">\n\t\t\t\t\n<h4>ENGLISH<\/h4>\n\t<div class=\"img has-hover x md-x lg-x y md-y lg-y\" id=\"image_245227217\">\n\t\t\t\t\t\t\t\t<div class=\"img-inner dark\" >\n\t\t\t<img decoding=\"async\" width=\"640\" height=\"384\" src=\"https:\/\/ecoturbino.world\/wp-content\/uploads\/2024\/09\/uk-flag-1.webp\" class=\"attachment-large size-large\" alt=\"\" srcset=\"https:\/\/ecoturbino.world\/wp-content\/uploads\/2024\/09\/uk-flag-1.webp 640w, https:\/\/ecoturbino.world\/wp-content\/uploads\/2024\/09\/uk-flag-1-240x144.webp 240w\" sizes=\"(max-width: 640px) 100vw, 640px\" \/>\t\t\t\t\t\t\n\t\t\t\t\t<\/div>\n\t\t\t\t\t\t\t\t\n<style>\n#image_245227217 {\n  width: 100%;\n}\n<\/style>\n\t<\/div>\n\t\n\t\t\t<\/div>\n\t\t<\/div>\n\t<\/div>\n\t\n\t<div id=\"gap-129047939\" class=\"gap-element clearfix\" style=\"display:block; height:auto;\">\n\t\t\n<style>\n#gap-129047939 {\n  padding-top: 15px;\n}\n<\/style>\n\t<\/div>\n\t\n<a href=\"https:\/\/ecoturbino.world\/wp-content\/uploads\/2024\/09\/Prasentation-Hotel-EN_13.8.pdf\" target=\"_blank\" class=\"button secondary lowercase expand\" rel=\"noopener\" style=\"border-radius:5px;\">\n\t\t<span>Predstavitev PDF<\/span>\n\t<\/a>\n\n\t\t<\/div>\n\t\t\t\t\n<style>\n#col-634529229 > .col-inner {\n  margin: 0px 0px 0px 0px;\n}\n<\/style>\n\t<\/div>\n\n\t\n\n\t<div id=\"col-1038957626\" class=\"col medium-3 small-6 large-3\"  >\n\t\t\t\t<div class=\"col-inner\"  >\n\t\t\t\n\t\t\t\n\t<div class=\"box has-hover   has-hover box-vertical box-text-bottom\" >\n\n\t\t<div class=\"box-image\" >\n\t\t\t\t\t\t<div class=\"image-cover\" style=\"padding-top:120px;\">\n\t\t\t\t<img decoding=\"async\" width=\"400\" height=\"300\" src=\"https:\/\/ecoturbino.world\/wp-content\/uploads\/2024\/09\/presentations.webp\" class=\"attachment- size-\" alt=\"predstavitve za hotele | ugodnosti ecoturbino\" srcset=\"https:\/\/ecoturbino.world\/wp-content\/uploads\/2024\/09\/presentations.webp 400w, https:\/\/ecoturbino.world\/wp-content\/uploads\/2024\/09\/presentations-240x180.webp 240w\" sizes=\"(max-width: 400px) 100vw, 400px\" \/>\t\t\t\t\t\t\t\t\t\t\t<\/div>\n\t\t\t\t\t<\/div>\n\n\t\t<div class=\"box-text text-center\" style=\"background-color:rgba(228, 236, 210, 0.93);\">\n\t\t\t<div class=\"box-text-inner\">\n\t\t\t\t\n<h4>\u0160PAN\u0160\u010cINA<\/h4>\n\t<div class=\"img has-hover x md-x lg-x y md-y lg-y\" id=\"image_1855281243\">\n\t\t\t\t\t\t\t\t<div class=\"img-inner dark\" >\n\t\t\t<img decoding=\"async\" width=\"1020\" height=\"680\" src=\"https:\/\/ecoturbino.world\/wp-content\/uploads\/2024\/09\/flag-spain.webp\" class=\"attachment-large size-large\" alt=\"\" srcset=\"https:\/\/ecoturbino.world\/wp-content\/uploads\/2024\/09\/flag-spain.webp 1200w, https:\/\/ecoturbino.world\/wp-content\/uploads\/2024\/09\/flag-spain-1000x667.webp 1000w, https:\/\/ecoturbino.world\/wp-content\/uploads\/2024\/09\/flag-spain-768x512.webp 768w, https:\/\/ecoturbino.world\/wp-content\/uploads\/2024\/09\/flag-spain-240x160.webp 240w\" sizes=\"(max-width: 1020px) 100vw, 1020px\" \/>\t\t\t\t\t\t\n\t\t\t\t\t<\/div>\n\t\t\t\t\t\t\t\t\n<style>\n#image_1855281243 {\n  width: 100%;\n}\n<\/style>\n\t<\/div>\n\t\n\t\t\t<\/div>\n\t\t<\/div>\n\t<\/div>\n\t\n\t<div id=\"gap-791267320\" class=\"gap-element clearfix\" style=\"display:block; height:auto;\">\n\t\t\n<style>\n#gap-791267320 {\n  padding-top: 15px;\n}\n<\/style>\n\t<\/div>\n\t\n<a href=\"https:\/\/ecoturbino.world\/wp-content\/uploads\/2024\/09\/Prasentation-Hotel-ES_13.8.pdf\" target=\"_blank\" class=\"button secondary lowercase expand\" rel=\"noopener\" style=\"border-radius:5px;\">\n\t\t<span>Predstavitev PDF<\/span>\n\t<\/a>\n\n\t\t<\/div>\n\t\t\t\t\n<style>\n#col-1038957626 > .col-inner {\n  margin: 0px 0px 0px 0px;\n}\n<\/style>\n\t<\/div>\n\n\t\n\n\t<div id=\"col-385254224\" class=\"col medium-3 small-6 large-3\"  >\n\t\t\t\t<div class=\"col-inner\"  >\n\t\t\t\n\t\t\t\n\t<div class=\"box has-hover   has-hover box-vertical box-text-bottom\" >\n\n\t\t<div class=\"box-image\" >\n\t\t\t\t\t\t<div class=\"image-cover\" style=\"padding-top:120px;\">\n\t\t\t\t<img decoding=\"async\" width=\"400\" height=\"300\" src=\"https:\/\/ecoturbino.world\/wp-content\/uploads\/2024\/09\/presentations.webp\" class=\"attachment- size-\" alt=\"predstavitve za hotele | ugodnosti ecoturbino\" srcset=\"https:\/\/ecoturbino.world\/wp-content\/uploads\/2024\/09\/presentations.webp 400w, https:\/\/ecoturbino.world\/wp-content\/uploads\/2024\/09\/presentations-240x180.webp 240w\" sizes=\"(max-width: 400px) 100vw, 400px\" \/>\t\t\t\t\t\t\t\t\t\t\t<\/div>\n\t\t\t\t\t<\/div>\n\n\t\t<div class=\"box-text text-center\" style=\"background-color:rgba(228, 236, 210, 0.93);\">\n\t\t\t<div class=\"box-text-inner\">\n\t\t\t\t\n<h4>DUTCH<\/h4>\n\t<div class=\"img has-hover x md-x lg-x y md-y lg-y\" id=\"image_1180732939\">\n\t\t\t\t\t\t\t\t<div class=\"img-inner dark\" >\n\t\t\t<img decoding=\"async\" width=\"1020\" height=\"680\" src=\"https:\/\/ecoturbino.world\/wp-content\/uploads\/2024\/09\/flag-netherlands-1500x1000.png\" class=\"attachment-large size-large\" alt=\"\" srcset=\"https:\/\/ecoturbino.world\/wp-content\/uploads\/2024\/09\/flag-netherlands-1500x1000.png 1500w, https:\/\/ecoturbino.world\/wp-content\/uploads\/2024\/09\/flag-netherlands-1000x667.png 1000w, https:\/\/ecoturbino.world\/wp-content\/uploads\/2024\/09\/flag-netherlands-768x512.png 768w, https:\/\/ecoturbino.world\/wp-content\/uploads\/2024\/09\/flag-netherlands-1536x1024.png 1536w, https:\/\/ecoturbino.world\/wp-content\/uploads\/2024\/09\/flag-netherlands-240x160.png 240w, https:\/\/ecoturbino.world\/wp-content\/uploads\/2024\/09\/flag-netherlands.png 1920w\" sizes=\"(max-width: 1020px) 100vw, 1020px\" \/>\t\t\t\t\t\t\n\t\t\t\t\t<\/div>\n\t\t\t\t\t\t\t\t\n<style>\n#image_1180732939 {\n  width: 100%;\n}\n<\/style>\n\t<\/div>\n\t\n\t\t\t<\/div>\n\t\t<\/div>\n\t<\/div>\n\t\n\t<div id=\"gap-1239897182\" class=\"gap-element clearfix\" style=\"display:block; height:auto;\">\n\t\t\n<style>\n#gap-1239897182 {\n  padding-top: 15px;\n}\n<\/style>\n\t<\/div>\n\t\n<a href=\"https:\/\/ecoturbino.world\/wp-content\/uploads\/2024\/09\/Prasentation-Hotel-NL_13-8.pdf\" target=\"_blank\" class=\"button secondary lowercase expand\" rel=\"noopener\" style=\"border-radius:5px;\">\n\t\t<span>Predstavitev PDF<\/span>\n\t<\/a>\n\n\t\t<\/div>\n\t\t\t\t\n<style>\n#col-385254224 > .col-inner {\n  margin: 0px 0px 0px 0px;\n}\n<\/style>\n\t<\/div>\n\n\t\n\n\t<div id=\"col-660607570\" class=\"col medium-3 small-6 large-3\"  >\n\t\t\t\t<div class=\"col-inner\"  >\n\t\t\t\n\t\t\t\n\t<div class=\"box has-hover   has-hover box-vertical box-text-bottom\" >\n\n\t\t<div class=\"box-image\" >\n\t\t\t\t\t\t<div class=\"image-cover\" style=\"padding-top:120px;\">\n\t\t\t\t<img decoding=\"async\" width=\"400\" height=\"300\" src=\"https:\/\/ecoturbino.world\/wp-content\/uploads\/2024\/09\/presentations.webp\" class=\"attachment- size-\" alt=\"predstavitve za hotele | ugodnosti ecoturbino\" srcset=\"https:\/\/ecoturbino.world\/wp-content\/uploads\/2024\/09\/presentations.webp 400w, https:\/\/ecoturbino.world\/wp-content\/uploads\/2024\/09\/presentations-240x180.webp 240w\" sizes=\"(max-width: 400px) 100vw, 400px\" \/>\t\t\t\t\t\t\t\t\t\t\t<\/div>\n\t\t\t\t\t<\/div>\n\n\t\t<div class=\"box-text text-center\" style=\"background-color:rgba(228, 236, 210, 0.93);\">\n\t\t\t<div class=\"box-text-inner\">\n\t\t\t\t\n<h4>MAD\u017dARSKA<\/h4>\n\t<div class=\"img has-hover x md-x lg-x y md-y lg-y\" id=\"image_251702630\">\n\t\t\t\t\t\t\t\t<div class=\"img-inner dark\" >\n\t\t\t<img decoding=\"async\" width=\"1020\" height=\"680\" src=\"https:\/\/ecoturbino.world\/wp-content\/uploads\/2024\/09\/flag-hungary-1500x1000.png\" class=\"attachment-large size-large\" alt=\"\" srcset=\"https:\/\/ecoturbino.world\/wp-content\/uploads\/2024\/09\/flag-hungary-1500x1000.png 1500w, https:\/\/ecoturbino.world\/wp-content\/uploads\/2024\/09\/flag-hungary-1000x667.png 1000w, https:\/\/ecoturbino.world\/wp-content\/uploads\/2024\/09\/flag-hungary-768x512.png 768w, https:\/\/ecoturbino.world\/wp-content\/uploads\/2024\/09\/flag-hungary-1536x1024.png 1536w, https:\/\/ecoturbino.world\/wp-content\/uploads\/2024\/09\/flag-hungary-240x160.png 240w, https:\/\/ecoturbino.world\/wp-content\/uploads\/2024\/09\/flag-hungary.png 1920w\" sizes=\"(max-width: 1020px) 100vw, 1020px\" \/>\t\t\t\t\t\t\n\t\t\t\t\t<\/div>\n\t\t\t\t\t\t\t\t\n<style>\n#image_251702630 {\n  width: 100%;\n}\n<\/style>\n\t<\/div>\n\t\n\t\t\t<\/div>\n\t\t<\/div>\n\t<\/div>\n\t\n\t<div id=\"gap-1338554462\" class=\"gap-element clearfix\" style=\"display:block; height:auto;\">\n\t\t\n<style>\n#gap-1338554462 {\n  padding-top: 15px;\n}\n<\/style>\n\t<\/div>\n\t\n<a href=\"https:\/\/ecoturbino.world\/wp-content\/uploads\/2024\/09\/Prasentation-Hotel-HU_13.8.pdf\" target=\"_blank\" class=\"button secondary lowercase expand\" rel=\"noopener\" style=\"border-radius:5px;\">\n\t\t<span>Predstavitev PDFPDF<\/span>\n\t<\/a>\n\n\t\t<\/div>\n\t\t\t\t\n<style>\n#col-660607570 > .col-inner {\n  margin: 0px 0px 0px 0px;\n}\n<\/style>\n\t<\/div>\n\n\t\n\n\t<div id=\"col-213793108\" class=\"col medium-3 small-6 large-3\"  >\n\t\t\t\t<div class=\"col-inner\"  >\n\t\t\t\n\t\t\t\n\t<div class=\"box has-hover   has-hover box-vertical box-text-bottom\" >\n\n\t\t<div class=\"box-image\" >\n\t\t\t\t\t\t<div class=\"image-cover\" style=\"padding-top:120px;\">\n\t\t\t\t<img decoding=\"async\" width=\"400\" height=\"300\" src=\"https:\/\/ecoturbino.world\/wp-content\/uploads\/2024\/09\/presentations.webp\" class=\"attachment- size-\" alt=\"predstavitve za hotele | ugodnosti ecoturbino\" srcset=\"https:\/\/ecoturbino.world\/wp-content\/uploads\/2024\/09\/presentations.webp 400w, https:\/\/ecoturbino.world\/wp-content\/uploads\/2024\/09\/presentations-240x180.webp 240w\" sizes=\"(max-width: 400px) 100vw, 400px\" \/>\t\t\t\t\t\t\t\t\t\t\t<\/div>\n\t\t\t\t\t<\/div>\n\n\t\t<div class=\"box-text text-center\" style=\"background-color:rgba(228, 236, 210, 0.93);\">\n\t\t\t<div class=\"box-text-inner\">\n\t\t\t\t\n<h4>NEM\u0160\u010cINA<\/h4>\n\t<div class=\"img has-hover x md-x lg-x y md-y lg-y\" id=\"image_299652020\">\n\t\t\t\t\t\t\t\t<div class=\"img-inner dark\" >\n\t\t\t<img decoding=\"async\" width=\"1020\" height=\"612\" src=\"https:\/\/ecoturbino.world\/wp-content\/uploads\/2024\/09\/flag-germany.png\" class=\"attachment-large size-large\" alt=\"\" srcset=\"https:\/\/ecoturbino.world\/wp-content\/uploads\/2024\/09\/flag-germany.png 1200w, https:\/\/ecoturbino.world\/wp-content\/uploads\/2024\/09\/flag-germany-1000x600.png 1000w, https:\/\/ecoturbino.world\/wp-content\/uploads\/2024\/09\/flag-germany-768x461.png 768w, https:\/\/ecoturbino.world\/wp-content\/uploads\/2024\/09\/flag-germany-240x144.png 240w\" sizes=\"(max-width: 1020px) 100vw, 1020px\" \/>\t\t\t\t\t\t\n\t\t\t\t\t<\/div>\n\t\t\t\t\t\t\t\t\n<style>\n#image_299652020 {\n  width: 100%;\n}\n<\/style>\n\t<\/div>\n\t\n\t\t\t<\/div>\n\t\t<\/div>\n\t<\/div>\n\t\n\t<div id=\"gap-1751665904\" class=\"gap-element clearfix\" style=\"display:block; height:auto;\">\n\t\t\n<style>\n#gap-1751665904 {\n  padding-top: 15px;\n}\n<\/style>\n\t<\/div>\n\t\n<a href=\"https:\/\/ecoturbino.world\/wp-content\/uploads\/2024\/09\/Prasentation-Hotel-DE_13.8.pdf\" target=\"_blank\" class=\"button secondary lowercase expand\" rel=\"noopener\" style=\"border-radius:5px;\">\n\t\t<span>Predstavitev PDF<\/span>\n\t<\/a>\n\n\t\t<\/div>\n\t\t\t\t\n<style>\n#col-213793108 > .col-inner {\n  margin: 0px 0px 0px 0px;\n}\n<\/style>\n\t<\/div>\n\n\t\n<\/div>\n\t\t<\/div>\n\n\t\t\n<style>\n#section_534696940 {\n  padding-top: 30px;\n  padding-bottom: 30px;\n}\n<\/style>\n\t<\/section>\n\t\n\t\t<\/div>\n\t\t\t\t\t<\/div>\n\n\t\n<\/div>","protected":false},"excerpt":{"rendered":"","protected":false},"author":2,"featured_media":3977,"parent":0,"menu_order":0,"comment_status":"closed","ping_status":"closed","template":"page-blank.php","meta":{"inline_featured_image":false,"footnotes":""},"class_list":["post-3924","page","type-page","status-publish","has-post-thumbnail","hentry"],"_links":{"self":[{"href":"https:\/\/ecoturbino.world\/sl\/wp-json\/wp\/v2\/pages\/3924","targetHints":{"allow":["GET"]}}],"collection":[{"href":"https:\/\/ecoturbino.world\/sl\/wp-json\/wp\/v2\/pages"}],"about":[{"href":"https:\/\/ecoturbino.world\/sl\/wp-json\/wp\/v2\/types\/page"}],"author":[{"embeddable":true,"href":"https:\/\/ecoturbino.world\/sl\/wp-json\/wp\/v2\/users\/2"}],"replies":[{"embeddable":true,"href":"https:\/\/ecoturbino.world\/sl\/wp-json\/wp\/v2\/comments?post=3924"}],"version-history":[{"count":0,"href":"https:\/\/ecoturbino.world\/sl\/wp-json\/wp\/v2\/pages\/3924\/revisions"}],"wp:featuredmedia":[{"embeddable":true,"href":"https:\/\/ecoturbino.world\/sl\/wp-json\/wp\/v2\/media\/3977"}],"wp:attachment":[{"href":"https:\/\/ecoturbino.world\/sl\/wp-json\/wp\/v2\/media?parent=3924"}],"curies":[{"name":"wp","href":"https:\/\/api.w.org\/{rel}","templated":true}]}}