{"id":2870,"date":"2024-01-18T01:59:26","date_gmt":"2024-01-18T00:59:26","guid":{"rendered":"https:\/\/ecoturbino.eu\/?page_id=2870"},"modified":"2024-01-18T02:07:39","modified_gmt":"2024-01-18T01:07:39","slug":"gtc","status":"publish","type":"page","link":"https:\/\/ecoturbino.world\/sl\/gtc\/","title":{"rendered":"Terms and Conditions"},"content":{"rendered":"<div class=\"banner has-hover\" id=\"banner-1035970916\">\n          <div class=\"banner-inner fill\">\n        <div class=\"banner-bg fill\" >\n            <img decoding=\"async\" width=\"2000\" height=\"230\" src=\"https:\/\/ecoturbino.world\/wp-content\/uploads\/2024\/01\/wasser-faq-2000-sw.webp\" class=\"bg attachment-original size-original\" alt=\"Vodni zbiralnik\" \/>                                    \n                    <\/div>\n\t\t\n        <div class=\"banner-layers container\">\n            <div class=\"fill banner-link\"><\/div>            \n   <div id=\"text-box-860490565\" class=\"text-box banner-layer x50 md-x50 lg-x50 y50 md-y50 lg-y50 res-text\">\n                                <div class=\"text-box-content text dark\">\n              \n              <div class=\"text-inner text-center\">\n                  \n<h1>GTC<\/h1>\n              <\/div>\n           <\/div>\n                            \n<style>\n#text-box-860490565 {\n  width: 100%;\n}\n#text-box-860490565 .text-box-content {\n  font-size: 100%;\n}\n@media (min-width:550px) {\n  #text-box-860490565 {\n    width: 71%;\n  }\n}\n@media (min-width:850px) {\n  #text-box-860490565 {\n    width: 50%;\n  }\n}\n<\/style>\n    <\/div>\n \n        <\/div>\n      <\/div>\n\n            \n<style>\n#banner-1035970916 {\n  padding-top: 110px;\n}\n@media (min-width:550px) {\n  #banner-1035970916 {\n    padding-top: 170px;\n  }\n}\n@media (min-width:850px) {\n  #banner-1035970916 {\n    padding-top: 190px;\n  }\n}\n<\/style>\n  <\/div>\n\n\n<div class=\"row\"  id=\"row-726052519\">\n\n\t<div id=\"col-1468827946\" class=\"col small-12 large-12\"  >\n\t\t\t\t<div class=\"col-inner\"  >\n\t\t\t\n\t\t\t\n<h2>Splo\u0161ni pogoji za ecoturbino\u00ae World<\/h2>\n<ol>\n<li><strong>Odgovornost<\/strong><br \/>Ne prevzemamo odgovornosti za napake ali tehni\u010dne te\u017eave, ki se lahko pojavijo na internetu. Velja avstrijska zakonodaja.<\/li>\n<li><strong>Odgovornost za vsebino<\/strong><br \/>Informacije na tem spletnem mestu so namenjene izklju\u010dno splo\u0161nim informacijam in niso zavezujo\u010de.<\/li>\n<li><strong>Izjava o omejitvi odgovornosti za vsebino povezanih spletnih mest<\/strong><br \/>To spletno mesto vsebuje razli\u010dne povezave do drugih strani proizvajalcev itd. na internetu. Izrecno poudarjamo, da nimamo vpliva na vsebino in obliko strani, na katere se nana\u0161ajo povezave. Zato ne moremo jam\u010diti za pravo\u010dasnost, to\u010dnost ali popolnost tam navedenih informacij. Izrecno se distanciramo od vseh vsebin teh strani. Ta izjava velja za vse povezave do zunanjih strani, ki jih vsebuje na\u0161e spletno mesto, in za vse vsebine teh strani, na katere vodijo povezave.<\/li>\n<li><strong>Slikovne pravice<\/strong><br \/>Vse slikovne pravice ilustracij v trgovini so v lasti podjetij Ressourcen Saving GmbH in Webdeals Shops GmbH. Uporaba brez na\u0161ega izrecnega soglasja ni dovoljena.<\/li>\n<li><strong>Politika zasebnosti in zaupnosti<\/strong><br \/>Oglejte si na\u0161e <a href=\"\/sl\/zasebnost-kokpita\/zasebnost\/\">Sporazum o zasebnosti GDPR<\/a>.<\/li>\n<li><strong>Klavzula o lo\u010dljivosti \/ Razno<\/strong><br \/>Neveljavnost posameznih dolo\u010db teh splo\u0161nih pogojev ali kupoprodajne pogodbe ne vpliva na veljavnost preostalih dolo\u010db. Namesto neveljavne dolo\u010dbe se uporablja zakonska dolo\u010dba.<\/li>\n<\/ol>\n\t\t<\/div>\n\t\t\t\t\t<\/div>\n\n\t\n<\/div>\n\t<div id=\"gap-1941896650\" class=\"gap-element clearfix\" style=\"display:block; height:auto;\">\n\t\t\n<style>\n#gap-1941896650 {\n  padding-top: 30px;\n}\n<\/style>\n\t<\/div>","protected":false},"excerpt":{"rendered":"","protected":false},"author":1,"featured_media":0,"parent":0,"menu_order":0,"comment_status":"closed","ping_status":"closed","template":"page-blank.php","meta":{"inline_featured_image":false,"footnotes":""},"class_list":["post-2870","page","type-page","status-publish","hentry"],"_links":{"self":[{"href":"https:\/\/ecoturbino.world\/sl\/wp-json\/wp\/v2\/pages\/2870","targetHints":{"allow":["GET"]}}],"collection":[{"href":"https:\/\/ecoturbino.world\/sl\/wp-json\/wp\/v2\/pages"}],"about":[{"href":"https:\/\/ecoturbino.world\/sl\/wp-json\/wp\/v2\/types\/page"}],"author":[{"embeddable":true,"href":"https:\/\/ecoturbino.world\/sl\/wp-json\/wp\/v2\/users\/1"}],"replies":[{"embeddable":true,"href":"https:\/\/ecoturbino.world\/sl\/wp-json\/wp\/v2\/comments?post=2870"}],"version-history":[{"count":0,"href":"https:\/\/ecoturbino.world\/sl\/wp-json\/wp\/v2\/pages\/2870\/revisions"}],"wp:attachment":[{"href":"https:\/\/ecoturbino.world\/sl\/wp-json\/wp\/v2\/media?parent=2870"}],"curies":[{"name":"wp","href":"https:\/\/api.w.org\/{rel}","templated":true}]}}