{"id":1664,"date":"2024-01-03T21:12:41","date_gmt":"2024-01-03T20:12:41","guid":{"rendered":"https:\/\/ecoturbino.eu\/?page_id=1664"},"modified":"2025-12-29T22:43:21","modified_gmt":"2025-12-29T21:43:21","slug":"higiena-in-preprecevanje-nastanka-vodnega-kamna","status":"publish","type":"page","link":"https:\/\/ecoturbino.world\/sl\/hygiene-and-limescale-prevention\/","title":{"rendered":"Higiena in vodni kamen v tu\u0161ih | Prepre\u010devanje z ecoturbino je vedno bolj\u0161e"},"content":{"rendered":"<section class=\"section zindex1\" id=\"section_1386107668\">\n\t\t<div class=\"section-bg fill\" >\n\t\t\t\t\t\t\t\t\t\n\t\t\t\n\n\t\t<\/div>\n\n\t\t\n\n\t\t<div class=\"section-content relative\">\n\t\t\t\n<div class=\"row\"  id=\"row-782420558\">\n\n\t<div id=\"col-893405723\" class=\"col small-12 large-12\"  >\n\t\t\t\t<div class=\"col-inner\"  >\n\t\t\t\n\t\t\t\n\t<div id=\"text-3060511832\" class=\"text\">\n\t\t\n<h1 class=\"uppercase\">Higiena in prepre\u010devanje nastanka vodnega kamna UB Prhanje z ecoturbino je vedno bolj\u0161e!<\/h1>\n<h3 class=\"thin-font\">Doma, v hotelih, \u0161portnih objektih, bolni\u0161nicah itd.<\/h3>\n\t\t\n<style>\n#text-3060511832 {\n  text-align: center;\n}\n<\/style>\n\t<\/div>\n\t\n<div class=\"text-center\"><div class=\"is-divider divider clearfix\" style=\"max-width:50%;height:1px;\"><\/div><\/div>\n\t<div id=\"gap-1990304536\" class=\"gap-element clearfix\" style=\"display:block; height:auto;\">\n\t\t\n<style>\n#gap-1990304536 {\n  padding-top: 30px;\n}\n<\/style>\n\t<\/div>\n\t\n<div class=\"row\"  id=\"row-1745565190\">\n\n\t<div id=\"col-137242937\" class=\"col medium-8 small-12 large-8\"  >\n\t\t\t\t<div class=\"col-inner\"  >\n\t\t\t\n\t\t\t\n<p><strong>Uporaba kemikalij je u\u010dinkovita<\/strong> v ve\u010dini primerov, vendar je dolgotrajen,<strong> draga in \u0161kodljiva za okolje.<\/strong> Poleg tega se te\u017eava poslab\u0161a, ko se kopi\u010denje kalcija pove\u010da.<\/p>\n<p>\u010ce \u017eelite imeti vodovodni sistem popolnoma brez legionele, morate zagotoviti, da v njem ni kalcija (vklju\u010dno z biofilmom) in bakterij.<\/p>\n<p>Ne glede na to, ali obdelujete hladno, vro\u010do ali procesno vodo, je pomembno, da imate metodo za nadzor kalcijevih usedlin.<\/p>\n<h3>Higiena - Kako lahko druga\u010de zmanj\u0161ate te\u017eave v tu\u0161ih?<\/h3>\n<p>Spletna stran <strong>patentiran adapter za tu\u0161iranje ecoturbiono<\/strong> uporablja edinstveno tehnologijo za <strong>odvajanje vode iz pr\u0161nih glav.<\/strong> in zagotovo lahko pomaga <strong>poskrbite, da bodo glave za prhanje \u010diste.<\/strong>. Namesti se v obstoje\u010do prho in zagotavlja <strong>odvodnjavanje stoje\u010de vode<\/strong> iz glave za prhanje in ve\u010dinoma iz <strong>cev<\/strong>.<\/p>\n<p>Poleg tega zagotavlja <strong>popolno in neprekinjeno prepre\u010devanje.<\/strong> in tudi <strong>znatno zmanj\u0161anje<\/strong>. Tehnologija ecoturbiono ne zahteva vzdr\u017eevanja in kemikalij. To pomeni, da gre za trajnostno in okolju prijazno re\u0161itev.<\/p>\n<p>Z uporabo te tehnologije, <strong>bakterij se v cevi znatno zmanj\u0161a.<\/strong> in glavo za prhanje. Poleg tega je va\u0161a pr\u0161na glava prikraj\u0161ana za vir hranil, to je kalcij.<\/p>\n\t\t<\/div>\n\t\t\t\t\t<\/div>\n\n\t\n\n\t<div id=\"col-1094770559\" class=\"col medium-4 small-12 large-4\"  >\n\t\t\t\t<div class=\"col-inner\"  >\n\t\t\t\n\t\t\t\n\t<div class=\"img has-hover radius10 x md-x lg-x y md-y lg-y\" id=\"image_748181598\">\n\t\t\t\t\t\t\t\t<div class=\"img-inner dark\" >\n\t\t\t<img decoding=\"async\" width=\"600\" height=\"600\" src=\"https:\/\/ecoturbino.world\/wp-content\/uploads\/2024\/01\/legionellas-symbol_600.webp\" class=\"attachment-original size-original\" alt=\"Simbol Legionellas\" srcset=\"https:\/\/ecoturbino.world\/wp-content\/uploads\/2024\/01\/legionellas-symbol_600.webp 600w, https:\/\/ecoturbino.world\/wp-content\/uploads\/2024\/01\/legionellas-symbol_600-500x500.webp 500w, https:\/\/ecoturbino.world\/wp-content\/uploads\/2024\/01\/legionellas-symbol_600-32x32.webp 32w, https:\/\/ecoturbino.world\/wp-content\/uploads\/2024\/01\/legionellas-symbol_600-48x48.webp 48w, https:\/\/ecoturbino.world\/wp-content\/uploads\/2024\/01\/legionellas-symbol_600-80x80.webp 80w, https:\/\/ecoturbino.world\/wp-content\/uploads\/2024\/01\/legionellas-symbol_600-180x180.webp 180w\" sizes=\"(max-width: 600px) 100vw, 600px\" \/>\t\t\t\t\t\t\n\t\t\t\t\t<\/div>\n\t\t\t\t\t\t\t\t\n<style>\n#image_748181598 {\n  width: 100%;\n}\n<\/style>\n\t<\/div>\n\t\n\t\t<\/div>\n\t\t\t\t\t<\/div>\n\n\t\n<\/div>\n<div class=\"row\"  id=\"row-1093511211\">\n\n\t<div id=\"col-1326409171\" class=\"col small-12 large-12\"  >\n\t\t\t\t<div class=\"col-inner\"  >\n\t\t\t\n\t\t\t\n\t<div class=\"img has-hover radius10 hide-for-small x md-x lg-x y md-y lg-y\" id=\"image_481122494\">\n\t\t\t\t\t\t\t\t<div class=\"img-inner dark\" >\n\t\t\t<img decoding=\"async\" width=\"1280\" height=\"300\" src=\"https:\/\/ecoturbino.world\/wp-content\/uploads\/2024\/01\/under-shower-legs_1280.webp\" class=\"attachment-original size-original\" alt=\"\" srcset=\"https:\/\/ecoturbino.world\/wp-content\/uploads\/2024\/01\/under-shower-legs_1280.webp 1280w, https:\/\/ecoturbino.world\/wp-content\/uploads\/2024\/01\/under-shower-legs_1280-1000x234.webp 1000w, https:\/\/ecoturbino.world\/wp-content\/uploads\/2024\/01\/under-shower-legs_1280-768x180.webp 768w, https:\/\/ecoturbino.world\/wp-content\/uploads\/2024\/01\/under-shower-legs_1280-240x56.webp 240w\" sizes=\"(max-width: 1280px) 100vw, 1280px\" \/>\t\t\t\t\t\t\n\t\t\t\t\t<\/div>\n\t\t\t\t\t\t\t\t\n<style>\n#image_481122494 {\n  width: 100%;\n}\n<\/style>\n\t<\/div>\n\t\n<h1>Ali se lahko oku\u017eite z legionarsko boleznijo pri prhanju?<\/h1>\n<p>Da, mogo\u010de je skleniti pogodbo<strong> Legionarska bolezen zaradi prhanja<\/strong>. Pri vsakodnevnem prhanju v lastnem domu je to malo verjetno.<\/p>\n<p>Vendar pa je verjetnost oku\u017ebe med prhanjem v <strong>telovadnica, hotel, bolni\u0161nica ali pisarna je vi\u0161ja.<\/strong> - kjer koli z velikim vodovodnim sistemom. Voda se lahko redkeje menja, \u010de ti kraji niso v stalni uporabi.<\/p>\n\t<div id=\"gap-1929714682\" class=\"gap-element clearfix\" style=\"display:block; height:auto;\">\n\t\t\n<style>\n#gap-1929714682 {\n  padding-top: 30px;\n}\n<\/style>\n\t<\/div>\n\t\n<div class=\"row\"  id=\"row-215846118\">\n\n\t<div id=\"col-1651926030\" class=\"col medium-8 small-12 large-8\"  >\n\t\t\t\t<div class=\"col-inner\"  >\n\t\t\t\n\t\t\t\n<h2>Simptomi legionarske bolezni<\/h2>\n<p>Oku\u017eba s temi <strong>bakterije lahko povzro\u010dijo simptome, kot sta slabost in bruhanje.<\/strong> Pogost simptom je tudi vro\u010dina. Drugi simptomi so <strong>bole\u010dine v mi\u0161icah in v skrajnih primerih odpoved ledvic.<\/strong> je lahko posledica oku\u017ebe z bakterijo Legionella.<\/p>\n<p>Znaki, da je<strong> prizadeta so plju\u010da<\/strong> lahko vklju\u010dujejo suh ka\u0161elj, bole\u010dine v prsih in piskanje med dihanjem. V takih primerih je pomembno, da takoj poi\u0161\u010dete zdravni\u0161ko pomo\u010d, saj lahko ti znaki ka\u017eejo na plju\u010dnico.<\/p>\n<p>Da bi to prepre\u010dili, <strong>pove\u010dana skrb za higieno.<\/strong> v krajih, kot je <a href=\"https:\/\/en.wikipedia.org\/wiki\/Hospital#:~:text=A%20hospital%20is%20a%20healthcare,healthcare%20staff%20and%20medical%20equipment.\" target=\"_blank\" rel=\"noopener sponsored\"><strong>bolni\u0161nice<\/strong><\/a>. Cilj odloka o pitni vodi je pomagati pri prepre\u010devanju legionele in s predpisi, priporo\u010dili in razli\u010dnimi zakoni urejati prisotnost legionele.<\/p>\n<p>Spletna stran<strong> razmno\u017eevanje bakterij Legionella<\/strong> sledi podobnemu vzorcu kot razmno\u017eevanje bakterij, ki se prena\u0161ajo z vlago ali vodo na splo\u0161no: uspevajo v sladki vodi. V slani ali morski vodi ne obstajajo. Najdemo jih lahko v povr\u0161inskih vodah in tudi v zemlji.<\/p>\n<p>Od tu lahko vstopijo v podtalnico. Menijo, da se v podtalnici sicer ne morejo ve\u010d razmno\u017eevati, lahko pa r<strong>\u017eivijo tudi do ve\u010d let.<\/strong><\/p>\n<p><strong>Legionella lahko v vodovodni sistem vstopi s podtalnico.<\/strong> Na ta na\u010din jih je mogo\u010de <strong>vdihavajo med dejavnostmi, kot je prhanje, in kon\u010dajo v plju\u010dih.<\/strong> Ker lahko legionele pri osebah z oslabljenim imunskim sistemom povzro\u010dijo bolezni, kot je legionarska bolezen, veljajo v dolo\u010denih okoli\u0161\u010dinah za nevarne bakterije.<\/p>\n\t\t<\/div>\n\t\t\t\t\n<style>\n#col-1651926030 > .col-inner {\n  margin: 0px 0px -15px 0px;\n}\n<\/style>\n\t<\/div>\n\n\t\n\n\t<div id=\"col-330414041\" class=\"col medium-4 small-12 large-4\"  >\n\t\t\t\t<div class=\"col-inner\"  >\n\t\t\t\n\t\t\t\n\t<div class=\"img has-hover radius10 x md-x lg-x y md-y lg-y\" id=\"image_1135529941\">\n\t\t\t\t\t\t\t\t<div class=\"img-inner dark\" >\n\t\t\t<img decoding=\"async\" width=\"600\" height=\"600\" src=\"https:\/\/ecoturbino.world\/wp-content\/uploads\/2024\/01\/symptome-illness_600.webp\" class=\"attachment-original size-original\" alt=\"Simptomi simbol bolezni\" srcset=\"https:\/\/ecoturbino.world\/wp-content\/uploads\/2024\/01\/symptome-illness_600.webp 600w, https:\/\/ecoturbino.world\/wp-content\/uploads\/2024\/01\/symptome-illness_600-500x500.webp 500w, https:\/\/ecoturbino.world\/wp-content\/uploads\/2024\/01\/symptome-illness_600-32x32.webp 32w, https:\/\/ecoturbino.world\/wp-content\/uploads\/2024\/01\/symptome-illness_600-48x48.webp 48w, https:\/\/ecoturbino.world\/wp-content\/uploads\/2024\/01\/symptome-illness_600-80x80.webp 80w, https:\/\/ecoturbino.world\/wp-content\/uploads\/2024\/01\/symptome-illness_600-180x180.webp 180w\" sizes=\"(max-width: 600px) 100vw, 600px\" \/>\t\t\t\t\t\t\n\t\t\t\t\t<\/div>\n\t\t\t\t\t\t\t\t\n<style>\n#image_1135529941 {\n  width: 100%;\n}\n<\/style>\n\t<\/div>\n\t\n\t\t<\/div>\n\t\t\t\t\t<\/div>\n\n\t\n<\/div>\n\t\t<\/div>\n\t\t\t\t\t<\/div>\n\n\t\n<\/div>\n<div class=\"row\"  id=\"row-1412192680\">\n\n\t<div id=\"col-43147192\" class=\"col medium-8 small-12 large-8\"  >\n\t\t\t\t<div class=\"col-inner\"  >\n\t\t\t\n\t\t\t\n<h3>Kako se lahko med prhanjem oku\u017eite z legionarsko boleznijo?<\/h3>\n<p>Pod ustreznimi pogoji Legionella <strong>bakterije lahko rastejo v vsakem vodovodnem sistemu.<\/strong> Vsaka voda z<strong> temperatura med 20 in 45 \u00b0C<\/strong> je ogro\u017eena, saj bakterije lahko uspevajo le v tem temperaturnem obmo\u010dju.<\/p>\n<blockquote>\n<p>K rasti teh bakterij prispevajo tudi hranila, kot so rja, mulj, vodni kamen, usedline in alge. Te postanejo \u0161e posebej problemati\u010dne, kadar voda v sistemu zastaja (npr. kadar se prha ali pipa ne uporablja redno).<\/p>\n<\/blockquote>\n<p>Ko pri\u017egete prho ali pipo, se na povr\u0161ini pojavijo kapljice vode, onesna\u017eene z L<strong>egionella se \u0161iri skozi meglo<\/strong>, ki nastajajo v majhnih kapljicah, imenovanih aerosoli.<\/p>\n<p>Ker so ti <strong>aerosoli so dovolj majhni.<\/strong> da bi jih vdihnili, vstopijo v plju\u010da z vdihavanjem. Plju\u010da se nato oku\u017eijo z legionelo in oseba zboli za legionarsko boleznijo ali mrzlico Pontiac.<\/p>\n<p>Bolezen se lahko prenese tudi s pitjem vode, ki vsebuje legionelo. Ljudje s te\u017eavami pri po\u017eiranju so izpostavljeni ve\u010djemu tveganju.<\/p>\n\t<div id=\"gap-23129137\" class=\"gap-element clearfix\" style=\"display:block; height:auto;\">\n\t\t\n<style>\n#gap-23129137 {\n  padding-top: 15px;\n}\n<\/style>\n\t<\/div>\n\t\n<div class=\"is-divider divider clearfix\" style=\"max-width:100%;height:1px;\"><\/div>\n<h3>Kateri so simptomi legionarske bolezni?<\/h3>\n<p>Spletna stran<strong> za\u010detni simptomi<\/strong> o <strong>bolezen se obi\u010dajno pojavi v dveh do desetih dneh.<\/strong> po oku\u017ebi. Vendar pa se simptomi ne pojavijo pri vseh, ki so izpostavljeni bakteriji; najbolj ogro\u017eeni so posamezniki, starej\u0161i od 50 let, in tisti z oslabljenim imunskim sistemom.<\/p>\n<p>Na splo\u0161no so za\u010detni znaki bolezni <strong>podobni gripi podobnim simptomom.<\/strong> in lahko vklju\u010dujejo:<\/p>\n<ul>\n<li>Visoka vro\u010dina, zvi\u0161ana telesna temperatura in mrzlica<\/li>\n<li>Suh ka\u0161elj<\/li>\n<li>Bole\u010dine v mi\u0161icah<\/li>\n<li>\u0160ibkost (astenija)<\/li>\n<li>Glavoboli<\/li>\n<\/ul>\n<p>\u010ce se ne zdravi, se <strong>oku\u017eba se lahko poslab\u0161a<\/strong> v prvem tednu, pri oku\u017eenih pa se lahko pojavijo dodatni simptomi, kot sta izka\u0161ljevanje zelene sluzi in<strong> zadihanost.<\/strong> Med dihanjem se lahko pojavi tudi bole\u010dina v prsih.<\/p>\n<p>Nekateri bolniki z legionarsko boleznijo trpijo zaradi <strong>slabost, bruhanje, driska in bole\u010dine v trebuhu.<\/strong> Skoraj polovica bolnikov ima motnje \u017eiv\u010dnega sistema, kot so <strong>zmedenost, delirij, depresija, dezorientiranost in halucinacije.<\/strong><\/p>\n<p>\u010ce sumite, da ste bili izpostavljeni bakteriji Legionella, ali imate simptome, kot so vro\u010dina, ka\u0161elj, mrzlica ali bole\u010dine v mi\u0161icah, morate \u010dim prej poiskati zdravni\u0161ko pomo\u010d.<\/p>\n<p>Prav tako je pomembno, da zdravnika obvestite o svojih nedavnih potovanjih, saj ste morda pri\u0161li v stik z znanim izbruhom bolezni.<\/p>\n\t\t<\/div>\n\t\t\t\t\t<\/div>\n\n\t\n\n\t<div id=\"col-299214705\" class=\"col medium-4 small-12 large-4\"  >\n\t\t\t\t<div class=\"col-inner\"  >\n\t\t\t\n\t\t\t\n\t<div class=\"img has-hover radius10 hide-for-small x md-x lg-x y md-y lg-y\" id=\"image_1801422319\">\n\t\t\t\t\t\t\t\t<div class=\"img-inner dark\" >\n\t\t\t<img decoding=\"async\" width=\"600\" height=\"900\" src=\"https:\/\/ecoturbino.world\/wp-content\/uploads\/2024\/01\/water-vapour-shower_600.webp\" class=\"attachment-original size-original\" alt=\"Simbol vodne pare na steni prhe\" srcset=\"https:\/\/ecoturbino.world\/wp-content\/uploads\/2024\/01\/water-vapour-shower_600.webp 600w, https:\/\/ecoturbino.world\/wp-content\/uploads\/2024\/01\/water-vapour-shower_600-120x180.webp 120w\" sizes=\"(max-width: 600px) 100vw, 600px\" \/>\t\t\t\t\t\t\n\t\t\t\t\t<\/div>\n\t\t\t\t\t\t\t\t\n<style>\n#image_1801422319 {\n  width: 100%;\n}\n<\/style>\n\t<\/div>\n\t\n\t\t<\/div>\n\t\t\t\t\t<\/div>\n\n\t\n<\/div>\n<div class=\"is-divider divider clearfix\" style=\"margin-top:1.5em;margin-bottom:1.5em;max-width:100%;height:1px;\"><\/div>\n<div class=\"row\"  id=\"row-520571087\">\n\n\t<div id=\"col-547759571\" class=\"col medium-4 small-12 large-4\"  >\n\t\t\t\t<div class=\"col-inner\"  >\n\t\t\t\n\t\t\t\n\t<div class=\"img has-hover radius10 x md-x lg-x y md-y lg-y\" id=\"image_956964574\">\n\t\t\t\t\t\t\t\t<div class=\"img-inner dark\" >\n\t\t\t<img decoding=\"async\" width=\"600\" height=\"600\" src=\"https:\/\/ecoturbino.world\/wp-content\/uploads\/2024\/01\/temperature-meter2_600.webp\" class=\"attachment-original size-original\" alt=\"Simbol merilnika temperature\" srcset=\"https:\/\/ecoturbino.world\/wp-content\/uploads\/2024\/01\/temperature-meter2_600.webp 600w, https:\/\/ecoturbino.world\/wp-content\/uploads\/2024\/01\/temperature-meter2_600-500x500.webp 500w, https:\/\/ecoturbino.world\/wp-content\/uploads\/2024\/01\/temperature-meter2_600-32x32.webp 32w, https:\/\/ecoturbino.world\/wp-content\/uploads\/2024\/01\/temperature-meter2_600-48x48.webp 48w, https:\/\/ecoturbino.world\/wp-content\/uploads\/2024\/01\/temperature-meter2_600-80x80.webp 80w, https:\/\/ecoturbino.world\/wp-content\/uploads\/2024\/01\/temperature-meter2_600-180x180.webp 180w\" sizes=\"(max-width: 600px) 100vw, 600px\" \/>\t\t\t\t\t\t\n\t\t\t\t\t<\/div>\n\t\t\t\t\t\t\t\t\n<style>\n#image_956964574 {\n  width: 100%;\n}\n<\/style>\n\t<\/div>\n\t\n\t\t<\/div>\n\t\t\t\t\t<\/div>\n\n\t\n\n\t<div id=\"col-61277568\" class=\"col medium-8 small-12 large-8\"  >\n\t\t\t\t<div class=\"col-inner\"  >\n\t\t\t\n\t\t\t\n<h3>Kako prepre\u010diti legionarsko bolezen v tu\u0161ih?<\/h3>\n<p>Najprej je treba razmisliti o tem, kje je <strong>iz katere prihaja voda za prhanje.<\/strong> Obi\u010dajno prihaja iz rezervoarja za vodo, ki se lahko ogreva. \u010ce je tako, na kak\u0161no temperaturo je nastavljen rezervoar za toplo vodo? Legionela lahko uspeva pri temperaturah med 20 in 45 \u00b0C.<\/p>\n<blockquote>\n<p>Zato je treba vodo shranjevati pri 60 \u00b0C in jo razdeljevati pri temperaturi nad 50 \u00b0C, da se prepre\u010di pre\u017eivetje bakterij.<\/p>\n<\/blockquote>\n<p>\u010ce voda za prhanje prihaja iz <strong>rezervoar za vodo,<\/strong> ga je treba redno pregledovati in vzdr\u017eevati \u010distega. Rezervoar je priporo\u010dljivo opremiti s tesno prilegajo\u010dim se pokrovom, da prepre\u010dite vdor umazanije in nastanek rje, biofilma in korozije v njem.<\/p>\n<p>Legionela se hrani s temi bakterijami, zato je prekinitev njihove oskrbe s hrano u\u010dinkovito sredstvo za prepre\u010devanje njihovega \u0161irjenja.<\/p>\n<p>Dejavnik tveganja za legionelo je tudi regija, v kateri \u017eivite. Geologija vpliva na trdoto vode na dolo\u010denem obmo\u010dju. Medtem ko so padavine mehke, se, ko se filtrirajo skozi kamnine, v vodi za\u010dnejo raztapljati minerali, kot sta kalcij in magnezij. <strong>Voda z visoko vsebnostjo mineralov se imenuje <a href=\"https:\/\/ecoturbino.world\/sl\/trda-voda-in-legionela\/\">trda voda.<\/a><\/strong><\/p>\n<p>Ko podjetja za oskrbo z vodo v gospodinjstva dovajajo trdo vodo, se v ceveh, pipah in glavi za prhanje nalaga kalcij. Kalcij je hranilo za legionele in spodbuja njihovo rast.<\/p>\n<p>Zato so obmo\u010dja s trdo vodo \u0161e posebej dovzetna za rast bakterij Legionella in <strong>redno odstranjevanje vodnega kamna s prh in pip, da se zmanj\u0161ajo kalcijeve obloge.<\/strong><\/p>\n\t\t<\/div>\n\t\t\t\t\t<\/div>\n\n\t\n<\/div>\n<div class=\"row\"  id=\"row-420227592\">\n\n\t<div id=\"col-1213154494\" class=\"col small-12 large-12\"  >\n\t\t\t\t<div class=\"col-inner\"  >\n\t\t\t\n\t\t\t\n<div class=\"row row-large row-divided\"  id=\"row-1558067735\">\n\n\t<div id=\"col-785351874\" class=\"col medium-6 small-12 large-6\"  >\n\t\t\t\t<div class=\"col-inner\"  >\n\t\t\t\n\t\t\t\n<h3>Kako pogosto se je treba prhati, da prepre\u010dimo nastanek legionele?<\/h3>\n<p>Legionella lahko <strong>se kopi\u010dijo v vsakem tu\u0161u, pipi ali vodovodnem cevovodu.<\/strong> ki se ne uporablja redno, ker voda v sistemu zastaja.<\/p>\n<blockquote>\n<p>Ko se voda pri\u017ege, bakterije z vodo odte\u010dejo iz sistema, posamezniki, ki uporabljajo prho, pa vdihavajo aerosole, ki vsebujejo legionelo.<\/p>\n<\/blockquote>\n<p>To je ve\u010dja te\u017eava na primer v hotelih in pisarnah, kjer <strong>tu\u0161i in pipe se ne uporabljajo dlje \u010dasa.<\/strong> Vendar je lahko tudi v zasebnih gospodinjstvih ogro\u017eena vsaka kopalnica za goste.<\/p>\n<p>Redko uporabljene prhe ali pipe je priporo\u010dljivo pu\u0161\u010dati pribli\u017eno <strong>dve minuti vsak teden ali dokler vro\u010da in hladna voda ne dose\u017eeta<\/strong> enako temperaturo kot v pogosto uporabljenih vti\u010dnicah. Ne pozabite zapustiti prostora, da ne vdihnete aerosolov, ki lahko vsebujejo legionelo.<\/p>\n\t\t<\/div>\n\t\t\t\t\t<\/div>\n\n\t\n\n\t<div id=\"col-1013166416\" class=\"col medium-6 small-12 large-6\"  >\n\t\t\t\t<div class=\"col-inner\"  >\n\t\t\t\n\t\t\t\n<h3>Kako razku\u017eiti glavo za prhanje, da prepre\u010dite legionarsko bolezen:<\/h3>\n<ol>\n<li>Odstranite glavo prhe s cevi.<\/li>\n<li>Demontirajte glavo tu\u0161a.<\/li>\n<li>Dele glave in cevi postavite v umivalnik in jih namo\u010dite v vro\u010do vodo z ustreznim \u010distilom za glavo prhe.<\/li>\n<li>Za odstranjevanje trdovratnih ostankov uporabite krta\u010do.<\/li>\n<li>Vse dele sperite s \u010disto vodo.<\/li>\n<li>\u010ciste dele sperite z vodo, da odstranite \u010distilo za dezinfekcijo glave za prhanje.<\/li>\n<li>Osu\u0161ite ga s \u010disto brisa\u010do in pustite, da se posu\u0161i na zraku.<\/li>\n<li>Ponovno sestavite glavo prhe in jo pritrdite na cev.<\/li>\n<\/ol>\n<h3>Ali obstajajo tehnolo\u0161ki dose\u017eki, ki pomagajo uni\u010diti legionelo v tu\u0161ih?<\/h3>\n<p>Veliko naprav se tr\u017ei kot <strong>avtomatske enote za splakovanje<\/strong>. Ti izdelki naj bi izpirali neuporabljene odtoke, prepre\u010devali zastajanje vode in zmanj\u0161ali tveganje za kopi\u010denje legionele.<\/p>\n\t\t<\/div>\n\t\t\t\t\t<\/div>\n\n\t\n<\/div>\n\t\t<\/div>\n\t\t\t\t\n<style>\n#col-1213154494 > .col-inner {\n  padding: 25px 25px 25px 25px;\n  margin: 0px 0px -30px 0px;\n}\n<\/style>\n\t<\/div>\n\n\t\n\n<style>\n#row-420227592 > .col > .col-inner {\n  background-color: rgba(0, 0, 0, 0.15);\n  border-radius: 10px;\n}\n<\/style>\n<\/div>\n\t\t<\/div>\n\t\t\t\t\t<\/div>\n\n\t\n<\/div>\n<div class=\"row\"  id=\"row-330337005\">\n\n\t<div id=\"col-1055431700\" class=\"col small-12 large-12\"  >\n\t\t\t\t<div class=\"col-inner\" style=\"background-color:rgb(255,255,255);\" >\n\t\t\t\n\t<div class=\"is-border is-dashed\"\n\t\tstyle=\"border-color:rgba(85, 85, 85, 0.75);border-radius:10px;border-width:2px 2px 2px 2px;\">\n\t<\/div>\n\t\t\t\n<div class=\"row\"  id=\"row-1810261888\">\n\n\t<div id=\"col-251565186\" class=\"col medium-8 small-12 large-8\"  >\n\t\t\t\t<div class=\"col-inner\"  >\n\t\t\t\n\t\t\t\n<h3>\u0160tiri varne metode za zmanj\u0161anje \u0161tevila bakterij Legionella v prhi:<\/h3>\n<ul>\n<li>Poskrbite za pogosto uporabo prhe. \u010ce ne, razmislite o odstranitvi prhe.<\/li>\n<li>\u010ce prhe, ki se redko uporablja, ni mogo\u010de odstraniti, poskrbite, da jo redno splakujete, in o tem vodite evidenco.<\/li>\n<li>Glavo in cev za prhanje vzdr\u017eujte v \u010disto\u010di, vklju\u010dno s \u010di\u0161\u010denjem filtrov.<\/li>\n<li>\u010ce ste odgovorni za stavbo, izvedite oceno tveganja za legionelo.<\/li>\n<\/ul>\n\t\t<\/div>\n\t\t\t\t\n<style>\n#col-251565186 > .col-inner {\n  margin: 0px 0px -20px 0px;\n}\n<\/style>\n\t<\/div>\n\n\t\n\n\t<div id=\"col-98796496\" class=\"col medium-4 small-12 large-4\"  >\n\t\t\t\t<div class=\"col-inner\"  >\n\t\t\t\n\t\t\t\n\t<div class=\"img has-hover radius10 x md-x lg-x y md-y lg-y\" id=\"image_712689894\">\n\t\t\t\t\t\t\t\t<div class=\"img-inner dark\" >\n\t\t\t<img decoding=\"async\" width=\"600\" height=\"600\" src=\"https:\/\/ecoturbino.world\/wp-content\/uploads\/2024\/01\/legionella-wikipedia_600.webp\" class=\"attachment-original size-original\" alt=\"Legionella, wikipedia\" srcset=\"https:\/\/ecoturbino.world\/wp-content\/uploads\/2024\/01\/legionella-wikipedia_600.webp 600w, https:\/\/ecoturbino.world\/wp-content\/uploads\/2024\/01\/legionella-wikipedia_600-500x500.webp 500w, https:\/\/ecoturbino.world\/wp-content\/uploads\/2024\/01\/legionella-wikipedia_600-32x32.webp 32w, https:\/\/ecoturbino.world\/wp-content\/uploads\/2024\/01\/legionella-wikipedia_600-48x48.webp 48w, https:\/\/ecoturbino.world\/wp-content\/uploads\/2024\/01\/legionella-wikipedia_600-80x80.webp 80w, https:\/\/ecoturbino.world\/wp-content\/uploads\/2024\/01\/legionella-wikipedia_600-180x180.webp 180w\" sizes=\"(max-width: 600px) 100vw, 600px\" \/>\t\t\t\t\t\t\n\t\t\t\t\t<\/div>\n\t\t\t\t\t\t\t\t\n<style>\n#image_712689894 {\n  width: 100%;\n}\n<\/style>\n\t<\/div>\n\t\n\t\t<\/div>\n\t\t\t\t\n<style>\n#col-98796496 > .col-inner {\n  margin: 5px 0px -20px 0px;\n}\n<\/style>\n\t<\/div>\n\n\t\n<\/div>\n\t\t<\/div>\n\t\t\t\t\n<style>\n#col-1055431700 > .col-inner {\n  padding: 15px 20px 10px 30px;\n  margin: 0px 0px -100px 0px;\n  border-radius: 10px;\n}\n@media (min-width:550px) {\n  #col-1055431700 > .col-inner {\n    margin: 0px 0px -120px 0px;\n  }\n}\n<\/style>\n\t<\/div>\n\n\t\n<\/div>\n\t\t<\/div>\n\n\t\t\n<style>\n#section_1386107668 {\n  padding-top: 30px;\n  padding-bottom: 30px;\n}\n<\/style>\n\t<\/section>\n\t\n\n\t<section class=\"section\" id=\"section_623162972\">\n\t\t<div class=\"section-bg fill\" >\n\t\t\t<img decoding=\"async\" width=\"1920\" height=\"683\" src=\"https:\/\/ecoturbino.world\/wp-content\/uploads\/2025\/12\/ecoturbino-function_1920-1.webp\" class=\"bg attachment- size-\" alt=\"ecoturbino funktion\" \/>\t\t\t\t\t\t<div class=\"section-bg-overlay absolute fill\"><\/div>\n\t\t\t\n\n\t\t<\/div>\n\n\t\t\t<div class=\"ux-shape-divider ux-shape-divider--top ux-shape-divider--style-waves-opacity\">\n\t\t<svg viewbox=\"0 0 1000 300\" xmlns=\"http:\/\/www.w3.org\/2000\/svg\" preserveaspectratio=\"none\">\n    <path class=\"ux-shape-fill\" d=\"M0 300L-1 69.71C216 57 299.47 198.86 403 226C506 253 577 196 660 197C740 198 790.09 234.07 874 267C935.23 291 982 282.61 1000 277.61V300H0Z\"\/>\n    <path class=\"ux-shape-fill\" opacity=\"0.5\" d=\"M1 265.094L0 50.5C217 37.79 300.47 186.36 404 213.5C507 240.5 578 196.5 661 197.5C741 198.5 787.59 239.57 871.5 272.5C932.73 296.5 980.5 284.5 998.5 279.5V298.5L1 265.094Z\"\/>\n    <path class=\"ux-shape-fill\" opacity=\"0.15\" d=\"M0.999878 244.094L-0.00012207 27C217 14.29 300.47 173.86 404 201C507 228 578 196 661 197C741 198 787.59 243.07 871.5 276C932.73 300 980.5 284.5 998.5 279.5V299L0.999878 244.094Z\"\/>\n<\/svg>\n\n\t<\/div>\n\n\n\t\t<div class=\"section-content relative\">\n\t\t\t\n\t\t<\/div>\n\n\t\t\n<style>\n#section_623162972 {\n  padding-top: 125px;\n  padding-bottom: 125px;\n}\n#section_623162972 .section-bg-overlay {\n  background-color: rgba(0, 0, 0, 0.25);\n}\n#section_623162972 .ux-shape-divider--top svg {\n  height: 80px;\n  --divider-top-width: 100%;\n}\n@media (min-width:550px) {\n  #section_623162972 {\n    padding-top: 220px;\n    padding-bottom: 220px;\n  }\n  #section_623162972 .ux-shape-divider--top svg {\n    height: 124px;\n  }\n}\n<\/style>\n\t<\/section>","protected":false},"excerpt":{"rendered":"","protected":false},"author":2,"featured_media":1876,"parent":0,"menu_order":0,"comment_status":"closed","ping_status":"closed","template":"page-blank.php","meta":{"inline_featured_image":false,"footnotes":""},"class_list":["post-1664","page","type-page","status-publish","has-post-thumbnail","hentry"],"_links":{"self":[{"href":"https:\/\/ecoturbino.world\/sl\/wp-json\/wp\/v2\/pages\/1664","targetHints":{"allow":["GET"]}}],"collection":[{"href":"https:\/\/ecoturbino.world\/sl\/wp-json\/wp\/v2\/pages"}],"about":[{"href":"https:\/\/ecoturbino.world\/sl\/wp-json\/wp\/v2\/types\/page"}],"author":[{"embeddable":true,"href":"https:\/\/ecoturbino.world\/sl\/wp-json\/wp\/v2\/users\/2"}],"replies":[{"embeddable":true,"href":"https:\/\/ecoturbino.world\/sl\/wp-json\/wp\/v2\/comments?post=1664"}],"version-history":[{"count":0,"href":"https:\/\/ecoturbino.world\/sl\/wp-json\/wp\/v2\/pages\/1664\/revisions"}],"wp:featuredmedia":[{"embeddable":true,"href":"https:\/\/ecoturbino.world\/sl\/wp-json\/wp\/v2\/media\/1876"}],"wp:attachment":[{"href":"https:\/\/ecoturbino.world\/sl\/wp-json\/wp\/v2\/media?parent=1664"}],"curies":[{"name":"wp","href":"https:\/\/api.w.org\/{rel}","templated":true}]}}