{"id":1652,"date":"2024-01-03T21:01:56","date_gmt":"2024-01-03T20:01:56","guid":{"rendered":"https:\/\/ecoturbino.eu\/?page_id=1652"},"modified":"2025-12-29T22:43:52","modified_gmt":"2025-12-29T21:43:52","slug":"trda-voda-in-legionela","status":"publish","type":"page","link":"https:\/\/ecoturbino.world\/sl\/hard-water-and-legionella\/","title":{"rendered":"Trda voda in legionela | Te\u017eave s prhami v kopalnici"},"content":{"rendered":"<section class=\"section zindex1\" id=\"section_522463227\">\n\t\t<div class=\"section-bg fill\" >\n\t\t\t\t\t\t\t\t\t\n\t\t\t\n\n\t\t<\/div>\n\n\t\t\n\n\t\t<div class=\"section-content relative\">\n\t\t\t\n<div class=\"row\"  id=\"row-2139364263\">\n\n\t<div id=\"col-2047710418\" class=\"col small-12 large-12\"  >\n\t\t\t\t<div class=\"col-inner\"  >\n\t\t\t\n\t\t\t\n\t<div id=\"text-174128826\" class=\"text\">\n\t\t\n<h1 class=\"uppercase\">Trda voda in legionela | Pravi obseg problema!<\/h1>\n<h3 class=\"thin-font\">\u010ceprav je splo\u0161na povezava med trdo vodo in legionelo dobro znana, je pogosto napa\u010dno razumljena.<\/h3>\n\t\t\n<style>\n#text-174128826 {\n  text-align: center;\n}\n<\/style>\n\t<\/div>\n\t\n<div class=\"text-center\"><div class=\"is-divider divider clearfix\" style=\"max-width:50%;height:1px;\"><\/div><\/div>\n\t<div id=\"gap-1409733439\" class=\"gap-element clearfix\" style=\"display:block; height:auto;\">\n\t\t\n<style>\n#gap-1409733439 {\n  padding-top: 30px;\n}\n<\/style>\n\t<\/div>\n\t\n<div class=\"row\"  id=\"row-2028448683\">\n\n\t<div id=\"col-54220153\" class=\"col medium-8 small-12 large-8\"  >\n\t\t\t\t<div class=\"col-inner\"  >\n\t\t\t\n\t\t\t\n<p>V tem prispevku se osredoto\u010damo na to, kako lahko <strong>bolj\u0161i nadzor nad vsebnostjo bakterij v vodi \u017ee od samega za\u010detka.<\/strong>, da bi <strong>zmanj\u0161anje .<\/strong> uporabo <strong>agresivno in <a href=\"https:\/\/ecoturbino.world\/sl\/vpliv-5\/\">okoljsko<\/a> \u0161kodljive kemikalije za odstranjevanje bakterij.<\/strong><\/p>\n<p><strong>Klorov dioksid<\/strong> je \u0161e naprej <strong>najpogosteje uporabljen biocid za odstranjevanje bakterij v vodi, vklju\u010dno z bakterijo Legionella.<\/strong>. Zelo pomemben vidik te kemikalije je njena sposobnost uni\u010devanja biofilmov. Vendar je klor dioksid namenjen izklju\u010dno nadzoru in zmanj\u0161evanju, ne pa prepre\u010devanju.<\/p>\n<p>Klju\u010d do tega vpra\u0161anja je v <strong>razumevanje povezave med kalcijevimi oblogami, biofilmi in bakterijo Legionella.<\/strong> Ta pristop omogo\u010da<strong> zmanj\u0161anje \u0161tevila bakterij v va\u0161em vodovodnem sistemu.<\/strong>, kar posledi\u010dno zmanj\u0161a porabo \u010dasa in kemikalij za vzdr\u017eevanje sistema.<\/p>\n<p>Tu pride na vrsto adapter za prho ecoturbino,<strong> zagotavljanje higienskega prhanja v hotelih, fitnes centrih, domovih itd.<\/strong><\/p>\n\t\t<\/div>\n\t\t\t\t\t<\/div>\n\n\t\n\n\t<div id=\"col-652957525\" class=\"col medium-4 small-12 large-4\"  >\n\t\t\t\t<div class=\"col-inner\"  >\n\t\t\t\n\t\t\t\n\t<div class=\"img has-hover radius10 hide-for-small x md-x lg-x y md-y lg-y\" id=\"image_186315416\">\n\t\t\t\t\t\t\t\t<div class=\"img-inner dark\" >\n\t\t\t<img decoding=\"async\" width=\"600\" height=\"600\" src=\"https:\/\/ecoturbino.world\/wp-content\/uploads\/2024\/01\/water-drain2_600.webp\" class=\"attachment-original size-original\" alt=\"\" srcset=\"https:\/\/ecoturbino.world\/wp-content\/uploads\/2024\/01\/water-drain2_600.webp 600w, https:\/\/ecoturbino.world\/wp-content\/uploads\/2024\/01\/water-drain2_600-500x500.webp 500w, https:\/\/ecoturbino.world\/wp-content\/uploads\/2024\/01\/water-drain2_600-32x32.webp 32w, https:\/\/ecoturbino.world\/wp-content\/uploads\/2024\/01\/water-drain2_600-48x48.webp 48w, https:\/\/ecoturbino.world\/wp-content\/uploads\/2024\/01\/water-drain2_600-80x80.webp 80w, https:\/\/ecoturbino.world\/wp-content\/uploads\/2024\/01\/water-drain2_600-180x180.webp 180w\" sizes=\"(max-width: 600px) 100vw, 600px\" \/>\t\t\t\t\t\t\n\t\t\t\t\t<\/div>\n\t\t\t\t\t\t\t\t\n<style>\n#image_186315416 {\n  width: 100%;\n}\n<\/style>\n\t<\/div>\n\t\n\t\t<\/div>\n\t\t\t\t\t<\/div>\n\n\t\n<\/div>\n\t<div id=\"gap-1963477930\" class=\"gap-element clearfix\" style=\"display:block; height:auto;\">\n\t\t\n<style>\n#gap-1963477930 {\n  padding-top: 30px;\n}\n<\/style>\n\t<\/div>\n\t\n<div class=\"row\"  id=\"row-1548937643\">\n\n\t<div id=\"col-1059084221\" class=\"col medium-4 small-12 large-4\"  >\n\t\t\t\t<div class=\"col-inner\"  >\n\t\t\t\n\t\t\t\n\t<div class=\"img has-hover radius10 x md-x lg-x y md-y lg-y\" id=\"image_239533895\">\n\t\t\t\t\t\t\t\t<div class=\"img-inner dark\" >\n\t\t\t<img decoding=\"async\" width=\"600\" height=\"900\" src=\"https:\/\/ecoturbino.world\/wp-content\/uploads\/2024\/01\/shower-head-limescale_600.webp\" class=\"attachment-original size-original\" alt=\"Simbol vodnega kamna na glavi prhe\" srcset=\"https:\/\/ecoturbino.world\/wp-content\/uploads\/2024\/01\/shower-head-limescale_600.webp 600w, https:\/\/ecoturbino.world\/wp-content\/uploads\/2024\/01\/shower-head-limescale_600-120x180.webp 120w\" sizes=\"(max-width: 600px) 100vw, 600px\" \/>\t\t\t\t\t\t\n\t\t\t\t\t<\/div>\n\t\t\t\t\t\t\t\t\n<style>\n#image_239533895 {\n  width: 100%;\n}\n<\/style>\n\t<\/div>\n\t\n\t\t<\/div>\n\t\t\t\t\t<\/div>\n\n\t\n\n\t<div id=\"col-497206887\" class=\"col medium-8 small-12 large-8\"  >\n\t\t\t\t<div class=\"col-inner\"  >\n\t\t\t\n\t\t\t\n<div class=\"flex-1 overflow-hidden\">\n<div class=\"react-scroll-to-bottom--css-tpvix-79elbk h-full\">\n<div class=\"react-scroll-to-bottom--css-tpvix-1n7m0yu\">\n<div class=\"flex flex-col pb-9 text-sm\">\n<div class=\"w-full text-token-text-primary\" data-testid=\"conversation-turn-13\">\n<div class=\"px-4 py-2 justify-center text-base md:gap-6 m-auto\">\n<div class=\"flex flex-1 text-base mx-auto gap-3 md:px-5 lg:px-1 xl:px-5 md:max-w-3xl lg:max-w-&#091;40rem&#093; xl:max-w-&#091;48rem&#093; group final-completion\">\n<div class=\"relative flex w-full flex-col lg:w-&#091;calc(100%-115px)&#093; agent-turn\">\n<div class=\"flex-col gap-1 md:gap-3\">\n<div class=\"flex flex-grow flex-col max-w-full\">\n<div class=\"min-h-&#091;20px&#093; text-message flex flex-col items-start gap-3 whitespace-pre-wrap break-words &#091;.text-message+&amp;&#093;:mt-5 overflow-x-auto\" data-message-author-role=\"assistant\" data-message-id=\"6402d42d-ba99-40ec-b57e-ac45c40c778e\">\n<div class=\"markdown prose w-full break-words dark:prose-invert light\">\n<h3>Kaj so obloge vodnega kamna?<\/h3>\n<p><strong>Obloge vodnega kamna so trdne tvorbe<\/strong> ki ga sestavljajo predvsem <strong>kalcijev karbonat (CaCO3)<\/strong> in pogosto <strong>v sistemih tople vode, cevovodih in napravah.<\/strong><\/p>\n<p>Lahko<strong> bistveno poslab\u0161a delovanje<\/strong> razli\u010dnih vodovodnih in ogrevalnih komponent,<strong> zaradi \u010desar se zmanj\u0161a u\u010dinkovitost.<\/strong> in . <strong>vi\u0161ji stro\u0161ki poslovanja.<\/strong> za va\u0161o opremo, povezano z vodo, in vizualno neprivla\u010dne rezultate v kopalnici.<\/p>\n<blockquote>\n<p>Spletna stran <strong>stopnja nastajanja vodnega kamna<\/strong> je odvisna od trdote vode. Dolo\u010danje trdote vode: Ali je moja voda mehka ali trda?<\/p>\n<\/blockquote>\n<p>Trdota vode je odvisna od <strong>vsebnost kalcijevih in magnezijevih spojin<\/strong>ki nastane, ko se kalcij in magnezij zdru\u017eita z raztopljenim ogljikovim dioksidom v vodi.<\/p>\n<ol>\n<li>Mehka voda: Med 0 in 7 stopinjami nem\u0161ke trdote (dH) - trdota I. kategorije (0 do 1,3 milimola kalcijevega oksida na liter) se \u0161teje za mehko vodo.<\/li>\n<li>Trda voda: Trdota III. kategorije (2,5 do 3,8 milimolov kalcijevega oksida na liter) se uvr\u0161\u010da v kategorijo trde vode.<\/li>\n<\/ol>\n<\/div>\n<\/div>\n<\/div>\n<\/div>\n<\/div>\n<\/div>\n<\/div>\n<\/div>\n<\/div>\n<\/div>\n<\/div>\n<\/div>\n\t<div id=\"gap-195419936\" class=\"gap-element clearfix\" style=\"display:block; height:auto;\">\n\t\t\n<style>\n#gap-195419936 {\n  padding-top: 15px;\n}\n<\/style>\n\t<\/div>\n\t\n<div class=\"is-divider divider clearfix\" style=\"max-width:100%;height:1px;\"><\/div>\n<h3>Kaj je biofilm?<\/h3>\n<p>A <strong><a href=\"https:\/\/en.wikipedia.org\/wiki\/Biofilm\" target=\"_blank\" rel=\"noopener sponsored\">biofilm<\/a> je sestavljen iz \u017eivih mikroorganizmov.<\/strong>kot so bakterije, ki se naselijo in razmno\u017eujejo v koloniji ali skupnosti.<\/p>\n<p>Do nastanka biofilma pride, ko <strong>nekateri mikroorganizmi<\/strong>kot nekatere vrste bakterij, <strong>se prilepijo na povr\u0161ino predmeta.<\/strong> v vla\u017enem okolju in se za\u010dnejo razmno\u017eevati.<\/p>\n<p>Ti mikroorganizmi se na povr\u0161ino predmeta pritrdijo z <strong>izlo\u010dajo lepljivo, sluzasto snov.<\/strong><\/p>\n\t\t<\/div>\n\t\t\t\t\t<\/div>\n\n\t\n<\/div>\n<div class=\"row\"  id=\"row-1662181442\">\n\n\t<div id=\"col-172146692\" class=\"col small-12 large-12\"  >\n\t\t\t\t<div class=\"col-inner\"  >\n\t\t\t\n\t\t\t\n<div class=\"row row-large row-divided\"  id=\"row-1287950\">\n\n\t<div id=\"col-1083096412\" class=\"col medium-6 small-12 large-6\"  >\n\t\t\t\t<div class=\"col-inner\"  >\n\t\t\t\n\t\t\t\n<h3>Kaj so legionele?<\/h3>\n<p><strong><a href=\"https:\/\/en.wikipedia.org\/wiki\/Legionella\" target=\"_blank\" rel=\"noopener sponsored\">Legionella<\/a> so bakterije<\/strong> ki lahko povzro\u010dijo legionarsko bolezen, hudo in <strong>potencialno \u017eivljenjsko nevarno obliko plju\u010dnice.<\/strong><\/p>\n<p>Prenos <strong>Legionarska bolezen pri ljudeh<\/strong> se pojavi z vdihavanjem drobnih vodnih kapljic (aerosolov), ki so suspendirane v zraku in vsebujejo bakterije Legionella. Do oku\u017ebe pride, ko te vodne kapljice vstopijo v plju\u010da.<\/p>\n<p>Legionella pneumophila je bila prva odkrita v veliki in vse ve\u010dji skupini sorodnih bakterijskih vrst, imenovanih Legionellae. Danes je znano, da obstajajo <strong>48 vrst in 70 podskupin.<\/strong><\/p>\n<p>Obstajajo razli\u010dna poro\u010dila o raz\u0161irjenosti legionele, vendar so <strong>na splo\u0161no pogosteje v sistemih za toplo vodo.<\/strong>. Vendar pa naj bi se pogostost pojavljanja legionele v sistemih za toplo vodo v zadnjih letih zmanj\u0161ala.<\/p>\n<p>Pri\u010dakuje se, da se bo to \u0161tevilo \u0161e naprej zmanj\u0161evalo, saj se ozave\u0161\u010denost o tej te\u017eavi pove\u010duje in sprejema ve\u010d vodovodnih ukrepov. To pomeni, da so sprejeti ukrepi dokazano u\u010dinkoviti pri zmanj\u0161evanju prisotnosti bakterij v vodi in da se njihovo zanemarjanje \u0161teje za malomarnost.<\/p>\n\t\t<\/div>\n\t\t\t\t\n<style>\n#col-1083096412 > .col-inner {\n  margin: 0px 0px -50px 0px;\n}\n<\/style>\n\t<\/div>\n\n\t\n\n\t<div id=\"col-2111743599\" class=\"col medium-6 small-12 large-6\"  >\n\t\t\t\t<div class=\"col-inner\"  >\n\t\t\t\n\t\t\t\n<p><strong>Optimalni \u017eivljenjski pogoji za Legionello so:<\/strong><\/p>\n<ul>\n<li>Obnavljanje sladke vode.<\/li>\n<li>Podalj\u0161an \u010das bivanja.<\/li>\n<li>Temperaturno obmo\u010dje od 25 \u00b0C do 50 \u00b0C.<\/li>\n<\/ul>\n<p>U\u010dinki<strong> razli\u010dna temperaturna obmo\u010dja<\/strong> na razmno\u017eevanje bakterije Legionella:<\/p>\n<div class=\"row\"  id=\"row-2016891862\">\n\n\t<div id=\"col-1429639159\" class=\"col small-12 large-12\"  >\n\t\t\t\t<div class=\"col-inner\"  >\n\t\t\t\n\t\t\t\n<table style=\"border-collapse: collapse; width: 100%; height: 189px;\">\n<tbody>\n<tr style=\"height: 21px;\">\n<td style=\"width: 50%; height: 21px;\">Temperaturno obmo\u010dje<\/td>\n<td style=\"width: 50%; height: 21px;\">Vpliv na stopnjo razmno\u017eevanja<\/td>\n<\/tr>\n<tr style=\"height: 21px;\">\n<td style=\"width: 50%; height: 21px;\">do 20 \u00b0C<\/td>\n<td style=\"width: 50%; height: 21px;\">zelo po\u010dasna reprodukcija<\/td>\n<\/tr>\n<tr style=\"height: 21px;\">\n<td style=\"width: 50%; height: 21px;\">od 20 \u00b0C dalje<\/td>\n<td style=\"width: 50%; height: 21px;\">Pove\u010da se stopnja razmno\u017eevanja<\/td>\n<\/tr>\n<tr style=\"height: 21px;\">\n<td style=\"width: 50%; height: 21px;\">30 \u00b0C do 45 \u00b0C<\/td>\n<td style=\"width: 50%; height: 21px;\">Optimalno razmno\u017eevanje, podvojitev pri 36 \u00b0C v samo pribli\u017eno 3 urah ob dobri oskrbi s hranili, 22 do 72 ur ob slabi oskrbi s hranili.<\/td>\n<\/tr>\n<tr style=\"height: 21px;\">\n<td style=\"width: 50%; height: 21px;\">od 50 \u00b0C dalje<\/td>\n<td style=\"width: 50%; height: 21px;\">skoraj ni reprodukcije<\/td>\n<\/tr>\n<tr style=\"height: 21px;\">\n<td style=\"width: 50%; height: 21px;\">od 55 \u00b0C dalje<\/td>\n<td style=\"width: 50%; height: 21px;\">Razmno\u017eevanje ni ve\u010d mogo\u010de, po 6 urah je bil ubit<\/td>\n<\/tr>\n<tr style=\"height: 21px;\">\n<td style=\"width: 50%; height: 21px;\">od 60 \u00b0C dalje<\/td>\n<td style=\"width: 50%; height: 21px;\">Uni\u010di legionelo v pribli\u017eno 30 minutah<\/td>\n<\/tr>\n<tr style=\"height: 21px;\">\n<td style=\"width: 50%; height: 21px;\">od 65 \u00b0C dalje<\/td>\n<td style=\"width: 50%; height: 21px;\">Ubit v 2 minutah<\/td>\n<\/tr>\n<tr style=\"height: 21px;\">\n<td style=\"width: 50%; height: 21px;\">od 70 \u00b0C dalje<\/td>\n<td style=\"width: 50%; height: 21px;\">Ubit v nekaj sekundah<\/td>\n<\/tr>\n<\/tbody>\n<\/table>\n\t\t<\/div>\n\t\t\t\t\n<style>\n#col-1429639159 > .col-inner {\n  margin: 0px 0px -60px 0px;\n}\n<\/style>\n\t<\/div>\n\n\t\n<\/div>\n<p><span style=\"font-size: 90%;\">(Vir: <a href=\"https:\/\/de.wikipedia.org\/wiki\/Legionellen\" target=\"_blank\" rel=\"noopener sponsored\">https:\/\/de.wikipedia.org\/wiki\/Legionellen<\/a>)<\/span><\/p>\n\t\t<\/div>\n\t\t\t\t\n<style>\n#col-2111743599 > .col-inner {\n  margin: 0px 0px -50px 0px;\n}\n<\/style>\n\t<\/div>\n\n\t\n<\/div>\n\t\t<\/div>\n\t\t\t\t\n<style>\n#col-172146692 > .col-inner {\n  padding: 25px 25px 25px 25px;\n  margin: 0px 0px -30px 0px;\n}\n<\/style>\n\t<\/div>\n\n\t\n\n<style>\n#row-1662181442 > .col > .col-inner {\n  background-color: rgba(0, 0, 0, 0.15);\n  border-radius: 10px;\n}\n<\/style>\n<\/div>\n\t\t<\/div>\n\t\t\t\t\t<\/div>\n\n\t\n<\/div>\n<div class=\"row\"  id=\"row-759826415\">\n\n\t<div id=\"col-252424903\" class=\"col small-12 large-12\"  >\n\t\t\t\t<div class=\"col-inner\" style=\"background-color:rgb(255,255,255);\" >\n\t\t\t\n\t<div class=\"is-border is-dashed\"\n\t\tstyle=\"border-color:rgba(85, 85, 85, 0.75);border-radius:10px;border-width:2px 2px 2px 2px;\">\n\t<\/div>\n\t\t\t\n<div class=\"row\"  id=\"row-21606625\">\n\n\t<div id=\"col-645302812\" class=\"col medium-8 small-12 large-8\"  >\n\t\t\t\t<div class=\"col-inner\"  >\n\t\t\t\n\t\t\t\n<h3>Kak\u0161na je povezava med oblogami vodnega kamna, biofilmom in bakterijo Legionella?<\/h3>\n<p>V krajih, kjer<strong> obloge vodnega kamna so nastale zaradi obarjanja mineralov<\/strong> v trdi vodi in njihovem pritrjevanju na povr\u0161ine se ustvari optimalno okolje za razmno\u017eevanje bakterij.<\/p>\n<p>Glavna dejavnika, ki \u0161e posebej spodbujata rast legionele, sta temperatura in razpolo\u017eljivost hranilnih snovi. <strong>Legionella najbolje uspeva pri temperaturah med 20 in 45 \u00b0C.<\/strong>in ko voda v tem temperaturnem obmo\u010dju stoji, se<strong> bakterije se lahko hitro razmno\u017eujejo.<\/strong><\/p>\n<p>V povezavi z mineralno bogato naravo <strong>nov \u017eivljenjski prostor za bakterije, tj. vodni kamen,<\/strong> ki je odli\u010den vir prehrane, se lahko te\u017eava \u0161e bolj raz\u0161iri.<\/p>\n<p>Ko so bakterije prisotne in se razmno\u017eujejo, tvorijo biofilm. Ob prisotnosti vodnega kamna in biofilma, ki so zdaj v okolju, ki jim zagotavlja <strong>idealne pogoje in zadostno prehrano,<\/strong> Legionela in druge bakterije se lahko razmno\u017eujejo in uspevajo.<\/p>\n\t\t<\/div>\n\t\t\t\t\n<style>\n#col-645302812 > .col-inner {\n  margin: 0px 0px -20px 0px;\n}\n<\/style>\n\t<\/div>\n\n\t\n\n\t<div id=\"col-531712523\" class=\"col medium-4 small-12 large-4\"  >\n\t\t\t\t<div class=\"col-inner\"  >\n\t\t\t\n\t\t\t\n\t<div class=\"img has-hover radius10 x md-x lg-x y md-y lg-y\" id=\"image_1660716739\">\n\t\t\t\t\t\t\t\t<div class=\"img-inner dark\" >\n\t\t\t<img decoding=\"async\" width=\"600\" height=\"600\" src=\"https:\/\/ecoturbino.world\/wp-content\/uploads\/2024\/01\/legionella-wikipedia_600.webp\" class=\"attachment-original size-original\" alt=\"Legionella, wikipedia\" srcset=\"https:\/\/ecoturbino.world\/wp-content\/uploads\/2024\/01\/legionella-wikipedia_600.webp 600w, https:\/\/ecoturbino.world\/wp-content\/uploads\/2024\/01\/legionella-wikipedia_600-500x500.webp 500w, https:\/\/ecoturbino.world\/wp-content\/uploads\/2024\/01\/legionella-wikipedia_600-32x32.webp 32w, https:\/\/ecoturbino.world\/wp-content\/uploads\/2024\/01\/legionella-wikipedia_600-48x48.webp 48w, https:\/\/ecoturbino.world\/wp-content\/uploads\/2024\/01\/legionella-wikipedia_600-80x80.webp 80w, https:\/\/ecoturbino.world\/wp-content\/uploads\/2024\/01\/legionella-wikipedia_600-180x180.webp 180w\" sizes=\"(max-width: 600px) 100vw, 600px\" \/>\t\t\t\t\t\t\n\t\t\t\t\t<\/div>\n\t\t\t\t\t\t\t\t\n<style>\n#image_1660716739 {\n  width: 100%;\n}\n<\/style>\n\t<\/div>\n\t\n\t\t<\/div>\n\t\t\t\t\n<style>\n#col-531712523 > .col-inner {\n  margin: 5px 0px -20px 0px;\n}\n<\/style>\n\t<\/div>\n\n\t\n<\/div>\n\t\t<\/div>\n\t\t\t\t\n<style>\n#col-252424903 > .col-inner {\n  padding: 15px 20px 10px 30px;\n  margin: 0px 0px -100px 0px;\n  border-radius: 10px;\n}\n@media (min-width:550px) {\n  #col-252424903 > .col-inner {\n    margin: 0px 0px -120px 0px;\n  }\n}\n<\/style>\n\t<\/div>\n\n\t\n<\/div>\n\t\t<\/div>\n\n\t\t\n<style>\n#section_522463227 {\n  padding-top: 30px;\n  padding-bottom: 30px;\n}\n<\/style>\n\t<\/section>\n\t\n\n\t<section class=\"section\" id=\"section_1117314428\">\n\t\t<div class=\"section-bg fill\" >\n\t\t\t<img decoding=\"async\" width=\"1920\" height=\"683\" src=\"https:\/\/ecoturbino.world\/wp-content\/uploads\/2025\/12\/ecoturbino-function_1920-1.webp\" class=\"bg attachment- size-\" alt=\"ecoturbino funktion\" \/>\t\t\t\t\t\t<div class=\"section-bg-overlay absolute fill\"><\/div>\n\t\t\t\n\n\t\t<\/div>\n\n\t\t\t<div class=\"ux-shape-divider ux-shape-divider--top ux-shape-divider--style-waves-opacity\">\n\t\t<svg viewbox=\"0 0 1000 300\" xmlns=\"http:\/\/www.w3.org\/2000\/svg\" preserveaspectratio=\"none\">\n    <path class=\"ux-shape-fill\" d=\"M0 300L-1 69.71C216 57 299.47 198.86 403 226C506 253 577 196 660 197C740 198 790.09 234.07 874 267C935.23 291 982 282.61 1000 277.61V300H0Z\"\/>\n    <path class=\"ux-shape-fill\" opacity=\"0.5\" d=\"M1 265.094L0 50.5C217 37.79 300.47 186.36 404 213.5C507 240.5 578 196.5 661 197.5C741 198.5 787.59 239.57 871.5 272.5C932.73 296.5 980.5 284.5 998.5 279.5V298.5L1 265.094Z\"\/>\n    <path class=\"ux-shape-fill\" opacity=\"0.15\" d=\"M0.999878 244.094L-0.00012207 27C217 14.29 300.47 173.86 404 201C507 228 578 196 661 197C741 198 787.59 243.07 871.5 276C932.73 300 980.5 284.5 998.5 279.5V299L0.999878 244.094Z\"\/>\n<\/svg>\n\n\t<\/div>\n\n\n\t\t<div class=\"section-content relative\">\n\t\t\t\n\t\t<\/div>\n\n\t\t\n<style>\n#section_1117314428 {\n  padding-top: 125px;\n  padding-bottom: 125px;\n}\n#section_1117314428 .section-bg-overlay {\n  background-color: rgba(0, 0, 0, 0.25);\n}\n#section_1117314428 .ux-shape-divider--top svg {\n  height: 80px;\n  --divider-top-width: 100%;\n}\n@media (min-width:550px) {\n  #section_1117314428 {\n    padding-top: 220px;\n    padding-bottom: 220px;\n  }\n  #section_1117314428 .ux-shape-divider--top svg {\n    height: 124px;\n  }\n}\n<\/style>\n\t<\/section>","protected":false},"excerpt":{"rendered":"","protected":false},"author":2,"featured_media":1841,"parent":0,"menu_order":0,"comment_status":"closed","ping_status":"closed","template":"page-blank.php","meta":{"inline_featured_image":false,"footnotes":""},"class_list":["post-1652","page","type-page","status-publish","has-post-thumbnail","hentry"],"_links":{"self":[{"href":"https:\/\/ecoturbino.world\/sl\/wp-json\/wp\/v2\/pages\/1652","targetHints":{"allow":["GET"]}}],"collection":[{"href":"https:\/\/ecoturbino.world\/sl\/wp-json\/wp\/v2\/pages"}],"about":[{"href":"https:\/\/ecoturbino.world\/sl\/wp-json\/wp\/v2\/types\/page"}],"author":[{"embeddable":true,"href":"https:\/\/ecoturbino.world\/sl\/wp-json\/wp\/v2\/users\/2"}],"replies":[{"embeddable":true,"href":"https:\/\/ecoturbino.world\/sl\/wp-json\/wp\/v2\/comments?post=1652"}],"version-history":[{"count":0,"href":"https:\/\/ecoturbino.world\/sl\/wp-json\/wp\/v2\/pages\/1652\/revisions"}],"wp:featuredmedia":[{"embeddable":true,"href":"https:\/\/ecoturbino.world\/sl\/wp-json\/wp\/v2\/media\/1841"}],"wp:attachment":[{"href":"https:\/\/ecoturbino.world\/sl\/wp-json\/wp\/v2\/media?parent=1652"}],"curies":[{"name":"wp","href":"https:\/\/api.w.org\/{rel}","templated":true}]}}