{"id":1212,"date":"2024-01-01T12:02:37","date_gmt":"2024-01-01T11:02:37","guid":{"rendered":"https:\/\/ecoturbino.eu\/?page_id=1212"},"modified":"2025-12-29T22:45:10","modified_gmt":"2025-12-29T21:45:10","slug":"vpliv-5","status":"publish","type":"page","link":"https:\/\/ecoturbino.world\/sl\/impact-5\/","title":{"rendered":"Var\u010dna raba Zemlje z viri"},"content":{"rendered":"<section class=\"section zindex1\" id=\"section_662339005\">\n\t\t<div class=\"section-bg fill\" >\n\t\t\t\t\t\t\t\t\t\n\t\t\t\n\n\t\t<\/div>\n\n\t\t\n\n\t\t<div class=\"section-content relative\">\n\t\t\t\n<div class=\"row row-small\"  id=\"row-901973845\">\n\n\t<div id=\"col-12815552\" class=\"col medium-9 small-12 large-9\"  >\n\t\t\t\t<div class=\"col-inner\"  >\n\t\t\t\n\t\t\t\n<h1 class=\"uppercase\">Var\u010dno ravnanje z viri na Zemlji<\/h1>\n<h3 class=\"thin-font\">peti u\u010dinek sistema ecoturbino\u00ae za var\u010devanje z vodo in varovanje okolja<\/h3>\n<div class=\"row\"  id=\"row-233717337\">\n\n\t<div id=\"col-133978260\" class=\"col medium-11 small-12 large-11\"  >\n\t\t\t\t<div class=\"col-inner\"  >\n\t\t\t\n\t\t\t\n\t<div id=\"stack-487909083\" class=\"stack stack-row justify-start items-start\">\n\t\t\n\t<div class=\"img has-hover x md-x lg-x y md-y lg-y\" id=\"image_131057962\">\n\t\t<a class=\"\" href=\"\/sl\/vpliv-1\/\" >\t\t\t\t\t\t<div class=\"img-inner image-color dark\" >\n\t\t\t<img decoding=\"async\" width=\"100\" height=\"100\" src=\"https:\/\/ecoturbino.world\/wp-content\/uploads\/2024\/01\/impact1.svg\" class=\"attachment-original size-original\" alt=\"\" \/>\t\t\t\t\t\t\n\t\t\t\t\t<\/div>\n\t\t\t\t\t\t<\/a>\t\t\n<style>\n#image_131057962 {\n  width: 100%;\n}\n<\/style>\n\t<\/div>\n\t\n\t<div class=\"img has-hover x md-x lg-x y md-y lg-y\" id=\"image_387452934\">\n\t\t<a class=\"\" href=\"\/sl\/vpliv-2\/\" >\t\t\t\t\t\t<div class=\"img-inner image-color dark\" >\n\t\t\t<img decoding=\"async\" width=\"100\" height=\"100\" src=\"https:\/\/ecoturbino.world\/wp-content\/uploads\/2024\/01\/impact2.svg\" class=\"attachment-original size-original\" alt=\"\" \/>\t\t\t\t\t\t\n\t\t\t\t\t<\/div>\n\t\t\t\t\t\t<\/a>\t\t\n<style>\n#image_387452934 {\n  width: 100%;\n}\n<\/style>\n\t<\/div>\n\t\n\t<div class=\"img has-hover x md-x lg-x y md-y lg-y\" id=\"image_1458358273\">\n\t\t<a class=\"\" href=\"\/sl\/vpliv-3\/\" >\t\t\t\t\t\t<div class=\"img-inner image-color dark\" >\n\t\t\t<img decoding=\"async\" width=\"100\" height=\"100\" src=\"https:\/\/ecoturbino.world\/wp-content\/uploads\/2024\/01\/impact3.svg\" class=\"attachment-original size-original\" alt=\"U\u010dinek 3 podjetja ecoturbino\" \/>\t\t\t\t\t\t\n\t\t\t\t\t<\/div>\n\t\t\t\t\t\t<\/a>\t\t\n<style>\n#image_1458358273 {\n  width: 100%;\n}\n<\/style>\n\t<\/div>\n\t\n\t<div class=\"img has-hover x md-x lg-x y md-y lg-y\" id=\"image_2042109381\">\n\t\t<a class=\"\" href=\"\/sl\/vpliv-4\/\" >\t\t\t\t\t\t<div class=\"img-inner image-color dark\" >\n\t\t\t<img decoding=\"async\" width=\"100\" height=\"100\" src=\"https:\/\/ecoturbino.world\/wp-content\/uploads\/2024\/01\/impact4.svg\" class=\"attachment-original size-original\" alt=\"Vpliv 4 ecoturbina\" \/>\t\t\t\t\t\t\n\t\t\t\t\t<\/div>\n\t\t\t\t\t\t<\/a>\t\t\n<style>\n#image_2042109381 {\n  width: 100%;\n}\n<\/style>\n\t<\/div>\n\t\n\t<div class=\"img has-hover x md-x lg-x y md-y lg-y\" id=\"image_1695781128\">\n\t\t\t\t\t\t\t\t<div class=\"img-inner dark\" >\n\t\t\t<img decoding=\"async\" width=\"100\" height=\"100\" src=\"https:\/\/ecoturbino.world\/wp-content\/uploads\/2024\/01\/impact5.svg\" class=\"attachment-original size-original\" alt=\"\" \/>\t\t\t\t\t\t\n\t\t\t\t\t<\/div>\n\t\t\t\t\t\t\t\t\n<style>\n#image_1695781128 {\n  width: 100%;\n}\n<\/style>\n\t<\/div>\n\t\n\t<div class=\"img has-hover x md-x lg-x y md-y lg-y\" id=\"image_1252318898\">\n\t\t<a class=\"\" href=\"\/sl\/vpliv-6\/\" >\t\t\t\t\t\t<div class=\"img-inner image-color dark\" >\n\t\t\t<img decoding=\"async\" width=\"100\" height=\"100\" src=\"https:\/\/ecoturbino.world\/wp-content\/uploads\/2024\/01\/impact6.svg\" class=\"attachment-original size-original\" alt=\"U\u010dinek 6 ecoturbina\" \/>\t\t\t\t\t\t\n\t\t\t\t\t<\/div>\n\t\t\t\t\t\t<\/a>\t\t\n<style>\n#image_1252318898 {\n  width: 100%;\n}\n<\/style>\n\t<\/div>\n\t\n\t<div class=\"img has-hover x md-x lg-x y md-y lg-y\" id=\"image_1776986649\">\n\t\t<a class=\"\" href=\"\/sl\/vpliv-7\/\" >\t\t\t\t\t\t<div class=\"img-inner image-color dark\" >\n\t\t\t<img decoding=\"async\" width=\"100\" height=\"100\" src=\"https:\/\/ecoturbino.world\/wp-content\/uploads\/2024\/01\/impact7.svg\" class=\"attachment-original size-original\" alt=\"U\u010dinek 7 ecoturbina\" \/>\t\t\t\t\t\t\n\t\t\t\t\t<\/div>\n\t\t\t\t\t\t<\/a>\t\t\n<style>\n#image_1776986649 {\n  width: 100%;\n}\n<\/style>\n\t<\/div>\n\t\n\t\t\n<style>\n#stack-487909083 > * {\n  --stack-gap: 0.5rem;\n}\n@media (min-width:550px) {\n  #stack-487909083 > * {\n    --stack-gap: 1rem;\n  }\n}\n<\/style>\n\t<\/div>\n\t\n\t\t<\/div>\n\t\t\t\t\t<\/div>\n\n\t\n<\/div>\n\t\t<\/div>\n\t\t\t\t\t<\/div>\n\n\t\n\n\t<div id=\"col-1686764117\" class=\"col medium-3 small-12 large-3\"  >\n\t\t\t\t<div class=\"col-inner\"  >\n\t\t\t\n\t\t\t\n\t<div class=\"img has-hover x md-x lg-x y md-y lg-y\" id=\"image_1679019498\">\n\t\t\t\t\t\t\t\t<div class=\"img-inner dark\" >\n\t\t\t<img decoding=\"async\" width=\"100\" height=\"100\" src=\"https:\/\/ecoturbino.world\/wp-content\/uploads\/2024\/01\/impact5.svg\" class=\"attachment-original size-original\" alt=\"\" \/>\t\t\t\t\t\t\n\t\t\t\t\t<\/div>\n\t\t\t\t\t\t\t\t\n<style>\n#image_1679019498 {\n  width: 100%;\n}\n<\/style>\n\t<\/div>\n\t\n\t\t<\/div>\n\t\t\t\t\t<\/div>\n\n\t\n<\/div>\n<div class=\"row\"  id=\"row-176412838\">\n\n\t<div id=\"col-1105571814\" class=\"col small-12 large-12\"  >\n\t\t\t\t<div class=\"col-inner\"  >\n\t\t\t\n\t\t\t\n<div class=\"is-divider divider clearfix\" style=\"max-width:100%;height:1px;\"><\/div>\n<h2><span style=\"font-size: 120%;\">Var\u010devanje z vodo, stro\u0161ki energije in odpadno vodo za vse | Pomen ecoturbina\u00ae<\/span><\/h2>\n<p>S tem \u0161e dodatno zmanj\u0161ujemo porabo vode med prhanjem v Evropi! Podatki bodo sledili!<\/p>\n<p><strong>Na\u0161 svet postaja vse bolj suh<\/strong>, z <strong>Cene vode in energije se nenehno zvi\u0161ujejo.<\/strong>, prav tako pa se pove\u010dujejo stro\u0161ki \u010distilnih naprav za odpadne vode. Zaradi teh izzivov je treba u\u010dinkoviteje uporabljati vire in delovati trajnostno.<\/p>\n<blockquote>\n<p>Eden od na videz nepomembnih, a <strong>kljub temu potratne navade je prhanje<\/strong>. U\u017eivamo v kratkem sre\u010danju s toplo vodo, ki pa se nato spremeni v toplo odpadno vodo, ki jo preprosto odplaknemo v odtok.<\/p>\n<\/blockquote>\n<p>To je <strong><a href=\"https:\/\/ecoturbino.world\/sl\/pravila-eu-o-sladki-vodi\/\">nesmiselno zapravljanje dragocene vode.<\/a> in energija<\/strong> in je v nasprotju z na\u010deli trajnosti in varstva okolja. V tem primeru je <strong>prelomna tehnologija ecoturbino<\/strong> ki omogo\u010da, da lahko vsakdo<strong> prihranite 40 odstotkov porabe vode.<\/strong> med prhanjem in takoj zmanj\u0161ajte stro\u0161ke.<\/p>\n<h3>Vpra\u0161anje <strong>poraba vode in energije med prhanjem.<\/strong><\/h3>\n<p><strong>Tu\u0161iranje<\/strong> je ena od na\u0161ih vsakodnevnih navad, pri kateri pogosto premalo razmi\u0161ljamo o njenem vplivu na okolje. U\u017eivamo v topli vodi, ki nam te\u010de po ko\u017ei, in pozabljamo, da je to omejen vir.<\/p>\n<p>Te\u017eava se za\u010dne, ko <strong>uporabljena voda za prhanje gre v kanalizacijo kot topla odpadna voda.<\/strong> Za ogrevanje vode je potrebna energija, pogosto iz neobnovljivih virov, kar povzro\u010da stro\u0161ke.<\/p>\n<p>Poleg tega morajo \u010distilne naprave <strong>obdelavo te odpadne vode, kar pove\u010duje dodatne stro\u0161ke.<\/strong>. Visoki stro\u0161ki \u010di\u0161\u010denja odpadne vode.<\/p>\n\t<div id=\"gap-1960529106\" class=\"gap-element clearfix\" style=\"display:block; height:auto;\">\n\t\t\n<style>\n#gap-1960529106 {\n  padding-top: 30px;\n}\n<\/style>\n\t<\/div>\n\t\n<div class=\"row\"  id=\"row-741335437\">\n\n\t<div id=\"col-1424148589\" class=\"col medium-4 small-12 large-4\"  >\n\t\t\t\t<div class=\"col-inner\"  >\n\t\t\t\n\t\t\t\n\t<div class=\"img has-hover radius10 x md-x lg-x y md-y lg-y\" id=\"image_765656931\">\n\t\t\t\t\t\t\t\t<div class=\"img-inner dark\" >\n\t\t\t<img decoding=\"async\" width=\"600\" height=\"600\" src=\"https:\/\/ecoturbino.world\/wp-content\/uploads\/2024\/01\/water-saving-environment-costs_600.webp\" class=\"attachment-original size-original\" alt=\"Simbol za var\u010devanje z vodo in varstvo okolja\" srcset=\"https:\/\/ecoturbino.world\/wp-content\/uploads\/2024\/01\/water-saving-environment-costs_600.webp 600w, https:\/\/ecoturbino.world\/wp-content\/uploads\/2024\/01\/water-saving-environment-costs_600-500x500.webp 500w, https:\/\/ecoturbino.world\/wp-content\/uploads\/2024\/01\/water-saving-environment-costs_600-32x32.webp 32w, https:\/\/ecoturbino.world\/wp-content\/uploads\/2024\/01\/water-saving-environment-costs_600-48x48.webp 48w, https:\/\/ecoturbino.world\/wp-content\/uploads\/2024\/01\/water-saving-environment-costs_600-80x80.webp 80w, https:\/\/ecoturbino.world\/wp-content\/uploads\/2024\/01\/water-saving-environment-costs_600-180x180.webp 180w\" sizes=\"(max-width: 600px) 100vw, 600px\" \/>\t\t\t\t\t\t\n\t\t\t\t\t<\/div>\n\t\t\t\t\t\t\t\t\n<style>\n#image_765656931 {\n  width: 100%;\n}\n<\/style>\n\t<\/div>\n\t\n\t\t<\/div>\n\t\t\t\t\t<\/div>\n\n\t\n\n\t<div id=\"col-1400991657\" class=\"col medium-8 small-12 large-8\"  >\n\t\t\t\t<div class=\"col-inner\"  >\n\t\t\t\n\t\t\t\n<h3>Re\u0161itev: ecoturbino<\/h3>\n<p>ecoturbino ponuja preprosto in u\u010dinkovito re\u0161itev tega problema. Tehnologija je bila razvita za zmanj\u0161anje<strong> poraba vode med prhanjem za neverjetnih 40 odstotkov.<\/strong> ne da bi morali uporabniki \u017ertvovati udobje pri prhanju. Tukaj je nekaj prednosti, ki jih ecoturbino ponuja vsem:<\/p>\n<ul>\n<li><strong>Zmanj\u0161anje stro\u0161kov:<\/strong> ecoturbino vsem omogo\u010da, da znatno zmanj\u0161ajo stro\u0161ke vode in energije. Z manj\u0161o porabo vode je treba ogrevati manj vode, kar pomeni ni\u017eje stro\u0161ke energije. Ni\u017eji stro\u0161ki vode zagotavljajo dodatno finan\u010dno prednost.<\/li>\n<li><strong>Okolju prijazno:<\/strong> Z zmanj\u0161anjem porabe vode in var\u010devanjem z energijo ecoturbino prispeva k varovanju okolja. Pomaga zmanj\u0161ati porabo vode in zmanj\u0161ati emisije CO2 ter tako prispeva k varovanju okolja.<\/li>\n<li><strong>Kratka doba vra\u010danja:<\/strong> Nabavni stro\u0161ki sistema ecoturbino so nizki, prihranki pri stro\u0161kih vode in energije pa se povrnejo v kratkem \u010dasu. To je ekonomsko smiselna odlo\u010ditev za podjetja, hotele, dru\u017eine, klube, bolni\u0161nice, domove za ostarele in \u0161tevilne druge.<\/li>\n<li><strong>Brez kompromisov pri u\u017eivanju pod prho:<\/strong> Kljub manj\u0161i porabi vode ecoturbino \u0161e naprej zagotavlja prijetno in spro\u0161\u010dujo\u010do izku\u0161njo prhanja. Vodni tok ostaja mo\u010dan in prijeten, ne da bi bila pri tem ogro\u017eena kakovost prhanja.<\/li>\n<\/ul>\n\t\t<\/div>\n\t\t\t\t\t<\/div>\n\n\t\n<\/div>\n\t<div id=\"gap-580337719\" class=\"gap-element clearfix\" style=\"display:block; height:auto;\">\n\t\t\n<style>\n#gap-580337719 {\n  padding-top: 30px;\n}\n<\/style>\n\t<\/div>\n\t\n<div class=\"row\"  id=\"row-1070461194\">\n\n\t<div id=\"col-1045303944\" class=\"col medium-6 small-12 large-6\"  >\n\t\t\t\t<div class=\"col-inner\"  >\n\t\t\t\n\t\t\t\n<h3>Dodatne prednosti sistema ecoturbino<\/h3>\n<p>ecoturbino poleg prihranka stro\u0161kov ponuja \u0161e druge prednosti. Pomaga ohranjati zaloge vode in <strong>zmanj\u0161ati obremenitev \u010distilnih naprav za odpadne vode.<\/strong>. To je \u0161e posebej pomembno v \u010dasu, ko se vse bolj pojavljajo pomanjkanje vode in vplivi na okolje.<\/p>\n\t\t<\/div>\n\t\t\t\t\t<\/div>\n\n\t\n\n\t<div id=\"col-1985230597\" class=\"col medium-6 small-12 large-6\"  >\n\t\t\t\t<div class=\"col-inner\" style=\"background-color:#c0d63d;\" >\n\t\t\t\n\t\t\t\n\t<div id=\"text-2401742029\" class=\"text\">\n\t\t\n<h4 class=\"uppercase\">ZAKLJU\u010cEK<\/h4>\n\t\t\n<style>\n#text-2401742029 {\n  font-size: 2rem;\n  text-align: right;\n  color: rgb(255, 255, 255);\n}\n#text-2401742029 > * {\n  color: rgb(255, 255, 255);\n}\n@media (min-width:550px) {\n  #text-2401742029 {\n    font-size: 3.5rem;\n  }\n}\n<\/style>\n\t<\/div>\n\t\n<h3>ecoturbino - Zmaga za vse, <a href=\"https:\/\/www.google.com\/aclk?sa=l&amp;ai=DChcSEwizlIz2qdWDAxXtm1oFHdKnCJEYABAAGgJ2dQ&amp;ase=2&amp;gclid=Cj0KCQiAwP6sBhDAARIsAPfK_watGz1qAKakOF_2c21Sq6uC66UaUaL18vzWqCx2GV9fPAC4TGya1OQaAgj9EALw_wcB&amp;ei=1t2fZZTQN4yJ9u8PsZifyAM&amp;sig=AOD64_3tZ_HBVO8lhe659upTWIB85jM_VA&amp;q&amp;sqi=2&amp;nis=4&amp;adurl&amp;ved=2ahUKEwiUk4L2qdWDAxWMhP0HHTHMBzkQ0Qx6BAgIEAE\" target=\"_blank\" rel=\"noopener sponsored\">Certifikat T\u00dcV<\/a> izra\u010dun amortizacije<\/h3>\n<p><strong>ecoturbino je inovativna re\u0161itev za var\u010devanje z vodo, energijo in odpadno vodo,<\/strong> vse to brez kompromisov pri u\u017eivanju v prhanju. Tehnologija je primerna za podjetja, hotele, dru\u017eine, klube, bolni\u0161nice, domove za ostarele in \u0161tevilne druge.<\/p>\n<blockquote>\n<p>Z ecoturbino lahko vsi prispevamo k varovanju okolja in hkrati zmanj\u0161amo svoje finan\u010dno breme.<\/p>\n<\/blockquote>\n<p>\u010cas je, da prevzamemo odgovornost za svoje vire in naredimo korak k trajnosti.<\/p>\n\t\t<\/div>\n\t\t\t\t\n<style>\n#col-1985230597 > .col-inner {\n  padding: 10px 20px 1px 25px;\n  border-radius: 10px;\n}\n<\/style>\n\t<\/div>\n\n\t\n<\/div>\n\t\t<\/div>\n\t\t\t\t\n<style>\n#col-1105571814 > .col-inner {\n  margin: 0px 0px -125px 0px;\n}\n@media (min-width:550px) {\n  #col-1105571814 > .col-inner {\n    margin: 0px 0px -200px 0px;\n  }\n}\n<\/style>\n\t<\/div>\n\n\t\n<\/div>\n\t\t<\/div>\n\n\t\t\n<style>\n#section_662339005 {\n  padding-top: 30px;\n  padding-bottom: 30px;\n}\n<\/style>\n\t<\/section>\n\t\n\n\t<section class=\"section\" id=\"section_1521921887\">\n\t\t<div class=\"section-bg fill\" >\n\t\t\t<img decoding=\"async\" width=\"1920\" height=\"683\" src=\"https:\/\/ecoturbino.world\/wp-content\/uploads\/2025\/12\/ecoturbino-function_1920-1.webp\" class=\"bg attachment- size-\" alt=\"ecoturbino funktion\" \/>\t\t\t\t\t\t<div class=\"section-bg-overlay absolute fill\"><\/div>\n\t\t\t\n\n\t\t<\/div>\n\n\t\t\t<div class=\"ux-shape-divider ux-shape-divider--top ux-shape-divider--style-waves-opacity\">\n\t\t<svg viewbox=\"0 0 1000 300\" xmlns=\"http:\/\/www.w3.org\/2000\/svg\" preserveaspectratio=\"none\">\n    <path class=\"ux-shape-fill\" d=\"M0 300L-1 69.71C216 57 299.47 198.86 403 226C506 253 577 196 660 197C740 198 790.09 234.07 874 267C935.23 291 982 282.61 1000 277.61V300H0Z\"\/>\n    <path class=\"ux-shape-fill\" opacity=\"0.5\" d=\"M1 265.094L0 50.5C217 37.79 300.47 186.36 404 213.5C507 240.5 578 196.5 661 197.5C741 198.5 787.59 239.57 871.5 272.5C932.73 296.5 980.5 284.5 998.5 279.5V298.5L1 265.094Z\"\/>\n    <path class=\"ux-shape-fill\" opacity=\"0.15\" d=\"M0.999878 244.094L-0.00012207 27C217 14.29 300.47 173.86 404 201C507 228 578 196 661 197C741 198 787.59 243.07 871.5 276C932.73 300 980.5 284.5 998.5 279.5V299L0.999878 244.094Z\"\/>\n<\/svg>\n\n\t<\/div>\n\n\n\t\t<div class=\"section-content relative\">\n\t\t\t\n\t\t<\/div>\n\n\t\t\n<style>\n#section_1521921887 {\n  padding-top: 125px;\n  padding-bottom: 125px;\n}\n#section_1521921887 .section-bg-overlay {\n  background-color: rgba(0, 0, 0, 0.25);\n}\n#section_1521921887 .ux-shape-divider--top svg {\n  height: 80px;\n  --divider-top-width: 100%;\n}\n@media (min-width:550px) {\n  #section_1521921887 {\n    padding-top: 200px;\n    padding-bottom: 200px;\n  }\n  #section_1521921887 .ux-shape-divider--top svg {\n    height: 124px;\n  }\n}\n<\/style>\n\t<\/section>","protected":false},"excerpt":{"rendered":"","protected":false},"author":2,"featured_media":1680,"parent":0,"menu_order":0,"comment_status":"closed","ping_status":"closed","template":"page-blank.php","meta":{"inline_featured_image":false,"footnotes":""},"class_list":["post-1212","page","type-page","status-publish","has-post-thumbnail","hentry"],"_links":{"self":[{"href":"https:\/\/ecoturbino.world\/sl\/wp-json\/wp\/v2\/pages\/1212","targetHints":{"allow":["GET"]}}],"collection":[{"href":"https:\/\/ecoturbino.world\/sl\/wp-json\/wp\/v2\/pages"}],"about":[{"href":"https:\/\/ecoturbino.world\/sl\/wp-json\/wp\/v2\/types\/page"}],"author":[{"embeddable":true,"href":"https:\/\/ecoturbino.world\/sl\/wp-json\/wp\/v2\/users\/2"}],"replies":[{"embeddable":true,"href":"https:\/\/ecoturbino.world\/sl\/wp-json\/wp\/v2\/comments?post=1212"}],"version-history":[{"count":0,"href":"https:\/\/ecoturbino.world\/sl\/wp-json\/wp\/v2\/pages\/1212\/revisions"}],"wp:featuredmedia":[{"embeddable":true,"href":"https:\/\/ecoturbino.world\/sl\/wp-json\/wp\/v2\/media\/1680"}],"wp:attachment":[{"href":"https:\/\/ecoturbino.world\/sl\/wp-json\/wp\/v2\/media?parent=1212"}],"curies":[{"name":"wp","href":"https:\/\/api.w.org\/{rel}","templated":true}]}}