{"id":1195,"date":"2024-01-01T11:44:09","date_gmt":"2024-01-01T10:44:09","guid":{"rendered":"https:\/\/ecoturbino.eu\/?page_id=1195"},"modified":"2024-01-20T12:37:42","modified_gmt":"2024-01-20T11:37:42","slug":"vpliv-1","status":"publish","type":"page","link":"https:\/\/ecoturbino.world\/sl\/impact-1\/","title":{"rendered":"Prha z zvokom slapu in de\u017eja | ecoturbino"},"content":{"rendered":"<section class=\"section zindex1\" id=\"section_638482998\">\n\t\t<div class=\"section-bg fill\" >\n\t\t\t\t\t\t\t\t\t\n\t\t\t\n\n\t\t<\/div>\n\n\t\t\n\n\t\t<div class=\"section-content relative\">\n\t\t\t\n<div class=\"row row-small\"  id=\"row-432471635\">\n\n\t<div id=\"col-930145975\" class=\"col medium-9 small-12 large-9\"  >\n\t\t\t\t<div class=\"col-inner\"  >\n\t\t\t\n\t\t\t\n<h1 class=\"uppercase\">Vodni slap in zvo\u010dno do\u017eivetje ob prhanju z de\u017ejem | Ecoturbino\u00ae<\/h1>\n<h3 class=\"thin-font\">prvi u\u010dinek sistema ecoturbino\u00ae za var\u010devanje z vodo in varovanje okolja<\/h3>\n<div class=\"row\"  id=\"row-1802037110\">\n\n\t<div id=\"col-348599479\" class=\"col medium-11 small-12 large-11\"  >\n\t\t\t\t<div class=\"col-inner\"  >\n\t\t\t\n\t\t\t\n\t<div id=\"stack-3143378462\" class=\"stack stack-row justify-start items-start sm:stack-row\">\n\t\t\n\t<div class=\"img has-hover x md-x lg-x y md-y lg-y\" id=\"image_2001316074\">\n\t\t\t\t\t\t\t\t<div class=\"img-inner dark\" >\n\t\t\t<img decoding=\"async\" width=\"100\" height=\"100\" src=\"https:\/\/ecoturbino.world\/wp-content\/uploads\/2024\/01\/impact1.svg\" class=\"attachment-original size-original\" alt=\"\" \/>\t\t\t\t\t\t\n\t\t\t\t\t<\/div>\n\t\t\t\t\t\t\t\t\n<style>\n#image_2001316074 {\n  width: 100%;\n}\n<\/style>\n\t<\/div>\n\t\n\t<div class=\"img has-hover x md-x lg-x y md-y lg-y\" id=\"image_2121690246\">\n\t\t<a class=\"\" href=\"\/sl\/vpliv-2\/\" >\t\t\t\t\t\t<div class=\"img-inner image-color dark\" >\n\t\t\t<img decoding=\"async\" width=\"100\" height=\"100\" src=\"https:\/\/ecoturbino.world\/wp-content\/uploads\/2024\/01\/impact2.svg\" class=\"attachment-original size-original\" alt=\"\" \/>\t\t\t\t\t\t\n\t\t\t\t\t<\/div>\n\t\t\t\t\t\t<\/a>\t\t\n<style>\n#image_2121690246 {\n  width: 100%;\n}\n<\/style>\n\t<\/div>\n\t\n\t<div class=\"img has-hover x md-x lg-x y md-y lg-y\" id=\"image_85610587\">\n\t\t<a class=\"\" href=\"\/sl\/vpliv-3\/\" >\t\t\t\t\t\t<div class=\"img-inner image-color dark\" >\n\t\t\t<img decoding=\"async\" width=\"100\" height=\"100\" src=\"https:\/\/ecoturbino.world\/wp-content\/uploads\/2024\/01\/impact3.svg\" class=\"attachment-original size-original\" alt=\"U\u010dinek 3 podjetja ecoturbino\" \/>\t\t\t\t\t\t\n\t\t\t\t\t<\/div>\n\t\t\t\t\t\t<\/a>\t\t\n<style>\n#image_85610587 {\n  width: 100%;\n}\n<\/style>\n\t<\/div>\n\t\n\t<div class=\"img has-hover x md-x lg-x y md-y lg-y\" id=\"image_1855315516\">\n\t\t<a class=\"\" href=\"\/sl\/vpliv-4\/\" >\t\t\t\t\t\t<div class=\"img-inner image-color dark\" >\n\t\t\t<img decoding=\"async\" width=\"100\" height=\"100\" src=\"https:\/\/ecoturbino.world\/wp-content\/uploads\/2024\/01\/impact4.svg\" class=\"attachment-original size-original\" alt=\"Vpliv 4 ecoturbina\" \/>\t\t\t\t\t\t\n\t\t\t\t\t<\/div>\n\t\t\t\t\t\t<\/a>\t\t\n<style>\n#image_1855315516 {\n  width: 100%;\n}\n<\/style>\n\t<\/div>\n\t\n\t<div class=\"img has-hover x md-x lg-x y md-y lg-y\" id=\"image_21905280\">\n\t\t<a class=\"\" href=\"\/sl\/vpliv-5\/\" >\t\t\t\t\t\t<div class=\"img-inner image-color dark\" >\n\t\t\t<img decoding=\"async\" width=\"100\" height=\"100\" src=\"https:\/\/ecoturbino.world\/wp-content\/uploads\/2024\/01\/impact5.svg\" class=\"attachment-original size-original\" alt=\"\" \/>\t\t\t\t\t\t\n\t\t\t\t\t<\/div>\n\t\t\t\t\t\t<\/a>\t\t\n<style>\n#image_21905280 {\n  width: 100%;\n}\n<\/style>\n\t<\/div>\n\t\n\t<div class=\"img has-hover x md-x lg-x y md-y lg-y\" id=\"image_768737568\">\n\t\t<a class=\"\" href=\"\/sl\/vpliv-6\/\" >\t\t\t\t\t\t<div class=\"img-inner image-color dark\" >\n\t\t\t<img decoding=\"async\" width=\"100\" height=\"100\" src=\"https:\/\/ecoturbino.world\/wp-content\/uploads\/2024\/01\/impact6.svg\" class=\"attachment-original size-original\" alt=\"U\u010dinek 6 ecoturbina\" \/>\t\t\t\t\t\t\n\t\t\t\t\t<\/div>\n\t\t\t\t\t\t<\/a>\t\t\n<style>\n#image_768737568 {\n  width: 100%;\n}\n<\/style>\n\t<\/div>\n\t\n\t<div class=\"img has-hover x md-x lg-x y md-y lg-y\" id=\"image_1781898294\">\n\t\t<a class=\"\" href=\"\/sl\/vpliv-7\/\" >\t\t\t\t\t\t<div class=\"img-inner image-color dark\" >\n\t\t\t<img decoding=\"async\" width=\"100\" height=\"100\" src=\"https:\/\/ecoturbino.world\/wp-content\/uploads\/2024\/01\/impact7.svg\" class=\"attachment-original size-original\" alt=\"U\u010dinek 7 ecoturbina\" \/>\t\t\t\t\t\t\n\t\t\t\t\t<\/div>\n\t\t\t\t\t\t<\/a>\t\t\n<style>\n#image_1781898294 {\n  width: 100%;\n}\n<\/style>\n\t<\/div>\n\t\n\t\t\n<style>\n#stack-3143378462 > * {\n  --stack-gap: 0.5rem;\n}\n@media (min-width:550px) {\n  #stack-3143378462 > * {\n    --stack-gap: 1rem;\n  }\n}\n<\/style>\n\t<\/div>\n\t\n\t\t<\/div>\n\t\t\t\t\t<\/div>\n\n\t\n<\/div>\n\t\t<\/div>\n\t\t\t\t\t<\/div>\n\n\t\n\n\t<div id=\"col-934563791\" class=\"col medium-3 small-12 large-3\"  >\n\t\t\t\t<div class=\"col-inner\"  >\n\t\t\t\n\t\t\t\n\t<div class=\"img has-hover x md-x lg-x y md-y lg-y\" id=\"image_1259802369\">\n\t\t\t\t\t\t\t\t<div class=\"img-inner dark\" >\n\t\t\t<img decoding=\"async\" width=\"100\" height=\"100\" src=\"https:\/\/ecoturbino.world\/wp-content\/uploads\/2024\/01\/impact1.svg\" class=\"attachment-original size-original\" alt=\"\" \/>\t\t\t\t\t\t\n\t\t\t\t\t<\/div>\n\t\t\t\t\t\t\t\t\n<style>\n#image_1259802369 {\n  width: 100%;\n}\n<\/style>\n\t<\/div>\n\t\n\t\t<\/div>\n\t\t\t\t\t<\/div>\n\n\t\n<\/div>\n<div class=\"row\"  id=\"row-1899385903\">\n\n\t<div id=\"col-1004711027\" class=\"col small-12 large-12\"  >\n\t\t\t\t<div class=\"col-inner\"  >\n\t\t\t\n\t\t\t\n<div class=\"is-divider divider clearfix\" style=\"max-width:100%;height:1px;\"><\/div>\n<h2><span style=\"font-size: 120%;\">Do\u017eivetje tu\u0161iranja kot na prostem | zvo\u010dni de\u017e za udobje<\/span><\/h2>\n<p>Za mnoge ljudi je vsakodnevna <strong>tu\u0161iranje<\/strong> je ve\u010d kot le nujen higienski ukrep. To je <strong>trenutek sprostitve, dobrega po\u010dutja in osve\u017eitve.<\/strong><\/p>\n<p>V dana\u0161njem hekti\u010dnem svetu, kjer so stres in roki vseprisotni, je <strong>tu\u0161 je lahko oaza miru<\/strong> in pomlajevanje.<\/p>\n<p>In ko lahko izbolj\u0161ate<strong> tu\u0161iranje z ob\u010dutkom<\/strong> kot da stoji\u0161 pod <strong>osve\u017eujo\u010d de\u017eni tu\u0161 na prostem ali ob slapu,<\/strong> ta trenutek postane nekaj posebnega. Zahvaljujo\u010d ecoturbinu je to zdaj mogo\u010de.<\/p>\n<h3>Hrepenenje po naravi v kopalnici<\/h3>\n<p>Spletna stran <strong>hrepenenje po naravi in prostem \u010dasu.<\/strong> je globoko zakoreninjena v nas. Skozi zgodovino, <strong>ljudje so iskali povezavo z naravo.<\/strong> in ga vklju\u010dili v na\u0161e vsakdanje \u017eivljenje, bodisi z ozelenitvijo bivalnih prostorov bodisi z uporabo naravnih materialov.<\/p>\n<p>Zato je povsem naravno, da \u017eelimo naravo do\u017eiveti tudi v svoji kopalnici. Zamisel, da bi stali pod osve\u017eujo\u010dim de\u017enim tu\u0161em z <strong>zvoki vode na prostem<\/strong>, medtem ko je toplo <strong>voda ne\u017eno te\u010de po na\u0161ih telesih<\/strong>, je za mnoge med nami zelo privla\u010dna. Zahvaljujo\u010d ecoturbino je to zdaj mogo\u010de.<\/p>\n\t<div id=\"gap-1283955\" class=\"gap-element clearfix\" style=\"display:block; height:auto;\">\n\t\t\n<style>\n#gap-1283955 {\n  padding-top: 30px;\n}\n<\/style>\n\t<\/div>\n\t\n<div class=\"row\"  id=\"row-1549227390\">\n\n\t<div id=\"col-1274474306\" class=\"col medium-4 small-12 large-4\"  >\n\t\t\t\t<div class=\"col-inner\"  >\n\t\t\t\n\t\t\t\n\t<div class=\"img has-hover radius10 x md-x lg-x y md-y lg-y\" id=\"image_1821474815\">\n\t\t\t\t\t\t\t\t<div class=\"img-inner dark\" >\n\t\t\t<img decoding=\"async\" width=\"600\" height=\"600\" src=\"https:\/\/ecoturbino.world\/wp-content\/uploads\/2024\/01\/waterfall_600.webp\" class=\"attachment-original size-original\" alt=\"Simbol slapa\" srcset=\"https:\/\/ecoturbino.world\/wp-content\/uploads\/2024\/01\/waterfall_600.webp 600w, https:\/\/ecoturbino.world\/wp-content\/uploads\/2024\/01\/waterfall_600-500x500.webp 500w, https:\/\/ecoturbino.world\/wp-content\/uploads\/2024\/01\/waterfall_600-32x32.webp 32w, https:\/\/ecoturbino.world\/wp-content\/uploads\/2024\/01\/waterfall_600-48x48.webp 48w, https:\/\/ecoturbino.world\/wp-content\/uploads\/2024\/01\/waterfall_600-80x80.webp 80w, https:\/\/ecoturbino.world\/wp-content\/uploads\/2024\/01\/waterfall_600-180x180.webp 180w\" sizes=\"(max-width: 600px) 100vw, 600px\" \/>\t\t\t\t\t\t\n\t\t\t\t\t<\/div>\n\t\t\t\t\t\t\t\t\n<style>\n#image_1821474815 {\n  width: 100%;\n}\n<\/style>\n\t<\/div>\n\t\n\t\t<\/div>\n\t\t\t\t\t<\/div>\n\n\t\n\n\t<div id=\"col-1201086732\" class=\"col medium-8 small-12 large-8\"  >\n\t\t\t\t<div class=\"col-inner\"  >\n\t\t\t\n\t\t\t\n<h3>Zvok vode in de\u017eja | spro\u0161\u010dujo\u010de slu\u0161no do\u017eivetje<\/h3>\n<p>Toda <strong>Do\u017eivetje z de\u017ejem in vodnim zvokom pri prhanju<\/strong> pod tu\u0161em presega ob\u010dutek toplega de\u017eja na ko\u017ei. Vklju\u010duje tudi pomirjujo\u010d zvok de\u017eja, ki ne\u017eno udarja ob telo in nato pada po kaskadah. To ne\u017eno \u0161umenje nas spominja na osve\u017eujo\u010do <strong>zunanji de\u017eevni tu\u0161<\/strong> in pomaga odpraviti stres vsakdanjega \u017eivljenja.<\/p>\n<blockquote>\n<p>Mehur\u010dki zraka pod pritiskom, ki jih ecoturbino vklju\u010di v vodni tok, se v bistvu sprostijo, ko zapustijo \u0161obe glave za prhanje. To ustvarja sve\u017e zvo\u010dni ob\u010dutek, ki ga lahko najbolje primerjamo z de\u017enim pr\u0161enjem na prostem. Fantasti\u010dno do\u017eivetje.<\/p>\n<\/blockquote>\n<p>Spletna stran <strong>zvok <a href=\"https:\/\/en.wikipedia.org\/wiki\/Waterfall\" target=\"_blank\" rel=\"noopener sponsored\">slap<\/a><\/strong> lahko deluje pomirjujo\u010de in bla\u017ei stres. Ustvarja <strong>spro\u0161\u010deno vzdu\u0161je, v katerem se la\u017eje prepustite.<\/strong> in se osredoto\u010dite na izku\u0161njo tu\u0161iranja. Ne\u017eno \u0161umenje vode lahko pomiri um in sprosti telo, kar je \u0161e posebej pomirjujo\u010de po dolgem dnevu.<\/p>\n\t\t<\/div>\n\t\t\t\t\t<\/div>\n\n\t\n<\/div>\n\t<div id=\"gap-405450987\" class=\"gap-element clearfix\" style=\"display:block; height:auto;\">\n\t\t\n<style>\n#gap-405450987 {\n  padding-top: 30px;\n}\n<\/style>\n\t<\/div>\n\t\n<div class=\"row\"  id=\"row-80880285\">\n\n\t<div id=\"col-319236635\" class=\"col medium-6 small-12 large-6\"  >\n\t\t\t\t<div class=\"col-inner\"  >\n\t\t\t\n\t\t\t\n<h3>Znanost o izku\u0161njah pri prhanju<\/h3>\n<blockquote>\n<p>Spro\u0161\u010dujo\u010di u\u010dinek vodnih zvokov je znanstveno potrjen. \u0160tudije so pokazale, da lahko poslu\u0161anje vodnih zvokov zmanj\u0161a raven stresa.<\/p>\n<\/blockquote>\n<p>Spletna stran <strong>zvok de\u017eja, valov ali teko\u010de vode<\/strong> aktivira dolo\u010dene dele mo\u017eganov, povezane s sprostitvijo in dobrim po\u010dutjem.<\/p>\n<p>To pojasnjuje, zakaj veliko ljudi <strong>menite, da je prhanje na\u010din za zmanj\u0161anje stresa in sprostitev.<\/strong>. Zahvaljujo\u010d ecoturbinu je to zdaj mogo\u010de.<\/p>\n\t\t<\/div>\n\t\t\t\t\t<\/div>\n\n\t\n\n\t<div id=\"col-921100596\" class=\"col medium-6 small-12 large-6\"  >\n\t\t\t\t<div class=\"col-inner\" style=\"background-color:#c0d63d;\" >\n\t\t\t\n\t\t\t\n\t<div id=\"text-2643365715\" class=\"text\">\n\t\t\n<h4 class=\"uppercase\">ZAKLJU\u010cEK<\/h4>\n\t\t\n<style>\n#text-2643365715 {\n  font-size: 2rem;\n  text-align: right;\n  color: rgb(255, 255, 255);\n}\n#text-2643365715 > * {\n  color: rgb(255, 255, 255);\n}\n@media (min-width:850px) {\n  #text-2643365715 {\n    font-size: 3.5rem;\n  }\n}\n<\/style>\n\t<\/div>\n\t\n<h3>U\u017eivanje v tu\u0161iranju kot na prostem<\/h3>\n<p>Do\u017eivljanje prhe kot da bi bila <strong>sli\u0161ni de\u017e<\/strong> je ve\u010d kot le preprosta prha. To je na\u010din, kako vklju\u010diti naravo v na\u0161 vsakdan, zmanj\u0161ati stres in se sprostiti.<\/p>\n<p>Ob de\u017eju in <strong>ustrezne atmosferske elemente v <a href=\"https:\/\/ecoturbino.world\/sl\/imenik-svet\/kategorije\/hotel\/\">hotel<\/a> ali doma\u010da kopalnica<\/strong>, lahko vsakdo do\u017eivi ta poseben trenutek sprostitve.<\/p>\n<p>Zato si ob\u010dasno privo\u0161\u010dite oddih pod svojim de\u017enim oblakom in u\u017eivajte v ob\u010dutku, kot da stojite pod toplim de\u017enim tu\u0161em na prostem. Va\u0161e telo in um vam bosta hvale\u017ena.<\/p>\n\t\t<\/div>\n\t\t\t\t\n<style>\n#col-921100596 > .col-inner {\n  padding: 10px 20px 1px 25px;\n  border-radius: 10px;\n}\n<\/style>\n\t<\/div>\n\n\t\n<\/div>\n<div class=\"video video-fit mb\" style=\"padding-top:56.25%;\"><p><iframe title=\"Slap, ki te\u010de \u010dez skale v gozdu 4k. Spro\u0161\u010dujo\u010de teko\u010da voda, beli \u0161um za spanje, meditacijo\" width=\"1020\" height=\"574\" src=\"https:\/\/www.youtube.com\/embed\/sa2JCQ1Dils?feature=oembed\" frameborder=\"0\" allow=\"accelerometer; autoplay; clipboard-write; encrypted-media; gyroscope; picture-in-picture; web-share\" referrerpolicy=\"strict-origin-when-cross-origin\" allowfullscreen><\/iframe><\/p>\n<\/div>\n\t\t<\/div>\n\t\t\t\t\t<\/div>\n\n\t\n<\/div>\n\t\t<\/div>\n\n\t\t\n<style>\n#section_638482998 {\n  padding-top: 30px;\n  padding-bottom: 30px;\n}\n<\/style>\n\t<\/section>","protected":false},"excerpt":{"rendered":"","protected":false},"author":2,"featured_media":1494,"parent":0,"menu_order":0,"comment_status":"closed","ping_status":"closed","template":"page-blank.php","meta":{"inline_featured_image":false,"footnotes":""},"class_list":["post-1195","page","type-page","status-publish","has-post-thumbnail","hentry"],"_links":{"self":[{"href":"https:\/\/ecoturbino.world\/sl\/wp-json\/wp\/v2\/pages\/1195","targetHints":{"allow":["GET"]}}],"collection":[{"href":"https:\/\/ecoturbino.world\/sl\/wp-json\/wp\/v2\/pages"}],"about":[{"href":"https:\/\/ecoturbino.world\/sl\/wp-json\/wp\/v2\/types\/page"}],"author":[{"embeddable":true,"href":"https:\/\/ecoturbino.world\/sl\/wp-json\/wp\/v2\/users\/2"}],"replies":[{"embeddable":true,"href":"https:\/\/ecoturbino.world\/sl\/wp-json\/wp\/v2\/comments?post=1195"}],"version-history":[{"count":0,"href":"https:\/\/ecoturbino.world\/sl\/wp-json\/wp\/v2\/pages\/1195\/revisions"}],"wp:featuredmedia":[{"embeddable":true,"href":"https:\/\/ecoturbino.world\/sl\/wp-json\/wp\/v2\/media\/1494"}],"wp:attachment":[{"href":"https:\/\/ecoturbino.world\/sl\/wp-json\/wp\/v2\/media?parent=1195"}],"curies":[{"name":"wp","href":"https:\/\/api.w.org\/{rel}","templated":true}]}}