{"id":4988,"date":"2026-02-03T13:36:00","date_gmt":"2026-02-03T12:36:00","guid":{"rendered":"https:\/\/ecoturbino.world\/?page_id=4988"},"modified":"2026-02-04T00:11:14","modified_gmt":"2026-02-03T23:11:14","slug":"vysledok","status":"publish","type":"page","link":"https:\/\/ecoturbino.world\/sk\/result\/","title":{"rendered":"Str\u00e1nka s v\u00fdsledkami"},"content":{"rendered":"<div class=\"row align-right\"  id=\"row-1076004877\">\n\n\t<div id=\"col-1785085542\" class=\"col hide-for-medium medium-5 small-12 large-5\"  >\n\t\t\t\t<div class=\"col-inner\"  >\n\t\t\t\n\t<div class=\"is-border\"\n\t\tstyle=\"border-color:rgb(20, 153, 214);border-radius:5px;border-width:1px 1px 1px 1px;\">\n\t<\/div>\n\t\t\t\n\n\n\n\t<div id=\"gap-1598046089\" class=\"gap-element clearfix\" style=\"display:block; height:auto;\">\n\t\t\n<style>\n#gap-1598046089 {\n  padding-top: 15px;\n}\n<\/style>\n\t<\/div>\n\t\n<div class=\"accordion\">\n\t<div id=\"accordion-1817754733\" class=\"accordion-item\">\n\t\t<a id=\"accordion-1817754733-label\" class=\"accordion-title plain\" href=\"#accordion-item-ecoturbino\u00ae-by-country\" aria-expanded=\"false\" aria-controls=\"accordion-1817754733-content\">\n\t\t\t<button class=\"toggle\" aria-label=\"Prep\u00edna\u010d\"><i class=\"icon-angle-down\" aria-hidden=\"true\"><\/i><\/button>\n\t\t\t<span>ecoturbino\u00ae pod\u013ea krajiny<\/span>\n\t\t<\/a>\n\t\t<div id=\"accordion-1817754733-content\" class=\"accordion-inner\" aria-labelledby=\"accordion-1817754733-label\">\n\t\t\t\n<a href=\"https:\/\/ecoturbino.world\/sk\/adresarovy-svet\/lokality\/rakusko\/\" class=\"button primary is-outline is-small expand\" style=\"border-radius:10px;\">\n\t\t<span>Rak\u00fasko<\/span>\n\t<\/a>\n\n<a href=\"https:\/\/ecoturbino.world\/sk\/adresarovy-svet\/lokality\/bahrajn\/\" class=\"button primary is-outline is-small expand\" style=\"border-radius:10px;\">\n\t\t<span>Bahrajn<\/span>\n\t<\/a>\n\n<a href=\"https:\/\/ecoturbino.world\/sk\/adresarovy-svet\/lokality\/chorvatsko\/\" class=\"button primary is-outline is-small expand\" style=\"border-radius:10px;\">\n\t\t<span>Chorv\u00e1tsko<\/span>\n\t<\/a>\n\n<a href=\"https:\/\/ecoturbino.world\/sk\/adresarovy-svet\/lokality\/nemecko\/\" class=\"button primary is-outline is-small expand\" style=\"border-radius:10px;\">\n\t\t<span>Nemecko<\/span>\n\t<\/a>\n\n<a href=\"https:\/\/ecoturbino.world\/sk\/adresarovy-svet\/lokality\/madarsko\/\" class=\"button primary is-outline is-small expand\" style=\"border-radius:10px;\">\n\t\t<span>Ma\u010farsko<\/span>\n\t<\/a>\n\n<a href=\"https:\/\/ecoturbino.world\/sk\/adresarovy-svet\/lokality\/irsko\/\" class=\"button primary is-outline is-small expand\" style=\"border-radius:10px;\">\n\t\t<span>\u00cdrsko<\/span>\n\t<\/a>\n\n<a href=\"https:\/\/ecoturbino.world\/sk\/adresarovy-svet\/lokality\/taliansko\/\" class=\"button primary is-outline is-small expand\" style=\"border-radius:10px;\">\n\t\t<span>Taliansko<\/span>\n\t<\/a>\n\n<a href=\"https:\/\/ecoturbino.world\/sk\/adresarovy-svet\/lokality\/lotyssko\/\" class=\"button primary is-outline is-small expand\" style=\"border-radius:10px;\">\n\t\t<span>Loty\u0161sko<\/span>\n\t<\/a>\n\n<a href=\"https:\/\/ecoturbino.world\/sk\/adresarovy-svet\/lokality\/luxembursko\/\" class=\"button primary is-outline is-small expand\" style=\"border-radius:10px;\">\n\t\t<span>Luxembursko<\/span>\n\t<\/a>\n\n<a href=\"https:\/\/ecoturbino.world\/sk\/adresarovy-svet\/lokality\/malta\/\" class=\"button primary is-outline is-small expand\" style=\"border-radius:10px;\">\n\t\t<span>Malta<\/span>\n\t<\/a>\n\n<a href=\"https:\/\/ecoturbino.world\/sk\/adresarovy-svet\/lokality\/slovinsko\/\" class=\"button primary is-outline is-small expand\" style=\"border-radius:10px;\">\n\t\t<span>Slovinsko<\/span>\n\t<\/a>\n\n<a href=\"https:\/\/ecoturbino.world\/sk\/adresarovy-svet\/lokality\/spanielsko\/\" class=\"button primary is-outline is-small expand\" style=\"border-radius:10px;\">\n\t\t<span>\u0160panielsko<\/span>\n\t<\/a>\n\n<a href=\"https:\/\/ecoturbino.world\/sk\/adresarovy-svet\/lokality\/svajciarsko\/\" class=\"button primary is-outline is-small expand\" style=\"border-radius:10px;\">\n\t\t<span>\u0160vaj\u010diarsko<\/span>\n\t<\/a>\n\n<a href=\"https:\/\/ecoturbino.world\/sk\/adresarovy-svet\/lokality\/juzna-korea\/\" class=\"button primary is-outline is-small expand\" style=\"border-radius:10px;\">\n\t\t<span>Ju\u017en\u00e1 K\u00f3rea<\/span>\n\t<\/a>\n\n<a href=\"https:\/\/ecoturbino.world\/sk\/adresarovy-svet\/lokality\/moriak\/\" class=\"button primary is-outline is-small expand\" style=\"border-radius:10px;\">\n\t\t<span>Turecko<\/span>\n\t<\/a>\n\n<a href=\"https:\/\/ecoturbino.world\/sk\/adresarovy-svet\/lokality\/spojene-arabske-emiraty\/\" class=\"button primary is-outline is-small expand\" style=\"border-radius:10px;\">\n\t\t<span>Spojen\u00e9 arabsk\u00e9 emir\u00e1ty<\/span>\n\t<\/a>\n\n\t\t<\/div>\n\t<\/div>\n\t\n<\/div>\n\t\t<\/div>\n\t\t\t\t\n<style>\n#col-1785085542 > .col-inner {\n  padding: 15px 15px 15px 15px;\n  margin: 12px 0px 0px 0px;\n}\n<\/style>\n\t<\/div>\n\n\t\n\n\t<div id=\"col-743674333\" class=\"col medium-12 small-12 large-7\"  >\n\t\t\t\t<div class=\"col-inner\"  >\n\t\t\t\n\t\t\t\n\n<div id='wpdreams_asp_results_3'><\/div>\n\n\t<div id=\"gap-180577779\" class=\"gap-element clearfix\" style=\"display:block; height:auto;\">\n\t\t\n<style>\n#gap-180577779 {\n  padding-top: 30px;\n}\n<\/style>\n\t<\/div>\n\t\n\t\t<\/div>\n\t\t\t\t\t<\/div>\n\n\t\n<\/div>","protected":false},"excerpt":{"rendered":"","protected":false},"author":1,"featured_media":0,"parent":0,"menu_order":0,"comment_status":"closed","ping_status":"closed","template":"page-blank.php","meta":{"inline_featured_image":false,"footnotes":""},"class_list":["post-4988","page","type-page","status-publish","hentry"],"_links":{"self":[{"href":"https:\/\/ecoturbino.world\/sk\/wp-json\/wp\/v2\/pages\/4988","targetHints":{"allow":["GET"]}}],"collection":[{"href":"https:\/\/ecoturbino.world\/sk\/wp-json\/wp\/v2\/pages"}],"about":[{"href":"https:\/\/ecoturbino.world\/sk\/wp-json\/wp\/v2\/types\/page"}],"author":[{"embeddable":true,"href":"https:\/\/ecoturbino.world\/sk\/wp-json\/wp\/v2\/users\/1"}],"replies":[{"embeddable":true,"href":"https:\/\/ecoturbino.world\/sk\/wp-json\/wp\/v2\/comments?post=4988"}],"version-history":[{"count":1,"href":"https:\/\/ecoturbino.world\/sk\/wp-json\/wp\/v2\/pages\/4988\/revisions"}],"predecessor-version":[{"id":5052,"href":"https:\/\/ecoturbino.world\/sk\/wp-json\/wp\/v2\/pages\/4988\/revisions\/5052"}],"wp:attachment":[{"href":"https:\/\/ecoturbino.world\/sk\/wp-json\/wp\/v2\/media?parent=4988"}],"curies":[{"name":"wp","href":"https:\/\/api.w.org\/{rel}","templated":true}]}}