{"id":2870,"date":"2024-01-18T01:59:26","date_gmt":"2024-01-18T00:59:26","guid":{"rendered":"https:\/\/ecoturbino.eu\/?page_id=2870"},"modified":"2024-01-18T02:07:39","modified_gmt":"2024-01-18T01:07:39","slug":"gtc","status":"publish","type":"page","link":"https:\/\/ecoturbino.world\/sk\/gtc\/","title":{"rendered":"Terms and Conditions"},"content":{"rendered":"<div class=\"banner has-hover\" id=\"banner-1048843014\">\n          <div class=\"banner-inner fill\">\n        <div class=\"banner-bg fill\" >\n            <img decoding=\"async\" width=\"2000\" height=\"230\" src=\"https:\/\/ecoturbino.world\/wp-content\/uploads\/2024\/01\/wasser-faq-2000-sw.webp\" class=\"bg attachment-original size-original\" alt=\"Vodovodn\u00e9 potrubie\" \/>                                    \n                    <\/div>\n\t\t\n        <div class=\"banner-layers container\">\n            <div class=\"fill banner-link\"><\/div>            \n   <div id=\"text-box-1691755250\" class=\"text-box banner-layer x50 md-x50 lg-x50 y50 md-y50 lg-y50 res-text\">\n                                <div class=\"text-box-content text dark\">\n              \n              <div class=\"text-inner text-center\">\n                  \n<h1>GTC<\/h1>\n              <\/div>\n           <\/div>\n                            \n<style>\n#text-box-1691755250 {\n  width: 100%;\n}\n#text-box-1691755250 .text-box-content {\n  font-size: 100%;\n}\n@media (min-width:550px) {\n  #text-box-1691755250 {\n    width: 71%;\n  }\n}\n@media (min-width:850px) {\n  #text-box-1691755250 {\n    width: 50%;\n  }\n}\n<\/style>\n    <\/div>\n \n        <\/div>\n      <\/div>\n\n            \n<style>\n#banner-1048843014 {\n  padding-top: 110px;\n}\n@media (min-width:550px) {\n  #banner-1048843014 {\n    padding-top: 170px;\n  }\n}\n@media (min-width:850px) {\n  #banner-1048843014 {\n    padding-top: 190px;\n  }\n}\n<\/style>\n  <\/div>\n\n\n<div class=\"row\"  id=\"row-66082176\">\n\n\t<div id=\"col-996425606\" class=\"col small-12 large-12\"  >\n\t\t\t\t<div class=\"col-inner\"  >\n\t\t\t\n\t\t\t\n<h2>V\u0161eobecn\u00e9 obchodn\u00e9 podmienky pre ecoturbino\u00ae World<\/h2>\n<ol>\n<li><strong>Zodpovednos\u0165<\/strong><br \/>Nenesieme \u017eiadnu zodpovednos\u0165 za chyby alebo technick\u00e9 probl\u00e9my, ktor\u00e9 m\u00f4\u017eu vznikn\u00fa\u0165 na internete. Plat\u00ed rak\u00faske pr\u00e1vo.<\/li>\n<li><strong>Zodpovednos\u0165 za obsah<\/strong><br \/>Inform\u00e1cie na tejto webovej str\u00e1nke sl\u00fa\u017eia v\u00fdlu\u010dne na v\u0161eobecn\u00e9 informa\u010dn\u00e9 \u00fa\u010dely a nie s\u00fa z\u00e1v\u00e4zn\u00e9.<\/li>\n<li><strong>Zrieknutie sa zodpovednosti za obsah prepojen\u00fdch str\u00e1nok<\/strong><br \/>T\u00e1to webov\u00e1 str\u00e1nka obsahuje r\u00f4zne odkazy na str\u00e1nky in\u00fdch v\u00fdrobcov at\u010f. na internete. V\u00fdslovne zd\u00f4raz\u0148ujeme, \u017ee nem\u00e1me \u017eiadny vplyv na obsah a dizajn str\u00e1nok, na ktor\u00e9 odkazujeme. Preto nem\u00f4\u017eeme zaru\u010di\u0165 aktu\u00e1lnos\u0165, presnos\u0165 alebo \u00faplnos\u0165 inform\u00e1ci\u00ed, ktor\u00e9 s\u00fa na nich uveden\u00e9. Od cel\u00e9ho obsahu t\u00fdchto str\u00e1nok sa v\u00fdslovne di\u0161tancujeme. Toto vyhl\u00e1senie sa vz\u0165ahuje na v\u0161etky odkazy na extern\u00e9 str\u00e1nky obsiahnut\u00e9 na na\u0161ej str\u00e1nke a na cel\u00fd obsah t\u00fdchto str\u00e1nok, na ktor\u00e9 odkazy ved\u00fa.<\/li>\n<li><strong>Obr\u00e1zkov\u00e9 pr\u00e1va<\/strong><br \/>V\u0161etky pr\u00e1va na obr\u00e1zky ilustr\u00e1ci\u00ed v obchode vlastnia spolo\u010dnosti Ressourcen Saving GmbH a Webdeals Shops GmbH. Pou\u017e\u00edvanie bez n\u00e1\u0161ho v\u00fdslovn\u00e9ho s\u00fahlasu nie je dovolen\u00e9.<\/li>\n<li><strong>Z\u00e1sady ochrany s\u00fakromia a d\u00f4vernosti<\/strong><br \/>Pozrite si, pros\u00edm, n\u00e1\u0161 <a href=\"\/sk\/sukromie-v-kokpite\/ochrana-osobnych-udajov\/\">Dohoda o ochrane osobn\u00fdch \u00fadajov GDPR<\/a>.<\/li>\n<li><strong>Dolo\u017eka o oddelite\u013enosti \/ R\u00f4zne<\/strong><br \/>Neplatnos\u0165 jednotliv\u00fdch ustanoven\u00ed t\u00fdchto v\u0161eobecn\u00fdch obchodn\u00fdch podmienok alebo k\u00fapnej zmluvy nem\u00e1 vplyv na platnos\u0165 ostatn\u00fdch ustanoven\u00ed. Namiesto neplatn\u00e9ho ustanovenia plat\u00ed z\u00e1konn\u00e1 \u00faprava.<\/li>\n<\/ol>\n\t\t<\/div>\n\t\t\t\t\t<\/div>\n\n\t\n<\/div>\n\t<div id=\"gap-1478461644\" class=\"gap-element clearfix\" style=\"display:block; height:auto;\">\n\t\t\n<style>\n#gap-1478461644 {\n  padding-top: 30px;\n}\n<\/style>\n\t<\/div>","protected":false},"excerpt":{"rendered":"","protected":false},"author":1,"featured_media":0,"parent":0,"menu_order":0,"comment_status":"closed","ping_status":"closed","template":"page-blank.php","meta":{"inline_featured_image":false,"footnotes":""},"class_list":["post-2870","page","type-page","status-publish","hentry"],"_links":{"self":[{"href":"https:\/\/ecoturbino.world\/sk\/wp-json\/wp\/v2\/pages\/2870","targetHints":{"allow":["GET"]}}],"collection":[{"href":"https:\/\/ecoturbino.world\/sk\/wp-json\/wp\/v2\/pages"}],"about":[{"href":"https:\/\/ecoturbino.world\/sk\/wp-json\/wp\/v2\/types\/page"}],"author":[{"embeddable":true,"href":"https:\/\/ecoturbino.world\/sk\/wp-json\/wp\/v2\/users\/1"}],"replies":[{"embeddable":true,"href":"https:\/\/ecoturbino.world\/sk\/wp-json\/wp\/v2\/comments?post=2870"}],"version-history":[{"count":0,"href":"https:\/\/ecoturbino.world\/sk\/wp-json\/wp\/v2\/pages\/2870\/revisions"}],"wp:attachment":[{"href":"https:\/\/ecoturbino.world\/sk\/wp-json\/wp\/v2\/media?parent=2870"}],"curies":[{"name":"wp","href":"https:\/\/api.w.org\/{rel}","templated":true}]}}