{"id":2852,"date":"2024-01-18T01:40:31","date_gmt":"2024-01-18T00:40:31","guid":{"rendered":"https:\/\/ecoturbino.eu\/?page_id=2852"},"modified":"2024-01-18T01:41:05","modified_gmt":"2024-01-18T00:41:05","slug":"uradnik-pre-ochranu-udajov","status":"publish","type":"page","link":"https:\/\/ecoturbino.world\/sk\/privacy-cockpit\/data-protection-officer\/","title":{"rendered":"\u00daradn\u00edk pre ochranu \u00fadajov"},"content":{"rendered":"<a class=\"wordpress-gdpr-back-link\" href=\"https:\/\/ecoturbino.world\/sk\/privacy-cockpit\/\">&larr; N\u00e1vrat do centra ochrany<\/a><form action=\"\/sk\/wp-json\/wp\/v2\/pages\/2852\" class=\"wordpress-gdpr-form wordpress-gdpr-form-contact-dpo\" method=\"post\" data-trp-original-action=\"\/sk\/wp-json\/wp\/v2\/pages\/2852\"><input type=\"hidden\" name=\"wordpress_gdpr_form_type\" value=\"contact-dpo\"><div class=\"form-group\"><label for=\"gdpr_firstname\">Va\u0161e krstn\u00e9 meno (*)<\/label><input class=\"form-control\" type=\"text\" name=\"gdpr_firstname\" value=\"\" required \/><\/div><div class=\"form-group\"><label for=\"gdpr_lastname\">Va\u0161e priezvisko (*)<\/label><input class=\"form-control\" type=\"text\" name=\"gdpr_lastname\" value=\"\" required \/><\/div><div class=\"form-group\"><label for=\"gdpr_email\">V\u00e1\u0161 email (*)<\/label><input class=\"form-control\" type=\"email\" name=\"gdpr_email\" value=\"\" required \/><\/div><div class=\"form-group\"><label for=\"gdpr_message\">Va\u0161a spr\u00e1va<\/label><textarea class=\"form-control\" name=\"gdpr_message\" required \/><\/textarea><\/div><div class=\"form-group\"><label for=\"gdpr_terms\"><input id=\"gdpr_terms\" class=\"form-control\" type=\"checkbox\" name=\"gdpr_terms\" value=\"1\" required \/><span class=\"gdpr-accept-conditiones-text\">S\u00fahlas\u00edm so z\u00e1sadami ochrany osobn\u00fdch \u00fadajov a s t\u00fdm, \u017ee moje \u00fadaje bud\u00fa ulo\u017een\u00e9 pre t\u00fato \u017eiados\u0165 GDPR.<\/span><\/label><\/div><input type=\"submit\" name=\"gdpr_submitted\" value=\"Odosla\u0165\"\/><input type=\"hidden\" name=\"trp-form-language\" value=\"sk\"\/><\/form>","protected":false},"excerpt":{"rendered":"","protected":false},"author":1,"featured_media":0,"parent":2849,"menu_order":0,"comment_status":"closed","ping_status":"closed","template":"","meta":{"inline_featured_image":false,"footnotes":""},"class_list":["post-2852","page","type-page","status-publish","hentry"],"_links":{"self":[{"href":"https:\/\/ecoturbino.world\/sk\/wp-json\/wp\/v2\/pages\/2852","targetHints":{"allow":["GET"]}}],"collection":[{"href":"https:\/\/ecoturbino.world\/sk\/wp-json\/wp\/v2\/pages"}],"about":[{"href":"https:\/\/ecoturbino.world\/sk\/wp-json\/wp\/v2\/types\/page"}],"author":[{"embeddable":true,"href":"https:\/\/ecoturbino.world\/sk\/wp-json\/wp\/v2\/users\/1"}],"replies":[{"embeddable":true,"href":"https:\/\/ecoturbino.world\/sk\/wp-json\/wp\/v2\/comments?post=2852"}],"version-history":[{"count":0,"href":"https:\/\/ecoturbino.world\/sk\/wp-json\/wp\/v2\/pages\/2852\/revisions"}],"up":[{"embeddable":true,"href":"https:\/\/ecoturbino.world\/sk\/wp-json\/wp\/v2\/pages\/2849"}],"wp:attachment":[{"href":"https:\/\/ecoturbino.world\/sk\/wp-json\/wp\/v2\/media?parent=2852"}],"curies":[{"name":"wp","href":"https:\/\/api.w.org\/{rel}","templated":true}]}}