{"id":2849,"date":"2024-01-18T01:38:41","date_gmt":"2024-01-18T00:38:41","guid":{"rendered":"https:\/\/ecoturbino.eu\/?page_id=2849"},"modified":"2024-01-18T02:23:31","modified_gmt":"2024-01-18T01:23:31","slug":"sukromie-v-kokpite","status":"publish","type":"page","link":"https:\/\/ecoturbino.world\/sk\/privacy-cockpit\/","title":{"rendered":"S\u00daKROMIE V KOKPITE"},"content":{"rendered":"<div class=\"banner has-hover\" id=\"banner-1189629846\">\n          <div class=\"banner-inner fill\">\n        <div class=\"banner-bg fill\" >\n            <img decoding=\"async\" width=\"2000\" height=\"230\" src=\"https:\/\/ecoturbino.world\/wp-content\/uploads\/2024\/01\/wasser-faq-2000-sw.webp\" class=\"bg attachment-original size-original\" alt=\"Vodovodn\u00e9 potrubie\" \/>                                    \n                    <\/div>\n\t\t\n        <div class=\"banner-layers container\">\n            <div class=\"fill banner-link\"><\/div>            \n   <div id=\"text-box-893056420\" class=\"text-box banner-layer x50 md-x50 lg-x50 y50 md-y50 lg-y50 res-text\">\n                                <div class=\"text-box-content text dark\">\n              \n              <div class=\"text-inner text-center\">\n                  \n<h1>PRIVACY<\/h1>\n              <\/div>\n           <\/div>\n                            \n<style>\n#text-box-893056420 {\n  width: 80%;\n}\n#text-box-893056420 .text-box-content {\n  font-size: 100%;\n}\n@media (min-width:550px) {\n  #text-box-893056420 {\n    width: 67%;\n  }\n}\n@media (min-width:850px) {\n  #text-box-893056420 {\n    width: 44%;\n  }\n}\n<\/style>\n    <\/div>\n \n        <\/div>\n      <\/div>\n\n            \n<style>\n#banner-1189629846 {\n  padding-top: 110px;\n}\n@media (min-width:550px) {\n  #banner-1189629846 {\n    padding-top: 170px;\n  }\n}\n@media (min-width:850px) {\n  #banner-1189629846 {\n    padding-top: 190px;\n  }\n}\n<\/style>\n  <\/div>\n\n\n<div class=\"row\"  id=\"row-251552839\">\n\n\t<div id=\"col-693378043\" class=\"col small-12 large-12\"  >\n\t\t\t\t<div class=\"col-inner\"  >\n\t\t\t\n\t\t\t\n<div class=\"wordpress-gdpr-privacy-center\"><div class=\"wordpress-gdpr-privacy-center-items\"><a href=\"https:\/\/ecoturbino.world\/sk\/privacy-cockpit\/data-protection-officer\/\" class=\"wordpress-gdpr-privacy-center-item\"><div class=\"wordpress-gdpr-privacy-center-item-contactDPO\"><i class=\"fas fa-user-circle\"><\/i><h2 class=\"wordpress-gdpr-privacy-center-item-headline\">Kontakt na DPO<\/h2><p class=\"wordpress-gdpr-privacy-center-item-desc\">Kontaktujte n\u00e1\u0161ho DPO.<\/p><div class=\"wordpress-gdpr-privacy-center-item-action\">Dozvedie\u0165 sa viac<\/div><\/div><\/a><a href=\"https:\/\/ecoturbino.world\/sk\/privacy-cockpit\/privacy\/\" class=\"wordpress-gdpr-privacy-center-item\"><div class=\"wordpress-gdpr-privacy-center-item-cookiePolicy\"><i class=\"fas  fa-list-alt\"><\/i><h2 class=\"wordpress-gdpr-privacy-center-item-headline\">Politika COOKIES<\/h2><p class=\"wordpress-gdpr-privacy-center-item-desc\">Pre\u010d\u00edtajte si viac o cookies.<\/p><div class=\"wordpress-gdpr-privacy-center-item-action\">Dozvedie\u0165 sa viac<\/div><\/div><\/a><a href=\"https:\/\/ecoturbino.world\/sk\/privacy-cockpit\/data-rectification\/\" class=\"wordpress-gdpr-privacy-center-item wordpress-gdpr-privacy-center-item-last\"><div class=\"wordpress-gdpr-privacy-center-item-dataRectification\"><i class=\"fas fa-pencil-alt\"><\/i><h2 class=\"wordpress-gdpr-privacy-center-item-headline\">Data Rectification<\/h2><p class=\"wordpress-gdpr-privacy-center-item-desc\">Contact us for data change request.<\/p><div class=\"wordpress-gdpr-privacy-center-item-action\">Dozvedie\u0165 sa viac<\/div><\/div><\/a><a href=\"https:\/\/ecoturbino.world\/sk\/privacy-cockpit\/forget-me\/\" class=\"wordpress-gdpr-privacy-center-item\"><div class=\"wordpress-gdpr-privacy-center-item-forgetMe\"><i class=\"fas fa-eraser\"><\/i><h2 class=\"wordpress-gdpr-privacy-center-item-headline\">Zabudnite na m\u0148a<\/h2><p class=\"wordpress-gdpr-privacy-center-item-desc\">Odo\u0161lite po\u017eiadavku Vymaza\u0165 s\u00fakromn\u00e9 d\u00e1ta.<\/p><div class=\"wordpress-gdpr-privacy-center-item-action\">Dozvedie\u0165 sa viac<\/div><\/div><\/a><a href=\"https:\/\/ecoturbino.world\/sk\/legal-notice\/\" class=\"wordpress-gdpr-privacy-center-item\"><div class=\"wordpress-gdpr-privacy-center-item-imprint\"><i class=\"fas fa-file-alt\"><\/i><h2 class=\"wordpress-gdpr-privacy-center-item-headline\">Odtla\u010dok<\/h2><p class=\"wordpress-gdpr-privacy-center-item-desc\">Learn about our ownership and authorship.<\/p><div class=\"wordpress-gdpr-privacy-center-item-action\">Dozvedie\u0165 sa viac<\/div><\/div><\/a><a href=\"https:\/\/ecoturbino.world\/sk\/privacy-cockpit\/request-data\/\" class=\"wordpress-gdpr-privacy-center-item wordpress-gdpr-privacy-center-item-last\"><div class=\"wordpress-gdpr-privacy-center-item-requestData\"><i class=\"fas fa-database\"><\/i><h2 class=\"wordpress-gdpr-privacy-center-item-headline\">\u017diados\u0165 o data<\/h2><p class=\"wordpress-gdpr-privacy-center-item-desc\">Odoslan\u00edm po\u017eiadavky obdr\u017e\u00edte  k\u00f3piu v\u0161etk\u00fdch elektronick\u00fdch d\u00e1t dr\u017ean\u00e9 u n\u00e1s.<\/p><div class=\"wordpress-gdpr-privacy-center-item-action\">Dozvedie\u0165 sa viac<\/div><\/div><\/a><a href=\"https:\/\/ecoturbino.world\/sk\/privacy-cockpit\/privacy\/\" class=\"wordpress-gdpr-privacy-center-item\"><div class=\"wordpress-gdpr-privacy-center-item-privacyPolicy\"><i class=\"fas fa-file-alt\"><\/i><h2 class=\"wordpress-gdpr-privacy-center-item-headline\">Ochrana s\u00fakromia<\/h2><p class=\"wordpress-gdpr-privacy-center-item-desc\">Pre\u010d\u00edtajte si na\u0161e podmienky ochrany s\u00fakromia tu.<\/p><div class=\"wordpress-gdpr-privacy-center-item-action\">Dozvedie\u0165 sa viac<\/div><\/div><\/a><a href=\"#\" class=\"wordpress-gdpr-privacy-center-item wordpress-gdpr-open-privacy-settings-modal\"><div class=\"wordpress-gdpr-privacy-center-item-privacySettings\"><i class=\"fas fa-user-secret\"><\/i><h2 class=\"wordpress-gdpr-privacy-center-item-headline\">Nastavenie Sukromia<\/h2><p class=\"wordpress-gdpr-privacy-center-item-desc\">Nastavenie va\u0161ich osobn\u00fdch akci\u00ed pre ochranu d\u00e1t.<\/p><div class=\"wordpress-gdpr-privacy-center-item-action\">Dozvedie\u0165 sa viac<\/div><\/div><\/a><a href=\"https:\/\/ecoturbino.world\/sk\/gtc\/\" class=\"wordpress-gdpr-privacy-center-item wordpress-gdpr-privacy-center-item-last\"><div class=\"wordpress-gdpr-privacy-center-item-termsConditions\"><i class=\"fas fa-align-left\"><\/i><h2 class=\"wordpress-gdpr-privacy-center-item-headline\">V\u0161eobecn\u00e9 podmienky<\/h2><p class=\"wordpress-gdpr-privacy-center-item-desc\">Pre\u010d\u00edtajte si viac o V\u0161eobecn\u00fdch obchodn\u00fdch podmienkach na\u0161ej str\u00e1nky.<\/p><div class=\"wordpress-gdpr-privacy-center-item-action\">Dozvedie\u0165 sa viac<\/div><\/div><\/a><\/div><\/div>\n\t\t<\/div>\n\t\t\t\t\t<\/div>\n\n\t\n<\/div>","protected":false},"excerpt":{"rendered":"","protected":false},"author":1,"featured_media":0,"parent":0,"menu_order":0,"comment_status":"closed","ping_status":"closed","template":"page-blank.php","meta":{"inline_featured_image":false,"footnotes":""},"class_list":["post-2849","page","type-page","status-publish","hentry"],"_links":{"self":[{"href":"https:\/\/ecoturbino.world\/sk\/wp-json\/wp\/v2\/pages\/2849","targetHints":{"allow":["GET"]}}],"collection":[{"href":"https:\/\/ecoturbino.world\/sk\/wp-json\/wp\/v2\/pages"}],"about":[{"href":"https:\/\/ecoturbino.world\/sk\/wp-json\/wp\/v2\/types\/page"}],"author":[{"embeddable":true,"href":"https:\/\/ecoturbino.world\/sk\/wp-json\/wp\/v2\/users\/1"}],"replies":[{"embeddable":true,"href":"https:\/\/ecoturbino.world\/sk\/wp-json\/wp\/v2\/comments?post=2849"}],"version-history":[{"count":0,"href":"https:\/\/ecoturbino.world\/sk\/wp-json\/wp\/v2\/pages\/2849\/revisions"}],"wp:attachment":[{"href":"https:\/\/ecoturbino.world\/sk\/wp-json\/wp\/v2\/media?parent=2849"}],"curies":[{"name":"wp","href":"https:\/\/api.w.org\/{rel}","templated":true}]}}