{"id":1652,"date":"2024-01-03T21:01:56","date_gmt":"2024-01-03T20:01:56","guid":{"rendered":"https:\/\/ecoturbino.eu\/?page_id=1652"},"modified":"2025-12-29T22:43:52","modified_gmt":"2025-12-29T21:43:52","slug":"tvrda-voda-a-legionella","status":"publish","type":"page","link":"https:\/\/ecoturbino.world\/sk\/hard-water-and-legionella\/","title":{"rendered":"Tvrd\u00e1 voda a legionella | Probl\u00e9my so sprchami v k\u00fape\u013eni"},"content":{"rendered":"<section class=\"section zindex1\" id=\"section_1279419598\">\n\t\t<div class=\"section-bg fill\" >\n\t\t\t\t\t\t\t\t\t\n\t\t\t\n\n\t\t<\/div>\n\n\t\t\n\n\t\t<div class=\"section-content relative\">\n\t\t\t\n<div class=\"row\"  id=\"row-444270546\">\n\n\t<div id=\"col-149875231\" class=\"col small-12 large-12\"  >\n\t\t\t\t<div class=\"col-inner\"  >\n\t\t\t\n\t\t\t\n\t<div id=\"text-2953224826\" class=\"text\">\n\t\t\n<h1 class=\"uppercase\">Tvrd\u00e1 voda a legionella | Skuto\u010dn\u00fd rozsah probl\u00e9mu!<\/h1>\n<h3 class=\"thin-font\">Hoci je v\u0161eobecn\u00e1 s\u00favislos\u0165 medzi tvrdou vodou a legionelou dobre zn\u00e1ma, \u010dasto sa ch\u00e1pe nespr\u00e1vne.<\/h3>\n\t\t\n<style>\n#text-2953224826 {\n  text-align: center;\n}\n<\/style>\n\t<\/div>\n\t\n<div class=\"text-center\"><div class=\"is-divider divider clearfix\" style=\"max-width:50%;height:1px;\"><\/div><\/div>\n\t<div id=\"gap-86452452\" class=\"gap-element clearfix\" style=\"display:block; height:auto;\">\n\t\t\n<style>\n#gap-86452452 {\n  padding-top: 30px;\n}\n<\/style>\n\t<\/div>\n\t\n<div class=\"row\"  id=\"row-1088078324\">\n\n\t<div id=\"col-1195058473\" class=\"col medium-8 small-12 large-8\"  >\n\t\t\t\t<div class=\"col-inner\"  >\n\t\t\t\n\t\t\t\n<p>V tomto pr\u00edspevku sa zameriame na to, ako m\u00f4\u017eeme <strong>z\u00edska\u0165 lep\u0161iu kontrolu nad obsahom bakt\u00e9ri\u00ed vo vode od sam\u00e9ho za\u010diatku.<\/strong>, aby sa <strong>zn\u00ed\u017ei\u0165 .<\/strong> pou\u017e\u00edvanie <strong>agres\u00edvne a <a href=\"https:\/\/ecoturbino.world\/sk\/dopad-5\/\">environment\u00e1lne<\/a> \u0161kodliv\u00e9 chemik\u00e1lie na odstr\u00e1nenie bakt\u00e9ri\u00ed.<\/strong><\/p>\n<p><strong>Oxid chlori\u010dit\u00fd<\/strong> je aj na\u010falej <strong>naj\u010dastej\u0161ie pou\u017e\u00edvan\u00fd bioc\u00edd na likvid\u00e1ciu bakt\u00e9ri\u00ed vo vode vr\u00e1tane legionely<\/strong>. Jeho schopnos\u0165 ni\u010di\u0165 biofilmy je ve\u013emi d\u00f4le\u017eit\u00fdm aspektom tejto chemickej l\u00e1tky. Oxid chlori\u010dit\u00fd v\u0161ak sl\u00fa\u017ei v\u00fdlu\u010dne na kontrolu a redukciu, nie na prevenciu.<\/p>\n<p>K\u013e\u00fa\u010dom k tejto ot\u00e1zke je <strong>pochopenie s\u00favislosti medzi v\u00e1penat\u00fdmi usadeninami, biofilmami a bakt\u00e9riou Legionella.<\/strong> Tento pr\u00edstup umo\u017e\u0148uje<strong> zn\u00ed\u017eenie po\u010dtu bakt\u00e9ri\u00ed vo va\u0161om vodovodnom syst\u00e9me<\/strong>, \u010d\u00edm sa minimalizuje \u010das a spotreba chemik\u00e1li\u00ed na \u00fadr\u017ebu syst\u00e9mu.<\/p>\n<p>A pr\u00e1ve tu prich\u00e1dza na rad sprchov\u00fd adapt\u00e9r ecoturbino,<strong> zabezpe\u010denie hygienick\u00fdch sp\u0155ch v hoteloch, fitnescentr\u00e1ch, dom\u00e1cnostiach at\u010f.<\/strong><\/p>\n\t\t<\/div>\n\t\t\t\t\t<\/div>\n\n\t\n\n\t<div id=\"col-1884994296\" class=\"col medium-4 small-12 large-4\"  >\n\t\t\t\t<div class=\"col-inner\"  >\n\t\t\t\n\t\t\t\n\t<div class=\"img has-hover radius10 hide-for-small x md-x lg-x y md-y lg-y\" id=\"image_1802397607\">\n\t\t\t\t\t\t\t\t<div class=\"img-inner dark\" >\n\t\t\t<img decoding=\"async\" width=\"600\" height=\"600\" src=\"https:\/\/ecoturbino.world\/wp-content\/uploads\/2024\/01\/water-drain2_600.webp\" class=\"attachment-original size-original\" alt=\"\" srcset=\"https:\/\/ecoturbino.world\/wp-content\/uploads\/2024\/01\/water-drain2_600.webp 600w, https:\/\/ecoturbino.world\/wp-content\/uploads\/2024\/01\/water-drain2_600-500x500.webp 500w, https:\/\/ecoturbino.world\/wp-content\/uploads\/2024\/01\/water-drain2_600-32x32.webp 32w, https:\/\/ecoturbino.world\/wp-content\/uploads\/2024\/01\/water-drain2_600-48x48.webp 48w, https:\/\/ecoturbino.world\/wp-content\/uploads\/2024\/01\/water-drain2_600-80x80.webp 80w, https:\/\/ecoturbino.world\/wp-content\/uploads\/2024\/01\/water-drain2_600-180x180.webp 180w\" sizes=\"(max-width: 600px) 100vw, 600px\" \/>\t\t\t\t\t\t\n\t\t\t\t\t<\/div>\n\t\t\t\t\t\t\t\t\n<style>\n#image_1802397607 {\n  width: 100%;\n}\n<\/style>\n\t<\/div>\n\t\n\t\t<\/div>\n\t\t\t\t\t<\/div>\n\n\t\n<\/div>\n\t<div id=\"gap-1292600593\" class=\"gap-element clearfix\" style=\"display:block; height:auto;\">\n\t\t\n<style>\n#gap-1292600593 {\n  padding-top: 30px;\n}\n<\/style>\n\t<\/div>\n\t\n<div class=\"row\"  id=\"row-206173943\">\n\n\t<div id=\"col-1589298386\" class=\"col medium-4 small-12 large-4\"  >\n\t\t\t\t<div class=\"col-inner\"  >\n\t\t\t\n\t\t\t\n\t<div class=\"img has-hover radius10 x md-x lg-x y md-y lg-y\" id=\"image_1763405306\">\n\t\t\t\t\t\t\t\t<div class=\"img-inner dark\" >\n\t\t\t<img decoding=\"async\" width=\"600\" height=\"900\" src=\"https:\/\/ecoturbino.world\/wp-content\/uploads\/2024\/01\/shower-head-limescale_600.webp\" class=\"attachment-original size-original\" alt=\"Symbol vodn\u00e9ho kame\u0148a v sprchovej hlavici\" srcset=\"https:\/\/ecoturbino.world\/wp-content\/uploads\/2024\/01\/shower-head-limescale_600.webp 600w, https:\/\/ecoturbino.world\/wp-content\/uploads\/2024\/01\/shower-head-limescale_600-120x180.webp 120w\" sizes=\"(max-width: 600px) 100vw, 600px\" \/>\t\t\t\t\t\t\n\t\t\t\t\t<\/div>\n\t\t\t\t\t\t\t\t\n<style>\n#image_1763405306 {\n  width: 100%;\n}\n<\/style>\n\t<\/div>\n\t\n\t\t<\/div>\n\t\t\t\t\t<\/div>\n\n\t\n\n\t<div id=\"col-666799550\" class=\"col medium-8 small-12 large-8\"  >\n\t\t\t\t<div class=\"col-inner\"  >\n\t\t\t\n\t\t\t\n<div class=\"flex-1 overflow-hidden\">\n<div class=\"react-scroll-to-bottom--css-tpvix-79elbk h-full\">\n<div class=\"react-scroll-to-bottom--css-tpvix-1n7m0yu\">\n<div class=\"flex flex-col pb-9 text-sm\">\n<div class=\"w-full text-token-text-primary\" data-testid=\"conversation-turn-13\">\n<div class=\"px-4 py-2 justify-center text-base md:gap-6 m-auto\">\n<div class=\"flex flex-1 text-base mx-auto gap-3 md:px-5 lg:px-1 xl:px-5 md:max-w-3xl lg:max-w-&#091;40rem&#093; xl:max-w-&#091;48rem&#093; group final-completion\">\n<div class=\"relative flex w-full flex-col lg:w-&#091;calc(100%-115px)&#093; agent-turn\">\n<div class=\"flex-col gap-1 md:gap-3\">\n<div class=\"flex flex-grow flex-col max-w-full\">\n<div class=\"min-h-&#091;20px&#093; text-message flex flex-col items-start gap-3 whitespace-pre-wrap break-words &#091;.text-message+&amp;&#093;:mt-5 overflow-x-auto\" data-message-author-role=\"assistant\" data-message-id=\"6402d42d-ba99-40ec-b57e-ac45c40c778e\">\n<div class=\"markdown prose w-full break-words dark:prose-invert light\">\n<h3>\u010co s\u00fa to usadeniny vodn\u00e9ho kame\u0148a?<\/h3>\n<p><strong>Usadeniny vodn\u00e9ho kame\u0148a s\u00fa tvrd\u00e9 usadeniny<\/strong> pozost\u00e1va predov\u0161etk\u00fdm z <strong>uhli\u010ditan v\u00e1penat\u00fd (CaCO3)<\/strong> a \u010dasto <strong>v syst\u00e9moch teplej vody, v potrub\u00ed a v spotrebi\u010doch.<\/strong><\/p>\n<p>M\u00f4\u017eu<strong> v\u00fdrazne zhor\u0161uje v\u00fdkonnos\u0165<\/strong> r\u00f4znych vodovodn\u00fdch a vykurovac\u00edch komponentov,<strong> \u010do vedie k zn\u00ed\u017eeniu \u00fa\u010dinnosti<\/strong> a <strong>vy\u0161\u0161ie prev\u00e1dzkov\u00e9 n\u00e1klady<\/strong> pre va\u0161e zariadenia s\u00favisiace s vodou, ako aj vizu\u00e1lne nepekn\u00e9 v\u00fdsledky v k\u00fape\u013eni.<\/p>\n<blockquote>\n<p>Str\u00e1nka <strong>stupe\u0148 tvorby vodn\u00e9ho kame\u0148a<\/strong> z\u00e1vis\u00ed od tvrdosti vody. Ur\u010denie tvrdosti vody: Je moja voda m\u00e4kk\u00e1 alebo tvrd\u00e1?<\/p>\n<\/blockquote>\n<p>Tvrdos\u0165 vody z\u00e1vis\u00ed od <strong>obsah zl\u00fa\u010den\u00edn v\u00e1pnika a hor\u010d\u00edka<\/strong>, ktor\u00fd vznik\u00e1 spojen\u00edm v\u00e1pnika a hor\u010d\u00edka s rozpusten\u00fdm oxidom uhli\u010dit\u00fdm vo vode.<\/p>\n<ol>\n<li>M\u00e4kk\u00e1 voda: Tvrdos\u0165 I. kateg\u00f3rie (0 a\u017e 1,3 milim\u00f3lov oxidu v\u00e1penat\u00e9ho na liter) sa pova\u017euje za m\u00e4kk\u00fa vodu.<\/li>\n<li>Tvrd\u00e1 voda: Tvrdos\u0165 III. kateg\u00f3rie (2,5 a\u017e 3,8 milim\u00f3lov oxidu v\u00e1penat\u00e9ho na liter) sa zara\u010fuje do kateg\u00f3rie tvrdej vody.<\/li>\n<\/ol>\n<\/div>\n<\/div>\n<\/div>\n<\/div>\n<\/div>\n<\/div>\n<\/div>\n<\/div>\n<\/div>\n<\/div>\n<\/div>\n<\/div>\n\t<div id=\"gap-1925344159\" class=\"gap-element clearfix\" style=\"display:block; height:auto;\">\n\t\t\n<style>\n#gap-1925344159 {\n  padding-top: 15px;\n}\n<\/style>\n\t<\/div>\n\t\n<div class=\"is-divider divider clearfix\" style=\"max-width:100%;height:1px;\"><\/div>\n<h3>\u010co je biofilm?<\/h3>\n<p>A <strong><a href=\"https:\/\/en.wikipedia.org\/wiki\/Biofilm\" target=\"_blank\" rel=\"noopener sponsored\">biofilm<\/a> pozost\u00e1va zo \u017eiv\u00fdch mikroorganizmov<\/strong>, ako s\u00fa bakt\u00e9rie, ktor\u00e9 sa usadzuj\u00fa a mno\u017eia v kol\u00f3nii alebo spolo\u010denstve.<\/p>\n<p>K tvorbe biofilmu doch\u00e1dza, ke\u010f <strong>niektor\u00e9 mikroorganizmy<\/strong>, ako niektor\u00e9 druhy bakt\u00e9ri\u00ed, <strong>pri\u013en\u00fa\u0165 k povrchu objektu<\/strong> vo vlhkom prostred\u00ed a za\u010dn\u00fa sa mno\u017ei\u0165.<\/p>\n<p>Tieto mikroorganizmy sa prichytia na povrch predmetu <strong>vylu\u010duj\u00fa lepkav\u00fa, slizk\u00fa l\u00e1tku.<\/strong><\/p>\n\t\t<\/div>\n\t\t\t\t\t<\/div>\n\n\t\n<\/div>\n<div class=\"row\"  id=\"row-1160894896\">\n\n\t<div id=\"col-1233626938\" class=\"col small-12 large-12\"  >\n\t\t\t\t<div class=\"col-inner\"  >\n\t\t\t\n\t\t\t\n<div class=\"row row-large row-divided\"  id=\"row-1945587936\">\n\n\t<div id=\"col-1235511131\" class=\"col medium-6 small-12 large-6\"  >\n\t\t\t\t<div class=\"col-inner\"  >\n\t\t\t\n\t\t\t\n<h3>\u010co s\u00fa legionely?<\/h3>\n<p><strong><a href=\"https:\/\/en.wikipedia.org\/wiki\/Legionella\" target=\"_blank\" rel=\"noopener sponsored\">Legionella<\/a> s\u00fa bakt\u00e9rie<\/strong> ktor\u00e9 m\u00f4\u017eu sp\u00f4sobi\u0165 legion\u00e1rsku chorobu, z\u00e1va\u017en\u00e9 a <strong>potenci\u00e1lne \u017eivot ohrozuj\u00faca forma z\u00e1palu p\u013e\u00fac.<\/strong><\/p>\n<p>Prenos <strong>Legion\u00e1rska choroba \u013eud\u00ed<\/strong> vznik\u00e1 vd\u00fdchnut\u00edm drobn\u00fdch kvap\u00f4\u010dok vody (aeros\u00f3lov), ktor\u00e9 s\u00fa suspendovan\u00e9 vo vzduchu a obsahuj\u00fa bakt\u00e9rie Legionella. K infekcii doch\u00e1dza, ke\u010f sa tieto kvap\u00f4\u010dky vody dostan\u00fa do p\u013e\u00fac.<\/p>\n<p>Legionella pneumophila bola prvou z ve\u013ekej a rast\u00facej skupiny pr\u00edbuzn\u00fdch druhov bakt\u00e9ri\u00ed, zn\u00e1mych ako Legionellae, ktor\u00e1 bola objaven\u00e1. Dnes je zn\u00e1me, \u017ee existuj\u00fa <strong>48 druhov a 70 podskup\u00edn.<\/strong><\/p>\n<p>Existuj\u00fa r\u00f4zne spr\u00e1vy o v\u00fdskyte legionelly, ale s\u00fa to <strong>vo v\u0161eobecnosti sa \u010dastej\u0161ie vyskytuj\u00fa v teplovodn\u00fdch syst\u00e9moch<\/strong>. Predpoklad\u00e1 sa v\u0161ak, \u017ee v\u00fdskyt legionely v teplovodn\u00fdch syst\u00e9moch sa v posledn\u00fdch rokoch zn\u00ed\u017eil.<\/p>\n<p>O\u010dak\u00e1va sa, \u017ee ich po\u010det bude na\u010falej klesa\u0165, preto\u017ee povedomie o tomto probl\u00e9me sa zvy\u0161uje a prij\u00edma sa viac vodovodn\u00fdch opatren\u00ed. To znamen\u00e1, \u017ee prijat\u00e9 opatrenia sa uk\u00e1zali ako \u00fa\u010dinn\u00e9 pri minimaliz\u00e1cii pr\u00edtomnosti bakt\u00e9ri\u00ed vo vode a ich zanedb\u00e1vanie sa pova\u017euje za nedbalos\u0165.<\/p>\n\t\t<\/div>\n\t\t\t\t\n<style>\n#col-1235511131 > .col-inner {\n  margin: 0px 0px -50px 0px;\n}\n<\/style>\n\t<\/div>\n\n\t\n\n\t<div id=\"col-262201250\" class=\"col medium-6 small-12 large-6\"  >\n\t\t\t\t<div class=\"col-inner\"  >\n\t\t\t\n\t\t\t\n<p><strong>Optim\u00e1lne \u017eivotn\u00e9 podmienky pre legionely s\u00fa:<\/strong><\/p>\n<ul>\n<li>Doplnenie sladkej vody.<\/li>\n<li>Pred\u013a\u017een\u00fd \u010das pobytu.<\/li>\n<li>Teplotn\u00fd rozsah 25 \u00b0C a\u017e 50 \u00b0C.<\/li>\n<\/ul>\n<p>\u00da\u010dinky<strong> r\u00f4zne teplotn\u00e9 rozsahy<\/strong> na \u0161\u00edrenie bakt\u00e9ri\u00ed Legionella:<\/p>\n<div class=\"row\"  id=\"row-716713847\">\n\n\t<div id=\"col-2146095274\" class=\"col small-12 large-12\"  >\n\t\t\t\t<div class=\"col-inner\"  >\n\t\t\t\n\t\t\t\n<table style=\"border-collapse: collapse; width: 100%; height: 189px;\">\n<tbody>\n<tr style=\"height: 21px;\">\n<td style=\"width: 50%; height: 21px;\">Rozsah tepl\u00f4t<\/td>\n<td style=\"width: 50%; height: 21px;\">Vplyv na mieru reprodukcie<\/td>\n<\/tr>\n<tr style=\"height: 21px;\">\n<td style=\"width: 50%; height: 21px;\">do 20 \u00b0C<\/td>\n<td style=\"width: 50%; height: 21px;\">ve\u013emi pomal\u00e1 reprodukcia<\/td>\n<\/tr>\n<tr style=\"height: 21px;\">\n<td style=\"width: 50%; height: 21px;\">od 20 \u00b0C<\/td>\n<td style=\"width: 50%; height: 21px;\">Zvy\u0161uje sa miera reprodukcie<\/td>\n<\/tr>\n<tr style=\"height: 21px;\">\n<td style=\"width: 50%; height: 21px;\">30 \u00b0C a\u017e 45 \u00b0C<\/td>\n<td style=\"width: 50%; height: 21px;\">Optim\u00e1lne mno\u017eenie, zdvojn\u00e1sobenie pri 36 \u00b0C len za pribli\u017ene 3 hodiny pri dobrom pr\u00edsunu \u017eiv\u00edn, 22 - 72 hod\u00edn pri n\u00edzkom pr\u00edsunu \u017eiv\u00edn.<\/td>\n<\/tr>\n<tr style=\"height: 21px;\">\n<td style=\"width: 50%; height: 21px;\">od 50 \u00b0C<\/td>\n<td style=\"width: 50%; height: 21px;\">takmer \u017eiadna reprodukcia<\/td>\n<\/tr>\n<tr style=\"height: 21px;\">\n<td style=\"width: 50%; height: 21px;\">od 55 \u00b0C<\/td>\n<td style=\"width: 50%; height: 21px;\">U\u017e nie je mo\u017en\u00e1 \u017eiadna reprodukcia, zabitie po 6 hodin\u00e1ch<\/td>\n<\/tr>\n<tr style=\"height: 21px;\">\n<td style=\"width: 50%; height: 21px;\">od 60 \u00b0C<\/td>\n<td style=\"width: 50%; height: 21px;\">Zni\u010d\u00ed legionellu pribli\u017ene do 30 min\u00fat<\/td>\n<\/tr>\n<tr style=\"height: 21px;\">\n<td style=\"width: 50%; height: 21px;\">od 65 \u00b0C<\/td>\n<td style=\"width: 50%; height: 21px;\">Zabit\u00fd do 2 min\u00fat<\/td>\n<\/tr>\n<tr style=\"height: 21px;\">\n<td style=\"width: 50%; height: 21px;\">od 70 \u00b0C<\/td>\n<td style=\"width: 50%; height: 21px;\">Zabit\u00fd v priebehu nieko\u013ek\u00fdch sek\u00fand<\/td>\n<\/tr>\n<\/tbody>\n<\/table>\n\t\t<\/div>\n\t\t\t\t\n<style>\n#col-2146095274 > .col-inner {\n  margin: 0px 0px -60px 0px;\n}\n<\/style>\n\t<\/div>\n\n\t\n<\/div>\n<p><span style=\"font-size: 90%;\">(Zdroj: <a href=\"https:\/\/de.wikipedia.org\/wiki\/Legionellen\" target=\"_blank\" rel=\"noopener sponsored\">https:\/\/de.wikipedia.org\/wiki\/Legionellen<\/a>)<\/span><\/p>\n\t\t<\/div>\n\t\t\t\t\n<style>\n#col-262201250 > .col-inner {\n  margin: 0px 0px -50px 0px;\n}\n<\/style>\n\t<\/div>\n\n\t\n<\/div>\n\t\t<\/div>\n\t\t\t\t\n<style>\n#col-1233626938 > .col-inner {\n  padding: 25px 25px 25px 25px;\n  margin: 0px 0px -30px 0px;\n}\n<\/style>\n\t<\/div>\n\n\t\n\n<style>\n#row-1160894896 > .col > .col-inner {\n  background-color: rgba(0, 0, 0, 0.15);\n  border-radius: 10px;\n}\n<\/style>\n<\/div>\n\t\t<\/div>\n\t\t\t\t\t<\/div>\n\n\t\n<\/div>\n<div class=\"row\"  id=\"row-2051270851\">\n\n\t<div id=\"col-982648621\" class=\"col small-12 large-12\"  >\n\t\t\t\t<div class=\"col-inner\" style=\"background-color:rgb(255,255,255);\" >\n\t\t\t\n\t<div class=\"is-border is-dashed\"\n\t\tstyle=\"border-color:rgba(85, 85, 85, 0.75);border-radius:10px;border-width:2px 2px 2px 2px;\">\n\t<\/div>\n\t\t\t\n<div class=\"row\"  id=\"row-606364324\">\n\n\t<div id=\"col-1341109131\" class=\"col medium-8 small-12 large-8\"  >\n\t\t\t\t<div class=\"col-inner\"  >\n\t\t\t\n\t\t\t\n<h3>Ak\u00e1 je s\u00favislos\u0165 medzi usadeninami vodn\u00e9ho kame\u0148a, biofilmom a bakt\u00e9riou Legionella?<\/h3>\n<p>Na miestach, kde<strong> usadeniny vodn\u00e9ho kame\u0148a sa vytvorili v d\u00f4sledku zr\u00e1\u017eania miner\u00e1lov<\/strong> v tvrdej vode a ich prichytenie na povrch vytv\u00e1ra optim\u00e1lnu \u017eivn\u00fa p\u00f4du pre bakt\u00e9rie.<\/p>\n<p>Hlavn\u00fdmi faktormi, ktor\u00e9 podporuj\u00fa rast legionel, s\u00fa teplota a dostupnos\u0165 \u017eiv\u00edn. <strong>Legionel\u00e1m sa najlep\u0161ie dar\u00ed pri teplot\u00e1ch od 20 do 45 \u00b0C<\/strong>, a ke\u010f voda v tomto teplotnom rozmedz\u00ed stagnuje.<strong> bakt\u00e9rie sa m\u00f4\u017eu r\u00fdchlo mno\u017ei\u0165.<\/strong><\/p>\n<p>V spojen\u00ed s miner\u00e1lne bohat\u00fdm charakterom <strong>nov\u00e9 prostredie pre bakt\u00e9rie, konkr\u00e9tne vodn\u00fd kame\u0148,<\/strong> ktor\u00fd sl\u00fa\u017ei ako vynikaj\u00faci zdroj v\u00fd\u017eivy, sa probl\u00e9m m\u00f4\u017ee \u010falej \u0161\u00edri\u0165.<\/p>\n<p>Ke\u010f s\u00fa bakt\u00e9rie pr\u00edtomn\u00e9 a rozmno\u017eia sa, vytvoria biofilm. V pr\u00edtomnosti vodn\u00e9ho kame\u0148a a biofilmu, ktor\u00e9 s\u00fa teraz v prostred\u00ed, ktor\u00e9 im poskytuje <strong>ide\u00e1lne podmienky a dostato\u010dn\u00e1 v\u00fd\u017eiva,<\/strong> Legionella a in\u00e9 bakt\u00e9rie sa m\u00f4\u017eu mno\u017ei\u0165 a prosperova\u0165.<\/p>\n\t\t<\/div>\n\t\t\t\t\n<style>\n#col-1341109131 > .col-inner {\n  margin: 0px 0px -20px 0px;\n}\n<\/style>\n\t<\/div>\n\n\t\n\n\t<div id=\"col-201922646\" class=\"col medium-4 small-12 large-4\"  >\n\t\t\t\t<div class=\"col-inner\"  >\n\t\t\t\n\t\t\t\n\t<div class=\"img has-hover radius10 x md-x lg-x y md-y lg-y\" id=\"image_1272470370\">\n\t\t\t\t\t\t\t\t<div class=\"img-inner dark\" >\n\t\t\t<img decoding=\"async\" width=\"600\" height=\"600\" src=\"https:\/\/ecoturbino.world\/wp-content\/uploads\/2024\/01\/legionella-wikipedia_600.webp\" class=\"attachment-original size-original\" alt=\"Legionella, wikipedia\" srcset=\"https:\/\/ecoturbino.world\/wp-content\/uploads\/2024\/01\/legionella-wikipedia_600.webp 600w, https:\/\/ecoturbino.world\/wp-content\/uploads\/2024\/01\/legionella-wikipedia_600-500x500.webp 500w, https:\/\/ecoturbino.world\/wp-content\/uploads\/2024\/01\/legionella-wikipedia_600-32x32.webp 32w, https:\/\/ecoturbino.world\/wp-content\/uploads\/2024\/01\/legionella-wikipedia_600-48x48.webp 48w, https:\/\/ecoturbino.world\/wp-content\/uploads\/2024\/01\/legionella-wikipedia_600-80x80.webp 80w, https:\/\/ecoturbino.world\/wp-content\/uploads\/2024\/01\/legionella-wikipedia_600-180x180.webp 180w\" sizes=\"(max-width: 600px) 100vw, 600px\" \/>\t\t\t\t\t\t\n\t\t\t\t\t<\/div>\n\t\t\t\t\t\t\t\t\n<style>\n#image_1272470370 {\n  width: 100%;\n}\n<\/style>\n\t<\/div>\n\t\n\t\t<\/div>\n\t\t\t\t\n<style>\n#col-201922646 > .col-inner {\n  margin: 5px 0px -20px 0px;\n}\n<\/style>\n\t<\/div>\n\n\t\n<\/div>\n\t\t<\/div>\n\t\t\t\t\n<style>\n#col-982648621 > .col-inner {\n  padding: 15px 20px 10px 30px;\n  margin: 0px 0px -100px 0px;\n  border-radius: 10px;\n}\n@media (min-width:550px) {\n  #col-982648621 > .col-inner {\n    margin: 0px 0px -120px 0px;\n  }\n}\n<\/style>\n\t<\/div>\n\n\t\n<\/div>\n\t\t<\/div>\n\n\t\t\n<style>\n#section_1279419598 {\n  padding-top: 30px;\n  padding-bottom: 30px;\n}\n<\/style>\n\t<\/section>\n\t\n\n\t<section class=\"section\" id=\"section_1802805583\">\n\t\t<div class=\"section-bg fill\" >\n\t\t\t<img decoding=\"async\" width=\"1920\" height=\"683\" src=\"https:\/\/ecoturbino.world\/wp-content\/uploads\/2025\/12\/ecoturbino-function_1920-1.webp\" class=\"bg attachment- size-\" alt=\"ecoturbino funktion\" \/>\t\t\t\t\t\t<div class=\"section-bg-overlay absolute fill\"><\/div>\n\t\t\t\n\n\t\t<\/div>\n\n\t\t\t<div class=\"ux-shape-divider ux-shape-divider--top ux-shape-divider--style-waves-opacity\">\n\t\t<svg viewbox=\"0 0 1000 300\" xmlns=\"http:\/\/www.w3.org\/2000\/svg\" preserveaspectratio=\"none\">\n    <path class=\"ux-shape-fill\" d=\"M0 300L-1 69.71C216 57 299.47 198.86 403 226C506 253 577 196 660 197C740 198 790.09 234.07 874 267C935.23 291 982 282.61 1000 277.61V300H0Z\"\/>\n    <path class=\"ux-shape-fill\" opacity=\"0.5\" d=\"M1 265.094L0 50.5C217 37.79 300.47 186.36 404 213.5C507 240.5 578 196.5 661 197.5C741 198.5 787.59 239.57 871.5 272.5C932.73 296.5 980.5 284.5 998.5 279.5V298.5L1 265.094Z\"\/>\n    <path class=\"ux-shape-fill\" opacity=\"0.15\" d=\"M0.999878 244.094L-0.00012207 27C217 14.29 300.47 173.86 404 201C507 228 578 196 661 197C741 198 787.59 243.07 871.5 276C932.73 300 980.5 284.5 998.5 279.5V299L0.999878 244.094Z\"\/>\n<\/svg>\n\n\t<\/div>\n\n\n\t\t<div class=\"section-content relative\">\n\t\t\t\n\t\t<\/div>\n\n\t\t\n<style>\n#section_1802805583 {\n  padding-top: 125px;\n  padding-bottom: 125px;\n}\n#section_1802805583 .section-bg-overlay {\n  background-color: rgba(0, 0, 0, 0.25);\n}\n#section_1802805583 .ux-shape-divider--top svg {\n  height: 80px;\n  --divider-top-width: 100%;\n}\n@media (min-width:550px) {\n  #section_1802805583 {\n    padding-top: 220px;\n    padding-bottom: 220px;\n  }\n  #section_1802805583 .ux-shape-divider--top svg {\n    height: 124px;\n  }\n}\n<\/style>\n\t<\/section>","protected":false},"excerpt":{"rendered":"","protected":false},"author":2,"featured_media":1841,"parent":0,"menu_order":0,"comment_status":"closed","ping_status":"closed","template":"page-blank.php","meta":{"inline_featured_image":false,"footnotes":""},"class_list":["post-1652","page","type-page","status-publish","has-post-thumbnail","hentry"],"_links":{"self":[{"href":"https:\/\/ecoturbino.world\/sk\/wp-json\/wp\/v2\/pages\/1652","targetHints":{"allow":["GET"]}}],"collection":[{"href":"https:\/\/ecoturbino.world\/sk\/wp-json\/wp\/v2\/pages"}],"about":[{"href":"https:\/\/ecoturbino.world\/sk\/wp-json\/wp\/v2\/types\/page"}],"author":[{"embeddable":true,"href":"https:\/\/ecoturbino.world\/sk\/wp-json\/wp\/v2\/users\/2"}],"replies":[{"embeddable":true,"href":"https:\/\/ecoturbino.world\/sk\/wp-json\/wp\/v2\/comments?post=1652"}],"version-history":[{"count":0,"href":"https:\/\/ecoturbino.world\/sk\/wp-json\/wp\/v2\/pages\/1652\/revisions"}],"wp:featuredmedia":[{"embeddable":true,"href":"https:\/\/ecoturbino.world\/sk\/wp-json\/wp\/v2\/media\/1841"}],"wp:attachment":[{"href":"https:\/\/ecoturbino.world\/sk\/wp-json\/wp\/v2\/media?parent=1652"}],"curies":[{"name":"wp","href":"https:\/\/api.w.org\/{rel}","templated":true}]}}