{"id":1220,"date":"2024-01-01T12:13:14","date_gmt":"2024-01-01T11:13:14","guid":{"rendered":"https:\/\/ecoturbino.eu\/?page_id=1220"},"modified":"2025-12-29T22:45:57","modified_gmt":"2025-12-29T21:45:57","slug":"dopad-7","status":"publish","type":"page","link":"https:\/\/ecoturbino.world\/sk\/impact-7\/","title":{"rendered":"Turbulentn\u00e1 voda \u2013 revitalizuje vodu"},"content":{"rendered":"<section class=\"section zindex1\" id=\"section_1879494844\">\n\t\t<div class=\"section-bg fill\" >\n\t\t\t\t\t\t\t\t\t\n\t\t\t\n\n\t\t<\/div>\n\n\t\t\n\n\t\t<div class=\"section-content relative\">\n\t\t\t\n<div class=\"row row-small\"  id=\"row-1123848968\">\n\n\t<div id=\"col-1952471299\" class=\"col medium-9 small-12 large-9\"  >\n\t\t\t\t<div class=\"col-inner\"  >\n\t\t\t\n\t\t\t\n<h1 class=\"uppercase\">Turbulentn\u00e1 voda - energizuje vodu<\/h1>\n<h3 class=\"thin-font\">siedmy vplyv syst\u00e9mu ecoturbino\u00ae na ochranu \u017eivotn\u00e9ho prostredia<\/h3>\n<div class=\"row\"  id=\"row-1360819262\">\n\n\t<div id=\"col-306197826\" class=\"col medium-11 small-12 large-11\"  >\n\t\t\t\t<div class=\"col-inner\"  >\n\t\t\t\n\t\t\t\n\t<div id=\"stack-3025839743\" class=\"stack stack-row justify-start items-start\">\n\t\t\n\t<div class=\"img has-hover x md-x lg-x y md-y lg-y\" id=\"image_1665723741\">\n\t\t<a class=\"\" href=\"\/sk\/dopad-1\/\" >\t\t\t\t\t\t<div class=\"img-inner image-color dark\" >\n\t\t\t<img decoding=\"async\" width=\"100\" height=\"100\" src=\"https:\/\/ecoturbino.world\/wp-content\/uploads\/2024\/01\/impact1.svg\" class=\"attachment-original size-original\" alt=\"\" \/>\t\t\t\t\t\t\n\t\t\t\t\t<\/div>\n\t\t\t\t\t\t<\/a>\t\t\n<style>\n#image_1665723741 {\n  width: 100%;\n}\n<\/style>\n\t<\/div>\n\t\n\t<div class=\"img has-hover x md-x lg-x y md-y lg-y\" id=\"image_646957750\">\n\t\t<a class=\"\" href=\"\/sk\/dopad-2\/\" >\t\t\t\t\t\t<div class=\"img-inner image-color dark\" >\n\t\t\t<img decoding=\"async\" width=\"100\" height=\"100\" src=\"https:\/\/ecoturbino.world\/wp-content\/uploads\/2024\/01\/impact2.svg\" class=\"attachment-original size-original\" alt=\"\" \/>\t\t\t\t\t\t\n\t\t\t\t\t<\/div>\n\t\t\t\t\t\t<\/a>\t\t\n<style>\n#image_646957750 {\n  width: 100%;\n}\n<\/style>\n\t<\/div>\n\t\n\t<div class=\"img has-hover x md-x lg-x y md-y lg-y\" id=\"image_427300792\">\n\t\t<a class=\"\" href=\"\/sk\/dopad-3\/\" >\t\t\t\t\t\t<div class=\"img-inner image-color dark\" >\n\t\t\t<img decoding=\"async\" width=\"100\" height=\"100\" src=\"https:\/\/ecoturbino.world\/wp-content\/uploads\/2024\/01\/impact3.svg\" class=\"attachment-original size-original\" alt=\"Dopad 3 ecoturbino\" \/>\t\t\t\t\t\t\n\t\t\t\t\t<\/div>\n\t\t\t\t\t\t<\/a>\t\t\n<style>\n#image_427300792 {\n  width: 100%;\n}\n<\/style>\n\t<\/div>\n\t\n\t<div class=\"img has-hover x md-x lg-x y md-y lg-y\" id=\"image_1174294351\">\n\t\t<a class=\"\" href=\"\/sk\/dopad-4\/\" >\t\t\t\t\t\t<div class=\"img-inner image-color dark\" >\n\t\t\t<img decoding=\"async\" width=\"100\" height=\"100\" src=\"https:\/\/ecoturbino.world\/wp-content\/uploads\/2024\/01\/impact4.svg\" class=\"attachment-original size-original\" alt=\"Dopad 4 ecoturbino\" \/>\t\t\t\t\t\t\n\t\t\t\t\t<\/div>\n\t\t\t\t\t\t<\/a>\t\t\n<style>\n#image_1174294351 {\n  width: 100%;\n}\n<\/style>\n\t<\/div>\n\t\n\t<div class=\"img has-hover x md-x lg-x y md-y lg-y\" id=\"image_2057771651\">\n\t\t<a class=\"\" href=\"\/sk\/dopad-5\/\" >\t\t\t\t\t\t<div class=\"img-inner image-color dark\" >\n\t\t\t<img decoding=\"async\" width=\"100\" height=\"100\" src=\"https:\/\/ecoturbino.world\/wp-content\/uploads\/2024\/01\/impact5.svg\" class=\"attachment-original size-original\" alt=\"\" \/>\t\t\t\t\t\t\n\t\t\t\t\t<\/div>\n\t\t\t\t\t\t<\/a>\t\t\n<style>\n#image_2057771651 {\n  width: 100%;\n}\n<\/style>\n\t<\/div>\n\t\n\t<div class=\"img has-hover x md-x lg-x y md-y lg-y\" id=\"image_238531898\">\n\t\t<a class=\"\" href=\"\/sk\/dopad-6\/\" >\t\t\t\t\t\t<div class=\"img-inner image-color dark\" >\n\t\t\t<img decoding=\"async\" width=\"100\" height=\"100\" src=\"https:\/\/ecoturbino.world\/wp-content\/uploads\/2024\/01\/impact6.svg\" class=\"attachment-original size-original\" alt=\"Dopad 6 ecoturbino\" \/>\t\t\t\t\t\t\n\t\t\t\t\t<\/div>\n\t\t\t\t\t\t<\/a>\t\t\n<style>\n#image_238531898 {\n  width: 100%;\n}\n<\/style>\n\t<\/div>\n\t\n\t<div class=\"img has-hover x md-x lg-x y md-y lg-y\" id=\"image_1597217486\">\n\t\t\t\t\t\t\t\t<div class=\"img-inner dark\" >\n\t\t\t<img decoding=\"async\" width=\"100\" height=\"100\" src=\"https:\/\/ecoturbino.world\/wp-content\/uploads\/2024\/01\/impact7.svg\" class=\"attachment-original size-original\" alt=\"Dopad 7 ecoturbino\" \/>\t\t\t\t\t\t\n\t\t\t\t\t<\/div>\n\t\t\t\t\t\t\t\t\n<style>\n#image_1597217486 {\n  width: 100%;\n}\n<\/style>\n\t<\/div>\n\t\n\t\t\n<style>\n#stack-3025839743 > * {\n  --stack-gap: 0.5rem;\n}\n@media (min-width:550px) {\n  #stack-3025839743 > * {\n    --stack-gap: 1rem;\n  }\n}\n<\/style>\n\t<\/div>\n\t\n\t\t<\/div>\n\t\t\t\t\t<\/div>\n\n\t\n<\/div>\n\t\t<\/div>\n\t\t\t\t\t<\/div>\n\n\t\n\n\t<div id=\"col-532988510\" class=\"col medium-3 small-12 large-3\"  >\n\t\t\t\t<div class=\"col-inner\"  >\n\t\t\t\n\t\t\t\n\t<div class=\"img has-hover x md-x lg-x y md-y lg-y\" id=\"image_63667152\">\n\t\t\t\t\t\t\t\t<div class=\"img-inner dark\" >\n\t\t\t<img decoding=\"async\" width=\"100\" height=\"100\" src=\"https:\/\/ecoturbino.world\/wp-content\/uploads\/2024\/01\/impact7.svg\" class=\"attachment-original size-original\" alt=\"Dopad 7 ecoturbino\" \/>\t\t\t\t\t\t\n\t\t\t\t\t<\/div>\n\t\t\t\t\t\t\t\t\n<style>\n#image_63667152 {\n  width: 100%;\n}\n<\/style>\n\t<\/div>\n\t\n\t\t<\/div>\n\t\t\t\t\t<\/div>\n\n\t\n<\/div>\n<div class=\"row\"  id=\"row-1224691967\">\n\n\t<div id=\"col-1513125874\" class=\"col small-12 large-12\"  >\n\t\t\t\t<div class=\"col-inner\"  >\n\t\t\t\n\t\t\t\n<div class=\"is-divider divider clearfix\" style=\"max-width:100%;height:1px;\"><\/div>\n<h2><span style=\"font-size: 120%;\">Turbulentn\u00e1 voda v sprche v\u010faka ecoturbino | Ako vzduch o\u017eivuje pr\u00fad vody<\/span><\/h2>\n<p>Str\u00e1nka <strong>rann\u00e1 sprcha je rozhoduj\u00facim momentom<\/strong> pre mnoho \u013eud\u00ed, aby<strong> za\u010da\u0165 de\u0148 svie\u017eo a pln\u00fd energie<\/strong>. Osvie\u017euj\u00faci pr\u00fad vody dok\u00e1\u017ee z\u00e1zraky a prebud\u00ed zmysly.<\/p>\n<p>ecoturbino ide e\u0161te o krok \u010falej, aby tento z\u00e1\u017eitok zo sprchovania vylep\u0161ilo<strong> generovanie <a href=\"https:\/\/en.wikipedia.org\/wiki\/Turbulence\" target=\"_blank\" rel=\"noopener sponsored\">turbulentn\u00e9<\/a> voda.<\/strong> Ale ako to vlastne funguje? Odpove\u010f spo\u010d\u00edva v \u0161ikovnom <strong>zavedenie vzduchu do pr\u00fadu vody<\/strong>, \u010do vedie k revitaliz\u00e1cii a efekt\u00edvnemu sprchovaniu.<\/p>\n<h3>\u00daloha vzduchu v sprche<\/h3>\n<p>Vzduch zohr\u00e1va k\u013e\u00fa\u010dov\u00fa \u00falohu pri zlep\u0161ovan\u00ed z\u00e1\u017eitku zo sprchovania. Ke\u010f sa zavedie do pr\u00fadu vody. <strong>vytv\u00e1ra drobn\u00e9 vzduchov\u00e9 bublinky, ktor\u00e9 rozru\u0161uj\u00fa vodu, \u010d\u00edm jej dod\u00e1vaj\u00fa v\u00e4\u010d\u0161\u00ed objem a \u0161trukt\u00faru.<\/strong> To vedie k turbulentn\u00e9mu pr\u00fadu vody, ktor\u00fd pon\u00faka<strong> vy\u0161\u0161iu \u00fa\u010dinnos\u0165 a pr\u00edjemnej\u0161\u00ed z\u00e1\u017eitok zo sprchovania.<\/strong><\/p>\n<h3>Inovat\u00edvna technol\u00f3gia ecoturbino<\/h3>\n<p>ecoturbino vyu\u017e\u00edva toto <strong>vzduchov\u00fa technol\u00f3giu na zlep\u0161enie pr\u00fadu vody.<\/strong> Technol\u00f3gia je zalo\u017een\u00e1 na \u0161peci\u00e1lnom z\u00fa\u017een\u00ed prierezu, ktor\u00e9 <strong>zr\u00fdch\u013euje pr\u00fadenie vody<\/strong> pri nas\u00e1van\u00ed vzduchu. Tento vzduch sa potom mie\u0161a s vodou a vytv\u00e1ra dynamick\u00fd a osvie\u017euj\u00faci pr\u00fad.<\/p>\n\t<div id=\"gap-1897328052\" class=\"gap-element clearfix\" style=\"display:block; height:auto;\">\n\t\t\n<style>\n#gap-1897328052 {\n  padding-top: 30px;\n}\n<\/style>\n\t<\/div>\n\t\n<div class=\"row\"  id=\"row-1413923214\">\n\n\t<div id=\"col-967901057\" class=\"col medium-4 small-12 large-4\"  >\n\t\t\t\t<div class=\"col-inner\"  >\n\t\t\t\n\t\t\t\n\t<div class=\"img has-hover radius10 x md-x lg-x y md-y lg-y\" id=\"image_856371649\">\n\t\t\t\t\t\t\t\t<div class=\"img-inner dark\" >\n\t\t\t<img decoding=\"async\" width=\"600\" height=\"600\" src=\"https:\/\/ecoturbino.world\/wp-content\/uploads\/2024\/01\/air-water_600.webp\" class=\"attachment-original size-original\" alt=\"Symbol vzduchu a vody\" srcset=\"https:\/\/ecoturbino.world\/wp-content\/uploads\/2024\/01\/air-water_600.webp 600w, https:\/\/ecoturbino.world\/wp-content\/uploads\/2024\/01\/air-water_600-500x500.webp 500w, https:\/\/ecoturbino.world\/wp-content\/uploads\/2024\/01\/air-water_600-32x32.webp 32w, https:\/\/ecoturbino.world\/wp-content\/uploads\/2024\/01\/air-water_600-48x48.webp 48w, https:\/\/ecoturbino.world\/wp-content\/uploads\/2024\/01\/air-water_600-80x80.webp 80w, https:\/\/ecoturbino.world\/wp-content\/uploads\/2024\/01\/air-water_600-180x180.webp 180w\" sizes=\"(max-width: 600px) 100vw, 600px\" \/>\t\t\t\t\t\t\n\t\t\t\t\t<\/div>\n\t\t\t\t\t\t\t\t\n<style>\n#image_856371649 {\n  width: 100%;\n}\n<\/style>\n\t<\/div>\n\t\n\t\t<\/div>\n\t\t\t\t\t<\/div>\n\n\t\n\n\t<div id=\"col-1976760987\" class=\"col medium-8 small-12 large-8\"  >\n\t\t\t\t<div class=\"col-inner\"  >\n\t\t\t\n\t\t\t\n<h3>V\u00fdhody turbulentnej vody v sprche<\/h3>\n<ul>\n<li><strong>\u00da\u010dinnej\u0161ie \u010distenie:<\/strong> Turbulentn\u00fd pr\u00fad vody dok\u00e1\u017ee \u00fa\u010dinne odstr\u00e1ni\u0165 ne\u010distoty a mydlo z poko\u017eky a vlasov, \u010do vedie k d\u00f4kladnej\u0161iemu \u010disteniu a lep\u0161iemu z\u00e1\u017eitku zo sprchovania.<\/li>\n<li><strong>\u00daspora vody:<\/strong> Pridan\u00edm vzduchu m\u00f4\u017ee ecoturbino zv\u00fd\u0161i\u0165 tlak vody bez toho, aby spotrebovalo viac vody. To umo\u017e\u0148uje pohodln\u00e9 sprchovanie pri zn\u00ed\u017eenej spotrebe vody.<\/li>\n<li><strong>\u00daspora energie:<\/strong> Ke\u010f\u017ee na pr\u00edpravu teplej vody na sprchovanie je potrebn\u00e9 ohrieva\u0165 menej vody, ecoturbino vedie aj k \u00faspor\u00e1m energie a ni\u017e\u0161\u00edm n\u00e1kladom na energiu.<\/li>\n<li><strong>Zv\u00fd\u0161en\u00fd komfort pri sprchovan\u00ed:<\/strong> Silnej\u0161\u00ed a pr\u00edjemnej\u0161\u00ed pr\u00fad vody zo syst\u00e9mu ecoturbino je silnej\u0161\u00ed, \u010do zvy\u0161uje komfort pri sprchovan\u00ed.<\/li>\n<li><strong><a href=\"https:\/\/ecoturbino.world\/sk\/dopad-5\/\">Environment\u00e1lne<\/a> priate\u013esk\u00e9:<\/strong> Zn\u00ed\u017een\u00e1 spotreba vody a energie znamen\u00e1 men\u0161iu z\u00e1\u0165a\u017e pre \u017eivotn\u00e9 prostredie a zn\u00ed\u017eenie emisi\u00ed CO2.<\/li>\n<\/ul>\n\t\t<\/div>\n\t\t\t\t\t<\/div>\n\n\t\n<\/div>\n\t<div id=\"gap-1221188733\" class=\"gap-element clearfix\" style=\"display:block; height:auto;\">\n\t\t\n<style>\n#gap-1221188733 {\n  padding-top: 30px;\n}\n<\/style>\n\t<\/div>\n\t\n<div class=\"row\"  id=\"row-1933423688\">\n\n\t<div id=\"col-639322834\" class=\"col medium-6 small-12 large-6\"  >\n\t\t\t\t<div class=\"col-inner\"  >\n\t\t\t\n\t\t\t\n<h3>In\u0161tal\u00e1cia ecoturbino<\/h3>\n<p>In\u0161tal\u00e1cia syst\u00e9mu ecoturbino nem\u00f4\u017ee by\u0165 jednoduch\u0161ia. Zvy\u010dajne sa dod\u00e1va s \u00bd-palcov\u00fdm \u0161tandardn\u00fdm z\u00e1vitom, ktor\u00fd je pr\u00edtomn\u00fd vo v\u00e4\u010d\u0161ine sp\u0155ch.<\/p>\n<p>To umo\u017e\u0148uje <strong>r\u00fdchla a jednoduch\u00e1 in\u0161tal\u00e1cia bez potreby \u0161peci\u00e1lneho n\u00e1radia<\/strong> alebo odborn\u00e9 znalosti. U\u017e za p\u00e1r min\u00fat m\u00f4\u017ee ka\u017ed\u00fd vyu\u017e\u00edva\u0165 v\u00fdhody b\u00farliv\u00e9ho pr\u00fadu vody.<\/p>\n\t\t<\/div>\n\t\t\t\t\t<\/div>\n\n\t\n\n\t<div id=\"col-888276546\" class=\"col medium-6 small-12 large-6\"  >\n\t\t\t\t<div class=\"col-inner\" style=\"background-color:#c0d63d;\" >\n\t\t\t\n\t\t\t\n\t<div id=\"text-1652730824\" class=\"text\">\n\t\t\n<h4 class=\"uppercase\">Z\u00c1VER<\/h4>\n\t\t\n<style>\n#text-1652730824 {\n  font-size: 2rem;\n  text-align: right;\n  color: rgb(255,255,255);\n}\n#text-1652730824 > * {\n  color: rgb(255,255,255);\n}\n@media (min-width:550px) {\n  #text-1652730824 {\n    font-size: 3.5rem;\n  }\n}\n<\/style>\n\t<\/div>\n\t\n<h3>Osvie\u017euj\u00faci z\u00e1\u017eitok zo sprchovania v\u010faka ecoturbino<\/h3>\n<blockquote>\n<p>Ecoturbino predstavuje inovat\u00edvne rie\u0161enie na vytv\u00e1ranie turbulentnej vody v sprche a vyu\u017e\u00edvanie v\u00fdhod osvie\u017euj\u00faceho pr\u00fadu vody.<\/p>\n<\/blockquote>\n<p>Zavedenie vzduchu do pr\u00fadu vody umo\u017e\u0148uje <strong>\u00fa\u010dinnej\u0161ie sprchovanie, \u00faspora vody a energie,<\/strong> a <strong>zv\u00fd\u0161i\u0165 pohodlie pri sprchovan\u00ed<\/strong>t.<\/p>\n<p>V\u010faka jednoduchej in\u0161tal\u00e1cii m\u00f4\u017ee ka\u017ed\u00fd vyu\u017e\u00edva\u0165 v\u00fdhody syst\u00e9mu ecoturbino a pov\u00fd\u0161i\u0165 svoj z\u00e1\u017eitok z rannej sprchy na nov\u00fa \u00farove\u0148.<\/p>\n\t\t<\/div>\n\t\t\t\t\n<style>\n#col-888276546 > .col-inner {\n  padding: 10px 20px 1px 25px;\n  border-radius: 10px;\n}\n<\/style>\n\t<\/div>\n\n\t\n<\/div>\n\t\t<\/div>\n\t\t\t\t\n<style>\n#col-1513125874 > .col-inner {\n  margin: 0px 0px -125px 0px;\n}\n@media (min-width:550px) {\n  #col-1513125874 > .col-inner {\n    margin: 0px 0px -200px 0px;\n  }\n}\n<\/style>\n\t<\/div>\n\n\t\n<\/div>\n\t\t<\/div>\n\n\t\t\n<style>\n#section_1879494844 {\n  padding-top: 30px;\n  padding-bottom: 30px;\n}\n<\/style>\n\t<\/section>\n\t\n\n\t<section class=\"section\" id=\"section_40888676\">\n\t\t<div class=\"section-bg fill\" >\n\t\t\t<img decoding=\"async\" width=\"1920\" height=\"683\" src=\"https:\/\/ecoturbino.world\/wp-content\/uploads\/2025\/12\/ecoturbino-function_1920-1.webp\" class=\"bg attachment- size-\" alt=\"ecoturbino funktion\" \/>\t\t\t\t\t\t<div class=\"section-bg-overlay absolute fill\"><\/div>\n\t\t\t\n\n\t\t<\/div>\n\n\t\t\t<div class=\"ux-shape-divider ux-shape-divider--top ux-shape-divider--style-waves-opacity\">\n\t\t<svg viewbox=\"0 0 1000 300\" xmlns=\"http:\/\/www.w3.org\/2000\/svg\" preserveaspectratio=\"none\">\n    <path class=\"ux-shape-fill\" d=\"M0 300L-1 69.71C216 57 299.47 198.86 403 226C506 253 577 196 660 197C740 198 790.09 234.07 874 267C935.23 291 982 282.61 1000 277.61V300H0Z\"\/>\n    <path class=\"ux-shape-fill\" opacity=\"0.5\" d=\"M1 265.094L0 50.5C217 37.79 300.47 186.36 404 213.5C507 240.5 578 196.5 661 197.5C741 198.5 787.59 239.57 871.5 272.5C932.73 296.5 980.5 284.5 998.5 279.5V298.5L1 265.094Z\"\/>\n    <path class=\"ux-shape-fill\" opacity=\"0.15\" d=\"M0.999878 244.094L-0.00012207 27C217 14.29 300.47 173.86 404 201C507 228 578 196 661 197C741 198 787.59 243.07 871.5 276C932.73 300 980.5 284.5 998.5 279.5V299L0.999878 244.094Z\"\/>\n<\/svg>\n\n\t<\/div>\n\n\n\t\t<div class=\"section-content relative\">\n\t\t\t\n\t\t<\/div>\n\n\t\t\n<style>\n#section_40888676 {\n  padding-top: 125px;\n  padding-bottom: 125px;\n}\n#section_40888676 .section-bg-overlay {\n  background-color: rgba(0, 0, 0, 0.25);\n}\n#section_40888676 .ux-shape-divider--top svg {\n  height: 80px;\n  --divider-top-width: 100%;\n}\n@media (min-width:550px) {\n  #section_40888676 {\n    padding-top: 300px;\n    padding-bottom: 300px;\n  }\n  #section_40888676 .ux-shape-divider--top svg {\n    height: 124px;\n  }\n}\n<\/style>\n\t<\/section>","protected":false},"excerpt":{"rendered":"","protected":false},"author":2,"featured_media":1698,"parent":0,"menu_order":0,"comment_status":"closed","ping_status":"closed","template":"page-blank.php","meta":{"inline_featured_image":false,"footnotes":""},"class_list":["post-1220","page","type-page","status-publish","has-post-thumbnail","hentry"],"_links":{"self":[{"href":"https:\/\/ecoturbino.world\/sk\/wp-json\/wp\/v2\/pages\/1220","targetHints":{"allow":["GET"]}}],"collection":[{"href":"https:\/\/ecoturbino.world\/sk\/wp-json\/wp\/v2\/pages"}],"about":[{"href":"https:\/\/ecoturbino.world\/sk\/wp-json\/wp\/v2\/types\/page"}],"author":[{"embeddable":true,"href":"https:\/\/ecoturbino.world\/sk\/wp-json\/wp\/v2\/users\/2"}],"replies":[{"embeddable":true,"href":"https:\/\/ecoturbino.world\/sk\/wp-json\/wp\/v2\/comments?post=1220"}],"version-history":[{"count":0,"href":"https:\/\/ecoturbino.world\/sk\/wp-json\/wp\/v2\/pages\/1220\/revisions"}],"wp:featuredmedia":[{"embeddable":true,"href":"https:\/\/ecoturbino.world\/sk\/wp-json\/wp\/v2\/media\/1698"}],"wp:attachment":[{"href":"https:\/\/ecoturbino.world\/sk\/wp-json\/wp\/v2\/media?parent=1220"}],"curies":[{"name":"wp","href":"https:\/\/api.w.org\/{rel}","templated":true}]}}