{"id":1215,"date":"2024-01-01T12:07:15","date_gmt":"2024-01-01T11:07:15","guid":{"rendered":"https:\/\/ecoturbino.eu\/?page_id=1215"},"modified":"2025-12-29T22:45:35","modified_gmt":"2025-12-29T21:45:35","slug":"dopad-6","status":"publish","type":"page","link":"https:\/\/ecoturbino.world\/sk\/impact-6\/","title":{"rendered":"Absol\u00fatne bez\u00fadr\u017ebov\u00e9 a vhodn\u00e9 pre v\u0161etky sprchy - m\u00f4\u017ee ich in\u0161talova\u0165 ktoko\u013evek"},"content":{"rendered":"<section class=\"section zindex1\" id=\"section_1499702298\">\n\t\t<div class=\"section-bg fill\" >\n\t\t\t\t\t\t\t\t\t\n\t\t\t\n\n\t\t<\/div>\n\n\t\t\n\n\t\t<div class=\"section-content relative\">\n\t\t\t\n<div class=\"row row-small\"  id=\"row-1545130776\">\n\n\t<div id=\"col-718856126\" class=\"col medium-9 small-12 large-9\"  >\n\t\t\t\t<div class=\"col-inner\"  >\n\t\t\t\n\t\t\t\n<h2 class=\"uppercase\">Absol\u00fatne bez\u00fadr\u017ebov\u00fd a dodato\u010dne montovate\u013en\u00fd do v\u0161etk\u00fdch sp\u0155ch - in\u0161taluje ho ka\u017ed\u00fd<\/h2>\n<h3 class=\"thin-font\">\u0161iesty vplyv syst\u00e9mu ecoturbino\u00ae na ochranu \u017eivotn\u00e9ho prostredia<\/h3>\n<div class=\"row\"  id=\"row-1543044023\">\n\n\t<div id=\"col-1365568489\" class=\"col medium-11 small-12 large-11\"  >\n\t\t\t\t<div class=\"col-inner\"  >\n\t\t\t\n\t\t\t\n\t<div id=\"stack-1381940489\" class=\"stack stack-row justify-start items-start\">\n\t\t\n\t<div class=\"img has-hover x md-x lg-x y md-y lg-y\" id=\"image_1372852499\">\n\t\t<a class=\"\" href=\"\/sk\/dopad-1\/\" >\t\t\t\t\t\t<div class=\"img-inner image-color dark\" >\n\t\t\t<img decoding=\"async\" width=\"100\" height=\"100\" src=\"https:\/\/ecoturbino.world\/wp-content\/uploads\/2024\/01\/impact1.svg\" class=\"attachment-original size-original\" alt=\"\" \/>\t\t\t\t\t\t\n\t\t\t\t\t<\/div>\n\t\t\t\t\t\t<\/a>\t\t\n<style>\n#image_1372852499 {\n  width: 100%;\n}\n<\/style>\n\t<\/div>\n\t\n\t<div class=\"img has-hover x md-x lg-x y md-y lg-y\" id=\"image_1910688911\">\n\t\t<a class=\"\" href=\"\/sk\/dopad-2\/\" >\t\t\t\t\t\t<div class=\"img-inner image-color dark\" >\n\t\t\t<img decoding=\"async\" width=\"100\" height=\"100\" src=\"https:\/\/ecoturbino.world\/wp-content\/uploads\/2024\/01\/impact2.svg\" class=\"attachment-original size-original\" alt=\"\" \/>\t\t\t\t\t\t\n\t\t\t\t\t<\/div>\n\t\t\t\t\t\t<\/a>\t\t\n<style>\n#image_1910688911 {\n  width: 100%;\n}\n<\/style>\n\t<\/div>\n\t\n\t<div class=\"img has-hover x md-x lg-x y md-y lg-y\" id=\"image_1374997047\">\n\t\t<a class=\"\" href=\"\/sk\/dopad-3\/\" >\t\t\t\t\t\t<div class=\"img-inner image-color dark\" >\n\t\t\t<img decoding=\"async\" width=\"100\" height=\"100\" src=\"https:\/\/ecoturbino.world\/wp-content\/uploads\/2024\/01\/impact3.svg\" class=\"attachment-original size-original\" alt=\"Dopad 3 ecoturbino\" \/>\t\t\t\t\t\t\n\t\t\t\t\t<\/div>\n\t\t\t\t\t\t<\/a>\t\t\n<style>\n#image_1374997047 {\n  width: 100%;\n}\n<\/style>\n\t<\/div>\n\t\n\t<div class=\"img has-hover x md-x lg-x y md-y lg-y\" id=\"image_1473033693\">\n\t\t<a class=\"\" href=\"\/sk\/dopad-4\/\" >\t\t\t\t\t\t<div class=\"img-inner image-color dark\" >\n\t\t\t<img decoding=\"async\" width=\"100\" height=\"100\" src=\"https:\/\/ecoturbino.world\/wp-content\/uploads\/2024\/01\/impact4.svg\" class=\"attachment-original size-original\" alt=\"Dopad 4 ecoturbino\" \/>\t\t\t\t\t\t\n\t\t\t\t\t<\/div>\n\t\t\t\t\t\t<\/a>\t\t\n<style>\n#image_1473033693 {\n  width: 100%;\n}\n<\/style>\n\t<\/div>\n\t\n\t<div class=\"img has-hover x md-x lg-x y md-y lg-y\" id=\"image_1687737142\">\n\t\t<a class=\"\" href=\"\/sk\/dopad-5\/\" >\t\t\t\t\t\t<div class=\"img-inner image-color dark\" >\n\t\t\t<img decoding=\"async\" width=\"100\" height=\"100\" src=\"https:\/\/ecoturbino.world\/wp-content\/uploads\/2024\/01\/impact5.svg\" class=\"attachment-original size-original\" alt=\"\" \/>\t\t\t\t\t\t\n\t\t\t\t\t<\/div>\n\t\t\t\t\t\t<\/a>\t\t\n<style>\n#image_1687737142 {\n  width: 100%;\n}\n<\/style>\n\t<\/div>\n\t\n\t<div class=\"img has-hover x md-x lg-x y md-y lg-y\" id=\"image_849489511\">\n\t\t\t\t\t\t\t\t<div class=\"img-inner dark\" >\n\t\t\t<img decoding=\"async\" width=\"100\" height=\"100\" src=\"https:\/\/ecoturbino.world\/wp-content\/uploads\/2024\/01\/impact6.svg\" class=\"attachment-original size-original\" alt=\"Dopad 6 ecoturbino\" \/>\t\t\t\t\t\t\n\t\t\t\t\t<\/div>\n\t\t\t\t\t\t\t\t\n<style>\n#image_849489511 {\n  width: 100%;\n}\n<\/style>\n\t<\/div>\n\t\n\t<div class=\"img has-hover x md-x lg-x y md-y lg-y\" id=\"image_26558824\">\n\t\t<a class=\"\" href=\"\/sk\/dopad-7\/\" >\t\t\t\t\t\t<div class=\"img-inner image-color dark\" >\n\t\t\t<img decoding=\"async\" width=\"100\" height=\"100\" src=\"https:\/\/ecoturbino.world\/wp-content\/uploads\/2024\/01\/impact7.svg\" class=\"attachment-original size-original\" alt=\"Dopad 7 ecoturbino\" \/>\t\t\t\t\t\t\n\t\t\t\t\t<\/div>\n\t\t\t\t\t\t<\/a>\t\t\n<style>\n#image_26558824 {\n  width: 100%;\n}\n<\/style>\n\t<\/div>\n\t\n\t\t\n<style>\n#stack-1381940489 > * {\n  --stack-gap: 0.5rem;\n}\n@media (min-width:550px) {\n  #stack-1381940489 > * {\n    --stack-gap: 1rem;\n  }\n}\n<\/style>\n\t<\/div>\n\t\n\t\t<\/div>\n\t\t\t\t\t<\/div>\n\n\t\n<\/div>\n\t\t<\/div>\n\t\t\t\t\t<\/div>\n\n\t\n\n\t<div id=\"col-1447742316\" class=\"col medium-3 small-12 large-3\"  >\n\t\t\t\t<div class=\"col-inner\"  >\n\t\t\t\n\t\t\t\n\t<div class=\"img has-hover x md-x lg-x y md-y lg-y\" id=\"image_1584952026\">\n\t\t\t\t\t\t\t\t<div class=\"img-inner dark\" >\n\t\t\t<img decoding=\"async\" width=\"100\" height=\"100\" src=\"https:\/\/ecoturbino.world\/wp-content\/uploads\/2024\/01\/impact6.svg\" class=\"attachment-original size-original\" alt=\"Dopad 6 ecoturbino\" \/>\t\t\t\t\t\t\n\t\t\t\t\t<\/div>\n\t\t\t\t\t\t\t\t\n<style>\n#image_1584952026 {\n  width: 100%;\n}\n<\/style>\n\t<\/div>\n\t\n\t\t<\/div>\n\t\t\t\t\t<\/div>\n\n\t\n<\/div>\n<div class=\"row\"  id=\"row-223589059\">\n\n\t<div id=\"col-1489394424\" class=\"col small-12 large-12\"  >\n\t\t\t\t<div class=\"col-inner\"  >\n\t\t\t\n\t\t\t\n<div class=\"is-divider divider clearfix\" style=\"max-width:100%;height:1px;\"><\/div>\n<h3><span style=\"font-size: 120%;\">Jednoduch\u00e1 \u00faspora energie | <a href=\"https:\/\/en.ecoturbino.shop\/details\/\" target=\"_blank\" rel=\"noopener\">ecoturbino<\/a> - Jednoduch\u00e1 in\u0161tal\u00e1cia a vhodn\u00e9 pre ka\u017ed\u00e9ho<\/span><\/h3>\n<p>V \u010dase, ke\u010f <strong>\u00faspora energie a ochrana \u017eivotn\u00e9ho prostredia s\u00fa \u010doraz d\u00f4le\u017eitej\u0161ie,<\/strong> mnoho \u013eud\u00ed h\u013ead\u00e1 sp\u00f4soby, ako <strong>zn\u00ed\u017ei\u0165 spotrebu energie.<\/strong> a <strong>zn\u00ed\u017ei\u0165 svoju ekologick\u00fa stopu.<\/strong><\/p>\n<p>\u010casto sa v\u0161ak stret\u00e1vaj\u00fa s probl\u00e9mom, \u017ee mnoh\u00e9 <strong>energeticky \u00fasporn\u00e9 v\u00fdrobky s\u00fa komplikovan\u00e9<\/strong> a vy\u017eaduj\u00fa si odborn\u00fa in\u0161tal\u00e1ciu. Ale nemus\u00ed to tak by\u0165. S ecoturbino sa \u0161etrenie energiou stane hra\u010dkou.<\/p>\n<p>T\u00e1to str\u00e1nka <strong>inovat\u00edvny rak\u00fasky v\u00fdrobok<\/strong> m\u00f4\u017ee by\u0165 <strong>in\u0161talova\u0165 ktoko\u013evek bez predch\u00e1dzaj\u00facich znalost\u00ed<\/strong> alebo odborn\u00e9 znalosti a hod\u00ed sa do ka\u017edej sprchy. Je pripraven\u00e1 na pou\u017eitie u\u017e za tri min\u00faty a nevy\u017eaduje si \u017eiadne n\u00e1radie ani zlo\u017eit\u00fa in\u0161tal\u00e1ciu.<\/p>\n<h3>Pre\u010do sa ecoturbino tak \u013eahko in\u0161taluje?<\/h3>\n<p>Ecoturbino bolo navrhnut\u00e9 tak, aby<strong> \u010do najjednoduch\u0161ia in\u0161tal\u00e1cia<\/strong>. Nevy\u017eaduje zlo\u017eit\u00e9 n\u00e1stroje ani \u0161pecializovan\u00e9 znalosti. D\u00f4vodom je \u00bd-palcov\u00fd \u0161tandardn\u00fd z\u00e1vit, ktor\u00fd sa nach\u00e1dza vo v\u00e4\u010d\u0161ine vodovodn\u00fdch pr\u00edpojok na zmie\u0161ava\u010di teplej vody v sprche.<\/p>\n<p>Tento \u0161tandardn\u00fd z\u00e1vit umo\u017e\u0148uje jednoduch\u00e9 a bezpe\u010dn\u00e9 upevnenie ecoturbina bez potreby \u010fal\u0161\u00edch \u00faprav alebo modifik\u00e1ci\u00ed.<\/p>\n\t<div id=\"gap-1016143757\" class=\"gap-element clearfix\" style=\"display:block; height:auto;\">\n\t\t\n<style>\n#gap-1016143757 {\n  padding-top: 30px;\n}\n<\/style>\n\t<\/div>\n\t\n<div class=\"row\"  id=\"row-658681619\">\n\n\t<div id=\"col-272276678\" class=\"col medium-4 small-12 large-4\"  >\n\t\t\t\t<div class=\"col-inner\"  >\n\t\t\t\n\t\t\t\n\t<div class=\"img has-hover radius10 x md-x lg-x y md-y lg-y\" id=\"image_8964035\">\n\t\t\t\t\t\t\t\t<div class=\"img-inner dark\" >\n\t\t\t<img decoding=\"async\" width=\"600\" height=\"600\" src=\"https:\/\/ecoturbino.world\/wp-content\/uploads\/2024\/01\/tools-shower_600.webp\" class=\"attachment-original size-original\" alt=\"Symbol sprchovac\u00edch n\u00e1strojov\" srcset=\"https:\/\/ecoturbino.world\/wp-content\/uploads\/2024\/01\/tools-shower_600.webp 600w, https:\/\/ecoturbino.world\/wp-content\/uploads\/2024\/01\/tools-shower_600-500x500.webp 500w, https:\/\/ecoturbino.world\/wp-content\/uploads\/2024\/01\/tools-shower_600-32x32.webp 32w, https:\/\/ecoturbino.world\/wp-content\/uploads\/2024\/01\/tools-shower_600-48x48.webp 48w, https:\/\/ecoturbino.world\/wp-content\/uploads\/2024\/01\/tools-shower_600-80x80.webp 80w, https:\/\/ecoturbino.world\/wp-content\/uploads\/2024\/01\/tools-shower_600-180x180.webp 180w\" sizes=\"(max-width: 600px) 100vw, 600px\" \/>\t\t\t\t\t\t\n\t\t\t\t\t<\/div>\n\t\t\t\t\t\t\t\t\n<style>\n#image_8964035 {\n  width: 100%;\n}\n<\/style>\n\t<\/div>\n\t\n\t\t<\/div>\n\t\t\t\t\t<\/div>\n\n\t\n\n\t<div id=\"col-93893572\" class=\"col medium-8 small-12 large-8\"  >\n\t\t\t\t<div class=\"col-inner\"  >\n\t\t\t\n\t\t\t\n<h3>Jednoduch\u00fd proces in\u0161tal\u00e1cie ecoturbino<\/h3>\n<p>In\u0161tal\u00e1cia ecoturbino nem\u00f4\u017ee by\u0165 jednoduch\u0161ia. Tu s\u00fa uveden\u00e9 podrobn\u00e9 kroky:<\/p>\n<ol>\n<li><strong>Pr\u00edprava:<\/strong> Uistite sa, \u017ee va\u0161a sprchov\u00e1 hadica m\u00e1 <strong>\u00bd-palcov\u00fd \u0161tandardn\u00fd z\u00e1vit<\/strong> (\u010do je celosvetov\u00fd \u0161tandard). Tak je to vo v\u00e4\u010d\u0161ine sp\u0155ch.<\/li>\n<li><strong>Odstr\u00e1\u0148te sprchov\u00fa hadicu:<\/strong> Odskrutkujte ho ot\u00e1\u010dan\u00edm v smere hodinov\u00fdch ru\u010di\u010diek.<\/li>\n<li><strong>Pripojte ecoturbino:<\/strong> Jednoducho naskrutkujte ecoturbino na \u00bd-palcov\u00fd \u0161tandardn\u00fd z\u00e1vit na mix\u00e9ri a ot\u00e1\u010dajte n\u00edm v smere hodinov\u00fdch ru\u010di\u010diek, k\u00fdm nebude bezpe\u010dne pripevnen\u00fd.<\/li>\n<li>Teraz pripojte vodn\u00fa hadicu k ekoturb\u00edne - Hotovo! Va\u0161e ecoturbino je teraz pripraven\u00e9 na pou\u017eitie. Nie s\u00fa potrebn\u00e9 \u017eiadne \u010fal\u0161ie kroky.<\/li>\n<\/ol>\n\t\t<\/div>\n\t\t\t\t\t<\/div>\n\n\t\n<\/div>\n\t<div id=\"gap-953439922\" class=\"gap-element clearfix\" style=\"display:block; height:auto;\">\n\t\t\n<style>\n#gap-953439922 {\n  padding-top: 30px;\n}\n<\/style>\n\t<\/div>\n\t\n<div class=\"row\"  id=\"row-1018730828\">\n\n\t<div id=\"col-1513232976\" class=\"col medium-6 small-12 large-6\"  >\n\t\t\t\t<div class=\"col-inner\"  >\n\t\t\t\n\t\t\t\n<h3>Nevy\u017eaduj\u00fa sa \u017eiadne predch\u00e1dzaj\u00face znalosti ani sk\u00fasenosti<\/h3>\n<p>Najlep\u0161ie na ecoturbino je, \u017ee je <strong>vhodn\u00e9 pre ka\u017ed\u00e9ho<\/strong>. Nepotrebujete \u017eiadne predch\u00e1dzaj\u00face znalosti ani sk\u00fasenosti s in\u0161tal\u00e1ciami. V\u010faka \u0161tandardn\u00e9mu z\u00e1vitu a jednoduch\u00e9mu upevneniu je in\u0161tal\u00e1cia hra\u010dkou.<\/p>\n<blockquote>\n<p>Je to skvel\u00fd sp\u00f4sob, ako u\u0161etri\u0165 energiu a vodu bez toho, aby ste sa museli ob\u00e1va\u0165 zlo\u017eitej in\u0161tal\u00e1cie.<\/p>\n<\/blockquote>\n\t\t<\/div>\n\t\t\t\t\t<\/div>\n\n\t\n\n\t<div id=\"col-1664491330\" class=\"col medium-6 small-12 large-6\"  >\n\t\t\t\t<div class=\"col-inner\" style=\"background-color:#c0d63d;\" >\n\t\t\t\n\t\t\t\n\t<div id=\"text-1909131169\" class=\"text\">\n\t\t\n<h4 class=\"uppercase\">Z\u00c1VER<\/h4>\n\t\t\n<style>\n#text-1909131169 {\n  font-size: 2rem;\n  text-align: right;\n  color: rgb(255,255,255);\n}\n#text-1909131169 > * {\n  color: rgb(255,255,255);\n}\n@media (min-width:550px) {\n  #text-1909131169 {\n    font-size: 3.5rem;\n  }\n}\n<\/style>\n\t<\/div>\n\t\n<h3>Ve\u013ek\u00e9 v\u00fdhody ecoturbino<\/h3>\n<p>Ecoturbino pon\u00faka nielen jednoduch\u00fa in\u0161tal\u00e1ciu, ale aj cel\u00fd rad v\u00fdhod, ktor\u00e9 <strong>aby sa do nej oplatilo investova\u0165.<\/strong>:<\/p>\n<ul>\n<li><strong><a href=\"https:\/\/ecoturbino.world\/sk\/pravidla-eu-pre-sladku-vodu\/\">\u00daspora vody<\/a>:<\/strong> Ecoturbino zni\u017euje spotrebu vody po\u010das sprchovania o 40 percent. T\u00fdm sa nielen \u0161etr\u00ed voda, ale aj zni\u017euj\u00fa n\u00e1klady na jej v\u00fdrobu a likvid\u00e1ciu.<\/li>\n<li><strong>\u00daspora energie:<\/strong> Ke\u010f\u017ee na pr\u00edpravu teplej vody na sprchovanie je potrebn\u00e9 ohrieva\u0165 menej vody, ecoturbino prin\u00e1\u0161a aj v\u00fdrazn\u00e9 \u00faspory energie a ni\u017e\u0161ie n\u00e1klady na energiu.<\/li>\n<li><strong>\u0160etrn\u00e9 k \u017eivotn\u00e9mu prostrediu:<\/strong> Zn\u00ed\u017een\u00e1 spotreba vody a energie prispieva k ochrane \u017eivotn\u00e9ho prostredia a zn\u00ed\u017eeniu emisi\u00ed CO2.<\/li>\n<li><strong>R\u00fdchla odplata:<\/strong> V\u010faka \u00faspor\u00e1m n\u00e1kladov na vodu a energiu sa invest\u00edcia do ecoturbina r\u00fdchlo oplat\u00ed.<\/li>\n<li><strong>Zv\u00fd\u0161en\u00fd komfort pri sprchovan\u00ed:<\/strong> Napriek zn\u00ed\u017eeniu spotreby vody poskytuje ecoturbino st\u00e1le siln\u00fd a pr\u00edjemn\u00fd z\u00e1\u017eitok zo sprchovania. Pr\u00fad vody zost\u00e1va siln\u00fd a pr\u00edjemn\u00fd.<\/li>\n<\/ul>\n<blockquote>\n<p>Celkovo je ecoturbino jednoduch\u00fd a <strong>n\u00e1kladovo efekt\u00edvny sp\u00f4sob, ako u\u0161etri\u0165 energiu a vodu bez toho, aby ste museli obetova\u0165 pohodlie pri sprchovan\u00ed.<\/strong> Ka\u017ed\u00fd si ho m\u00f4\u017ee nain\u0161talova\u0165 a vyu\u017e\u00edva\u0165 jeho po\u010detn\u00e9 v\u00fdhody. Je to v\u00fdhodn\u00e9 rie\u0161enie pre va\u0161u pe\u0148a\u017eenku aj \u017eivotn\u00e9 prostredie.<\/p>\n<\/blockquote>\n\t\t<\/div>\n\t\t\t\t\n<style>\n#col-1664491330 > .col-inner {\n  padding: 10px 20px 1px 20px;\n  border-radius: 10px;\n}\n<\/style>\n\t<\/div>\n\n\t\n<\/div>\n\t\t<\/div>\n\t\t\t\t\n<style>\n#col-1489394424 > .col-inner {\n  margin: 0px 0px -125px 0px;\n}\n@media (min-width:550px) {\n  #col-1489394424 > .col-inner {\n    margin: 0px 0px -200px 0px;\n  }\n}\n<\/style>\n\t<\/div>\n\n\t\n<\/div>\n\t\t<\/div>\n\n\t\t\n<style>\n#section_1499702298 {\n  padding-top: 30px;\n  padding-bottom: 30px;\n}\n<\/style>\n\t<\/section>\n\t\n\n\t<section class=\"section\" id=\"section_2048024169\">\n\t\t<div class=\"section-bg fill\" >\n\t\t\t<img decoding=\"async\" width=\"1920\" height=\"683\" src=\"https:\/\/ecoturbino.world\/wp-content\/uploads\/2025\/12\/ecoturbino-function_1920-1.webp\" class=\"bg attachment- size-\" alt=\"ecoturbino funktion\" \/>\t\t\t\t\t\t<div class=\"section-bg-overlay absolute fill\"><\/div>\n\t\t\t\n\n\t\t<\/div>\n\n\t\t\t<div class=\"ux-shape-divider ux-shape-divider--top ux-shape-divider--style-waves-opacity\">\n\t\t<svg viewbox=\"0 0 1000 300\" xmlns=\"http:\/\/www.w3.org\/2000\/svg\" preserveaspectratio=\"none\">\n    <path class=\"ux-shape-fill\" d=\"M0 300L-1 69.71C216 57 299.47 198.86 403 226C506 253 577 196 660 197C740 198 790.09 234.07 874 267C935.23 291 982 282.61 1000 277.61V300H0Z\"\/>\n    <path class=\"ux-shape-fill\" opacity=\"0.5\" d=\"M1 265.094L0 50.5C217 37.79 300.47 186.36 404 213.5C507 240.5 578 196.5 661 197.5C741 198.5 787.59 239.57 871.5 272.5C932.73 296.5 980.5 284.5 998.5 279.5V298.5L1 265.094Z\"\/>\n    <path class=\"ux-shape-fill\" opacity=\"0.15\" d=\"M0.999878 244.094L-0.00012207 27C217 14.29 300.47 173.86 404 201C507 228 578 196 661 197C741 198 787.59 243.07 871.5 276C932.73 300 980.5 284.5 998.5 279.5V299L0.999878 244.094Z\"\/>\n<\/svg>\n\n\t<\/div>\n\n\n\t\t<div class=\"section-content relative\">\n\t\t\t\n\t\t<\/div>\n\n\t\t\n<style>\n#section_2048024169 {\n  padding-top: 125px;\n  padding-bottom: 125px;\n}\n#section_2048024169 .section-bg-overlay {\n  background-color: rgba(0, 0, 0, 0.25);\n}\n#section_2048024169 .ux-shape-divider--top svg {\n  height: 80px;\n  --divider-top-width: 100%;\n}\n@media (min-width:550px) {\n  #section_2048024169 {\n    padding-top: 200px;\n    padding-bottom: 200px;\n  }\n  #section_2048024169 .ux-shape-divider--top svg {\n    height: 124px;\n  }\n}\n<\/style>\n\t<\/section>","protected":false},"excerpt":{"rendered":"","protected":false},"author":2,"featured_media":1685,"parent":0,"menu_order":0,"comment_status":"closed","ping_status":"closed","template":"page-blank.php","meta":{"inline_featured_image":false,"footnotes":""},"class_list":["post-1215","page","type-page","status-publish","has-post-thumbnail","hentry"],"_links":{"self":[{"href":"https:\/\/ecoturbino.world\/sk\/wp-json\/wp\/v2\/pages\/1215","targetHints":{"allow":["GET"]}}],"collection":[{"href":"https:\/\/ecoturbino.world\/sk\/wp-json\/wp\/v2\/pages"}],"about":[{"href":"https:\/\/ecoturbino.world\/sk\/wp-json\/wp\/v2\/types\/page"}],"author":[{"embeddable":true,"href":"https:\/\/ecoturbino.world\/sk\/wp-json\/wp\/v2\/users\/2"}],"replies":[{"embeddable":true,"href":"https:\/\/ecoturbino.world\/sk\/wp-json\/wp\/v2\/comments?post=1215"}],"version-history":[{"count":0,"href":"https:\/\/ecoturbino.world\/sk\/wp-json\/wp\/v2\/pages\/1215\/revisions"}],"wp:featuredmedia":[{"embeddable":true,"href":"https:\/\/ecoturbino.world\/sk\/wp-json\/wp\/v2\/media\/1685"}],"wp:attachment":[{"href":"https:\/\/ecoturbino.world\/sk\/wp-json\/wp\/v2\/media?parent=1215"}],"curies":[{"name":"wp","href":"https:\/\/api.w.org\/{rel}","templated":true}]}}