{"id":1212,"date":"2024-01-01T12:02:37","date_gmt":"2024-01-01T11:02:37","guid":{"rendered":"https:\/\/ecoturbino.eu\/?page_id=1212"},"modified":"2025-12-29T22:45:10","modified_gmt":"2025-12-29T21:45:10","slug":"dopad-5","status":"publish","type":"page","link":"https:\/\/ecoturbino.world\/sk\/impact-5\/","title":{"rendered":"Vyu\u017e\u00edvanie Zeme \u0161etrn\u00e9 k zdrojom"},"content":{"rendered":"<section class=\"section zindex1\" id=\"section_618009209\">\n\t\t<div class=\"section-bg fill\" >\n\t\t\t\t\t\t\t\t\t\n\t\t\t\n\n\t\t<\/div>\n\n\t\t\n\n\t\t<div class=\"section-content relative\">\n\t\t\t\n<div class=\"row row-small\"  id=\"row-302038303\">\n\n\t<div id=\"col-1199051232\" class=\"col medium-9 small-12 large-9\"  >\n\t\t\t\t<div class=\"col-inner\"  >\n\t\t\t\n\t\t\t\n<h1 class=\"uppercase\">Zaobch\u00e1dzanie so zemou \u0161etrn\u00e9 k zdrojom<\/h1>\n<h3 class=\"thin-font\">piaty vplyv syst\u00e9mu ecoturbino\u00ae na ochranu \u017eivotn\u00e9ho prostredia<\/h3>\n<div class=\"row\"  id=\"row-290910021\">\n\n\t<div id=\"col-1745872066\" class=\"col medium-11 small-12 large-11\"  >\n\t\t\t\t<div class=\"col-inner\"  >\n\t\t\t\n\t\t\t\n\t<div id=\"stack-1434459712\" class=\"stack stack-row justify-start items-start\">\n\t\t\n\t<div class=\"img has-hover x md-x lg-x y md-y lg-y\" id=\"image_437930073\">\n\t\t<a class=\"\" href=\"\/sk\/dopad-1\/\" >\t\t\t\t\t\t<div class=\"img-inner image-color dark\" >\n\t\t\t<img decoding=\"async\" width=\"100\" height=\"100\" src=\"https:\/\/ecoturbino.world\/wp-content\/uploads\/2024\/01\/impact1.svg\" class=\"attachment-original size-original\" alt=\"\" \/>\t\t\t\t\t\t\n\t\t\t\t\t<\/div>\n\t\t\t\t\t\t<\/a>\t\t\n<style>\n#image_437930073 {\n  width: 100%;\n}\n<\/style>\n\t<\/div>\n\t\n\t<div class=\"img has-hover x md-x lg-x y md-y lg-y\" id=\"image_52056523\">\n\t\t<a class=\"\" href=\"\/sk\/dopad-2\/\" >\t\t\t\t\t\t<div class=\"img-inner image-color dark\" >\n\t\t\t<img decoding=\"async\" width=\"100\" height=\"100\" src=\"https:\/\/ecoturbino.world\/wp-content\/uploads\/2024\/01\/impact2.svg\" class=\"attachment-original size-original\" alt=\"\" \/>\t\t\t\t\t\t\n\t\t\t\t\t<\/div>\n\t\t\t\t\t\t<\/a>\t\t\n<style>\n#image_52056523 {\n  width: 100%;\n}\n<\/style>\n\t<\/div>\n\t\n\t<div class=\"img has-hover x md-x lg-x y md-y lg-y\" id=\"image_1243061884\">\n\t\t<a class=\"\" href=\"\/sk\/dopad-3\/\" >\t\t\t\t\t\t<div class=\"img-inner image-color dark\" >\n\t\t\t<img decoding=\"async\" width=\"100\" height=\"100\" src=\"https:\/\/ecoturbino.world\/wp-content\/uploads\/2024\/01\/impact3.svg\" class=\"attachment-original size-original\" alt=\"Dopad 3 ecoturbino\" \/>\t\t\t\t\t\t\n\t\t\t\t\t<\/div>\n\t\t\t\t\t\t<\/a>\t\t\n<style>\n#image_1243061884 {\n  width: 100%;\n}\n<\/style>\n\t<\/div>\n\t\n\t<div class=\"img has-hover x md-x lg-x y md-y lg-y\" id=\"image_87533386\">\n\t\t<a class=\"\" href=\"\/sk\/dopad-4\/\" >\t\t\t\t\t\t<div class=\"img-inner image-color dark\" >\n\t\t\t<img decoding=\"async\" width=\"100\" height=\"100\" src=\"https:\/\/ecoturbino.world\/wp-content\/uploads\/2024\/01\/impact4.svg\" class=\"attachment-original size-original\" alt=\"Dopad 4 ecoturbino\" \/>\t\t\t\t\t\t\n\t\t\t\t\t<\/div>\n\t\t\t\t\t\t<\/a>\t\t\n<style>\n#image_87533386 {\n  width: 100%;\n}\n<\/style>\n\t<\/div>\n\t\n\t<div class=\"img has-hover x md-x lg-x y md-y lg-y\" id=\"image_1216162638\">\n\t\t\t\t\t\t\t\t<div class=\"img-inner dark\" >\n\t\t\t<img decoding=\"async\" width=\"100\" height=\"100\" src=\"https:\/\/ecoturbino.world\/wp-content\/uploads\/2024\/01\/impact5.svg\" class=\"attachment-original size-original\" alt=\"\" \/>\t\t\t\t\t\t\n\t\t\t\t\t<\/div>\n\t\t\t\t\t\t\t\t\n<style>\n#image_1216162638 {\n  width: 100%;\n}\n<\/style>\n\t<\/div>\n\t\n\t<div class=\"img has-hover x md-x lg-x y md-y lg-y\" id=\"image_1877433577\">\n\t\t<a class=\"\" href=\"\/sk\/dopad-6\/\" >\t\t\t\t\t\t<div class=\"img-inner image-color dark\" >\n\t\t\t<img decoding=\"async\" width=\"100\" height=\"100\" src=\"https:\/\/ecoturbino.world\/wp-content\/uploads\/2024\/01\/impact6.svg\" class=\"attachment-original size-original\" alt=\"Dopad 6 ecoturbino\" \/>\t\t\t\t\t\t\n\t\t\t\t\t<\/div>\n\t\t\t\t\t\t<\/a>\t\t\n<style>\n#image_1877433577 {\n  width: 100%;\n}\n<\/style>\n\t<\/div>\n\t\n\t<div class=\"img has-hover x md-x lg-x y md-y lg-y\" id=\"image_2096269688\">\n\t\t<a class=\"\" href=\"\/sk\/dopad-7\/\" >\t\t\t\t\t\t<div class=\"img-inner image-color dark\" >\n\t\t\t<img decoding=\"async\" width=\"100\" height=\"100\" src=\"https:\/\/ecoturbino.world\/wp-content\/uploads\/2024\/01\/impact7.svg\" class=\"attachment-original size-original\" alt=\"Dopad 7 ecoturbino\" \/>\t\t\t\t\t\t\n\t\t\t\t\t<\/div>\n\t\t\t\t\t\t<\/a>\t\t\n<style>\n#image_2096269688 {\n  width: 100%;\n}\n<\/style>\n\t<\/div>\n\t\n\t\t\n<style>\n#stack-1434459712 > * {\n  --stack-gap: 0.5rem;\n}\n@media (min-width:550px) {\n  #stack-1434459712 > * {\n    --stack-gap: 1rem;\n  }\n}\n<\/style>\n\t<\/div>\n\t\n\t\t<\/div>\n\t\t\t\t\t<\/div>\n\n\t\n<\/div>\n\t\t<\/div>\n\t\t\t\t\t<\/div>\n\n\t\n\n\t<div id=\"col-357206671\" class=\"col medium-3 small-12 large-3\"  >\n\t\t\t\t<div class=\"col-inner\"  >\n\t\t\t\n\t\t\t\n\t<div class=\"img has-hover x md-x lg-x y md-y lg-y\" id=\"image_1823610205\">\n\t\t\t\t\t\t\t\t<div class=\"img-inner dark\" >\n\t\t\t<img decoding=\"async\" width=\"100\" height=\"100\" src=\"https:\/\/ecoturbino.world\/wp-content\/uploads\/2024\/01\/impact5.svg\" class=\"attachment-original size-original\" alt=\"\" \/>\t\t\t\t\t\t\n\t\t\t\t\t<\/div>\n\t\t\t\t\t\t\t\t\n<style>\n#image_1823610205 {\n  width: 100%;\n}\n<\/style>\n\t<\/div>\n\t\n\t\t<\/div>\n\t\t\t\t\t<\/div>\n\n\t\n<\/div>\n<div class=\"row\"  id=\"row-442452408\">\n\n\t<div id=\"col-1074477538\" class=\"col small-12 large-12\"  >\n\t\t\t\t<div class=\"col-inner\"  >\n\t\t\t\n\t\t\t\n<div class=\"is-divider divider clearfix\" style=\"max-width:100%;height:1px;\"><\/div>\n<h2><span style=\"font-size: 120%;\">\u00daspora vody, n\u00e1kladov na energiu a odpadov\u00fdch v\u00f4d pre v\u0161etk\u00fdch | V\u00fdznam ecoturbino\u00ae<\/span><\/h2>\n<p>Tu \u010falej zni\u017eujeme spotrebu vody po\u010das sprchovania v Eur\u00f3pe! \u00dadaje bud\u00fa nasledova\u0165!<\/p>\n<p><strong>N\u00e1\u0161 svet je \u010doraz such\u0161\u00ed<\/strong>, pri\u010dom <strong>ceny vody a energie neust\u00e1le rast\u00fa<\/strong>, a n\u00e1klady na zariadenia na \u010distenie odpadov\u00fdch v\u00f4d sa tie\u017e zvy\u0161uj\u00fa. Vzh\u013eadom na tieto v\u00fdzvy je nevyhnutn\u00e9 vyu\u017e\u00edva\u0165 zdroje efekt\u00edvnej\u0161ie a kona\u0165 udr\u017eate\u013ene.<\/p>\n<blockquote>\n<p>Jedn\u00fdm zo zdanlivo bezv\u00fdznamn\u00fdch, ale <strong>napriek tomu je plytvanie sprchovan\u00edm<\/strong>. U\u017e\u00edvame si kr\u00e1tke stretnutie s teplou vodou, ale potom sa z tejto vody stane tepl\u00e1 odpadov\u00e1 voda, ktor\u00fa jednoducho spl\u00e1chneme do kanaliz\u00e1cie.<\/p>\n<\/blockquote>\n<p>Toto je <strong><a href=\"https:\/\/ecoturbino.world\/sk\/pravidla-eu-pre-sladku-vodu\/\">nezmyseln\u00e9 plytvanie cennou vodou<\/a> a energie<\/strong> a je v rozpore so z\u00e1sadami udr\u017eate\u013enosti a ochrany \u017eivotn\u00e9ho prostredia. V tomto pr\u00edpade je <strong>prelomov\u00e1 technol\u00f3gia ecoturbino<\/strong> umo\u017e\u0148uje ka\u017ed\u00e9mu, aby<strong> u\u0161etri\u0165 40 percent spotreby vody<\/strong> po\u010das sprchovania a okam\u017eite zn\u00ed\u017ei\u0165 n\u00e1klady.<\/p>\n<h3>Ot\u00e1zka <strong>plytvanie vodou a energiou po\u010das sprchovania<\/strong><\/h3>\n<p><strong>Sprchovanie<\/strong> je jedn\u00fdm z na\u0161ich ka\u017edodenn\u00fdch zvykov, pri ktorom \u010dasto m\u00e1lo prem\u00fd\u0161\u013eame o jeho vplyve na na\u0161e \u017eivotn\u00e9 prostredie. U\u017e\u00edvame si tepl\u00fa vodu, ktor\u00e1 n\u00e1m te\u010die po poko\u017eke, a zab\u00fadame, \u017ee je to obmedzen\u00fd zdroj.<\/p>\n<p>Probl\u00e9m za\u010d\u00edna, ke\u010f <strong>pou\u017eit\u00e1 voda zo sprchy sa odv\u00e1dza do kanaliz\u00e1cie ako tepl\u00e1 odpadov\u00e1 voda.<\/strong> Ohrev vody si vy\u017eaduje energiu, \u010dasto z neobnovite\u013en\u00fdch zdrojov, \u010do sp\u00f4sobuje n\u00e1klady.<\/p>\n<p>Okrem toho musia \u010disti\u010dky odpadov\u00fdch v\u00f4d <strong>sprac\u00fava\u0165 t\u00fato odpadov\u00fa vodu, \u010d\u00edm sa zvy\u0161uj\u00fa dodato\u010dn\u00e9 n\u00e1klady.<\/strong>. Prudko rast\u00face n\u00e1klady na odpadov\u00fa vodu.<\/p>\n\t<div id=\"gap-421704769\" class=\"gap-element clearfix\" style=\"display:block; height:auto;\">\n\t\t\n<style>\n#gap-421704769 {\n  padding-top: 30px;\n}\n<\/style>\n\t<\/div>\n\t\n<div class=\"row\"  id=\"row-229973629\">\n\n\t<div id=\"col-94470990\" class=\"col medium-4 small-12 large-4\"  >\n\t\t\t\t<div class=\"col-inner\"  >\n\t\t\t\n\t\t\t\n\t<div class=\"img has-hover radius10 x md-x lg-x y md-y lg-y\" id=\"image_1966047853\">\n\t\t\t\t\t\t\t\t<div class=\"img-inner dark\" >\n\t\t\t<img decoding=\"async\" width=\"600\" height=\"600\" src=\"https:\/\/ecoturbino.world\/wp-content\/uploads\/2024\/01\/water-saving-environment-costs_600.webp\" class=\"attachment-original size-original\" alt=\"Symbol ochrany \u017eivotn\u00e9ho prostredia \u0161etriaci vodu\" srcset=\"https:\/\/ecoturbino.world\/wp-content\/uploads\/2024\/01\/water-saving-environment-costs_600.webp 600w, https:\/\/ecoturbino.world\/wp-content\/uploads\/2024\/01\/water-saving-environment-costs_600-500x500.webp 500w, https:\/\/ecoturbino.world\/wp-content\/uploads\/2024\/01\/water-saving-environment-costs_600-32x32.webp 32w, https:\/\/ecoturbino.world\/wp-content\/uploads\/2024\/01\/water-saving-environment-costs_600-48x48.webp 48w, https:\/\/ecoturbino.world\/wp-content\/uploads\/2024\/01\/water-saving-environment-costs_600-80x80.webp 80w, https:\/\/ecoturbino.world\/wp-content\/uploads\/2024\/01\/water-saving-environment-costs_600-180x180.webp 180w\" sizes=\"(max-width: 600px) 100vw, 600px\" \/>\t\t\t\t\t\t\n\t\t\t\t\t<\/div>\n\t\t\t\t\t\t\t\t\n<style>\n#image_1966047853 {\n  width: 100%;\n}\n<\/style>\n\t<\/div>\n\t\n\t\t<\/div>\n\t\t\t\t\t<\/div>\n\n\t\n\n\t<div id=\"col-910049557\" class=\"col medium-8 small-12 large-8\"  >\n\t\t\t\t<div class=\"col-inner\"  >\n\t\t\t\n\t\t\t\n<h3>Rie\u0161enie: ecoturbino<\/h3>\n<p>Ecoturbino pon\u00faka jednoduch\u00e9 a efekt\u00edvne rie\u0161enie tohto probl\u00e9mu. T\u00e1to technol\u00f3gia bola vyvinut\u00e1 s cie\u013eom zn\u00ed\u017ei\u0165<strong> spotreba vody po\u010das sprchovania o neuverite\u013en\u00fdch 40 percent.<\/strong> bez toho, aby pou\u017e\u00edvatelia museli obetova\u0165 pohodlie pri sprchovan\u00ed. Tu s\u00fa niektor\u00e9 z v\u00fdhod, ktor\u00e9 ecoturbino pon\u00faka ka\u017ed\u00e9mu:<\/p>\n<ul>\n<li><strong>Zn\u00ed\u017eenie n\u00e1kladov:<\/strong> Ecoturbino umo\u017e\u0148uje ka\u017ed\u00e9mu v\u00fdrazne zn\u00ed\u017ei\u0165 n\u00e1klady na vodu a energiu. Zn\u00ed\u017een\u00edm spotreby vody je potrebn\u00e9 ohrieva\u0165 menej vody, \u010do vedie k ni\u017e\u0161\u00edm n\u00e1kladom na energiu. Ni\u017e\u0161ie n\u00e1klady na vodu poskytuj\u00fa \u010fal\u0161iu finan\u010dn\u00fa v\u00fdhodu.<\/li>\n<li><strong>\u0160etrn\u00e9 k \u017eivotn\u00e9mu prostrediu:<\/strong> Zn\u00ed\u017een\u00edm spotreby vody a \u00fasporou energie prispieva ecoturbino k ochrane \u017eivotn\u00e9ho prostredia. Pom\u00e1ha zni\u017eova\u0165 spotrebu vody a emisie CO2, \u010d\u00edm prispieva k ochrane \u017eivotn\u00e9ho prostredia.<\/li>\n<li><strong>Kr\u00e1tka doba n\u00e1vratnosti:<\/strong> Obstar\u00e1vacie n\u00e1klady na ecoturbino s\u00fa n\u00edzke a \u00faspory n\u00e1kladov na vodu a energiu vr\u00e1tia invest\u00edciu v kr\u00e1tkom \u010dase. Je to ekonomicky rozumn\u00e9 rozhodnutie pre podniky, hotely, rodiny, kluby, nemocnice, domovy d\u00f4chodcov a mnoh\u00e9 \u010fal\u0161ie.<\/li>\n<li><strong>\u017diadne kompromisy pri sprchovan\u00ed:<\/strong> Napriek zn\u00ed\u017eeniu spotreby vody ecoturbino na\u010falej poskytuje pr\u00edjemn\u00fd a relaxa\u010dn\u00fd z\u00e1\u017eitok zo sprchovania. Pr\u00fad vody zost\u00e1va siln\u00fd a pr\u00edjemn\u00fd bez kompromisov v kvalite sprchovania.<\/li>\n<\/ul>\n\t\t<\/div>\n\t\t\t\t\t<\/div>\n\n\t\n<\/div>\n\t<div id=\"gap-2039558941\" class=\"gap-element clearfix\" style=\"display:block; height:auto;\">\n\t\t\n<style>\n#gap-2039558941 {\n  padding-top: 30px;\n}\n<\/style>\n\t<\/div>\n\t\n<div class=\"row\"  id=\"row-625824021\">\n\n\t<div id=\"col-1833468169\" class=\"col medium-6 small-12 large-6\"  >\n\t\t\t\t<div class=\"col-inner\"  >\n\t\t\t\n\t\t\t\n<h3>\u010eal\u0161ie v\u00fdhody ecoturbino<\/h3>\n<p>Ecoturbino pon\u00faka \u010fal\u0161ie v\u00fdhody okrem \u00faspory n\u00e1kladov. Pom\u00e1ha \u0161etri\u0165 z\u00e1soby vody a <strong>zn\u00ed\u017ei\u0165 za\u0165a\u017eenie \u010distiarn\u00ed odpadov\u00fdch v\u00f4d<\/strong>. Je to d\u00f4le\u017eit\u00e9 najm\u00e4 v \u010dase, ke\u010f sa \u010doraz viac prejavuje nedostatok vody a vplyv na \u017eivotn\u00e9 prostredie.<\/p>\n\t\t<\/div>\n\t\t\t\t\t<\/div>\n\n\t\n\n\t<div id=\"col-1721482880\" class=\"col medium-6 small-12 large-6\"  >\n\t\t\t\t<div class=\"col-inner\" style=\"background-color:#c0d63d;\" >\n\t\t\t\n\t\t\t\n\t<div id=\"text-2915860318\" class=\"text\">\n\t\t\n<h4 class=\"uppercase\">Z\u00c1VER<\/h4>\n\t\t\n<style>\n#text-2915860318 {\n  font-size: 2rem;\n  text-align: right;\n  color: rgb(255, 255, 255);\n}\n#text-2915860318 > * {\n  color: rgb(255, 255, 255);\n}\n@media (min-width:550px) {\n  #text-2915860318 {\n    font-size: 3.5rem;\n  }\n}\n<\/style>\n\t<\/div>\n\t\n<h3>ecoturbino - v\u00fdhra pre v\u0161etk\u00fdch, <a href=\"https:\/\/www.google.com\/aclk?sa=l&amp;ai=DChcSEwizlIz2qdWDAxXtm1oFHdKnCJEYABAAGgJ2dQ&amp;ase=2&amp;gclid=Cj0KCQiAwP6sBhDAARIsAPfK_watGz1qAKakOF_2c21Sq6uC66UaUaL18vzWqCx2GV9fPAC4TGya1OQaAgj9EALw_wcB&amp;ei=1t2fZZTQN4yJ9u8PsZifyAM&amp;sig=AOD64_3tZ_HBVO8lhe659upTWIB85jM_VA&amp;q&amp;sqi=2&amp;nis=4&amp;adurl&amp;ved=2ahUKEwiUk4L2qdWDAxWMhP0HHTHMBzkQ0Qx6BAgIEAE\" target=\"_blank\" rel=\"noopener sponsored\">Certifik\u00e1t T\u00dcV<\/a> v\u00fdpo\u010det amortiz\u00e1cie<\/h3>\n<p><strong>Ecoturbino je inovat\u00edvne rie\u0161enie na \u00fasporu vody, n\u00e1kladov na energiu a odpadov\u00fdch v\u00f4d,<\/strong> a to v\u0161etko bez toho, aby sa zn\u00ed\u017eil p\u00f4\u017eitok zo sprchovania. T\u00e1to technol\u00f3gia je vhodn\u00e1 pre podniky, hotely, rodiny, kluby, nemocnice, domovy d\u00f4chodcov a mnoh\u00e9 \u010fal\u0161ie.<\/p>\n<blockquote>\n<p>S ekoburzou m\u00f4\u017eeme v\u0161etci prispie\u0165 k ochrane \u017eivotn\u00e9ho prostredia a z\u00e1rove\u0148 zn\u00ed\u017ei\u0165 svoje finan\u010dn\u00e9 za\u0165a\u017eenie.<\/p>\n<\/blockquote>\n<p>Je \u010das prevzia\u0165 zodpovednos\u0165 za na\u0161e zdroje a urobi\u0165 krok smerom k udr\u017eate\u013enosti.<\/p>\n\t\t<\/div>\n\t\t\t\t\n<style>\n#col-1721482880 > .col-inner {\n  padding: 10px 20px 1px 25px;\n  border-radius: 10px;\n}\n<\/style>\n\t<\/div>\n\n\t\n<\/div>\n\t\t<\/div>\n\t\t\t\t\n<style>\n#col-1074477538 > .col-inner {\n  margin: 0px 0px -125px 0px;\n}\n@media (min-width:550px) {\n  #col-1074477538 > .col-inner {\n    margin: 0px 0px -200px 0px;\n  }\n}\n<\/style>\n\t<\/div>\n\n\t\n<\/div>\n\t\t<\/div>\n\n\t\t\n<style>\n#section_618009209 {\n  padding-top: 30px;\n  padding-bottom: 30px;\n}\n<\/style>\n\t<\/section>\n\t\n\n\t<section class=\"section\" id=\"section_1697428192\">\n\t\t<div class=\"section-bg fill\" >\n\t\t\t<img decoding=\"async\" width=\"1920\" height=\"683\" src=\"https:\/\/ecoturbino.world\/wp-content\/uploads\/2025\/12\/ecoturbino-function_1920-1.webp\" class=\"bg attachment- size-\" alt=\"ecoturbino funktion\" \/>\t\t\t\t\t\t<div class=\"section-bg-overlay absolute fill\"><\/div>\n\t\t\t\n\n\t\t<\/div>\n\n\t\t\t<div class=\"ux-shape-divider ux-shape-divider--top ux-shape-divider--style-waves-opacity\">\n\t\t<svg viewbox=\"0 0 1000 300\" xmlns=\"http:\/\/www.w3.org\/2000\/svg\" preserveaspectratio=\"none\">\n    <path class=\"ux-shape-fill\" d=\"M0 300L-1 69.71C216 57 299.47 198.86 403 226C506 253 577 196 660 197C740 198 790.09 234.07 874 267C935.23 291 982 282.61 1000 277.61V300H0Z\"\/>\n    <path class=\"ux-shape-fill\" opacity=\"0.5\" d=\"M1 265.094L0 50.5C217 37.79 300.47 186.36 404 213.5C507 240.5 578 196.5 661 197.5C741 198.5 787.59 239.57 871.5 272.5C932.73 296.5 980.5 284.5 998.5 279.5V298.5L1 265.094Z\"\/>\n    <path class=\"ux-shape-fill\" opacity=\"0.15\" d=\"M0.999878 244.094L-0.00012207 27C217 14.29 300.47 173.86 404 201C507 228 578 196 661 197C741 198 787.59 243.07 871.5 276C932.73 300 980.5 284.5 998.5 279.5V299L0.999878 244.094Z\"\/>\n<\/svg>\n\n\t<\/div>\n\n\n\t\t<div class=\"section-content relative\">\n\t\t\t\n\t\t<\/div>\n\n\t\t\n<style>\n#section_1697428192 {\n  padding-top: 125px;\n  padding-bottom: 125px;\n}\n#section_1697428192 .section-bg-overlay {\n  background-color: rgba(0, 0, 0, 0.25);\n}\n#section_1697428192 .ux-shape-divider--top svg {\n  height: 80px;\n  --divider-top-width: 100%;\n}\n@media (min-width:550px) {\n  #section_1697428192 {\n    padding-top: 200px;\n    padding-bottom: 200px;\n  }\n  #section_1697428192 .ux-shape-divider--top svg {\n    height: 124px;\n  }\n}\n<\/style>\n\t<\/section>","protected":false},"excerpt":{"rendered":"","protected":false},"author":2,"featured_media":1680,"parent":0,"menu_order":0,"comment_status":"closed","ping_status":"closed","template":"page-blank.php","meta":{"inline_featured_image":false,"footnotes":""},"class_list":["post-1212","page","type-page","status-publish","has-post-thumbnail","hentry"],"_links":{"self":[{"href":"https:\/\/ecoturbino.world\/sk\/wp-json\/wp\/v2\/pages\/1212","targetHints":{"allow":["GET"]}}],"collection":[{"href":"https:\/\/ecoturbino.world\/sk\/wp-json\/wp\/v2\/pages"}],"about":[{"href":"https:\/\/ecoturbino.world\/sk\/wp-json\/wp\/v2\/types\/page"}],"author":[{"embeddable":true,"href":"https:\/\/ecoturbino.world\/sk\/wp-json\/wp\/v2\/users\/2"}],"replies":[{"embeddable":true,"href":"https:\/\/ecoturbino.world\/sk\/wp-json\/wp\/v2\/comments?post=1212"}],"version-history":[{"count":0,"href":"https:\/\/ecoturbino.world\/sk\/wp-json\/wp\/v2\/pages\/1212\/revisions"}],"wp:featuredmedia":[{"embeddable":true,"href":"https:\/\/ecoturbino.world\/sk\/wp-json\/wp\/v2\/media\/1680"}],"wp:attachment":[{"href":"https:\/\/ecoturbino.world\/sk\/wp-json\/wp\/v2\/media?parent=1212"}],"curies":[{"name":"wp","href":"https:\/\/api.w.org\/{rel}","templated":true}]}}