{"id":1207,"date":"2024-01-01T11:58:41","date_gmt":"2024-01-01T10:58:41","guid":{"rendered":"https:\/\/ecoturbino.eu\/?page_id=1207"},"modified":"2025-12-29T22:44:51","modified_gmt":"2025-12-29T21:44:51","slug":"dopad-4","status":"publish","type":"page","link":"https:\/\/ecoturbino.world\/sk\/impact-4\/","title":{"rendered":"dostato\u010dn\u00fd tlak vody v sprche pre ka\u017ed\u00e9ho (v dom\u00e1cnostiach nie je probl\u00e9m)"},"content":{"rendered":"<section class=\"section zindex1\" id=\"section_1892764646\">\n\t\t<div class=\"section-bg fill\" >\n\t\t\t\t\t\t\t\t\t\n\t\t\t\n\n\t\t<\/div>\n\n\t\t\n\n\t\t<div class=\"section-content relative\">\n\t\t\t\n<div class=\"row row-small\"  id=\"row-672902014\">\n\n\t<div id=\"col-1710382842\" class=\"col medium-9 small-12 large-9\"  >\n\t\t\t\t<div class=\"col-inner\"  >\n\t\t\t\n\t\t\t\n<h1 class=\"uppercase\">Dostato\u010dn\u00fd tlak vody pre ka\u017ed\u00e9ho (len pre podniky)<\/h1>\n<h3 class=\"thin-font\">\u0161tvrt\u00fd vplyv syst\u00e9mu ecoturbino\u00ae na ochranu \u017eivotn\u00e9ho prostredia<\/h3>\n<div class=\"row\"  id=\"row-1249255886\">\n\n\t<div id=\"col-1724326991\" class=\"col medium-11 small-12 large-11\"  >\n\t\t\t\t<div class=\"col-inner\"  >\n\t\t\t\n\t\t\t\n\t<div id=\"stack-1592747565\" class=\"stack stack-row justify-start items-start\">\n\t\t\n\t<div class=\"img has-hover x md-x lg-x y md-y lg-y\" id=\"image_1135839699\">\n\t\t<a class=\"\" href=\"\/sk\/dopad-1\/\" >\t\t\t\t\t\t<div class=\"img-inner image-color dark\" >\n\t\t\t<img decoding=\"async\" width=\"100\" height=\"100\" src=\"https:\/\/ecoturbino.world\/wp-content\/uploads\/2024\/01\/impact1.svg\" class=\"attachment-original size-original\" alt=\"\" \/>\t\t\t\t\t\t\n\t\t\t\t\t<\/div>\n\t\t\t\t\t\t<\/a>\t\t\n<style>\n#image_1135839699 {\n  width: 100%;\n}\n<\/style>\n\t<\/div>\n\t\n\t<div class=\"img has-hover x md-x lg-x y md-y lg-y\" id=\"image_937917957\">\n\t\t<a class=\"\" href=\"\/sk\/dopad-2\/\" >\t\t\t\t\t\t<div class=\"img-inner image-color dark\" >\n\t\t\t<img decoding=\"async\" width=\"100\" height=\"100\" src=\"https:\/\/ecoturbino.world\/wp-content\/uploads\/2024\/01\/impact2.svg\" class=\"attachment-original size-original\" alt=\"\" \/>\t\t\t\t\t\t\n\t\t\t\t\t<\/div>\n\t\t\t\t\t\t<\/a>\t\t\n<style>\n#image_937917957 {\n  width: 100%;\n}\n<\/style>\n\t<\/div>\n\t\n\t<div class=\"img has-hover x md-x lg-x y md-y lg-y\" id=\"image_955919017\">\n\t\t<a class=\"\" href=\"\/sk\/dopad-3\/\" >\t\t\t\t\t\t<div class=\"img-inner image-color dark\" >\n\t\t\t<img decoding=\"async\" width=\"100\" height=\"100\" src=\"https:\/\/ecoturbino.world\/wp-content\/uploads\/2024\/01\/impact3.svg\" class=\"attachment-original size-original\" alt=\"Dopad 3 ecoturbino\" \/>\t\t\t\t\t\t\n\t\t\t\t\t<\/div>\n\t\t\t\t\t\t<\/a>\t\t\n<style>\n#image_955919017 {\n  width: 100%;\n}\n<\/style>\n\t<\/div>\n\t\n\t<div class=\"img has-hover x md-x lg-x y md-y lg-y\" id=\"image_2029417579\">\n\t\t\t\t\t\t\t\t<div class=\"img-inner dark\" >\n\t\t\t<img decoding=\"async\" width=\"100\" height=\"100\" src=\"https:\/\/ecoturbino.world\/wp-content\/uploads\/2024\/01\/impact4.svg\" class=\"attachment-original size-original\" alt=\"Dopad 4 ecoturbino\" \/>\t\t\t\t\t\t\n\t\t\t\t\t<\/div>\n\t\t\t\t\t\t\t\t\n<style>\n#image_2029417579 {\n  width: 100%;\n}\n<\/style>\n\t<\/div>\n\t\n\t<div class=\"img has-hover x md-x lg-x y md-y lg-y\" id=\"image_1853416241\">\n\t\t<a class=\"\" href=\"\/sk\/dopad-5\/\" >\t\t\t\t\t\t<div class=\"img-inner image-color dark\" >\n\t\t\t<img decoding=\"async\" width=\"100\" height=\"100\" src=\"https:\/\/ecoturbino.world\/wp-content\/uploads\/2024\/01\/impact5.svg\" class=\"attachment-original size-original\" alt=\"\" \/>\t\t\t\t\t\t\n\t\t\t\t\t<\/div>\n\t\t\t\t\t\t<\/a>\t\t\n<style>\n#image_1853416241 {\n  width: 100%;\n}\n<\/style>\n\t<\/div>\n\t\n\t<div class=\"img has-hover x md-x lg-x y md-y lg-y\" id=\"image_135728466\">\n\t\t<a class=\"\" href=\"\/sk\/dopad-6\/\" >\t\t\t\t\t\t<div class=\"img-inner image-color dark\" >\n\t\t\t<img decoding=\"async\" width=\"100\" height=\"100\" src=\"https:\/\/ecoturbino.world\/wp-content\/uploads\/2024\/01\/impact6.svg\" class=\"attachment-original size-original\" alt=\"Dopad 6 ecoturbino\" \/>\t\t\t\t\t\t\n\t\t\t\t\t<\/div>\n\t\t\t\t\t\t<\/a>\t\t\n<style>\n#image_135728466 {\n  width: 100%;\n}\n<\/style>\n\t<\/div>\n\t\n\t<div class=\"img has-hover x md-x lg-x y md-y lg-y\" id=\"image_63759308\">\n\t\t<a class=\"\" href=\"\/sk\/dopad-7\/\" >\t\t\t\t\t\t<div class=\"img-inner image-color dark\" >\n\t\t\t<img decoding=\"async\" width=\"100\" height=\"100\" src=\"https:\/\/ecoturbino.world\/wp-content\/uploads\/2024\/01\/impact7.svg\" class=\"attachment-original size-original\" alt=\"Dopad 7 ecoturbino\" \/>\t\t\t\t\t\t\n\t\t\t\t\t<\/div>\n\t\t\t\t\t\t<\/a>\t\t\n<style>\n#image_63759308 {\n  width: 100%;\n}\n<\/style>\n\t<\/div>\n\t\n\t\t\n<style>\n#stack-1592747565 > * {\n  --stack-gap: 0.5rem;\n}\n@media (min-width:550px) {\n  #stack-1592747565 > * {\n    --stack-gap: 1rem;\n  }\n}\n<\/style>\n\t<\/div>\n\t\n\t\t<\/div>\n\t\t\t\t\t<\/div>\n\n\t\n<\/div>\n\t\t<\/div>\n\t\t\t\t\t<\/div>\n\n\t\n\n\t<div id=\"col-1684411173\" class=\"col medium-3 small-12 large-3\"  >\n\t\t\t\t<div class=\"col-inner\"  >\n\t\t\t\n\t\t\t\n\t<div class=\"img has-hover x md-x lg-x y md-y lg-y\" id=\"image_178304844\">\n\t\t\t\t\t\t\t\t<div class=\"img-inner dark\" >\n\t\t\t<img decoding=\"async\" width=\"100\" height=\"100\" src=\"https:\/\/ecoturbino.world\/wp-content\/uploads\/2024\/01\/impact4.svg\" class=\"attachment-original size-original\" alt=\"Dopad 4 ecoturbino\" \/>\t\t\t\t\t\t\n\t\t\t\t\t<\/div>\n\t\t\t\t\t\t\t\t\n<style>\n#image_178304844 {\n  width: 100%;\n}\n<\/style>\n\t<\/div>\n\t\n\t\t<\/div>\n\t\t\t\t\t<\/div>\n\n\t\n<\/div>\n<div class=\"row\"  id=\"row-894392128\">\n\n\t<div id=\"col-387283469\" class=\"col small-12 large-12\"  >\n\t\t\t\t<div class=\"col-inner\"  >\n\t\t\t\n\t\t\t\n<div class=\"is-divider divider clearfix\" style=\"max-width:100%;height:1px;\"><\/div>\n<h3><span style=\"font-size: 120%;\">Efekt\u00edvne rie\u0161enia sprchovania pre hotely, <a href=\"https:\/\/ecoturbino.world\/sk\/adresarovy-svet\/kategorie\/studentske-domovy\/\" target=\"_blank\" rel=\"noopener\">\u0160tudentsk\u00e9 intern\u00e1ty<\/a>, Kluby a fitnescentr\u00e1: ekoturbino pre v\u00e4\u010d\u0161iu spokojnos\u0165<\/span><\/h3>\n<p>Na str\u00e1nke <strong>v hoteloch, kluboch a fitnescentr\u00e1ch m\u00f4\u017ee by\u0165 z\u00e1sobovanie teplou vodou \u010dasto skuto\u010dn\u00fdm probl\u00e9mom,<\/strong> najm\u00e4 ke\u010f v\u0161etci hostia alebo \u010dlenovia <strong>chcete sa sprchova\u0165 v rovnakom \u010dase<\/strong>. Po \u0161porte, ly\u017eova\u010dke alebo pred ve\u010derou sa \u013eudia pon\u00e1h\u013eaj\u00fa do sprchy a<a href=\"https:\/\/en.wikipedia.org\/wiki\/Plumbing#Water_pipes\" target=\"_blank\" rel=\"noopener sponsored\"> vodovodn\u00e9 potrubia<\/a> m\u00f4\u017ee poskytn\u00fa\u0165 iba<strong> obmedzen\u00e1 kapacita vody.<\/strong><\/p>\n<blockquote>\n<p>Ke\u010f sa sprchuje pr\u00edli\u0161 ve\u013ea \u013eud\u00ed s\u00fa\u010dasne, tlak vody v\u00fdrazne kles\u00e1 a z\u00e1\u017eitok zo sprchovania je zni\u010den\u00fd. To vedie k nespokojn\u00fdm z\u00e1kazn\u00edkom alebo hos\u0165om a m\u00f4\u017ee ma\u0165 negat\u00edvny vplyv na poves\u0165 zariadenia.<\/p>\n<\/blockquote>\n<p>Tu sa nach\u00e1dza <strong>prich\u00e1dza do hry inovat\u00edvna technol\u00f3gia ecoturbino,<\/strong> zn\u00ed\u017eenie spotreby vody v sprche o 40 percent, udr\u017eanie tlaku vody a zabezpe\u010denie spokojn\u00fdch z\u00e1kazn\u00edkov a host\u00ed.<\/p>\n\t<div id=\"gap-1183224162\" class=\"gap-element clearfix\" style=\"display:block; height:auto;\">\n\t\t\n<style>\n#gap-1183224162 {\n  padding-top: 30px;\n}\n<\/style>\n\t<\/div>\n\t\n<div class=\"row\"  id=\"row-695390887\">\n\n\t<div id=\"col-1545625053\" class=\"col medium-4 small-12 large-4\"  >\n\t\t\t\t<div class=\"col-inner\"  >\n\t\t\t\n\t\t\t\n\t<div class=\"img has-hover radius10 x md-x lg-x y md-y lg-y\" id=\"image_938931265\">\n\t\t\t\t\t\t\t\t<div class=\"img-inner dark\" >\n\t\t\t<img decoding=\"async\" width=\"600\" height=\"600\" src=\"https:\/\/ecoturbino.world\/wp-content\/uploads\/2024\/01\/hotel-floor_600.webp\" class=\"attachment-original size-original\" alt=\"Symbol poschodia hotela\" srcset=\"https:\/\/ecoturbino.world\/wp-content\/uploads\/2024\/01\/hotel-floor_600.webp 600w, https:\/\/ecoturbino.world\/wp-content\/uploads\/2024\/01\/hotel-floor_600-500x500.webp 500w, https:\/\/ecoturbino.world\/wp-content\/uploads\/2024\/01\/hotel-floor_600-32x32.webp 32w, https:\/\/ecoturbino.world\/wp-content\/uploads\/2024\/01\/hotel-floor_600-48x48.webp 48w, https:\/\/ecoturbino.world\/wp-content\/uploads\/2024\/01\/hotel-floor_600-80x80.webp 80w, https:\/\/ecoturbino.world\/wp-content\/uploads\/2024\/01\/hotel-floor_600-180x180.webp 180w\" sizes=\"(max-width: 600px) 100vw, 600px\" \/>\t\t\t\t\t\t\n\t\t\t\t\t<\/div>\n\t\t\t\t\t\t\t\t\n<style>\n#image_938931265 {\n  width: 100%;\n}\n<\/style>\n\t<\/div>\n\t\n\t\t<\/div>\n\t\t\t\t\t<\/div>\n\n\t\n\n\t<div id=\"col-1039093215\" class=\"col medium-8 small-12 large-8\"  >\n\t\t\t\t<div class=\"col-inner\"  >\n\t\t\t\n\t\t\t\n<h3>Probl\u00e9m obmedzenej vodnej kapacity<\/h3>\n<p>Obmedzen\u00e1 kapacita potrub\u00ed a syst\u00e9mov z\u00e1sobovania teplou vodou v hoteloch, kluboch a fitnescentr\u00e1ch je \u010dast\u00fdm probl\u00e9mom, ktor\u00fd <strong>m\u00f4\u017ee vies\u0165 k frustruj\u00facim situ\u00e1ci\u00e1m.<\/strong><\/p>\n<p>Ke\u010f ka\u017ed\u00fd chce <strong>sprchova\u0165 sa s\u00fa\u010dasne, m\u00f4\u017ee klesn\u00fa\u0165 tlak vody.<\/strong> nato\u013eko, \u017ee pr\u00fad vody sa st\u00e1va len pramienkom. Rados\u0165 zo sprchovania sa str\u00e1ca a <strong>hostia alebo \u010dlenovia s\u00fa sklaman\u00ed<\/strong>. To m\u00f4\u017ee ovplyvni\u0165 spokojnos\u0165 z\u00e1kazn\u00edkov a po\u0161kodi\u0165 poves\u0165 zariadenia.<\/p>\n<ul>\n<li><strong>Dlh\u00e9 chodby:<\/strong> Na jedno potrubie je \u010dasto napojen\u00fdch ve\u013ea miestnost\u00ed a zv\u00fd\u0161en\u00e1 spotreba vody v bl\u00edzkosti miesta vstupu do potrubia \u010dasto sp\u00f4sobuje <strong>nedostato\u010dn\u00e9 z\u00e1sobovanie na vzdialen\u00fdch miestach spotreby,<\/strong> be\u017en\u00fd probl\u00e9m v star\u0161\u00edch budov\u00e1ch. Rie\u0161enie: To plat\u00ed aj pre viacpodla\u017en\u00e9 budovy!<\/li>\n<li>Jednoduch\u00e9 rie\u0161enie: syst\u00e9m ecoturbino<\/li>\n<\/ul>\n\t\t<\/div>\n\t\t\t\t\t<\/div>\n\n\t\n<\/div>\n\t<div id=\"gap-381899336\" class=\"gap-element clearfix\" style=\"display:block; height:auto;\">\n\t\t\n<style>\n#gap-381899336 {\n  padding-top: 30px;\n}\n<\/style>\n\t<\/div>\n\t\n<div class=\"row\"  id=\"row-1797179390\">\n\n\t<div id=\"col-1300883306\" class=\"col medium-6 small-12 large-6\"  >\n\t\t\t\t<div class=\"col-inner\" style=\"background-color:rgb(255,255,255);\" >\n\t\t\t\n\t\t\t\n<p>ecoturbino je \u00fa\u010dinn\u00fdm rie\u0161en\u00edm tohto roz\u0161\u00edren\u00e9ho probl\u00e9mu. T\u00e1to technol\u00f3gia bola vyvinut\u00e1 na zn\u00ed\u017eenie spotreby vody pri sprchovan\u00ed o p\u00f4sobiv\u00fdch 40 percent bez toho, aby ovplyvnila tlak vody. Tu s\u00fa niektor\u00e9 z v\u00fdhod, ktor\u00e9 ecoturbino pon\u00faka hotelom, klubom a fitnescentr\u00e1m:<\/p>\n<ul>\n<li><strong>Zachovanie tlaku vody:<\/strong> Syst\u00e9m ecoturbino zabezpe\u010duje zachovanie tlaku vody aj pri s\u00fa\u010dasnom sprchovan\u00ed viacer\u00fdch os\u00f4b. To znamen\u00e1, \u017ee v\u0161etci hostia alebo \u010dlenovia si m\u00f4\u017eu vychutna\u0165 siln\u00fd a pr\u00edjemn\u00fd pr\u00fad vody bez toho, aby museli robi\u0165 kompromisy kv\u00f4li obmedzenej dostupnosti vody.<\/li>\n<li><strong>Spokojn\u00ed z\u00e1kazn\u00edci a hostia:<\/strong> ecoturbino zaru\u010duje spokojn\u00fdch z\u00e1kazn\u00edkov a host\u00ed. M\u00f4\u017eu si naplno vychutna\u0165 z\u00e1\u017eitok zo sprchovania bez ob\u00e1v o tlak vody. To vedie k <strong>pozit\u00edvne \u00fastne podanie<\/strong> a posil\u0148uje dobr\u00e9 meno zariadenia.<\/li>\n<li><strong>\u00daspora vody:<\/strong> Napriek udr\u017eiavaniu tlaku vody, <strong>ecoturbino v\u00fdrazne zni\u017euje spotrebu vody.<\/strong> To prispieva k \u0161etreniu vodn\u00fdch zdrojov a z\u00e1rove\u0148 zni\u017euje n\u00e1klady na vodu.<\/li>\n<li><strong>\u00daspora energie:<\/strong> Ke\u010f\u017ee na pr\u00edpravu teplej vody na sprchovanie je potrebn\u00e9 ohrieva\u0165 menej vody, zni\u017euj\u00fa sa aj n\u00e1klady na energiu. To je prospe\u0161n\u00e9 nielen pre \u017eivotn\u00e9 prostredie, ale aj pre rozpo\u010det zariadenia.<\/li>\n<li><strong>Jednoduch\u00e1 in\u0161tal\u00e1cia:<\/strong> Ecoturbino sa d\u00e1 \u013eahko a \u00fasporne nain\u0161talova\u0165 bez potreby rozsiahlej rekon\u0161trukcie. Invest\u00edcia sa r\u00fdchlo vr\u00e1ti v\u010faka dosiahnut\u00fdm \u00faspor\u00e1m.<\/li>\n<\/ul>\n\t\t<\/div>\n\t\t\t\t\n<style>\n#col-1300883306 > .col-inner {\n  padding: 15px 15px 15px 15px;\n  border-radius: 10px;\n}\n<\/style>\n\t<\/div>\n\n\t\n\n\t<div id=\"col-1039476385\" class=\"col medium-6 small-12 large-6\"  >\n\t\t\t\t<div class=\"col-inner\" style=\"background-color:#c0d63d;\" >\n\t\t\t\n\t\t\t\n\t<div id=\"text-46948345\" class=\"text\">\n\t\t\n<h4 class=\"uppercase\">Z\u00c1VER<\/h4>\n\t\t\n<style>\n#text-46948345 {\n  font-size: 2rem;\n  text-align: right;\n  color: rgb(255, 255, 255);\n}\n#text-46948345 > * {\n  color: rgb(255, 255, 255);\n}\n@media (min-width:550px) {\n  #text-46948345 {\n    font-size: 3.5rem;\n    text-align: right;\n  }\n}\n<\/style>\n\t<\/div>\n\t\n<h3>Viac spokojnosti, ni\u017e\u0161ie n\u00e1klady<\/h3>\n<p>technol\u00f3gia ecoturbino je<strong> ide\u00e1lne rie\u0161enie pre hotely, kluby a fitnescentr\u00e1<\/strong>, ako aj pre v\u0161etk\u00fdch, ktor\u00ed sa zaoberaj\u00fa obmedzenou kapacitou vody. Je to nielen <strong>zabezpe\u010duje spokojn\u00fdch z\u00e1kazn\u00edkov a host\u00ed<\/strong> ale umo\u017e\u0148uje aj v\u00fdrazn\u00fa \u00fasporu vody a zn\u00ed\u017eenie n\u00e1kladov na energiu.<\/p>\n<p>V\u010faka technol\u00f3gii ecoturbino m\u00f4\u017eu zariadenia zlep\u0161i\u0165 svoje slu\u017eby a z\u00e1rove\u0148 zn\u00ed\u017ei\u0165 n\u00e1klady, \u010do je v\u00fdhodn\u00e9 pre v\u0161etk\u00fdch.<\/p>\n\t\t<\/div>\n\t\t\t\t\n<style>\n#col-1039476385 > .col-inner {\n  padding: 10px 20px 1px 25px;\n  border-radius: 10px;\n}\n<\/style>\n\t<\/div>\n\n\t\n<\/div>\n\t\t<\/div>\n\t\t\t\t\n<style>\n#col-387283469 > .col-inner {\n  margin: 0px 0px -125px 0px;\n}\n@media (min-width:550px) {\n  #col-387283469 > .col-inner {\n    margin: 0px 0px -200px 0px;\n  }\n}\n<\/style>\n\t<\/div>\n\n\t\n<\/div>\n\t\t<\/div>\n\n\t\t\n<style>\n#section_1892764646 {\n  padding-top: 30px;\n  padding-bottom: 30px;\n}\n<\/style>\n\t<\/section>\n\t\n\n\t<section class=\"section\" id=\"section_819253123\">\n\t\t<div class=\"section-bg fill\" >\n\t\t\t<img decoding=\"async\" width=\"1920\" height=\"683\" src=\"https:\/\/ecoturbino.world\/wp-content\/uploads\/2025\/12\/ecoturbino-function_1920-1.webp\" class=\"bg attachment- size-\" alt=\"ecoturbino funktion\" \/>\t\t\t\t\t\t<div class=\"section-bg-overlay absolute fill\"><\/div>\n\t\t\t\n\n\t\t<\/div>\n\n\t\t\t<div class=\"ux-shape-divider ux-shape-divider--top ux-shape-divider--style-waves-opacity\">\n\t\t<svg viewbox=\"0 0 1000 300\" xmlns=\"http:\/\/www.w3.org\/2000\/svg\" preserveaspectratio=\"none\">\n    <path class=\"ux-shape-fill\" d=\"M0 300L-1 69.71C216 57 299.47 198.86 403 226C506 253 577 196 660 197C740 198 790.09 234.07 874 267C935.23 291 982 282.61 1000 277.61V300H0Z\"\/>\n    <path class=\"ux-shape-fill\" opacity=\"0.5\" d=\"M1 265.094L0 50.5C217 37.79 300.47 186.36 404 213.5C507 240.5 578 196.5 661 197.5C741 198.5 787.59 239.57 871.5 272.5C932.73 296.5 980.5 284.5 998.5 279.5V298.5L1 265.094Z\"\/>\n    <path class=\"ux-shape-fill\" opacity=\"0.15\" d=\"M0.999878 244.094L-0.00012207 27C217 14.29 300.47 173.86 404 201C507 228 578 196 661 197C741 198 787.59 243.07 871.5 276C932.73 300 980.5 284.5 998.5 279.5V299L0.999878 244.094Z\"\/>\n<\/svg>\n\n\t<\/div>\n\n\n\t\t<div class=\"section-content relative\">\n\t\t\t\n\t\t<\/div>\n\n\t\t\n<style>\n#section_819253123 {\n  padding-top: 125px;\n  padding-bottom: 125px;\n}\n#section_819253123 .section-bg-overlay {\n  background-color: rgba(0, 0, 0, 0.25);\n}\n#section_819253123 .ux-shape-divider--top svg {\n  height: 80px;\n  --divider-top-width: 100%;\n}\n@media (min-width:550px) {\n  #section_819253123 {\n    padding-top: 300px;\n    padding-bottom: 300px;\n  }\n  #section_819253123 .ux-shape-divider--top svg {\n    height: 124px;\n  }\n}\n<\/style>\n\t<\/section>","protected":false},"excerpt":{"rendered":"","protected":false},"author":2,"featured_media":1688,"parent":0,"menu_order":0,"comment_status":"closed","ping_status":"closed","template":"page-blank.php","meta":{"inline_featured_image":false,"footnotes":""},"class_list":["post-1207","page","type-page","status-publish","has-post-thumbnail","hentry"],"_links":{"self":[{"href":"https:\/\/ecoturbino.world\/sk\/wp-json\/wp\/v2\/pages\/1207","targetHints":{"allow":["GET"]}}],"collection":[{"href":"https:\/\/ecoturbino.world\/sk\/wp-json\/wp\/v2\/pages"}],"about":[{"href":"https:\/\/ecoturbino.world\/sk\/wp-json\/wp\/v2\/types\/page"}],"author":[{"embeddable":true,"href":"https:\/\/ecoturbino.world\/sk\/wp-json\/wp\/v2\/users\/2"}],"replies":[{"embeddable":true,"href":"https:\/\/ecoturbino.world\/sk\/wp-json\/wp\/v2\/comments?post=1207"}],"version-history":[{"count":0,"href":"https:\/\/ecoturbino.world\/sk\/wp-json\/wp\/v2\/pages\/1207\/revisions"}],"wp:featuredmedia":[{"embeddable":true,"href":"https:\/\/ecoturbino.world\/sk\/wp-json\/wp\/v2\/media\/1688"}],"wp:attachment":[{"href":"https:\/\/ecoturbino.world\/sk\/wp-json\/wp\/v2\/media?parent=1207"}],"curies":[{"name":"wp","href":"https:\/\/api.w.org\/{rel}","templated":true}]}}