{"id":1202,"date":"2024-01-01T11:52:19","date_gmt":"2024-01-01T10:52:19","guid":{"rendered":"https:\/\/ecoturbino.eu\/?page_id=1202"},"modified":"2025-12-29T22:44:32","modified_gmt":"2025-12-29T21:44:32","slug":"dopad-3","status":"publish","type":"page","link":"https:\/\/ecoturbino.world\/sk\/impact-3\/","title":{"rendered":"Dostatok teplej vody pre v\u0161etky sprchy s\u00fa\u010dasne"},"content":{"rendered":"<section class=\"section zindex1\" id=\"section_2007002200\">\n\t\t<div class=\"section-bg fill\" >\n\t\t\t\t\t\t\t\t\t\n\t\t\t\n\n\t\t<\/div>\n\n\t\t\n\n\t\t<div class=\"section-content relative\">\n\t\t\t\n<div class=\"row row-small\"  id=\"row-1516078730\">\n\n\t<div id=\"col-482062747\" class=\"col medium-9 small-12 large-9\"  >\n\t\t\t\t<div class=\"col-inner\"  >\n\t\t\t\n\t\t\t\n<h1 class=\"uppercase\">Dostato\u010dn\u00fd pr\u00edvod teplej vody pre v\u0161etky sprchy<\/h1>\n<h3 class=\"thin-font\">tret\u00ed vplyv syst\u00e9mu ecoturbino\u00ae na ochranu \u017eivotn\u00e9ho prostredia<\/h3>\n<div class=\"row\"  id=\"row-1978113122\">\n\n\t<div id=\"col-931402639\" class=\"col medium-11 small-12 large-11\"  >\n\t\t\t\t<div class=\"col-inner\"  >\n\t\t\t\n\t\t\t\n\t<div id=\"stack-4182318802\" class=\"stack stack-row justify-start items-start\">\n\t\t\n\t<div class=\"img has-hover x md-x lg-x y md-y lg-y\" id=\"image_1245253712\">\n\t\t<a class=\"\" href=\"\/sk\/dopad-1\/\" >\t\t\t\t\t\t<div class=\"img-inner image-color dark\" >\n\t\t\t<img decoding=\"async\" width=\"100\" height=\"100\" src=\"https:\/\/ecoturbino.world\/wp-content\/uploads\/2024\/01\/impact1.svg\" class=\"attachment-original size-original\" alt=\"\" \/>\t\t\t\t\t\t\n\t\t\t\t\t<\/div>\n\t\t\t\t\t\t<\/a>\t\t\n<style>\n#image_1245253712 {\n  width: 100%;\n}\n<\/style>\n\t<\/div>\n\t\n\t<div class=\"img has-hover x md-x lg-x y md-y lg-y\" id=\"image_618473715\">\n\t\t<a class=\"\" href=\"\/sk\/dopad-2\/\" >\t\t\t\t\t\t<div class=\"img-inner image-color dark\" >\n\t\t\t<img decoding=\"async\" width=\"100\" height=\"100\" src=\"https:\/\/ecoturbino.world\/wp-content\/uploads\/2024\/01\/impact2.svg\" class=\"attachment-original size-original\" alt=\"\" \/>\t\t\t\t\t\t\n\t\t\t\t\t<\/div>\n\t\t\t\t\t\t<\/a>\t\t\n<style>\n#image_618473715 {\n  width: 100%;\n}\n<\/style>\n\t<\/div>\n\t\n\t<div class=\"img has-hover x md-x lg-x y md-y lg-y\" id=\"image_1455494496\">\n\t\t\t\t\t\t\t\t<div class=\"img-inner dark\" >\n\t\t\t<img decoding=\"async\" width=\"100\" height=\"100\" src=\"https:\/\/ecoturbino.world\/wp-content\/uploads\/2024\/01\/impact3.svg\" class=\"attachment-original size-original\" alt=\"Dopad 3 ecoturbino\" \/>\t\t\t\t\t\t\n\t\t\t\t\t<\/div>\n\t\t\t\t\t\t\t\t\n<style>\n#image_1455494496 {\n  width: 100%;\n}\n<\/style>\n\t<\/div>\n\t\n\t<div class=\"img has-hover x md-x lg-x y md-y lg-y\" id=\"image_1796381965\">\n\t\t<a class=\"\" href=\"\/sk\/dopad-4\/\" >\t\t\t\t\t\t<div class=\"img-inner image-color dark\" >\n\t\t\t<img decoding=\"async\" width=\"100\" height=\"100\" src=\"https:\/\/ecoturbino.world\/wp-content\/uploads\/2024\/01\/impact4.svg\" class=\"attachment-original size-original\" alt=\"Dopad 4 ecoturbino\" \/>\t\t\t\t\t\t\n\t\t\t\t\t<\/div>\n\t\t\t\t\t\t<\/a>\t\t\n<style>\n#image_1796381965 {\n  width: 100%;\n}\n<\/style>\n\t<\/div>\n\t\n\t<div class=\"img has-hover x md-x lg-x y md-y lg-y\" id=\"image_701490135\">\n\t\t<a class=\"\" href=\"\/sk\/dopad-5\/\" >\t\t\t\t\t\t<div class=\"img-inner image-color dark\" >\n\t\t\t<img decoding=\"async\" width=\"100\" height=\"100\" src=\"https:\/\/ecoturbino.world\/wp-content\/uploads\/2024\/01\/impact5.svg\" class=\"attachment-original size-original\" alt=\"\" \/>\t\t\t\t\t\t\n\t\t\t\t\t<\/div>\n\t\t\t\t\t\t<\/a>\t\t\n<style>\n#image_701490135 {\n  width: 100%;\n}\n<\/style>\n\t<\/div>\n\t\n\t<div class=\"img has-hover x md-x lg-x y md-y lg-y\" id=\"image_1539391965\">\n\t\t<a class=\"\" href=\"\/sk\/dopad-6\/\" >\t\t\t\t\t\t<div class=\"img-inner image-color dark\" >\n\t\t\t<img decoding=\"async\" width=\"100\" height=\"100\" src=\"https:\/\/ecoturbino.world\/wp-content\/uploads\/2024\/01\/impact6.svg\" class=\"attachment-original size-original\" alt=\"Dopad 6 ecoturbino\" \/>\t\t\t\t\t\t\n\t\t\t\t\t<\/div>\n\t\t\t\t\t\t<\/a>\t\t\n<style>\n#image_1539391965 {\n  width: 100%;\n}\n<\/style>\n\t<\/div>\n\t\n\t<div class=\"img has-hover x md-x lg-x y md-y lg-y\" id=\"image_1013456764\">\n\t\t<a class=\"\" href=\"\/sk\/dopad-7\/\" >\t\t\t\t\t\t<div class=\"img-inner image-color dark\" >\n\t\t\t<img decoding=\"async\" width=\"100\" height=\"100\" src=\"https:\/\/ecoturbino.world\/wp-content\/uploads\/2024\/01\/impact7.svg\" class=\"attachment-original size-original\" alt=\"Dopad 7 ecoturbino\" \/>\t\t\t\t\t\t\n\t\t\t\t\t<\/div>\n\t\t\t\t\t\t<\/a>\t\t\n<style>\n#image_1013456764 {\n  width: 100%;\n}\n<\/style>\n\t<\/div>\n\t\n\t\t\n<style>\n#stack-4182318802 > * {\n  --stack-gap: 0.5rem;\n}\n@media (min-width:550px) {\n  #stack-4182318802 > * {\n    --stack-gap: 1rem;\n  }\n}\n<\/style>\n\t<\/div>\n\t\n\t\t<\/div>\n\t\t\t\t\t<\/div>\n\n\t\n<\/div>\n\t\t<\/div>\n\t\t\t\t\t<\/div>\n\n\t\n\n\t<div id=\"col-1722214604\" class=\"col medium-3 small-12 large-3\"  >\n\t\t\t\t<div class=\"col-inner\"  >\n\t\t\t\n\t\t\t\n\t<div class=\"img has-hover x md-x lg-x y md-y lg-y\" id=\"image_547835359\">\n\t\t\t\t\t\t\t\t<div class=\"img-inner dark\" >\n\t\t\t<img decoding=\"async\" width=\"100\" height=\"100\" src=\"https:\/\/ecoturbino.world\/wp-content\/uploads\/2024\/01\/impact3.svg\" class=\"attachment-original size-original\" alt=\"Dopad 3 ecoturbino\" \/>\t\t\t\t\t\t\n\t\t\t\t\t<\/div>\n\t\t\t\t\t\t\t\t\n<style>\n#image_547835359 {\n  width: 100%;\n}\n<\/style>\n\t<\/div>\n\t\n\t\t<\/div>\n\t\t\t\t\t<\/div>\n\n\t\n<\/div>\n<div class=\"row\"  id=\"row-206865643\">\n\n\t<div id=\"col-62663802\" class=\"col small-12 large-12\"  >\n\t\t\t\t<div class=\"col-inner\"  >\n\t\t\t\n\t\t\t\n<div class=\"is-divider divider clearfix\" style=\"max-width:100%;height:1px;\"><\/div>\n<h3><span style=\"font-size: 120%;\">Mal\u00e9 kotly a z\u00e1sobovanie teplou vodou pre ka\u017ed\u00e9ho | Probl\u00e9m a rie\u0161enie s ecoturbino<\/span><\/h3>\n<p>Ot\u00e1zka <strong>z\u00e1sobovanie teplou vodou je \u010dasto prehliadan\u00e9<\/strong> ale zost\u00e1va k\u013e\u00fa\u010dov\u00fdm prvkom pre pohodlie a kvalitu \u017eivota v mnoh\u00fdch <strong>dom\u00e1cnosti, <a href=\"https:\/\/ecoturbino.world\/sk\/adresarovy-svet\/kategorie\/sportove-centrum\/\" target=\"_blank\" rel=\"noopener\">telocvi\u010dne<\/a>, \u0161tudentsk\u00e9 intern\u00e1ty,<\/strong> a \u010fal\u0161ie spolo\u010dn\u00e9 zariadenia.<\/p>\n<p>Najm\u00e4 v situ\u00e1ci\u00e1ch, ke\u010f <strong>mal\u00e9 kotly alebo tepeln\u00e9 \u010derpadl\u00e1 s\u00fa jedin\u00fdm zdrojom teplej vody,<\/strong> nedostatok m\u00f4\u017ee nasta\u0165, ke\u010f sa v\u0161etci chc\u00fa sprchova\u0165 v rovnakom \u010dase. Tento probl\u00e9m sa t\u00fdka predov\u0161etk\u00fdm rod\u00edn v rodinn\u00fdch domoch, telocvi\u010dniach a spolo\u010dn\u00fdch zariadeniach.<\/p>\n<p>Tu sa nach\u00e1dza <strong>inovat\u00edvna technol\u00f3gia ecoturbino vstupuje do hry<\/strong>, nielen <strong>zn\u00ed\u017eenie spotreby vody po\u010das sprchovania o p\u00f4sobiv\u00fdch 40 percent.<\/strong> ale aj v\u0161eobecne zabezpe\u010duje dostato\u010dn\u00e9 z\u00e1sobovanie teplou vodou pre v\u0161etk\u00fdch a pon\u00faka mno\u017estvo v\u00fdhod.<\/p>\n<blockquote>\n<p>Doba dostupnosti teplej vody na sprchovanie sa predl\u017euje o 40%.<\/p>\n<\/blockquote>\n\t<div id=\"gap-371940906\" class=\"gap-element clearfix\" style=\"display:block; height:auto;\">\n\t\t\n<style>\n#gap-371940906 {\n  padding-top: 30px;\n}\n<\/style>\n\t<\/div>\n\t\n<div class=\"row\"  id=\"row-1384953623\">\n\n\t<div id=\"col-1680771071\" class=\"col medium-4 small-12 large-4\"  >\n\t\t\t\t<div class=\"col-inner\"  >\n\t\t\t\n\t\t\t\n\t<div class=\"img has-hover radius10 x md-x lg-x y md-y lg-y\" id=\"image_1753928463\">\n\t\t\t\t\t\t\t\t<div class=\"img-inner dark\" >\n\t\t\t<img decoding=\"async\" width=\"600\" height=\"600\" src=\"https:\/\/ecoturbino.world\/wp-content\/uploads\/2024\/01\/setting-temp_600.webp\" class=\"attachment-original size-original\" alt=\"Nastavenie symbolu teploty\" srcset=\"https:\/\/ecoturbino.world\/wp-content\/uploads\/2024\/01\/setting-temp_600.webp 600w, https:\/\/ecoturbino.world\/wp-content\/uploads\/2024\/01\/setting-temp_600-500x500.webp 500w, https:\/\/ecoturbino.world\/wp-content\/uploads\/2024\/01\/setting-temp_600-32x32.webp 32w, https:\/\/ecoturbino.world\/wp-content\/uploads\/2024\/01\/setting-temp_600-48x48.webp 48w, https:\/\/ecoturbino.world\/wp-content\/uploads\/2024\/01\/setting-temp_600-80x80.webp 80w, https:\/\/ecoturbino.world\/wp-content\/uploads\/2024\/01\/setting-temp_600-180x180.webp 180w\" sizes=\"(max-width: 600px) 100vw, 600px\" \/>\t\t\t\t\t\t\n\t\t\t\t\t<\/div>\n\t\t\t\t\t\t\t\t\n<style>\n#image_1753928463 {\n  width: 100%;\n}\n<\/style>\n\t<\/div>\n\t\n\t\t<\/div>\n\t\t\t\t\t<\/div>\n\n\t\n\n\t<div id=\"col-1521809219\" class=\"col medium-8 small-12 large-8\"  >\n\t\t\t\t<div class=\"col-inner\"  >\n\t\t\t\n\t\t\t\n<h3>Probl\u00e9m s mal\u00fdmi kotlami a <a href=\"https:\/\/en.wikipedia.org\/wiki\/Heat_pump\" target=\"_blank\" rel=\"noopener sponsored\">Tepeln\u00e9 \u010derpadl\u00e1<\/a><\/h3>\n<p>V mnoh\u00fdch obytn\u00fdch domoch a komun\u00e1lnych zariadeniach, <strong>syst\u00e9my z\u00e1sobovania teplou vodou s\u00fa \u010dasto poddimenzovan\u00e9<\/strong> z d\u00f4vodu obmedzen\u00fdch zdrojov alebo priestorov\u00fdch obmedzen\u00ed.<\/p>\n<p>Mal\u00e9 kotly alebo tepeln\u00e9 \u010derpadl\u00e1 m\u00f4\u017eu sp\u00f4sobova\u0165 \u0165a\u017ekosti, <strong>najm\u00e4 ke\u010f sa chce sprchova\u0165 ve\u013ea \u013eud\u00ed s\u00fa\u010dasne.<\/strong> To \u010dasto vedie k nepr\u00edjemn\u00fdm situ\u00e1ci\u00e1m, ke\u010f je teplej vody m\u00e1lo alebo dokonca \u00faplne d\u00f4jde.<\/p>\n<p>\u010clenovia rodiny sa musia po\u010das sprchovania pon\u00e1h\u013ea\u0165 alebo \u010daka\u0165 na viac teplej vody, <strong>z\u00e1kazn\u00edci posil\u0148ovne s\u00fa frustrovan\u00ed,<\/strong> a celkov\u00fd komfort je v\u00fdrazne zn\u00ed\u017een\u00fd.<\/p>\n\t\t<\/div>\n\t\t\t\t\t<\/div>\n\n\t\n<\/div>\n\t<div id=\"gap-237012734\" class=\"gap-element clearfix\" style=\"display:block; height:auto;\">\n\t\t\n<style>\n#gap-237012734 {\n  padding-top: 30px;\n}\n<\/style>\n\t<\/div>\n\t\n<div class=\"row\"  id=\"row-394643106\">\n\n\t<div id=\"col-423383699\" class=\"col medium-6 small-12 large-6\"  >\n\t\t\t\t<div class=\"col-inner\" style=\"background-color:rgb(255,255,255);\" >\n\t\t\t\n\t\t\t\n<h3>Rie\u0161enie \u201cDostatok teplej vody pre v\u0161etk\u00fdch\u201d = ecoturbino<\/h3>\n<p>technol\u00f3gia ecoturbino pon\u00faka<strong> \u00fa\u010dinn\u00e9 rie\u0161enie tohto roz\u0161\u00edren\u00e9ho probl\u00e9mu<\/strong>. Je navrhnut\u00fd tak, aby <strong>v\u00fdrazne zn\u00ed\u017ei\u0165 spotrebu vody po\u010das sprchovania<\/strong> bez toho, aby sa zn\u00ed\u017eil komfort sprchovania. Tu s\u00fa niektor\u00e9 z v\u00fdhod, ktor\u00e9 ecoturbino poskytuje pre ka\u017ed\u00e9ho:<\/p>\n<ul>\n<li><strong>Zn\u00ed\u017een\u00e1 (HOT) - Spotreba vody:<\/strong> ecoturbino dok\u00e1\u017ee zn\u00ed\u017ei\u0165 spotrebu vody o p\u00f4sobiv\u00fdch 40 percent. To znamen\u00e1, \u017ee na zabezpe\u010denie teplej vody na sprchovanie je potrebn\u00e9 ohrieva\u0165 menej vody alebo \u017ee existuj\u00face mno\u017estvo vody vysta\u010d\u00ed na ove\u013ea viac sprchovan\u00ed. To vedie k v\u00fdrazn\u00fdm \u00faspor\u00e1m energie a vodn\u00fdch zdrojov.<\/li>\n<\/ul>\n<blockquote>\n<p>Dostatok teplej vody pre v\u0161etk\u00fdch: Zn\u00ed\u017een\u00edm spotreby vody ecoturbino zabezpe\u010duje dostatok teplej vody pre v\u0161etk\u00fdch, aj ke\u010f sa chce sprchova\u0165 viac \u013eud\u00ed naraz. Probl\u00e9m obmedzenej kapacity mal\u00fdch kotlov alebo tepeln\u00fdch \u010derpadiel je efekt\u00edvne vyrie\u0161en\u00fd.<\/p>\n<\/blockquote>\n<ul>\n<li><strong>R\u00fdchla odplata:<\/strong> In\u0161tal\u00e1cia syst\u00e9mu ecoturbino je jednoduch\u00e1 a n\u00e1kladovo efekt\u00edvna. V\u010faka \u00faspor\u00e1m n\u00e1kladov na energiu a vodu sa invest\u00edcia v kr\u00e1tkom \u010dase oplat\u00ed. Pre rodiny, telocvi\u010dne a in\u00e9 zariadenia sa ecoturbino r\u00fdchlo oplat\u00ed.<\/li>\n<li><strong>\u0160etrn\u00e9 k \u017eivotn\u00e9mu prostrediu:<\/strong> Zn\u00ed\u017een\u00edm spotreby vody prispieva ecoturbino k \u0161etreniu vodn\u00fdch zdrojov a zni\u017eovaniu emisi\u00ed CO2. To je prospe\u0161n\u00e9 nielen pre va\u0161u pe\u0148a\u017eenku, ale aj pre \u017eivotn\u00e9 prostredie.<\/li>\n<li><strong>Zv\u00fd\u0161en\u00fd komfort pri sprchovan\u00ed:<\/strong> Napriek zn\u00ed\u017eeniu spotreby vody, <strong>ecoturbino st\u00e1le poskytuje nezmenen\u00fd, pr\u00edjemn\u00fd a relaxa\u010dn\u00fd z\u00e1\u017eitok zo sprchovania<\/strong>. T\u00e1to technol\u00f3gia zabezpe\u010duje, \u017ee pr\u00fad vody zost\u00e1va siln\u00fd a pr\u00edjemn\u00fd bez toho, aby bol zbyto\u010dn\u00fd (princ\u00edp zvy\u0161ovania tlaku bez externej energie).<\/li>\n<\/ul>\n\t\t<\/div>\n\t\t\t\t\n<style>\n#col-423383699 > .col-inner {\n  padding: 5px 15px 15px 15px;\n  border-radius: 10px;\n}\n<\/style>\n\t<\/div>\n\n\t\n\n\t<div id=\"col-1114421861\" class=\"col medium-6 small-12 large-6\"  >\n\t\t\t\t<div class=\"col-inner\" style=\"background-color:#c0d63d;\" >\n\t\t\t\n\t\t\t\n\t<div id=\"text-4174192176\" class=\"text\">\n\t\t\n<h4 class=\"uppercase\">Z\u00c1VER<\/h4>\n\t\t\n<style>\n#text-4174192176 {\n  font-size: 2rem;\n  text-align: right;\n  color: rgb(255,255,255);\n}\n#text-4174192176 > * {\n  color: rgb(255,255,255);\n}\n@media (min-width:850px) {\n  #text-4174192176 {\n    font-size: 3.5rem;\n  }\n}\n<\/style>\n\t<\/div>\n\t\n<h3>V\u00fdhody pre ka\u017ed\u00e9ho v\u010faka syst\u00e9mu ecoturbino<\/h3>\n<p>technol\u00f3gia ecoturbino je <strong>rie\u0161enie v\u00fdhodn\u00e9 pre v\u0161etk\u00fdch<\/strong> rie\u0161enie obmedzen\u00fdch zdrojov teplej vody. Je to <strong>zni\u017euje spotrebu vody, zabezpe\u010duje dostatok teplej vody pre v\u0161etk\u00fdch,<\/strong> a pon\u00faka mno\u017estvo v\u00fdhod z h\u013eadiska \u00faspory n\u00e1kladov, \u0161etrnosti k \u017eivotn\u00e9mu prostrediu a komfortu pri sprchovan\u00ed.<\/p>\n<blockquote>\n<p>\u010ci u\u017e v rodinn\u00fdch domoch, telocvi\u010dniach alebo in\u00fdch spolo\u010dn\u00fdch zariadeniach, ecoturbino zabezpe\u010duje efekt\u00edvnu a uspokojiv\u00fa dod\u00e1vku teplej vody pre v\u0161etk\u00fdch.<\/p>\n<\/blockquote>\n<p>Ak by sa <strong>existuj\u00faci odtok je pr\u00edli\u0161 mal\u00fd,<\/strong> S t\u00fdmto probl\u00e9mom m\u00f4\u017ee pom\u00f4c\u0165 aj ecoturbino. Namiesto zaplavenia je pou\u017eitie na\u0161ich produktov <strong>\u010dasto posta\u010duje na to, aby sa zabr\u00e1nilo prete\u010deniu,<\/strong> tak\u017ee je potrebn\u00e1 len 60% kapacity odtoku - \u010dasto sa d\u00e1 zabr\u00e1ni\u0165 prete\u010deniu.<\/p>\n\t\t<\/div>\n\t\t\t\t\n<style>\n#col-1114421861 > .col-inner {\n  padding: 10px 20px 1px 25px;\n  border-radius: 10px;\n}\n<\/style>\n\t<\/div>\n\n\t\n<\/div>\n\t\t<\/div>\n\t\t\t\t\n<style>\n#col-62663802 > .col-inner {\n  margin: 0px 0px -125px 0px;\n}\n@media (min-width:550px) {\n  #col-62663802 > .col-inner {\n    margin: 0px 0px -200px 0px;\n  }\n}\n<\/style>\n\t<\/div>\n\n\t\n<\/div>\n\t\t<\/div>\n\n\t\t\n<style>\n#section_2007002200 {\n  padding-top: 30px;\n  padding-bottom: 30px;\n}\n<\/style>\n\t<\/section>\n\t\n\n\t<section class=\"section\" id=\"section_569882897\">\n\t\t<div class=\"section-bg fill\" >\n\t\t\t<img decoding=\"async\" width=\"1920\" height=\"683\" src=\"https:\/\/ecoturbino.world\/wp-content\/uploads\/2025\/12\/ecoturbino-function_1920-1.webp\" class=\"bg attachment- size-\" alt=\"ecoturbino funktion\" \/>\t\t\t\t\t\t<div class=\"section-bg-overlay absolute fill\"><\/div>\n\t\t\t\n\n\t\t<\/div>\n\n\t\t\t<div class=\"ux-shape-divider ux-shape-divider--top ux-shape-divider--style-waves-opacity\">\n\t\t<svg viewbox=\"0 0 1000 300\" xmlns=\"http:\/\/www.w3.org\/2000\/svg\" preserveaspectratio=\"none\">\n    <path class=\"ux-shape-fill\" d=\"M0 300L-1 69.71C216 57 299.47 198.86 403 226C506 253 577 196 660 197C740 198 790.09 234.07 874 267C935.23 291 982 282.61 1000 277.61V300H0Z\"\/>\n    <path class=\"ux-shape-fill\" opacity=\"0.5\" d=\"M1 265.094L0 50.5C217 37.79 300.47 186.36 404 213.5C507 240.5 578 196.5 661 197.5C741 198.5 787.59 239.57 871.5 272.5C932.73 296.5 980.5 284.5 998.5 279.5V298.5L1 265.094Z\"\/>\n    <path class=\"ux-shape-fill\" opacity=\"0.15\" d=\"M0.999878 244.094L-0.00012207 27C217 14.29 300.47 173.86 404 201C507 228 578 196 661 197C741 198 787.59 243.07 871.5 276C932.73 300 980.5 284.5 998.5 279.5V299L0.999878 244.094Z\"\/>\n<\/svg>\n\n\t<\/div>\n\n\n\t\t<div class=\"section-content relative\">\n\t\t\t\n\t\t<\/div>\n\n\t\t\n<style>\n#section_569882897 {\n  padding-top: 125px;\n  padding-bottom: 125px;\n}\n#section_569882897 .section-bg-overlay {\n  background-color: rgba(0, 0, 0, 0.25);\n}\n#section_569882897 .ux-shape-divider--top svg {\n  height: 80px;\n  --divider-top-width: 100%;\n}\n@media (min-width:550px) {\n  #section_569882897 {\n    padding-top: 250px;\n    padding-bottom: 250px;\n  }\n  #section_569882897 .ux-shape-divider--top svg {\n    height: 124px;\n  }\n}\n<\/style>\n\t<\/section>","protected":false},"excerpt":{"rendered":"","protected":false},"author":2,"featured_media":1556,"parent":0,"menu_order":0,"comment_status":"closed","ping_status":"closed","template":"page-blank.php","meta":{"inline_featured_image":false,"footnotes":""},"class_list":["post-1202","page","type-page","status-publish","has-post-thumbnail","hentry"],"_links":{"self":[{"href":"https:\/\/ecoturbino.world\/sk\/wp-json\/wp\/v2\/pages\/1202","targetHints":{"allow":["GET"]}}],"collection":[{"href":"https:\/\/ecoturbino.world\/sk\/wp-json\/wp\/v2\/pages"}],"about":[{"href":"https:\/\/ecoturbino.world\/sk\/wp-json\/wp\/v2\/types\/page"}],"author":[{"embeddable":true,"href":"https:\/\/ecoturbino.world\/sk\/wp-json\/wp\/v2\/users\/2"}],"replies":[{"embeddable":true,"href":"https:\/\/ecoturbino.world\/sk\/wp-json\/wp\/v2\/comments?post=1202"}],"version-history":[{"count":0,"href":"https:\/\/ecoturbino.world\/sk\/wp-json\/wp\/v2\/pages\/1202\/revisions"}],"wp:featuredmedia":[{"embeddable":true,"href":"https:\/\/ecoturbino.world\/sk\/wp-json\/wp\/v2\/media\/1556"}],"wp:attachment":[{"href":"https:\/\/ecoturbino.world\/sk\/wp-json\/wp\/v2\/media?parent=1202"}],"curies":[{"name":"wp","href":"https:\/\/api.w.org\/{rel}","templated":true}]}}