{"id":1198,"date":"2024-01-01T11:46:22","date_gmt":"2024-01-01T10:46:22","guid":{"rendered":"https:\/\/ecoturbino.eu\/?page_id=1198"},"modified":"2024-01-16T00:49:38","modified_gmt":"2024-01-15T23:49:38","slug":"dopad-2","status":"publish","type":"page","link":"https:\/\/ecoturbino.world\/sk\/impact-2\/","title":{"rendered":"Optimalizovan\u00e1 a vidite\u013en\u00e1 hygiena v sprch\u00e1ch | sprchov\u00e9 hlavice"},"content":{"rendered":"<section class=\"section zindex1\" id=\"section_2074096606\">\n\t\t<div class=\"section-bg fill\" >\n\t\t\t\t\t\t\t\t\t\n\t\t\t\n\n\t\t<\/div>\n\n\t\t\n\n\t\t<div class=\"section-content relative\">\n\t\t\t\n<div class=\"row row-small\"  id=\"row-146289830\">\n\n\t<div id=\"col-1579626862\" class=\"col medium-9 small-12 large-9\"  >\n\t\t\t\t<div class=\"col-inner\"  >\n\t\t\t\n\t\t\t\n<h1 class=\"uppercase\">Optimalizovan\u00e1 a vidite\u013en\u00e1 hygiena v sprch\u00e1ch a k\u00fape\u013eniach<\/h1>\n<h3 class=\"thin-font\">druh\u00fd vplyv syst\u00e9mu ecoturbino\u00ae na ochranu \u017eivotn\u00e9ho prostredia<\/h3>\n<div class=\"row\"  id=\"row-769010215\">\n\n\t<div id=\"col-1216740470\" class=\"col medium-11 small-12 large-11\"  >\n\t\t\t\t<div class=\"col-inner\"  >\n\t\t\t\n\t\t\t\n\t<div id=\"stack-1727155990\" class=\"stack stack-row justify-start items-start\">\n\t\t\n\t<div class=\"img has-hover x md-x lg-x y md-y lg-y\" id=\"image_1051545962\">\n\t\t<a class=\"\" href=\"\/sk\/dopad-1\/\" >\t\t\t\t\t\t<div class=\"img-inner image-color dark\" >\n\t\t\t<img decoding=\"async\" width=\"100\" height=\"100\" src=\"https:\/\/ecoturbino.world\/wp-content\/uploads\/2024\/01\/impact1.svg\" class=\"attachment-original size-original\" alt=\"\" \/>\t\t\t\t\t\t\n\t\t\t\t\t<\/div>\n\t\t\t\t\t\t<\/a>\t\t\n<style>\n#image_1051545962 {\n  width: 100%;\n}\n<\/style>\n\t<\/div>\n\t\n\t<div class=\"img has-hover x md-x lg-x y md-y lg-y\" id=\"image_1216027957\">\n\t\t\t\t\t\t\t\t<div class=\"img-inner dark\" >\n\t\t\t<img decoding=\"async\" width=\"100\" height=\"100\" src=\"https:\/\/ecoturbino.world\/wp-content\/uploads\/2024\/01\/impact2.svg\" class=\"attachment-original size-original\" alt=\"\" \/>\t\t\t\t\t\t\n\t\t\t\t\t<\/div>\n\t\t\t\t\t\t\t\t\n<style>\n#image_1216027957 {\n  width: 100%;\n}\n<\/style>\n\t<\/div>\n\t\n\t<div class=\"img has-hover x md-x lg-x y md-y lg-y\" id=\"image_2051488801\">\n\t\t<a class=\"\" href=\"\/sk\/dopad-3\/\" >\t\t\t\t\t\t<div class=\"img-inner image-color dark\" >\n\t\t\t<img decoding=\"async\" width=\"100\" height=\"100\" src=\"https:\/\/ecoturbino.world\/wp-content\/uploads\/2024\/01\/impact3.svg\" class=\"attachment-original size-original\" alt=\"Dopad 3 ecoturbino\" \/>\t\t\t\t\t\t\n\t\t\t\t\t<\/div>\n\t\t\t\t\t\t<\/a>\t\t\n<style>\n#image_2051488801 {\n  width: 100%;\n}\n<\/style>\n\t<\/div>\n\t\n\t<div class=\"img has-hover x md-x lg-x y md-y lg-y\" id=\"image_941119532\">\n\t\t<a class=\"\" href=\"\/sk\/dopad-4\/\" >\t\t\t\t\t\t<div class=\"img-inner image-color dark\" >\n\t\t\t<img decoding=\"async\" width=\"100\" height=\"100\" src=\"https:\/\/ecoturbino.world\/wp-content\/uploads\/2024\/01\/impact4.svg\" class=\"attachment-original size-original\" alt=\"Dopad 4 ecoturbino\" \/>\t\t\t\t\t\t\n\t\t\t\t\t<\/div>\n\t\t\t\t\t\t<\/a>\t\t\n<style>\n#image_941119532 {\n  width: 100%;\n}\n<\/style>\n\t<\/div>\n\t\n\t<div class=\"img has-hover x md-x lg-x y md-y lg-y\" id=\"image_1124750915\">\n\t\t<a class=\"\" href=\"\/sk\/dopad-5\/\" >\t\t\t\t\t\t<div class=\"img-inner image-color dark\" >\n\t\t\t<img decoding=\"async\" width=\"100\" height=\"100\" src=\"https:\/\/ecoturbino.world\/wp-content\/uploads\/2024\/01\/impact5.svg\" class=\"attachment-original size-original\" alt=\"\" \/>\t\t\t\t\t\t\n\t\t\t\t\t<\/div>\n\t\t\t\t\t\t<\/a>\t\t\n<style>\n#image_1124750915 {\n  width: 100%;\n}\n<\/style>\n\t<\/div>\n\t\n\t<div class=\"img has-hover x md-x lg-x y md-y lg-y\" id=\"image_746655151\">\n\t\t<a class=\"\" href=\"\/sk\/dopad-6\/\" >\t\t\t\t\t\t<div class=\"img-inner image-color dark\" >\n\t\t\t<img decoding=\"async\" width=\"100\" height=\"100\" src=\"https:\/\/ecoturbino.world\/wp-content\/uploads\/2024\/01\/impact6.svg\" class=\"attachment-original size-original\" alt=\"Dopad 6 ecoturbino\" \/>\t\t\t\t\t\t\n\t\t\t\t\t<\/div>\n\t\t\t\t\t\t<\/a>\t\t\n<style>\n#image_746655151 {\n  width: 100%;\n}\n<\/style>\n\t<\/div>\n\t\n\t<div class=\"img has-hover x md-x lg-x y md-y lg-y\" id=\"image_738988493\">\n\t\t<a class=\"\" href=\"\/sk\/dopad-7\/\" >\t\t\t\t\t\t<div class=\"img-inner image-color dark\" >\n\t\t\t<img decoding=\"async\" width=\"100\" height=\"100\" src=\"https:\/\/ecoturbino.world\/wp-content\/uploads\/2024\/01\/impact7.svg\" class=\"attachment-original size-original\" alt=\"Dopad 7 ecoturbino\" \/>\t\t\t\t\t\t\n\t\t\t\t\t<\/div>\n\t\t\t\t\t\t<\/a>\t\t\n<style>\n#image_738988493 {\n  width: 100%;\n}\n<\/style>\n\t<\/div>\n\t\n\t\t\n<style>\n#stack-1727155990 > * {\n  --stack-gap: 0.5rem;\n}\n@media (min-width:550px) {\n  #stack-1727155990 > * {\n    --stack-gap: 1rem;\n  }\n}\n<\/style>\n\t<\/div>\n\t\n\t\t<\/div>\n\t\t\t\t\t<\/div>\n\n\t\n<\/div>\n\t\t<\/div>\n\t\t\t\t\t<\/div>\n\n\t\n\n\t<div id=\"col-1571980015\" class=\"col medium-3 small-12 large-3\"  >\n\t\t\t\t<div class=\"col-inner\"  >\n\t\t\t\n\t\t\t\n\t<div class=\"img has-hover x md-x lg-x y md-y lg-y\" id=\"image_1683309847\">\n\t\t\t\t\t\t\t\t<div class=\"img-inner dark\" >\n\t\t\t<img decoding=\"async\" width=\"100\" height=\"100\" src=\"https:\/\/ecoturbino.world\/wp-content\/uploads\/2024\/01\/impact2.svg\" class=\"attachment-original size-original\" alt=\"\" \/>\t\t\t\t\t\t\n\t\t\t\t\t<\/div>\n\t\t\t\t\t\t\t\t\n<style>\n#image_1683309847 {\n  width: 100%;\n}\n<\/style>\n\t<\/div>\n\t\n\t\t<\/div>\n\t\t\t\t\t<\/div>\n\n\t\n<\/div>\n<div class=\"row\"  id=\"row-684470701\">\n\n\t<div id=\"col-95202193\" class=\"col small-12 large-12\"  >\n\t\t\t\t<div class=\"col-inner\"  >\n\t\t\t\n\t\t\t\n<div class=\"is-divider divider clearfix\" style=\"max-width:100%;height:1px;\"><\/div>\n<h3><span style=\"font-size: 120%;\">\u010cist\u00e9 sprchov\u00e9 hlavice a hadice | nevyhnutnos\u0165 pre hygienick\u00e9 sprchy v hoteloch, dom\u00e1cnostiach, \u0161portov\u00fdch zariadeniach at\u010f.<\/span><\/h3>\n<p>Str\u00e1nka <strong>sk\u00fasenosti so sprchovan\u00edm<\/strong> zohr\u00e1va hlavn\u00fa \u00falohu v na\u0161ej pohode, \u010di u\u017e doma, v hoteloch alebo v in\u00fdch ubytovac\u00edch zariadeniach.<\/p>\n<p>Relaxa\u010dn\u00e1 sprcha r\u00e1no alebo po dlhom dni m\u00f4\u017ee rozhodn\u00fa\u0165 o tom, \u010di bude de\u0148 dobr\u00fd alebo skvel\u00fd. Ale \u010do ak <strong>sprchov\u00e9 hlavice a hadice<\/strong> ktor\u00e9 pou\u017e\u00edvame na \u010distenie, s\u00fa samy osebe <strong>kontaminovan\u00e9 bakt\u00e9riami<\/strong>?<\/p>\n<p>Tento probl\u00e9m m\u00f4\u017ee by\u0165 nielen <strong>nehygienick\u00e9<\/strong> ale aj <strong>predstavuj\u00fa zdravotn\u00e9 riziko (kontamin\u00e1cia legionelou).<\/strong> Tu prich\u00e1dza na rad inovat\u00edvna technol\u00f3gia ecoturbino, ktor\u00e1 nielen <strong>zabezpe\u010denie hygienicky \u010dist\u00fdch sprchovac\u00edch hlav\u00edc a had\u00edc<\/strong> ale aj minimaliz\u00e1ciu \u010distiacich pr\u00e1c, zn\u00ed\u017eenie mno\u017estva vodn\u00e9ho kame\u0148a a usaden\u00edn a podporu zdravia, najm\u00e4 z h\u013eadiska rizika legionelly.<\/p>\n\t<div id=\"gap-2093862897\" class=\"gap-element clearfix\" style=\"display:block; height:auto;\">\n\t\t\n<style>\n#gap-2093862897 {\n  padding-top: 30px;\n}\n<\/style>\n\t<\/div>\n\t\n<div class=\"row\"  id=\"row-1103365571\">\n\n\t<div id=\"col-1457167943\" class=\"col medium-4 small-12 large-4\"  >\n\t\t\t\t<div class=\"col-inner\"  >\n\t\t\t\n\t\t\t\n\t<div class=\"img has-hover radius10 x md-x lg-x y md-y lg-y\" id=\"image_499303445\">\n\t\t\t\t\t\t\t\t<div class=\"img-inner dark\" >\n\t\t\t<img decoding=\"async\" width=\"600\" height=\"600\" src=\"https:\/\/ecoturbino.world\/wp-content\/uploads\/2024\/01\/shower-head_600.webp\" class=\"attachment-original size-original\" alt=\"\" srcset=\"https:\/\/ecoturbino.world\/wp-content\/uploads\/2024\/01\/shower-head_600.webp 600w, https:\/\/ecoturbino.world\/wp-content\/uploads\/2024\/01\/shower-head_600-500x500.webp 500w, https:\/\/ecoturbino.world\/wp-content\/uploads\/2024\/01\/shower-head_600-32x32.webp 32w, https:\/\/ecoturbino.world\/wp-content\/uploads\/2024\/01\/shower-head_600-48x48.webp 48w, https:\/\/ecoturbino.world\/wp-content\/uploads\/2024\/01\/shower-head_600-80x80.webp 80w, https:\/\/ecoturbino.world\/wp-content\/uploads\/2024\/01\/shower-head_600-180x180.webp 180w\" sizes=\"(max-width: 600px) 100vw, 600px\" \/>\t\t\t\t\t\t\n\t\t\t\t\t<\/div>\n\t\t\t\t\t\t\t\t\n<style>\n#image_499303445 {\n  width: 100%;\n}\n<\/style>\n\t<\/div>\n\t\n\t\t<\/div>\n\t\t\t\t\t<\/div>\n\n\t\n\n\t<div id=\"col-712088693\" class=\"col medium-8 small-12 large-8\"  >\n\t\t\t\t<div class=\"col-inner\"  >\n\t\t\t\n\t\t\t\n<h3>Pre\u010do s\u00fa sprchov\u00e9 hlavice a hadice kontaminovan\u00e9 bakt\u00e9riami?<\/h3>\n<p>Sprchov\u00e9 hlavice a hadice s\u00fa n\u00e1chyln\u00e9 na bakteri\u00e1lnu kontamin\u00e1ciu z viacer\u00fdch d\u00f4vodov. Hlavn\u00fdm d\u00f4vodom je <strong>stojat\u00e1 voda.<\/strong> Ke\u010f voda v potrub\u00ed a sprchovej hlavici stagnuje, vytv\u00e1ra <strong>ide\u00e1lna \u017eivn\u00e1 p\u00f4da pre bakt\u00e9rie<\/strong> a in\u00e9 mikroorganizmy.<\/p>\n<p>Ak sa sprchov\u00e9 hlavice a sprchov\u00e9 hadice nepou\u017e\u00edvaj\u00fa, napr\u00edklad pri odchode na dovolenku, teplota vody v <strong>prirodzene st\u00fapa na izbov\u00fa teplotu, \u010d\u00edm sa zvy\u0161uje kontamin\u00e1cia a rast legionely.<\/strong> n\u00e1sobne viac - optim\u00e1lna \u017eivn\u00e1 p\u00f4da pre bakt\u00e9rie!<\/p>\n<p>Tieto bakt\u00e9rie sa m\u00f4\u017eu v teplom a vlhkom prostred\u00ed r\u00fdchlo mno\u017ei\u0165 a m\u00f4\u017eu<strong> sp\u00f4sobuj\u00fa zdravotn\u00e9 probl\u00e9my (ako napr. <a href=\"https:\/\/en.wikipedia.org\/wiki\/Pneumonia\" target=\"_blank\" rel=\"noopener sponsored\">z\u00e1pal p\u013e\u00fac<\/a><\/strong>). \u010eal\u0161\u00edm probl\u00e9mom je<strong> tvorba vodn\u00e9ho kame\u0148a<\/strong> a in\u00e9 usadeniny, ktor\u00e9 nielen\u017ee vyzeraj\u00fa nevzh\u013eadne, ale aj <strong>ovplyv\u0148uj\u00fa v\u00fdkon sprchovej hlavice<\/strong> a m\u00f4\u017ee vies\u0165 k nerovnomern\u00e9mu rozdeleniu vody.<\/p>\n\t\t<\/div>\n\t\t\t\t\t<\/div>\n\n\t\n<\/div>\n<div class=\"row\"  id=\"row-102000109\">\n\n\t<div id=\"col-82794178\" class=\"col medium-6 small-12 large-6\"  >\n\t\t\t\t<div class=\"col-inner\"  >\n\t\t\t\n\t\t\t\n<h3>Rie\u0161enie pre \u010dist\u00e9 sprchov\u00e9 hlavice a hadice: ecoturbino\u00ae<\/h3>\n<p>Technol\u00f3gia Ecoturbino pon\u00faka \u00fa\u010dinn\u00e9 rie\u0161enie t\u00fdchto probl\u00e9mov. Je navrhnut\u00e1 tak, aby priebe\u017ene vyp\u00fa\u0161\u0165ala vodu zo sprchovac\u00edch hlav\u00edc a had\u00edc a zabr\u00e1nila tak jej stagn\u00e1cii. To m\u00e1 nieko\u013eko v\u00fdhod:<\/p>\n<ul>\n<li><strong>Hygiena:<\/strong> Priebe\u017en\u00e9 vyp\u00fa\u0161\u0165anie vody zo sprchovac\u00edch hlav\u00edc a had\u00edc po sprchovan\u00ed v\u00fdrazne zni\u017euje riziko bakteri\u00e1lnej kontamin\u00e1cie. Bez stagnuj\u00facej vody v sprchovej hlavici nemaj\u00fa bakt\u00e9rie a mikroorganizmy \u017eivn\u00fa p\u00f4du.<\/li>\n<li><strong>\u010cistiace \u00fasilie:<\/strong> Zd\u013ahav\u00e9 pravideln\u00e9 \u010distenie sprchovac\u00edch hlav\u00edc a had\u00edc, aby sa zabr\u00e1nilo usadzovaniu usaden\u00edn a vodn\u00e9ho kame\u0148a, je do zna\u010dnej miery eliminovan\u00e9. To \u0161etr\u00ed \u010das a n\u00e1mahu. \u00dasilie na \u00fadr\u017ebu sa v\u00fdrazne zni\u017euje!<\/li>\n<li><strong>Vodn\u00fd kame\u0148 a usadeniny:<\/strong> Technol\u00f3gia Ecoturbino tie\u017e pom\u00e1ha zni\u017eova\u0165 tvorbu vodn\u00e9ho kame\u0148a a usaden\u00edn v sprchovac\u00edch hlaviciach a hadiciach. T\u00fdm sa nielen zvy\u0161uje \u017eivotnos\u0165 sprchovacieho zariadenia, ale zabezpe\u010duje sa aj st\u00e1ly prietok vody a optim\u00e1lny v\u00fdkon.<\/li>\n<li><strong>Zdravie:<\/strong> Obzvl\u00e1\u0161\u0165 d\u00f4le\u017eit\u00e9 je zn\u00ed\u017ei\u0165 riziko v\u00fdskytu bakt\u00e9rie Legionella. Legionella s\u00fa bakt\u00e9rie, ktor\u00e9 sa mno\u017eia v stojatej vode a pri vd\u00fdchnut\u00ed aeros\u00f3lov m\u00f4\u017eu sp\u00f4sobi\u0165 v\u00e1\u017ene zdravotn\u00e9 probl\u00e9my. Ecoturbino pom\u00e1ha minimalizova\u0165 toto riziko a chr\u00e1ni\u0165 zdravie pou\u017e\u00edvate\u013eov.<\/li>\n<li><strong>Vizu\u00e1lna \u010distota:<\/strong> Sprchov\u00e9 hlavice, ktor\u00e9 s\u00fa priebe\u017ene odvod\u0148ovan\u00e9 technol\u00f3giou ecoturbino, zost\u00e1vaj\u00fa v\u017edy vizu\u00e1lne \u010dist\u00e9 a pr\u00ed\u0165a\u017eliv\u00e9. To prispieva k celkovej estetike k\u00fape\u013ene.<\/li>\n<\/ul>\n\t\t<\/div>\n\t\t\t\t\t<\/div>\n\n\t\n\n\t<div id=\"col-1843205428\" class=\"col medium-6 small-12 large-6\"  >\n\t\t\t\t<div class=\"col-inner\" style=\"background-color:#c0d63d;\" >\n\t\t\t\n\t\t\t\n\t<div id=\"text-3196574529\" class=\"text\">\n\t\t\n<h4 class=\"uppercase\">Z\u00c1VER<\/h4>\n\t\t\n<style>\n#text-3196574529 {\n  font-size: 2rem;\n  text-align: right;\n  color: rgb(255, 255, 255);\n}\n#text-3196574529 > * {\n  color: rgb(255, 255, 255);\n}\n@media (min-width:850px) {\n  #text-3196574529 {\n    font-size: 3.5rem;\n  }\n}\n<\/style>\n\t<\/div>\n\t\n<h3>Dokonal\u00e1 hygiena v k\u00fape\u013eni a viac v\u010faka ecoturbino<\/h3>\n<p><strong>ecoturbino<\/strong> poskytuje nielen <strong>hygienicky \u010dist\u00e9 sprchov\u00e9 hlavice<\/strong> a had\u00edc, ale prispieva aj k celkovej hygiene v k\u00fape\u013eni. Zn\u00ed\u017een\u00edm mno\u017estva stagnuj\u00facej vody a s \u0148ou s\u00favisiacich bakteri\u00e1lnych probl\u00e9mov sa zlep\u0161\u00ed celkov\u00e1 hygiena k\u00fape\u013ene.<\/p>\n<p>To je d\u00f4le\u017eit\u00e9 najm\u00e4 v ubytovac\u00edch zariadeniach, ako s\u00fa <strong>hotely, domovy d\u00f4chodcov, <a href=\"https:\/\/ecoturbino.world\/sk\/adresarovy-svet\/kategorie\/lekarske\/\" target=\"_blank\" rel=\"noopener\">kliniky<\/a>, a penzi\u00f3ny<\/strong>, ako aj sez\u00f3nne prev\u00e1dzky a \u0161portov\u00e9 zariadenia, kde s\u00fa bezpe\u010dnos\u0165 a pohodlie host\u00ed a pacientov najvy\u0161\u0161\u00edmi prioritami.<\/p>\n<p>Celkovo je ecoturbino<strong> inovat\u00edvne rie\u0161enie \u010dasto prehliadan\u00e9ho probl\u00e9mu<\/strong> probl\u00e9m. \u010cist\u00e9 sprchov\u00e9 hlavice a hadice s\u00fa nielen <strong>esteticky pr\u00edjemn\u00e9<\/strong> ale z\u00e1rove\u0148 s\u00fa nevyhnutn\u00e9 pre zdravie a pohodu pou\u017e\u00edvate\u013eov.<\/p>\n<p>S ecoturbino m\u00f4\u017eete pozdvihn\u00fa\u0165<strong> sk\u00fasenosti so sprchovan\u00edm v hoteloch, dom\u00e1cnostiach<\/strong>, a \u010fal\u0161ie ubytovacie zariadenia na nov\u00fa \u00farove\u0148, pri\u010dom<strong> optimaliz\u00e1cia hygieny v k\u00fape\u013eni.<\/strong><\/p>\n\t\t<\/div>\n\t\t\t\t\n<style>\n#col-1843205428 > .col-inner {\n  padding: 10px 20px 1px 25px;\n  border-radius: 10px;\n}\n<\/style>\n\t<\/div>\n\n\t\n<\/div>\n<div class=\"video video-fit mb\" style=\"padding-top:56.25%;\"><p><iframe title=\"Najjednoduch\u0161\u00ed sp\u00f4sob \u010distenia sprchovej hlavice\ud83d\udca5(NEUVERITE\u013dN\u00dd V\u00ddSLEDOK)!!\" width=\"1020\" height=\"574\" src=\"https:\/\/www.youtube.com\/embed\/J7uwCSF8Ym0?feature=oembed\" frameborder=\"0\" allow=\"accelerometer; autoplay; clipboard-write; encrypted-media; gyroscope; picture-in-picture; web-share\" referrerpolicy=\"strict-origin-when-cross-origin\" allowfullscreen><\/iframe><\/p>\n<\/div>\n\t\t<\/div>\n\t\t\t\t\t<\/div>\n\n\t\n<\/div>\n\t\t<\/div>\n\n\t\t\n<style>\n#section_2074096606 {\n  padding-top: 30px;\n  padding-bottom: 30px;\n}\n<\/style>\n\t<\/section>","protected":false},"excerpt":{"rendered":"","protected":false},"author":2,"featured_media":1533,"parent":0,"menu_order":0,"comment_status":"closed","ping_status":"closed","template":"page-blank.php","meta":{"inline_featured_image":false,"footnotes":""},"class_list":["post-1198","page","type-page","status-publish","has-post-thumbnail","hentry"],"_links":{"self":[{"href":"https:\/\/ecoturbino.world\/sk\/wp-json\/wp\/v2\/pages\/1198","targetHints":{"allow":["GET"]}}],"collection":[{"href":"https:\/\/ecoturbino.world\/sk\/wp-json\/wp\/v2\/pages"}],"about":[{"href":"https:\/\/ecoturbino.world\/sk\/wp-json\/wp\/v2\/types\/page"}],"author":[{"embeddable":true,"href":"https:\/\/ecoturbino.world\/sk\/wp-json\/wp\/v2\/users\/2"}],"replies":[{"embeddable":true,"href":"https:\/\/ecoturbino.world\/sk\/wp-json\/wp\/v2\/comments?post=1198"}],"version-history":[{"count":0,"href":"https:\/\/ecoturbino.world\/sk\/wp-json\/wp\/v2\/pages\/1198\/revisions"}],"wp:featuredmedia":[{"embeddable":true,"href":"https:\/\/ecoturbino.world\/sk\/wp-json\/wp\/v2\/media\/1533"}],"wp:attachment":[{"href":"https:\/\/ecoturbino.world\/sk\/wp-json\/wp\/v2\/media?parent=1198"}],"curies":[{"name":"wp","href":"https:\/\/api.w.org\/{rel}","templated":true}]}}