{"id":1195,"date":"2024-01-01T11:44:09","date_gmt":"2024-01-01T10:44:09","guid":{"rendered":"https:\/\/ecoturbino.eu\/?page_id=1195"},"modified":"2024-01-20T12:37:42","modified_gmt":"2024-01-20T11:37:42","slug":"dopad-1","status":"publish","type":"page","link":"https:\/\/ecoturbino.world\/sk\/impact-1\/","title":{"rendered":"Z\u00e1\u017eitok zo sprchy s vodop\u00e1dom a zvukom da\u017e\u010fa | ecoturbino"},"content":{"rendered":"<section class=\"section zindex1\" id=\"section_599668689\">\n\t\t<div class=\"section-bg fill\" >\n\t\t\t\t\t\t\t\t\t\n\t\t\t\n\n\t\t<\/div>\n\n\t\t\n\n\t\t<div class=\"section-content relative\">\n\t\t\t\n<div class=\"row row-small\"  id=\"row-1720258391\">\n\n\t<div id=\"col-1379782392\" class=\"col medium-9 small-12 large-9\"  >\n\t\t\t\t<div class=\"col-inner\"  >\n\t\t\t\n\t\t\t\n<h1 class=\"uppercase\">Z\u00e1\u017eitok zo sprchovania s vodop\u00e1dom a da\u017e\u010fom | Ecoturbino\u00ae<\/h1>\n<h3 class=\"thin-font\">prv\u00fd vplyv syst\u00e9mu ecoturbino\u00ae na ochranu \u017eivotn\u00e9ho prostredia<\/h3>\n<div class=\"row\"  id=\"row-2130555577\">\n\n\t<div id=\"col-300921781\" class=\"col medium-11 small-12 large-11\"  >\n\t\t\t\t<div class=\"col-inner\"  >\n\t\t\t\n\t\t\t\n\t<div id=\"stack-2679695780\" class=\"stack stack-row justify-start items-start sm:stack-row\">\n\t\t\n\t<div class=\"img has-hover x md-x lg-x y md-y lg-y\" id=\"image_1900353599\">\n\t\t\t\t\t\t\t\t<div class=\"img-inner dark\" >\n\t\t\t<img decoding=\"async\" width=\"100\" height=\"100\" src=\"https:\/\/ecoturbino.world\/wp-content\/uploads\/2024\/01\/impact1.svg\" class=\"attachment-original size-original\" alt=\"\" \/>\t\t\t\t\t\t\n\t\t\t\t\t<\/div>\n\t\t\t\t\t\t\t\t\n<style>\n#image_1900353599 {\n  width: 100%;\n}\n<\/style>\n\t<\/div>\n\t\n\t<div class=\"img has-hover x md-x lg-x y md-y lg-y\" id=\"image_1218888245\">\n\t\t<a class=\"\" href=\"\/sk\/dopad-2\/\" >\t\t\t\t\t\t<div class=\"img-inner image-color dark\" >\n\t\t\t<img decoding=\"async\" width=\"100\" height=\"100\" src=\"https:\/\/ecoturbino.world\/wp-content\/uploads\/2024\/01\/impact2.svg\" class=\"attachment-original size-original\" alt=\"\" \/>\t\t\t\t\t\t\n\t\t\t\t\t<\/div>\n\t\t\t\t\t\t<\/a>\t\t\n<style>\n#image_1218888245 {\n  width: 100%;\n}\n<\/style>\n\t<\/div>\n\t\n\t<div class=\"img has-hover x md-x lg-x y md-y lg-y\" id=\"image_778788320\">\n\t\t<a class=\"\" href=\"\/sk\/dopad-3\/\" >\t\t\t\t\t\t<div class=\"img-inner image-color dark\" >\n\t\t\t<img decoding=\"async\" width=\"100\" height=\"100\" src=\"https:\/\/ecoturbino.world\/wp-content\/uploads\/2024\/01\/impact3.svg\" class=\"attachment-original size-original\" alt=\"Dopad 3 ecoturbino\" \/>\t\t\t\t\t\t\n\t\t\t\t\t<\/div>\n\t\t\t\t\t\t<\/a>\t\t\n<style>\n#image_778788320 {\n  width: 100%;\n}\n<\/style>\n\t<\/div>\n\t\n\t<div class=\"img has-hover x md-x lg-x y md-y lg-y\" id=\"image_129286186\">\n\t\t<a class=\"\" href=\"\/sk\/dopad-4\/\" >\t\t\t\t\t\t<div class=\"img-inner image-color dark\" >\n\t\t\t<img decoding=\"async\" width=\"100\" height=\"100\" src=\"https:\/\/ecoturbino.world\/wp-content\/uploads\/2024\/01\/impact4.svg\" class=\"attachment-original size-original\" alt=\"Dopad 4 ecoturbino\" \/>\t\t\t\t\t\t\n\t\t\t\t\t<\/div>\n\t\t\t\t\t\t<\/a>\t\t\n<style>\n#image_129286186 {\n  width: 100%;\n}\n<\/style>\n\t<\/div>\n\t\n\t<div class=\"img has-hover x md-x lg-x y md-y lg-y\" id=\"image_1327546206\">\n\t\t<a class=\"\" href=\"\/sk\/dopad-5\/\" >\t\t\t\t\t\t<div class=\"img-inner image-color dark\" >\n\t\t\t<img decoding=\"async\" width=\"100\" height=\"100\" src=\"https:\/\/ecoturbino.world\/wp-content\/uploads\/2024\/01\/impact5.svg\" class=\"attachment-original size-original\" alt=\"\" \/>\t\t\t\t\t\t\n\t\t\t\t\t<\/div>\n\t\t\t\t\t\t<\/a>\t\t\n<style>\n#image_1327546206 {\n  width: 100%;\n}\n<\/style>\n\t<\/div>\n\t\n\t<div class=\"img has-hover x md-x lg-x y md-y lg-y\" id=\"image_261052872\">\n\t\t<a class=\"\" href=\"\/sk\/dopad-6\/\" >\t\t\t\t\t\t<div class=\"img-inner image-color dark\" >\n\t\t\t<img decoding=\"async\" width=\"100\" height=\"100\" src=\"https:\/\/ecoturbino.world\/wp-content\/uploads\/2024\/01\/impact6.svg\" class=\"attachment-original size-original\" alt=\"Dopad 6 ecoturbino\" \/>\t\t\t\t\t\t\n\t\t\t\t\t<\/div>\n\t\t\t\t\t\t<\/a>\t\t\n<style>\n#image_261052872 {\n  width: 100%;\n}\n<\/style>\n\t<\/div>\n\t\n\t<div class=\"img has-hover x md-x lg-x y md-y lg-y\" id=\"image_506964248\">\n\t\t<a class=\"\" href=\"\/sk\/dopad-7\/\" >\t\t\t\t\t\t<div class=\"img-inner image-color dark\" >\n\t\t\t<img decoding=\"async\" width=\"100\" height=\"100\" src=\"https:\/\/ecoturbino.world\/wp-content\/uploads\/2024\/01\/impact7.svg\" class=\"attachment-original size-original\" alt=\"Dopad 7 ecoturbino\" \/>\t\t\t\t\t\t\n\t\t\t\t\t<\/div>\n\t\t\t\t\t\t<\/a>\t\t\n<style>\n#image_506964248 {\n  width: 100%;\n}\n<\/style>\n\t<\/div>\n\t\n\t\t\n<style>\n#stack-2679695780 > * {\n  --stack-gap: 0.5rem;\n}\n@media (min-width:550px) {\n  #stack-2679695780 > * {\n    --stack-gap: 1rem;\n  }\n}\n<\/style>\n\t<\/div>\n\t\n\t\t<\/div>\n\t\t\t\t\t<\/div>\n\n\t\n<\/div>\n\t\t<\/div>\n\t\t\t\t\t<\/div>\n\n\t\n\n\t<div id=\"col-1840815772\" class=\"col medium-3 small-12 large-3\"  >\n\t\t\t\t<div class=\"col-inner\"  >\n\t\t\t\n\t\t\t\n\t<div class=\"img has-hover x md-x lg-x y md-y lg-y\" id=\"image_639472954\">\n\t\t\t\t\t\t\t\t<div class=\"img-inner dark\" >\n\t\t\t<img decoding=\"async\" width=\"100\" height=\"100\" src=\"https:\/\/ecoturbino.world\/wp-content\/uploads\/2024\/01\/impact1.svg\" class=\"attachment-original size-original\" alt=\"\" \/>\t\t\t\t\t\t\n\t\t\t\t\t<\/div>\n\t\t\t\t\t\t\t\t\n<style>\n#image_639472954 {\n  width: 100%;\n}\n<\/style>\n\t<\/div>\n\t\n\t\t<\/div>\n\t\t\t\t\t<\/div>\n\n\t\n<\/div>\n<div class=\"row\"  id=\"row-72343797\">\n\n\t<div id=\"col-1033132733\" class=\"col small-12 large-12\"  >\n\t\t\t\t<div class=\"col-inner\"  >\n\t\t\t\n\t\t\t\n<div class=\"is-divider divider clearfix\" style=\"max-width:100%;height:1px;\"><\/div>\n<h2><span style=\"font-size: 120%;\">Z\u00e1\u017eitok zo sprchovania ako vonku | po\u010dute\u013en\u00fd d\u00e1\u017e\u010f pre pohodlie<\/span><\/h2>\n<p>Pre mnoh\u00fdch \u013eud\u00ed je ka\u017edodenn\u00e1 <strong>sprchovanie<\/strong> je viac ako len nevyhnutn\u00e9 hygienick\u00e9 opatrenie. Je to <strong>chv\u00edle oddychu, pohody a osvie\u017eenia.<\/strong><\/p>\n<p>V dne\u0161nom upon\u00e1h\u013eanom svete, kde s\u00fa stres a term\u00edny v\u0161adepr\u00edtomn\u00e9, je <strong>sprcha m\u00f4\u017ee by\u0165 o\u00e1zou pokoja<\/strong> a omladenie.<\/p>\n<p>A ke\u010f m\u00f4\u017eete zlep\u0161i\u0165<strong> z\u00e1\u017eitok zo sprchovania pod\u013ea pocitu<\/strong> akoby ste st\u00e1li pod <strong>osvie\u017euj\u00facu vonkaj\u0161iu da\u017e\u010fov\u00fa sprchu alebo pri vodop\u00e1de,<\/strong> sa tento okamih stane nie\u010d\u00edm v\u00fdnimo\u010dn\u00fdm. V\u010faka ecoturbino je to teraz mo\u017en\u00e9.<\/p>\n<h3>T\u00fa\u017eba po pr\u00edrode v k\u00fape\u013eni<\/h3>\n<p>Str\u00e1nka <strong>t\u00fa\u017eba po pr\u00edrode a pobyte vonku<\/strong> je v n\u00e1s hlboko zakorenen\u00e1. V priebehu hist\u00f3rie, <strong>\u013eudia h\u013eadali spojenie s pr\u00edrodou<\/strong> a za\u010dlenili ju do n\u00e1\u0161ho ka\u017edodenn\u00e9ho \u017eivota, \u010di u\u017e prostredn\u00edctvom ekologiz\u00e1cie na\u0161ich obytn\u00fdch priestorov alebo pou\u017e\u00edvania pr\u00edrodn\u00fdch materi\u00e1lov.<\/p>\n<p>Je teda prirodzen\u00e9, \u017ee chceme za\u017ei\u0165 pr\u00edrodu aj v na\u0161ich k\u00fape\u013eniach. Predstava, \u017ee stoj\u00edte pod osvie\u017euj\u00facou da\u017e\u010fovou sprchou, doplnenou <strong>vonkaj\u0161ie zvuky vody<\/strong>, k\u00fdm je tepl\u00fd <strong>voda jemne te\u010die po na\u0161ich tel\u00e1ch<\/strong>, je pre mnoh\u00fdch z n\u00e1s ve\u013emi pr\u00ed\u0165a\u017eliv\u00fd. V\u010faka ecoturbino je to teraz mo\u017en\u00e9.<\/p>\n\t<div id=\"gap-874319961\" class=\"gap-element clearfix\" style=\"display:block; height:auto;\">\n\t\t\n<style>\n#gap-874319961 {\n  padding-top: 30px;\n}\n<\/style>\n\t<\/div>\n\t\n<div class=\"row\"  id=\"row-873761845\">\n\n\t<div id=\"col-1848597379\" class=\"col medium-4 small-12 large-4\"  >\n\t\t\t\t<div class=\"col-inner\"  >\n\t\t\t\n\t\t\t\n\t<div class=\"img has-hover radius10 x md-x lg-x y md-y lg-y\" id=\"image_2078122223\">\n\t\t\t\t\t\t\t\t<div class=\"img-inner dark\" >\n\t\t\t<img decoding=\"async\" width=\"600\" height=\"600\" src=\"https:\/\/ecoturbino.world\/wp-content\/uploads\/2024\/01\/waterfall_600.webp\" class=\"attachment-original size-original\" alt=\"Symbol vodop\u00e1du\" srcset=\"https:\/\/ecoturbino.world\/wp-content\/uploads\/2024\/01\/waterfall_600.webp 600w, https:\/\/ecoturbino.world\/wp-content\/uploads\/2024\/01\/waterfall_600-500x500.webp 500w, https:\/\/ecoturbino.world\/wp-content\/uploads\/2024\/01\/waterfall_600-32x32.webp 32w, https:\/\/ecoturbino.world\/wp-content\/uploads\/2024\/01\/waterfall_600-48x48.webp 48w, https:\/\/ecoturbino.world\/wp-content\/uploads\/2024\/01\/waterfall_600-80x80.webp 80w, https:\/\/ecoturbino.world\/wp-content\/uploads\/2024\/01\/waterfall_600-180x180.webp 180w\" sizes=\"(max-width: 600px) 100vw, 600px\" \/>\t\t\t\t\t\t\n\t\t\t\t\t<\/div>\n\t\t\t\t\t\t\t\t\n<style>\n#image_2078122223 {\n  width: 100%;\n}\n<\/style>\n\t<\/div>\n\t\n\t\t<\/div>\n\t\t\t\t\t<\/div>\n\n\t\n\n\t<div id=\"col-108872287\" class=\"col medium-8 small-12 large-8\"  >\n\t\t\t\t<div class=\"col-inner\"  >\n\t\t\t\n\t\t\t\n<h3>Zvuk vody a da\u017e\u010fa | relaxa\u010dn\u00fd sluchov\u00fd z\u00e1\u017eitok<\/h3>\n<p>Ale <strong>Z\u00e1\u017eitok z da\u017e\u010fa a zvukovej sprchy<\/strong> v sprche presahuje pocit tepl\u00e9ho da\u017e\u010fa na poko\u017eke. Zah\u0155\u0148a aj upokojuj\u00faci zvuk da\u017e\u010fa, ktor\u00fd jemne dopad\u00e1 na telo a potom kask\u00e1dovito stek\u00e1 dolu. Toto jemn\u00e9 \u0161pliechanie n\u00e1m pripom\u00edna osvie\u017euj\u00faci <strong>vonkaj\u0161ia da\u017e\u010fov\u00e1 sprcha<\/strong> a pom\u00e1ha zbavi\u0165 sa stresu ka\u017edodenn\u00e9ho \u017eivota.<\/p>\n<blockquote>\n<p>Bublinky stla\u010den\u00e9ho vzduchu, ktor\u00e9 ecoturbino integruje do pr\u00fadu vody, sa pri v\u00fdstupe z d\u00fdz sprchovacej hlavice v podstate odv\u00edjaj\u00fa. To vytv\u00e1ra pocit svie\u017eeho zvuku, ktor\u00fd sa d\u00e1 najlep\u0161ie prirovna\u0165 k vonkaj\u0161ej da\u017e\u010fovej sprche. Fantastick\u00fd z\u00e1\u017eitok.<\/p>\n<\/blockquote>\n<p>Str\u00e1nka <strong>zvuk <a href=\"https:\/\/en.wikipedia.org\/wiki\/Waterfall\" target=\"_blank\" rel=\"noopener sponsored\">vodop\u00e1d<\/a><\/strong> m\u00f4\u017ee ma\u0165 upokojuj\u00faci \u00fa\u010dinok a zmierni\u0165 stres. Vytv\u00e1ra <strong>uvo\u013enen\u00e1 atmosf\u00e9ra, ktor\u00e1 u\u013eah\u010duje uvo\u013enenie<\/strong> a zamerajte sa na z\u00e1\u017eitok zo sprchovania. Jemn\u00e9 \u0161umenie vody dok\u00e1\u017ee upokoji\u0165 myse\u013e a uvo\u013eni\u0165 telo, \u010do je obzvl\u00e1\u0161\u0165 upokojuj\u00face po dlhom dni.<\/p>\n\t\t<\/div>\n\t\t\t\t\t<\/div>\n\n\t\n<\/div>\n\t<div id=\"gap-1315676713\" class=\"gap-element clearfix\" style=\"display:block; height:auto;\">\n\t\t\n<style>\n#gap-1315676713 {\n  padding-top: 30px;\n}\n<\/style>\n\t<\/div>\n\t\n<div class=\"row\"  id=\"row-1593957274\">\n\n\t<div id=\"col-530307859\" class=\"col medium-6 small-12 large-6\"  >\n\t\t\t\t<div class=\"col-inner\"  >\n\t\t\t\n\t\t\t\n<h3>Vedeck\u00e9 poznatky o sprchovan\u00ed<\/h3>\n<blockquote>\n<p>Relaxa\u010dn\u00fd \u00fa\u010dinok zvukov vody je vedecky podlo\u017een\u00fd. \u0160t\u00fadie preuk\u00e1zali, \u017ee po\u010d\u00favanie zvukov vody m\u00f4\u017ee zn\u00ed\u017ei\u0165 \u00farove\u0148 stresu.<\/p>\n<\/blockquote>\n<p>Str\u00e1nka <strong>zvuk da\u017e\u010fa, v\u013an alebo te\u010d\u00facej vody<\/strong> aktivuje ur\u010dit\u00e9 \u010dasti mozgu spojen\u00e9 s relax\u00e1ciou a pohodou.<\/p>\n<p>To vysvet\u013euje, pre\u010do mnoh\u00ed \u013eudia <strong>sprchovanie pova\u017eujte za sp\u00f4sob, ako sa zbavi\u0165 stresu a relaxova\u0165.<\/strong>. V\u010faka ecoturbino je to teraz mo\u017en\u00e9.<\/p>\n\t\t<\/div>\n\t\t\t\t\t<\/div>\n\n\t\n\n\t<div id=\"col-997958690\" class=\"col medium-6 small-12 large-6\"  >\n\t\t\t\t<div class=\"col-inner\" style=\"background-color:#c0d63d;\" >\n\t\t\t\n\t\t\t\n\t<div id=\"text-1998514529\" class=\"text\">\n\t\t\n<h4 class=\"uppercase\">Z\u00c1VER<\/h4>\n\t\t\n<style>\n#text-1998514529 {\n  font-size: 2rem;\n  text-align: right;\n  color: rgb(255, 255, 255);\n}\n#text-1998514529 > * {\n  color: rgb(255, 255, 255);\n}\n@media (min-width:850px) {\n  #text-1998514529 {\n    font-size: 3.5rem;\n  }\n}\n<\/style>\n\t<\/div>\n\t\n<h3>Vychutn\u00e1vanie z\u00e1\u017eitku zo sprchovania ako vonku<\/h3>\n<p>Pre\u017e\u00edvanie sprchy akoby bolo <strong>po\u010dute\u013en\u00fd d\u00e1\u017e\u010f<\/strong> je viac ako len oby\u010dajn\u00e1 sprcha. Je to sp\u00f4sob, ako za\u010dleni\u0165 pr\u00edrodu do n\u00e1\u0161ho ka\u017edodenn\u00e9ho \u017eivota, zn\u00ed\u017ei\u0165 stres a relaxova\u0165.<\/p>\n<p>S da\u017e\u010fovou preh\u00e1nkou a <strong>vhodn\u00e9 atmosf\u00e9rick\u00e9 prvky v <a href=\"https:\/\/ecoturbino.world\/sk\/adresarovy-svet\/kategorie\/hotel\/\">hotel<\/a> alebo dom\u00e1ca k\u00fape\u013e\u0148a<\/strong>, ka\u017ed\u00fd m\u00f4\u017ee za\u017ei\u0165 t\u00fato v\u00fdnimo\u010dn\u00fa chv\u00ed\u013eu relaxu.<\/p>\n<p>Doprajte si preto z \u010dasu na \u010das prest\u00e1vku pod vlastn\u00fdm mal\u00fdm da\u017e\u010fov\u00fdm mrakom a vychutnajte si pocit, akoby ste st\u00e1li pod teplou vonkaj\u0161ou da\u017e\u010fovou sprchou. Va\u0161e telo a myse\u013e sa v\u00e1m po\u010fakuj\u00fa.<\/p>\n\t\t<\/div>\n\t\t\t\t\n<style>\n#col-997958690 > .col-inner {\n  padding: 10px 20px 1px 25px;\n  border-radius: 10px;\n}\n<\/style>\n\t<\/div>\n\n\t\n<\/div>\n<div class=\"video video-fit mb\" style=\"padding-top:56.25%;\"><p><iframe title=\"Vodop\u00e1d te\u010d\u00faci cez skaly v lese 4k. Relaxa\u010dn\u00e9 te\u010d\u00faca voda, biely \u0161um pre sp\u00e1nok, medit\u00e1cia\" width=\"1020\" height=\"574\" src=\"https:\/\/www.youtube.com\/embed\/sa2JCQ1Dils?feature=oembed\" frameborder=\"0\" allow=\"accelerometer; autoplay; clipboard-write; encrypted-media; gyroscope; picture-in-picture; web-share\" referrerpolicy=\"strict-origin-when-cross-origin\" allowfullscreen><\/iframe><\/p>\n<\/div>\n\t\t<\/div>\n\t\t\t\t\t<\/div>\n\n\t\n<\/div>\n\t\t<\/div>\n\n\t\t\n<style>\n#section_599668689 {\n  padding-top: 30px;\n  padding-bottom: 30px;\n}\n<\/style>\n\t<\/section>","protected":false},"excerpt":{"rendered":"","protected":false},"author":2,"featured_media":1494,"parent":0,"menu_order":0,"comment_status":"closed","ping_status":"closed","template":"page-blank.php","meta":{"inline_featured_image":false,"footnotes":""},"class_list":["post-1195","page","type-page","status-publish","has-post-thumbnail","hentry"],"_links":{"self":[{"href":"https:\/\/ecoturbino.world\/sk\/wp-json\/wp\/v2\/pages\/1195","targetHints":{"allow":["GET"]}}],"collection":[{"href":"https:\/\/ecoturbino.world\/sk\/wp-json\/wp\/v2\/pages"}],"about":[{"href":"https:\/\/ecoturbino.world\/sk\/wp-json\/wp\/v2\/types\/page"}],"author":[{"embeddable":true,"href":"https:\/\/ecoturbino.world\/sk\/wp-json\/wp\/v2\/users\/2"}],"replies":[{"embeddable":true,"href":"https:\/\/ecoturbino.world\/sk\/wp-json\/wp\/v2\/comments?post=1195"}],"version-history":[{"count":0,"href":"https:\/\/ecoturbino.world\/sk\/wp-json\/wp\/v2\/pages\/1195\/revisions"}],"wp:featuredmedia":[{"embeddable":true,"href":"https:\/\/ecoturbino.world\/sk\/wp-json\/wp\/v2\/media\/1494"}],"wp:attachment":[{"href":"https:\/\/ecoturbino.world\/sk\/wp-json\/wp\/v2\/media?parent=1195"}],"curies":[{"name":"wp","href":"https:\/\/api.w.org\/{rel}","templated":true}]}}