{"id":3924,"date":"2024-09-07T10:07:30","date_gmt":"2024-09-07T08:07:30","guid":{"rendered":"https:\/\/ecoturbino.world\/?page_id=3924"},"modified":"2024-09-09T18:45:32","modified_gmt":"2024-09-09T16:45:32","slug":"prezentari-hoteliere","status":"publish","type":"page","link":"https:\/\/ecoturbino.world\/ro\/hotel-presentations\/","title":{"rendered":"Prezent\u0103ri ecoturbino pentru hoteluri | Tehnologie \u0219i sistem pdf"},"content":{"rendered":"<div class=\"banner has-hover\" id=\"banner-1123295629\">\n          <div class=\"banner-inner fill\">\n        <div class=\"banner-bg fill\" >\n            <img decoding=\"async\" width=\"2000\" height=\"230\" src=\"https:\/\/ecoturbino.world\/wp-content\/uploads\/2024\/01\/wasser-faq-2000-sw.webp\" class=\"bg attachment-original size-original\" alt=\"Cap de ap\u0103\" \/>                                    \n                    <\/div>\n\t\t\n        <div class=\"banner-layers container\">\n            <div class=\"fill banner-link\"><\/div>            \n   <div id=\"text-box-473060049\" class=\"text-box banner-layer x50 md-x50 lg-x50 y50 md-y50 lg-y50 res-text\">\n                                <div class=\"text-box-content text dark\">\n              \n              <div class=\"text-inner text-center\">\n                  \n\t<div id=\"text-553810179\" class=\"text\">\n\t\t\n<h1>ecoturbino PENTRU HOTELURI | PREZENT\u0102RI<\/h1>\n\t\t\n<style>\n#text-553810179 {\n  font-size: 0.75rem;\n}\n@media (min-width:550px) {\n  #text-553810179 {\n    font-size: 1rem;\n  }\n}\n<\/style>\n\t<\/div>\n\t\n              <\/div>\n           <\/div>\n                            \n<style>\n#text-box-473060049 {\n  width: 80%;\n}\n#text-box-473060049 .text-box-content {\n  font-size: 100%;\n}\n@media (min-width:550px) {\n  #text-box-473060049 {\n    width: 67%;\n  }\n}\n@media (min-width:850px) {\n  #text-box-473060049 {\n    width: 57%;\n  }\n}\n<\/style>\n    <\/div>\n \n        <\/div>\n      <\/div>\n\n            \n<style>\n#banner-1123295629 {\n  padding-top: 110px;\n}\n#banner-1123295629 .banner-bg img {\n  object-position: 78% 0%;\n}\n@media (min-width:550px) {\n  #banner-1123295629 {\n    padding-top: 170px;\n  }\n}\n@media (min-width:850px) {\n  #banner-1123295629 {\n    padding-top: 190px;\n  }\n}\n<\/style>\n  <\/div>\n\n\n<div class=\"row\"  id=\"row-962745579\">\n\n\t<div id=\"col-176379656\" class=\"col small-12 large-12\"  >\n\t\t\t\t<div class=\"col-inner text-left\"  >\n\t\t\t\n\t\t\t\n<h2>ecoturbino pentru hoteluri | Sistemul de economisire a apei prezent\u0103ri pdf \u00een diferite limbi | Cum func\u021bioneaz\u0103 \u00een detaliu!<\/h2>\n<div class=\"row\"  id=\"row-1593420030\">\n\n\t<div id=\"col-1730584083\" class=\"col hide-for-small medium-8 small-12 large-8\"  >\n\t\t\t\t<div class=\"col-inner\"  >\n\t\t\t\n\t\t\t\n\t<div id=\"text-1774161516\" class=\"text hide-for-small\">\n\t\t\n<p>The <strong><a href=\"https:\/\/en.ecoturbino.shop\/water-savings-calculator\/\" target=\"_blank\" rel=\"noopener\">ecoturbino<\/a> este o solu\u021bie ideal\u0103 pentru <a href=\"https:\/\/ecoturbino.world\/ro\/lumea-directoarelor\/categorii\/hotel\/\">hoteluri<\/a><\/strong> deoarece reduce semnificativ costurile cu apa \u0219i energia, f\u0103r\u0103 a compromite confortul oaspe\u021bilor.<\/p>\n<p>Tehnologia sa inovatoare optimizeaz\u0103 fluxul de ap\u0103 \u00een du\u0219uri \u0219i robinete, <strong>reducerea consumului de ap\u0103 cu p\u00e2n\u0103 la 50%<\/strong> men\u021bin\u00e2nd \u00een acela\u0219i timp presiunea complet\u0103 a apei. Aceast\u0103 economie reduce \u00een mod direct costurile cu energia, deoarece trebuie \u00eenc\u0103lzit\u0103 mai pu\u021bin\u0103 ap\u0103.<\/p>\n<blockquote><p>Aceast\u0103 prezentare v\u0103 va ajuta s\u0103 cunoa\u0219te\u021bi ecoturbino, s\u0103 \u00een\u021belege\u021bi cum func\u021bioneaz\u0103 \u0219i de ce nu necesit\u0103 \u00eentre\u021binere timp de mul\u021bi ani. O investi\u021bie mic\u0103 - o via\u021b\u0103 \u00eentreag\u0103 de profituri.<\/p><\/blockquote>\n<p>Pentru hotelurile care utilizeaz\u0103<strong> sute de du\u0219uri \u0219i robinete zilnic,<\/strong> aceste economii se acumuleaz\u0103 \u00een avantaje semnificative \u00een materie de costuri.<\/p>\n<p>\u00cen acela\u0219i timp, ecoturbino contribuie la protejarea mediului \u00eenconjur\u0103tor, ceea ce reprezint\u0103 un factor cheie pentru hotelurile preocupate de sustenabilitate care doresc s\u0103 \u00ee\u0219i \u00eembun\u0103t\u0103\u021beasc\u0103 echilibrul ecologic. \u00cen plus, sistemul <strong>ecoturbino este u\u0219or de modernizat<\/strong> \u0219i nu genereaz\u0103 costuri suplimentare de \u00eentre\u021binere.<\/p>\n<p>Hotelurile pot continua s\u0103 utilizeze <strong>instala\u021biile existente f\u0103r\u0103 a fi nevoie de renov\u0103ri ample.<\/strong> Deoarece oaspe\u021bii nu observ\u0103 nicio diferen\u021b\u0103 \u00een confortul apei, satisfac\u021bia r\u0103m\u00e2ne ridicat\u0103, w<strong>\u00een timp ce hotelul beneficiaz\u0103 at\u00e2t din punct de vedere ecologic, c\u00e2t \u0219i economic.<\/strong> \u00cen lumea de ast\u0103zi, \u00een care sustenabilitatea devine din ce \u00een ce mai important\u0103, ecoturbino ofer\u0103 o solu\u021bie inteligent\u0103 \u0219i rentabil\u0103 pentru industria ospitalit\u0103\u021bii.<br \/>\n\t\t\n<style>\n#text-1774161516 {\n  text-align: left;\n}\n<\/style>\n\t<\/div>\n\t\n\t\t<\/div>\n\t\t\t\t\t<\/div>\n\n\t\n\n\t<div id=\"col-450277287\" class=\"col hide-for-small medium-4 small-12 large-4\"  >\n\t\t\t\t<div class=\"col-inner\"  >\n\t\t\t\n\t\t\t\n<div class=\"is-divider divider clearfix\" ><\/div>\n<div class=\"row\"  id=\"row-1870109401\">\n\n\t<div id=\"col-1208850397\" class=\"col medium-6 small-12 large-6\"  >\n\t\t\t\t<div class=\"col-inner text-center\"  >\n\t\t\t\n\t\t\t\n\t<div class=\"img has-hover x md-x lg-x y md-y lg-y\" id=\"image_879386117\" data-no-translation=\"\">\n\t\t\t\t\t\t\t\t<div class=\"img-inner dark\" >\n\t\t\t<img decoding=\"async\" width=\"500\" height=\"102\" src=\"https:\/\/ecoturbino.world\/wp-content\/uploads\/2024\/07\/logo-ecoturbino_500.png\" class=\"attachment-large size-large\" alt=\"ecoturbino Logo\" srcset=\"https:\/\/ecoturbino.world\/wp-content\/uploads\/2024\/07\/logo-ecoturbino_500.png 500w, https:\/\/ecoturbino.world\/wp-content\/uploads\/2024\/07\/logo-ecoturbino_500-240x49.png 240w\" sizes=\"(max-width: 500px) 100vw, 500px\" \/>\t\t\t\t\t\t\n\t\t\t\t\t<\/div>\n\t\t\t\t\t\t\t\t\n<style>\n#image_879386117 {\n  width: 100%;\n}\n<\/style>\n\t<\/div>\n\t\n\t<div class=\"img has-hover x md-x lg-x y md-y lg-y\" id=\"image_1257838522\" data-no-translation=\"\">\n\t\t<a class=\"\" href=\"https:\/\/ecoturbino.net\/\" target=\"_blank\" rel=\"noopener\">\t\t\t\t\t\t<div class=\"img-inner dark\" >\n\t\t\t<img decoding=\"async\" width=\"1020\" height=\"1020\" src=\"https:\/\/ecoturbino.world\/wp-content\/uploads\/2024\/06\/b2b-icon.svg\" class=\"attachment-large size-large\" alt=\"B2B Icon\" \/>\t\t\t\t\t\t\n\t\t\t\t\t<\/div>\n\t\t\t\t\t\t<\/a>\t\t\n<style>\n#image_1257838522 {\n  width: 100%;\n}\n<\/style>\n\t<\/div>\n\t\n\t\t<\/div>\n\t\t\t\t\t<\/div>\n\n\t\n\n\t<div id=\"col-1120832759\" class=\"col medium-6 small-12 large-6\"  >\n\t\t\t\t<div class=\"col-inner text-center\"  >\n\t\t\t\n\t\t\t\n\t<div class=\"img has-hover x md-x lg-x y md-y lg-y\" id=\"image_643049540\" data-no-translation=\"\">\n\t\t\t\t\t\t\t\t<div class=\"img-inner dark\" >\n\t\t\t<img decoding=\"async\" width=\"1020\" height=\"1020\" src=\"https:\/\/ecoturbino.world\/wp-content\/uploads\/2024\/03\/impact1-7.svg\" class=\"attachment-large size-large\" alt=\"showers impact 1 till 7 ecoturbino\" \/>\t\t\t\t\t\t\n\t\t\t\t\t<\/div>\n\t\t\t\t\t\t\t\t\n<style>\n#image_643049540 {\n  width: 77%;\n}\n<\/style>\n\t<\/div>\n\t\n\t\t<\/div>\n\t\t\t\t\t<\/div>\n\n\t\n<\/div>\n\t<div class=\"img has-hover x md-x lg-x y md-y lg-y\" id=\"image_940315347\" data-no-translation=\"\">\n\t\t\t\t\t\t\t\t<div class=\"img-inner dark\" >\n\t\t\t<img decoding=\"async\" width=\"1020\" height=\"638\" src=\"https:\/\/ecoturbino.world\/wp-content\/uploads\/2024\/06\/Showerhead-hand-shower.webp\" class=\"attachment-large size-large\" alt=\"Showerhead | water saving function versus ecoturbino shower adapter\" srcset=\"https:\/\/ecoturbino.world\/wp-content\/uploads\/2024\/06\/Showerhead-hand-shower.webp 1200w, https:\/\/ecoturbino.world\/wp-content\/uploads\/2024\/06\/Showerhead-hand-shower-1000x625.webp 1000w, https:\/\/ecoturbino.world\/wp-content\/uploads\/2024\/06\/Showerhead-hand-shower-768x480.webp 768w, https:\/\/ecoturbino.world\/wp-content\/uploads\/2024\/06\/Showerhead-hand-shower-240x150.webp 240w\" sizes=\"(max-width: 1020px) 100vw, 1020px\" \/>\t\t\t\t\t\t\n\t\t\t\t\t<\/div>\n\t\t\t\t\t\t\t\t\n<style>\n#image_940315347 {\n  width: 100%;\n}\n<\/style>\n\t<\/div>\n\t\n\t\t<\/div>\n\t\t\t\t\t<\/div>\n\n\t\n<\/div>\n<a href=\"https:\/\/ecoturbino.net\/\" target=\"_blank\" class=\"button primary expand\" rel=\"noopener\" style=\"border-radius:6px;\">\n\t\t<span>Mai multe \u00eentreb\u0103ri? - G\u0103si\u021bi aici \u021bara dvs. de contact<\/span>\n\t<\/a>\n\n<div class=\"container section-title-container\" ><h3 class=\"section-title section-title-center\"><b aria-hidden=\"true\"><\/b><span class=\"section-title-main\" ><i class=\"icon-checkmark\" aria-hidden=\"true\"><\/i>Prezent\u0103ri explicative disponibile ale sistemului ecoturbino<\/span><b aria-hidden=\"true\"><\/b><\/h3><\/div>\n\n\t<section class=\"section\" id=\"section_32904623\">\n\t\t<div class=\"section-bg fill\" >\n\t\t\t\t\t\t\t\t\t\n\t\t\t\n\n\t\t<\/div>\n\n\t\t\n\n\t\t<div class=\"section-content relative\">\n\t\t\t\n<div class=\"row\"  id=\"row-1764705172\">\n\n\t<div id=\"col-831821511\" class=\"col medium-3 small-6 large-3\"  >\n\t\t\t\t<div class=\"col-inner\"  >\n\t\t\t\n\t\t\t\n\t<div class=\"box has-hover   has-hover box-vertical box-text-bottom\" >\n\n\t\t<div class=\"box-image\" >\n\t\t\t\t\t\t<div class=\"image-cover\" style=\"padding-top:120px;\">\n\t\t\t\t<img decoding=\"async\" width=\"400\" height=\"300\" src=\"https:\/\/ecoturbino.world\/wp-content\/uploads\/2024\/09\/presentations.webp\" class=\"attachment- size-\" alt=\"prezent\u0103ri pentru hoteluri | beneficii ecoturbino\" srcset=\"https:\/\/ecoturbino.world\/wp-content\/uploads\/2024\/09\/presentations.webp 400w, https:\/\/ecoturbino.world\/wp-content\/uploads\/2024\/09\/presentations-240x180.webp 240w\" sizes=\"(max-width: 400px) 100vw, 400px\" \/>\t\t\t\t\t\t\t\t\t\t\t<\/div>\n\t\t\t\t\t<\/div>\n\n\t\t<div class=\"box-text text-center\" style=\"background-color:rgba(228, 236, 210, 0.93);\">\n\t\t\t<div class=\"box-text-inner\">\n\t\t\t\t\n<h4>ENGLEZ\u0102<\/h4>\n\t<div class=\"img has-hover x md-x lg-x y md-y lg-y\" id=\"image_359167491\" data-no-translation=\"\">\n\t\t\t\t\t\t\t\t<div class=\"img-inner dark\" >\n\t\t\t<img decoding=\"async\" width=\"640\" height=\"384\" src=\"https:\/\/ecoturbino.world\/wp-content\/uploads\/2024\/09\/uk-flag-1.webp\" class=\"attachment-large size-large\" alt=\"\" srcset=\"https:\/\/ecoturbino.world\/wp-content\/uploads\/2024\/09\/uk-flag-1.webp 640w, https:\/\/ecoturbino.world\/wp-content\/uploads\/2024\/09\/uk-flag-1-240x144.webp 240w\" sizes=\"(max-width: 640px) 100vw, 640px\" \/>\t\t\t\t\t\t\n\t\t\t\t\t<\/div>\n\t\t\t\t\t\t\t\t\n<style>\n#image_359167491 {\n  width: 100%;\n}\n<\/style>\n\t<\/div>\n\t\n\t\t\t<\/div>\n\t\t<\/div>\n\t<\/div>\n\t\n\t<div id=\"gap-17894519\" class=\"gap-element clearfix\" style=\"display:block; height:auto;\">\n\t\t\n<style>\n#gap-17894519 {\n  padding-top: 15px;\n}\n<\/style>\n\t<\/div>\n\t\n<a href=\"https:\/\/ecoturbino.world\/wp-content\/uploads\/2024\/09\/Prasentation-Hotel-EN_13.8.pdf\" target=\"_blank\" class=\"button secondary lowercase expand\" rel=\"noopener\" style=\"border-radius:5px;\">\n\t\t<span>Prezentare PDF<\/span>\n\t<\/a>\n\n\t\t<\/div>\n\t\t\t\t\n<style>\n#col-831821511 > .col-inner {\n  margin: 0px 0px 0px 0px;\n}\n<\/style>\n\t<\/div>\n\n\t\n\n\t<div id=\"col-149499951\" class=\"col medium-3 small-6 large-3\"  >\n\t\t\t\t<div class=\"col-inner\"  >\n\t\t\t\n\t\t\t\n\t<div class=\"box has-hover   has-hover box-vertical box-text-bottom\" >\n\n\t\t<div class=\"box-image\" >\n\t\t\t\t\t\t<div class=\"image-cover\" style=\"padding-top:120px;\">\n\t\t\t\t<img decoding=\"async\" width=\"400\" height=\"300\" src=\"https:\/\/ecoturbino.world\/wp-content\/uploads\/2024\/09\/presentations.webp\" class=\"attachment- size-\" alt=\"prezent\u0103ri pentru hoteluri | beneficii ecoturbino\" srcset=\"https:\/\/ecoturbino.world\/wp-content\/uploads\/2024\/09\/presentations.webp 400w, https:\/\/ecoturbino.world\/wp-content\/uploads\/2024\/09\/presentations-240x180.webp 240w\" sizes=\"(max-width: 400px) 100vw, 400px\" \/>\t\t\t\t\t\t\t\t\t\t\t<\/div>\n\t\t\t\t\t<\/div>\n\n\t\t<div class=\"box-text text-center\" style=\"background-color:rgba(228, 236, 210, 0.93);\">\n\t\t\t<div class=\"box-text-inner\">\n\t\t\t\t\n<h4>SPANIOL\u0102<\/h4>\n\t<div class=\"img has-hover x md-x lg-x y md-y lg-y\" id=\"image_2088865040\" data-no-translation=\"\">\n\t\t\t\t\t\t\t\t<div class=\"img-inner dark\" >\n\t\t\t<img decoding=\"async\" width=\"1020\" height=\"680\" src=\"https:\/\/ecoturbino.world\/wp-content\/uploads\/2024\/09\/flag-spain.webp\" class=\"attachment-large size-large\" alt=\"\" srcset=\"https:\/\/ecoturbino.world\/wp-content\/uploads\/2024\/09\/flag-spain.webp 1200w, https:\/\/ecoturbino.world\/wp-content\/uploads\/2024\/09\/flag-spain-1000x667.webp 1000w, https:\/\/ecoturbino.world\/wp-content\/uploads\/2024\/09\/flag-spain-768x512.webp 768w, https:\/\/ecoturbino.world\/wp-content\/uploads\/2024\/09\/flag-spain-240x160.webp 240w\" sizes=\"(max-width: 1020px) 100vw, 1020px\" \/>\t\t\t\t\t\t\n\t\t\t\t\t<\/div>\n\t\t\t\t\t\t\t\t\n<style>\n#image_2088865040 {\n  width: 100%;\n}\n<\/style>\n\t<\/div>\n\t\n\t\t\t<\/div>\n\t\t<\/div>\n\t<\/div>\n\t\n\t<div id=\"gap-816422490\" class=\"gap-element clearfix\" style=\"display:block; height:auto;\">\n\t\t\n<style>\n#gap-816422490 {\n  padding-top: 15px;\n}\n<\/style>\n\t<\/div>\n\t\n<a href=\"https:\/\/ecoturbino.world\/wp-content\/uploads\/2024\/09\/Prasentation-Hotel-ES_13.8.pdf\" target=\"_blank\" class=\"button secondary lowercase expand\" rel=\"noopener\" style=\"border-radius:5px;\">\n\t\t<span>Prezentare PDF<\/span>\n\t<\/a>\n\n\t\t<\/div>\n\t\t\t\t\n<style>\n#col-149499951 > .col-inner {\n  margin: 0px 0px 0px 0px;\n}\n<\/style>\n\t<\/div>\n\n\t\n\n\t<div id=\"col-2018005653\" class=\"col medium-3 small-6 large-3\"  >\n\t\t\t\t<div class=\"col-inner\"  >\n\t\t\t\n\t\t\t\n\t<div class=\"box has-hover   has-hover box-vertical box-text-bottom\" >\n\n\t\t<div class=\"box-image\" >\n\t\t\t\t\t\t<div class=\"image-cover\" style=\"padding-top:120px;\">\n\t\t\t\t<img decoding=\"async\" width=\"400\" height=\"300\" src=\"https:\/\/ecoturbino.world\/wp-content\/uploads\/2024\/09\/presentations.webp\" class=\"attachment- size-\" alt=\"prezent\u0103ri pentru hoteluri | beneficii ecoturbino\" srcset=\"https:\/\/ecoturbino.world\/wp-content\/uploads\/2024\/09\/presentations.webp 400w, https:\/\/ecoturbino.world\/wp-content\/uploads\/2024\/09\/presentations-240x180.webp 240w\" sizes=\"(max-width: 400px) 100vw, 400px\" \/>\t\t\t\t\t\t\t\t\t\t\t<\/div>\n\t\t\t\t\t<\/div>\n\n\t\t<div class=\"box-text text-center\" style=\"background-color:rgba(228, 236, 210, 0.93);\">\n\t\t\t<div class=\"box-text-inner\">\n\t\t\t\t\n<h4>DUTCH<\/h4>\n\t<div class=\"img has-hover x md-x lg-x y md-y lg-y\" id=\"image_1777899181\" data-no-translation=\"\">\n\t\t\t\t\t\t\t\t<div class=\"img-inner dark\" >\n\t\t\t<img decoding=\"async\" width=\"1020\" height=\"680\" src=\"https:\/\/ecoturbino.world\/wp-content\/uploads\/2024\/09\/flag-netherlands-1500x1000.png\" class=\"attachment-large size-large\" alt=\"\" srcset=\"https:\/\/ecoturbino.world\/wp-content\/uploads\/2024\/09\/flag-netherlands-1500x1000.png 1500w, https:\/\/ecoturbino.world\/wp-content\/uploads\/2024\/09\/flag-netherlands-1000x667.png 1000w, https:\/\/ecoturbino.world\/wp-content\/uploads\/2024\/09\/flag-netherlands-768x512.png 768w, https:\/\/ecoturbino.world\/wp-content\/uploads\/2024\/09\/flag-netherlands-1536x1024.png 1536w, https:\/\/ecoturbino.world\/wp-content\/uploads\/2024\/09\/flag-netherlands-240x160.png 240w, https:\/\/ecoturbino.world\/wp-content\/uploads\/2024\/09\/flag-netherlands.png 1920w\" sizes=\"(max-width: 1020px) 100vw, 1020px\" \/>\t\t\t\t\t\t\n\t\t\t\t\t<\/div>\n\t\t\t\t\t\t\t\t\n<style>\n#image_1777899181 {\n  width: 100%;\n}\n<\/style>\n\t<\/div>\n\t\n\t\t\t<\/div>\n\t\t<\/div>\n\t<\/div>\n\t\n\t<div id=\"gap-1271179000\" class=\"gap-element clearfix\" style=\"display:block; height:auto;\">\n\t\t\n<style>\n#gap-1271179000 {\n  padding-top: 15px;\n}\n<\/style>\n\t<\/div>\n\t\n<a href=\"https:\/\/ecoturbino.world\/wp-content\/uploads\/2024\/09\/Prasentation-Hotel-NL_13-8.pdf\" target=\"_blank\" class=\"button secondary lowercase expand\" rel=\"noopener\" style=\"border-radius:5px;\">\n\t\t<span>Prezentare PDF<\/span>\n\t<\/a>\n\n\t\t<\/div>\n\t\t\t\t\n<style>\n#col-2018005653 > .col-inner {\n  margin: 0px 0px 0px 0px;\n}\n<\/style>\n\t<\/div>\n\n\t\n\n\t<div id=\"col-739953744\" class=\"col medium-3 small-6 large-3\"  >\n\t\t\t\t<div class=\"col-inner\"  >\n\t\t\t\n\t\t\t\n\t<div class=\"box has-hover   has-hover box-vertical box-text-bottom\" >\n\n\t\t<div class=\"box-image\" >\n\t\t\t\t\t\t<div class=\"image-cover\" style=\"padding-top:120px;\">\n\t\t\t\t<img decoding=\"async\" width=\"400\" height=\"300\" src=\"https:\/\/ecoturbino.world\/wp-content\/uploads\/2024\/09\/presentations.webp\" class=\"attachment- size-\" alt=\"prezent\u0103ri pentru hoteluri | beneficii ecoturbino\" srcset=\"https:\/\/ecoturbino.world\/wp-content\/uploads\/2024\/09\/presentations.webp 400w, https:\/\/ecoturbino.world\/wp-content\/uploads\/2024\/09\/presentations-240x180.webp 240w\" sizes=\"(max-width: 400px) 100vw, 400px\" \/>\t\t\t\t\t\t\t\t\t\t\t<\/div>\n\t\t\t\t\t<\/div>\n\n\t\t<div class=\"box-text text-center\" style=\"background-color:rgba(228, 236, 210, 0.93);\">\n\t\t\t<div class=\"box-text-inner\">\n\t\t\t\t\n<h4>UNGARIA<\/h4>\n\t<div class=\"img has-hover x md-x lg-x y md-y lg-y\" id=\"image_1178894\" data-no-translation=\"\">\n\t\t\t\t\t\t\t\t<div class=\"img-inner dark\" >\n\t\t\t<img decoding=\"async\" width=\"1020\" height=\"680\" src=\"https:\/\/ecoturbino.world\/wp-content\/uploads\/2024\/09\/flag-hungary-1500x1000.png\" class=\"attachment-large size-large\" alt=\"\" srcset=\"https:\/\/ecoturbino.world\/wp-content\/uploads\/2024\/09\/flag-hungary-1500x1000.png 1500w, https:\/\/ecoturbino.world\/wp-content\/uploads\/2024\/09\/flag-hungary-1000x667.png 1000w, https:\/\/ecoturbino.world\/wp-content\/uploads\/2024\/09\/flag-hungary-768x512.png 768w, https:\/\/ecoturbino.world\/wp-content\/uploads\/2024\/09\/flag-hungary-1536x1024.png 1536w, https:\/\/ecoturbino.world\/wp-content\/uploads\/2024\/09\/flag-hungary-240x160.png 240w, https:\/\/ecoturbino.world\/wp-content\/uploads\/2024\/09\/flag-hungary.png 1920w\" sizes=\"(max-width: 1020px) 100vw, 1020px\" \/>\t\t\t\t\t\t\n\t\t\t\t\t<\/div>\n\t\t\t\t\t\t\t\t\n<style>\n#image_1178894 {\n  width: 100%;\n}\n<\/style>\n\t<\/div>\n\t\n\t\t\t<\/div>\n\t\t<\/div>\n\t<\/div>\n\t\n\t<div id=\"gap-1963330678\" class=\"gap-element clearfix\" style=\"display:block; height:auto;\">\n\t\t\n<style>\n#gap-1963330678 {\n  padding-top: 15px;\n}\n<\/style>\n\t<\/div>\n\t\n<a href=\"https:\/\/ecoturbino.world\/wp-content\/uploads\/2024\/09\/Prasentation-Hotel-HU_13.8.pdf\" target=\"_blank\" class=\"button secondary lowercase expand\" rel=\"noopener\" style=\"border-radius:5px;\">\n\t\t<span>Prezentare PDFPDF<\/span>\n\t<\/a>\n\n\t\t<\/div>\n\t\t\t\t\n<style>\n#col-739953744 > .col-inner {\n  margin: 0px 0px 0px 0px;\n}\n<\/style>\n\t<\/div>\n\n\t\n\n\t<div id=\"col-586054967\" class=\"col medium-3 small-6 large-3\"  >\n\t\t\t\t<div class=\"col-inner\"  >\n\t\t\t\n\t\t\t\n\t<div class=\"box has-hover   has-hover box-vertical box-text-bottom\" >\n\n\t\t<div class=\"box-image\" >\n\t\t\t\t\t\t<div class=\"image-cover\" style=\"padding-top:120px;\">\n\t\t\t\t<img decoding=\"async\" width=\"400\" height=\"300\" src=\"https:\/\/ecoturbino.world\/wp-content\/uploads\/2024\/09\/presentations.webp\" class=\"attachment- size-\" alt=\"prezent\u0103ri pentru hoteluri | beneficii ecoturbino\" srcset=\"https:\/\/ecoturbino.world\/wp-content\/uploads\/2024\/09\/presentations.webp 400w, https:\/\/ecoturbino.world\/wp-content\/uploads\/2024\/09\/presentations-240x180.webp 240w\" sizes=\"(max-width: 400px) 100vw, 400px\" \/>\t\t\t\t\t\t\t\t\t\t\t<\/div>\n\t\t\t\t\t<\/div>\n\n\t\t<div class=\"box-text text-center\" style=\"background-color:rgba(228, 236, 210, 0.93);\">\n\t\t\t<div class=\"box-text-inner\">\n\t\t\t\t\n<h4>GERMAN\u0102<\/h4>\n\t<div class=\"img has-hover x md-x lg-x y md-y lg-y\" id=\"image_1893028168\" data-no-translation=\"\">\n\t\t\t\t\t\t\t\t<div class=\"img-inner dark\" >\n\t\t\t<img decoding=\"async\" width=\"1020\" height=\"612\" src=\"https:\/\/ecoturbino.world\/wp-content\/uploads\/2024\/09\/flag-germany.png\" class=\"attachment-large size-large\" alt=\"\" srcset=\"https:\/\/ecoturbino.world\/wp-content\/uploads\/2024\/09\/flag-germany.png 1200w, https:\/\/ecoturbino.world\/wp-content\/uploads\/2024\/09\/flag-germany-1000x600.png 1000w, https:\/\/ecoturbino.world\/wp-content\/uploads\/2024\/09\/flag-germany-768x461.png 768w, https:\/\/ecoturbino.world\/wp-content\/uploads\/2024\/09\/flag-germany-240x144.png 240w\" sizes=\"(max-width: 1020px) 100vw, 1020px\" \/>\t\t\t\t\t\t\n\t\t\t\t\t<\/div>\n\t\t\t\t\t\t\t\t\n<style>\n#image_1893028168 {\n  width: 100%;\n}\n<\/style>\n\t<\/div>\n\t\n\t\t\t<\/div>\n\t\t<\/div>\n\t<\/div>\n\t\n\t<div id=\"gap-289205223\" class=\"gap-element clearfix\" style=\"display:block; height:auto;\">\n\t\t\n<style>\n#gap-289205223 {\n  padding-top: 15px;\n}\n<\/style>\n\t<\/div>\n\t\n<a href=\"https:\/\/ecoturbino.world\/wp-content\/uploads\/2024\/09\/Prasentation-Hotel-DE_13.8.pdf\" target=\"_blank\" class=\"button secondary lowercase expand\" rel=\"noopener\" style=\"border-radius:5px;\">\n\t\t<span>Prezentare PDF<\/span>\n\t<\/a>\n\n\t\t<\/div>\n\t\t\t\t\n<style>\n#col-586054967 > .col-inner {\n  margin: 0px 0px 0px 0px;\n}\n<\/style>\n\t<\/div>\n\n\t\n<\/div>\n\t\t<\/div>\n\n\t\t\n<style>\n#section_32904623 {\n  padding-top: 30px;\n  padding-bottom: 30px;\n}\n<\/style>\n\t<\/section>\n\t\n\t\t<\/div>\n\t\t\t\t\t<\/div>\n\n\t\n<\/div>","protected":false},"excerpt":{"rendered":"","protected":false},"author":2,"featured_media":3977,"parent":0,"menu_order":0,"comment_status":"closed","ping_status":"closed","template":"page-blank.php","meta":{"inline_featured_image":false,"footnotes":""},"class_list":["post-3924","page","type-page","status-publish","has-post-thumbnail","hentry"],"_links":{"self":[{"href":"https:\/\/ecoturbino.world\/ro\/wp-json\/wp\/v2\/pages\/3924","targetHints":{"allow":["GET"]}}],"collection":[{"href":"https:\/\/ecoturbino.world\/ro\/wp-json\/wp\/v2\/pages"}],"about":[{"href":"https:\/\/ecoturbino.world\/ro\/wp-json\/wp\/v2\/types\/page"}],"author":[{"embeddable":true,"href":"https:\/\/ecoturbino.world\/ro\/wp-json\/wp\/v2\/users\/2"}],"replies":[{"embeddable":true,"href":"https:\/\/ecoturbino.world\/ro\/wp-json\/wp\/v2\/comments?post=3924"}],"version-history":[{"count":0,"href":"https:\/\/ecoturbino.world\/ro\/wp-json\/wp\/v2\/pages\/3924\/revisions"}],"wp:featuredmedia":[{"embeddable":true,"href":"https:\/\/ecoturbino.world\/ro\/wp-json\/wp\/v2\/media\/3977"}],"wp:attachment":[{"href":"https:\/\/ecoturbino.world\/ro\/wp-json\/wp\/v2\/media?parent=3924"}],"curies":[{"name":"wp","href":"https:\/\/api.w.org\/{rel}","templated":true}]}}