{"id":2870,"date":"2024-01-18T01:59:26","date_gmt":"2024-01-18T00:59:26","guid":{"rendered":"https:\/\/ecoturbino.eu\/?page_id=2870"},"modified":"2024-01-18T02:07:39","modified_gmt":"2024-01-18T01:07:39","slug":"gtc","status":"publish","type":"page","link":"https:\/\/ecoturbino.world\/ro\/gtc\/","title":{"rendered":"Termeni \u0219i Condi\u021bii"},"content":{"rendered":"<div class=\"banner has-hover\" id=\"banner-52715495\">\n          <div class=\"banner-inner fill\">\n        <div class=\"banner-bg fill\" >\n            <img decoding=\"async\" width=\"2000\" height=\"230\" src=\"https:\/\/ecoturbino.world\/wp-content\/uploads\/2024\/01\/wasser-faq-2000-sw.webp\" class=\"bg attachment-original size-original\" alt=\"Cap de ap\u0103\" \/>                                    \n                    <\/div>\n\t\t\n        <div class=\"banner-layers container\">\n            <div class=\"fill banner-link\"><\/div>            \n   <div id=\"text-box-741369382\" class=\"text-box banner-layer x50 md-x50 lg-x50 y50 md-y50 lg-y50 res-text\">\n                                <div class=\"text-box-content text dark\">\n              \n              <div class=\"text-inner text-center\">\n                  \n<h1>GTC<\/h1>\n              <\/div>\n           <\/div>\n                            \n<style>\n#text-box-741369382 {\n  width: 100%;\n}\n#text-box-741369382 .text-box-content {\n  font-size: 100%;\n}\n@media (min-width:550px) {\n  #text-box-741369382 {\n    width: 71%;\n  }\n}\n@media (min-width:850px) {\n  #text-box-741369382 {\n    width: 50%;\n  }\n}\n<\/style>\n    <\/div>\n \n        <\/div>\n      <\/div>\n\n            \n<style>\n#banner-52715495 {\n  padding-top: 110px;\n}\n@media (min-width:550px) {\n  #banner-52715495 {\n    padding-top: 170px;\n  }\n}\n@media (min-width:850px) {\n  #banner-52715495 {\n    padding-top: 190px;\n  }\n}\n<\/style>\n  <\/div>\n\n\n<div class=\"row\"  id=\"row-1592804339\">\n\n\t<div id=\"col-433914609\" class=\"col small-12 large-12\"  >\n\t\t\t\t<div class=\"col-inner\"  >\n\t\t\t\n\t\t\t\n<h2>Termeni \u0219i condi\u021bii generale pentru ecoturbino\u00ae World<\/h2>\n<ol>\n<li><strong>R\u0103spundere<\/strong><br \/>Nu ne asum\u0103m nicio r\u0103spundere pentru erori sau probleme tehnice care pot ap\u0103rea pe internet. Se aplic\u0103 legisla\u021bia austriac\u0103.<\/li>\n<li><strong>R\u0103spunderea pentru con\u021binut<\/strong><br \/>Informa\u021biile de pe acest site au doar scop informativ general \u0219i nu sunt obligatorii.<\/li>\n<li><strong>Declinarea r\u0103spunderii pentru con\u021binutul site-urilor conectate<\/strong><br \/>Acest site con\u021bine diverse link-uri c\u0103tre alte pagini ale produc\u0103torilor etc. de pe Internet. Subliniem \u00een mod expres c\u0103 nu avem nicio influen\u021b\u0103 asupra con\u021binutului \u0219i designului paginilor c\u0103tre care exist\u0103 leg\u0103turi. Prin urmare, nu putem garanta actualitatea, acurate\u021bea sau exhaustivitatea informa\u021biilor furnizate acolo. Ne distan\u021b\u0103m \u00een mod expres de \u00eentregul con\u021binut al acestor pagini. Aceast\u0103 declara\u021bie se aplic\u0103 tuturor linkurilor c\u0103tre pagini externe con\u021binute pe site-ul nostru \u0219i tuturor con\u021binuturilor acestor pagini c\u0103tre care conduc linkurile.<\/li>\n<li><strong>Drepturile de imagine<\/strong><br \/>Toate drepturile de imagine ale ilustra\u021biilor din magazin sunt de\u021binute de Ressourcen Saving GmbH \u0219i Webdeals Shops GmbH. Utilizarea f\u0103r\u0103 acordul nostru expres nu este permis\u0103.<\/li>\n<li><strong>Politica de confiden\u021bialitate \u0219i confiden\u021bialitate<\/strong><br \/>V\u0103 rug\u0103m s\u0103 consulta\u021bi site-ul nostru <a href=\"\/ro\/cabina-de-pilotaj-privat\/confidentialitate\/\">Acordul de confiden\u021bialitate GDPR<\/a>.<\/li>\n<li><strong>Clauza de divizibilitate \/ Diverse<\/strong><br \/>Invaliditatea unor dispozi\u021bii individuale din prezentele condi\u021bii generale sau din contractul de cump\u0103rare nu afecteaz\u0103 validitatea celorlalte dispozi\u021bii. \u00cen locul dispozi\u021biei nule, se aplic\u0103 dispozi\u021biile legale.<\/li>\n<\/ol>\n\t\t<\/div>\n\t\t\t\t\t<\/div>\n\n\t\n<\/div>\n\t<div id=\"gap-1290059815\" class=\"gap-element clearfix\" style=\"display:block; height:auto;\">\n\t\t\n<style>\n#gap-1290059815 {\n  padding-top: 30px;\n}\n<\/style>\n\t<\/div>","protected":false},"excerpt":{"rendered":"","protected":false},"author":1,"featured_media":0,"parent":0,"menu_order":0,"comment_status":"closed","ping_status":"closed","template":"page-blank.php","meta":{"inline_featured_image":false,"footnotes":""},"class_list":["post-2870","page","type-page","status-publish","hentry"],"_links":{"self":[{"href":"https:\/\/ecoturbino.world\/ro\/wp-json\/wp\/v2\/pages\/2870","targetHints":{"allow":["GET"]}}],"collection":[{"href":"https:\/\/ecoturbino.world\/ro\/wp-json\/wp\/v2\/pages"}],"about":[{"href":"https:\/\/ecoturbino.world\/ro\/wp-json\/wp\/v2\/types\/page"}],"author":[{"embeddable":true,"href":"https:\/\/ecoturbino.world\/ro\/wp-json\/wp\/v2\/users\/1"}],"replies":[{"embeddable":true,"href":"https:\/\/ecoturbino.world\/ro\/wp-json\/wp\/v2\/comments?post=2870"}],"version-history":[{"count":0,"href":"https:\/\/ecoturbino.world\/ro\/wp-json\/wp\/v2\/pages\/2870\/revisions"}],"wp:attachment":[{"href":"https:\/\/ecoturbino.world\/ro\/wp-json\/wp\/v2\/media?parent=2870"}],"curies":[{"name":"wp","href":"https:\/\/api.w.org\/{rel}","templated":true}]}}