{"id":1652,"date":"2024-01-03T21:01:56","date_gmt":"2024-01-03T20:01:56","guid":{"rendered":"https:\/\/ecoturbino.eu\/?page_id=1652"},"modified":"2025-12-29T22:43:52","modified_gmt":"2025-12-29T21:43:52","slug":"apa-dura-si-legionella","status":"publish","type":"page","link":"https:\/\/ecoturbino.world\/ro\/hard-water-and-legionella\/","title":{"rendered":"Ap\u0103 dur\u0103 \u0219i legionella | Probleme cu du\u0219urile din baie"},"content":{"rendered":"<section class=\"section zindex1\" id=\"section_209205525\">\n\t\t<div class=\"section-bg fill\" >\n\t\t\t\t\t\t\t\t\t\n\t\t\t\n\n\t\t<\/div>\n\n\t\t\n\n\t\t<div class=\"section-content relative\">\n\t\t\t\n<div class=\"row\"  id=\"row-522306740\">\n\n\t<div id=\"col-219549376\" class=\"col small-12 large-12\"  >\n\t\t\t\t<div class=\"col-inner\"  >\n\t\t\t\n\t\t\t\n\t<div id=\"text-167852746\" class=\"text\">\n\t\t\n<h1 class=\"uppercase\">Apa dur\u0103 \u0219i legionella | Adev\u0103rata amploare a problemei!<\/h1>\n<h3 class=\"thin-font\">De\u0219i leg\u0103tura general\u0103 dintre apa dur\u0103 \u0219i legionella este bine cunoscut\u0103, aceasta este adesea \u00een\u021beleas\u0103 gre\u0219it.<\/h3>\n\t\t\n<style>\n#text-167852746 {\n  text-align: center;\n}\n<\/style>\n\t<\/div>\n\t\n<div class=\"text-center\"><div class=\"is-divider divider clearfix\" style=\"max-width:50%;height:1px;\"><\/div><\/div>\n\t<div id=\"gap-320053456\" class=\"gap-element clearfix\" style=\"display:block; height:auto;\">\n\t\t\n<style>\n#gap-320053456 {\n  padding-top: 30px;\n}\n<\/style>\n\t<\/div>\n\t\n<div class=\"row\"  id=\"row-1085817411\">\n\n\t<div id=\"col-918988947\" class=\"col medium-8 small-12 large-8\"  >\n\t\t\t\t<div class=\"col-inner\"  >\n\t\t\t\n\t\t\t\n<p>\u00cen aceast\u0103 postare, ne concentr\u0103m pe modul \u00een care putem <strong>ob\u021bine\u021bi un control mai bun asupra con\u021binutului de bacterii din ap\u0103 \u00eenc\u0103 de la \u00eenceput<\/strong>, pentru a <strong>reduce<\/strong> utilizarea <strong>agresiv \u0219i <a href=\"https:\/\/ecoturbino.world\/ro\/impact-5\/\">ecologice<\/a> substan\u021be chimice d\u0103un\u0103toare pentru \u00eendep\u0103rtarea bacteriilor.<\/strong><\/p>\n<p><strong>Dioxid de clor<\/strong> continu\u0103 s\u0103 fie <strong>cel mai frecvent utilizat biocid pentru eliminarea bacteriilor din ap\u0103, inclusiv Legionella<\/strong>. Capacitatea sa de a distruge biofilmele este un aspect extrem de important al acestui produs chimic. Cu toate acestea, dioxidul de clor serve\u0219te doar pentru control \u0219i reducere, nu pentru prevenire.<\/p>\n<p>Cheia acestei probleme const\u0103 \u00een <strong>\u00een\u021belegerea leg\u0103turii dintre depozitele de calciu, biofilme \u0219i Legionella.<\/strong> Aceast\u0103 abordare permite o<strong> reducerea num\u0103rului de bacterii din sistemul dumneavoastr\u0103 de ap\u0103<\/strong>, minimiz\u00e2nd ulterior timpul \u0219i consumul de substan\u021be chimice pentru \u00eentre\u021binerea sistemului.<\/p>\n<p>\u0218i aici intr\u0103 \u00een joc adaptorul de du\u0219 ecoturbino,<strong> asigurarea de du\u0219uri igienice \u00een hoteluri, centre de fitness, locuin\u021be etc.<\/strong><\/p>\n\t\t<\/div>\n\t\t\t\t\t<\/div>\n\n\t\n\n\t<div id=\"col-665534149\" class=\"col medium-4 small-12 large-4\"  >\n\t\t\t\t<div class=\"col-inner\"  >\n\t\t\t\n\t\t\t\n\t<div class=\"img has-hover radius10 hide-for-small x md-x lg-x y md-y lg-y\" id=\"image_909860202\">\n\t\t\t\t\t\t\t\t<div class=\"img-inner dark\" >\n\t\t\t<img decoding=\"async\" width=\"600\" height=\"600\" src=\"https:\/\/ecoturbino.world\/wp-content\/uploads\/2024\/01\/water-drain2_600.webp\" class=\"attachment-original size-original\" alt=\"\" srcset=\"https:\/\/ecoturbino.world\/wp-content\/uploads\/2024\/01\/water-drain2_600.webp 600w, https:\/\/ecoturbino.world\/wp-content\/uploads\/2024\/01\/water-drain2_600-500x500.webp 500w, https:\/\/ecoturbino.world\/wp-content\/uploads\/2024\/01\/water-drain2_600-32x32.webp 32w, https:\/\/ecoturbino.world\/wp-content\/uploads\/2024\/01\/water-drain2_600-48x48.webp 48w, https:\/\/ecoturbino.world\/wp-content\/uploads\/2024\/01\/water-drain2_600-80x80.webp 80w, https:\/\/ecoturbino.world\/wp-content\/uploads\/2024\/01\/water-drain2_600-180x180.webp 180w\" sizes=\"(max-width: 600px) 100vw, 600px\" \/>\t\t\t\t\t\t\n\t\t\t\t\t<\/div>\n\t\t\t\t\t\t\t\t\n<style>\n#image_909860202 {\n  width: 100%;\n}\n<\/style>\n\t<\/div>\n\t\n\t\t<\/div>\n\t\t\t\t\t<\/div>\n\n\t\n<\/div>\n\t<div id=\"gap-698561062\" class=\"gap-element clearfix\" style=\"display:block; height:auto;\">\n\t\t\n<style>\n#gap-698561062 {\n  padding-top: 30px;\n}\n<\/style>\n\t<\/div>\n\t\n<div class=\"row\"  id=\"row-1834916561\">\n\n\t<div id=\"col-775177978\" class=\"col medium-4 small-12 large-4\"  >\n\t\t\t\t<div class=\"col-inner\"  >\n\t\t\t\n\t\t\t\n\t<div class=\"img has-hover radius10 x md-x lg-x y md-y lg-y\" id=\"image_46597459\">\n\t\t\t\t\t\t\t\t<div class=\"img-inner dark\" >\n\t\t\t<img decoding=\"async\" width=\"600\" height=\"900\" src=\"https:\/\/ecoturbino.world\/wp-content\/uploads\/2024\/01\/shower-head-limescale_600.webp\" class=\"attachment-original size-original\" alt=\"Simbol de calcar la capul de du\u0219\" srcset=\"https:\/\/ecoturbino.world\/wp-content\/uploads\/2024\/01\/shower-head-limescale_600.webp 600w, https:\/\/ecoturbino.world\/wp-content\/uploads\/2024\/01\/shower-head-limescale_600-120x180.webp 120w\" sizes=\"(max-width: 600px) 100vw, 600px\" \/>\t\t\t\t\t\t\n\t\t\t\t\t<\/div>\n\t\t\t\t\t\t\t\t\n<style>\n#image_46597459 {\n  width: 100%;\n}\n<\/style>\n\t<\/div>\n\t\n\t\t<\/div>\n\t\t\t\t\t<\/div>\n\n\t\n\n\t<div id=\"col-759773170\" class=\"col medium-8 small-12 large-8\"  >\n\t\t\t\t<div class=\"col-inner\"  >\n\t\t\t\n\t\t\t\n<div class=\"flex-1 overflow-hidden\">\n<div class=\"react-scroll-to-bottom--css-tpvix-79elbk h-full\">\n<div class=\"react-scroll-to-bottom--css-tpvix-1n7m0yu\">\n<div class=\"flex flex-col pb-9 text-sm\">\n<div class=\"w-full text-token-text-primary\" data-testid=\"conversation-turn-13\">\n<div class=\"px-4 py-2 justify-center text-base md:gap-6 m-auto\">\n<div class=\"flex flex-1 text-base mx-auto gap-3 md:px-5 lg:px-1 xl:px-5 md:max-w-3xl lg:max-w-&#091;40rem&#093; xl:max-w-&#091;48rem&#093; group final-completion\">\n<div class=\"relative flex w-full flex-col lg:w-&#091;calc(100%-115px)&#093; agent-turn\">\n<div class=\"flex-col gap-1 md:gap-3\">\n<div class=\"flex flex-grow flex-col max-w-full\">\n<div class=\"min-h-&#091;20px&#093; text-message flex flex-col items-start gap-3 whitespace-pre-wrap break-words &#091;.text-message+&amp;&#093;:mt-5 overflow-x-auto\" data-message-author-role=\"assistant\" data-message-id=\"6402d42d-ba99-40ec-b57e-ac45c40c778e\">\n<div class=\"markdown prose w-full break-words dark:prose-invert light\">\n<h3>Ce sunt depunerile de calcar?<\/h3>\n<p><strong>Depozitele de calcar sunt acumul\u0103ri dure<\/strong> compus \u00een principal din <strong>carbonat de calciu (CaCO3)<\/strong> \u0219i adesea <strong>se acumuleaz\u0103 \u00een sistemele de ap\u0103 cald\u0103, conducte \u0219i aparate.<\/strong><\/p>\n<p>Ele pot<strong> s\u0103 afecteze \u00een mod semnificativ performan\u021ba<\/strong> a diferitelor componente sanitare \u0219i de \u00eenc\u0103lzire,<strong> conduc\u00e2nd la o eficien\u021b\u0103 redus\u0103<\/strong> \u0219i <strong>costuri de exploatare mai mari<\/strong> pentru echipamentele dvs. legate de ap\u0103, precum \u0219i rezultate vizual nepl\u0103cute \u00een baie.<\/p>\n<blockquote>\n<p>The <strong>gradul de formare a calcarului<\/strong> este determinat\u0103 de duritatea apei. Determinarea durit\u0103\u021bii apei: Apa mea este moale sau dur\u0103?<\/p>\n<\/blockquote>\n<p>Duritatea apei depinde de <strong>con\u021binut de compu\u0219i de calciu \u0219i magneziu<\/strong>, format atunci c\u00e2nd calciul \u0219i magneziul se combin\u0103 cu dioxidul de carbon dizolvat \u00een ap\u0103.<\/p>\n<ol>\n<li>Ap\u0103 moale: \u00centre 0 \u0219i 7 grade duritate german\u0103 (dH) - Categoria I de duritate (0 p\u00e2n\u0103 la 1,3 milimoli de oxid de calciu pe litru) este considerat\u0103 ap\u0103 moale.<\/li>\n<li>Ap\u0103 dur\u0103: \u00centre 14 \u0219i 21 de grade dH - Categoria de duritate III (2,5 p\u00e2n\u0103 la 3,8 milimoli de oxid de calciu pe litru) este clasificat\u0103 drept ap\u0103 dur\u0103.<\/li>\n<\/ol>\n<\/div>\n<\/div>\n<\/div>\n<\/div>\n<\/div>\n<\/div>\n<\/div>\n<\/div>\n<\/div>\n<\/div>\n<\/div>\n<\/div>\n\t<div id=\"gap-1079531844\" class=\"gap-element clearfix\" style=\"display:block; height:auto;\">\n\t\t\n<style>\n#gap-1079531844 {\n  padding-top: 15px;\n}\n<\/style>\n\t<\/div>\n\t\n<div class=\"is-divider divider clearfix\" style=\"max-width:100%;height:1px;\"><\/div>\n<h3>Ce este un biofilm?<\/h3>\n<p>A <strong><a href=\"https:\/\/en.wikipedia.org\/wiki\/Biofilm\" target=\"_blank\" rel=\"noopener sponsored\">biofilm<\/a> const\u0103 din microorganisme vii<\/strong>, cum ar fi bacteriile, care se stabilesc \u0219i se \u00eenmul\u021besc \u00eentr-o colonie sau comunitate.<\/p>\n<p>Formarea unui biofilm are loc atunci c\u00e2nd <strong>anumite microorganisme<\/strong>, cum ar fi unele specii de bacterii, <strong>s\u0103 adere la suprafa\u021ba unui obiect<\/strong> \u00eentr-un mediu umed \u0219i \u00eencep s\u0103 prolifereze.<\/p>\n<p>Aceste microorganisme se ata\u0219eaz\u0103 la suprafa\u021ba obiectului prin <strong>secret\u0103 o substan\u021b\u0103 lipicioas\u0103, v\u00e2scoas\u0103.<\/strong><\/p>\n\t\t<\/div>\n\t\t\t\t\t<\/div>\n\n\t\n<\/div>\n<div class=\"row\"  id=\"row-391364026\">\n\n\t<div id=\"col-1314492298\" class=\"col small-12 large-12\"  >\n\t\t\t\t<div class=\"col-inner\"  >\n\t\t\t\n\t\t\t\n<div class=\"row row-large row-divided\"  id=\"row-1951547977\">\n\n\t<div id=\"col-1027503540\" class=\"col medium-6 small-12 large-6\"  >\n\t\t\t\t<div class=\"col-inner\"  >\n\t\t\t\n\t\t\t\n<h3>Ce sunt Legionella?<\/h3>\n<p><strong><a href=\"https:\/\/en.wikipedia.org\/wiki\/Legionella\" target=\"_blank\" rel=\"noopener sponsored\">Legionella<\/a> sunt bacterii<\/strong> care poate provoca boala legionarilor, o boal\u0103 sever\u0103 \u0219i <strong>form\u0103 de pneumonie care poate pune via\u021ba \u00een pericol.<\/strong><\/p>\n<p>Transmiterea de <strong>Boala legionarilor la om<\/strong> apare prin inhalarea unor mici pic\u0103turi de ap\u0103 (aerosoli) care sunt suspendate \u00een aer \u0219i con\u021bin bacteria Legionella. Infec\u021bia are loc atunci c\u00e2nd aceste pic\u0103turi de ap\u0103 p\u0103trund \u00een pl\u0103m\u00e2ni.<\/p>\n<p>Legionella pneumophila a fost prima descoperire dintr-un grup mare \u0219i \u00een cre\u0219tere de specii de bacterii \u00eenrudite, cunoscute sub numele de Legionellae. \u00cen prezent, se \u0219tie c\u0103 exist\u0103 <strong>48 de specii \u0219i 70 de subgrupe.<\/strong><\/p>\n<p>Exist\u0103 rapoarte diferite cu privire la prevalen\u021ba Legionella, dar acestea sunt <strong>\u00een general, mai frecvent \u00eent\u00e2lnite \u00een sistemele de ap\u0103 cald\u0103<\/strong>. Cu toate acestea, se crede c\u0103 frecven\u021ba Legionella \u00een sistemele de ap\u0103 cald\u0103 a sc\u0103zut \u00een ultimii ani.<\/p>\n<p>Se preconizeaz\u0103 c\u0103 num\u0103rul va continua s\u0103 scad\u0103 pe m\u0103sur\u0103 ce con\u0219tientizarea problemei cre\u0219te \u0219i se iau mai multe m\u0103suri sanitare. Aceasta \u00eenseamn\u0103 c\u0103 m\u0103surile luate s-au dovedit a fi eficiente \u00een reducerea la minimum a prezen\u021bei bacteriilor \u00een ap\u0103, iar neglijarea lor este considerat\u0103 neglijen\u021b\u0103.<\/p>\n\t\t<\/div>\n\t\t\t\t\n<style>\n#col-1027503540 > .col-inner {\n  margin: 0px 0px -50px 0px;\n}\n<\/style>\n\t<\/div>\n\n\t\n\n\t<div id=\"col-578714403\" class=\"col medium-6 small-12 large-6\"  >\n\t\t\t\t<div class=\"col-inner\"  >\n\t\t\t\n\t\t\t\n<p><strong>Condi\u021biile optime de via\u021b\u0103 pentru Legionella sunt:<\/strong><\/p>\n<ul>\n<li>Reaprovizionarea cu ap\u0103 dulce.<\/li>\n<li>Timp de \u0219edere prelungit.<\/li>\n<li>Interval de temperatur\u0103 de la 25\u00b0C la 50\u00b0C.<\/li>\n<\/ul>\n<p>Efecte ale<strong> diferite intervale de temperatur\u0103<\/strong> asupra prolifer\u0103rii Legionella:<\/p>\n<div class=\"row\"  id=\"row-2088463149\">\n\n\t<div id=\"col-991755975\" class=\"col small-12 large-12\"  >\n\t\t\t\t<div class=\"col-inner\"  >\n\t\t\t\n\t\t\t\n<table style=\"border-collapse: collapse; width: 100%; height: 189px;\">\n<tbody>\n<tr style=\"height: 21px;\">\n<td style=\"width: 50%; height: 21px;\">Intervalul de temperatur\u0103<\/td>\n<td style=\"width: 50%; height: 21px;\">Efect asupra ratei de reproducere<\/td>\n<\/tr>\n<tr style=\"height: 21px;\">\n<td style=\"width: 50%; height: 21px;\">p\u00e2n\u0103 la 20 \u00b0C<\/td>\n<td style=\"width: 50%; height: 21px;\">reproducere foarte lent\u0103<\/td>\n<\/tr>\n<tr style=\"height: 21px;\">\n<td style=\"width: 50%; height: 21px;\">de la 20 \u00b0C<\/td>\n<td style=\"width: 50%; height: 21px;\">Cre\u0219te rata de reproducere<\/td>\n<\/tr>\n<tr style=\"height: 21px;\">\n<td style=\"width: 50%; height: 21px;\">30 \u00b0C p\u00e2n\u0103 la 45 \u00b0C<\/td>\n<td style=\"width: 50%; height: 21px;\">Multiplicare optim\u0103, dublarea la 36 \u00b0C \u00een doar aproximativ 3 ore cu un aport bun de nutrien\u021bi, 22 - 72 de ore cu un aport sc\u0103zut de nutrien\u021bi.<\/td>\n<\/tr>\n<tr style=\"height: 21px;\">\n<td style=\"width: 50%; height: 21px;\">de la 50 \u00b0C<\/td>\n<td style=\"width: 50%; height: 21px;\">aproape nicio reproducere<\/td>\n<\/tr>\n<tr style=\"height: 21px;\">\n<td style=\"width: 50%; height: 21px;\">de la 55 \u00b0C<\/td>\n<td style=\"width: 50%; height: 21px;\">Nu mai este posibil\u0103 reproducerea, ucis dup\u0103 6 ore<\/td>\n<\/tr>\n<tr style=\"height: 21px;\">\n<td style=\"width: 50%; height: 21px;\">de la 60 \u00b0C<\/td>\n<td style=\"width: 50%; height: 21px;\">Distruge legionella \u00een aproximativ 30 de minute<\/td>\n<\/tr>\n<tr style=\"height: 21px;\">\n<td style=\"width: 50%; height: 21px;\">de la 65 \u00b0C<\/td>\n<td style=\"width: 50%; height: 21px;\">Ucis \u00een 2 minute<\/td>\n<\/tr>\n<tr style=\"height: 21px;\">\n<td style=\"width: 50%; height: 21px;\">de la 70 \u00b0C<\/td>\n<td style=\"width: 50%; height: 21px;\">Ucis \u00een c\u00e2teva secunde<\/td>\n<\/tr>\n<\/tbody>\n<\/table>\n\t\t<\/div>\n\t\t\t\t\n<style>\n#col-991755975 > .col-inner {\n  margin: 0px 0px -60px 0px;\n}\n<\/style>\n\t<\/div>\n\n\t\n<\/div>\n<p><span style=\"font-size: 90%;\">(Sursa: <a href=\"https:\/\/de.wikipedia.org\/wiki\/Legionellen\" target=\"_blank\" rel=\"noopener sponsored\">https:\/\/de.wikipedia.org\/wiki\/Legionellen<\/a>)<\/span><\/p>\n\t\t<\/div>\n\t\t\t\t\n<style>\n#col-578714403 > .col-inner {\n  margin: 0px 0px -50px 0px;\n}\n<\/style>\n\t<\/div>\n\n\t\n<\/div>\n\t\t<\/div>\n\t\t\t\t\n<style>\n#col-1314492298 > .col-inner {\n  padding: 25px 25px 25px 25px;\n  margin: 0px 0px -30px 0px;\n}\n<\/style>\n\t<\/div>\n\n\t\n\n<style>\n#row-391364026 > .col > .col-inner {\n  background-color: rgba(0, 0, 0, 0.15);\n  border-radius: 10px;\n}\n<\/style>\n<\/div>\n\t\t<\/div>\n\t\t\t\t\t<\/div>\n\n\t\n<\/div>\n<div class=\"row\"  id=\"row-690211406\">\n\n\t<div id=\"col-1854241702\" class=\"col small-12 large-12\"  >\n\t\t\t\t<div class=\"col-inner\" style=\"background-color:rgb(255,255,255);\" >\n\t\t\t\n\t<div class=\"is-border is-dashed\"\n\t\tstyle=\"border-color:rgba(85, 85, 85, 0.75);border-radius:10px;border-width:2px 2px 2px 2px;\">\n\t<\/div>\n\t\t\t\n<div class=\"row\"  id=\"row-110842670\">\n\n\t<div id=\"col-608777477\" class=\"col medium-8 small-12 large-8\"  >\n\t\t\t\t<div class=\"col-inner\"  >\n\t\t\t\n\t\t\t\n<h3>Care este leg\u0103tura dintre depunerile de calcar, biofilm \u0219i Legionella?<\/h3>\n<p>\u00cen locurile \u00een care<strong> depozitele de calcar s-au format ca urmare a precipit\u0103rii mineralelor<\/strong> \u00een apa dur\u0103 \u0219i ata\u0219area lor la suprafe\u021be, se creeaz\u0103 un mediu optim de reproducere a bacteriilor.<\/p>\n<p>Principalii factori care favorizeaz\u0103 \u00een mod deosebit dezvoltarea Legionella sunt temperatura \u0219i disponibilitatea nutrien\u021bilor. <strong>Legionella se dezvolt\u0103 cel mai bine la temperaturi cuprinse \u00eentre 20 \u0219i 45\u00b0C<\/strong>, iar atunci c\u00e2nd apa r\u0103m\u00e2ne stagnant\u0103 \u00een acest interval de temperatur\u0103,<strong> bacteriile se pot \u00eenmul\u021bi rapid.<\/strong><\/p>\n<p>\u00cen combina\u021bie cu natura bogat\u0103 \u00een minerale a <strong>un nou habitat pentru bacterii, \u0219i anume calcarul,<\/strong> care serve\u0219te ca o surs\u0103 excelent\u0103 de nutri\u021bie, problema se poate extinde \u0219i mai mult.<\/p>\n<p>Odat\u0103 ce bacteriile sunt prezente \u0219i se \u00eenmul\u021besc, ele formeaz\u0103 un biofilm. \u00cen prezen\u021ba calcarului \u0219i a biofilmului, care sunt acum \u00eentr-un mediu care le ofer\u0103 <strong>condi\u021bii ideale \u0219i nutri\u021bie suficient\u0103,<\/strong> Legionella \u0219i alte bacterii se pot \u00eenmul\u021bi \u0219i prospera.<\/p>\n\t\t<\/div>\n\t\t\t\t\n<style>\n#col-608777477 > .col-inner {\n  margin: 0px 0px -20px 0px;\n}\n<\/style>\n\t<\/div>\n\n\t\n\n\t<div id=\"col-675180095\" class=\"col medium-4 small-12 large-4\"  >\n\t\t\t\t<div class=\"col-inner\"  >\n\t\t\t\n\t\t\t\n\t<div class=\"img has-hover radius10 x md-x lg-x y md-y lg-y\" id=\"image_1026515932\">\n\t\t\t\t\t\t\t\t<div class=\"img-inner dark\" >\n\t\t\t<img decoding=\"async\" width=\"600\" height=\"600\" src=\"https:\/\/ecoturbino.world\/wp-content\/uploads\/2024\/01\/legionella-wikipedia_600.webp\" class=\"attachment-original size-original\" alt=\"Legionella, wikipedia\" srcset=\"https:\/\/ecoturbino.world\/wp-content\/uploads\/2024\/01\/legionella-wikipedia_600.webp 600w, https:\/\/ecoturbino.world\/wp-content\/uploads\/2024\/01\/legionella-wikipedia_600-500x500.webp 500w, https:\/\/ecoturbino.world\/wp-content\/uploads\/2024\/01\/legionella-wikipedia_600-32x32.webp 32w, https:\/\/ecoturbino.world\/wp-content\/uploads\/2024\/01\/legionella-wikipedia_600-48x48.webp 48w, https:\/\/ecoturbino.world\/wp-content\/uploads\/2024\/01\/legionella-wikipedia_600-80x80.webp 80w, https:\/\/ecoturbino.world\/wp-content\/uploads\/2024\/01\/legionella-wikipedia_600-180x180.webp 180w\" sizes=\"(max-width: 600px) 100vw, 600px\" \/>\t\t\t\t\t\t\n\t\t\t\t\t<\/div>\n\t\t\t\t\t\t\t\t\n<style>\n#image_1026515932 {\n  width: 100%;\n}\n<\/style>\n\t<\/div>\n\t\n\t\t<\/div>\n\t\t\t\t\n<style>\n#col-675180095 > .col-inner {\n  margin: 5px 0px -20px 0px;\n}\n<\/style>\n\t<\/div>\n\n\t\n<\/div>\n\t\t<\/div>\n\t\t\t\t\n<style>\n#col-1854241702 > .col-inner {\n  padding: 15px 20px 10px 30px;\n  margin: 0px 0px -100px 0px;\n  border-radius: 10px;\n}\n@media (min-width:550px) {\n  #col-1854241702 > .col-inner {\n    margin: 0px 0px -120px 0px;\n  }\n}\n<\/style>\n\t<\/div>\n\n\t\n<\/div>\n\t\t<\/div>\n\n\t\t\n<style>\n#section_209205525 {\n  padding-top: 30px;\n  padding-bottom: 30px;\n}\n<\/style>\n\t<\/section>\n\t\n\n\t<section class=\"section\" id=\"section_596027469\">\n\t\t<div class=\"section-bg fill\" >\n\t\t\t<img decoding=\"async\" width=\"1920\" height=\"683\" src=\"https:\/\/ecoturbino.world\/wp-content\/uploads\/2025\/12\/ecoturbino-function_1920-1.webp\" class=\"bg attachment- size-\" alt=\"ecoturbino funktion\" \/>\t\t\t\t\t\t<div class=\"section-bg-overlay absolute fill\"><\/div>\n\t\t\t\n\n\t\t<\/div>\n\n\t\t\t<div class=\"ux-shape-divider ux-shape-divider--top ux-shape-divider--style-waves-opacity\">\n\t\t<svg viewbox=\"0 0 1000 300\" xmlns=\"http:\/\/www.w3.org\/2000\/svg\" preserveaspectratio=\"none\">\n    <path class=\"ux-shape-fill\" d=\"M0 300L-1 69.71C216 57 299.47 198.86 403 226C506 253 577 196 660 197C740 198 790.09 234.07 874 267C935.23 291 982 282.61 1000 277.61V300H0Z\"\/>\n    <path class=\"ux-shape-fill\" opacity=\"0.5\" d=\"M1 265.094L0 50.5C217 37.79 300.47 186.36 404 213.5C507 240.5 578 196.5 661 197.5C741 198.5 787.59 239.57 871.5 272.5C932.73 296.5 980.5 284.5 998.5 279.5V298.5L1 265.094Z\"\/>\n    <path class=\"ux-shape-fill\" opacity=\"0.15\" d=\"M0.999878 244.094L-0.00012207 27C217 14.29 300.47 173.86 404 201C507 228 578 196 661 197C741 198 787.59 243.07 871.5 276C932.73 300 980.5 284.5 998.5 279.5V299L0.999878 244.094Z\"\/>\n<\/svg>\n\n\t<\/div>\n\n\n\t\t<div class=\"section-content relative\">\n\t\t\t\n\t\t<\/div>\n\n\t\t\n<style>\n#section_596027469 {\n  padding-top: 125px;\n  padding-bottom: 125px;\n}\n#section_596027469 .section-bg-overlay {\n  background-color: rgba(0, 0, 0, 0.25);\n}\n#section_596027469 .ux-shape-divider--top svg {\n  height: 80px;\n  --divider-top-width: 100%;\n}\n@media (min-width:550px) {\n  #section_596027469 {\n    padding-top: 220px;\n    padding-bottom: 220px;\n  }\n  #section_596027469 .ux-shape-divider--top svg {\n    height: 124px;\n  }\n}\n<\/style>\n\t<\/section>","protected":false},"excerpt":{"rendered":"","protected":false},"author":2,"featured_media":1841,"parent":0,"menu_order":0,"comment_status":"closed","ping_status":"closed","template":"page-blank.php","meta":{"inline_featured_image":false,"footnotes":""},"class_list":["post-1652","page","type-page","status-publish","has-post-thumbnail","hentry"],"_links":{"self":[{"href":"https:\/\/ecoturbino.world\/ro\/wp-json\/wp\/v2\/pages\/1652","targetHints":{"allow":["GET"]}}],"collection":[{"href":"https:\/\/ecoturbino.world\/ro\/wp-json\/wp\/v2\/pages"}],"about":[{"href":"https:\/\/ecoturbino.world\/ro\/wp-json\/wp\/v2\/types\/page"}],"author":[{"embeddable":true,"href":"https:\/\/ecoturbino.world\/ro\/wp-json\/wp\/v2\/users\/2"}],"replies":[{"embeddable":true,"href":"https:\/\/ecoturbino.world\/ro\/wp-json\/wp\/v2\/comments?post=1652"}],"version-history":[{"count":0,"href":"https:\/\/ecoturbino.world\/ro\/wp-json\/wp\/v2\/pages\/1652\/revisions"}],"wp:featuredmedia":[{"embeddable":true,"href":"https:\/\/ecoturbino.world\/ro\/wp-json\/wp\/v2\/media\/1841"}],"wp:attachment":[{"href":"https:\/\/ecoturbino.world\/ro\/wp-json\/wp\/v2\/media?parent=1652"}],"curies":[{"name":"wp","href":"https:\/\/api.w.org\/{rel}","templated":true}]}}