{"id":1220,"date":"2024-01-01T12:13:14","date_gmt":"2024-01-01T11:13:14","guid":{"rendered":"https:\/\/ecoturbino.eu\/?page_id=1220"},"modified":"2025-12-29T22:45:57","modified_gmt":"2025-12-29T21:45:57","slug":"impact-7","status":"publish","type":"page","link":"https:\/\/ecoturbino.world\/ro\/impact-7\/","title":{"rendered":"Ap\u0103 turbulent\u0103 \u2013 revitalizeaz\u0103 apa"},"content":{"rendered":"<section class=\"section zindex1\" id=\"section_1767268644\">\n\t\t<div class=\"section-bg fill\" >\n\t\t\t\t\t\t\t\t\t\n\t\t\t\n\n\t\t<\/div>\n\n\t\t\n\n\t\t<div class=\"section-content relative\">\n\t\t\t\n<div class=\"row row-small\"  id=\"row-1550692017\">\n\n\t<div id=\"col-238942276\" class=\"col medium-9 small-12 large-9\"  >\n\t\t\t\t<div class=\"col-inner\"  >\n\t\t\t\n\t\t\t\n<h1 class=\"uppercase\">Ap\u0103 turbulent\u0103 - energizeaz\u0103 apa<\/h1>\n<h3 class=\"thin-font\">al \u0219aptelea impact al sistemului de protec\u021bie a mediului ecoturbino\u00ae de economisire a apei<\/h3>\n<div class=\"row\"  id=\"row-907949966\">\n\n\t<div id=\"col-720403096\" class=\"col medium-11 small-12 large-11\"  >\n\t\t\t\t<div class=\"col-inner\"  >\n\t\t\t\n\t\t\t\n\t<div id=\"stack-4190204221\" class=\"stack stack-row justify-start items-start\">\n\t\t\n\t<div class=\"img has-hover x md-x lg-x y md-y lg-y\" id=\"image_1842596009\">\n\t\t<a class=\"\" href=\"\/ro\/impact-1\/\" >\t\t\t\t\t\t<div class=\"img-inner image-color dark\" >\n\t\t\t<img decoding=\"async\" width=\"100\" height=\"100\" src=\"https:\/\/ecoturbino.world\/wp-content\/uploads\/2024\/01\/impact1.svg\" class=\"attachment-original size-original\" alt=\"\" \/>\t\t\t\t\t\t\n\t\t\t\t\t<\/div>\n\t\t\t\t\t\t<\/a>\t\t\n<style>\n#image_1842596009 {\n  width: 100%;\n}\n<\/style>\n\t<\/div>\n\t\n\t<div class=\"img has-hover x md-x lg-x y md-y lg-y\" id=\"image_982474575\">\n\t\t<a class=\"\" href=\"\/ro\/impact-2\/\" >\t\t\t\t\t\t<div class=\"img-inner image-color dark\" >\n\t\t\t<img decoding=\"async\" width=\"100\" height=\"100\" src=\"https:\/\/ecoturbino.world\/wp-content\/uploads\/2024\/01\/impact2.svg\" class=\"attachment-original size-original\" alt=\"\" \/>\t\t\t\t\t\t\n\t\t\t\t\t<\/div>\n\t\t\t\t\t\t<\/a>\t\t\n<style>\n#image_982474575 {\n  width: 100%;\n}\n<\/style>\n\t<\/div>\n\t\n\t<div class=\"img has-hover x md-x lg-x y md-y lg-y\" id=\"image_2127649704\">\n\t\t<a class=\"\" href=\"\/ro\/impact-3\/\" >\t\t\t\t\t\t<div class=\"img-inner image-color dark\" >\n\t\t\t<img decoding=\"async\" width=\"100\" height=\"100\" src=\"https:\/\/ecoturbino.world\/wp-content\/uploads\/2024\/01\/impact3.svg\" class=\"attachment-original size-original\" alt=\"Impactul 3 al ecoturbino\" \/>\t\t\t\t\t\t\n\t\t\t\t\t<\/div>\n\t\t\t\t\t\t<\/a>\t\t\n<style>\n#image_2127649704 {\n  width: 100%;\n}\n<\/style>\n\t<\/div>\n\t\n\t<div class=\"img has-hover x md-x lg-x y md-y lg-y\" id=\"image_1761641614\">\n\t\t<a class=\"\" href=\"\/ro\/impact-4\/\" >\t\t\t\t\t\t<div class=\"img-inner image-color dark\" >\n\t\t\t<img decoding=\"async\" width=\"100\" height=\"100\" src=\"https:\/\/ecoturbino.world\/wp-content\/uploads\/2024\/01\/impact4.svg\" class=\"attachment-original size-original\" alt=\"Impactul 4 al ecoturbino\" \/>\t\t\t\t\t\t\n\t\t\t\t\t<\/div>\n\t\t\t\t\t\t<\/a>\t\t\n<style>\n#image_1761641614 {\n  width: 100%;\n}\n<\/style>\n\t<\/div>\n\t\n\t<div class=\"img has-hover x md-x lg-x y md-y lg-y\" id=\"image_923436015\">\n\t\t<a class=\"\" href=\"\/ro\/impact-5\/\" >\t\t\t\t\t\t<div class=\"img-inner image-color dark\" >\n\t\t\t<img decoding=\"async\" width=\"100\" height=\"100\" src=\"https:\/\/ecoturbino.world\/wp-content\/uploads\/2024\/01\/impact5.svg\" class=\"attachment-original size-original\" alt=\"\" \/>\t\t\t\t\t\t\n\t\t\t\t\t<\/div>\n\t\t\t\t\t\t<\/a>\t\t\n<style>\n#image_923436015 {\n  width: 100%;\n}\n<\/style>\n\t<\/div>\n\t\n\t<div class=\"img has-hover x md-x lg-x y md-y lg-y\" id=\"image_1632000311\">\n\t\t<a class=\"\" href=\"\/ro\/impact-6\/\" >\t\t\t\t\t\t<div class=\"img-inner image-color dark\" >\n\t\t\t<img decoding=\"async\" width=\"100\" height=\"100\" src=\"https:\/\/ecoturbino.world\/wp-content\/uploads\/2024\/01\/impact6.svg\" class=\"attachment-original size-original\" alt=\"Impactul 6 al ecoturbino\" \/>\t\t\t\t\t\t\n\t\t\t\t\t<\/div>\n\t\t\t\t\t\t<\/a>\t\t\n<style>\n#image_1632000311 {\n  width: 100%;\n}\n<\/style>\n\t<\/div>\n\t\n\t<div class=\"img has-hover x md-x lg-x y md-y lg-y\" id=\"image_862655447\">\n\t\t\t\t\t\t\t\t<div class=\"img-inner dark\" >\n\t\t\t<img decoding=\"async\" width=\"100\" height=\"100\" src=\"https:\/\/ecoturbino.world\/wp-content\/uploads\/2024\/01\/impact7.svg\" class=\"attachment-original size-original\" alt=\"Impactul 7 al ecoturbino\" \/>\t\t\t\t\t\t\n\t\t\t\t\t<\/div>\n\t\t\t\t\t\t\t\t\n<style>\n#image_862655447 {\n  width: 100%;\n}\n<\/style>\n\t<\/div>\n\t\n\t\t\n<style>\n#stack-4190204221 > * {\n  --stack-gap: 0.5rem;\n}\n@media (min-width:550px) {\n  #stack-4190204221 > * {\n    --stack-gap: 1rem;\n  }\n}\n<\/style>\n\t<\/div>\n\t\n\t\t<\/div>\n\t\t\t\t\t<\/div>\n\n\t\n<\/div>\n\t\t<\/div>\n\t\t\t\t\t<\/div>\n\n\t\n\n\t<div id=\"col-1473238720\" class=\"col medium-3 small-12 large-3\"  >\n\t\t\t\t<div class=\"col-inner\"  >\n\t\t\t\n\t\t\t\n\t<div class=\"img has-hover x md-x lg-x y md-y lg-y\" id=\"image_130824300\">\n\t\t\t\t\t\t\t\t<div class=\"img-inner dark\" >\n\t\t\t<img decoding=\"async\" width=\"100\" height=\"100\" src=\"https:\/\/ecoturbino.world\/wp-content\/uploads\/2024\/01\/impact7.svg\" class=\"attachment-original size-original\" alt=\"Impactul 7 al ecoturbino\" \/>\t\t\t\t\t\t\n\t\t\t\t\t<\/div>\n\t\t\t\t\t\t\t\t\n<style>\n#image_130824300 {\n  width: 100%;\n}\n<\/style>\n\t<\/div>\n\t\n\t\t<\/div>\n\t\t\t\t\t<\/div>\n\n\t\n<\/div>\n<div class=\"row\"  id=\"row-267692020\">\n\n\t<div id=\"col-2035532075\" class=\"col small-12 large-12\"  >\n\t\t\t\t<div class=\"col-inner\"  >\n\t\t\t\n\t\t\t\n<div class=\"is-divider divider clearfix\" style=\"max-width:100%;height:1px;\"><\/div>\n<h2><span style=\"font-size: 120%;\">Ap\u0103 turbulent\u0103 \u00een du\u0219 datorit\u0103 ecoturbino | Cum aerul revitalizeaz\u0103 jetul de ap\u0103<\/span><\/h2>\n<p>The <strong>du\u0219ul de diminea\u021b\u0103 este un moment crucial<\/strong> pentru mul\u021bi oameni s\u0103<strong> \u00eencepe\u021bi ziua cu un sentiment de prospe\u021bime \u0219i energie<\/strong>. Un jet de ap\u0103 revigorant poate face minuni \u0219i poate trezi sim\u021burile.<\/p>\n<p>ecoturbino merge un pas mai departe pentru a \u00eembun\u0103t\u0103\u021bi aceast\u0103 experien\u021b\u0103 de du\u0219 prin<strong> generare <a href=\"https:\/\/en.wikipedia.org\/wiki\/Turbulence\" target=\"_blank\" rel=\"noopener sponsored\">turbulent<\/a> ap\u0103.<\/strong> Dar cum func\u021bioneaz\u0103 de fapt? R\u0103spunsul se afl\u0103 \u00een inteligen\u021ba <strong>introducerea aerului \u00een fluxul de ap\u0103<\/strong>, rezult\u00e2nd o experien\u021b\u0103 de du\u0219 revitalizant\u0103 \u0219i eficient\u0103.<\/p>\n<h3>Rolul aerului \u00een du\u0219<\/h3>\n<p>Aerul joac\u0103 un rol crucial \u00een \u00eembun\u0103t\u0103\u021birea experien\u021bei de du\u0219. Atunci c\u00e2nd este introdus \u00een jetul de ap\u0103, acesta <strong>creeaz\u0103 mici bule de aer care agit\u0103 apa, oferind mai mult volum \u0219i structur\u0103.<\/strong> Acest lucru duce la un flux de ap\u0103 turbulent care ofer\u0103<strong> eficien\u021b\u0103 mai mare \u0219i o experien\u021b\u0103 de du\u0219 mai pl\u0103cut\u0103.<\/strong><\/p>\n<h3>Tehnologia inovatoare a ecoturbino<\/h3>\n<p>ecoturbino utilizeaz\u0103 acest lucru <strong>tehnologia aerului pentru \u00eembun\u0103t\u0103\u021birea fluxului de ap\u0103.<\/strong> Tehnologia se bazeaz\u0103 pe o \u00eengustare special\u0103 a sec\u021biunii transversale care <strong>accelereaz\u0103 fluxul de ap\u0103<\/strong> atr\u0103g\u00e2nd \u00een acela\u0219i timp aer. Acest aer este apoi amestecat cu apa, cre\u00e2nd un curent dinamic \u0219i revigorant.<\/p>\n\t<div id=\"gap-304142037\" class=\"gap-element clearfix\" style=\"display:block; height:auto;\">\n\t\t\n<style>\n#gap-304142037 {\n  padding-top: 30px;\n}\n<\/style>\n\t<\/div>\n\t\n<div class=\"row\"  id=\"row-570316561\">\n\n\t<div id=\"col-986267566\" class=\"col medium-4 small-12 large-4\"  >\n\t\t\t\t<div class=\"col-inner\"  >\n\t\t\t\n\t\t\t\n\t<div class=\"img has-hover radius10 x md-x lg-x y md-y lg-y\" id=\"image_260342526\">\n\t\t\t\t\t\t\t\t<div class=\"img-inner dark\" >\n\t\t\t<img decoding=\"async\" width=\"600\" height=\"600\" src=\"https:\/\/ecoturbino.world\/wp-content\/uploads\/2024\/01\/air-water_600.webp\" class=\"attachment-original size-original\" alt=\"Simbolul aerului \u0219i al apei\" srcset=\"https:\/\/ecoturbino.world\/wp-content\/uploads\/2024\/01\/air-water_600.webp 600w, https:\/\/ecoturbino.world\/wp-content\/uploads\/2024\/01\/air-water_600-500x500.webp 500w, https:\/\/ecoturbino.world\/wp-content\/uploads\/2024\/01\/air-water_600-32x32.webp 32w, https:\/\/ecoturbino.world\/wp-content\/uploads\/2024\/01\/air-water_600-48x48.webp 48w, https:\/\/ecoturbino.world\/wp-content\/uploads\/2024\/01\/air-water_600-80x80.webp 80w, https:\/\/ecoturbino.world\/wp-content\/uploads\/2024\/01\/air-water_600-180x180.webp 180w\" sizes=\"(max-width: 600px) 100vw, 600px\" \/>\t\t\t\t\t\t\n\t\t\t\t\t<\/div>\n\t\t\t\t\t\t\t\t\n<style>\n#image_260342526 {\n  width: 100%;\n}\n<\/style>\n\t<\/div>\n\t\n\t\t<\/div>\n\t\t\t\t\t<\/div>\n\n\t\n\n\t<div id=\"col-567241021\" class=\"col medium-8 small-12 large-8\"  >\n\t\t\t\t<div class=\"col-inner\"  >\n\t\t\t\n\t\t\t\n<h3>Beneficiile apei turbulente la du\u0219<\/h3>\n<ul>\n<li><strong>Cur\u0103\u021bare mai eficient\u0103:<\/strong> Un jet de ap\u0103 turbulent poate \u00eendep\u0103rta eficient murd\u0103ria \u0219i s\u0103punul de pe piele \u0219i p\u0103r, rezult\u00e2nd o cur\u0103\u021bare mai complet\u0103 \u0219i o experien\u021b\u0103 de du\u0219 mai bun\u0103.<\/li>\n<li><strong>Economisirea apei:<\/strong> Prin ad\u0103ugarea de aer, ecoturbino poate cre\u0219te presiunea apei f\u0103r\u0103 a consuma mai mult\u0103 ap\u0103. Acest lucru permite o experien\u021b\u0103 de du\u0219 confortabil\u0103 cu un consum redus de ap\u0103.<\/li>\n<li><strong>Economii de energie:<\/strong> Deoarece trebuie \u00eenc\u0103lzit\u0103 mai pu\u021bin\u0103 ap\u0103 pentru a furniza ap\u0103 cald\u0103 de du\u0219, ecoturbino duce, de asemenea, la economii de energie \u0219i la costuri mai mici cu energia.<\/li>\n<li><strong>Confort sporit la du\u0219:<\/strong> Fluxul de ap\u0103 mai turbulent de la ecoturbino se simte mai puternic \u0219i mai pl\u0103cut, duc\u00e2nd la \u00eembun\u0103t\u0103\u021birea confortului du\u0219ului.<\/li>\n<li><strong><a href=\"https:\/\/ecoturbino.world\/ro\/impact-5\/\">Ecologic<\/a> prietenos:<\/strong> Reducerea consumului de ap\u0103 \u0219i energie \u00eenseamn\u0103 mai pu\u021bin\u0103 presiune asupra mediului \u0219i emisii reduse de CO2.<\/li>\n<\/ul>\n\t\t<\/div>\n\t\t\t\t\t<\/div>\n\n\t\n<\/div>\n\t<div id=\"gap-162233052\" class=\"gap-element clearfix\" style=\"display:block; height:auto;\">\n\t\t\n<style>\n#gap-162233052 {\n  padding-top: 30px;\n}\n<\/style>\n\t<\/div>\n\t\n<div class=\"row\"  id=\"row-549271738\">\n\n\t<div id=\"col-2072160522\" class=\"col medium-6 small-12 large-6\"  >\n\t\t\t\t<div class=\"col-inner\"  >\n\t\t\t\n\t\t\t\n<h3>Instalarea ecoturbino<\/h3>\n<p>Instalarea ecoturbino nu putea fi mai u\u0219oar\u0103. Acesta vine de obicei cu un filet standard de \u00bd inch, care este prezent \u00een majoritatea du\u0219urilor.<\/p>\n<p>Acest lucru permite <strong>instalare rapid\u0103 \u0219i f\u0103r\u0103 complica\u021bii, f\u0103r\u0103 a fi nevoie de unelte speciale<\/strong> sau expertiz\u0103. \u00cen doar c\u00e2teva minute, oricine se poate bucura de beneficiile unui jet de ap\u0103 turbulent.<\/p>\n\t\t<\/div>\n\t\t\t\t\t<\/div>\n\n\t\n\n\t<div id=\"col-1740943310\" class=\"col medium-6 small-12 large-6\"  >\n\t\t\t\t<div class=\"col-inner\" style=\"background-color:#c0d63d;\" >\n\t\t\t\n\t\t\t\n\t<div id=\"text-1530187146\" class=\"text\">\n\t\t\n<h4 class=\"uppercase\">CONCLUZII<\/h4>\n\t\t\n<style>\n#text-1530187146 {\n  font-size: 2rem;\n  text-align: right;\n  color: rgb(255,255,255);\n}\n#text-1530187146 > * {\n  color: rgb(255,255,255);\n}\n@media (min-width:550px) {\n  #text-1530187146 {\n    font-size: 3.5rem;\n  }\n}\n<\/style>\n\t<\/div>\n\t\n<h3>O experien\u021b\u0103 de du\u0219 revigorant\u0103 datorit\u0103 ecoturbino<\/h3>\n<blockquote>\n<p>ecoturbino ofer\u0103 o solu\u021bie inovatoare pentru a genera ap\u0103 turbulent\u0103 \u00een du\u0219 \u0219i a v\u0103 bucura de beneficiile unui jet de ap\u0103 revigorant.<\/p>\n<\/blockquote>\n<p>Introducerea aerului \u00een fluxul de ap\u0103 face posibil\u0103 <strong>face\u021bi du\u0219 mai eficient, economisi\u021bi ap\u0103 \u0219i energie,<\/strong> \u0219i <strong>spori confortul du\u0219ului<\/strong>t.<\/p>\n<p>Datorit\u0103 instal\u0103rii sale u\u0219oare, oricine poate beneficia de avantajele ecoturbino \u0219i \u00ee\u0219i poate ridica experien\u021ba du\u0219ului de diminea\u021b\u0103 la un nou nivel.<\/p>\n\t\t<\/div>\n\t\t\t\t\n<style>\n#col-1740943310 > .col-inner {\n  padding: 10px 20px 1px 25px;\n  border-radius: 10px;\n}\n<\/style>\n\t<\/div>\n\n\t\n<\/div>\n\t\t<\/div>\n\t\t\t\t\n<style>\n#col-2035532075 > .col-inner {\n  margin: 0px 0px -125px 0px;\n}\n@media (min-width:550px) {\n  #col-2035532075 > .col-inner {\n    margin: 0px 0px -200px 0px;\n  }\n}\n<\/style>\n\t<\/div>\n\n\t\n<\/div>\n\t\t<\/div>\n\n\t\t\n<style>\n#section_1767268644 {\n  padding-top: 30px;\n  padding-bottom: 30px;\n}\n<\/style>\n\t<\/section>\n\t\n\n\t<section class=\"section\" id=\"section_916353825\">\n\t\t<div class=\"section-bg fill\" >\n\t\t\t<img decoding=\"async\" width=\"1920\" height=\"683\" src=\"https:\/\/ecoturbino.world\/wp-content\/uploads\/2025\/12\/ecoturbino-function_1920-1.webp\" class=\"bg attachment- size-\" alt=\"ecoturbino funktion\" \/>\t\t\t\t\t\t<div class=\"section-bg-overlay absolute fill\"><\/div>\n\t\t\t\n\n\t\t<\/div>\n\n\t\t\t<div class=\"ux-shape-divider ux-shape-divider--top ux-shape-divider--style-waves-opacity\">\n\t\t<svg viewbox=\"0 0 1000 300\" xmlns=\"http:\/\/www.w3.org\/2000\/svg\" preserveaspectratio=\"none\">\n    <path class=\"ux-shape-fill\" d=\"M0 300L-1 69.71C216 57 299.47 198.86 403 226C506 253 577 196 660 197C740 198 790.09 234.07 874 267C935.23 291 982 282.61 1000 277.61V300H0Z\"\/>\n    <path class=\"ux-shape-fill\" opacity=\"0.5\" d=\"M1 265.094L0 50.5C217 37.79 300.47 186.36 404 213.5C507 240.5 578 196.5 661 197.5C741 198.5 787.59 239.57 871.5 272.5C932.73 296.5 980.5 284.5 998.5 279.5V298.5L1 265.094Z\"\/>\n    <path class=\"ux-shape-fill\" opacity=\"0.15\" d=\"M0.999878 244.094L-0.00012207 27C217 14.29 300.47 173.86 404 201C507 228 578 196 661 197C741 198 787.59 243.07 871.5 276C932.73 300 980.5 284.5 998.5 279.5V299L0.999878 244.094Z\"\/>\n<\/svg>\n\n\t<\/div>\n\n\n\t\t<div class=\"section-content relative\">\n\t\t\t\n\t\t<\/div>\n\n\t\t\n<style>\n#section_916353825 {\n  padding-top: 125px;\n  padding-bottom: 125px;\n}\n#section_916353825 .section-bg-overlay {\n  background-color: rgba(0, 0, 0, 0.25);\n}\n#section_916353825 .ux-shape-divider--top svg {\n  height: 80px;\n  --divider-top-width: 100%;\n}\n@media (min-width:550px) {\n  #section_916353825 {\n    padding-top: 300px;\n    padding-bottom: 300px;\n  }\n  #section_916353825 .ux-shape-divider--top svg {\n    height: 124px;\n  }\n}\n<\/style>\n\t<\/section>","protected":false},"excerpt":{"rendered":"","protected":false},"author":2,"featured_media":1698,"parent":0,"menu_order":0,"comment_status":"closed","ping_status":"closed","template":"page-blank.php","meta":{"inline_featured_image":false,"footnotes":""},"class_list":["post-1220","page","type-page","status-publish","has-post-thumbnail","hentry"],"_links":{"self":[{"href":"https:\/\/ecoturbino.world\/ro\/wp-json\/wp\/v2\/pages\/1220","targetHints":{"allow":["GET"]}}],"collection":[{"href":"https:\/\/ecoturbino.world\/ro\/wp-json\/wp\/v2\/pages"}],"about":[{"href":"https:\/\/ecoturbino.world\/ro\/wp-json\/wp\/v2\/types\/page"}],"author":[{"embeddable":true,"href":"https:\/\/ecoturbino.world\/ro\/wp-json\/wp\/v2\/users\/2"}],"replies":[{"embeddable":true,"href":"https:\/\/ecoturbino.world\/ro\/wp-json\/wp\/v2\/comments?post=1220"}],"version-history":[{"count":0,"href":"https:\/\/ecoturbino.world\/ro\/wp-json\/wp\/v2\/pages\/1220\/revisions"}],"wp:featuredmedia":[{"embeddable":true,"href":"https:\/\/ecoturbino.world\/ro\/wp-json\/wp\/v2\/media\/1698"}],"wp:attachment":[{"href":"https:\/\/ecoturbino.world\/ro\/wp-json\/wp\/v2\/media?parent=1220"}],"curies":[{"name":"wp","href":"https:\/\/api.w.org\/{rel}","templated":true}]}}