{"id":1215,"date":"2024-01-01T12:07:15","date_gmt":"2024-01-01T11:07:15","guid":{"rendered":"https:\/\/ecoturbino.eu\/?page_id=1215"},"modified":"2025-12-29T22:45:35","modified_gmt":"2025-12-29T21:45:35","slug":"impact-6","status":"publish","type":"page","link":"https:\/\/ecoturbino.world\/ro\/impact-6\/","title":{"rendered":"Absolutely maintenance-free and retrofitable in all showers &#8211; can be installed by anyone"},"content":{"rendered":"<section class=\"section zindex1\" id=\"section_1922487997\">\n\t\t<div class=\"section-bg fill\" >\n\t\t\t\t\t\t\t\t\t\n\t\t\t\n\n\t\t<\/div>\n\n\t\t\n\n\t\t<div class=\"section-content relative\">\n\t\t\t\n<div class=\"row row-small\"  id=\"row-307851093\">\n\n\t<div id=\"col-1030533262\" class=\"col medium-9 small-12 large-9\"  >\n\t\t\t\t<div class=\"col-inner\"  >\n\t\t\t\n\t\t\t\n<h2 class=\"uppercase\">Absolut f\u0103r\u0103 \u00eentre\u021binere \u0219i modernizabile \u00een toate du\u0219urile - instalabile de oricine<\/h2>\n<h3 class=\"thin-font\">al \u0219aselea impact al sistemului de protec\u021bie a mediului ecoturbino\u00ae de economisire a apei<\/h3>\n<div class=\"row\"  id=\"row-1225707843\">\n\n\t<div id=\"col-1168067053\" class=\"col medium-11 small-12 large-11\"  >\n\t\t\t\t<div class=\"col-inner\"  >\n\t\t\t\n\t\t\t\n\t<div id=\"stack-3628046010\" class=\"stack stack-row justify-start items-start\">\n\t\t\n\t<div class=\"img has-hover x md-x lg-x y md-y lg-y\" id=\"image_2034135757\">\n\t\t<a class=\"\" href=\"\/ro\/impact-1\/\" >\t\t\t\t\t\t<div class=\"img-inner image-color dark\" >\n\t\t\t<img decoding=\"async\" width=\"100\" height=\"100\" src=\"https:\/\/ecoturbino.world\/wp-content\/uploads\/2024\/01\/impact1.svg\" class=\"attachment-original size-original\" alt=\"\" \/>\t\t\t\t\t\t\n\t\t\t\t\t<\/div>\n\t\t\t\t\t\t<\/a>\t\t\n<style>\n#image_2034135757 {\n  width: 100%;\n}\n<\/style>\n\t<\/div>\n\t\n\t<div class=\"img has-hover x md-x lg-x y md-y lg-y\" id=\"image_651931668\">\n\t\t<a class=\"\" href=\"\/ro\/impact-2\/\" >\t\t\t\t\t\t<div class=\"img-inner image-color dark\" >\n\t\t\t<img decoding=\"async\" width=\"100\" height=\"100\" src=\"https:\/\/ecoturbino.world\/wp-content\/uploads\/2024\/01\/impact2.svg\" class=\"attachment-original size-original\" alt=\"\" \/>\t\t\t\t\t\t\n\t\t\t\t\t<\/div>\n\t\t\t\t\t\t<\/a>\t\t\n<style>\n#image_651931668 {\n  width: 100%;\n}\n<\/style>\n\t<\/div>\n\t\n\t<div class=\"img has-hover x md-x lg-x y md-y lg-y\" id=\"image_1572711020\">\n\t\t<a class=\"\" href=\"\/ro\/impact-3\/\" >\t\t\t\t\t\t<div class=\"img-inner image-color dark\" >\n\t\t\t<img decoding=\"async\" width=\"100\" height=\"100\" src=\"https:\/\/ecoturbino.world\/wp-content\/uploads\/2024\/01\/impact3.svg\" class=\"attachment-original size-original\" alt=\"Impactul 3 al ecoturbino\" \/>\t\t\t\t\t\t\n\t\t\t\t\t<\/div>\n\t\t\t\t\t\t<\/a>\t\t\n<style>\n#image_1572711020 {\n  width: 100%;\n}\n<\/style>\n\t<\/div>\n\t\n\t<div class=\"img has-hover x md-x lg-x y md-y lg-y\" id=\"image_1773752715\">\n\t\t<a class=\"\" href=\"\/ro\/impact-4\/\" >\t\t\t\t\t\t<div class=\"img-inner image-color dark\" >\n\t\t\t<img decoding=\"async\" width=\"100\" height=\"100\" src=\"https:\/\/ecoturbino.world\/wp-content\/uploads\/2024\/01\/impact4.svg\" class=\"attachment-original size-original\" alt=\"Impactul 4 al ecoturbino\" \/>\t\t\t\t\t\t\n\t\t\t\t\t<\/div>\n\t\t\t\t\t\t<\/a>\t\t\n<style>\n#image_1773752715 {\n  width: 100%;\n}\n<\/style>\n\t<\/div>\n\t\n\t<div class=\"img has-hover x md-x lg-x y md-y lg-y\" id=\"image_1876310009\">\n\t\t<a class=\"\" href=\"\/ro\/impact-5\/\" >\t\t\t\t\t\t<div class=\"img-inner image-color dark\" >\n\t\t\t<img decoding=\"async\" width=\"100\" height=\"100\" src=\"https:\/\/ecoturbino.world\/wp-content\/uploads\/2024\/01\/impact5.svg\" class=\"attachment-original size-original\" alt=\"\" \/>\t\t\t\t\t\t\n\t\t\t\t\t<\/div>\n\t\t\t\t\t\t<\/a>\t\t\n<style>\n#image_1876310009 {\n  width: 100%;\n}\n<\/style>\n\t<\/div>\n\t\n\t<div class=\"img has-hover x md-x lg-x y md-y lg-y\" id=\"image_1815878179\">\n\t\t\t\t\t\t\t\t<div class=\"img-inner dark\" >\n\t\t\t<img decoding=\"async\" width=\"100\" height=\"100\" src=\"https:\/\/ecoturbino.world\/wp-content\/uploads\/2024\/01\/impact6.svg\" class=\"attachment-original size-original\" alt=\"Impactul 6 al ecoturbino\" \/>\t\t\t\t\t\t\n\t\t\t\t\t<\/div>\n\t\t\t\t\t\t\t\t\n<style>\n#image_1815878179 {\n  width: 100%;\n}\n<\/style>\n\t<\/div>\n\t\n\t<div class=\"img has-hover x md-x lg-x y md-y lg-y\" id=\"image_1172141316\">\n\t\t<a class=\"\" href=\"\/ro\/impact-7\/\" >\t\t\t\t\t\t<div class=\"img-inner image-color dark\" >\n\t\t\t<img decoding=\"async\" width=\"100\" height=\"100\" src=\"https:\/\/ecoturbino.world\/wp-content\/uploads\/2024\/01\/impact7.svg\" class=\"attachment-original size-original\" alt=\"Impactul 7 al ecoturbino\" \/>\t\t\t\t\t\t\n\t\t\t\t\t<\/div>\n\t\t\t\t\t\t<\/a>\t\t\n<style>\n#image_1172141316 {\n  width: 100%;\n}\n<\/style>\n\t<\/div>\n\t\n\t\t\n<style>\n#stack-3628046010 > * {\n  --stack-gap: 0.5rem;\n}\n@media (min-width:550px) {\n  #stack-3628046010 > * {\n    --stack-gap: 1rem;\n  }\n}\n<\/style>\n\t<\/div>\n\t\n\t\t<\/div>\n\t\t\t\t\t<\/div>\n\n\t\n<\/div>\n\t\t<\/div>\n\t\t\t\t\t<\/div>\n\n\t\n\n\t<div id=\"col-1727261236\" class=\"col medium-3 small-12 large-3\"  >\n\t\t\t\t<div class=\"col-inner\"  >\n\t\t\t\n\t\t\t\n\t<div class=\"img has-hover x md-x lg-x y md-y lg-y\" id=\"image_1096655737\">\n\t\t\t\t\t\t\t\t<div class=\"img-inner dark\" >\n\t\t\t<img decoding=\"async\" width=\"100\" height=\"100\" src=\"https:\/\/ecoturbino.world\/wp-content\/uploads\/2024\/01\/impact6.svg\" class=\"attachment-original size-original\" alt=\"Impactul 6 al ecoturbino\" \/>\t\t\t\t\t\t\n\t\t\t\t\t<\/div>\n\t\t\t\t\t\t\t\t\n<style>\n#image_1096655737 {\n  width: 100%;\n}\n<\/style>\n\t<\/div>\n\t\n\t\t<\/div>\n\t\t\t\t\t<\/div>\n\n\t\n<\/div>\n<div class=\"row\"  id=\"row-1757108136\">\n\n\t<div id=\"col-1136714930\" class=\"col small-12 large-12\"  >\n\t\t\t\t<div class=\"col-inner\"  >\n\t\t\t\n\t\t\t\n<div class=\"is-divider divider clearfix\" style=\"max-width:100%;height:1px;\"><\/div>\n<h3><span style=\"font-size: 120%;\">Economisirea energiei a devenit u\u0219oar\u0103 | <a href=\"https:\/\/en.ecoturbino.shop\/details\/\" target=\"_blank\" rel=\"noopener\">ecoturbino<\/a> - U\u0219or de instalat \u0219i potrivit pentru toat\u0103 lumea<\/span><\/h3>\n<p>\u00centr-o perioad\u0103 \u00een care <strong>conservarea energiei \u0219i protec\u021bia mediului devin din ce \u00een ce mai importante,<\/strong> mul\u021bi oameni caut\u0103 modalit\u0103\u021bi de a <strong>s\u0103 \u00ee\u0219i reduc\u0103 consumul de energie<\/strong> \u0219i <strong>s\u0103 \u00ee\u0219i reduc\u0103 amprenta ecologic\u0103.<\/strong><\/p>\n<p>Cu toate acestea, acestea se confrunt\u0103 adesea cu problema c\u0103 multe <strong>produsele de economisire a energiei sunt complicate<\/strong> \u0219i necesit\u0103 instalare profesional\u0103. Dar nu trebuie s\u0103 fie a\u0219a. Cu ecoturbino, economisirea energiei devine o joac\u0103 de copii.<\/p>\n<p>Aceasta <strong>produs austriac inovator<\/strong> poate fi <strong>instalat de oricine f\u0103r\u0103 cuno\u0219tin\u021be prealabile<\/strong> sau expertiz\u0103, \u0219i se potrive\u0219te \u00een orice du\u0219. Este gata de utilizare \u00een doar trei minute \u0219i nu necesit\u0103 unelte sau instalare complex\u0103.<\/p>\n<h3>De ce este ecoturbino at\u00e2t de u\u0219or de instalat?<\/h3>\n<p>Ecoturbino a fost conceput pentru a face<strong> instalare c\u00e2t mai simpl\u0103 posibil<\/strong>. Nu necesit\u0103 unelte complicate sau cuno\u0219tin\u021be de specialitate. Motivul pentru aceasta este filetul standard de \u00bd inch care este prezent \u00een majoritatea conexiunilor sanitare la mixerul de ap\u0103 cald\u0103 al du\u0219ului.<\/p>\n<p>Acest filet standard permite ata\u0219area u\u0219oar\u0103 \u0219i sigur\u0103 a ecoturbino f\u0103r\u0103 a fi nevoie de ajust\u0103ri sau modific\u0103ri suplimentare.<\/p>\n\t<div id=\"gap-1920245569\" class=\"gap-element clearfix\" style=\"display:block; height:auto;\">\n\t\t\n<style>\n#gap-1920245569 {\n  padding-top: 30px;\n}\n<\/style>\n\t<\/div>\n\t\n<div class=\"row\"  id=\"row-1712707720\">\n\n\t<div id=\"col-1771681165\" class=\"col medium-4 small-12 large-4\"  >\n\t\t\t\t<div class=\"col-inner\"  >\n\t\t\t\n\t\t\t\n\t<div class=\"img has-hover radius10 x md-x lg-x y md-y lg-y\" id=\"image_1765990871\">\n\t\t\t\t\t\t\t\t<div class=\"img-inner dark\" >\n\t\t\t<img decoding=\"async\" width=\"600\" height=\"600\" src=\"https:\/\/ecoturbino.world\/wp-content\/uploads\/2024\/01\/tools-shower_600.webp\" class=\"attachment-original size-original\" alt=\"Simbolul uneltelor de du\u0219\" srcset=\"https:\/\/ecoturbino.world\/wp-content\/uploads\/2024\/01\/tools-shower_600.webp 600w, https:\/\/ecoturbino.world\/wp-content\/uploads\/2024\/01\/tools-shower_600-500x500.webp 500w, https:\/\/ecoturbino.world\/wp-content\/uploads\/2024\/01\/tools-shower_600-32x32.webp 32w, https:\/\/ecoturbino.world\/wp-content\/uploads\/2024\/01\/tools-shower_600-48x48.webp 48w, https:\/\/ecoturbino.world\/wp-content\/uploads\/2024\/01\/tools-shower_600-80x80.webp 80w, https:\/\/ecoturbino.world\/wp-content\/uploads\/2024\/01\/tools-shower_600-180x180.webp 180w\" sizes=\"(max-width: 600px) 100vw, 600px\" \/>\t\t\t\t\t\t\n\t\t\t\t\t<\/div>\n\t\t\t\t\t\t\t\t\n<style>\n#image_1765990871 {\n  width: 100%;\n}\n<\/style>\n\t<\/div>\n\t\n\t\t<\/div>\n\t\t\t\t\t<\/div>\n\n\t\n\n\t<div id=\"col-1783773795\" class=\"col medium-8 small-12 large-8\"  >\n\t\t\t\t<div class=\"col-inner\"  >\n\t\t\t\n\t\t\t\n<h3>Procesul simplu de instalare a ecoturbino<\/h3>\n<p>Instalarea ecoturbino nu putea fi mai u\u0219oar\u0103. Iat\u0103 pa\u0219ii \u00een detaliu:<\/p>\n<ol>\n<li><strong>Preg\u0103tire:<\/strong> Asigura\u021bi-v\u0103 c\u0103 furtunul de du\u0219 are o <strong>filet standard de \u00bd inch<\/strong> (care este standardul mondial). Acesta este cazul \u00een majoritatea du\u0219urilor.<\/li>\n<li><strong>Scoate\u021bi furtunul de du\u0219:<\/strong> De\u0219uruba\u021bi-l rotindu-l \u00een sensul acelor de ceasornic.<\/li>\n<li><strong>Ata\u0219a\u021bi ecoturbino:<\/strong> Pur \u0219i simplu \u00een\u0219uruba\u021bi ecoturbino pe filetul standard de \u00bd inch de pe mixer, rotindu-l \u00een sensul acelor de ceasornic p\u00e2n\u0103 c\u00e2nd este bine fixat.<\/li>\n<li>Acum, ata\u0219a\u021bi furtunul de ap\u0103 la ecoturbino - Gata! Ecoturbino-ul dvs. este acum gata de utilizare. Nu mai sunt necesari al\u021bi pa\u0219i.<\/li>\n<\/ol>\n\t\t<\/div>\n\t\t\t\t\t<\/div>\n\n\t\n<\/div>\n\t<div id=\"gap-1303107307\" class=\"gap-element clearfix\" style=\"display:block; height:auto;\">\n\t\t\n<style>\n#gap-1303107307 {\n  padding-top: 30px;\n}\n<\/style>\n\t<\/div>\n\t\n<div class=\"row\"  id=\"row-912823062\">\n\n\t<div id=\"col-798784085\" class=\"col medium-6 small-12 large-6\"  >\n\t\t\t\t<div class=\"col-inner\"  >\n\t\t\t\n\t\t\t\n<h3>Nu sunt necesare cuno\u0219tin\u021be sau expertiz\u0103 anterioare<\/h3>\n<p>Cel mai bun lucru despre ecoturbino este c\u0103 este <strong>potrivit pentru toat\u0103 lumea<\/strong>. Nu ave\u021bi nevoie de cuno\u0219tin\u021be anterioare sau expertiz\u0103 \u00een instala\u021bii sanitare. Filetul standard \u0219i ata\u0219area u\u0219oar\u0103 fac ca instalarea s\u0103 fie floare la ureche.<\/p>\n<blockquote>\n<p>Este o modalitate excelent\u0103 de a economisi energie \u0219i ap\u0103 f\u0103r\u0103 a v\u0103 face griji cu privire la complexitatea instal\u0103rii.<\/p>\n<\/blockquote>\n\t\t<\/div>\n\t\t\t\t\t<\/div>\n\n\t\n\n\t<div id=\"col-1264064301\" class=\"col medium-6 small-12 large-6\"  >\n\t\t\t\t<div class=\"col-inner\" style=\"background-color:#c0d63d;\" >\n\t\t\t\n\t\t\t\n\t<div id=\"text-995705297\" class=\"text\">\n\t\t\n<h4 class=\"uppercase\">CONCLUZII<\/h4>\n\t\t\n<style>\n#text-995705297 {\n  font-size: 2rem;\n  text-align: right;\n  color: rgb(255,255,255);\n}\n#text-995705297 > * {\n  color: rgb(255,255,255);\n}\n@media (min-width:550px) {\n  #text-995705297 {\n    font-size: 3.5rem;\n  }\n}\n<\/style>\n\t<\/div>\n\t\n<h3>Marile beneficii ale ecoturbino<\/h3>\n<p>Ecoturbino nu ofer\u0103 doar o instalare u\u0219oar\u0103, ci \u0219i o serie de beneficii care <strong>face\u021bi din ea o investi\u021bie care merit\u0103<\/strong>:<\/p>\n<ul>\n<li><strong><a href=\"https:\/\/ecoturbino.world\/ro\/normele-ue-privind-apa-dulce\/\">Economisirea apei<\/a>:<\/strong> Ecoturbino reduce consumul de ap\u0103 \u00een timpul du\u0219urilor cu 40 %. Acest lucru nu numai c\u0103 economise\u0219te ap\u0103, dar reduce \u0219i costurile de produc\u021bie \u0219i eliminare a apei.<\/li>\n<li><strong>Economii de energie:<\/strong> Deoarece trebuie \u00eenc\u0103lzit\u0103 mai pu\u021bin\u0103 ap\u0103 pentru a furniza ap\u0103 cald\u0103 de du\u0219, ecoturbino duce, de asemenea, la economii semnificative de energie \u0219i la costuri mai mici cu energia.<\/li>\n<li><strong>Ecologic:<\/strong> Reducerea consumului de ap\u0103 \u0219i energie contribuie la conservarea mediului \u0219i la sc\u0103derea emisiilor de CO2.<\/li>\n<li><strong>R\u0103zbunare rapid\u0103:<\/strong> Economiile la costurile cu apa \u0219i energia fac ca investi\u021bia \u00een ecoturbino s\u0103 devin\u0103 rapid profitabil\u0103.<\/li>\n<li><strong>Confort sporit la du\u0219:<\/strong> \u00cen ciuda reducerii consumului de ap\u0103, ecoturbino ofer\u0103 \u00een continuare o experien\u021b\u0103 de du\u0219 puternic\u0103 \u0219i pl\u0103cut\u0103. Fluxul de ap\u0103 r\u0103m\u00e2ne robust \u0219i pl\u0103cut.<\/li>\n<\/ul>\n<blockquote>\n<p>\u00cen general, ecoturbino este o solu\u021bie simpl\u0103 \u0219i <strong>modalitate rentabil\u0103 de a economisi energie \u0219i ap\u0103 f\u0103r\u0103 a sacrifica confortul du\u0219ului.<\/strong> Oricine \u00eel poate instala \u0219i poate beneficia de numeroasele avantaje pe care le ofer\u0103. Este o solu\u021bie avantajoas\u0103 pentru portofelul dvs. \u0219i pentru mediu.<\/p>\n<\/blockquote>\n\t\t<\/div>\n\t\t\t\t\n<style>\n#col-1264064301 > .col-inner {\n  padding: 10px 20px 1px 20px;\n  border-radius: 10px;\n}\n<\/style>\n\t<\/div>\n\n\t\n<\/div>\n\t\t<\/div>\n\t\t\t\t\n<style>\n#col-1136714930 > .col-inner {\n  margin: 0px 0px -125px 0px;\n}\n@media (min-width:550px) {\n  #col-1136714930 > .col-inner {\n    margin: 0px 0px -200px 0px;\n  }\n}\n<\/style>\n\t<\/div>\n\n\t\n<\/div>\n\t\t<\/div>\n\n\t\t\n<style>\n#section_1922487997 {\n  padding-top: 30px;\n  padding-bottom: 30px;\n}\n<\/style>\n\t<\/section>\n\t\n\n\t<section class=\"section\" id=\"section_1345699163\">\n\t\t<div class=\"section-bg fill\" >\n\t\t\t<img decoding=\"async\" width=\"1920\" height=\"683\" src=\"https:\/\/ecoturbino.world\/wp-content\/uploads\/2025\/12\/ecoturbino-function_1920-1.webp\" class=\"bg attachment- size-\" alt=\"ecoturbino funktion\" \/>\t\t\t\t\t\t<div class=\"section-bg-overlay absolute fill\"><\/div>\n\t\t\t\n\n\t\t<\/div>\n\n\t\t\t<div class=\"ux-shape-divider ux-shape-divider--top ux-shape-divider--style-waves-opacity\">\n\t\t<svg viewbox=\"0 0 1000 300\" xmlns=\"http:\/\/www.w3.org\/2000\/svg\" preserveaspectratio=\"none\">\n    <path class=\"ux-shape-fill\" d=\"M0 300L-1 69.71C216 57 299.47 198.86 403 226C506 253 577 196 660 197C740 198 790.09 234.07 874 267C935.23 291 982 282.61 1000 277.61V300H0Z\"\/>\n    <path class=\"ux-shape-fill\" opacity=\"0.5\" d=\"M1 265.094L0 50.5C217 37.79 300.47 186.36 404 213.5C507 240.5 578 196.5 661 197.5C741 198.5 787.59 239.57 871.5 272.5C932.73 296.5 980.5 284.5 998.5 279.5V298.5L1 265.094Z\"\/>\n    <path class=\"ux-shape-fill\" opacity=\"0.15\" d=\"M0.999878 244.094L-0.00012207 27C217 14.29 300.47 173.86 404 201C507 228 578 196 661 197C741 198 787.59 243.07 871.5 276C932.73 300 980.5 284.5 998.5 279.5V299L0.999878 244.094Z\"\/>\n<\/svg>\n\n\t<\/div>\n\n\n\t\t<div class=\"section-content relative\">\n\t\t\t\n\t\t<\/div>\n\n\t\t\n<style>\n#section_1345699163 {\n  padding-top: 125px;\n  padding-bottom: 125px;\n}\n#section_1345699163 .section-bg-overlay {\n  background-color: rgba(0, 0, 0, 0.25);\n}\n#section_1345699163 .ux-shape-divider--top svg {\n  height: 80px;\n  --divider-top-width: 100%;\n}\n@media (min-width:550px) {\n  #section_1345699163 {\n    padding-top: 200px;\n    padding-bottom: 200px;\n  }\n  #section_1345699163 .ux-shape-divider--top svg {\n    height: 124px;\n  }\n}\n<\/style>\n\t<\/section>","protected":false},"excerpt":{"rendered":"","protected":false},"author":2,"featured_media":1685,"parent":0,"menu_order":0,"comment_status":"closed","ping_status":"closed","template":"page-blank.php","meta":{"inline_featured_image":false,"footnotes":""},"class_list":["post-1215","page","type-page","status-publish","has-post-thumbnail","hentry"],"_links":{"self":[{"href":"https:\/\/ecoturbino.world\/ro\/wp-json\/wp\/v2\/pages\/1215","targetHints":{"allow":["GET"]}}],"collection":[{"href":"https:\/\/ecoturbino.world\/ro\/wp-json\/wp\/v2\/pages"}],"about":[{"href":"https:\/\/ecoturbino.world\/ro\/wp-json\/wp\/v2\/types\/page"}],"author":[{"embeddable":true,"href":"https:\/\/ecoturbino.world\/ro\/wp-json\/wp\/v2\/users\/2"}],"replies":[{"embeddable":true,"href":"https:\/\/ecoturbino.world\/ro\/wp-json\/wp\/v2\/comments?post=1215"}],"version-history":[{"count":0,"href":"https:\/\/ecoturbino.world\/ro\/wp-json\/wp\/v2\/pages\/1215\/revisions"}],"wp:featuredmedia":[{"embeddable":true,"href":"https:\/\/ecoturbino.world\/ro\/wp-json\/wp\/v2\/media\/1685"}],"wp:attachment":[{"href":"https:\/\/ecoturbino.world\/ro\/wp-json\/wp\/v2\/media?parent=1215"}],"curies":[{"name":"wp","href":"https:\/\/api.w.org\/{rel}","templated":true}]}}