{"id":1212,"date":"2024-01-01T12:02:37","date_gmt":"2024-01-01T11:02:37","guid":{"rendered":"https:\/\/ecoturbino.eu\/?page_id=1212"},"modified":"2025-12-29T22:45:10","modified_gmt":"2025-12-29T21:45:10","slug":"impact-5","status":"publish","type":"page","link":"https:\/\/ecoturbino.world\/ro\/impact-5\/","title":{"rendered":"Utilizarea P\u0103m\u00e2ntului \u00een vederea conserv\u0103rii resurselor"},"content":{"rendered":"<section class=\"section zindex1\" id=\"section_819341821\">\n\t\t<div class=\"section-bg fill\" >\n\t\t\t\t\t\t\t\t\t\n\t\t\t\n\n\t\t<\/div>\n\n\t\t\n\n\t\t<div class=\"section-content relative\">\n\t\t\t\n<div class=\"row row-small\"  id=\"row-304536036\">\n\n\t<div id=\"col-1040484577\" class=\"col medium-9 small-12 large-9\"  >\n\t\t\t\t<div class=\"col-inner\"  >\n\t\t\t\n\t\t\t\n<h1 class=\"uppercase\">Tratarea P\u0103m\u00e2ntului \u00een vederea conserv\u0103rii resurselor<\/h1>\n<h3 class=\"thin-font\">al cincilea impact al sistemului ecoturbino\u00ae de economisire a apei \u0219i de protec\u021bie a mediului<\/h3>\n<div class=\"row\"  id=\"row-2094864729\">\n\n\t<div id=\"col-1629190141\" class=\"col medium-11 small-12 large-11\"  >\n\t\t\t\t<div class=\"col-inner\"  >\n\t\t\t\n\t\t\t\n\t<div id=\"stack-2506563478\" class=\"stack stack-row justify-start items-start\">\n\t\t\n\t<div class=\"img has-hover x md-x lg-x y md-y lg-y\" id=\"image_2022906708\">\n\t\t<a class=\"\" href=\"\/ro\/impact-1\/\" >\t\t\t\t\t\t<div class=\"img-inner image-color dark\" >\n\t\t\t<img decoding=\"async\" width=\"100\" height=\"100\" src=\"https:\/\/ecoturbino.world\/wp-content\/uploads\/2024\/01\/impact1.svg\" class=\"attachment-original size-original\" alt=\"\" \/>\t\t\t\t\t\t\n\t\t\t\t\t<\/div>\n\t\t\t\t\t\t<\/a>\t\t\n<style>\n#image_2022906708 {\n  width: 100%;\n}\n<\/style>\n\t<\/div>\n\t\n\t<div class=\"img has-hover x md-x lg-x y md-y lg-y\" id=\"image_771826355\">\n\t\t<a class=\"\" href=\"\/ro\/impact-2\/\" >\t\t\t\t\t\t<div class=\"img-inner image-color dark\" >\n\t\t\t<img decoding=\"async\" width=\"100\" height=\"100\" src=\"https:\/\/ecoturbino.world\/wp-content\/uploads\/2024\/01\/impact2.svg\" class=\"attachment-original size-original\" alt=\"\" \/>\t\t\t\t\t\t\n\t\t\t\t\t<\/div>\n\t\t\t\t\t\t<\/a>\t\t\n<style>\n#image_771826355 {\n  width: 100%;\n}\n<\/style>\n\t<\/div>\n\t\n\t<div class=\"img has-hover x md-x lg-x y md-y lg-y\" id=\"image_1822521273\">\n\t\t<a class=\"\" href=\"\/ro\/impact-3\/\" >\t\t\t\t\t\t<div class=\"img-inner image-color dark\" >\n\t\t\t<img decoding=\"async\" width=\"100\" height=\"100\" src=\"https:\/\/ecoturbino.world\/wp-content\/uploads\/2024\/01\/impact3.svg\" class=\"attachment-original size-original\" alt=\"Impactul 3 al ecoturbino\" \/>\t\t\t\t\t\t\n\t\t\t\t\t<\/div>\n\t\t\t\t\t\t<\/a>\t\t\n<style>\n#image_1822521273 {\n  width: 100%;\n}\n<\/style>\n\t<\/div>\n\t\n\t<div class=\"img has-hover x md-x lg-x y md-y lg-y\" id=\"image_2018176578\">\n\t\t<a class=\"\" href=\"\/ro\/impact-4\/\" >\t\t\t\t\t\t<div class=\"img-inner image-color dark\" >\n\t\t\t<img decoding=\"async\" width=\"100\" height=\"100\" src=\"https:\/\/ecoturbino.world\/wp-content\/uploads\/2024\/01\/impact4.svg\" class=\"attachment-original size-original\" alt=\"Impactul 4 al ecoturbino\" \/>\t\t\t\t\t\t\n\t\t\t\t\t<\/div>\n\t\t\t\t\t\t<\/a>\t\t\n<style>\n#image_2018176578 {\n  width: 100%;\n}\n<\/style>\n\t<\/div>\n\t\n\t<div class=\"img has-hover x md-x lg-x y md-y lg-y\" id=\"image_836479592\">\n\t\t\t\t\t\t\t\t<div class=\"img-inner dark\" >\n\t\t\t<img decoding=\"async\" width=\"100\" height=\"100\" src=\"https:\/\/ecoturbino.world\/wp-content\/uploads\/2024\/01\/impact5.svg\" class=\"attachment-original size-original\" alt=\"\" \/>\t\t\t\t\t\t\n\t\t\t\t\t<\/div>\n\t\t\t\t\t\t\t\t\n<style>\n#image_836479592 {\n  width: 100%;\n}\n<\/style>\n\t<\/div>\n\t\n\t<div class=\"img has-hover x md-x lg-x y md-y lg-y\" id=\"image_557523627\">\n\t\t<a class=\"\" href=\"\/ro\/impact-6\/\" >\t\t\t\t\t\t<div class=\"img-inner image-color dark\" >\n\t\t\t<img decoding=\"async\" width=\"100\" height=\"100\" src=\"https:\/\/ecoturbino.world\/wp-content\/uploads\/2024\/01\/impact6.svg\" class=\"attachment-original size-original\" alt=\"Impactul 6 al ecoturbino\" \/>\t\t\t\t\t\t\n\t\t\t\t\t<\/div>\n\t\t\t\t\t\t<\/a>\t\t\n<style>\n#image_557523627 {\n  width: 100%;\n}\n<\/style>\n\t<\/div>\n\t\n\t<div class=\"img has-hover x md-x lg-x y md-y lg-y\" id=\"image_362180923\">\n\t\t<a class=\"\" href=\"\/ro\/impact-7\/\" >\t\t\t\t\t\t<div class=\"img-inner image-color dark\" >\n\t\t\t<img decoding=\"async\" width=\"100\" height=\"100\" src=\"https:\/\/ecoturbino.world\/wp-content\/uploads\/2024\/01\/impact7.svg\" class=\"attachment-original size-original\" alt=\"Impactul 7 al ecoturbino\" \/>\t\t\t\t\t\t\n\t\t\t\t\t<\/div>\n\t\t\t\t\t\t<\/a>\t\t\n<style>\n#image_362180923 {\n  width: 100%;\n}\n<\/style>\n\t<\/div>\n\t\n\t\t\n<style>\n#stack-2506563478 > * {\n  --stack-gap: 0.5rem;\n}\n@media (min-width:550px) {\n  #stack-2506563478 > * {\n    --stack-gap: 1rem;\n  }\n}\n<\/style>\n\t<\/div>\n\t\n\t\t<\/div>\n\t\t\t\t\t<\/div>\n\n\t\n<\/div>\n\t\t<\/div>\n\t\t\t\t\t<\/div>\n\n\t\n\n\t<div id=\"col-1594050890\" class=\"col medium-3 small-12 large-3\"  >\n\t\t\t\t<div class=\"col-inner\"  >\n\t\t\t\n\t\t\t\n\t<div class=\"img has-hover x md-x lg-x y md-y lg-y\" id=\"image_1719729997\">\n\t\t\t\t\t\t\t\t<div class=\"img-inner dark\" >\n\t\t\t<img decoding=\"async\" width=\"100\" height=\"100\" src=\"https:\/\/ecoturbino.world\/wp-content\/uploads\/2024\/01\/impact5.svg\" class=\"attachment-original size-original\" alt=\"\" \/>\t\t\t\t\t\t\n\t\t\t\t\t<\/div>\n\t\t\t\t\t\t\t\t\n<style>\n#image_1719729997 {\n  width: 100%;\n}\n<\/style>\n\t<\/div>\n\t\n\t\t<\/div>\n\t\t\t\t\t<\/div>\n\n\t\n<\/div>\n<div class=\"row\"  id=\"row-1216576148\">\n\n\t<div id=\"col-381879134\" class=\"col small-12 large-12\"  >\n\t\t\t\t<div class=\"col-inner\"  >\n\t\t\t\n\t\t\t\n<div class=\"is-divider divider clearfix\" style=\"max-width:100%;height:1px;\"><\/div>\n<h2><span style=\"font-size: 120%;\">Economisirea apei, a costurilor de energie \u0219i a apelor uzate pentru toat\u0103 lumea | Importan\u021ba ecoturbino\u00ae<\/span><\/h2>\n<p>Aici, reducem \u0219i mai mult consumul de ap\u0103 \u00een timpul du\u0219urilor \u00een Europa! Datele vor urma!<\/p>\n<p><strong>Lumea noastr\u0103 devine din ce \u00een ce mai uscat\u0103<\/strong>, cu <strong>cre\u0219terea constant\u0103 a pre\u021burilor la ap\u0103 \u0219i energie<\/strong>, iar costurile instala\u021biilor de tratare a apelor reziduale sunt, de asemenea, \u00een cre\u0219tere. \u00cen fa\u021ba acestor provoc\u0103ri, este esen\u021bial s\u0103 utiliz\u0103m resursele mai eficient \u0219i s\u0103 ac\u021bion\u0103m \u00een mod durabil.<\/p>\n<blockquote>\n<p>Una dintre problemele aparent nesemnificative, dar <strong>cu toate acestea, obiceiurile risipitoare este du\u0219ul<\/strong>. Ne bucur\u0103m de o scurt\u0103 \u00eent\u00e2lnire cu apa cald\u0103, dar dup\u0103 aceea, aceast\u0103 ap\u0103 devine ap\u0103 cald\u0103 rezidual\u0103 care este pur \u0219i simplu aruncat\u0103 la scurgere.<\/p>\n<\/blockquote>\n<p>Aceasta este o <strong><a href=\"https:\/\/ecoturbino.world\/ro\/normele-ue-privind-apa-dulce\/\">risip\u0103 f\u0103r\u0103 sens de ap\u0103 valoroas\u0103<\/a> \u0219i energie<\/strong> \u0219i contrazice principiile durabilit\u0103\u021bii \u0219i protec\u021biei mediului. Acesta este punctul \u00een care <strong>tehnologia revolu\u021bionar\u0103 a ecoturbino<\/strong> intr\u0103 \u00een joc, permi\u021b\u00e2nd tuturor s\u0103<strong> economisi\u021bi 40 % din consumul de ap\u0103<\/strong> \u00een timp ce face\u021bi du\u0219 \u0219i reduce\u021bi imediat costurile.<\/p>\n<h3>Problema <strong>risipa de ap\u0103 \u0219i energie \u00een timpul du\u0219ului<\/strong><\/h3>\n<p><strong>Du\u0219<\/strong> este unul dintre obiceiurile noastre zilnice la care adesea nu ne g\u00e2ndim la impactul s\u0103u asupra mediului. Ne bucur\u0103m de apa cald\u0103 care ne curge pe piele, uit\u00e2nd c\u0103 aceasta este o resurs\u0103 limitat\u0103.<\/p>\n<p>Problema \u00eencepe atunci c\u00e2nd <strong>apa de du\u0219 folosit\u0103 ajunge \u00een canalizare ca ap\u0103 uzat\u0103 cald\u0103.<\/strong> \u00cenc\u0103lzirea apei necesit\u0103 energie, adesea din surse neregenerabile, ceea ce genereaz\u0103 costuri.<\/p>\n<p>\u00cen plus, sta\u021biile de tratare a apelor reziduale trebuie <strong>prelucreaz\u0103 aceste ape reziduale, ad\u0103ug\u00e2nd costuri suplimentare<\/strong>. Cre\u0219terea vertiginoas\u0103 a costurilor apelor reziduale.<\/p>\n\t<div id=\"gap-2142636815\" class=\"gap-element clearfix\" style=\"display:block; height:auto;\">\n\t\t\n<style>\n#gap-2142636815 {\n  padding-top: 30px;\n}\n<\/style>\n\t<\/div>\n\t\n<div class=\"row\"  id=\"row-1704773628\">\n\n\t<div id=\"col-187298574\" class=\"col medium-4 small-12 large-4\"  >\n\t\t\t\t<div class=\"col-inner\"  >\n\t\t\t\n\t\t\t\n\t<div class=\"img has-hover radius10 x md-x lg-x y md-y lg-y\" id=\"image_2060724333\">\n\t\t\t\t\t\t\t\t<div class=\"img-inner dark\" >\n\t\t\t<img decoding=\"async\" width=\"600\" height=\"600\" src=\"https:\/\/ecoturbino.world\/wp-content\/uploads\/2024\/01\/water-saving-environment-costs_600.webp\" class=\"attachment-original size-original\" alt=\"Simbol de protec\u021bie a mediului pentru economisirea apei\" srcset=\"https:\/\/ecoturbino.world\/wp-content\/uploads\/2024\/01\/water-saving-environment-costs_600.webp 600w, https:\/\/ecoturbino.world\/wp-content\/uploads\/2024\/01\/water-saving-environment-costs_600-500x500.webp 500w, https:\/\/ecoturbino.world\/wp-content\/uploads\/2024\/01\/water-saving-environment-costs_600-32x32.webp 32w, https:\/\/ecoturbino.world\/wp-content\/uploads\/2024\/01\/water-saving-environment-costs_600-48x48.webp 48w, https:\/\/ecoturbino.world\/wp-content\/uploads\/2024\/01\/water-saving-environment-costs_600-80x80.webp 80w, https:\/\/ecoturbino.world\/wp-content\/uploads\/2024\/01\/water-saving-environment-costs_600-180x180.webp 180w\" sizes=\"(max-width: 600px) 100vw, 600px\" \/>\t\t\t\t\t\t\n\t\t\t\t\t<\/div>\n\t\t\t\t\t\t\t\t\n<style>\n#image_2060724333 {\n  width: 100%;\n}\n<\/style>\n\t<\/div>\n\t\n\t\t<\/div>\n\t\t\t\t\t<\/div>\n\n\t\n\n\t<div id=\"col-707861313\" class=\"col medium-8 small-12 large-8\"  >\n\t\t\t\t<div class=\"col-inner\"  >\n\t\t\t\n\t\t\t\n<h3>Solu\u021bia: ecoturbino<\/h3>\n<p>ecoturbino ofer\u0103 o solu\u021bie simpl\u0103 \u0219i eficient\u0103 la aceast\u0103 problem\u0103. Tehnologia a fost dezvoltat\u0103 pentru a reduce<strong> consumul de ap\u0103 \u00een timpul du\u0219urilor cu un procent uimitor de 40<\/strong> f\u0103r\u0103 ca utilizatorii s\u0103 fie nevoi\u021bi s\u0103 sacrifice confortul du\u0219ului. Iat\u0103 c\u00e2teva dintre beneficiile pe care ecoturbino le ofer\u0103 tuturor:<\/p>\n<ul>\n<li><strong>Reducerea costurilor:<\/strong> ecoturbino permite tuturor s\u0103 \u00ee\u0219i reduc\u0103 semnificativ costurile cu apa \u0219i energia. Prin reducerea consumului de ap\u0103, trebuie \u00eenc\u0103lzit\u0103 mai pu\u021bin\u0103 ap\u0103, ceea ce duce la sc\u0103derea costurilor cu energia. Costurile reduse ale apei ofer\u0103 un avantaj financiar suplimentar.<\/li>\n<li><strong>Ecologic:<\/strong> Prin reducerea consumului de ap\u0103 \u0219i economisirea energiei, ecoturbino contribuie la protec\u021bia mediului. Ajut\u0103 la reducerea consumului de ap\u0103 \u0219i la sc\u0103derea emisiilor de CO2, contribuind la conservarea mediului.<\/li>\n<li><strong>Perioad\u0103 scurt\u0103 de recuperare a investi\u021biei:<\/strong> Costurile de achizi\u021bie ale ecoturbino sunt sc\u0103zute, iar economiile de ap\u0103 \u0219i energie amortizeaz\u0103 investi\u021bia \u00eentr-un timp scurt. Este o decizie ra\u021bional\u0103 din punct de vedere economic pentru \u00eentreprinderi, hoteluri, familii, cluburi, spitale, c\u0103mine de b\u0103tr\u00e2ni \u0219i multe altele.<\/li>\n<li><strong>F\u0103r\u0103 compromisuri privind pl\u0103cerea du\u0219ului:<\/strong> \u00cen ciuda reducerii consumului de ap\u0103, ecoturbino continu\u0103 s\u0103 ofere o experien\u021b\u0103 de du\u0219 pl\u0103cut\u0103 \u0219i relaxant\u0103. Fluxul de ap\u0103 r\u0103m\u00e2ne puternic \u0219i pl\u0103cut, f\u0103r\u0103 a compromite calitatea du\u0219ului.<\/li>\n<\/ul>\n\t\t<\/div>\n\t\t\t\t\t<\/div>\n\n\t\n<\/div>\n\t<div id=\"gap-2029608962\" class=\"gap-element clearfix\" style=\"display:block; height:auto;\">\n\t\t\n<style>\n#gap-2029608962 {\n  padding-top: 30px;\n}\n<\/style>\n\t<\/div>\n\t\n<div class=\"row\"  id=\"row-114042827\">\n\n\t<div id=\"col-399317889\" class=\"col medium-6 small-12 large-6\"  >\n\t\t\t\t<div class=\"col-inner\"  >\n\t\t\t\n\t\t\t\n<h3>Beneficiile suplimentare ale ecoturbino<\/h3>\n<p>ecoturbino ofer\u0103 beneficii suplimentare dincolo de reducerea costurilor. Ajut\u0103 la conservarea rezervelor de ap\u0103 \u0219i <strong>reducerea sarcinii asupra sta\u021biilor de tratare a apelor uzate<\/strong>. Acest lucru este deosebit de important \u00een vremuri \u00een care deficitul de ap\u0103 \u0219i impactul asupra mediului devin din ce \u00een ce mai r\u0103sp\u00e2ndite.<\/p>\n\t\t<\/div>\n\t\t\t\t\t<\/div>\n\n\t\n\n\t<div id=\"col-1069298911\" class=\"col medium-6 small-12 large-6\"  >\n\t\t\t\t<div class=\"col-inner\" style=\"background-color:#c0d63d;\" >\n\t\t\t\n\t\t\t\n\t<div id=\"text-169670248\" class=\"text\">\n\t\t\n<h4 class=\"uppercase\">CONCLUZII<\/h4>\n\t\t\n<style>\n#text-169670248 {\n  font-size: 2rem;\n  text-align: right;\n  color: rgb(255, 255, 255);\n}\n#text-169670248 > * {\n  color: rgb(255, 255, 255);\n}\n@media (min-width:550px) {\n  #text-169670248 {\n    font-size: 3.5rem;\n  }\n}\n<\/style>\n\t<\/div>\n\t\n<h3>ecoturbino - Un c\u00e2\u0219tig pentru toat\u0103 lumea, <a href=\"https:\/\/www.google.com\/aclk?sa=l&amp;ai=DChcSEwizlIz2qdWDAxXtm1oFHdKnCJEYABAAGgJ2dQ&amp;ase=2&amp;gclid=Cj0KCQiAwP6sBhDAARIsAPfK_watGz1qAKakOF_2c21Sq6uC66UaUaL18vzWqCx2GV9fPAC4TGya1OQaAgj9EALw_wcB&amp;ei=1t2fZZTQN4yJ9u8PsZifyAM&amp;sig=AOD64_3tZ_HBVO8lhe659upTWIB85jM_VA&amp;q&amp;sqi=2&amp;nis=4&amp;adurl&amp;ved=2ahUKEwiUk4L2qdWDAxWMhP0HHTHMBzkQ0Qx6BAgIEAE\" target=\"_blank\" rel=\"noopener sponsored\">Certificat\u0103 T\u00dcV<\/a> calculul amortiz\u0103rii<\/h3>\n<p><strong>ecoturbino este o solu\u021bie inovatoare pentru economisirea apei, a costurilor cu energia \u0219i a apelor reziduale,<\/strong> toate acestea f\u0103r\u0103 a compromite pl\u0103cerea du\u0219ului. Tehnologia este potrivit\u0103 pentru \u00eentreprinderi, hoteluri, familii, cluburi, spitale, c\u0103mine de b\u0103tr\u00e2ni \u0219i multe altele.<\/p>\n<blockquote>\n<p>Cu ecoturbino, putem contribui cu to\u021bii la protec\u021bia mediului, reduc\u00e2ndu-ne \u00een acela\u0219i timp povara financiar\u0103.<\/p>\n<\/blockquote>\n<p>Este timpul s\u0103 ne asum\u0103m responsabilitatea pentru resursele noastre \u0219i s\u0103 facem un pas c\u0103tre durabilitate.<\/p>\n\t\t<\/div>\n\t\t\t\t\n<style>\n#col-1069298911 > .col-inner {\n  padding: 10px 20px 1px 25px;\n  border-radius: 10px;\n}\n<\/style>\n\t<\/div>\n\n\t\n<\/div>\n\t\t<\/div>\n\t\t\t\t\n<style>\n#col-381879134 > .col-inner {\n  margin: 0px 0px -125px 0px;\n}\n@media (min-width:550px) {\n  #col-381879134 > .col-inner {\n    margin: 0px 0px -200px 0px;\n  }\n}\n<\/style>\n\t<\/div>\n\n\t\n<\/div>\n\t\t<\/div>\n\n\t\t\n<style>\n#section_819341821 {\n  padding-top: 30px;\n  padding-bottom: 30px;\n}\n<\/style>\n\t<\/section>\n\t\n\n\t<section class=\"section\" id=\"section_575444370\">\n\t\t<div class=\"section-bg fill\" >\n\t\t\t<img decoding=\"async\" width=\"1920\" height=\"683\" src=\"https:\/\/ecoturbino.world\/wp-content\/uploads\/2025\/12\/ecoturbino-function_1920-1.webp\" class=\"bg attachment- size-\" alt=\"ecoturbino funktion\" \/>\t\t\t\t\t\t<div class=\"section-bg-overlay absolute fill\"><\/div>\n\t\t\t\n\n\t\t<\/div>\n\n\t\t\t<div class=\"ux-shape-divider ux-shape-divider--top ux-shape-divider--style-waves-opacity\">\n\t\t<svg viewbox=\"0 0 1000 300\" xmlns=\"http:\/\/www.w3.org\/2000\/svg\" preserveaspectratio=\"none\">\n    <path class=\"ux-shape-fill\" d=\"M0 300L-1 69.71C216 57 299.47 198.86 403 226C506 253 577 196 660 197C740 198 790.09 234.07 874 267C935.23 291 982 282.61 1000 277.61V300H0Z\"\/>\n    <path class=\"ux-shape-fill\" opacity=\"0.5\" d=\"M1 265.094L0 50.5C217 37.79 300.47 186.36 404 213.5C507 240.5 578 196.5 661 197.5C741 198.5 787.59 239.57 871.5 272.5C932.73 296.5 980.5 284.5 998.5 279.5V298.5L1 265.094Z\"\/>\n    <path class=\"ux-shape-fill\" opacity=\"0.15\" d=\"M0.999878 244.094L-0.00012207 27C217 14.29 300.47 173.86 404 201C507 228 578 196 661 197C741 198 787.59 243.07 871.5 276C932.73 300 980.5 284.5 998.5 279.5V299L0.999878 244.094Z\"\/>\n<\/svg>\n\n\t<\/div>\n\n\n\t\t<div class=\"section-content relative\">\n\t\t\t\n\t\t<\/div>\n\n\t\t\n<style>\n#section_575444370 {\n  padding-top: 125px;\n  padding-bottom: 125px;\n}\n#section_575444370 .section-bg-overlay {\n  background-color: rgba(0, 0, 0, 0.25);\n}\n#section_575444370 .ux-shape-divider--top svg {\n  height: 80px;\n  --divider-top-width: 100%;\n}\n@media (min-width:550px) {\n  #section_575444370 {\n    padding-top: 200px;\n    padding-bottom: 200px;\n  }\n  #section_575444370 .ux-shape-divider--top svg {\n    height: 124px;\n  }\n}\n<\/style>\n\t<\/section>","protected":false},"excerpt":{"rendered":"","protected":false},"author":2,"featured_media":1680,"parent":0,"menu_order":0,"comment_status":"closed","ping_status":"closed","template":"page-blank.php","meta":{"inline_featured_image":false,"footnotes":""},"class_list":["post-1212","page","type-page","status-publish","has-post-thumbnail","hentry"],"_links":{"self":[{"href":"https:\/\/ecoturbino.world\/ro\/wp-json\/wp\/v2\/pages\/1212","targetHints":{"allow":["GET"]}}],"collection":[{"href":"https:\/\/ecoturbino.world\/ro\/wp-json\/wp\/v2\/pages"}],"about":[{"href":"https:\/\/ecoturbino.world\/ro\/wp-json\/wp\/v2\/types\/page"}],"author":[{"embeddable":true,"href":"https:\/\/ecoturbino.world\/ro\/wp-json\/wp\/v2\/users\/2"}],"replies":[{"embeddable":true,"href":"https:\/\/ecoturbino.world\/ro\/wp-json\/wp\/v2\/comments?post=1212"}],"version-history":[{"count":0,"href":"https:\/\/ecoturbino.world\/ro\/wp-json\/wp\/v2\/pages\/1212\/revisions"}],"wp:featuredmedia":[{"embeddable":true,"href":"https:\/\/ecoturbino.world\/ro\/wp-json\/wp\/v2\/media\/1680"}],"wp:attachment":[{"href":"https:\/\/ecoturbino.world\/ro\/wp-json\/wp\/v2\/media?parent=1212"}],"curies":[{"name":"wp","href":"https:\/\/api.w.org\/{rel}","templated":true}]}}