{"id":1207,"date":"2024-01-01T11:58:41","date_gmt":"2024-01-01T10:58:41","guid":{"rendered":"https:\/\/ecoturbino.eu\/?page_id=1207"},"modified":"2025-12-29T22:44:51","modified_gmt":"2025-12-29T21:44:51","slug":"impact-4","status":"publish","type":"page","link":"https:\/\/ecoturbino.world\/ro\/impact-4\/","title":{"rendered":"Presiune suficient\u0103 a apei de du\u0219 pentru toat\u0103 lumea (nu este o problem\u0103 \u00een gospod\u0103rii)"},"content":{"rendered":"<section class=\"section zindex1\" id=\"section_1703413952\">\n\t\t<div class=\"section-bg fill\" >\n\t\t\t\t\t\t\t\t\t\n\t\t\t\n\n\t\t<\/div>\n\n\t\t\n\n\t\t<div class=\"section-content relative\">\n\t\t\t\n<div class=\"row row-small\"  id=\"row-479803947\">\n\n\t<div id=\"col-1039480315\" class=\"col medium-9 small-12 large-9\"  >\n\t\t\t\t<div class=\"col-inner\"  >\n\t\t\t\n\t\t\t\n<h1 class=\"uppercase\">Presiune suficient\u0103 a apei pentru toat\u0103 lumea (numai pentru \u00eentreprinderi)<\/h1>\n<h3 class=\"thin-font\">al patrulea impact al sistemului ecoturbino\u00ae de economisire a apei \u0219i de protec\u021bie a mediului<\/h3>\n<div class=\"row\"  id=\"row-1181205795\">\n\n\t<div id=\"col-666705925\" class=\"col medium-11 small-12 large-11\"  >\n\t\t\t\t<div class=\"col-inner\"  >\n\t\t\t\n\t\t\t\n\t<div id=\"stack-3466244324\" class=\"stack stack-row justify-start items-start\">\n\t\t\n\t<div class=\"img has-hover x md-x lg-x y md-y lg-y\" id=\"image_736934497\">\n\t\t<a class=\"\" href=\"\/ro\/impact-1\/\" >\t\t\t\t\t\t<div class=\"img-inner image-color dark\" >\n\t\t\t<img decoding=\"async\" width=\"100\" height=\"100\" src=\"https:\/\/ecoturbino.world\/wp-content\/uploads\/2024\/01\/impact1.svg\" class=\"attachment-original size-original\" alt=\"\" \/>\t\t\t\t\t\t\n\t\t\t\t\t<\/div>\n\t\t\t\t\t\t<\/a>\t\t\n<style>\n#image_736934497 {\n  width: 100%;\n}\n<\/style>\n\t<\/div>\n\t\n\t<div class=\"img has-hover x md-x lg-x y md-y lg-y\" id=\"image_1288583511\">\n\t\t<a class=\"\" href=\"\/ro\/impact-2\/\" >\t\t\t\t\t\t<div class=\"img-inner image-color dark\" >\n\t\t\t<img decoding=\"async\" width=\"100\" height=\"100\" src=\"https:\/\/ecoturbino.world\/wp-content\/uploads\/2024\/01\/impact2.svg\" class=\"attachment-original size-original\" alt=\"\" \/>\t\t\t\t\t\t\n\t\t\t\t\t<\/div>\n\t\t\t\t\t\t<\/a>\t\t\n<style>\n#image_1288583511 {\n  width: 100%;\n}\n<\/style>\n\t<\/div>\n\t\n\t<div class=\"img has-hover x md-x lg-x y md-y lg-y\" id=\"image_14234597\">\n\t\t<a class=\"\" href=\"\/ro\/impact-3\/\" >\t\t\t\t\t\t<div class=\"img-inner image-color dark\" >\n\t\t\t<img decoding=\"async\" width=\"100\" height=\"100\" src=\"https:\/\/ecoturbino.world\/wp-content\/uploads\/2024\/01\/impact3.svg\" class=\"attachment-original size-original\" alt=\"Impactul 3 al ecoturbino\" \/>\t\t\t\t\t\t\n\t\t\t\t\t<\/div>\n\t\t\t\t\t\t<\/a>\t\t\n<style>\n#image_14234597 {\n  width: 100%;\n}\n<\/style>\n\t<\/div>\n\t\n\t<div class=\"img has-hover x md-x lg-x y md-y lg-y\" id=\"image_1642240682\">\n\t\t\t\t\t\t\t\t<div class=\"img-inner dark\" >\n\t\t\t<img decoding=\"async\" width=\"100\" height=\"100\" src=\"https:\/\/ecoturbino.world\/wp-content\/uploads\/2024\/01\/impact4.svg\" class=\"attachment-original size-original\" alt=\"Impactul 4 al ecoturbino\" \/>\t\t\t\t\t\t\n\t\t\t\t\t<\/div>\n\t\t\t\t\t\t\t\t\n<style>\n#image_1642240682 {\n  width: 100%;\n}\n<\/style>\n\t<\/div>\n\t\n\t<div class=\"img has-hover x md-x lg-x y md-y lg-y\" id=\"image_1798503248\">\n\t\t<a class=\"\" href=\"\/ro\/impact-5\/\" >\t\t\t\t\t\t<div class=\"img-inner image-color dark\" >\n\t\t\t<img decoding=\"async\" width=\"100\" height=\"100\" src=\"https:\/\/ecoturbino.world\/wp-content\/uploads\/2024\/01\/impact5.svg\" class=\"attachment-original size-original\" alt=\"\" \/>\t\t\t\t\t\t\n\t\t\t\t\t<\/div>\n\t\t\t\t\t\t<\/a>\t\t\n<style>\n#image_1798503248 {\n  width: 100%;\n}\n<\/style>\n\t<\/div>\n\t\n\t<div class=\"img has-hover x md-x lg-x y md-y lg-y\" id=\"image_1733237828\">\n\t\t<a class=\"\" href=\"\/ro\/impact-6\/\" >\t\t\t\t\t\t<div class=\"img-inner image-color dark\" >\n\t\t\t<img decoding=\"async\" width=\"100\" height=\"100\" src=\"https:\/\/ecoturbino.world\/wp-content\/uploads\/2024\/01\/impact6.svg\" class=\"attachment-original size-original\" alt=\"Impactul 6 al ecoturbino\" \/>\t\t\t\t\t\t\n\t\t\t\t\t<\/div>\n\t\t\t\t\t\t<\/a>\t\t\n<style>\n#image_1733237828 {\n  width: 100%;\n}\n<\/style>\n\t<\/div>\n\t\n\t<div class=\"img has-hover x md-x lg-x y md-y lg-y\" id=\"image_1441649245\">\n\t\t<a class=\"\" href=\"\/ro\/impact-7\/\" >\t\t\t\t\t\t<div class=\"img-inner image-color dark\" >\n\t\t\t<img decoding=\"async\" width=\"100\" height=\"100\" src=\"https:\/\/ecoturbino.world\/wp-content\/uploads\/2024\/01\/impact7.svg\" class=\"attachment-original size-original\" alt=\"Impactul 7 al ecoturbino\" \/>\t\t\t\t\t\t\n\t\t\t\t\t<\/div>\n\t\t\t\t\t\t<\/a>\t\t\n<style>\n#image_1441649245 {\n  width: 100%;\n}\n<\/style>\n\t<\/div>\n\t\n\t\t\n<style>\n#stack-3466244324 > * {\n  --stack-gap: 0.5rem;\n}\n@media (min-width:550px) {\n  #stack-3466244324 > * {\n    --stack-gap: 1rem;\n  }\n}\n<\/style>\n\t<\/div>\n\t\n\t\t<\/div>\n\t\t\t\t\t<\/div>\n\n\t\n<\/div>\n\t\t<\/div>\n\t\t\t\t\t<\/div>\n\n\t\n\n\t<div id=\"col-1533506731\" class=\"col medium-3 small-12 large-3\"  >\n\t\t\t\t<div class=\"col-inner\"  >\n\t\t\t\n\t\t\t\n\t<div class=\"img has-hover x md-x lg-x y md-y lg-y\" id=\"image_1264979287\">\n\t\t\t\t\t\t\t\t<div class=\"img-inner dark\" >\n\t\t\t<img decoding=\"async\" width=\"100\" height=\"100\" src=\"https:\/\/ecoturbino.world\/wp-content\/uploads\/2024\/01\/impact4.svg\" class=\"attachment-original size-original\" alt=\"Impactul 4 al ecoturbino\" \/>\t\t\t\t\t\t\n\t\t\t\t\t<\/div>\n\t\t\t\t\t\t\t\t\n<style>\n#image_1264979287 {\n  width: 100%;\n}\n<\/style>\n\t<\/div>\n\t\n\t\t<\/div>\n\t\t\t\t\t<\/div>\n\n\t\n<\/div>\n<div class=\"row\"  id=\"row-20622257\">\n\n\t<div id=\"col-1508445846\" class=\"col small-12 large-12\"  >\n\t\t\t\t<div class=\"col-inner\"  >\n\t\t\t\n\t\t\t\n<div class=\"is-divider divider clearfix\" style=\"max-width:100%;height:1px;\"><\/div>\n<h3><span style=\"font-size: 120%;\">Solu\u021bii eficiente de du\u0219 pentru hoteluri, <a href=\"https:\/\/ecoturbino.world\/ro\/lumea-directoarelor\/categorii\/resedinte-studentesti\/\" target=\"_blank\" rel=\"noopener\">Dormitoare pentru studen\u021bi<\/a>, cluburi \u0219i centre de fitness: ecoturbino pentru o satisfac\u021bie crescut\u0103<\/span><\/h3>\n<p>\u00cen <strong>hoteluri, cluburi \u0219i centre de fitness, alimentarea cu ap\u0103 cald\u0103 poate deveni adesea o problem\u0103 real\u0103,<\/strong> \u00een special atunci c\u00e2nd to\u021bi oaspe\u021bii sau membrii <strong>dori\u021bi s\u0103 face\u021bi du\u0219 \u00een acela\u0219i timp<\/strong>. Dup\u0103 sport, schi, sau \u00eenainte de cin\u0103, oamenii se gr\u0103besc la du\u0219uri, iar<a href=\"https:\/\/en.wikipedia.org\/wiki\/Plumbing#Water_pipes\" target=\"_blank\" rel=\"noopener sponsored\"> conducte de ap\u0103<\/a> poate oferi doar<strong> capacitate limitat\u0103 de ap\u0103.<\/strong><\/p>\n<blockquote>\n<p>Atunci c\u00e2nd prea mul\u021bi oameni fac du\u0219 simultan, presiunea apei scade semnificativ, iar experien\u021ba du\u0219ului este ruinat\u0103. Acest lucru duce la clien\u021bi sau oaspe\u021bi nemul\u021bumi\u021bi \u0219i poate avea un impact negativ asupra reputa\u021biei unit\u0103\u021bii.<\/p>\n<\/blockquote>\n<p>Acesta este locul \u00een care <strong>intr\u0103 \u00een joc tehnologia inovatoare ecoturbino,<\/strong> reducerea consumului de ap\u0103 pentru du\u0219uri cu 40 %, men\u021binerea presiunii apei \u0219i asigurarea satisfac\u021biei clien\u021bilor \u0219i oaspe\u021bilor.<\/p>\n\t<div id=\"gap-789209752\" class=\"gap-element clearfix\" style=\"display:block; height:auto;\">\n\t\t\n<style>\n#gap-789209752 {\n  padding-top: 30px;\n}\n<\/style>\n\t<\/div>\n\t\n<div class=\"row\"  id=\"row-298418925\">\n\n\t<div id=\"col-687017029\" class=\"col medium-4 small-12 large-4\"  >\n\t\t\t\t<div class=\"col-inner\"  >\n\t\t\t\n\t\t\t\n\t<div class=\"img has-hover radius10 x md-x lg-x y md-y lg-y\" id=\"image_1370418237\">\n\t\t\t\t\t\t\t\t<div class=\"img-inner dark\" >\n\t\t\t<img decoding=\"async\" width=\"600\" height=\"600\" src=\"https:\/\/ecoturbino.world\/wp-content\/uploads\/2024\/01\/hotel-floor_600.webp\" class=\"attachment-original size-original\" alt=\"Simbolul etajului hotelului\" srcset=\"https:\/\/ecoturbino.world\/wp-content\/uploads\/2024\/01\/hotel-floor_600.webp 600w, https:\/\/ecoturbino.world\/wp-content\/uploads\/2024\/01\/hotel-floor_600-500x500.webp 500w, https:\/\/ecoturbino.world\/wp-content\/uploads\/2024\/01\/hotel-floor_600-32x32.webp 32w, https:\/\/ecoturbino.world\/wp-content\/uploads\/2024\/01\/hotel-floor_600-48x48.webp 48w, https:\/\/ecoturbino.world\/wp-content\/uploads\/2024\/01\/hotel-floor_600-80x80.webp 80w, https:\/\/ecoturbino.world\/wp-content\/uploads\/2024\/01\/hotel-floor_600-180x180.webp 180w\" sizes=\"(max-width: 600px) 100vw, 600px\" \/>\t\t\t\t\t\t\n\t\t\t\t\t<\/div>\n\t\t\t\t\t\t\t\t\n<style>\n#image_1370418237 {\n  width: 100%;\n}\n<\/style>\n\t<\/div>\n\t\n\t\t<\/div>\n\t\t\t\t\t<\/div>\n\n\t\n\n\t<div id=\"col-1634372575\" class=\"col medium-8 small-12 large-8\"  >\n\t\t\t\t<div class=\"col-inner\"  >\n\t\t\t\n\t\t\t\n<h3>Problema capacit\u0103\u021bii limitate de alimentare cu ap\u0103<\/h3>\n<p>Capacitatea limitat\u0103 de ap\u0103 a conductelor \u0219i a sistemelor de alimentare cu ap\u0103 cald\u0103 \u00een hoteluri, cluburi \u0219i centre de fitness este o problem\u0103 comun\u0103 care <strong>poate duce la situa\u021bii frustrante.<\/strong><\/p>\n<p>C\u00e2nd toat\u0103 lumea vrea s\u0103 <strong>du\u0219 \u00een acela\u0219i timp, presiunea apei poate sc\u0103dea<\/strong> at\u00e2t de mult \u00eenc\u00e2t jetul de ap\u0103 devine un simplu firicel. Bucuria de a face du\u0219 este pierdut\u0103, iar <strong>oaspe\u021bii sau membrii sunt dezam\u0103gi\u021bi<\/strong>. Acest lucru poate afecta satisfac\u021bia clien\u021bilor \u0219i poate p\u0103ta reputa\u021bia unit\u0103\u021bii.<\/p>\n<ul>\n<li><strong>Coridoare lungi:<\/strong> Mai multe \u00eenc\u0103peri sunt adesea conectate la o singur\u0103 conduct\u0103, iar cre\u0219terea consumului de ap\u0103 \u00een apropierea punctului de intrare al conductei duce adesea la <strong>aprovizionare insuficient\u0103 la puncte de utilizare \u00eendep\u0103rtate,<\/strong> o problem\u0103 frecvent\u0103 \u00een cl\u0103dirile vechi. Solu\u021bia: Modernizarea sistemului ecoturbino asigur\u0103 distribu\u021bia uniform\u0103 a apei la toate punctele de utilizare - acest lucru este valabil \u0219i pentru cl\u0103dirile cu mai multe etaje!<\/li>\n<li>Solu\u021bia simpl\u0103: sistemul ecoturbino<\/li>\n<\/ul>\n\t\t<\/div>\n\t\t\t\t\t<\/div>\n\n\t\n<\/div>\n\t<div id=\"gap-2075588544\" class=\"gap-element clearfix\" style=\"display:block; height:auto;\">\n\t\t\n<style>\n#gap-2075588544 {\n  padding-top: 30px;\n}\n<\/style>\n\t<\/div>\n\t\n<div class=\"row\"  id=\"row-350065852\">\n\n\t<div id=\"col-1347993125\" class=\"col medium-6 small-12 large-6\"  >\n\t\t\t\t<div class=\"col-inner\" style=\"background-color:rgb(255,255,255);\" >\n\t\t\t\n\t\t\t\n<p>ecoturbino este o solu\u021bie eficient\u0103 la aceast\u0103 problem\u0103 larg r\u0103sp\u00e2ndit\u0103. Tehnologia a fost dezvoltat\u0103 pentru a reduce consumul de ap\u0103 pentru du\u0219uri cu un procent impresionant de 40 %, f\u0103r\u0103 a afecta presiunea apei. Iat\u0103 c\u00e2teva dintre beneficiile pe care ecoturbino le ofer\u0103 hotelurilor, cluburilor \u0219i centrelor de fitness:<\/p>\n<ul>\n<li><strong>Men\u021binerea presiunii apei:<\/strong> ecoturbino se asigur\u0103 c\u0103 presiunea apei este men\u021binut\u0103 chiar \u0219i atunci c\u00e2nd mai multe persoane fac du\u0219 simultan. Acest lucru \u00eenseamn\u0103 c\u0103 to\u021bi oaspe\u021bii sau membrii se pot bucura de un jet de ap\u0103 puternic \u0219i pl\u0103cut f\u0103r\u0103 a fi nevoi\u021bi s\u0103 fac\u0103 compromisuri din cauza disponibilit\u0103\u021bii limitate a apei.<\/li>\n<li><strong>Clien\u021bi \u0219i oaspe\u021bi mul\u021bumi\u021bi:<\/strong> ecoturbino garanteaz\u0103 clien\u021bi \u0219i oaspe\u021bi mul\u021bumi\u021bi. Ace\u0219tia se pot bucura pe deplin de experien\u021ba du\u0219ului f\u0103r\u0103 a-\u0219i face griji cu privire la presiunea apei. Acest lucru duce la <strong>cuv\u00e2nt din gur\u0103 pozitiv<\/strong> \u0219i consolideaz\u0103 reputa\u021bia unit\u0103\u021bii.<\/li>\n<li><strong>Economisirea apei:<\/strong> \u00cen ciuda men\u021binerii presiunii apei, <strong>ecoturbino reduce semnificativ consumul de ap\u0103.<\/strong> Acest lucru contribuie la conservarea resurselor de ap\u0103 \u0219i reduce simultan costurile cu apa.<\/li>\n<li><strong>Economii de energie:<\/strong> Deoarece trebuie \u00eenc\u0103lzit\u0103 mai pu\u021bin\u0103 ap\u0103 pentru a furniza ap\u0103 cald\u0103 de du\u0219, costurile cu energia sunt, de asemenea, reduse. Acest lucru este benefic nu numai pentru mediu, ci \u0219i pentru bugetul unit\u0103\u021bii.<\/li>\n<li><strong>Instalare u\u0219oar\u0103:<\/strong> ecoturbino poate fi instalat u\u0219or \u0219i eficient din punct de vedere al costurilor, f\u0103r\u0103 a fi nevoie de renov\u0103ri ample. Investi\u021bia se amortizeaz\u0103 rapid prin economiile realizate.<\/li>\n<\/ul>\n\t\t<\/div>\n\t\t\t\t\n<style>\n#col-1347993125 > .col-inner {\n  padding: 15px 15px 15px 15px;\n  border-radius: 10px;\n}\n<\/style>\n\t<\/div>\n\n\t\n\n\t<div id=\"col-10675847\" class=\"col medium-6 small-12 large-6\"  >\n\t\t\t\t<div class=\"col-inner\" style=\"background-color:#c0d63d;\" >\n\t\t\t\n\t\t\t\n\t<div id=\"text-1591047271\" class=\"text\">\n\t\t\n<h4 class=\"uppercase\">CONCLUZII<\/h4>\n\t\t\n<style>\n#text-1591047271 {\n  font-size: 2rem;\n  text-align: right;\n  color: rgb(255, 255, 255);\n}\n#text-1591047271 > * {\n  color: rgb(255, 255, 255);\n}\n@media (min-width:550px) {\n  #text-1591047271 {\n    font-size: 3.5rem;\n    text-align: right;\n  }\n}\n<\/style>\n\t<\/div>\n\t\n<h3>Mai mult\u0103 satisfac\u021bie, costuri mai mici<\/h3>\n<p>tehnologia ecoturbino este o<strong> solu\u021bia ideal\u0103 pentru hoteluri, cluburi \u0219i centre de fitness<\/strong>, precum \u0219i pentru to\u021bi cei care se confrunt\u0103 cu o capacitate limitat\u0103 de ap\u0103. Acesta nu numai c\u0103 <strong>asigur\u0103 clien\u021bi \u0219i oaspe\u021bi mul\u021bumi\u021bi<\/strong> dar permite \u0219i economisirea semnificativ\u0103 a apei \u0219i reducerea costurilor cu energia.<\/p>\n<p>Cu ecoturbino, unit\u0103\u021bile \u00ee\u0219i pot \u00eembun\u0103t\u0103\u021bi serviciile, reduc\u00e2nd \u00een acela\u0219i timp costurile - o situa\u021bie avantajoas\u0103 pentru toat\u0103 lumea.<\/p>\n\t\t<\/div>\n\t\t\t\t\n<style>\n#col-10675847 > .col-inner {\n  padding: 10px 20px 1px 25px;\n  border-radius: 10px;\n}\n<\/style>\n\t<\/div>\n\n\t\n<\/div>\n\t\t<\/div>\n\t\t\t\t\n<style>\n#col-1508445846 > .col-inner {\n  margin: 0px 0px -125px 0px;\n}\n@media (min-width:550px) {\n  #col-1508445846 > .col-inner {\n    margin: 0px 0px -200px 0px;\n  }\n}\n<\/style>\n\t<\/div>\n\n\t\n<\/div>\n\t\t<\/div>\n\n\t\t\n<style>\n#section_1703413952 {\n  padding-top: 30px;\n  padding-bottom: 30px;\n}\n<\/style>\n\t<\/section>\n\t\n\n\t<section class=\"section\" id=\"section_412342146\">\n\t\t<div class=\"section-bg fill\" >\n\t\t\t<img decoding=\"async\" width=\"1920\" height=\"683\" src=\"https:\/\/ecoturbino.world\/wp-content\/uploads\/2025\/12\/ecoturbino-function_1920-1.webp\" class=\"bg attachment- size-\" alt=\"ecoturbino funktion\" \/>\t\t\t\t\t\t<div class=\"section-bg-overlay absolute fill\"><\/div>\n\t\t\t\n\n\t\t<\/div>\n\n\t\t\t<div class=\"ux-shape-divider ux-shape-divider--top ux-shape-divider--style-waves-opacity\">\n\t\t<svg viewbox=\"0 0 1000 300\" xmlns=\"http:\/\/www.w3.org\/2000\/svg\" preserveaspectratio=\"none\">\n    <path class=\"ux-shape-fill\" d=\"M0 300L-1 69.71C216 57 299.47 198.86 403 226C506 253 577 196 660 197C740 198 790.09 234.07 874 267C935.23 291 982 282.61 1000 277.61V300H0Z\"\/>\n    <path class=\"ux-shape-fill\" opacity=\"0.5\" d=\"M1 265.094L0 50.5C217 37.79 300.47 186.36 404 213.5C507 240.5 578 196.5 661 197.5C741 198.5 787.59 239.57 871.5 272.5C932.73 296.5 980.5 284.5 998.5 279.5V298.5L1 265.094Z\"\/>\n    <path class=\"ux-shape-fill\" opacity=\"0.15\" d=\"M0.999878 244.094L-0.00012207 27C217 14.29 300.47 173.86 404 201C507 228 578 196 661 197C741 198 787.59 243.07 871.5 276C932.73 300 980.5 284.5 998.5 279.5V299L0.999878 244.094Z\"\/>\n<\/svg>\n\n\t<\/div>\n\n\n\t\t<div class=\"section-content relative\">\n\t\t\t\n\t\t<\/div>\n\n\t\t\n<style>\n#section_412342146 {\n  padding-top: 125px;\n  padding-bottom: 125px;\n}\n#section_412342146 .section-bg-overlay {\n  background-color: rgba(0, 0, 0, 0.25);\n}\n#section_412342146 .ux-shape-divider--top svg {\n  height: 80px;\n  --divider-top-width: 100%;\n}\n@media (min-width:550px) {\n  #section_412342146 {\n    padding-top: 300px;\n    padding-bottom: 300px;\n  }\n  #section_412342146 .ux-shape-divider--top svg {\n    height: 124px;\n  }\n}\n<\/style>\n\t<\/section>","protected":false},"excerpt":{"rendered":"","protected":false},"author":2,"featured_media":1688,"parent":0,"menu_order":0,"comment_status":"closed","ping_status":"closed","template":"page-blank.php","meta":{"inline_featured_image":false,"footnotes":""},"class_list":["post-1207","page","type-page","status-publish","has-post-thumbnail","hentry"],"_links":{"self":[{"href":"https:\/\/ecoturbino.world\/ro\/wp-json\/wp\/v2\/pages\/1207","targetHints":{"allow":["GET"]}}],"collection":[{"href":"https:\/\/ecoturbino.world\/ro\/wp-json\/wp\/v2\/pages"}],"about":[{"href":"https:\/\/ecoturbino.world\/ro\/wp-json\/wp\/v2\/types\/page"}],"author":[{"embeddable":true,"href":"https:\/\/ecoturbino.world\/ro\/wp-json\/wp\/v2\/users\/2"}],"replies":[{"embeddable":true,"href":"https:\/\/ecoturbino.world\/ro\/wp-json\/wp\/v2\/comments?post=1207"}],"version-history":[{"count":0,"href":"https:\/\/ecoturbino.world\/ro\/wp-json\/wp\/v2\/pages\/1207\/revisions"}],"wp:featuredmedia":[{"embeddable":true,"href":"https:\/\/ecoturbino.world\/ro\/wp-json\/wp\/v2\/media\/1688"}],"wp:attachment":[{"href":"https:\/\/ecoturbino.world\/ro\/wp-json\/wp\/v2\/media?parent=1207"}],"curies":[{"name":"wp","href":"https:\/\/api.w.org\/{rel}","templated":true}]}}