{"id":1202,"date":"2024-01-01T11:52:19","date_gmt":"2024-01-01T10:52:19","guid":{"rendered":"https:\/\/ecoturbino.eu\/?page_id=1202"},"modified":"2025-12-29T22:44:32","modified_gmt":"2025-12-29T21:44:32","slug":"impact-3","status":"publish","type":"page","link":"https:\/\/ecoturbino.world\/ro\/impact-3\/","title":{"rendered":"Suficient\u0103 ap\u0103 cald\u0103 pentru toate du\u0219urile \u00een acela\u0219i timp"},"content":{"rendered":"<section class=\"section zindex1\" id=\"section_1915877334\">\n\t\t<div class=\"section-bg fill\" >\n\t\t\t\t\t\t\t\t\t\n\t\t\t\n\n\t\t<\/div>\n\n\t\t\n\n\t\t<div class=\"section-content relative\">\n\t\t\t\n<div class=\"row row-small\"  id=\"row-104235367\">\n\n\t<div id=\"col-20488444\" class=\"col medium-9 small-12 large-9\"  >\n\t\t\t\t<div class=\"col-inner\"  >\n\t\t\t\n\t\t\t\n<h1 class=\"uppercase\">Suficient\u0103 alimentare cu ap\u0103 cald\u0103 pentru toate du\u0219urile<\/h1>\n<h3 class=\"thin-font\">al treilea impact al sistemului ecoturbino\u00ae de economisire a apei \u0219i de protec\u021bie a mediului<\/h3>\n<div class=\"row\"  id=\"row-1365888571\">\n\n\t<div id=\"col-993335504\" class=\"col medium-11 small-12 large-11\"  >\n\t\t\t\t<div class=\"col-inner\"  >\n\t\t\t\n\t\t\t\n\t<div id=\"stack-1334299239\" class=\"stack stack-row justify-start items-start\">\n\t\t\n\t<div class=\"img has-hover x md-x lg-x y md-y lg-y\" id=\"image_755256992\">\n\t\t<a class=\"\" href=\"\/ro\/impact-1\/\" >\t\t\t\t\t\t<div class=\"img-inner image-color dark\" >\n\t\t\t<img decoding=\"async\" width=\"100\" height=\"100\" src=\"https:\/\/ecoturbino.world\/wp-content\/uploads\/2024\/01\/impact1.svg\" class=\"attachment-original size-original\" alt=\"\" \/>\t\t\t\t\t\t\n\t\t\t\t\t<\/div>\n\t\t\t\t\t\t<\/a>\t\t\n<style>\n#image_755256992 {\n  width: 100%;\n}\n<\/style>\n\t<\/div>\n\t\n\t<div class=\"img has-hover x md-x lg-x y md-y lg-y\" id=\"image_1193906728\">\n\t\t<a class=\"\" href=\"\/ro\/impact-2\/\" >\t\t\t\t\t\t<div class=\"img-inner image-color dark\" >\n\t\t\t<img decoding=\"async\" width=\"100\" height=\"100\" src=\"https:\/\/ecoturbino.world\/wp-content\/uploads\/2024\/01\/impact2.svg\" class=\"attachment-original size-original\" alt=\"\" \/>\t\t\t\t\t\t\n\t\t\t\t\t<\/div>\n\t\t\t\t\t\t<\/a>\t\t\n<style>\n#image_1193906728 {\n  width: 100%;\n}\n<\/style>\n\t<\/div>\n\t\n\t<div class=\"img has-hover x md-x lg-x y md-y lg-y\" id=\"image_1532838476\">\n\t\t\t\t\t\t\t\t<div class=\"img-inner dark\" >\n\t\t\t<img decoding=\"async\" width=\"100\" height=\"100\" src=\"https:\/\/ecoturbino.world\/wp-content\/uploads\/2024\/01\/impact3.svg\" class=\"attachment-original size-original\" alt=\"Impactul 3 al ecoturbino\" \/>\t\t\t\t\t\t\n\t\t\t\t\t<\/div>\n\t\t\t\t\t\t\t\t\n<style>\n#image_1532838476 {\n  width: 100%;\n}\n<\/style>\n\t<\/div>\n\t\n\t<div class=\"img has-hover x md-x lg-x y md-y lg-y\" id=\"image_1755900350\">\n\t\t<a class=\"\" href=\"\/ro\/impact-4\/\" >\t\t\t\t\t\t<div class=\"img-inner image-color dark\" >\n\t\t\t<img decoding=\"async\" width=\"100\" height=\"100\" src=\"https:\/\/ecoturbino.world\/wp-content\/uploads\/2024\/01\/impact4.svg\" class=\"attachment-original size-original\" alt=\"Impactul 4 al ecoturbino\" \/>\t\t\t\t\t\t\n\t\t\t\t\t<\/div>\n\t\t\t\t\t\t<\/a>\t\t\n<style>\n#image_1755900350 {\n  width: 100%;\n}\n<\/style>\n\t<\/div>\n\t\n\t<div class=\"img has-hover x md-x lg-x y md-y lg-y\" id=\"image_1562325181\">\n\t\t<a class=\"\" href=\"\/ro\/impact-5\/\" >\t\t\t\t\t\t<div class=\"img-inner image-color dark\" >\n\t\t\t<img decoding=\"async\" width=\"100\" height=\"100\" src=\"https:\/\/ecoturbino.world\/wp-content\/uploads\/2024\/01\/impact5.svg\" class=\"attachment-original size-original\" alt=\"\" \/>\t\t\t\t\t\t\n\t\t\t\t\t<\/div>\n\t\t\t\t\t\t<\/a>\t\t\n<style>\n#image_1562325181 {\n  width: 100%;\n}\n<\/style>\n\t<\/div>\n\t\n\t<div class=\"img has-hover x md-x lg-x y md-y lg-y\" id=\"image_105255756\">\n\t\t<a class=\"\" href=\"\/ro\/impact-6\/\" >\t\t\t\t\t\t<div class=\"img-inner image-color dark\" >\n\t\t\t<img decoding=\"async\" width=\"100\" height=\"100\" src=\"https:\/\/ecoturbino.world\/wp-content\/uploads\/2024\/01\/impact6.svg\" class=\"attachment-original size-original\" alt=\"Impactul 6 al ecoturbino\" \/>\t\t\t\t\t\t\n\t\t\t\t\t<\/div>\n\t\t\t\t\t\t<\/a>\t\t\n<style>\n#image_105255756 {\n  width: 100%;\n}\n<\/style>\n\t<\/div>\n\t\n\t<div class=\"img has-hover x md-x lg-x y md-y lg-y\" id=\"image_2130601972\">\n\t\t<a class=\"\" href=\"\/ro\/impact-7\/\" >\t\t\t\t\t\t<div class=\"img-inner image-color dark\" >\n\t\t\t<img decoding=\"async\" width=\"100\" height=\"100\" src=\"https:\/\/ecoturbino.world\/wp-content\/uploads\/2024\/01\/impact7.svg\" class=\"attachment-original size-original\" alt=\"Impactul 7 al ecoturbino\" \/>\t\t\t\t\t\t\n\t\t\t\t\t<\/div>\n\t\t\t\t\t\t<\/a>\t\t\n<style>\n#image_2130601972 {\n  width: 100%;\n}\n<\/style>\n\t<\/div>\n\t\n\t\t\n<style>\n#stack-1334299239 > * {\n  --stack-gap: 0.5rem;\n}\n@media (min-width:550px) {\n  #stack-1334299239 > * {\n    --stack-gap: 1rem;\n  }\n}\n<\/style>\n\t<\/div>\n\t\n\t\t<\/div>\n\t\t\t\t\t<\/div>\n\n\t\n<\/div>\n\t\t<\/div>\n\t\t\t\t\t<\/div>\n\n\t\n\n\t<div id=\"col-665621267\" class=\"col medium-3 small-12 large-3\"  >\n\t\t\t\t<div class=\"col-inner\"  >\n\t\t\t\n\t\t\t\n\t<div class=\"img has-hover x md-x lg-x y md-y lg-y\" id=\"image_575738763\">\n\t\t\t\t\t\t\t\t<div class=\"img-inner dark\" >\n\t\t\t<img decoding=\"async\" width=\"100\" height=\"100\" src=\"https:\/\/ecoturbino.world\/wp-content\/uploads\/2024\/01\/impact3.svg\" class=\"attachment-original size-original\" alt=\"Impactul 3 al ecoturbino\" \/>\t\t\t\t\t\t\n\t\t\t\t\t<\/div>\n\t\t\t\t\t\t\t\t\n<style>\n#image_575738763 {\n  width: 100%;\n}\n<\/style>\n\t<\/div>\n\t\n\t\t<\/div>\n\t\t\t\t\t<\/div>\n\n\t\n<\/div>\n<div class=\"row\"  id=\"row-1465039453\">\n\n\t<div id=\"col-1102546957\" class=\"col small-12 large-12\"  >\n\t\t\t\t<div class=\"col-inner\"  >\n\t\t\t\n\t\t\t\n<div class=\"is-divider divider clearfix\" style=\"max-width:100%;height:1px;\"><\/div>\n<h3><span style=\"font-size: 120%;\">Cazane mici \u0219i alimentare cu ap\u0103 cald\u0103 pentru toat\u0103 lumea | Problem\u0103 \u0219i solu\u021bie cu ecoturbino<\/span><\/h3>\n<p>Problema <strong>alimentarea cu ap\u0103 cald\u0103 este adesea neglijat\u0103<\/strong> dar r\u0103m\u00e2ne un element crucial pentru confortul \u0219i calitatea vie\u021bii \u00een multe <strong>gospod\u0103rii, <a href=\"https:\/\/ecoturbino.world\/ro\/lumea-directoarelor\/categorii\/centru-sportiv-2\/\" target=\"_blank\" rel=\"noopener\">s\u0103li de sport<\/a>, c\u0103mine studen\u021be\u0219ti,<\/strong> \u0219i alte facilit\u0103\u021bi comune.<\/p>\n<p>Mai ales \u00een situa\u021biile \u00een care <strong>cazanele mici sau pompele de c\u0103ldur\u0103 sunt singura surs\u0103 de ap\u0103 cald\u0103,<\/strong> pot ap\u0103rea lipsuri atunci c\u00e2nd toat\u0103 lumea vrea s\u0103 fac\u0103 du\u0219 \u00een acela\u0219i timp. Aceast\u0103 problem\u0103 afecteaz\u0103 \u00een primul r\u00e2nd familiile din casele unifamiliale, s\u0103lile de sport \u0219i facilit\u0103\u021bile comune.<\/p>\n<p>Acesta este locul \u00een care <strong>tehnologia inovatoare a ecoturbino intr\u0103 \u00een joc<\/strong>, nu numai <strong>reducerea consumului de ap\u0103 \u00een timpul du\u0219urilor cu un procent impresionant de 40<\/strong> dar \u0219i, \u00een general, asigurarea unei cantit\u0103\u021bi adecvate de ap\u0103 cald\u0103 pentru toat\u0103 lumea \u0219i oferirea a numeroase beneficii.<\/p>\n<blockquote>\n<p>Durata de disponibilitate a apei calde pentru du\u0219uri este prelungit\u0103 cu 40%.<\/p>\n<\/blockquote>\n\t<div id=\"gap-762565513\" class=\"gap-element clearfix\" style=\"display:block; height:auto;\">\n\t\t\n<style>\n#gap-762565513 {\n  padding-top: 30px;\n}\n<\/style>\n\t<\/div>\n\t\n<div class=\"row\"  id=\"row-595554330\">\n\n\t<div id=\"col-393060251\" class=\"col medium-4 small-12 large-4\"  >\n\t\t\t\t<div class=\"col-inner\"  >\n\t\t\t\n\t\t\t\n\t<div class=\"img has-hover radius10 x md-x lg-x y md-y lg-y\" id=\"image_13550021\">\n\t\t\t\t\t\t\t\t<div class=\"img-inner dark\" >\n\t\t\t<img decoding=\"async\" width=\"600\" height=\"600\" src=\"https:\/\/ecoturbino.world\/wp-content\/uploads\/2024\/01\/setting-temp_600.webp\" class=\"attachment-original size-original\" alt=\"Simbol de setare a temperaturii\" srcset=\"https:\/\/ecoturbino.world\/wp-content\/uploads\/2024\/01\/setting-temp_600.webp 600w, https:\/\/ecoturbino.world\/wp-content\/uploads\/2024\/01\/setting-temp_600-500x500.webp 500w, https:\/\/ecoturbino.world\/wp-content\/uploads\/2024\/01\/setting-temp_600-32x32.webp 32w, https:\/\/ecoturbino.world\/wp-content\/uploads\/2024\/01\/setting-temp_600-48x48.webp 48w, https:\/\/ecoturbino.world\/wp-content\/uploads\/2024\/01\/setting-temp_600-80x80.webp 80w, https:\/\/ecoturbino.world\/wp-content\/uploads\/2024\/01\/setting-temp_600-180x180.webp 180w\" sizes=\"(max-width: 600px) 100vw, 600px\" \/>\t\t\t\t\t\t\n\t\t\t\t\t<\/div>\n\t\t\t\t\t\t\t\t\n<style>\n#image_13550021 {\n  width: 100%;\n}\n<\/style>\n\t<\/div>\n\t\n\t\t<\/div>\n\t\t\t\t\t<\/div>\n\n\t\n\n\t<div id=\"col-1289516099\" class=\"col medium-8 small-12 large-8\"  >\n\t\t\t\t<div class=\"col-inner\"  >\n\t\t\t\n\t\t\t\n<h3>Problema cu cazanele mici \u0219i <a href=\"https:\/\/en.wikipedia.org\/wiki\/Heat_pump\" target=\"_blank\" rel=\"noopener sponsored\">Pompe de c\u0103ldur\u0103<\/a><\/h3>\n<p>\u00cen multe case de locuit \u0219i facilit\u0103\u021bi comune, <strong>sistemele de alimentare cu ap\u0103 cald\u0103 sunt adesea subdimensionate<\/strong> din cauza resurselor limitate sau a constr\u00e2ngerilor de spa\u021biu.<\/p>\n<p>Cazanele mici sau pompele de c\u0103ldur\u0103 pot prezenta dificult\u0103\u021bi, <strong>\u00een special atunci c\u00e2nd mai multe persoane doresc s\u0103 fac\u0103 du\u0219 simultan.<\/strong> Acest lucru duce adesea la situa\u021bii nepl\u0103cute \u00een care apa cald\u0103 devine rar\u0103 sau chiar se termin\u0103 complet.<\/p>\n<p>Membrii familiei trebuie s\u0103 se gr\u0103beasc\u0103 \u00een timpul du\u0219urilor sau s\u0103 a\u0219tepte mai mult\u0103 ap\u0103 cald\u0103, <strong>clien\u021bii de gimnastic\u0103 devin frustra\u021bi,<\/strong> iar confortul general este compromis semnificativ.<\/p>\n\t\t<\/div>\n\t\t\t\t\t<\/div>\n\n\t\n<\/div>\n\t<div id=\"gap-285912875\" class=\"gap-element clearfix\" style=\"display:block; height:auto;\">\n\t\t\n<style>\n#gap-285912875 {\n  padding-top: 30px;\n}\n<\/style>\n\t<\/div>\n\t\n<div class=\"row\"  id=\"row-1357405164\">\n\n\t<div id=\"col-1431826356\" class=\"col medium-6 small-12 large-6\"  >\n\t\t\t\t<div class=\"col-inner\" style=\"background-color:rgb(255,255,255);\" >\n\t\t\t\n\t\t\t\n<h3>Solu\u021bia \"Ap\u0103 cald\u0103 adecvat\u0103 pentru to\u021bi\" = ecoturbino<\/h3>\n<p>tehnologia ecoturbino ofer\u0103 o<strong> solu\u021bie eficient\u0103 la aceast\u0103 problem\u0103 larg r\u0103sp\u00e2ndit\u0103<\/strong>. Acesta este conceput pentru <strong>reducerea drastic\u0103 a consumului de ap\u0103 \u00een timpul du\u0219urilor<\/strong> f\u0103r\u0103 a compromite confortul du\u0219ului. Iat\u0103 c\u00e2teva dintre beneficiile pe care ecoturbino le ofer\u0103 tuturor:<\/p>\n<ul>\n<li><strong>Redus (HOT) - Consumul de ap\u0103:<\/strong> ecoturbino poate reduce consumul de ap\u0103 cu un procent impresionant de 40 %. Acest lucru \u00eenseamn\u0103 c\u0103 trebuie \u00eenc\u0103lzit\u0103 mai pu\u021bin\u0103 ap\u0103 pentru a furniza ap\u0103 cald\u0103 pentru du\u0219uri sau c\u0103 cantitatea existent\u0103 este suficient\u0103 pentru mai multe sesiuni de du\u0219. Acest lucru conduce la economii semnificative de energie \u0219i resurse de ap\u0103.<\/li>\n<\/ul>\n<blockquote>\n<p>Ap\u0103 cald\u0103 suficient\u0103 pentru to\u021bi: Prin reducerea consumului de ap\u0103, ecoturbino asigur\u0103 c\u0103 exist\u0103 suficient\u0103 ap\u0103 cald\u0103 pentru toat\u0103 lumea, chiar \u0219i atunci c\u00e2nd mai multe persoane doresc s\u0103 fac\u0103 du\u0219 \u00een acela\u0219i timp. Problema capacit\u0103\u021bii limitate a cazanelor mici sau a pompelor de c\u0103ldur\u0103 este rezolvat\u0103 \u00een mod eficient.<\/p>\n<\/blockquote>\n<ul>\n<li><strong>R\u0103zbunare rapid\u0103:<\/strong> Instalarea ecoturbino este simpl\u0103 \u0219i rentabil\u0103. Economiile la costurile cu energia \u0219i apa fac investi\u021bia profitabil\u0103 \u00eentr-o perioad\u0103 scurt\u0103. Pentru familii, s\u0103li de sport \u0219i alte facilit\u0103\u021bi, ecoturbino se amortizeaz\u0103 rapid.<\/li>\n<li><strong>Ecologic:<\/strong> Prin reducerea consumului de ap\u0103, ecoturbino contribuie la conservarea resurselor de ap\u0103 \u0219i la reducerea emisiilor de CO2. Acest lucru este benefic nu numai pentru portofelul dumneavoastr\u0103, ci \u0219i pentru mediu.<\/li>\n<li><strong>Confort sporit la du\u0219:<\/strong> \u00cen ciuda reducerii consumului de ap\u0103, <strong>ecoturbino ofer\u0103 \u00eenc\u0103 o experien\u021b\u0103 de du\u0219 neschimbat\u0103, pl\u0103cut\u0103 \u0219i relaxant\u0103<\/strong>. Tehnologia asigur\u0103 c\u0103 jetul de ap\u0103 r\u0103m\u00e2ne puternic \u0219i pl\u0103cut, f\u0103r\u0103 a fi risipitor (principiu de cre\u0219tere a presiunii f\u0103r\u0103 energie extern\u0103).<\/li>\n<\/ul>\n\t\t<\/div>\n\t\t\t\t\n<style>\n#col-1431826356 > .col-inner {\n  padding: 5px 15px 15px 15px;\n  border-radius: 10px;\n}\n<\/style>\n\t<\/div>\n\n\t\n\n\t<div id=\"col-2042693267\" class=\"col medium-6 small-12 large-6\"  >\n\t\t\t\t<div class=\"col-inner\" style=\"background-color:#c0d63d;\" >\n\t\t\t\n\t\t\t\n\t<div id=\"text-1114605531\" class=\"text\">\n\t\t\n<h4 class=\"uppercase\">CONCLUZII<\/h4>\n\t\t\n<style>\n#text-1114605531 {\n  font-size: 2rem;\n  text-align: right;\n  color: rgb(255,255,255);\n}\n#text-1114605531 > * {\n  color: rgb(255,255,255);\n}\n@media (min-width:850px) {\n  #text-1114605531 {\n    font-size: 3.5rem;\n  }\n}\n<\/style>\n\t<\/div>\n\t\n<h3>Avantaje pentru toat\u0103 lumea datorit\u0103 sistemului ecoturbino<\/h3>\n<p>tehnologia ecoturbino este o <strong>solu\u021bie avantajoas\u0103 pentru toat\u0103 lumea<\/strong> care se confrunt\u0103 cu resurse limitate de ap\u0103 cald\u0103. Aceasta <strong>reduce consumul de ap\u0103, asigur\u0103 ap\u0103 cald\u0103 adecvat\u0103 pentru to\u021bi,<\/strong> \u0219i ofer\u0103 numeroase avantaje \u00een ceea ce prive\u0219te reducerea costurilor, respectarea mediului \u0219i confortul du\u0219ului.<\/p>\n<blockquote>\n<p>Fie c\u0103 este vorba de case de familie, s\u0103li de sport sau alte facilit\u0103\u021bi comune, ecoturbino asigur\u0103 furnizarea eficient\u0103 \u0219i satisf\u0103c\u0103toare a apei calde pentru toat\u0103 lumea.<\/p>\n<\/blockquote>\n<p>\u00cen cazul \u00een care un <strong>scurgerea existent\u0103 s\u0103 fie prea mic\u0103,<\/strong> ecoturbino poate ajuta, de asemenea, cu aceast\u0103 problem\u0103. \u00cen loc de inunda\u021bii, utilizarea produselor noastre este <strong>de multe ori suficient\u0103 pentru a preveni o rev\u0103rsare,<\/strong> astfel \u00eenc\u00e2t este necesar doar 60% din capacitatea de scurgere - de multe ori poate fi evitat\u0103 rev\u0103rsarea.<\/p>\n\t\t<\/div>\n\t\t\t\t\n<style>\n#col-2042693267 > .col-inner {\n  padding: 10px 20px 1px 25px;\n  border-radius: 10px;\n}\n<\/style>\n\t<\/div>\n\n\t\n<\/div>\n\t\t<\/div>\n\t\t\t\t\n<style>\n#col-1102546957 > .col-inner {\n  margin: 0px 0px -125px 0px;\n}\n@media (min-width:550px) {\n  #col-1102546957 > .col-inner {\n    margin: 0px 0px -200px 0px;\n  }\n}\n<\/style>\n\t<\/div>\n\n\t\n<\/div>\n\t\t<\/div>\n\n\t\t\n<style>\n#section_1915877334 {\n  padding-top: 30px;\n  padding-bottom: 30px;\n}\n<\/style>\n\t<\/section>\n\t\n\n\t<section class=\"section\" id=\"section_180186741\">\n\t\t<div class=\"section-bg fill\" >\n\t\t\t<img decoding=\"async\" width=\"1920\" height=\"683\" src=\"https:\/\/ecoturbino.world\/wp-content\/uploads\/2025\/12\/ecoturbino-function_1920-1.webp\" class=\"bg attachment- size-\" alt=\"ecoturbino funktion\" \/>\t\t\t\t\t\t<div class=\"section-bg-overlay absolute fill\"><\/div>\n\t\t\t\n\n\t\t<\/div>\n\n\t\t\t<div class=\"ux-shape-divider ux-shape-divider--top ux-shape-divider--style-waves-opacity\">\n\t\t<svg viewbox=\"0 0 1000 300\" xmlns=\"http:\/\/www.w3.org\/2000\/svg\" preserveaspectratio=\"none\">\n    <path class=\"ux-shape-fill\" d=\"M0 300L-1 69.71C216 57 299.47 198.86 403 226C506 253 577 196 660 197C740 198 790.09 234.07 874 267C935.23 291 982 282.61 1000 277.61V300H0Z\"\/>\n    <path class=\"ux-shape-fill\" opacity=\"0.5\" d=\"M1 265.094L0 50.5C217 37.79 300.47 186.36 404 213.5C507 240.5 578 196.5 661 197.5C741 198.5 787.59 239.57 871.5 272.5C932.73 296.5 980.5 284.5 998.5 279.5V298.5L1 265.094Z\"\/>\n    <path class=\"ux-shape-fill\" opacity=\"0.15\" d=\"M0.999878 244.094L-0.00012207 27C217 14.29 300.47 173.86 404 201C507 228 578 196 661 197C741 198 787.59 243.07 871.5 276C932.73 300 980.5 284.5 998.5 279.5V299L0.999878 244.094Z\"\/>\n<\/svg>\n\n\t<\/div>\n\n\n\t\t<div class=\"section-content relative\">\n\t\t\t\n\t\t<\/div>\n\n\t\t\n<style>\n#section_180186741 {\n  padding-top: 125px;\n  padding-bottom: 125px;\n}\n#section_180186741 .section-bg-overlay {\n  background-color: rgba(0, 0, 0, 0.25);\n}\n#section_180186741 .ux-shape-divider--top svg {\n  height: 80px;\n  --divider-top-width: 100%;\n}\n@media (min-width:550px) {\n  #section_180186741 {\n    padding-top: 250px;\n    padding-bottom: 250px;\n  }\n  #section_180186741 .ux-shape-divider--top svg {\n    height: 124px;\n  }\n}\n<\/style>\n\t<\/section>","protected":false},"excerpt":{"rendered":"","protected":false},"author":2,"featured_media":1556,"parent":0,"menu_order":0,"comment_status":"closed","ping_status":"closed","template":"page-blank.php","meta":{"inline_featured_image":false,"footnotes":""},"class_list":["post-1202","page","type-page","status-publish","has-post-thumbnail","hentry"],"_links":{"self":[{"href":"https:\/\/ecoturbino.world\/ro\/wp-json\/wp\/v2\/pages\/1202","targetHints":{"allow":["GET"]}}],"collection":[{"href":"https:\/\/ecoturbino.world\/ro\/wp-json\/wp\/v2\/pages"}],"about":[{"href":"https:\/\/ecoturbino.world\/ro\/wp-json\/wp\/v2\/types\/page"}],"author":[{"embeddable":true,"href":"https:\/\/ecoturbino.world\/ro\/wp-json\/wp\/v2\/users\/2"}],"replies":[{"embeddable":true,"href":"https:\/\/ecoturbino.world\/ro\/wp-json\/wp\/v2\/comments?post=1202"}],"version-history":[{"count":0,"href":"https:\/\/ecoturbino.world\/ro\/wp-json\/wp\/v2\/pages\/1202\/revisions"}],"wp:featuredmedia":[{"embeddable":true,"href":"https:\/\/ecoturbino.world\/ro\/wp-json\/wp\/v2\/media\/1556"}],"wp:attachment":[{"href":"https:\/\/ecoturbino.world\/ro\/wp-json\/wp\/v2\/media?parent=1202"}],"curies":[{"name":"wp","href":"https:\/\/api.w.org\/{rel}","templated":true}]}}