{"id":1198,"date":"2024-01-01T11:46:22","date_gmt":"2024-01-01T10:46:22","guid":{"rendered":"https:\/\/ecoturbino.eu\/?page_id=1198"},"modified":"2024-01-16T00:49:38","modified_gmt":"2024-01-15T23:49:38","slug":"impact-2","status":"publish","type":"page","link":"https:\/\/ecoturbino.world\/ro\/impact-2\/","title":{"rendered":"Igien\u0103 optimizat\u0103 \u0219i vizibil\u0103 \u00een du\u0219uri | capete de du\u0219"},"content":{"rendered":"<section class=\"section zindex1\" id=\"section_290686020\">\n\t\t<div class=\"section-bg fill\" >\n\t\t\t\t\t\t\t\t\t\n\t\t\t\n\n\t\t<\/div>\n\n\t\t\n\n\t\t<div class=\"section-content relative\">\n\t\t\t\n<div class=\"row row-small\"  id=\"row-1211768412\">\n\n\t<div id=\"col-1339400485\" class=\"col medium-9 small-12 large-9\"  >\n\t\t\t\t<div class=\"col-inner\"  >\n\t\t\t\n\t\t\t\n<h1 class=\"uppercase\">Igien\u0103 optimizat\u0103 \u0219i vizibil\u0103 \u00een du\u0219uri \u0219i b\u0103i<\/h1>\n<h3 class=\"thin-font\">al doilea impact al sistemului ecoturbino\u00ae de economisire a apei \u0219i de protec\u021bie a mediului<\/h3>\n<div class=\"row\"  id=\"row-1087537770\">\n\n\t<div id=\"col-1678925060\" class=\"col medium-11 small-12 large-11\"  >\n\t\t\t\t<div class=\"col-inner\"  >\n\t\t\t\n\t\t\t\n\t<div id=\"stack-2015286011\" class=\"stack stack-row justify-start items-start\">\n\t\t\n\t<div class=\"img has-hover x md-x lg-x y md-y lg-y\" id=\"image_954185867\" data-no-translation=\"\">\n\t\t<a class=\"\" href=\"\/impact-1\/\" >\t\t\t\t\t\t<div class=\"img-inner image-color dark\" >\n\t\t\t<img decoding=\"async\" width=\"100\" height=\"100\" src=\"https:\/\/ecoturbino.world\/wp-content\/uploads\/2024\/01\/impact1.svg\" class=\"attachment-original size-original\" alt=\"\" \/>\t\t\t\t\t\t\n\t\t\t\t\t<\/div>\n\t\t\t\t\t\t<\/a>\t\t\n<style>\n#image_954185867 {\n  width: 100%;\n}\n<\/style>\n\t<\/div>\n\t\n\t<div class=\"img has-hover x md-x lg-x y md-y lg-y\" id=\"image_2110426366\" data-no-translation=\"\">\n\t\t\t\t\t\t\t\t<div class=\"img-inner dark\" >\n\t\t\t<img decoding=\"async\" width=\"100\" height=\"100\" src=\"https:\/\/ecoturbino.world\/wp-content\/uploads\/2024\/01\/impact2.svg\" class=\"attachment-original size-original\" alt=\"\" \/>\t\t\t\t\t\t\n\t\t\t\t\t<\/div>\n\t\t\t\t\t\t\t\t\n<style>\n#image_2110426366 {\n  width: 100%;\n}\n<\/style>\n\t<\/div>\n\t\n\t<div class=\"img has-hover x md-x lg-x y md-y lg-y\" id=\"image_1151001902\" data-no-translation=\"\">\n\t\t<a class=\"\" href=\"\/impact-3\/\" >\t\t\t\t\t\t<div class=\"img-inner image-color dark\" >\n\t\t\t<img decoding=\"async\" width=\"100\" height=\"100\" src=\"https:\/\/ecoturbino.world\/wp-content\/uploads\/2024\/01\/impact3.svg\" class=\"attachment-original size-original\" alt=\"Impact 3 of ecoturbino\" \/>\t\t\t\t\t\t\n\t\t\t\t\t<\/div>\n\t\t\t\t\t\t<\/a>\t\t\n<style>\n#image_1151001902 {\n  width: 100%;\n}\n<\/style>\n\t<\/div>\n\t\n\t<div class=\"img has-hover x md-x lg-x y md-y lg-y\" id=\"image_823610129\" data-no-translation=\"\">\n\t\t<a class=\"\" href=\"\/impact-4\/\" >\t\t\t\t\t\t<div class=\"img-inner image-color dark\" >\n\t\t\t<img decoding=\"async\" width=\"100\" height=\"100\" src=\"https:\/\/ecoturbino.world\/wp-content\/uploads\/2024\/01\/impact4.svg\" class=\"attachment-original size-original\" alt=\"Impact 4 of ecoturbino\" \/>\t\t\t\t\t\t\n\t\t\t\t\t<\/div>\n\t\t\t\t\t\t<\/a>\t\t\n<style>\n#image_823610129 {\n  width: 100%;\n}\n<\/style>\n\t<\/div>\n\t\n\t<div class=\"img has-hover x md-x lg-x y md-y lg-y\" id=\"image_180384170\" data-no-translation=\"\">\n\t\t<a class=\"\" href=\"\/impact-5\/\" >\t\t\t\t\t\t<div class=\"img-inner image-color dark\" >\n\t\t\t<img decoding=\"async\" width=\"100\" height=\"100\" src=\"https:\/\/ecoturbino.world\/wp-content\/uploads\/2024\/01\/impact5.svg\" class=\"attachment-original size-original\" alt=\"\" \/>\t\t\t\t\t\t\n\t\t\t\t\t<\/div>\n\t\t\t\t\t\t<\/a>\t\t\n<style>\n#image_180384170 {\n  width: 100%;\n}\n<\/style>\n\t<\/div>\n\t\n\t<div class=\"img has-hover x md-x lg-x y md-y lg-y\" id=\"image_293985026\" data-no-translation=\"\">\n\t\t<a class=\"\" href=\"\/impact-6\/\" >\t\t\t\t\t\t<div class=\"img-inner image-color dark\" >\n\t\t\t<img decoding=\"async\" width=\"100\" height=\"100\" src=\"https:\/\/ecoturbino.world\/wp-content\/uploads\/2024\/01\/impact6.svg\" class=\"attachment-original size-original\" alt=\"Impact 6 of ecoturbino\" \/>\t\t\t\t\t\t\n\t\t\t\t\t<\/div>\n\t\t\t\t\t\t<\/a>\t\t\n<style>\n#image_293985026 {\n  width: 100%;\n}\n<\/style>\n\t<\/div>\n\t\n\t<div class=\"img has-hover x md-x lg-x y md-y lg-y\" id=\"image_29936588\" data-no-translation=\"\">\n\t\t<a class=\"\" href=\"\/impact-7\/\" >\t\t\t\t\t\t<div class=\"img-inner image-color dark\" >\n\t\t\t<img decoding=\"async\" width=\"100\" height=\"100\" src=\"https:\/\/ecoturbino.world\/wp-content\/uploads\/2024\/01\/impact7.svg\" class=\"attachment-original size-original\" alt=\"Impact 7 of ecoturbino\" \/>\t\t\t\t\t\t\n\t\t\t\t\t<\/div>\n\t\t\t\t\t\t<\/a>\t\t\n<style>\n#image_29936588 {\n  width: 100%;\n}\n<\/style>\n\t<\/div>\n\t\n\t\t\n<style>\n#stack-2015286011 > * {\n  --stack-gap: 0.5rem;\n}\n@media (min-width:550px) {\n  #stack-2015286011 > * {\n    --stack-gap: 1rem;\n  }\n}\n<\/style>\n\t<\/div>\n\t\n\t\t<\/div>\n\t\t\t\t\t<\/div>\n\n\t\n<\/div>\n\t\t<\/div>\n\t\t\t\t\t<\/div>\n\n\t\n\n\t<div id=\"col-1315215208\" class=\"col medium-3 small-12 large-3\"  >\n\t\t\t\t<div class=\"col-inner\"  >\n\t\t\t\n\t\t\t\n\t<div class=\"img has-hover x md-x lg-x y md-y lg-y\" id=\"image_1290950024\" data-no-translation=\"\">\n\t\t\t\t\t\t\t\t<div class=\"img-inner dark\" >\n\t\t\t<img decoding=\"async\" width=\"100\" height=\"100\" src=\"https:\/\/ecoturbino.world\/wp-content\/uploads\/2024\/01\/impact2.svg\" class=\"attachment-original size-original\" alt=\"\" \/>\t\t\t\t\t\t\n\t\t\t\t\t<\/div>\n\t\t\t\t\t\t\t\t\n<style>\n#image_1290950024 {\n  width: 100%;\n}\n<\/style>\n\t<\/div>\n\t\n\t\t<\/div>\n\t\t\t\t\t<\/div>\n\n\t\n<\/div>\n<div class=\"row\"  id=\"row-1646765508\">\n\n\t<div id=\"col-513088145\" class=\"col small-12 large-12\"  >\n\t\t\t\t<div class=\"col-inner\"  >\n\t\t\t\n\t\t\t\n<div class=\"is-divider divider clearfix\" style=\"max-width:100%;height:1px;\"><\/div>\n<h3><span style=\"font-size: 120%;\">Capetele de du\u0219 \u0219i furtunurile curate | o necesitate pentru du\u0219uri igienice \u00een hoteluri, locuin\u021be, facilit\u0103\u021bi sportive etc.<\/span><\/h3>\n<p>The <strong>experien\u021ba du\u0219ului<\/strong> joac\u0103 un rol central \u00een bun\u0103starea noastr\u0103, fie acas\u0103, \u00een hoteluri sau \u00een alte locuri de cazare.<\/p>\n<p>Un du\u0219 relaxant diminea\u021ba sau dup\u0103 o zi lung\u0103 poate face diferen\u021ba \u00eentre o zi bun\u0103 \u0219i una grozav\u0103. Dar ce se \u00eent\u00e2mpl\u0103 dac\u0103 <strong>capete de du\u0219 \u0219i furtunuri<\/strong> pe care le folosim pentru a ne cur\u0103\u021ba sunt ele \u00eensele <strong>contaminate cu bacterii<\/strong>?<\/p>\n<p>Aceast\u0103 problem\u0103 nu poate fi doar <strong>neigienic<\/strong> dar \u0219i <strong>prezint\u0103 riscuri pentru s\u0103n\u0103tate (contaminare cu Legionella).<\/strong> Aici intervine tehnologia inovatoare a ecoturbino, nu numai <strong>asigurarea cur\u0103\u021beniei igienice a capetelor de du\u0219 \u0219i a furtunurilor<\/strong> dar \u0219i minimizarea eforturilor de cur\u0103\u021bare, reducerea calcarului \u0219i a depunerilor \u0219i promovarea s\u0103n\u0103t\u0103\u021bii, \u00een special \u00een ceea ce prive\u0219te riscul de Legionella.<\/p>\n\t<div id=\"gap-1242404215\" class=\"gap-element clearfix\" style=\"display:block; height:auto;\">\n\t\t\n<style>\n#gap-1242404215 {\n  padding-top: 30px;\n}\n<\/style>\n\t<\/div>\n\t\n<div class=\"row\"  id=\"row-1339040553\">\n\n\t<div id=\"col-1558579132\" class=\"col medium-4 small-12 large-4\"  >\n\t\t\t\t<div class=\"col-inner\"  >\n\t\t\t\n\t\t\t\n\t<div class=\"img has-hover radius10 x md-x lg-x y md-y lg-y\" id=\"image_1412616367\" data-no-translation=\"\">\n\t\t\t\t\t\t\t\t<div class=\"img-inner dark\" >\n\t\t\t<img decoding=\"async\" width=\"600\" height=\"600\" src=\"https:\/\/ecoturbino.world\/wp-content\/uploads\/2024\/01\/shower-head_600.webp\" class=\"attachment-original size-original\" alt=\"\" srcset=\"https:\/\/ecoturbino.world\/wp-content\/uploads\/2024\/01\/shower-head_600.webp 600w, https:\/\/ecoturbino.world\/wp-content\/uploads\/2024\/01\/shower-head_600-500x500.webp 500w, https:\/\/ecoturbino.world\/wp-content\/uploads\/2024\/01\/shower-head_600-32x32.webp 32w, https:\/\/ecoturbino.world\/wp-content\/uploads\/2024\/01\/shower-head_600-48x48.webp 48w, https:\/\/ecoturbino.world\/wp-content\/uploads\/2024\/01\/shower-head_600-80x80.webp 80w, https:\/\/ecoturbino.world\/wp-content\/uploads\/2024\/01\/shower-head_600-180x180.webp 180w\" sizes=\"(max-width: 600px) 100vw, 600px\" \/>\t\t\t\t\t\t\n\t\t\t\t\t<\/div>\n\t\t\t\t\t\t\t\t\n<style>\n#image_1412616367 {\n  width: 100%;\n}\n<\/style>\n\t<\/div>\n\t\n\t\t<\/div>\n\t\t\t\t\t<\/div>\n\n\t\n\n\t<div id=\"col-2139625506\" class=\"col medium-8 small-12 large-8\"  >\n\t\t\t\t<div class=\"col-inner\"  >\n\t\t\t\n\t\t\t\n<h3>De ce capetele de du\u0219 \u0219i furtunurile devin contaminate cu bacterii?<\/h3>\n<p>Capetele de du\u0219 \u0219i furtunurile sunt susceptibile la contaminarea bacterian\u0103 din mai multe motive. Principalul motiv este <strong>ap\u0103 stagnant\u0103.<\/strong> Atunci c\u00e2nd apa stagneaz\u0103 \u00een conducte \u0219i \u00een capul de du\u0219, aceasta ofer\u0103 o <strong>teren ideal pentru reproducerea bacteriilor<\/strong> \u0219i alte microorganisme.<\/p>\n<p>Atunci c\u00e2nd capetele de du\u0219 \u0219i furtunurile de du\u0219 nu sunt utilizate, cum ar fi atunci c\u00e2nd pleca\u021bi \u00een vacan\u021b\u0103, temperatura apei din <strong>se ridic\u0103 \u00een mod natural la temperatura camerei, cresc\u00e2nd contaminarea \u0219i dezvoltarea Legionella<\/strong> de un multiplu - un teren optim de reproducere pentru bacterii!<\/p>\n<p>Aceste bacterii se pot multiplica rapid \u00een mediul cald \u0219i umed \u0219i pot<strong> provoac\u0103 probleme de s\u0103n\u0103tate (cum ar fi <a href=\"https:\/\/en.wikipedia.org\/wiki\/Pneumonia\" target=\"_blank\" rel=\"noopener sponsored\">pneumonie<\/a><\/strong>). O alt\u0103 problem\u0103 este<strong> formarea de calcar<\/strong> \u0219i alte depuneri, care nu numai c\u0103 au un aspect inestetic, dar \u0219i <strong>afecteaz\u0103 performan\u021ba capului de du\u0219<\/strong> \u0219i poate duce la distribuirea neuniform\u0103 a apei.<\/p>\n\t\t<\/div>\n\t\t\t\t\t<\/div>\n\n\t\n<\/div>\n<div class=\"row\"  id=\"row-365812179\">\n\n\t<div id=\"col-1977514658\" class=\"col medium-6 small-12 large-6\"  >\n\t\t\t\t<div class=\"col-inner\"  >\n\t\t\t\n\t\t\t\n<h3>Solu\u021bia pentru capuri de du\u0219 \u0219i furtunuri curate: ecoturbino\u00ae<\/h3>\n<p>Tehnologia Ecoturbino ofer\u0103 o solu\u021bie eficient\u0103 la aceste probleme. Aceasta este conceput\u0103 pentru a goli continuu du\u0219urile \u0219i furtunurile pentru a preveni stagnarea apei. Acest lucru are mai multe avantaje:<\/p>\n<ul>\n<li><strong>Igien\u0103:<\/strong> Golirea continu\u0103 a capetelor de du\u0219 \u0219i a furtunurilor dup\u0103 du\u0219 reduce semnificativ riscul de contaminare bacterian\u0103. F\u0103r\u0103 ap\u0103 stagnant\u0103 \u00een capul de du\u0219, bacteriile \u0219i microorganismele nu au teren de reproducere.<\/li>\n<li><strong>Efort de cur\u0103\u021bare:<\/strong> Sarcina plictisitoare de cur\u0103\u021bare regulat\u0103 a capetelor de du\u0219 \u0219i a furtunurilor pentru a preveni depunerile \u0219i acumularea de calcar este eliminat\u0103 \u00een mare m\u0103sur\u0103. Acest lucru economise\u0219te timp \u0219i efort. Eforturile de \u00eentre\u021binere sunt reduse semnificativ!<\/li>\n<li><strong>Calcar \u0219i depuneri:<\/strong> Tehnologia Ecoturbino ajut\u0103, de asemenea, la reducerea calcarului \u0219i a depunerilor \u00een capetele de du\u0219 \u0219i \u00een furtunuri. Acest lucru nu numai c\u0103 \u00eembun\u0103t\u0103\u021be\u0219te durata de via\u021b\u0103 a echipamentului de du\u0219, dar asigur\u0103 \u0219i un debit constant al apei \u0219i o performan\u021b\u0103 optim\u0103.<\/li>\n<li><strong>S\u0103n\u0103tate:<\/strong> Reducerea riscului de Legionella este deosebit de important\u0103. Legionella sunt bacterii care se \u00eenmul\u021besc \u00een apa stagnant\u0103 \u0219i pot cauza probleme grave de s\u0103n\u0103tate atunci c\u00e2nd sunt inhalate prin aerosoli. Ecoturbino contribuie la minimizarea acestui risc \u0219i la protejarea s\u0103n\u0103t\u0103\u021bii utilizatorilor.<\/li>\n<li><strong>Cur\u0103\u021benie vizual\u0103:<\/strong> Capetele de du\u0219 care sunt drenate continuu de tehnologia ecoturbino r\u0103m\u00e2n \u00eentotdeauna curate \u0219i atr\u0103g\u0103toare din punct de vedere vizual. Acest lucru contribuie la estetica general\u0103 a b\u0103ii.<\/li>\n<\/ul>\n\t\t<\/div>\n\t\t\t\t\t<\/div>\n\n\t\n\n\t<div id=\"col-121891716\" class=\"col medium-6 small-12 large-6\"  >\n\t\t\t\t<div class=\"col-inner\" style=\"background-color:#c0d63d;\" >\n\t\t\t\n\t\t\t\n\t<div id=\"text-97087368\" class=\"text\">\n\t\t\n<h4 class=\"uppercase\">CONCLUZII<\/h4>\n\t\t\n<style>\n#text-97087368 {\n  font-size: 2rem;\n  text-align: right;\n  color: rgb(255, 255, 255);\n}\n#text-97087368 > * {\n  color: rgb(255, 255, 255);\n}\n@media (min-width:850px) {\n  #text-97087368 {\n    font-size: 3.5rem;\n  }\n}\n<\/style>\n\t<\/div>\n\t\n<h3>Igien\u0103 perfect\u0103 \u00een baie \u0219i nu numai datorit\u0103 ecoturbino<\/h3>\n<p><strong>ecoturbino<\/strong> nu numai c\u0103 ofer\u0103 <strong>du\u0219uri curate din punct de vedere igienic<\/strong> \u0219i furtunuri, dar contribuie \u0219i la igiena general\u0103 a b\u0103ii. Deoarece apa stagnant\u0103 \u0219i problemele bacteriene asociate sunt reduse, igiena general\u0103 a b\u0103ii este \u00eembun\u0103t\u0103\u021bit\u0103.<\/p>\n<p>Acest lucru este deosebit de important \u00een caz\u0103ri precum <strong>hoteluri, c\u0103mine de b\u0103tr\u00e2ni, <a href=\"https:\/\/ecoturbino.world\/ro\/lumea-directoarelor\/categorii\/medicale\/\" target=\"_blank\" rel=\"noopener\">clinici<\/a>, \u0219i pensiuni<\/strong>, precum \u0219i opera\u021biuni sezoniere \u0219i facilit\u0103\u021bi sportive, \u00een care siguran\u021ba \u0219i confortul oaspe\u021bilor \u0219i al pacien\u021bilor sunt prioritare.<\/p>\n<p>\u00cen general, ecoturbino este un<strong> solu\u021bie inovatoare pentru o problem\u0103 frecvent neglijat\u0103<\/strong> problem\u0103. Capetele de du\u0219 \u0219i furtunurile curate nu sunt doar <strong>pl\u0103cut din punct de vedere estetic<\/strong> dar \u0219i esen\u021biale pentru s\u0103n\u0103tatea \u0219i bun\u0103starea utilizatorilor.<\/p>\n<p>Cu ecoturbino, pute\u021bi ridica<strong> experien\u021b\u0103 de du\u0219 \u00een hoteluri, case<\/strong>, \u0219i alte facilit\u0103\u021bi la un nou nivel \u00een timp ce<strong> optimizarea igienei b\u0103ii.<\/strong><\/p>\n\t\t<\/div>\n\t\t\t\t\n<style>\n#col-121891716 > .col-inner {\n  padding: 10px 20px 1px 25px;\n  border-radius: 10px;\n}\n<\/style>\n\t<\/div>\n\n\t\n<\/div>\n<div class=\"video video-fit mb\" style=\"padding-top:56.25%;\"><p><iframe title=\"Cel mai u\u0219or mod de a v\u0103 cur\u0103\u021ba capul de du\u0219\ud83d\udca5(REZULTAT INCREDIBIL)!!!\" width=\"1020\" height=\"574\" src=\"https:\/\/www.youtube.com\/embed\/J7uwCSF8Ym0?feature=oembed\" frameborder=\"0\" allow=\"accelerometer; autoplay; clipboard-write; encrypted-media; gyroscope; picture-in-picture; web-share\" referrerpolicy=\"strict-origin-when-cross-origin\" allowfullscreen><\/iframe><\/p>\n<\/div>\n\t\t<\/div>\n\t\t\t\t\t<\/div>\n\n\t\n<\/div>\n\t\t<\/div>\n\n\t\t\n<style>\n#section_290686020 {\n  padding-top: 30px;\n  padding-bottom: 30px;\n}\n<\/style>\n\t<\/section>","protected":false},"excerpt":{"rendered":"","protected":false},"author":2,"featured_media":1533,"parent":0,"menu_order":0,"comment_status":"closed","ping_status":"closed","template":"page-blank.php","meta":{"inline_featured_image":false,"footnotes":""},"class_list":["post-1198","page","type-page","status-publish","has-post-thumbnail","hentry"],"_links":{"self":[{"href":"https:\/\/ecoturbino.world\/ro\/wp-json\/wp\/v2\/pages\/1198","targetHints":{"allow":["GET"]}}],"collection":[{"href":"https:\/\/ecoturbino.world\/ro\/wp-json\/wp\/v2\/pages"}],"about":[{"href":"https:\/\/ecoturbino.world\/ro\/wp-json\/wp\/v2\/types\/page"}],"author":[{"embeddable":true,"href":"https:\/\/ecoturbino.world\/ro\/wp-json\/wp\/v2\/users\/2"}],"replies":[{"embeddable":true,"href":"https:\/\/ecoturbino.world\/ro\/wp-json\/wp\/v2\/comments?post=1198"}],"version-history":[{"count":0,"href":"https:\/\/ecoturbino.world\/ro\/wp-json\/wp\/v2\/pages\/1198\/revisions"}],"wp:featuredmedia":[{"embeddable":true,"href":"https:\/\/ecoturbino.world\/ro\/wp-json\/wp\/v2\/media\/1533"}],"wp:attachment":[{"href":"https:\/\/ecoturbino.world\/ro\/wp-json\/wp\/v2\/media?parent=1198"}],"curies":[{"name":"wp","href":"https:\/\/api.w.org\/{rel}","templated":true}]}}