{"id":1195,"date":"2024-01-01T11:44:09","date_gmt":"2024-01-01T10:44:09","guid":{"rendered":"https:\/\/ecoturbino.eu\/?page_id=1195"},"modified":"2024-01-20T12:37:42","modified_gmt":"2024-01-20T11:37:42","slug":"impact-1","status":"publish","type":"page","link":"https:\/\/ecoturbino.world\/ro\/impact-1\/","title":{"rendered":"Experien\u021b\u0103 de du\u0219 sonor cu cascad\u0103 \u0219i ploaie | ecoturbino"},"content":{"rendered":"<section class=\"section zindex1\" id=\"section_1155051427\">\n\t\t<div class=\"section-bg fill\" >\n\t\t\t\t\t\t\t\t\t\n\t\t\t\n\n\t\t<\/div>\n\n\t\t\n\n\t\t<div class=\"section-content relative\">\n\t\t\t\n<div class=\"row row-small\"  id=\"row-2033568828\">\n\n\t<div id=\"col-994897176\" class=\"col medium-9 small-12 large-9\"  >\n\t\t\t\t<div class=\"col-inner\"  >\n\t\t\t\n\t\t\t\n<h1 class=\"uppercase\">Experien\u021b\u0103 de du\u0219 cu cascad\u0103 \u0219i sunet de ploaie | Ecoturbino\u00ae<\/h1>\n<h3 class=\"thin-font\">primul impact al sistemului ecoturbino\u00ae de economisire a apei \u0219i protec\u021bie a mediului<\/h3>\n<div class=\"row\"  id=\"row-1586096627\">\n\n\t<div id=\"col-224602560\" class=\"col medium-11 small-12 large-11\"  >\n\t\t\t\t<div class=\"col-inner\"  >\n\t\t\t\n\t\t\t\n\t<div id=\"stack-128768956\" class=\"stack stack-row justify-start items-start sm:stack-row\">\n\t\t\n\t<div class=\"img has-hover x md-x lg-x y md-y lg-y\" id=\"image_958981520\">\n\t\t\t\t\t\t\t\t<div class=\"img-inner dark\" >\n\t\t\t<img decoding=\"async\" width=\"100\" height=\"100\" src=\"https:\/\/ecoturbino.world\/wp-content\/uploads\/2024\/01\/impact1.svg\" class=\"attachment-original size-original\" alt=\"\" \/>\t\t\t\t\t\t\n\t\t\t\t\t<\/div>\n\t\t\t\t\t\t\t\t\n<style>\n#image_958981520 {\n  width: 100%;\n}\n<\/style>\n\t<\/div>\n\t\n\t<div class=\"img has-hover x md-x lg-x y md-y lg-y\" id=\"image_1929241150\">\n\t\t<a class=\"\" href=\"\/ro\/impact-2\/\" >\t\t\t\t\t\t<div class=\"img-inner image-color dark\" >\n\t\t\t<img decoding=\"async\" width=\"100\" height=\"100\" src=\"https:\/\/ecoturbino.world\/wp-content\/uploads\/2024\/01\/impact2.svg\" class=\"attachment-original size-original\" alt=\"\" \/>\t\t\t\t\t\t\n\t\t\t\t\t<\/div>\n\t\t\t\t\t\t<\/a>\t\t\n<style>\n#image_1929241150 {\n  width: 100%;\n}\n<\/style>\n\t<\/div>\n\t\n\t<div class=\"img has-hover x md-x lg-x y md-y lg-y\" id=\"image_1333972941\">\n\t\t<a class=\"\" href=\"\/ro\/impact-3\/\" >\t\t\t\t\t\t<div class=\"img-inner image-color dark\" >\n\t\t\t<img decoding=\"async\" width=\"100\" height=\"100\" src=\"https:\/\/ecoturbino.world\/wp-content\/uploads\/2024\/01\/impact3.svg\" class=\"attachment-original size-original\" alt=\"Impactul 3 al ecoturbino\" \/>\t\t\t\t\t\t\n\t\t\t\t\t<\/div>\n\t\t\t\t\t\t<\/a>\t\t\n<style>\n#image_1333972941 {\n  width: 100%;\n}\n<\/style>\n\t<\/div>\n\t\n\t<div class=\"img has-hover x md-x lg-x y md-y lg-y\" id=\"image_430428689\">\n\t\t<a class=\"\" href=\"\/ro\/impact-4\/\" >\t\t\t\t\t\t<div class=\"img-inner image-color dark\" >\n\t\t\t<img decoding=\"async\" width=\"100\" height=\"100\" src=\"https:\/\/ecoturbino.world\/wp-content\/uploads\/2024\/01\/impact4.svg\" class=\"attachment-original size-original\" alt=\"Impactul 4 al ecoturbino\" \/>\t\t\t\t\t\t\n\t\t\t\t\t<\/div>\n\t\t\t\t\t\t<\/a>\t\t\n<style>\n#image_430428689 {\n  width: 100%;\n}\n<\/style>\n\t<\/div>\n\t\n\t<div class=\"img has-hover x md-x lg-x y md-y lg-y\" id=\"image_110875879\">\n\t\t<a class=\"\" href=\"\/ro\/impact-5\/\" >\t\t\t\t\t\t<div class=\"img-inner image-color dark\" >\n\t\t\t<img decoding=\"async\" width=\"100\" height=\"100\" src=\"https:\/\/ecoturbino.world\/wp-content\/uploads\/2024\/01\/impact5.svg\" class=\"attachment-original size-original\" alt=\"\" \/>\t\t\t\t\t\t\n\t\t\t\t\t<\/div>\n\t\t\t\t\t\t<\/a>\t\t\n<style>\n#image_110875879 {\n  width: 100%;\n}\n<\/style>\n\t<\/div>\n\t\n\t<div class=\"img has-hover x md-x lg-x y md-y lg-y\" id=\"image_2049947577\">\n\t\t<a class=\"\" href=\"\/ro\/impact-6\/\" >\t\t\t\t\t\t<div class=\"img-inner image-color dark\" >\n\t\t\t<img decoding=\"async\" width=\"100\" height=\"100\" src=\"https:\/\/ecoturbino.world\/wp-content\/uploads\/2024\/01\/impact6.svg\" class=\"attachment-original size-original\" alt=\"Impactul 6 al ecoturbino\" \/>\t\t\t\t\t\t\n\t\t\t\t\t<\/div>\n\t\t\t\t\t\t<\/a>\t\t\n<style>\n#image_2049947577 {\n  width: 100%;\n}\n<\/style>\n\t<\/div>\n\t\n\t<div class=\"img has-hover x md-x lg-x y md-y lg-y\" id=\"image_1759445034\">\n\t\t<a class=\"\" href=\"\/ro\/impact-7\/\" >\t\t\t\t\t\t<div class=\"img-inner image-color dark\" >\n\t\t\t<img decoding=\"async\" width=\"100\" height=\"100\" src=\"https:\/\/ecoturbino.world\/wp-content\/uploads\/2024\/01\/impact7.svg\" class=\"attachment-original size-original\" alt=\"Impactul 7 al ecoturbino\" \/>\t\t\t\t\t\t\n\t\t\t\t\t<\/div>\n\t\t\t\t\t\t<\/a>\t\t\n<style>\n#image_1759445034 {\n  width: 100%;\n}\n<\/style>\n\t<\/div>\n\t\n\t\t\n<style>\n#stack-128768956 > * {\n  --stack-gap: 0.5rem;\n}\n@media (min-width:550px) {\n  #stack-128768956 > * {\n    --stack-gap: 1rem;\n  }\n}\n<\/style>\n\t<\/div>\n\t\n\t\t<\/div>\n\t\t\t\t\t<\/div>\n\n\t\n<\/div>\n\t\t<\/div>\n\t\t\t\t\t<\/div>\n\n\t\n\n\t<div id=\"col-1632919833\" class=\"col medium-3 small-12 large-3\"  >\n\t\t\t\t<div class=\"col-inner\"  >\n\t\t\t\n\t\t\t\n\t<div class=\"img has-hover x md-x lg-x y md-y lg-y\" id=\"image_162445031\">\n\t\t\t\t\t\t\t\t<div class=\"img-inner dark\" >\n\t\t\t<img decoding=\"async\" width=\"100\" height=\"100\" src=\"https:\/\/ecoturbino.world\/wp-content\/uploads\/2024\/01\/impact1.svg\" class=\"attachment-original size-original\" alt=\"\" \/>\t\t\t\t\t\t\n\t\t\t\t\t<\/div>\n\t\t\t\t\t\t\t\t\n<style>\n#image_162445031 {\n  width: 100%;\n}\n<\/style>\n\t<\/div>\n\t\n\t\t<\/div>\n\t\t\t\t\t<\/div>\n\n\t\n<\/div>\n<div class=\"row\"  id=\"row-1655309305\">\n\n\t<div id=\"col-1911205760\" class=\"col small-12 large-12\"  >\n\t\t\t\t<div class=\"col-inner\"  >\n\t\t\t\n\t\t\t\n<div class=\"is-divider divider clearfix\" style=\"max-width:100%;height:1px;\"><\/div>\n<h2><span style=\"font-size: 120%;\">Experien\u021ba du\u0219ului ca \u0219i cum ar fi \u00een aer liber | un du\u0219 de ploaie audibil pentru confort<\/span><\/h2>\n<p>Pentru mul\u021bi oameni, zilnic <strong>du\u0219<\/strong> este mai mult dec\u00e2t o m\u0103sur\u0103 de igien\u0103 necesar\u0103. Este o <strong>moment de relaxare, bun\u0103stare \u0219i refacere.<\/strong><\/p>\n<p>\u00cen lumea agitat\u0103 de ast\u0103zi, \u00een care stresul \u0219i termenele limit\u0103 sunt omniprezente, <strong>du\u0219ul poate fi o oaz\u0103 de calm<\/strong> \u0219i \u00eentinerire.<\/p>\n<p>\u0218i atunci c\u00e2nd pute\u021bi \u00eembun\u0103t\u0103\u021bi<strong> experien\u021ba du\u0219ului prin sim\u021bire<\/strong> ca \u0219i cum ai sta sub un <strong>du\u0219 de ploaie r\u0103coritor \u00een aer liber sau l\u00e2ng\u0103 o cascad\u0103,<\/strong> acel moment devine ceva cu adev\u0103rat special. Datorit\u0103 ecoturbino, acest lucru este acum posibil.<\/p>\n<h3>Dorul de natur\u0103 \u00een baie<\/h3>\n<p>The <strong>dorul de natur\u0103 \u0219i de aer liber<\/strong> este ad\u00e2nc \u00eenr\u0103d\u0103cinat\u0103 \u00een noi. De-a lungul istoriei, <strong>oamenii au c\u0103utat o leg\u0103tur\u0103 cu natura<\/strong> \u0219i am integrat-o \u00een via\u021ba noastr\u0103 de zi cu zi, fie prin ecologizarea spa\u021biilor noastre de locuit, fie prin utilizarea materialelor naturale.<\/p>\n<p>A\u0219adar, este firesc s\u0103 ne dorim s\u0103 experiment\u0103m natura \u0219i \u00een b\u0103ile noastre. Ideea de a sta sub un du\u0219 de ploaie r\u0103coritor, complet cu <strong>sunete de ap\u0103 \u00een aer liber<\/strong>, \u00een timp ce cald <strong>apa curge u\u0219or peste corpurile noastre<\/strong>este foarte atr\u0103g\u0103toare pentru mul\u021bi dintre noi. Datorit\u0103 ecoturbino, acest lucru este acum posibil.<\/p>\n\t<div id=\"gap-8536288\" class=\"gap-element clearfix\" style=\"display:block; height:auto;\">\n\t\t\n<style>\n#gap-8536288 {\n  padding-top: 30px;\n}\n<\/style>\n\t<\/div>\n\t\n<div class=\"row\"  id=\"row-563988204\">\n\n\t<div id=\"col-1050575542\" class=\"col medium-4 small-12 large-4\"  >\n\t\t\t\t<div class=\"col-inner\"  >\n\t\t\t\n\t\t\t\n\t<div class=\"img has-hover radius10 x md-x lg-x y md-y lg-y\" id=\"image_1845336878\">\n\t\t\t\t\t\t\t\t<div class=\"img-inner dark\" >\n\t\t\t<img decoding=\"async\" width=\"600\" height=\"600\" src=\"https:\/\/ecoturbino.world\/wp-content\/uploads\/2024\/01\/waterfall_600.webp\" class=\"attachment-original size-original\" alt=\"Simbolul cascadei\" srcset=\"https:\/\/ecoturbino.world\/wp-content\/uploads\/2024\/01\/waterfall_600.webp 600w, https:\/\/ecoturbino.world\/wp-content\/uploads\/2024\/01\/waterfall_600-500x500.webp 500w, https:\/\/ecoturbino.world\/wp-content\/uploads\/2024\/01\/waterfall_600-32x32.webp 32w, https:\/\/ecoturbino.world\/wp-content\/uploads\/2024\/01\/waterfall_600-48x48.webp 48w, https:\/\/ecoturbino.world\/wp-content\/uploads\/2024\/01\/waterfall_600-80x80.webp 80w, https:\/\/ecoturbino.world\/wp-content\/uploads\/2024\/01\/waterfall_600-180x180.webp 180w\" sizes=\"(max-width: 600px) 100vw, 600px\" \/>\t\t\t\t\t\t\n\t\t\t\t\t<\/div>\n\t\t\t\t\t\t\t\t\n<style>\n#image_1845336878 {\n  width: 100%;\n}\n<\/style>\n\t<\/div>\n\t\n\t\t<\/div>\n\t\t\t\t\t<\/div>\n\n\t\n\n\t<div id=\"col-1361375667\" class=\"col medium-8 small-12 large-8\"  >\n\t\t\t\t<div class=\"col-inner\"  >\n\t\t\t\n\t\t\t\n<h3>Sunetul apei \u0219i al ploii | o experien\u021b\u0103 auditiv\u0103 relaxant\u0103<\/h3>\n<p>Dar <strong>Experien\u021ba du\u0219ului sonor cu ploaie \u0219i ap\u0103<\/strong> la du\u0219 merge dincolo de senza\u021bia de ploaie cald\u0103 pe piele. Aceasta include \u0219i sunetul lini\u0219titor al ploii care love\u0219te u\u0219or corpul \u0219i apoi cade \u00een cascad\u0103. Acest pocnet bl\u00e2nd ne aminte\u0219te de o baie r\u0103coritoare <strong>du\u0219 de ploaie \u00een aer liber<\/strong> \u0219i te ajut\u0103 s\u0103 scapi de stresul vie\u021bii de zi cu zi.<\/p>\n<blockquote>\n<p>Bulele de aer sub presiune integrate \u00een jetul de ap\u0103 de ecoturbino se desfac pe m\u0103sur\u0103 ce ies din duze. Acest lucru creeaz\u0103 o senza\u021bie de sunet proasp\u0103t care poate fi cel mai bine comparat\u0103 cu un du\u0219 de ploaie \u00een aer liber. O experien\u021b\u0103 fantastic\u0103.<\/p>\n<\/blockquote>\n<p>The <strong>sunet de <a href=\"https:\/\/en.wikipedia.org\/wiki\/Waterfall\" target=\"_blank\" rel=\"noopener sponsored\">cascad\u0103<\/a><\/strong> poate avea un efect calmant \u0219i poate atenua stresul. Creeaz\u0103 o <strong>atmosfer\u0103 relaxat\u0103 care faciliteaz\u0103 renun\u021barea<\/strong> \u0219i concentra\u021bi-v\u0103 asupra experien\u021bei du\u0219ului. Murmurul bl\u00e2nd al apei poate lini\u0219ti mintea \u0219i relaxa corpul, ceea ce este deosebit de reconfortant dup\u0103 o zi lung\u0103.<\/p>\n\t\t<\/div>\n\t\t\t\t\t<\/div>\n\n\t\n<\/div>\n\t<div id=\"gap-1844465879\" class=\"gap-element clearfix\" style=\"display:block; height:auto;\">\n\t\t\n<style>\n#gap-1844465879 {\n  padding-top: 30px;\n}\n<\/style>\n\t<\/div>\n\t\n<div class=\"row\"  id=\"row-1371678335\">\n\n\t<div id=\"col-1744349052\" class=\"col medium-6 small-12 large-6\"  >\n\t\t\t\t<div class=\"col-inner\"  >\n\t\t\t\n\t\t\t\n<h3>\u0218tiin\u021ba din spatele experien\u021bei du\u0219ului<\/h3>\n<blockquote>\n<p>Efectul relaxant al sunetelor de ap\u0103 este sus\u021binut \u0219tiin\u021bific. Studiile au ar\u0103tat c\u0103 ascultarea sunetelor apei poate reduce nivelul de stres.<\/p>\n<\/blockquote>\n<p>The <strong>sunet de ploaie, valuri sau ap\u0103 curg\u0103toare<\/strong> activeaz\u0103 anumite p\u0103r\u021bi ale creierului asociate cu relaxarea \u0219i bun\u0103starea.<\/p>\n<p>Acest lucru explic\u0103 de ce mul\u021bi oameni <strong>s\u0103 considere du\u0219ul ca o modalitate de eliberare de stres \u0219i relaxare<\/strong>. Datorit\u0103 ecoturbino, acest lucru este acum posibil.<\/p>\n\t\t<\/div>\n\t\t\t\t\t<\/div>\n\n\t\n\n\t<div id=\"col-884829970\" class=\"col medium-6 small-12 large-6\"  >\n\t\t\t\t<div class=\"col-inner\" style=\"background-color:#c0d63d;\" >\n\t\t\t\n\t\t\t\n\t<div id=\"text-206784888\" class=\"text\">\n\t\t\n<h4 class=\"uppercase\">CONCLUZII<\/h4>\n\t\t\n<style>\n#text-206784888 {\n  font-size: 2rem;\n  text-align: right;\n  color: rgb(255, 255, 255);\n}\n#text-206784888 > * {\n  color: rgb(255, 255, 255);\n}\n@media (min-width:850px) {\n  #text-206784888 {\n    font-size: 3.5rem;\n  }\n}\n<\/style>\n\t<\/div>\n\t\n<h3>Bucura\u021bi-v\u0103 de experien\u021ba du\u0219ului ca \u0219i cum a\u021bi fi \u00een aer liber<\/h3>\n<p>Experimentarea du\u0219ului ca \u0219i cum ar fi un <strong>du\u0219 de ploaie audibil<\/strong> este mai mult dec\u00e2t un simplu du\u0219. Este o modalitate de a integra natura \u00een via\u021ba noastr\u0103 de zi cu zi, de a reduce stresul \u0219i de a ne relaxa.<\/p>\n<p>Cu un du\u0219 de ploaie \u0219i <strong>elemente atmosferice adecvate \u00een <a href=\"https:\/\/ecoturbino.world\/ro\/lumea-directoarelor\/categorii\/hotel\/\">hotel<\/a> sau baie acas\u0103<\/strong>, oricine poate experimenta acest moment special de relaxare.<\/p>\n<p>A\u0219adar, ofer\u0103-\u021bi din c\u00e2nd \u00een c\u00e2nd o pauz\u0103 sub propriul t\u0103u nor de ploaie \u0219i savureaz\u0103 senza\u021bia ca \u0219i cum te-ai afla sub un du\u0219 cald de ploaie \u00een aer liber. Corpul \u0219i mintea ta \u00ee\u021bi vor mul\u021bumi.<\/p>\n\t\t<\/div>\n\t\t\t\t\n<style>\n#col-884829970 > .col-inner {\n  padding: 10px 20px 1px 25px;\n  border-radius: 10px;\n}\n<\/style>\n\t<\/div>\n\n\t\n<\/div>\n<div class=\"video video-fit mb\" style=\"padding-top:56.25%;\"><p><iframe title=\"Cascad\u0103 care curge peste st\u00e2nci \u00een p\u0103dure 4k. Relaxare ap\u0103 curg\u0103toare, zgomot alb pentru somn, medita\u021bie\" width=\"1020\" height=\"574\" src=\"https:\/\/www.youtube.com\/embed\/sa2JCQ1Dils?feature=oembed\" frameborder=\"0\" allow=\"accelerometer; autoplay; clipboard-write; encrypted-media; gyroscope; picture-in-picture; web-share\" referrerpolicy=\"strict-origin-when-cross-origin\" allowfullscreen><\/iframe><\/p>\n<\/div>\n\t\t<\/div>\n\t\t\t\t\t<\/div>\n\n\t\n<\/div>\n\t\t<\/div>\n\n\t\t\n<style>\n#section_1155051427 {\n  padding-top: 30px;\n  padding-bottom: 30px;\n}\n<\/style>\n\t<\/section>","protected":false},"excerpt":{"rendered":"","protected":false},"author":2,"featured_media":1494,"parent":0,"menu_order":0,"comment_status":"closed","ping_status":"closed","template":"page-blank.php","meta":{"inline_featured_image":false,"footnotes":""},"class_list":["post-1195","page","type-page","status-publish","has-post-thumbnail","hentry"],"_links":{"self":[{"href":"https:\/\/ecoturbino.world\/ro\/wp-json\/wp\/v2\/pages\/1195","targetHints":{"allow":["GET"]}}],"collection":[{"href":"https:\/\/ecoturbino.world\/ro\/wp-json\/wp\/v2\/pages"}],"about":[{"href":"https:\/\/ecoturbino.world\/ro\/wp-json\/wp\/v2\/types\/page"}],"author":[{"embeddable":true,"href":"https:\/\/ecoturbino.world\/ro\/wp-json\/wp\/v2\/users\/2"}],"replies":[{"embeddable":true,"href":"https:\/\/ecoturbino.world\/ro\/wp-json\/wp\/v2\/comments?post=1195"}],"version-history":[{"count":0,"href":"https:\/\/ecoturbino.world\/ro\/wp-json\/wp\/v2\/pages\/1195\/revisions"}],"wp:featuredmedia":[{"embeddable":true,"href":"https:\/\/ecoturbino.world\/ro\/wp-json\/wp\/v2\/media\/1494"}],"wp:attachment":[{"href":"https:\/\/ecoturbino.world\/ro\/wp-json\/wp\/v2\/media?parent=1195"}],"curies":[{"name":"wp","href":"https:\/\/api.w.org\/{rel}","templated":true}]}}