{"id":3924,"date":"2024-09-07T10:07:30","date_gmt":"2024-09-07T08:07:30","guid":{"rendered":"https:\/\/ecoturbino.world\/?page_id=3924"},"modified":"2024-09-09T18:45:32","modified_gmt":"2024-09-09T16:45:32","slug":"apresentacoes-em-hoteis","status":"publish","type":"page","link":"https:\/\/ecoturbino.world\/pt\/hotel-presentations\/","title":{"rendered":"Apresenta\u00e7\u00f5es ecoturbino para Hot\u00e9is | Tecnologia e Sistema pdf"},"content":{"rendered":"<div class=\"banner has-hover\" id=\"banner-250905644\">\n          <div class=\"banner-inner fill\">\n        <div class=\"banner-bg fill\" >\n            <img decoding=\"async\" width=\"2000\" height=\"230\" src=\"https:\/\/ecoturbino.world\/wp-content\/uploads\/2024\/01\/wasser-faq-2000-sw.webp\" class=\"bg attachment-original size-original\" alt=\"Cabe\u00e7alho de \u00e1gua\" \/>                                    \n                    <\/div>\n\t\t\n        <div class=\"banner-layers container\">\n            <div class=\"fill banner-link\"><\/div>            \n   <div id=\"text-box-1992020362\" class=\"text-box banner-layer x50 md-x50 lg-x50 y50 md-y50 lg-y50 res-text\">\n                                <div class=\"text-box-content text dark\">\n              \n              <div class=\"text-inner text-center\">\n                  \n\t<div id=\"text-3786000279\" class=\"text\">\n\t\t\n<h1>ecoturbino PARA HOT\u00c9IS | APRESENTA\u00c7\u00d5ES<\/h1>\n\t\t\n<style>\n#text-3786000279 {\n  font-size: 0.75rem;\n}\n@media (min-width:550px) {\n  #text-3786000279 {\n    font-size: 1rem;\n  }\n}\n<\/style>\n\t<\/div>\n\t\n              <\/div>\n           <\/div>\n                            \n<style>\n#text-box-1992020362 {\n  width: 80%;\n}\n#text-box-1992020362 .text-box-content {\n  font-size: 100%;\n}\n@media (min-width:550px) {\n  #text-box-1992020362 {\n    width: 67%;\n  }\n}\n@media (min-width:850px) {\n  #text-box-1992020362 {\n    width: 57%;\n  }\n}\n<\/style>\n    <\/div>\n \n        <\/div>\n      <\/div>\n\n            \n<style>\n#banner-250905644 {\n  padding-top: 110px;\n}\n#banner-250905644 .banner-bg img {\n  object-position: 78% 0%;\n}\n@media (min-width:550px) {\n  #banner-250905644 {\n    padding-top: 170px;\n  }\n}\n@media (min-width:850px) {\n  #banner-250905644 {\n    padding-top: 190px;\n  }\n}\n<\/style>\n  <\/div>\n\n\n<div class=\"row\"  id=\"row-626066875\">\n\n\t<div id=\"col-1870715885\" class=\"col small-12 large-12\"  >\n\t\t\t\t<div class=\"col-inner text-left\"  >\n\t\t\t\n\t\t\t\n<h2>ecoturbino para Hot\u00e9is | Apresenta\u00e7\u00f5es do sistema de poupan\u00e7a de \u00e1gua pdf em v\u00e1rias l\u00ednguas | Como funciona em pormenor!<\/h2>\n<div class=\"row\"  id=\"row-277067044\">\n\n\t<div id=\"col-945760057\" class=\"col hide-for-small medium-8 small-12 large-8\"  >\n\t\t\t\t<div class=\"col-inner\"  >\n\t\t\t\n\t\t\t\n\t<div id=\"text-4168936860\" class=\"text hide-for-small\">\n\t\t\n<p>O <strong><a href=\"https:\/\/en.ecoturbino.shop\/water-savings-calculator\/\" target=\"_blank\" rel=\"noopener\">ecoturbino<\/a> \u00e9 uma solu\u00e7\u00e3o ideal para <a href=\"https:\/\/ecoturbino.world\/pt\/diretorio-mundial\/categorias\/hotel\/\">hot\u00e9is<\/a><\/strong> uma vez que reduz significativamente os custos de \u00e1gua e energia sem comprometer o conforto dos h\u00f3spedes.<\/p>\n<p>A sua tecnologia inovadora optimiza o fluxo de \u00e1gua nos chuveiros e torneiras, <strong>redu\u00e7\u00e3o do consumo de \u00e1gua at\u00e9 50%<\/strong> mantendo a press\u00e3o total da \u00e1gua. Esta poupan\u00e7a reduz diretamente os custos de energia, uma vez que \u00e9 necess\u00e1rio aquecer menos \u00e1gua.<\/p>\n<blockquote><p>Esta apresenta\u00e7\u00e3o ajud\u00e1-lo-\u00e1 a conhecer o ecoturbino, a compreender como funciona e porque \u00e9 que n\u00e3o necessita de manuten\u00e7\u00e3o durante muitos anos. Um pequeno investimento - uma vida inteira de lucros.<\/p><\/blockquote>\n<p>Para hot\u00e9is que utilizam<strong> centenas de chuveiros e torneiras diariamente,<\/strong> estas poupan\u00e7as acumulam-se em vantagens significativas em termos de custos.<\/p>\n<p>Ao mesmo tempo, o ecoturbino ajuda a proteger o ambiente, o que \u00e9 um fator-chave para os hot\u00e9is preocupados com a sustentabilidade que pretendem melhorar o seu equil\u00edbrio ecol\u00f3gico. Al\u00e9m disso, o <strong>O ecoturbino \u00e9 f\u00e1cil de reequipar<\/strong> e n\u00e3o acarreta custos de manuten\u00e7\u00e3o suplementares.<\/p>\n<p>Os hot\u00e9is podem continuar a utilizar os seus <strong>instala\u00e7\u00f5es existentes sem necessidade de grandes renova\u00e7\u00f5es.<\/strong> Uma vez que os h\u00f3spedes n\u00e3o notam qualquer diferen\u00e7a no conforto da \u00e1gua, a satisfa\u00e7\u00e3o mant\u00e9m-se elevada, w<strong>enquanto o hotel beneficia tanto a n\u00edvel ecol\u00f3gico como econ\u00f3mico.<\/strong> No mundo de hoje, onde a sustentabilidade est\u00e1 a tornar-se cada vez mais importante, o ecoturbino oferece uma solu\u00e7\u00e3o inteligente e econ\u00f3mica para a ind\u00fastria hoteleira.<br \/>\n\t\t\n<style>\n#text-4168936860 {\n  text-align: left;\n}\n<\/style>\n\t<\/div>\n\t\n\t\t<\/div>\n\t\t\t\t\t<\/div>\n\n\t\n\n\t<div id=\"col-1522526592\" class=\"col hide-for-small medium-4 small-12 large-4\"  >\n\t\t\t\t<div class=\"col-inner\"  >\n\t\t\t\n\t\t\t\n<div class=\"is-divider divider clearfix\" ><\/div>\n<div class=\"row\"  id=\"row-1711036732\">\n\n\t<div id=\"col-1807654113\" class=\"col medium-6 small-12 large-6\"  >\n\t\t\t\t<div class=\"col-inner text-center\"  >\n\t\t\t\n\t\t\t\n\t<div class=\"img has-hover x md-x lg-x y md-y lg-y\" id=\"image_1600183736\" data-no-translation=\"\">\n\t\t\t\t\t\t\t\t<div class=\"img-inner dark\" >\n\t\t\t<img decoding=\"async\" width=\"500\" height=\"102\" src=\"https:\/\/ecoturbino.world\/wp-content\/uploads\/2024\/07\/logo-ecoturbino_500.png\" class=\"attachment-large size-large\" alt=\"ecoturbino Logo\" srcset=\"https:\/\/ecoturbino.world\/wp-content\/uploads\/2024\/07\/logo-ecoturbino_500.png 500w, https:\/\/ecoturbino.world\/wp-content\/uploads\/2024\/07\/logo-ecoturbino_500-240x49.png 240w\" sizes=\"(max-width: 500px) 100vw, 500px\" \/>\t\t\t\t\t\t\n\t\t\t\t\t<\/div>\n\t\t\t\t\t\t\t\t\n<style>\n#image_1600183736 {\n  width: 100%;\n}\n<\/style>\n\t<\/div>\n\t\n\t<div class=\"img has-hover x md-x lg-x y md-y lg-y\" id=\"image_1095669351\" data-no-translation=\"\">\n\t\t<a class=\"\" href=\"https:\/\/ecoturbino.net\/\" target=\"_blank\" rel=\"noopener\">\t\t\t\t\t\t<div class=\"img-inner dark\" >\n\t\t\t<img decoding=\"async\" width=\"1020\" height=\"1020\" src=\"https:\/\/ecoturbino.world\/wp-content\/uploads\/2024\/06\/b2b-icon.svg\" class=\"attachment-large size-large\" alt=\"B2B Icon\" \/>\t\t\t\t\t\t\n\t\t\t\t\t<\/div>\n\t\t\t\t\t\t<\/a>\t\t\n<style>\n#image_1095669351 {\n  width: 100%;\n}\n<\/style>\n\t<\/div>\n\t\n\t\t<\/div>\n\t\t\t\t\t<\/div>\n\n\t\n\n\t<div id=\"col-296699451\" class=\"col medium-6 small-12 large-6\"  >\n\t\t\t\t<div class=\"col-inner text-center\"  >\n\t\t\t\n\t\t\t\n\t<div class=\"img has-hover x md-x lg-x y md-y lg-y\" id=\"image_1334967586\" data-no-translation=\"\">\n\t\t\t\t\t\t\t\t<div class=\"img-inner dark\" >\n\t\t\t<img decoding=\"async\" width=\"1020\" height=\"1020\" src=\"https:\/\/ecoturbino.world\/wp-content\/uploads\/2024\/03\/impact1-7.svg\" class=\"attachment-large size-large\" alt=\"showers impact 1 till 7 ecoturbino\" \/>\t\t\t\t\t\t\n\t\t\t\t\t<\/div>\n\t\t\t\t\t\t\t\t\n<style>\n#image_1334967586 {\n  width: 77%;\n}\n<\/style>\n\t<\/div>\n\t\n\t\t<\/div>\n\t\t\t\t\t<\/div>\n\n\t\n<\/div>\n\t<div class=\"img has-hover x md-x lg-x y md-y lg-y\" id=\"image_1430749313\" data-no-translation=\"\">\n\t\t\t\t\t\t\t\t<div class=\"img-inner dark\" >\n\t\t\t<img decoding=\"async\" width=\"1020\" height=\"638\" src=\"https:\/\/ecoturbino.world\/wp-content\/uploads\/2024\/06\/Showerhead-hand-shower.webp\" class=\"attachment-large size-large\" alt=\"Showerhead | water saving function versus ecoturbino shower adapter\" srcset=\"https:\/\/ecoturbino.world\/wp-content\/uploads\/2024\/06\/Showerhead-hand-shower.webp 1200w, https:\/\/ecoturbino.world\/wp-content\/uploads\/2024\/06\/Showerhead-hand-shower-1000x625.webp 1000w, https:\/\/ecoturbino.world\/wp-content\/uploads\/2024\/06\/Showerhead-hand-shower-768x480.webp 768w, https:\/\/ecoturbino.world\/wp-content\/uploads\/2024\/06\/Showerhead-hand-shower-240x150.webp 240w\" sizes=\"(max-width: 1020px) 100vw, 1020px\" \/>\t\t\t\t\t\t\n\t\t\t\t\t<\/div>\n\t\t\t\t\t\t\t\t\n<style>\n#image_1430749313 {\n  width: 100%;\n}\n<\/style>\n\t<\/div>\n\t\n\t\t<\/div>\n\t\t\t\t\t<\/div>\n\n\t\n<\/div>\n<a href=\"https:\/\/ecoturbino.net\/\" target=\"_blank\" class=\"button primary expand\" rel=\"noopener\" style=\"border-radius:6px;\">\n\t\t<span>Mais perguntas? - Encontre aqui o contacto do seu pa\u00eds<\/span>\n\t<\/a>\n\n<div class=\"container section-title-container\" ><h3 class=\"section-title section-title-center\"><b aria-hidden=\"true\"><\/b><span class=\"section-title-main\" ><i class=\"icon-checkmark\" aria-hidden=\"true\"><\/i>Apresenta\u00e7\u00f5es de explica\u00e7\u00e3o do sistema ecoturbino dispon\u00edveis<\/span><b aria-hidden=\"true\"><\/b><\/h3><\/div>\n\n\t<section class=\"section\" id=\"section_2074528281\">\n\t\t<div class=\"section-bg fill\" >\n\t\t\t\t\t\t\t\t\t\n\t\t\t\n\n\t\t<\/div>\n\n\t\t\n\n\t\t<div class=\"section-content relative\">\n\t\t\t\n<div class=\"row\"  id=\"row-105631110\">\n\n\t<div id=\"col-911297111\" class=\"col medium-3 small-6 large-3\"  >\n\t\t\t\t<div class=\"col-inner\"  >\n\t\t\t\n\t\t\t\n\t<div class=\"box has-hover   has-hover box-vertical box-text-bottom\" >\n\n\t\t<div class=\"box-image\" >\n\t\t\t\t\t\t<div class=\"image-cover\" style=\"padding-top:120px;\">\n\t\t\t\t<img decoding=\"async\" width=\"400\" height=\"300\" src=\"https:\/\/ecoturbino.world\/wp-content\/uploads\/2024\/09\/presentations.webp\" class=\"attachment- size-\" alt=\"apresenta\u00e7\u00f5es para hot\u00e9is | benef\u00edcios ecoturbino\" srcset=\"https:\/\/ecoturbino.world\/wp-content\/uploads\/2024\/09\/presentations.webp 400w, https:\/\/ecoturbino.world\/wp-content\/uploads\/2024\/09\/presentations-240x180.webp 240w\" sizes=\"(max-width: 400px) 100vw, 400px\" \/>\t\t\t\t\t\t\t\t\t\t\t<\/div>\n\t\t\t\t\t<\/div>\n\n\t\t<div class=\"box-text text-center\" style=\"background-color:rgba(228, 236, 210, 0.93);\">\n\t\t\t<div class=\"box-text-inner\">\n\t\t\t\t\n<h4>INGL\u00caS<\/h4>\n\t<div class=\"img has-hover x md-x lg-x y md-y lg-y\" id=\"image_1994511900\" data-no-translation=\"\">\n\t\t\t\t\t\t\t\t<div class=\"img-inner dark\" >\n\t\t\t<img decoding=\"async\" width=\"640\" height=\"384\" src=\"https:\/\/ecoturbino.world\/wp-content\/uploads\/2024\/09\/uk-flag-1.webp\" class=\"attachment-large size-large\" alt=\"\" srcset=\"https:\/\/ecoturbino.world\/wp-content\/uploads\/2024\/09\/uk-flag-1.webp 640w, https:\/\/ecoturbino.world\/wp-content\/uploads\/2024\/09\/uk-flag-1-240x144.webp 240w\" sizes=\"(max-width: 640px) 100vw, 640px\" \/>\t\t\t\t\t\t\n\t\t\t\t\t<\/div>\n\t\t\t\t\t\t\t\t\n<style>\n#image_1994511900 {\n  width: 100%;\n}\n<\/style>\n\t<\/div>\n\t\n\t\t\t<\/div>\n\t\t<\/div>\n\t<\/div>\n\t\n\t<div id=\"gap-1068757537\" class=\"gap-element clearfix\" style=\"display:block; height:auto;\">\n\t\t\n<style>\n#gap-1068757537 {\n  padding-top: 15px;\n}\n<\/style>\n\t<\/div>\n\t\n<a href=\"https:\/\/ecoturbino.world\/wp-content\/uploads\/2024\/09\/Prasentation-Hotel-EN_13.8.pdf\" target=\"_blank\" class=\"button secondary lowercase expand\" rel=\"noopener\" style=\"border-radius:5px;\">\n\t\t<span>Apresenta\u00e7\u00e3o em PDF<\/span>\n\t<\/a>\n\n\t\t<\/div>\n\t\t\t\t\n<style>\n#col-911297111 > .col-inner {\n  margin: 0px 0px 0px 0px;\n}\n<\/style>\n\t<\/div>\n\n\t\n\n\t<div id=\"col-1549473698\" class=\"col medium-3 small-6 large-3\"  >\n\t\t\t\t<div class=\"col-inner\"  >\n\t\t\t\n\t\t\t\n\t<div class=\"box has-hover   has-hover box-vertical box-text-bottom\" >\n\n\t\t<div class=\"box-image\" >\n\t\t\t\t\t\t<div class=\"image-cover\" style=\"padding-top:120px;\">\n\t\t\t\t<img decoding=\"async\" width=\"400\" height=\"300\" src=\"https:\/\/ecoturbino.world\/wp-content\/uploads\/2024\/09\/presentations.webp\" class=\"attachment- size-\" alt=\"apresenta\u00e7\u00f5es para hot\u00e9is | benef\u00edcios ecoturbino\" srcset=\"https:\/\/ecoturbino.world\/wp-content\/uploads\/2024\/09\/presentations.webp 400w, https:\/\/ecoturbino.world\/wp-content\/uploads\/2024\/09\/presentations-240x180.webp 240w\" sizes=\"(max-width: 400px) 100vw, 400px\" \/>\t\t\t\t\t\t\t\t\t\t\t<\/div>\n\t\t\t\t\t<\/div>\n\n\t\t<div class=\"box-text text-center\" style=\"background-color:rgba(228, 236, 210, 0.93);\">\n\t\t\t<div class=\"box-text-inner\">\n\t\t\t\t\n<h4>ESPANHOL<\/h4>\n\t<div class=\"img has-hover x md-x lg-x y md-y lg-y\" id=\"image_1821047503\" data-no-translation=\"\">\n\t\t\t\t\t\t\t\t<div class=\"img-inner dark\" >\n\t\t\t<img decoding=\"async\" width=\"1020\" height=\"680\" src=\"https:\/\/ecoturbino.world\/wp-content\/uploads\/2024\/09\/flag-spain.webp\" class=\"attachment-large size-large\" alt=\"\" srcset=\"https:\/\/ecoturbino.world\/wp-content\/uploads\/2024\/09\/flag-spain.webp 1200w, https:\/\/ecoturbino.world\/wp-content\/uploads\/2024\/09\/flag-spain-1000x667.webp 1000w, https:\/\/ecoturbino.world\/wp-content\/uploads\/2024\/09\/flag-spain-768x512.webp 768w, https:\/\/ecoturbino.world\/wp-content\/uploads\/2024\/09\/flag-spain-240x160.webp 240w\" sizes=\"(max-width: 1020px) 100vw, 1020px\" \/>\t\t\t\t\t\t\n\t\t\t\t\t<\/div>\n\t\t\t\t\t\t\t\t\n<style>\n#image_1821047503 {\n  width: 100%;\n}\n<\/style>\n\t<\/div>\n\t\n\t\t\t<\/div>\n\t\t<\/div>\n\t<\/div>\n\t\n\t<div id=\"gap-2015987160\" class=\"gap-element clearfix\" style=\"display:block; height:auto;\">\n\t\t\n<style>\n#gap-2015987160 {\n  padding-top: 15px;\n}\n<\/style>\n\t<\/div>\n\t\n<a href=\"https:\/\/ecoturbino.world\/wp-content\/uploads\/2024\/09\/Prasentation-Hotel-ES_13.8.pdf\" target=\"_blank\" class=\"button secondary lowercase expand\" rel=\"noopener\" style=\"border-radius:5px;\">\n\t\t<span>Apresenta\u00e7\u00e3o em PDF<\/span>\n\t<\/a>\n\n\t\t<\/div>\n\t\t\t\t\n<style>\n#col-1549473698 > .col-inner {\n  margin: 0px 0px 0px 0px;\n}\n<\/style>\n\t<\/div>\n\n\t\n\n\t<div id=\"col-1757576675\" class=\"col medium-3 small-6 large-3\"  >\n\t\t\t\t<div class=\"col-inner\"  >\n\t\t\t\n\t\t\t\n\t<div class=\"box has-hover   has-hover box-vertical box-text-bottom\" >\n\n\t\t<div class=\"box-image\" >\n\t\t\t\t\t\t<div class=\"image-cover\" style=\"padding-top:120px;\">\n\t\t\t\t<img decoding=\"async\" width=\"400\" height=\"300\" src=\"https:\/\/ecoturbino.world\/wp-content\/uploads\/2024\/09\/presentations.webp\" class=\"attachment- size-\" alt=\"apresenta\u00e7\u00f5es para hot\u00e9is | benef\u00edcios ecoturbino\" srcset=\"https:\/\/ecoturbino.world\/wp-content\/uploads\/2024\/09\/presentations.webp 400w, https:\/\/ecoturbino.world\/wp-content\/uploads\/2024\/09\/presentations-240x180.webp 240w\" sizes=\"(max-width: 400px) 100vw, 400px\" \/>\t\t\t\t\t\t\t\t\t\t\t<\/div>\n\t\t\t\t\t<\/div>\n\n\t\t<div class=\"box-text text-center\" style=\"background-color:rgba(228, 236, 210, 0.93);\">\n\t\t\t<div class=\"box-text-inner\">\n\t\t\t\t\n<h4>HOLAND\u00caS<\/h4>\n\t<div class=\"img has-hover x md-x lg-x y md-y lg-y\" id=\"image_1252735673\" data-no-translation=\"\">\n\t\t\t\t\t\t\t\t<div class=\"img-inner dark\" >\n\t\t\t<img decoding=\"async\" width=\"1020\" height=\"680\" src=\"https:\/\/ecoturbino.world\/wp-content\/uploads\/2024\/09\/flag-netherlands-1500x1000.png\" class=\"attachment-large size-large\" alt=\"\" srcset=\"https:\/\/ecoturbino.world\/wp-content\/uploads\/2024\/09\/flag-netherlands-1500x1000.png 1500w, https:\/\/ecoturbino.world\/wp-content\/uploads\/2024\/09\/flag-netherlands-1000x667.png 1000w, https:\/\/ecoturbino.world\/wp-content\/uploads\/2024\/09\/flag-netherlands-768x512.png 768w, https:\/\/ecoturbino.world\/wp-content\/uploads\/2024\/09\/flag-netherlands-1536x1024.png 1536w, https:\/\/ecoturbino.world\/wp-content\/uploads\/2024\/09\/flag-netherlands-240x160.png 240w, https:\/\/ecoturbino.world\/wp-content\/uploads\/2024\/09\/flag-netherlands.png 1920w\" sizes=\"(max-width: 1020px) 100vw, 1020px\" \/>\t\t\t\t\t\t\n\t\t\t\t\t<\/div>\n\t\t\t\t\t\t\t\t\n<style>\n#image_1252735673 {\n  width: 100%;\n}\n<\/style>\n\t<\/div>\n\t\n\t\t\t<\/div>\n\t\t<\/div>\n\t<\/div>\n\t\n\t<div id=\"gap-1939087957\" class=\"gap-element clearfix\" style=\"display:block; height:auto;\">\n\t\t\n<style>\n#gap-1939087957 {\n  padding-top: 15px;\n}\n<\/style>\n\t<\/div>\n\t\n<a href=\"https:\/\/ecoturbino.world\/wp-content\/uploads\/2024\/09\/Prasentation-Hotel-NL_13-8.pdf\" target=\"_blank\" class=\"button secondary lowercase expand\" rel=\"noopener\" style=\"border-radius:5px;\">\n\t\t<span>Apresenta\u00e7\u00e3o em PDF<\/span>\n\t<\/a>\n\n\t\t<\/div>\n\t\t\t\t\n<style>\n#col-1757576675 > .col-inner {\n  margin: 0px 0px 0px 0px;\n}\n<\/style>\n\t<\/div>\n\n\t\n\n\t<div id=\"col-1888084151\" class=\"col medium-3 small-6 large-3\"  >\n\t\t\t\t<div class=\"col-inner\"  >\n\t\t\t\n\t\t\t\n\t<div class=\"box has-hover   has-hover box-vertical box-text-bottom\" >\n\n\t\t<div class=\"box-image\" >\n\t\t\t\t\t\t<div class=\"image-cover\" style=\"padding-top:120px;\">\n\t\t\t\t<img decoding=\"async\" width=\"400\" height=\"300\" src=\"https:\/\/ecoturbino.world\/wp-content\/uploads\/2024\/09\/presentations.webp\" class=\"attachment- size-\" alt=\"apresenta\u00e7\u00f5es para hot\u00e9is | benef\u00edcios ecoturbino\" srcset=\"https:\/\/ecoturbino.world\/wp-content\/uploads\/2024\/09\/presentations.webp 400w, https:\/\/ecoturbino.world\/wp-content\/uploads\/2024\/09\/presentations-240x180.webp 240w\" sizes=\"(max-width: 400px) 100vw, 400px\" \/>\t\t\t\t\t\t\t\t\t\t\t<\/div>\n\t\t\t\t\t<\/div>\n\n\t\t<div class=\"box-text text-center\" style=\"background-color:rgba(228, 236, 210, 0.93);\">\n\t\t\t<div class=\"box-text-inner\">\n\t\t\t\t\n<h4>HUNGRIA<\/h4>\n\t<div class=\"img has-hover x md-x lg-x y md-y lg-y\" id=\"image_1692025713\" data-no-translation=\"\">\n\t\t\t\t\t\t\t\t<div class=\"img-inner dark\" >\n\t\t\t<img decoding=\"async\" width=\"1020\" height=\"680\" src=\"https:\/\/ecoturbino.world\/wp-content\/uploads\/2024\/09\/flag-hungary-1500x1000.png\" class=\"attachment-large size-large\" alt=\"\" srcset=\"https:\/\/ecoturbino.world\/wp-content\/uploads\/2024\/09\/flag-hungary-1500x1000.png 1500w, https:\/\/ecoturbino.world\/wp-content\/uploads\/2024\/09\/flag-hungary-1000x667.png 1000w, https:\/\/ecoturbino.world\/wp-content\/uploads\/2024\/09\/flag-hungary-768x512.png 768w, https:\/\/ecoturbino.world\/wp-content\/uploads\/2024\/09\/flag-hungary-1536x1024.png 1536w, https:\/\/ecoturbino.world\/wp-content\/uploads\/2024\/09\/flag-hungary-240x160.png 240w, https:\/\/ecoturbino.world\/wp-content\/uploads\/2024\/09\/flag-hungary.png 1920w\" sizes=\"(max-width: 1020px) 100vw, 1020px\" \/>\t\t\t\t\t\t\n\t\t\t\t\t<\/div>\n\t\t\t\t\t\t\t\t\n<style>\n#image_1692025713 {\n  width: 100%;\n}\n<\/style>\n\t<\/div>\n\t\n\t\t\t<\/div>\n\t\t<\/div>\n\t<\/div>\n\t\n\t<div id=\"gap-1751685741\" class=\"gap-element clearfix\" style=\"display:block; height:auto;\">\n\t\t\n<style>\n#gap-1751685741 {\n  padding-top: 15px;\n}\n<\/style>\n\t<\/div>\n\t\n<a href=\"https:\/\/ecoturbino.world\/wp-content\/uploads\/2024\/09\/Prasentation-Hotel-HU_13.8.pdf\" target=\"_blank\" class=\"button secondary lowercase expand\" rel=\"noopener\" style=\"border-radius:5px;\">\n\t\t<span>Apresenta\u00e7\u00e3o em PDFPDF<\/span>\n\t<\/a>\n\n\t\t<\/div>\n\t\t\t\t\n<style>\n#col-1888084151 > .col-inner {\n  margin: 0px 0px 0px 0px;\n}\n<\/style>\n\t<\/div>\n\n\t\n\n\t<div id=\"col-95282931\" class=\"col medium-3 small-6 large-3\"  >\n\t\t\t\t<div class=\"col-inner\"  >\n\t\t\t\n\t\t\t\n\t<div class=\"box has-hover   has-hover box-vertical box-text-bottom\" >\n\n\t\t<div class=\"box-image\" >\n\t\t\t\t\t\t<div class=\"image-cover\" style=\"padding-top:120px;\">\n\t\t\t\t<img decoding=\"async\" width=\"400\" height=\"300\" src=\"https:\/\/ecoturbino.world\/wp-content\/uploads\/2024\/09\/presentations.webp\" class=\"attachment- size-\" alt=\"apresenta\u00e7\u00f5es para hot\u00e9is | benef\u00edcios ecoturbino\" srcset=\"https:\/\/ecoturbino.world\/wp-content\/uploads\/2024\/09\/presentations.webp 400w, https:\/\/ecoturbino.world\/wp-content\/uploads\/2024\/09\/presentations-240x180.webp 240w\" sizes=\"(max-width: 400px) 100vw, 400px\" \/>\t\t\t\t\t\t\t\t\t\t\t<\/div>\n\t\t\t\t\t<\/div>\n\n\t\t<div class=\"box-text text-center\" style=\"background-color:rgba(228, 236, 210, 0.93);\">\n\t\t\t<div class=\"box-text-inner\">\n\t\t\t\t\n<h4>ALEM\u00c3O<\/h4>\n\t<div class=\"img has-hover x md-x lg-x y md-y lg-y\" id=\"image_519107376\" data-no-translation=\"\">\n\t\t\t\t\t\t\t\t<div class=\"img-inner dark\" >\n\t\t\t<img decoding=\"async\" width=\"1020\" height=\"612\" src=\"https:\/\/ecoturbino.world\/wp-content\/uploads\/2024\/09\/flag-germany.png\" class=\"attachment-large size-large\" alt=\"\" srcset=\"https:\/\/ecoturbino.world\/wp-content\/uploads\/2024\/09\/flag-germany.png 1200w, https:\/\/ecoturbino.world\/wp-content\/uploads\/2024\/09\/flag-germany-1000x600.png 1000w, https:\/\/ecoturbino.world\/wp-content\/uploads\/2024\/09\/flag-germany-768x461.png 768w, https:\/\/ecoturbino.world\/wp-content\/uploads\/2024\/09\/flag-germany-240x144.png 240w\" sizes=\"(max-width: 1020px) 100vw, 1020px\" \/>\t\t\t\t\t\t\n\t\t\t\t\t<\/div>\n\t\t\t\t\t\t\t\t\n<style>\n#image_519107376 {\n  width: 100%;\n}\n<\/style>\n\t<\/div>\n\t\n\t\t\t<\/div>\n\t\t<\/div>\n\t<\/div>\n\t\n\t<div id=\"gap-1504145275\" class=\"gap-element clearfix\" style=\"display:block; height:auto;\">\n\t\t\n<style>\n#gap-1504145275 {\n  padding-top: 15px;\n}\n<\/style>\n\t<\/div>\n\t\n<a href=\"https:\/\/ecoturbino.world\/wp-content\/uploads\/2024\/09\/Prasentation-Hotel-DE_13.8.pdf\" target=\"_blank\" class=\"button secondary lowercase expand\" rel=\"noopener\" style=\"border-radius:5px;\">\n\t\t<span>Apresenta\u00e7\u00e3o em PDF<\/span>\n\t<\/a>\n\n\t\t<\/div>\n\t\t\t\t\n<style>\n#col-95282931 > .col-inner {\n  margin: 0px 0px 0px 0px;\n}\n<\/style>\n\t<\/div>\n\n\t\n<\/div>\n\t\t<\/div>\n\n\t\t\n<style>\n#section_2074528281 {\n  padding-top: 30px;\n  padding-bottom: 30px;\n}\n<\/style>\n\t<\/section>\n\t\n\t\t<\/div>\n\t\t\t\t\t<\/div>\n\n\t\n<\/div>","protected":false},"excerpt":{"rendered":"","protected":false},"author":2,"featured_media":3977,"parent":0,"menu_order":0,"comment_status":"closed","ping_status":"closed","template":"page-blank.php","meta":{"inline_featured_image":false,"footnotes":""},"class_list":["post-3924","page","type-page","status-publish","has-post-thumbnail","hentry"],"_links":{"self":[{"href":"https:\/\/ecoturbino.world\/pt\/wp-json\/wp\/v2\/pages\/3924","targetHints":{"allow":["GET"]}}],"collection":[{"href":"https:\/\/ecoturbino.world\/pt\/wp-json\/wp\/v2\/pages"}],"about":[{"href":"https:\/\/ecoturbino.world\/pt\/wp-json\/wp\/v2\/types\/page"}],"author":[{"embeddable":true,"href":"https:\/\/ecoturbino.world\/pt\/wp-json\/wp\/v2\/users\/2"}],"replies":[{"embeddable":true,"href":"https:\/\/ecoturbino.world\/pt\/wp-json\/wp\/v2\/comments?post=3924"}],"version-history":[{"count":0,"href":"https:\/\/ecoturbino.world\/pt\/wp-json\/wp\/v2\/pages\/3924\/revisions"}],"wp:featuredmedia":[{"embeddable":true,"href":"https:\/\/ecoturbino.world\/pt\/wp-json\/wp\/v2\/media\/3977"}],"wp:attachment":[{"href":"https:\/\/ecoturbino.world\/pt\/wp-json\/wp\/v2\/media?parent=3924"}],"curies":[{"name":"wp","href":"https:\/\/api.w.org\/{rel}","templated":true}]}}