{"id":3,"date":"2023-11-25T11:41:12","date_gmt":"2023-11-25T10:41:12","guid":{"rendered":"https:\/\/ecoturbino.eu\/?page_id=3"},"modified":"2024-01-18T02:10:49","modified_gmt":"2024-01-18T01:10:49","slug":"privacidade","status":"publish","type":"page","link":"https:\/\/ecoturbino.world\/pt\/privacy-cockpit\/privacy\/","title":{"rendered":"Pol\u00edtica de privacidade de acordo com o RGPD"},"content":{"rendered":"<div class=\"banner has-hover\" id=\"banner-1711072272\">\n          <div class=\"banner-inner fill\">\n        <div class=\"banner-bg fill\" >\n            <img decoding=\"async\" width=\"2000\" height=\"230\" src=\"https:\/\/ecoturbino.world\/wp-content\/uploads\/2024\/01\/wasser-faq-2000-sw.webp\" class=\"bg attachment-original size-original\" alt=\"Cabe\u00e7alho de \u00e1gua\" \/>                                    \n                    <\/div>\n\t\t\n        <div class=\"banner-layers container\">\n            <div class=\"fill banner-link\"><\/div>            \n   <div id=\"text-box-379671046\" class=\"text-box banner-layer x50 md-x50 lg-x50 y50 md-y50 lg-y50 res-text\">\n                                <div class=\"text-box-content text dark\">\n              \n              <div class=\"text-inner text-center\">\n                  \n<h1><span style=\"font-size: 100%;\">POL\u00cdTICA DE PRIVACIDADE<\/span><\/h1>\n              <\/div>\n           <\/div>\n                            \n<style>\n#text-box-379671046 {\n  width: 60%;\n}\n#text-box-379671046 .text-box-content {\n  font-size: 100%;\n}\n<\/style>\n    <\/div>\n \n        <\/div>\n      <\/div>\n\n            \n<style>\n#banner-1711072272 {\n  padding-top: 110px;\n}\n@media (min-width:550px) {\n  #banner-1711072272 {\n    padding-top: 170px;\n  }\n}\n@media (min-width:850px) {\n  #banner-1711072272 {\n    padding-top: 190px;\n  }\n}\n<\/style>\n  <\/div>\n\n\n<div class=\"row\"  id=\"row-451670296\">\n\n\t<div id=\"col-1385723633\" class=\"col small-12 large-12\"  >\n\t\t\t\t<div class=\"col-inner\"  >\n\t\t\t\n\t\t\t\n<h3>1. Nome e endere\u00e7o da pessoa respons\u00e1vel<\/h3>\n<p>A parte respons\u00e1vel na ace\u00e7\u00e3o do Regulamento Geral de Prote\u00e7\u00e3o de Dados e de outras leis nacionais de prote\u00e7\u00e3o de dados dos Estados-Membros, bem como de outros regulamentos legais de prote\u00e7\u00e3o de dados \u00e9:<\/p>\n<p>Ressourcen Saving GmbH<br \/>\nAlserbachstra\u00dfe 2<br \/>\nAT- 1090 Viena<\/p>\n<p>\ud83d\udcde <a href=\"tel:+4369918180000\">+43 699 18180000<\/a><br \/>\n\ud83d\udce7 <a href=\"mailto:info@ecoturbino.eu\">info (at) ecoturbino.eu<\/a><\/p>\n<p>(doravante tamb\u00e9m designada por parte respons\u00e1vel).<\/p>\n<p>A parte respons\u00e1vel opera o seguinte s\u00edtio Web: https:\/\/ecoturbino.world.<\/p>\n<p>A prote\u00e7\u00e3o das suas informa\u00e7\u00f5es pessoais \u00e9 uma quest\u00e3o importante para n\u00f3s. Por conseguinte, gostar\u00edamos de lhe mostrar como s\u00e3o tratadas as suas informa\u00e7\u00f5es pessoais utilizadas neste s\u00edtio Web e nos nossos servi\u00e7os.<\/p>\n<p>A nossa pol\u00edtica de privacidade diz respeito apenas \u00e0 utiliza\u00e7\u00e3o do s\u00edtio Web https:\/\/en.ecoturbino.shop. Se for redireccionado para outros s\u00edtios Web a partir das nossas p\u00e1ginas, informe-se sobre o tratamento das suas informa\u00e7\u00f5es pessoais no s\u00edtio para o qual foi redireccionado.<\/p>\n<h3>2. Quest\u00f5es relativas \u00e0 prote\u00e7\u00e3o de dados<\/h3>\n<p>As suas perguntas sobre prote\u00e7\u00e3o de dados devem ser dirigidas a <a href=\"mailto:privacy@ecoturbino.shop\">privacy@ecoturbino.shop<\/a>.<\/p>\n<h3>3. Informa\u00e7\u00f5es gerais sobre o tratamento de dados<\/h3>\n<p>Por informa\u00e7\u00f5es pessoais, entendemos todas as informa\u00e7\u00f5es que divulgam a sua identidade (ex: nome, morada, endere\u00e7o eletr\u00f3nico, n\u00famero de telefone). Ao utilizar o nosso servi\u00e7o digital, as suas informa\u00e7\u00f5es pessoais s\u00f3 s\u00e3o processadas de acordo com os regulamentos legais. Isto inclui o DSGVO, o TKG 2003, ou a lei nacional de prote\u00e7\u00e3o de dados. As suas informa\u00e7\u00f5es pessoais s\u00f3 ser\u00e3o recolhidas de acordo com as pol\u00edticas de preven\u00e7\u00e3o e minimiza\u00e7\u00e3o de dados se forem necess\u00e1rias para o objetivo pretendido ou se as disponibilizar voluntariamente.<\/p>\n<p>Gostar\u00edamos de o informar que tamb\u00e9m somos respons\u00e1veis pelos seus dados se recorrermos a um terceiro (subcontratante) para processar um contrato.<\/p>\n<h3>4. Efectuamos os seguintes processos<\/h3>\n<p><strong>4.1. Cookies<\/strong><\/p>\n<p>Para tornar a utiliza\u00e7\u00e3o do nosso s\u00edtio Web t\u00e3o f\u00e1cil e segura quanto poss\u00edvel, e para que determinadas fun\u00e7\u00f5es funcionem, utilizamos os chamados cookies. Estes s\u00e3o pequenos ficheiros de texto que s\u00e3o inseridos no seu browser. A maioria dos cookies que utilizamos s\u00e3o os chamados cookies de sess\u00e3o, que s\u00e3o automaticamente apagados pelo seu dispositivo depois de sair do nosso s\u00edtio Web. Outros cookies, chamados cookies de longa dura\u00e7\u00e3o, permanecem guardados no seu dispositivo at\u00e9 os apagar. Estes cookies permitem-nos reconhecer o seu navegador na sua pr\u00f3xima visita. Pode impedir que os cookies sejam guardados com as defini\u00e7\u00f5es apropriadas no seu browser. No entanto, informamos que n\u00e3o poder\u00e1 utilizar plenamente todas as fun\u00e7\u00f5es do s\u00edtio Web.<\/p>\n<p>Escrever um coment\u00e1rio no nosso s\u00edtio Web pode ser uma aprova\u00e7\u00e3o para que o seu nome, endere\u00e7o de correio eletr\u00f3nico e s\u00edtio Web sejam guardados nos cookies. Esta \u00e9 uma fun\u00e7\u00e3o de conforto para que n\u00e3o tenha de voltar a introduzir todas estas informa\u00e7\u00f5es da pr\u00f3xima vez que escrever um coment\u00e1rio. Estes cookies s\u00e3o guardados durante um ano.<\/p>\n<p>Se tiver uma conta e iniciar sess\u00e3o neste s\u00edtio Web, definiremos um cookie tempor\u00e1rio para determinar se o seu browser aceita ou n\u00e3o cookies. Este cookie n\u00e3o cont\u00e9m qualquer informa\u00e7\u00e3o pessoal e \u00e9 eliminado quando fecha o seu browser.<\/p>\n<p>Quando o utilizador inicia sess\u00e3o, configuramos alguns cookies para guardar as suas informa\u00e7\u00f5es de inscri\u00e7\u00e3o e op\u00e7\u00f5es de visualiza\u00e7\u00e3o. Os cookies de in\u00edcio de sess\u00e3o expiram ao fim de dois anos e os cookies para as suas op\u00e7\u00f5es de visualiza\u00e7\u00e3o expiram ao fim de um ano. Se selecionar \"Manter sess\u00e3o iniciada\" ao iniciar sess\u00e3o, permanecer\u00e1 ligado durante duas semanas. Ao terminar a sess\u00e3o na sua conta, os cookies de in\u00edcio de sess\u00e3o s\u00e3o eliminados.<\/p>\n<p><strong>4.2. Cookies de sess\u00e3o<\/strong><\/p>\n<p>Para facilitar a navega\u00e7\u00e3o no nosso s\u00edtio Web, definimos um ID de sess\u00e3o que \u00e9 atribu\u00eddo a cada visitante quando este come\u00e7a a utilizar o nosso s\u00edtio Web. Esta ID de sess\u00e3o permite ao nosso servidor reconhec\u00ea-lo a si ou ao seu computador\/navegador como o mesmo visitante, apesar de eventuais altera\u00e7\u00f5es de endere\u00e7o IP entre visitas. Este ID de sess\u00e3o tamb\u00e9m permite a atribui\u00e7\u00e3o de v\u00e1rios pedidos relacionados feitos por um utilizador durante uma sess\u00e3o. O cookie de ID de sess\u00e3o utilizado \u00e9 guardado at\u00e9 ao final de uma sess\u00e3o. \u00c9 automaticamente eliminado quando o utilizador fecha o seu browser.<\/p>\n<p><strong>4.3. Biscoitos de longa dura\u00e7\u00e3o<\/strong><\/p>\n<p>O nosso s\u00edtio Web tamb\u00e9m utiliza fun\u00e7\u00f5es do servi\u00e7o de an\u00e1lise da Web, Google Analytics, um servi\u00e7o da Google Inc. (\"Google\") que possui um certificado de prote\u00e7\u00e3o da privacidade.<\/p>\n<p>O Google Analytics tamb\u00e9m utiliza cookies que permitem uma an\u00e1lise da forma como o utilizador utiliza o s\u00edtio Web, entre outras coisas. No decurso da utiliza\u00e7\u00e3o do Google Analytics atrav\u00e9s deste s\u00edtio Web, s\u00e3o recolhidas as seguintes informa\u00e7\u00f5es: Endere\u00e7o IP, comportamento do utilizador, informa\u00e7\u00f5es do browser. Apenas instalamos o Google Analytics com anonimiza\u00e7\u00e3o do IP. Isto significa que o seu endere\u00e7o IP \u00e9 encurtado pela Google nos estados membros da Uni\u00e3o Europeia ou noutras partes contratantes do Espa\u00e7o Econ\u00f3mico Europeu. O endere\u00e7o IP completo s\u00f3 ser\u00e1 transmitido a um servidor da Google nos Estados Unidos em casos excepcionais e s\u00f3 a\u00ed ser\u00e1 encurtado. A Google utilizar\u00e1 estas informa\u00e7\u00f5es em nome do operador deste s\u00edtio Web para avaliar a sua utiliza\u00e7\u00e3o do s\u00edtio Web, compilar relat\u00f3rios sobre a atividade no s\u00edtio Web e fornecer outros servi\u00e7os relacionados com a utiliza\u00e7\u00e3o do s\u00edtio Web e da Internet para o operador do s\u00edtio Web. Estes relat\u00f3rios e servi\u00e7os ser\u00e3o utilizados para melhorar constantemente as ofertas deste s\u00edtio Web. Pode impedir a Google de recolher as informa\u00e7\u00f5es geradas por estes cookies e obtidas atrav\u00e9s da sua utiliza\u00e7\u00e3o do s\u00edtio Web (incluindo o endere\u00e7o IP) e de processar essas informa\u00e7\u00f5es descarregando e instalando o plug-in do browser da Google, dispon\u00edvel na seguinte liga\u00e7\u00e3o:\u00a0<a href=\"http:\/\/tools.google.com\/dlpage\/gaoptout?hl=de\" target=\"_blank\" rel=\"noopener noreferrer\">http:\/\/tools.google.com\/dlpage\/gaoptout?hl=de<\/a>. Est\u00e3o dispon\u00edveis outros plug-ins semelhantes de outros fornecedores, consoante o navegador utilizado. As informa\u00e7\u00f5es pessoais acima referidas s\u00e3o guardadas durante dois anos.<\/p>\n<p><strong>4.4. Boletim informativo e mensagens push<br \/>\n<\/strong><\/p>\n<p>Processamos as suas informa\u00e7\u00f5es pessoais para lhe podermos enviar boletins informativos e mensagens push. Este processo \u00e9 efectuado legalmente com o seu consentimento. Fornecemos as suas informa\u00e7\u00f5es pessoais a terceiros para que estes possam enviar a mensagem por n\u00f3s. As suas informa\u00e7\u00f5es pessoais s\u00e3o processadas at\u00e9 o utilizador cancelar o processamento.<\/p>\n<p><strong>4.5. Observa\u00e7\u00f5es<\/strong><\/p>\n<p>Quando os visitantes deixam coment\u00e1rios no s\u00edtio Web, recolhemos os dados que s\u00e3o apresentados no formul\u00e1rio de coment\u00e1rio, bem como o endere\u00e7o IP do visitante e a cadeia de agentes do utilizador (para identificar o navegador), a fim de apoiar o reconhecimento de spam.<\/p>\n<p>Uma cadeia de caracteres an\u00f3nima (tamb\u00e9m designada por hash) pode ser criada a partir do seu endere\u00e7o de correio eletr\u00f3nico e fornecida ao Gravatar para verificar se o utiliza. Pode encontrar a pol\u00edtica de privacidade do Gravatar aqui: <a href=\"https:\/\/automattic.com\/privacy\/\" target=\"_blank\" rel=\"noopener noreferrer\">https:\/\/automattic.com\/privacy\/<\/a>. Depois de o seu coment\u00e1rio ter sido aprovado, a sua imagem de perfil fica vis\u00edvel no seu coment\u00e1rio.<\/p>\n<p><strong>4.6. Meios de comunica\u00e7\u00e3o<\/strong><\/p>\n<p>Se \u00e9 um utilizador registado e carrega fotografias para este s\u00edtio Web, deve evitar carregar fotografias com uma localiza\u00e7\u00e3o GPS EXIF. Os visitantes deste s\u00edtio Web podem descarregar fotografias guardadas neste s\u00edtio Web e extrair informa\u00e7\u00f5es sobre o local onde foram tiradas.<\/p>\n<p><strong>4.7. Conte\u00fados incorporados de outros s\u00edtios Web<\/strong><\/p>\n<p>As contribui\u00e7\u00f5es neste s\u00edtio Web podem conter conte\u00fados incorporados (por exemplo, v\u00eddeos, imagens, artigos). O conte\u00fado incorporado de outros s\u00edtios Web actua exatamente da mesma forma como se o visitante tivesse consultado os outros s\u00edtios Web.<\/p>\n<p>Estes s\u00edtios Web podem recolher informa\u00e7\u00f5es sobre si, utilizar cookies, incorporar servi\u00e7os de rastreio adicionais de terceiros e registar a sua intera\u00e7\u00e3o com este conte\u00fado incorporado, incluindo a sua intera\u00e7\u00e3o com o mesmo se tiver uma conta e estiver ligado a este s\u00edtio Web.<\/p>\n<p><strong>4.8. Apresenta\u00e7\u00e3o dos inqu\u00e9ritos e compras anonimizados<\/strong><\/p>\n<p>Utilizamos um servi\u00e7o Cloud para informa\u00e7\u00e3o e apresenta\u00e7\u00e3o de produtos frequentemente solicitados e comprados e para demonstrar a seguran\u00e7a das compras na nossa loja online. Transmitimos dados an\u00f3nimos a este terceiro para realizar apresenta\u00e7\u00f5es optimizadas para o sistema web.<\/p>\n<p><strong>4.9. Outros servi\u00e7os de an\u00e1lise<\/strong><\/p>\n<p>Para al\u00e9m do servi\u00e7o de an\u00e1lise do Google (Google Anlytics), utilizamos outros processos de an\u00e1lise t\u00e9cnica, se necess\u00e1rio, sobretudo logo ap\u00f3s a atualiza\u00e7\u00e3o da p\u00e1gina inicial e do software de funcionamento da loja virtual. O objetivo \u00e9 reconhecer rapidamente uma m\u00e1 conduta t\u00e9cnica que possa comprometer a experi\u00eancia de navega\u00e7\u00e3o e as necessidades de compra do utilizador. Exemplos disto podem ser \"N\u00e3o \u00e9 poss\u00edvel adicionar um produto ao carrinho\", \"N\u00e3o \u00e9 poss\u00edvel efetuar o pagamento\", \"N\u00e3o \u00e9 poss\u00edvel registar uma conta de cliente\", etc. As informa\u00e7\u00f5es pessoais registadas s\u00e3o guardadas de forma an\u00f3nima e eliminadas ap\u00f3s a desativa\u00e7\u00e3o do exame.<\/p>\n<p><strong>4.10. Sistema de prote\u00e7\u00e3o contra pirataria inform\u00e1tica, spam, malware e phishing<br \/>\n<\/strong><\/p>\n<p>Para proteger as informa\u00e7\u00f5es pessoais e todo o sistema, utilizamos v\u00e1rios sistemas de prote\u00e7\u00e3o altamente desenvolvidos que n\u00e3o enumeramos por raz\u00f5es de privacidade e seguran\u00e7a. Os coment\u00e1rios deixados pelos visitantes podem ser examinados por um servi\u00e7o autom\u00e1tico de reconhecimento de spam. Toda a p\u00e1gina inicial \u00e9 encriptada com SSL para garantir uma experi\u00eancia de navega\u00e7\u00e3o segura.<\/p>\n<p>Este s\u00edtio est\u00e1 protegido pelo reCAPTCHA e pelo Google <a href=\"https:\/\/policies.google.com\/privacy\" rel=\"nofollow noopener\" target=\"_blank\">Pol\u00edtica de privacidade<\/a>\u00a0e <a href=\"https:\/\/policies.google.com\/terms\" rel=\"nofollow noopener\" target=\"_blank\">Termos do servi\u00e7o<\/a>\u00a0aplicar.<\/p>\n<h3>5. Armazenamento e tratamento de dados na loja virtual<\/h3>\n<p><strong>5.1. Durante a sua visita \u00e0 nossa loja online, registamos:<\/strong><\/p>\n<ul>\n<li>Produtos que j\u00e1 viu. Utilizamos esta grava\u00e7\u00e3o para lhe mostrar produtos que j\u00e1 viu como lembrete.<\/li>\n<li>Localiza\u00e7\u00e3o, endere\u00e7o IP e browser. Utilizamos as op\u00e7\u00f5es para lhe mostrar automaticamente os impostos e custos de envio corretos, por exemplo.<\/li>\n<li>Cookies e sess\u00f5es para guardar em cache o conte\u00fado do seu carrinho quando navega na loja virtual.<\/li>\n<\/ul>\n<p>Quando nos compra produtos, solicitamos as suas informa\u00e7\u00f5es pessoais para podermos concluir uma encomenda e podermos enviar os produtos. Estas informa\u00e7\u00f5es s\u00e3o o seu nome, endere\u00e7o de fatura\u00e7\u00e3o, endere\u00e7o de envio, endere\u00e7o de correio eletr\u00f3nico e n\u00famero de telefone. Se abrir uma conta de cliente e n\u00e3o fizer uma encomenda como convidado, tamb\u00e9m lhe pediremos o nome de utilizador e a palavra-passe pretendidos. As informa\u00e7\u00f5es de pagamento introduzidas na loja n\u00e3o s\u00e3o recolhidas nem guardadas por n\u00f3s. A memoriza\u00e7\u00e3o destas informa\u00e7\u00f5es financeiras cabe ao servi\u00e7o de pagamento escolhido (PayPal, cart\u00f5es de cr\u00e9dito, transfer\u00eancia imediata, etc.).<\/p>\n<p>Para al\u00e9m do preenchimento das encomendas, utilizamos as suas informa\u00e7\u00f5es pessoais para:<\/p>\n<ul>\n<li>Enviar os dados da encomenda e da conta do cliente por correio eletr\u00f3nico.<\/li>\n<li>Responder a todas as perguntas nos coment\u00e1rios da encomenda.<\/li>\n<li>Efectue o seu pagamento e evite fraudes.<\/li>\n<li>Criar a sua conta de cliente<\/li>\n<li>Cumprir as nossas tarefas financeiras, como o c\u00e1lculo do IVA para as autoridades fiscais, por exemplo.<\/li>\n<li>Otimizar constantemente a nossa loja para facilitar ainda mais as compras.<\/li>\n<li>Enviar-lhe informa\u00e7\u00f5es, como a nossa newsletter, se concordar com esta utiliza\u00e7\u00e3o.<\/li>\n<\/ul>\n<p>Processamos as suas informa\u00e7\u00f5es pessoais para lhe podermos fornecer uma loja online. Este tratamento \u00e9 efectuado de acordo com a base jur\u00eddica do contrato. Fornecemos as suas informa\u00e7\u00f5es pessoais a um operador de centro inform\u00e1tico para efetuar este processamento por n\u00f3s. Al\u00e9m disso, fornecemos as informa\u00e7\u00f5es pessoais a um prestador de servi\u00e7os de pagamento, bem como a um servi\u00e7o de entregas, para que possam processar os seus dados com o objetivo de processar o pagamento ou a entrega. Processamos as suas informa\u00e7\u00f5es pessoais durante o tempo necess\u00e1rio devido aos per\u00edodos de reten\u00e7\u00e3o fiscal e enquanto n\u00e3o precisarmos das suas informa\u00e7\u00f5es pessoais para ac\u00e7\u00f5es judiciais.<\/p>\n<p>Tamb\u00e9m guardamos an\u00e1lises de produtos e tornamo-las p\u00fablicas para que outras pessoas interessadas nos produtos possam aceder \u00e0s suas experi\u00eancias.<\/p>\n<p><strong>5.2. Acesso a informa\u00e7\u00f5es de car\u00e1cter pessoal<\/strong><\/p>\n<p>A nossa equipa de servi\u00e7o de apoio ao cliente tem acesso \u00e0s informa\u00e7\u00f5es que introduziu quando fez a encomenda. Isto inclui:<\/p>\n<ul>\n<li>Informa\u00e7\u00f5es sobre o conte\u00fado da encomenda, quando foi encomendada e para onde deve ser enviada<\/li>\n<li>Informa\u00e7\u00f5es pessoais, tais como nome, endere\u00e7o de fatura\u00e7\u00e3o e de envio, endere\u00e7o de correio eletr\u00f3nico e n\u00famero de telefone.<\/li>\n<\/ul>\n<p>Este acesso \u00e9 necess\u00e1rio para preparar a encomenda para envio, responder \u00e0s suas perguntas e processar as devolu\u00e7\u00f5es.<\/p>\n<h3>6. Direitos da pessoa afetada<\/h3>\n<p>Como pessoa afetada, tem direito aos seguintes direitos contra a parte respons\u00e1vel:<\/p>\n<p><strong>6.1. Direito \u00e0 informa\u00e7\u00e3o<\/strong><\/p>\n<p>Pode exigir a confirma\u00e7\u00e3o da parte respons\u00e1vel se esta estiver a tratar informa\u00e7\u00f5es pessoais que lhe digam respeito.<\/p>\n<p><strong>6.2. Direito de corre\u00e7\u00e3o<\/strong><\/p>\n<p>Se as informa\u00e7\u00f5es pessoais que est\u00e3o a ser processadas estiverem incorrectas ou incompletas, tem o direito de as corrigir ou completar contra a parte respons\u00e1vel. A parte respons\u00e1vel deve proceder imediatamente a essas correc\u00e7\u00f5es.<\/p>\n<p><strong>6.3. Direito de restringir o tratamento<\/strong><\/p>\n<p>O utilizador pode exigir a restri\u00e7\u00e3o do tratamento das suas informa\u00e7\u00f5es pessoais nas seguintes condi\u00e7\u00f5es:<\/p>\n<p>(1) Se o utilizador negar a exatid\u00e3o das informa\u00e7\u00f5es pessoais;<br \/>\n(2) se o tratamento for ilegal;<br \/>\n(3) se a parte respons\u00e1vel j\u00e1 n\u00e3o precisar das informa\u00e7\u00f5es pessoais para tratamento, mas o utilizador precisar delas para fazer valer, exercer ou defender uma a\u00e7\u00e3o judicial, ou<br \/>\n(4) se tiver apresentado uma obje\u00e7\u00e3o contra o tratamento e ainda n\u00e3o tiver sido determinado se os motivos da parte respons\u00e1vel prevalecem sobre os seus.<\/p>\n<p><strong>6.4. Direito ao apagamento<\/strong><\/p>\n<p>O utilizador pode exigir que a parte respons\u00e1vel apague imediatamente as suas informa\u00e7\u00f5es pessoais, e a parte respons\u00e1vel \u00e9 obrigada a faz\u00ea-lo se se aplicar um dos seguintes motivos<\/p>\n<p>(1) As suas informa\u00e7\u00f5es pessoais j\u00e1 n\u00e3o s\u00e3o necess\u00e1rias para os fins para os quais foram recolhidas ou tratadas de uma determinada forma.<br \/>\n(2) O utilizador retira o seu consentimento para o tratamento dos seus dados pessoais e n\u00e3o existem outras bases legais para o tratamento desses dados.<br \/>\n(3) O utilizador apresentar uma obje\u00e7\u00e3o contra o tratamento dos seus dados pessoais e n\u00e3o existirem raz\u00f5es imperiosas para esse tratamento.<br \/>\n(4) As suas informa\u00e7\u00f5es pessoais foram processadas ilegalmente.<\/p>\n<p><strong>6.5. Direito de consulta<\/strong><\/p>\n<p>Se tiver exercido o direito de corre\u00e7\u00e3o, o direito de apagamento ou o direito de restringir o tratamento contra a parte respons\u00e1vel, esta \u00e9 obrigada a informar todas as partes a quem os seus dados pessoais tenham sido divulgados sobre esta corre\u00e7\u00e3o, apagamento ou restri\u00e7\u00e3o do tratamento, a menos que tal se revele imposs\u00edvel ou exija um esfor\u00e7o excessivo. O utilizador tem o direito de ser informado sobre estas partes pela parte respons\u00e1vel.<\/p>\n<p><strong>6.6. Direito \u00e0 portabilidade dos dados<\/strong><\/p>\n<p>O utilizador tem o direito de receber as informa\u00e7\u00f5es pessoais que disponibilizou \u00e0 parte respons\u00e1vel num formato estruturado, comum e leg\u00edvel por m\u00e1quina. Al\u00e9m disso, tem o direito de transmitir essas informa\u00e7\u00f5es a outra parte respons\u00e1vel sem interfer\u00eancia da parte respons\u00e1vel \u00e0 qual disponibilizou as suas informa\u00e7\u00f5es pessoais, se<\/p>\n<p>(1) o tratamento se basear no consentimento ou num contrato e<br \/>\n(2) o tratamento \u00e9 efectuado com a ajuda de processos automatizados.<\/p>\n<p>Ao exercer este direito, o utilizador obt\u00e9m igualmente o direito a que as suas informa\u00e7\u00f5es pessoais sejam transmitidas de uma parte respons\u00e1vel para outra parte respons\u00e1vel, desde que tal seja tecnicamente vi\u00e1vel. A liberdade e os direitos de outras pessoas n\u00e3o podem ser comprometidos por este facto.<\/p>\n<p><strong>6.7. Direito de recurso<\/strong><\/p>\n<p>Tem o direito de apresentar, em qualquer altura, uma obje\u00e7\u00e3o contra o tratamento das suas informa\u00e7\u00f5es pessoais que tenha sido efectuado devido a um interesse p\u00fablico ou com base num interesse leg\u00edtimo da parte respons\u00e1vel.<\/p>\n<p>Se as suas informa\u00e7\u00f5es pessoais forem tratadas para efeitos de publicidade direta, tem o direito de se opor a qualquer momento ao tratamento das suas informa\u00e7\u00f5es pessoais para efeitos desse tipo de publicidade; o mesmo se aplica \u00e0 defini\u00e7\u00e3o de perfis, desde que esteja relacionada com este tipo de publicidade direta.<\/p>\n<p>Se se opuser ao tratamento das suas informa\u00e7\u00f5es pessoais para fins de publicidade direta, essas informa\u00e7\u00f5es deixar\u00e3o de ser tratadas para esse fim.<\/p>\n<p><strong>6.8. Direito de revogar o consentimento para a prote\u00e7\u00e3o de dados<\/strong><\/p>\n<p>O utilizador tem o direito de revogar o seu consentimento de prote\u00e7\u00e3o de dados em qualquer altura.<\/p>\n<p><strong>6.9. Decis\u00f5es automatizadas em casos individuais, incluindo a defini\u00e7\u00e3o de perfis<\/strong><\/p>\n<p>O utilizador tem o direito de n\u00e3o ser sujeito a uma decis\u00e3o baseada exclusivamente no tratamento autom\u00e1tico dos seus dados pessoais - incluindo a defini\u00e7\u00e3o de perfis - que produza efeitos jur\u00eddicos ou o comprometa gravemente de forma semelhante.<\/p>\n<p><strong>6.10. Direito de recurso junto de um organismo regulador<\/strong><\/p>\n<p>O utilizador tem o direito de recorrer a um organismo regulador, independentemente de outros recursos administrativos ou legais, especialmente no Estado-Membro da sua resid\u00eancia, local de trabalho ou local da presum\u00edvel infra\u00e7\u00e3o, se o processamento das suas informa\u00e7\u00f5es pessoais violar o DSGVO.<\/p>\n<p>Se pretender enviar-nos um pedido de informa\u00e7\u00e3o, utilize o formul\u00e1rio aqui.<\/p>\n<p>Se considerar que os seus direitos como pessoa est\u00e3o a ser violados, pode contactar a Autoridade Austr\u00edaca para a Prote\u00e7\u00e3o de Dados:<\/p>\n<p>Datenschutzbeh\u00f6rde<br \/>\nWickenburggasse 8<br \/>\n1080 Viena<\/p>\n<p>E-Mail:\u00a0<a href=\"mailto:dsb@dsb.gv.at\">dsb@dsb.gv.at<\/a><br \/>\nTelefone: <a href=\"tel:+431521522569\">+43 1 521 52-25 69<\/a><\/p>\n<h3>7. Atualiza\u00e7\u00e3o da pol\u00edtica de privacidade<\/h3>\n<p>Esta pol\u00edtica de privacidade ser\u00e1 actualizada quando os processos forem alterados ou forem feitos ajustes t\u00e9cnicos. Por favor, verifique sempre a vers\u00e3o atual da nossa pol\u00edtica de privacidade.<\/p>\n<hr \/>\n<p>A partir de: 01.01.2024<\/p>\n\t\t<\/div>\n\t\t\t\t\t<\/div>\n\n\t\n<\/div>","protected":false},"excerpt":{"rendered":"","protected":false},"author":1,"featured_media":0,"parent":2849,"menu_order":0,"comment_status":"closed","ping_status":"closed","template":"page-blank.php","meta":{"inline_featured_image":false,"footnotes":""},"class_list":["post-3","page","type-page","status-publish","hentry"],"_links":{"self":[{"href":"https:\/\/ecoturbino.world\/pt\/wp-json\/wp\/v2\/pages\/3","targetHints":{"allow":["GET"]}}],"collection":[{"href":"https:\/\/ecoturbino.world\/pt\/wp-json\/wp\/v2\/pages"}],"about":[{"href":"https:\/\/ecoturbino.world\/pt\/wp-json\/wp\/v2\/types\/page"}],"author":[{"embeddable":true,"href":"https:\/\/ecoturbino.world\/pt\/wp-json\/wp\/v2\/users\/1"}],"replies":[{"embeddable":true,"href":"https:\/\/ecoturbino.world\/pt\/wp-json\/wp\/v2\/comments?post=3"}],"version-history":[{"count":0,"href":"https:\/\/ecoturbino.world\/pt\/wp-json\/wp\/v2\/pages\/3\/revisions"}],"up":[{"embeddable":true,"href":"https:\/\/ecoturbino.world\/pt\/wp-json\/wp\/v2\/pages\/2849"}],"wp:attachment":[{"href":"https:\/\/ecoturbino.world\/pt\/wp-json\/wp\/v2\/media?parent=3"}],"curies":[{"name":"wp","href":"https:\/\/api.w.org\/{rel}","templated":true}]}}