{"id":2870,"date":"2024-01-18T01:59:26","date_gmt":"2024-01-18T00:59:26","guid":{"rendered":"https:\/\/ecoturbino.eu\/?page_id=2870"},"modified":"2024-01-18T02:07:39","modified_gmt":"2024-01-18T01:07:39","slug":"gtc","status":"publish","type":"page","link":"https:\/\/ecoturbino.world\/pt\/gtc\/","title":{"rendered":"Termos e condi\u00e7\u00f5es"},"content":{"rendered":"<div class=\"banner has-hover\" id=\"banner-574167589\">\n          <div class=\"banner-inner fill\">\n        <div class=\"banner-bg fill\" >\n            <img decoding=\"async\" width=\"2000\" height=\"230\" src=\"https:\/\/ecoturbino.world\/wp-content\/uploads\/2024\/01\/wasser-faq-2000-sw.webp\" class=\"bg attachment-original size-original\" alt=\"Cabe\u00e7alho de \u00e1gua\" \/>                                    \n                    <\/div>\n\t\t\n        <div class=\"banner-layers container\">\n            <div class=\"fill banner-link\"><\/div>            \n   <div id=\"text-box-989019841\" class=\"text-box banner-layer x50 md-x50 lg-x50 y50 md-y50 lg-y50 res-text\">\n                                <div class=\"text-box-content text dark\">\n              \n              <div class=\"text-inner text-center\">\n                  \n<h1>GTC<\/h1>\n              <\/div>\n           <\/div>\n                            \n<style>\n#text-box-989019841 {\n  width: 100%;\n}\n#text-box-989019841 .text-box-content {\n  font-size: 100%;\n}\n@media (min-width:550px) {\n  #text-box-989019841 {\n    width: 71%;\n  }\n}\n@media (min-width:850px) {\n  #text-box-989019841 {\n    width: 50%;\n  }\n}\n<\/style>\n    <\/div>\n \n        <\/div>\n      <\/div>\n\n            \n<style>\n#banner-574167589 {\n  padding-top: 110px;\n}\n@media (min-width:550px) {\n  #banner-574167589 {\n    padding-top: 170px;\n  }\n}\n@media (min-width:850px) {\n  #banner-574167589 {\n    padding-top: 190px;\n  }\n}\n<\/style>\n  <\/div>\n\n\n<div class=\"row\"  id=\"row-1291331021\">\n\n\t<div id=\"col-537504498\" class=\"col small-12 large-12\"  >\n\t\t\t\t<div class=\"col-inner\"  >\n\t\t\t\n\t\t\t\n<h2>Termos e condi\u00e7\u00f5es gerais para o ecoturbino\u00ae World<\/h2>\n<ol>\n<li><strong>Responsabilidade civil<\/strong><br \/>N\u00e3o assumimos qualquer responsabilidade por erros ou problemas t\u00e9cnicos que possam surgir na Internet. Aplica-se o direito austr\u00edaco.<\/li>\n<li><strong>Responsabilidade pelo conte\u00fado<\/strong><br \/>As informa\u00e7\u00f5es contidas neste s\u00edtio Web destinam-se exclusivamente a fins de informa\u00e7\u00e3o geral e n\u00e3o s\u00e3o vinculativas.<\/li>\n<li><strong>Isen\u00e7\u00e3o de responsabilidade pelo conte\u00fado dos s\u00edtios ligados<\/strong><br \/>Este s\u00edtio Web cont\u00e9m v\u00e1rias liga\u00e7\u00f5es a p\u00e1ginas de outros fabricantes, etc., na Internet. Sublinhamos expressamente que n\u00e3o temos qualquer influ\u00eancia sobre o conte\u00fado e o design das p\u00e1ginas para as quais existem liga\u00e7\u00f5es. Por conseguinte, n\u00e3o podemos garantir a atualidade, exatid\u00e3o ou integridade das informa\u00e7\u00f5es a\u00ed fornecidas. Distanciamo-nos expressamente de todos os conte\u00fados dessas p\u00e1ginas. Esta declara\u00e7\u00e3o aplica-se a todas as liga\u00e7\u00f5es a p\u00e1ginas externas contidas no nosso s\u00edtio e a todos os conte\u00fados dessas p\u00e1ginas para as quais as liga\u00e7\u00f5es conduzem.<\/li>\n<li><strong>Direitos de imagem<\/strong><br \/>Todos os direitos de imagem das ilustra\u00e7\u00f5es da loja s\u00e3o propriedade da Ressourcen Saving GmbH e da Webdeals Shops GmbH. N\u00e3o \u00e9 permitida a utiliza\u00e7\u00e3o sem o nosso consentimento expresso.<\/li>\n<li><strong>Pol\u00edtica de privacidade e confidencialidade<\/strong><br \/>Consulte a nossa <a href=\"\/pt\/cockpit-privado\/privacidade\/\">Acordo de privacidade do RGPD<\/a>.<\/li>\n<li><strong>Cl\u00e1usula de rescis\u00e3o \/ Diversos<\/strong><br \/>A invalidade de disposi\u00e7\u00f5es individuais das presentes condi\u00e7\u00f5es gerais ou do contrato de compra e venda n\u00e3o afecta a validade das restantes disposi\u00e7\u00f5es. Em vez da disposi\u00e7\u00e3o inv\u00e1lida, aplica-se o regulamento estatut\u00e1rio.<\/li>\n<\/ol>\n\t\t<\/div>\n\t\t\t\t\t<\/div>\n\n\t\n<\/div>\n\t<div id=\"gap-1528500089\" class=\"gap-element clearfix\" style=\"display:block; height:auto;\">\n\t\t\n<style>\n#gap-1528500089 {\n  padding-top: 30px;\n}\n<\/style>\n\t<\/div>","protected":false},"excerpt":{"rendered":"","protected":false},"author":1,"featured_media":0,"parent":0,"menu_order":0,"comment_status":"closed","ping_status":"closed","template":"page-blank.php","meta":{"inline_featured_image":false,"footnotes":""},"class_list":["post-2870","page","type-page","status-publish","hentry"],"_links":{"self":[{"href":"https:\/\/ecoturbino.world\/pt\/wp-json\/wp\/v2\/pages\/2870","targetHints":{"allow":["GET"]}}],"collection":[{"href":"https:\/\/ecoturbino.world\/pt\/wp-json\/wp\/v2\/pages"}],"about":[{"href":"https:\/\/ecoturbino.world\/pt\/wp-json\/wp\/v2\/types\/page"}],"author":[{"embeddable":true,"href":"https:\/\/ecoturbino.world\/pt\/wp-json\/wp\/v2\/users\/1"}],"replies":[{"embeddable":true,"href":"https:\/\/ecoturbino.world\/pt\/wp-json\/wp\/v2\/comments?post=2870"}],"version-history":[{"count":0,"href":"https:\/\/ecoturbino.world\/pt\/wp-json\/wp\/v2\/pages\/2870\/revisions"}],"wp:attachment":[{"href":"https:\/\/ecoturbino.world\/pt\/wp-json\/wp\/v2\/media?parent=2870"}],"curies":[{"name":"wp","href":"https:\/\/api.w.org\/{rel}","templated":true}]}}