{"id":1215,"date":"2024-01-01T12:07:15","date_gmt":"2024-01-01T11:07:15","guid":{"rendered":"https:\/\/ecoturbino.eu\/?page_id=1215"},"modified":"2025-12-29T22:45:35","modified_gmt":"2025-12-29T21:45:35","slug":"impacto-6","status":"publish","type":"page","link":"https:\/\/ecoturbino.world\/pt\/impact-6\/","title":{"rendered":"Absolutamente isento de manuten\u00e7\u00e3o e adapt\u00e1vel a todos os chuveiros \u2013 pode ser instalado por qualquer pessoa"},"content":{"rendered":"<section class=\"section zindex1\" id=\"section_502917166\">\n\t\t<div class=\"section-bg fill\" >\n\t\t\t\t\t\t\t\t\t\n\t\t\t\n\n\t\t<\/div>\n\n\t\t\n\n\t\t<div class=\"section-content relative\">\n\t\t\t\n<div class=\"row row-small\"  id=\"row-249934749\">\n\n\t<div id=\"col-688564569\" class=\"col medium-9 small-12 large-9\"  >\n\t\t\t\t<div class=\"col-inner\"  >\n\t\t\t\n\t\t\t\n<h2 class=\"uppercase\">Absolutamente livre de manuten\u00e7\u00e3o e readapt\u00e1vel em todos os chuveiros - instal\u00e1vel por qualquer pessoa<\/h2>\n<h3 class=\"thin-font\">o sexto impacto do sistema ecoturbino\u00ae de poupan\u00e7a de \u00e1gua e prote\u00e7\u00e3o do ambiente<\/h3>\n<div class=\"row\"  id=\"row-1960387321\">\n\n\t<div id=\"col-906412684\" class=\"col medium-11 small-12 large-11\"  >\n\t\t\t\t<div class=\"col-inner\"  >\n\t\t\t\n\t\t\t\n\t<div id=\"stack-537389665\" class=\"stack stack-row justify-start items-start\">\n\t\t\n\t<div class=\"img has-hover x md-x lg-x y md-y lg-y\" id=\"image_1242446801\">\n\t\t<a class=\"\" href=\"\/pt\/impacto-1\/\" >\t\t\t\t\t\t<div class=\"img-inner image-color dark\" >\n\t\t\t<img decoding=\"async\" width=\"100\" height=\"100\" src=\"https:\/\/ecoturbino.world\/wp-content\/uploads\/2024\/01\/impact1.svg\" class=\"attachment-original size-original\" alt=\"\" \/>\t\t\t\t\t\t\n\t\t\t\t\t<\/div>\n\t\t\t\t\t\t<\/a>\t\t\n<style>\n#image_1242446801 {\n  width: 100%;\n}\n<\/style>\n\t<\/div>\n\t\n\t<div class=\"img has-hover x md-x lg-x y md-y lg-y\" id=\"image_421344970\">\n\t\t<a class=\"\" href=\"\/pt\/impacto-2\/\" >\t\t\t\t\t\t<div class=\"img-inner image-color dark\" >\n\t\t\t<img decoding=\"async\" width=\"100\" height=\"100\" src=\"https:\/\/ecoturbino.world\/wp-content\/uploads\/2024\/01\/impact2.svg\" class=\"attachment-original size-original\" alt=\"\" \/>\t\t\t\t\t\t\n\t\t\t\t\t<\/div>\n\t\t\t\t\t\t<\/a>\t\t\n<style>\n#image_421344970 {\n  width: 100%;\n}\n<\/style>\n\t<\/div>\n\t\n\t<div class=\"img has-hover x md-x lg-x y md-y lg-y\" id=\"image_675670989\">\n\t\t<a class=\"\" href=\"\/pt\/impacto-3\/\" >\t\t\t\t\t\t<div class=\"img-inner image-color dark\" >\n\t\t\t<img decoding=\"async\" width=\"100\" height=\"100\" src=\"https:\/\/ecoturbino.world\/wp-content\/uploads\/2024\/01\/impact3.svg\" class=\"attachment-original size-original\" alt=\"Impacto 3 do ecoturbino\" \/>\t\t\t\t\t\t\n\t\t\t\t\t<\/div>\n\t\t\t\t\t\t<\/a>\t\t\n<style>\n#image_675670989 {\n  width: 100%;\n}\n<\/style>\n\t<\/div>\n\t\n\t<div class=\"img has-hover x md-x lg-x y md-y lg-y\" id=\"image_1543882608\">\n\t\t<a class=\"\" href=\"\/pt\/impacto-4\/\" >\t\t\t\t\t\t<div class=\"img-inner image-color dark\" >\n\t\t\t<img decoding=\"async\" width=\"100\" height=\"100\" src=\"https:\/\/ecoturbino.world\/wp-content\/uploads\/2024\/01\/impact4.svg\" class=\"attachment-original size-original\" alt=\"Impacto 4 do ecoturbino\" \/>\t\t\t\t\t\t\n\t\t\t\t\t<\/div>\n\t\t\t\t\t\t<\/a>\t\t\n<style>\n#image_1543882608 {\n  width: 100%;\n}\n<\/style>\n\t<\/div>\n\t\n\t<div class=\"img has-hover x md-x lg-x y md-y lg-y\" id=\"image_1363093122\">\n\t\t<a class=\"\" href=\"\/pt\/impacto-5\/\" >\t\t\t\t\t\t<div class=\"img-inner image-color dark\" >\n\t\t\t<img decoding=\"async\" width=\"100\" height=\"100\" src=\"https:\/\/ecoturbino.world\/wp-content\/uploads\/2024\/01\/impact5.svg\" class=\"attachment-original size-original\" alt=\"\" \/>\t\t\t\t\t\t\n\t\t\t\t\t<\/div>\n\t\t\t\t\t\t<\/a>\t\t\n<style>\n#image_1363093122 {\n  width: 100%;\n}\n<\/style>\n\t<\/div>\n\t\n\t<div class=\"img has-hover x md-x lg-x y md-y lg-y\" id=\"image_800691011\">\n\t\t\t\t\t\t\t\t<div class=\"img-inner dark\" >\n\t\t\t<img decoding=\"async\" width=\"100\" height=\"100\" src=\"https:\/\/ecoturbino.world\/wp-content\/uploads\/2024\/01\/impact6.svg\" class=\"attachment-original size-original\" alt=\"Impacto 6 do ecoturbino\" \/>\t\t\t\t\t\t\n\t\t\t\t\t<\/div>\n\t\t\t\t\t\t\t\t\n<style>\n#image_800691011 {\n  width: 100%;\n}\n<\/style>\n\t<\/div>\n\t\n\t<div class=\"img has-hover x md-x lg-x y md-y lg-y\" id=\"image_509178882\">\n\t\t<a class=\"\" href=\"\/pt\/impacto-7\/\" >\t\t\t\t\t\t<div class=\"img-inner image-color dark\" >\n\t\t\t<img decoding=\"async\" width=\"100\" height=\"100\" src=\"https:\/\/ecoturbino.world\/wp-content\/uploads\/2024\/01\/impact7.svg\" class=\"attachment-original size-original\" alt=\"Impacto 7 do ecoturbino\" \/>\t\t\t\t\t\t\n\t\t\t\t\t<\/div>\n\t\t\t\t\t\t<\/a>\t\t\n<style>\n#image_509178882 {\n  width: 100%;\n}\n<\/style>\n\t<\/div>\n\t\n\t\t\n<style>\n#stack-537389665 > * {\n  --stack-gap: 0.5rem;\n}\n@media (min-width:550px) {\n  #stack-537389665 > * {\n    --stack-gap: 1rem;\n  }\n}\n<\/style>\n\t<\/div>\n\t\n\t\t<\/div>\n\t\t\t\t\t<\/div>\n\n\t\n<\/div>\n\t\t<\/div>\n\t\t\t\t\t<\/div>\n\n\t\n\n\t<div id=\"col-1058152770\" class=\"col medium-3 small-12 large-3\"  >\n\t\t\t\t<div class=\"col-inner\"  >\n\t\t\t\n\t\t\t\n\t<div class=\"img has-hover x md-x lg-x y md-y lg-y\" id=\"image_212994610\">\n\t\t\t\t\t\t\t\t<div class=\"img-inner dark\" >\n\t\t\t<img decoding=\"async\" width=\"100\" height=\"100\" src=\"https:\/\/ecoturbino.world\/wp-content\/uploads\/2024\/01\/impact6.svg\" class=\"attachment-original size-original\" alt=\"Impacto 6 do ecoturbino\" \/>\t\t\t\t\t\t\n\t\t\t\t\t<\/div>\n\t\t\t\t\t\t\t\t\n<style>\n#image_212994610 {\n  width: 100%;\n}\n<\/style>\n\t<\/div>\n\t\n\t\t<\/div>\n\t\t\t\t\t<\/div>\n\n\t\n<\/div>\n<div class=\"row\"  id=\"row-1526104069\">\n\n\t<div id=\"col-1044395389\" class=\"col small-12 large-12\"  >\n\t\t\t\t<div class=\"col-inner\"  >\n\t\t\t\n\t\t\t\n<div class=\"is-divider divider clearfix\" style=\"max-width:100%;height:1px;\"><\/div>\n<h3><span style=\"font-size: 120%;\">Poupan\u00e7a de energia facilitada <a href=\"https:\/\/en.ecoturbino.shop\/details\/\" target=\"_blank\" rel=\"noopener\">ecoturbino<\/a> - F\u00e1cil de instalar e adequado para todos<\/span><\/h3>\n<p>Numa altura em que <strong>a conserva\u00e7\u00e3o da energia e a prote\u00e7\u00e3o do ambiente s\u00e3o cada vez mais importantes,<\/strong> muitas pessoas est\u00e3o \u00e0 procura de formas de <strong>reduzir o seu consumo de energia<\/strong> e <strong>reduzir a sua pegada ecol\u00f3gica.<\/strong><\/p>\n<p>No entanto, deparam-se frequentemente com o problema de que muitos <strong>os produtos de poupan\u00e7a de energia s\u00e3o complicados<\/strong> e requerem uma instala\u00e7\u00e3o profissional. Mas n\u00e3o tem de ser assim. Com a ecoturbino, poupar energia \u00e9 uma brincadeira de crian\u00e7as.<\/p>\n<p>Este <strong>produto austr\u00edaco inovador<\/strong> pode ser <strong>instalado por qualquer pessoa sem conhecimento pr\u00e9vio<\/strong> ou conhecimentos, e cabe em qualquer duche. Est\u00e1 pronto a utilizar em apenas tr\u00eas minutos e n\u00e3o necessita de ferramentas ou de uma instala\u00e7\u00e3o complexa.<\/p>\n<h3>Porque \u00e9 que o ecoturbino \u00e9 t\u00e3o f\u00e1cil de instalar?<\/h3>\n<p>O Ecoturbino foi concebido para tornar<strong> instala\u00e7\u00e3o t\u00e3o simples quanto poss\u00edvel<\/strong>. N\u00e3o requer ferramentas complicadas nem conhecimentos especializados. A raz\u00e3o para isso \u00e9 a rosca padr\u00e3o de \u00bd polegada que est\u00e1 presente na maioria das liga\u00e7\u00f5es de canaliza\u00e7\u00e3o na misturadora de \u00e1gua quente do chuveiro.<\/p>\n<p>Esta rosca normalizada permite a fixa\u00e7\u00e3o f\u00e1cil e segura do ecoturbino sem necessidade de ajustes ou modifica\u00e7\u00f5es adicionais.<\/p>\n\t<div id=\"gap-1591465354\" class=\"gap-element clearfix\" style=\"display:block; height:auto;\">\n\t\t\n<style>\n#gap-1591465354 {\n  padding-top: 30px;\n}\n<\/style>\n\t<\/div>\n\t\n<div class=\"row\"  id=\"row-1653426358\">\n\n\t<div id=\"col-1798147396\" class=\"col medium-4 small-12 large-4\"  >\n\t\t\t\t<div class=\"col-inner\"  >\n\t\t\t\n\t\t\t\n\t<div class=\"img has-hover radius10 x md-x lg-x y md-y lg-y\" id=\"image_2085783079\">\n\t\t\t\t\t\t\t\t<div class=\"img-inner dark\" >\n\t\t\t<img decoding=\"async\" width=\"600\" height=\"600\" src=\"https:\/\/ecoturbino.world\/wp-content\/uploads\/2024\/01\/tools-shower_600.webp\" class=\"attachment-original size-original\" alt=\"S\u00edmbolo dos utens\u00edlios de duche\" srcset=\"https:\/\/ecoturbino.world\/wp-content\/uploads\/2024\/01\/tools-shower_600.webp 600w, https:\/\/ecoturbino.world\/wp-content\/uploads\/2024\/01\/tools-shower_600-500x500.webp 500w, https:\/\/ecoturbino.world\/wp-content\/uploads\/2024\/01\/tools-shower_600-32x32.webp 32w, https:\/\/ecoturbino.world\/wp-content\/uploads\/2024\/01\/tools-shower_600-48x48.webp 48w, https:\/\/ecoturbino.world\/wp-content\/uploads\/2024\/01\/tools-shower_600-80x80.webp 80w, https:\/\/ecoturbino.world\/wp-content\/uploads\/2024\/01\/tools-shower_600-180x180.webp 180w\" sizes=\"(max-width: 600px) 100vw, 600px\" \/>\t\t\t\t\t\t\n\t\t\t\t\t<\/div>\n\t\t\t\t\t\t\t\t\n<style>\n#image_2085783079 {\n  width: 100%;\n}\n<\/style>\n\t<\/div>\n\t\n\t\t<\/div>\n\t\t\t\t\t<\/div>\n\n\t\n\n\t<div id=\"col-1648778923\" class=\"col medium-8 small-12 large-8\"  >\n\t\t\t\t<div class=\"col-inner\"  >\n\t\t\t\n\t\t\t\n<h3>O processo simples de instala\u00e7\u00e3o do ecoturbino<\/h3>\n<p>A instala\u00e7\u00e3o do ecoturbino n\u00e3o podia ser mais f\u00e1cil. Aqui est\u00e3o os passos em pormenor:<\/p>\n<ol>\n<li><strong>Prepara\u00e7\u00e3o:<\/strong> Certifique-se de que a sua mangueira de duche tem uma <strong>Rosca standard de \u00bd polegada<\/strong> (que \u00e9 a norma mundial). \u00c9 o que acontece na maioria dos chuveiros.<\/li>\n<li><strong>Retirar a mangueira do chuveiro:<\/strong> Desaperte-o rodando-o no sentido dos ponteiros do rel\u00f3gio.<\/li>\n<li><strong>Ligar o ecoturbino:<\/strong> Basta enroscar o ecoturbino na rosca standard de \u00bd polegada do misturador, rodando-o no sentido dos ponteiros do rel\u00f3gio at\u00e9 ficar bem fixo.<\/li>\n<li>Agora, ligue a mangueira de \u00e1gua ao ecoturbino - Pronto! O seu ecoturbino est\u00e1 agora pronto a ser utilizado. N\u00e3o s\u00e3o necess\u00e1rios mais passos.<\/li>\n<\/ol>\n\t\t<\/div>\n\t\t\t\t\t<\/div>\n\n\t\n<\/div>\n\t<div id=\"gap-289635673\" class=\"gap-element clearfix\" style=\"display:block; height:auto;\">\n\t\t\n<style>\n#gap-289635673 {\n  padding-top: 30px;\n}\n<\/style>\n\t<\/div>\n\t\n<div class=\"row\"  id=\"row-948942262\">\n\n\t<div id=\"col-1439058070\" class=\"col medium-6 small-12 large-6\"  >\n\t\t\t\t<div class=\"col-inner\"  >\n\t\t\t\n\t\t\t\n<h3>N\u00e3o s\u00e3o necess\u00e1rios conhecimentos ou experi\u00eancia pr\u00e9vios<\/h3>\n<p>O melhor do ecoturbino \u00e9 o facto de ser <strong>adequado para todos<\/strong>. N\u00e3o \u00e9 necess\u00e1rio qualquer conhecimento pr\u00e9vio ou experi\u00eancia em instala\u00e7\u00f5es de canaliza\u00e7\u00e3o. A rosca standard e a f\u00e1cil fixa\u00e7\u00e3o tornam a instala\u00e7\u00e3o muito f\u00e1cil.<\/p>\n<blockquote>\n<p>\u00c9 uma \u00f3ptima maneira de poupar energia e \u00e1gua sem ter de se preocupar com a complexidade da instala\u00e7\u00e3o.<\/p>\n<\/blockquote>\n\t\t<\/div>\n\t\t\t\t\t<\/div>\n\n\t\n\n\t<div id=\"col-1574075359\" class=\"col medium-6 small-12 large-6\"  >\n\t\t\t\t<div class=\"col-inner\" style=\"background-color:#c0d63d;\" >\n\t\t\t\n\t\t\t\n\t<div id=\"text-235551274\" class=\"text\">\n\t\t\n<h4 class=\"uppercase\">CONCLUS\u00c3O<\/h4>\n\t\t\n<style>\n#text-235551274 {\n  font-size: 2rem;\n  text-align: right;\n  color: rgb(255,255,255);\n}\n#text-235551274 > * {\n  color: rgb(255,255,255);\n}\n@media (min-width:550px) {\n  #text-235551274 {\n    font-size: 3.5rem;\n  }\n}\n<\/style>\n\t<\/div>\n\t\n<h3>As grandes vantagens do ecoturbino<\/h3>\n<p>O Ecoturbino n\u00e3o s\u00f3 oferece uma instala\u00e7\u00e3o f\u00e1cil, como tamb\u00e9m uma s\u00e9rie de vantagens que <strong>fazer com que o investimento valha a pena<\/strong>:<\/p>\n<ul>\n<li><strong><a href=\"https:\/\/ecoturbino.world\/pt\/a-ue-regulamenta-a-agua-doce\/\">Poupan\u00e7a de \u00e1gua<\/a>:<\/strong> O Ecoturbino reduz o consumo de \u00e1gua durante os duches em 40 por cento. Isto n\u00e3o s\u00f3 poupa \u00e1gua, como tamb\u00e9m reduz os custos de produ\u00e7\u00e3o e elimina\u00e7\u00e3o de \u00e1gua.<\/li>\n<li><strong>Poupan\u00e7a de energia:<\/strong> Uma vez que \u00e9 necess\u00e1rio aquecer menos \u00e1gua para fornecer \u00e1gua quente para o duche, o ecoturbino tamb\u00e9m permite poupan\u00e7as de energia significativas e custos energ\u00e9ticos mais baixos.<\/li>\n<li><strong>Amigo do ambiente:<\/strong> A redu\u00e7\u00e3o do consumo de \u00e1gua e energia contribui para a conserva\u00e7\u00e3o do ambiente e para a diminui\u00e7\u00e3o das emiss\u00f5es de CO2.<\/li>\n<li><strong>Retribui\u00e7\u00e3o r\u00e1pida:<\/strong> As poupan\u00e7as nos custos de \u00e1gua e energia tornam rapidamente rent\u00e1vel o investimento no ecoturbino.<\/li>\n<li><strong>Maior conforto no duche:<\/strong> Apesar da redu\u00e7\u00e3o do consumo de \u00e1gua, o ecoturbino continua a proporcionar uma experi\u00eancia de duche forte e agrad\u00e1vel. O fluxo de \u00e1gua mant\u00e9m-se robusto e agrad\u00e1vel.<\/li>\n<\/ul>\n<blockquote>\n<p>Em geral, o ecoturbino \u00e9 um sistema simples e <strong>forma econ\u00f3mica de poupar energia e \u00e1gua sem sacrificar o conforto do duche.<\/strong> Qualquer pessoa pode instal\u00e1-lo e beneficiar das in\u00fameras vantagens que oferece. \u00c9 uma solu\u00e7\u00e3o vantajosa para a sua carteira e para o ambiente.<\/p>\n<\/blockquote>\n\t\t<\/div>\n\t\t\t\t\n<style>\n#col-1574075359 > .col-inner {\n  padding: 10px 20px 1px 20px;\n  border-radius: 10px;\n}\n<\/style>\n\t<\/div>\n\n\t\n<\/div>\n\t\t<\/div>\n\t\t\t\t\n<style>\n#col-1044395389 > .col-inner {\n  margin: 0px 0px -125px 0px;\n}\n@media (min-width:550px) {\n  #col-1044395389 > .col-inner {\n    margin: 0px 0px -200px 0px;\n  }\n}\n<\/style>\n\t<\/div>\n\n\t\n<\/div>\n\t\t<\/div>\n\n\t\t\n<style>\n#section_502917166 {\n  padding-top: 30px;\n  padding-bottom: 30px;\n}\n<\/style>\n\t<\/section>\n\t\n\n\t<section class=\"section\" id=\"section_56588121\">\n\t\t<div class=\"section-bg fill\" >\n\t\t\t<img decoding=\"async\" width=\"1920\" height=\"683\" src=\"https:\/\/ecoturbino.world\/wp-content\/uploads\/2025\/12\/ecoturbino-function_1920-1.webp\" class=\"bg attachment- size-\" alt=\"fun\u00e7\u00e3o ecoturbino\" \/>\t\t\t\t\t\t<div class=\"section-bg-overlay absolute fill\"><\/div>\n\t\t\t\n\n\t\t<\/div>\n\n\t\t\t<div class=\"ux-shape-divider ux-shape-divider--top ux-shape-divider--style-waves-opacity\">\n\t\t<svg viewbox=\"0 0 1000 300\" xmlns=\"http:\/\/www.w3.org\/2000\/svg\" preserveaspectratio=\"none\">\n    <path class=\"ux-shape-fill\" d=\"M0 300L-1 69.71C216 57 299.47 198.86 403 226C506 253 577 196 660 197C740 198 790.09 234.07 874 267C935.23 291 982 282.61 1000 277.61V300H0Z\"\/>\n    <path class=\"ux-shape-fill\" opacity=\"0.5\" d=\"M1 265.094L0 50.5C217 37.79 300.47 186.36 404 213.5C507 240.5 578 196.5 661 197.5C741 198.5 787.59 239.57 871.5 272.5C932.73 296.5 980.5 284.5 998.5 279.5V298.5L1 265.094Z\"\/>\n    <path class=\"ux-shape-fill\" opacity=\"0.15\" d=\"M0.999878 244.094L-0.00012207 27C217 14.29 300.47 173.86 404 201C507 228 578 196 661 197C741 198 787.59 243.07 871.5 276C932.73 300 980.5 284.5 998.5 279.5V299L0.999878 244.094Z\"\/>\n<\/svg>\n\n\t<\/div>\n\n\n\t\t<div class=\"section-content relative\">\n\t\t\t\n\t\t<\/div>\n\n\t\t\n<style>\n#section_56588121 {\n  padding-top: 125px;\n  padding-bottom: 125px;\n}\n#section_56588121 .section-bg-overlay {\n  background-color: rgba(0, 0, 0, 0.25);\n}\n#section_56588121 .ux-shape-divider--top svg {\n  height: 80px;\n  --divider-top-width: 100%;\n}\n@media (min-width:550px) {\n  #section_56588121 {\n    padding-top: 200px;\n    padding-bottom: 200px;\n  }\n  #section_56588121 .ux-shape-divider--top svg {\n    height: 124px;\n  }\n}\n<\/style>\n\t<\/section>","protected":false},"excerpt":{"rendered":"","protected":false},"author":2,"featured_media":1685,"parent":0,"menu_order":0,"comment_status":"closed","ping_status":"closed","template":"page-blank.php","meta":{"inline_featured_image":false,"footnotes":""},"class_list":["post-1215","page","type-page","status-publish","has-post-thumbnail","hentry"],"_links":{"self":[{"href":"https:\/\/ecoturbino.world\/pt\/wp-json\/wp\/v2\/pages\/1215","targetHints":{"allow":["GET"]}}],"collection":[{"href":"https:\/\/ecoturbino.world\/pt\/wp-json\/wp\/v2\/pages"}],"about":[{"href":"https:\/\/ecoturbino.world\/pt\/wp-json\/wp\/v2\/types\/page"}],"author":[{"embeddable":true,"href":"https:\/\/ecoturbino.world\/pt\/wp-json\/wp\/v2\/users\/2"}],"replies":[{"embeddable":true,"href":"https:\/\/ecoturbino.world\/pt\/wp-json\/wp\/v2\/comments?post=1215"}],"version-history":[{"count":0,"href":"https:\/\/ecoturbino.world\/pt\/wp-json\/wp\/v2\/pages\/1215\/revisions"}],"wp:featuredmedia":[{"embeddable":true,"href":"https:\/\/ecoturbino.world\/pt\/wp-json\/wp\/v2\/media\/1685"}],"wp:attachment":[{"href":"https:\/\/ecoturbino.world\/pt\/wp-json\/wp\/v2\/media?parent=1215"}],"curies":[{"name":"wp","href":"https:\/\/api.w.org\/{rel}","templated":true}]}}