{"id":1212,"date":"2024-01-01T12:02:37","date_gmt":"2024-01-01T11:02:37","guid":{"rendered":"https:\/\/ecoturbino.eu\/?page_id=1212"},"modified":"2025-12-29T22:45:10","modified_gmt":"2025-12-29T21:45:10","slug":"impacto-5","status":"publish","type":"page","link":"https:\/\/ecoturbino.world\/pt\/impact-5\/","title":{"rendered":"A utiliza\u00e7\u00e3o da terra para a conserva\u00e7\u00e3o dos recursos"},"content":{"rendered":"<section class=\"section zindex1\" id=\"section_851373019\">\n\t\t<div class=\"section-bg fill\" >\n\t\t\t\t\t\t\t\t\t\n\t\t\t\n\n\t\t<\/div>\n\n\t\t\n\n\t\t<div class=\"section-content relative\">\n\t\t\t\n<div class=\"row row-small\"  id=\"row-580489116\">\n\n\t<div id=\"col-1995733575\" class=\"col medium-9 small-12 large-9\"  >\n\t\t\t\t<div class=\"col-inner\"  >\n\t\t\t\n\t\t\t\n<h1 class=\"uppercase\">Tratamento da Terra com conserva\u00e7\u00e3o de recursos<\/h1>\n<h3 class=\"thin-font\">o quinto impacto do sistema ecoturbino\u00ae de poupan\u00e7a de \u00e1gua e prote\u00e7\u00e3o do ambiente<\/h3>\n<div class=\"row\"  id=\"row-713657011\">\n\n\t<div id=\"col-645140195\" class=\"col medium-11 small-12 large-11\"  >\n\t\t\t\t<div class=\"col-inner\"  >\n\t\t\t\n\t\t\t\n\t<div id=\"stack-181765070\" class=\"stack stack-row justify-start items-start\">\n\t\t\n\t<div class=\"img has-hover x md-x lg-x y md-y lg-y\" id=\"image_400060656\">\n\t\t<a class=\"\" href=\"\/pt\/impacto-1\/\" >\t\t\t\t\t\t<div class=\"img-inner image-color dark\" >\n\t\t\t<img decoding=\"async\" width=\"100\" height=\"100\" src=\"https:\/\/ecoturbino.world\/wp-content\/uploads\/2024\/01\/impact1.svg\" class=\"attachment-original size-original\" alt=\"\" \/>\t\t\t\t\t\t\n\t\t\t\t\t<\/div>\n\t\t\t\t\t\t<\/a>\t\t\n<style>\n#image_400060656 {\n  width: 100%;\n}\n<\/style>\n\t<\/div>\n\t\n\t<div class=\"img has-hover x md-x lg-x y md-y lg-y\" id=\"image_346436661\">\n\t\t<a class=\"\" href=\"\/pt\/impacto-2\/\" >\t\t\t\t\t\t<div class=\"img-inner image-color dark\" >\n\t\t\t<img decoding=\"async\" width=\"100\" height=\"100\" src=\"https:\/\/ecoturbino.world\/wp-content\/uploads\/2024\/01\/impact2.svg\" class=\"attachment-original size-original\" alt=\"\" \/>\t\t\t\t\t\t\n\t\t\t\t\t<\/div>\n\t\t\t\t\t\t<\/a>\t\t\n<style>\n#image_346436661 {\n  width: 100%;\n}\n<\/style>\n\t<\/div>\n\t\n\t<div class=\"img has-hover x md-x lg-x y md-y lg-y\" id=\"image_433404883\">\n\t\t<a class=\"\" href=\"\/pt\/impacto-3\/\" >\t\t\t\t\t\t<div class=\"img-inner image-color dark\" >\n\t\t\t<img decoding=\"async\" width=\"100\" height=\"100\" src=\"https:\/\/ecoturbino.world\/wp-content\/uploads\/2024\/01\/impact3.svg\" class=\"attachment-original size-original\" alt=\"Impacto 3 do ecoturbino\" \/>\t\t\t\t\t\t\n\t\t\t\t\t<\/div>\n\t\t\t\t\t\t<\/a>\t\t\n<style>\n#image_433404883 {\n  width: 100%;\n}\n<\/style>\n\t<\/div>\n\t\n\t<div class=\"img has-hover x md-x lg-x y md-y lg-y\" id=\"image_659966253\">\n\t\t<a class=\"\" href=\"\/pt\/impacto-4\/\" >\t\t\t\t\t\t<div class=\"img-inner image-color dark\" >\n\t\t\t<img decoding=\"async\" width=\"100\" height=\"100\" src=\"https:\/\/ecoturbino.world\/wp-content\/uploads\/2024\/01\/impact4.svg\" class=\"attachment-original size-original\" alt=\"Impacto 4 do ecoturbino\" \/>\t\t\t\t\t\t\n\t\t\t\t\t<\/div>\n\t\t\t\t\t\t<\/a>\t\t\n<style>\n#image_659966253 {\n  width: 100%;\n}\n<\/style>\n\t<\/div>\n\t\n\t<div class=\"img has-hover x md-x lg-x y md-y lg-y\" id=\"image_142499018\">\n\t\t\t\t\t\t\t\t<div class=\"img-inner dark\" >\n\t\t\t<img decoding=\"async\" width=\"100\" height=\"100\" src=\"https:\/\/ecoturbino.world\/wp-content\/uploads\/2024\/01\/impact5.svg\" class=\"attachment-original size-original\" alt=\"\" \/>\t\t\t\t\t\t\n\t\t\t\t\t<\/div>\n\t\t\t\t\t\t\t\t\n<style>\n#image_142499018 {\n  width: 100%;\n}\n<\/style>\n\t<\/div>\n\t\n\t<div class=\"img has-hover x md-x lg-x y md-y lg-y\" id=\"image_1659421096\">\n\t\t<a class=\"\" href=\"\/pt\/impacto-6\/\" >\t\t\t\t\t\t<div class=\"img-inner image-color dark\" >\n\t\t\t<img decoding=\"async\" width=\"100\" height=\"100\" src=\"https:\/\/ecoturbino.world\/wp-content\/uploads\/2024\/01\/impact6.svg\" class=\"attachment-original size-original\" alt=\"Impacto 6 do ecoturbino\" \/>\t\t\t\t\t\t\n\t\t\t\t\t<\/div>\n\t\t\t\t\t\t<\/a>\t\t\n<style>\n#image_1659421096 {\n  width: 100%;\n}\n<\/style>\n\t<\/div>\n\t\n\t<div class=\"img has-hover x md-x lg-x y md-y lg-y\" id=\"image_1919127940\">\n\t\t<a class=\"\" href=\"\/pt\/impacto-7\/\" >\t\t\t\t\t\t<div class=\"img-inner image-color dark\" >\n\t\t\t<img decoding=\"async\" width=\"100\" height=\"100\" src=\"https:\/\/ecoturbino.world\/wp-content\/uploads\/2024\/01\/impact7.svg\" class=\"attachment-original size-original\" alt=\"Impacto 7 do ecoturbino\" \/>\t\t\t\t\t\t\n\t\t\t\t\t<\/div>\n\t\t\t\t\t\t<\/a>\t\t\n<style>\n#image_1919127940 {\n  width: 100%;\n}\n<\/style>\n\t<\/div>\n\t\n\t\t\n<style>\n#stack-181765070 > * {\n  --stack-gap: 0.5rem;\n}\n@media (min-width:550px) {\n  #stack-181765070 > * {\n    --stack-gap: 1rem;\n  }\n}\n<\/style>\n\t<\/div>\n\t\n\t\t<\/div>\n\t\t\t\t\t<\/div>\n\n\t\n<\/div>\n\t\t<\/div>\n\t\t\t\t\t<\/div>\n\n\t\n\n\t<div id=\"col-1313790865\" class=\"col medium-3 small-12 large-3\"  >\n\t\t\t\t<div class=\"col-inner\"  >\n\t\t\t\n\t\t\t\n\t<div class=\"img has-hover x md-x lg-x y md-y lg-y\" id=\"image_24743287\">\n\t\t\t\t\t\t\t\t<div class=\"img-inner dark\" >\n\t\t\t<img decoding=\"async\" width=\"100\" height=\"100\" src=\"https:\/\/ecoturbino.world\/wp-content\/uploads\/2024\/01\/impact5.svg\" class=\"attachment-original size-original\" alt=\"\" \/>\t\t\t\t\t\t\n\t\t\t\t\t<\/div>\n\t\t\t\t\t\t\t\t\n<style>\n#image_24743287 {\n  width: 100%;\n}\n<\/style>\n\t<\/div>\n\t\n\t\t<\/div>\n\t\t\t\t\t<\/div>\n\n\t\n<\/div>\n<div class=\"row\"  id=\"row-993455368\">\n\n\t<div id=\"col-1358930679\" class=\"col small-12 large-12\"  >\n\t\t\t\t<div class=\"col-inner\"  >\n\t\t\t\n\t\t\t\n<div class=\"is-divider divider clearfix\" style=\"max-width:100%;height:1px;\"><\/div>\n<h2><span style=\"font-size: 120%;\">Poupar \u00e1gua, custos de energia e \u00e1guas residuais para todos | A import\u00e2ncia do ecoturbino\u00ae<\/span><\/h2>\n<p>Aqui, estamos a reduzir ainda mais o consumo de \u00e1gua durante os duches na Europa! Os dados seguir-se-\u00e3o!<\/p>\n<p><strong>O nosso mundo est\u00e1 a tornar-se cada vez mais seco<\/strong>, com <strong>os pre\u00e7os da \u00e1gua e da energia n\u00e3o param de aumentar<\/strong>e os custos das instala\u00e7\u00f5es de tratamento de \u00e1guas residuais tamb\u00e9m est\u00e3o a aumentar. Face a estes desafios, \u00e9 essencial utilizar os recursos de forma mais eficiente e atuar de forma sustent\u00e1vel.<\/p>\n<blockquote>\n<p>Um dos aspectos aparentemente insignificantes, mas <strong>h\u00e1bito n\u00e3o desperdi\u00e7ador \u00e9 tomar duche<\/strong>. Desfrutamos de um breve encontro com \u00e1gua quente, mas depois essa \u00e1gua transforma-se em \u00e1guas residuais quentes que s\u00e3o simplesmente despejadas pelo ralo.<\/p>\n<\/blockquote>\n<p>Este \u00e9 um <strong><a href=\"https:\/\/ecoturbino.world\/pt\/a-ue-regulamenta-a-agua-doce\/\">desperd\u00edcio sem sentido de \u00e1gua valiosa<\/a> e energia<\/strong> e contradiz os princ\u00edpios da sustentabilidade e da prote\u00e7\u00e3o do ambiente. \u00c9 aqui que a <strong>tecnologia inovadora do ecoturbino<\/strong> entra em a\u00e7\u00e3o, permitindo a todos<strong> poupar 40 por cento do consumo de \u00e1gua<\/strong> enquanto toma banho e reduz imediatamente os custos.<\/p>\n<h3>A quest\u00e3o da <strong>desperd\u00edcio de \u00e1gua e energia durante o duche<\/strong><\/h3>\n<p><strong>Tomar duche<\/strong> \u00e9 um dos nossos h\u00e1bitos quotidianos em que muitas vezes n\u00e3o pensamos no seu impacto no nosso ambiente. Apreciamos a \u00e1gua quente que corre sobre a nossa pele, esquecendo que se trata de um recurso finito.<\/p>\n<p>O problema come\u00e7a quando o <strong>a \u00e1gua do duche usada vai para o esgoto como \u00e1gua residual quente.<\/strong> O aquecimento da \u00e1gua requer energia, muitas vezes proveniente de fontes n\u00e3o renov\u00e1veis, o que implica custos.<\/p>\n<p>Al\u00e9m disso, as esta\u00e7\u00f5es de tratamento de \u00e1guas residuais devem <strong>processar estas \u00e1guas residuais, aumentando os custos adicionais<\/strong>. Aumento dos custos das \u00e1guas residuais.<\/p>\n\t<div id=\"gap-1862419750\" class=\"gap-element clearfix\" style=\"display:block; height:auto;\">\n\t\t\n<style>\n#gap-1862419750 {\n  padding-top: 30px;\n}\n<\/style>\n\t<\/div>\n\t\n<div class=\"row\"  id=\"row-981543112\">\n\n\t<div id=\"col-826784510\" class=\"col medium-4 small-12 large-4\"  >\n\t\t\t\t<div class=\"col-inner\"  >\n\t\t\t\n\t\t\t\n\t<div class=\"img has-hover radius10 x md-x lg-x y md-y lg-y\" id=\"image_2044530457\">\n\t\t\t\t\t\t\t\t<div class=\"img-inner dark\" >\n\t\t\t<img decoding=\"async\" width=\"600\" height=\"600\" src=\"https:\/\/ecoturbino.world\/wp-content\/uploads\/2024\/01\/water-saving-environment-costs_600.webp\" class=\"attachment-original size-original\" alt=\"S\u00edmbolo de prote\u00e7\u00e3o ambiental de poupan\u00e7a de \u00e1gua\" srcset=\"https:\/\/ecoturbino.world\/wp-content\/uploads\/2024\/01\/water-saving-environment-costs_600.webp 600w, https:\/\/ecoturbino.world\/wp-content\/uploads\/2024\/01\/water-saving-environment-costs_600-500x500.webp 500w, https:\/\/ecoturbino.world\/wp-content\/uploads\/2024\/01\/water-saving-environment-costs_600-32x32.webp 32w, https:\/\/ecoturbino.world\/wp-content\/uploads\/2024\/01\/water-saving-environment-costs_600-48x48.webp 48w, https:\/\/ecoturbino.world\/wp-content\/uploads\/2024\/01\/water-saving-environment-costs_600-80x80.webp 80w, https:\/\/ecoturbino.world\/wp-content\/uploads\/2024\/01\/water-saving-environment-costs_600-180x180.webp 180w\" sizes=\"(max-width: 600px) 100vw, 600px\" \/>\t\t\t\t\t\t\n\t\t\t\t\t<\/div>\n\t\t\t\t\t\t\t\t\n<style>\n#image_2044530457 {\n  width: 100%;\n}\n<\/style>\n\t<\/div>\n\t\n\t\t<\/div>\n\t\t\t\t\t<\/div>\n\n\t\n\n\t<div id=\"col-1939422062\" class=\"col medium-8 small-12 large-8\"  >\n\t\t\t\t<div class=\"col-inner\"  >\n\t\t\t\n\t\t\t\n<h3>A solu\u00e7\u00e3o: ecoturbino<\/h3>\n<p>O ecoturbino oferece uma solu\u00e7\u00e3o simples e eficiente para este problema. A tecnologia foi desenvolvida para reduzir<strong> o consumo de \u00e1gua durante os duches diminui uns impressionantes 40 por cento<\/strong> sem que os utilizadores tenham de sacrificar o conforto do duche. Eis algumas das vantagens que o ecoturbino oferece a todos:<\/p>\n<ul>\n<li><strong>Redu\u00e7\u00e3o de custos:<\/strong> O ecoturbino permite a todos reduzir significativamente os seus custos de \u00e1gua e energia. Ao reduzir o consumo de \u00e1gua, \u00e9 necess\u00e1rio aquecer menos \u00e1gua, o que leva a uma redu\u00e7\u00e3o dos custos de energia. Os custos mais baixos da \u00e1gua proporcionam uma vantagem financeira adicional.<\/li>\n<li><strong>Amigo do ambiente:<\/strong> Ao reduzir o consumo de \u00e1gua e poupar energia, o ecoturbino contribui para a prote\u00e7\u00e3o do ambiente. Ajuda a reduzir o consumo de \u00e1gua e a diminuir as emiss\u00f5es de CO2, contribuindo para a conserva\u00e7\u00e3o do ambiente.<\/li>\n<li><strong>Per\u00edodo de recupera\u00e7\u00e3o curto:<\/strong> Os custos de aquisi\u00e7\u00e3o do ecoturbino s\u00e3o baixos e as poupan\u00e7as nos custos de \u00e1gua e energia compensam o investimento num curto espa\u00e7o de tempo. \u00c9 uma decis\u00e3o economicamente sensata para empresas, hot\u00e9is, fam\u00edlias, clubes, hospitais, lares de idosos e muitos outros.<\/li>\n<li><strong>Sem comprometer o prazer do duche:<\/strong> Apesar da redu\u00e7\u00e3o do consumo de \u00e1gua, o ecoturbino continua a proporcionar uma experi\u00eancia de duche agrad\u00e1vel e relaxante. O jato de \u00e1gua continua a ser forte e agrad\u00e1vel sem comprometer a qualidade do duche.<\/li>\n<\/ul>\n\t\t<\/div>\n\t\t\t\t\t<\/div>\n\n\t\n<\/div>\n\t<div id=\"gap-1406999818\" class=\"gap-element clearfix\" style=\"display:block; height:auto;\">\n\t\t\n<style>\n#gap-1406999818 {\n  padding-top: 30px;\n}\n<\/style>\n\t<\/div>\n\t\n<div class=\"row\"  id=\"row-2008464397\">\n\n\t<div id=\"col-525961261\" class=\"col medium-6 small-12 large-6\"  >\n\t\t\t\t<div class=\"col-inner\"  >\n\t\t\t\n\t\t\t\n<h3>Vantagens adicionais do ecoturbino<\/h3>\n<p>O ecoturbino oferece outros benef\u00edcios para al\u00e9m da poupan\u00e7a de custos. Ajuda a conservar o abastecimento de \u00e1gua e <strong>reduzir a carga sobre as esta\u00e7\u00f5es de tratamento de \u00e1guas residuais<\/strong>. Isto \u00e9 especialmente importante numa \u00e9poca em que a escassez de \u00e1gua e os impactos ambientais est\u00e3o a tornar-se cada vez mais prevalecentes.<\/p>\n\t\t<\/div>\n\t\t\t\t\t<\/div>\n\n\t\n\n\t<div id=\"col-413330995\" class=\"col medium-6 small-12 large-6\"  >\n\t\t\t\t<div class=\"col-inner\" style=\"background-color:#c0d63d;\" >\n\t\t\t\n\t\t\t\n\t<div id=\"text-1645249770\" class=\"text\">\n\t\t\n<h4 class=\"uppercase\">CONCLUS\u00c3O<\/h4>\n\t\t\n<style>\n#text-1645249770 {\n  font-size: 2rem;\n  text-align: right;\n  color: rgb(255, 255, 255);\n}\n#text-1645249770 > * {\n  color: rgb(255, 255, 255);\n}\n@media (min-width:550px) {\n  #text-1645249770 {\n    font-size: 3.5rem;\n  }\n}\n<\/style>\n\t<\/div>\n\t\n<h3>ecoturbino - Uma vit\u00f3ria para todos, <a href=\"https:\/\/www.google.com\/aclk?sa=l&amp;ai=DChcSEwizlIz2qdWDAxXtm1oFHdKnCJEYABAAGgJ2dQ&amp;ase=2&amp;gclid=Cj0KCQiAwP6sBhDAARIsAPfK_watGz1qAKakOF_2c21Sq6uC66UaUaL18vzWqCx2GV9fPAC4TGya1OQaAgj9EALw_wcB&amp;ei=1t2fZZTQN4yJ9u8PsZifyAM&amp;sig=AOD64_3tZ_HBVO8lhe659upTWIB85jM_VA&amp;q&amp;sqi=2&amp;nis=4&amp;adurl&amp;ved=2ahUKEwiUk4L2qdWDAxWMhP0HHTHMBzkQ0Qx6BAgIEAE\" target=\"_blank\" rel=\"noopener sponsored\">Certificado pela T\u00dcV<\/a> c\u00e1lculo de amortiza\u00e7\u00e3o<\/h3>\n<p><strong>O ecoturbino \u00e9 uma solu\u00e7\u00e3o inovadora para poupar \u00e1gua, custos de energia e \u00e1guas residuais,<\/strong> tudo isto sem comprometer o prazer do duche. A tecnologia \u00e9 adequada para empresas, hot\u00e9is, fam\u00edlias, clubes, hospitais, lares de idosos e muitos outros.<\/p>\n<blockquote>\n<p>Com o ecoturbino, todos n\u00f3s podemos contribuir para a prote\u00e7\u00e3o do ambiente e, simultaneamente, reduzir os nossos encargos financeiros.<\/p>\n<\/blockquote>\n<p>\u00c9 tempo de assumirmos a responsabilidade pelos nossos recursos e darmos um passo em dire\u00e7\u00e3o \u00e0 sustentabilidade.<\/p>\n\t\t<\/div>\n\t\t\t\t\n<style>\n#col-413330995 > .col-inner {\n  padding: 10px 20px 1px 25px;\n  border-radius: 10px;\n}\n<\/style>\n\t<\/div>\n\n\t\n<\/div>\n\t\t<\/div>\n\t\t\t\t\n<style>\n#col-1358930679 > .col-inner {\n  margin: 0px 0px -125px 0px;\n}\n@media (min-width:550px) {\n  #col-1358930679 > .col-inner {\n    margin: 0px 0px -200px 0px;\n  }\n}\n<\/style>\n\t<\/div>\n\n\t\n<\/div>\n\t\t<\/div>\n\n\t\t\n<style>\n#section_851373019 {\n  padding-top: 30px;\n  padding-bottom: 30px;\n}\n<\/style>\n\t<\/section>\n\t\n\n\t<section class=\"section\" id=\"section_1315911486\">\n\t\t<div class=\"section-bg fill\" >\n\t\t\t<img decoding=\"async\" width=\"1920\" height=\"683\" src=\"https:\/\/ecoturbino.world\/wp-content\/uploads\/2025\/12\/ecoturbino-function_1920-1.webp\" class=\"bg attachment- size-\" alt=\"fun\u00e7\u00e3o ecoturbino\" \/>\t\t\t\t\t\t<div class=\"section-bg-overlay absolute fill\"><\/div>\n\t\t\t\n\n\t\t<\/div>\n\n\t\t\t<div class=\"ux-shape-divider ux-shape-divider--top ux-shape-divider--style-waves-opacity\">\n\t\t<svg viewbox=\"0 0 1000 300\" xmlns=\"http:\/\/www.w3.org\/2000\/svg\" preserveaspectratio=\"none\">\n    <path class=\"ux-shape-fill\" d=\"M0 300L-1 69.71C216 57 299.47 198.86 403 226C506 253 577 196 660 197C740 198 790.09 234.07 874 267C935.23 291 982 282.61 1000 277.61V300H0Z\"\/>\n    <path class=\"ux-shape-fill\" opacity=\"0.5\" d=\"M1 265.094L0 50.5C217 37.79 300.47 186.36 404 213.5C507 240.5 578 196.5 661 197.5C741 198.5 787.59 239.57 871.5 272.5C932.73 296.5 980.5 284.5 998.5 279.5V298.5L1 265.094Z\"\/>\n    <path class=\"ux-shape-fill\" opacity=\"0.15\" d=\"M0.999878 244.094L-0.00012207 27C217 14.29 300.47 173.86 404 201C507 228 578 196 661 197C741 198 787.59 243.07 871.5 276C932.73 300 980.5 284.5 998.5 279.5V299L0.999878 244.094Z\"\/>\n<\/svg>\n\n\t<\/div>\n\n\n\t\t<div class=\"section-content relative\">\n\t\t\t\n\t\t<\/div>\n\n\t\t\n<style>\n#section_1315911486 {\n  padding-top: 125px;\n  padding-bottom: 125px;\n}\n#section_1315911486 .section-bg-overlay {\n  background-color: rgba(0, 0, 0, 0.25);\n}\n#section_1315911486 .ux-shape-divider--top svg {\n  height: 80px;\n  --divider-top-width: 100%;\n}\n@media (min-width:550px) {\n  #section_1315911486 {\n    padding-top: 200px;\n    padding-bottom: 200px;\n  }\n  #section_1315911486 .ux-shape-divider--top svg {\n    height: 124px;\n  }\n}\n<\/style>\n\t<\/section>","protected":false},"excerpt":{"rendered":"","protected":false},"author":2,"featured_media":1680,"parent":0,"menu_order":0,"comment_status":"closed","ping_status":"closed","template":"page-blank.php","meta":{"inline_featured_image":false,"footnotes":""},"class_list":["post-1212","page","type-page","status-publish","has-post-thumbnail","hentry"],"_links":{"self":[{"href":"https:\/\/ecoturbino.world\/pt\/wp-json\/wp\/v2\/pages\/1212","targetHints":{"allow":["GET"]}}],"collection":[{"href":"https:\/\/ecoturbino.world\/pt\/wp-json\/wp\/v2\/pages"}],"about":[{"href":"https:\/\/ecoturbino.world\/pt\/wp-json\/wp\/v2\/types\/page"}],"author":[{"embeddable":true,"href":"https:\/\/ecoturbino.world\/pt\/wp-json\/wp\/v2\/users\/2"}],"replies":[{"embeddable":true,"href":"https:\/\/ecoturbino.world\/pt\/wp-json\/wp\/v2\/comments?post=1212"}],"version-history":[{"count":0,"href":"https:\/\/ecoturbino.world\/pt\/wp-json\/wp\/v2\/pages\/1212\/revisions"}],"wp:featuredmedia":[{"embeddable":true,"href":"https:\/\/ecoturbino.world\/pt\/wp-json\/wp\/v2\/media\/1680"}],"wp:attachment":[{"href":"https:\/\/ecoturbino.world\/pt\/wp-json\/wp\/v2\/media?parent=1212"}],"curies":[{"name":"wp","href":"https:\/\/api.w.org\/{rel}","templated":true}]}}