{"id":1207,"date":"2024-01-01T11:58:41","date_gmt":"2024-01-01T10:58:41","guid":{"rendered":"https:\/\/ecoturbino.eu\/?page_id=1207"},"modified":"2025-12-29T22:44:51","modified_gmt":"2025-12-29T21:44:51","slug":"impacto-4","status":"publish","type":"page","link":"https:\/\/ecoturbino.world\/pt\/impact-4\/","title":{"rendered":"Press\u00e3o da \u00e1gua do duche suficiente para todos (n\u00e3o \u00e9 um problema nos lares)"},"content":{"rendered":"<section class=\"section zindex1\" id=\"section_1177491665\">\n\t\t<div class=\"section-bg fill\" >\n\t\t\t\t\t\t\t\t\t\n\t\t\t\n\n\t\t<\/div>\n\n\t\t\n\n\t\t<div class=\"section-content relative\">\n\t\t\t\n<div class=\"row row-small\"  id=\"row-698173976\">\n\n\t<div id=\"col-2143669564\" class=\"col medium-9 small-12 large-9\"  >\n\t\t\t\t<div class=\"col-inner\"  >\n\t\t\t\n\t\t\t\n<h1 class=\"uppercase\">Press\u00e3o de \u00e1gua suficiente para todos (apenas para empresas)<\/h1>\n<h3 class=\"thin-font\">o quarto impacto do sistema ecoturbino\u00ae de poupan\u00e7a de \u00e1gua e prote\u00e7\u00e3o do ambiente<\/h3>\n<div class=\"row\"  id=\"row-196230252\">\n\n\t<div id=\"col-1912966164\" class=\"col medium-11 small-12 large-11\"  >\n\t\t\t\t<div class=\"col-inner\"  >\n\t\t\t\n\t\t\t\n\t<div id=\"stack-3864813578\" class=\"stack stack-row justify-start items-start\">\n\t\t\n\t<div class=\"img has-hover x md-x lg-x y md-y lg-y\" id=\"image_587908900\">\n\t\t<a class=\"\" href=\"\/pt\/impacto-1\/\" >\t\t\t\t\t\t<div class=\"img-inner image-color dark\" >\n\t\t\t<img decoding=\"async\" width=\"100\" height=\"100\" src=\"https:\/\/ecoturbino.world\/wp-content\/uploads\/2024\/01\/impact1.svg\" class=\"attachment-original size-original\" alt=\"\" \/>\t\t\t\t\t\t\n\t\t\t\t\t<\/div>\n\t\t\t\t\t\t<\/a>\t\t\n<style>\n#image_587908900 {\n  width: 100%;\n}\n<\/style>\n\t<\/div>\n\t\n\t<div class=\"img has-hover x md-x lg-x y md-y lg-y\" id=\"image_783516617\">\n\t\t<a class=\"\" href=\"\/pt\/impacto-2\/\" >\t\t\t\t\t\t<div class=\"img-inner image-color dark\" >\n\t\t\t<img decoding=\"async\" width=\"100\" height=\"100\" src=\"https:\/\/ecoturbino.world\/wp-content\/uploads\/2024\/01\/impact2.svg\" class=\"attachment-original size-original\" alt=\"\" \/>\t\t\t\t\t\t\n\t\t\t\t\t<\/div>\n\t\t\t\t\t\t<\/a>\t\t\n<style>\n#image_783516617 {\n  width: 100%;\n}\n<\/style>\n\t<\/div>\n\t\n\t<div class=\"img has-hover x md-x lg-x y md-y lg-y\" id=\"image_903052291\">\n\t\t<a class=\"\" href=\"\/pt\/impacto-3\/\" >\t\t\t\t\t\t<div class=\"img-inner image-color dark\" >\n\t\t\t<img decoding=\"async\" width=\"100\" height=\"100\" src=\"https:\/\/ecoturbino.world\/wp-content\/uploads\/2024\/01\/impact3.svg\" class=\"attachment-original size-original\" alt=\"Impacto 3 do ecoturbino\" \/>\t\t\t\t\t\t\n\t\t\t\t\t<\/div>\n\t\t\t\t\t\t<\/a>\t\t\n<style>\n#image_903052291 {\n  width: 100%;\n}\n<\/style>\n\t<\/div>\n\t\n\t<div class=\"img has-hover x md-x lg-x y md-y lg-y\" id=\"image_23300148\">\n\t\t\t\t\t\t\t\t<div class=\"img-inner dark\" >\n\t\t\t<img decoding=\"async\" width=\"100\" height=\"100\" src=\"https:\/\/ecoturbino.world\/wp-content\/uploads\/2024\/01\/impact4.svg\" class=\"attachment-original size-original\" alt=\"Impacto 4 do ecoturbino\" \/>\t\t\t\t\t\t\n\t\t\t\t\t<\/div>\n\t\t\t\t\t\t\t\t\n<style>\n#image_23300148 {\n  width: 100%;\n}\n<\/style>\n\t<\/div>\n\t\n\t<div class=\"img has-hover x md-x lg-x y md-y lg-y\" id=\"image_511434226\">\n\t\t<a class=\"\" href=\"\/pt\/impacto-5\/\" >\t\t\t\t\t\t<div class=\"img-inner image-color dark\" >\n\t\t\t<img decoding=\"async\" width=\"100\" height=\"100\" src=\"https:\/\/ecoturbino.world\/wp-content\/uploads\/2024\/01\/impact5.svg\" class=\"attachment-original size-original\" alt=\"\" \/>\t\t\t\t\t\t\n\t\t\t\t\t<\/div>\n\t\t\t\t\t\t<\/a>\t\t\n<style>\n#image_511434226 {\n  width: 100%;\n}\n<\/style>\n\t<\/div>\n\t\n\t<div class=\"img has-hover x md-x lg-x y md-y lg-y\" id=\"image_1821555674\">\n\t\t<a class=\"\" href=\"\/pt\/impacto-6\/\" >\t\t\t\t\t\t<div class=\"img-inner image-color dark\" >\n\t\t\t<img decoding=\"async\" width=\"100\" height=\"100\" src=\"https:\/\/ecoturbino.world\/wp-content\/uploads\/2024\/01\/impact6.svg\" class=\"attachment-original size-original\" alt=\"Impacto 6 do ecoturbino\" \/>\t\t\t\t\t\t\n\t\t\t\t\t<\/div>\n\t\t\t\t\t\t<\/a>\t\t\n<style>\n#image_1821555674 {\n  width: 100%;\n}\n<\/style>\n\t<\/div>\n\t\n\t<div class=\"img has-hover x md-x lg-x y md-y lg-y\" id=\"image_79675997\">\n\t\t<a class=\"\" href=\"\/pt\/impacto-7\/\" >\t\t\t\t\t\t<div class=\"img-inner image-color dark\" >\n\t\t\t<img decoding=\"async\" width=\"100\" height=\"100\" src=\"https:\/\/ecoturbino.world\/wp-content\/uploads\/2024\/01\/impact7.svg\" class=\"attachment-original size-original\" alt=\"Impacto 7 do ecoturbino\" \/>\t\t\t\t\t\t\n\t\t\t\t\t<\/div>\n\t\t\t\t\t\t<\/a>\t\t\n<style>\n#image_79675997 {\n  width: 100%;\n}\n<\/style>\n\t<\/div>\n\t\n\t\t\n<style>\n#stack-3864813578 > * {\n  --stack-gap: 0.5rem;\n}\n@media (min-width:550px) {\n  #stack-3864813578 > * {\n    --stack-gap: 1rem;\n  }\n}\n<\/style>\n\t<\/div>\n\t\n\t\t<\/div>\n\t\t\t\t\t<\/div>\n\n\t\n<\/div>\n\t\t<\/div>\n\t\t\t\t\t<\/div>\n\n\t\n\n\t<div id=\"col-1665152559\" class=\"col medium-3 small-12 large-3\"  >\n\t\t\t\t<div class=\"col-inner\"  >\n\t\t\t\n\t\t\t\n\t<div class=\"img has-hover x md-x lg-x y md-y lg-y\" id=\"image_335538592\">\n\t\t\t\t\t\t\t\t<div class=\"img-inner dark\" >\n\t\t\t<img decoding=\"async\" width=\"100\" height=\"100\" src=\"https:\/\/ecoturbino.world\/wp-content\/uploads\/2024\/01\/impact4.svg\" class=\"attachment-original size-original\" alt=\"Impacto 4 do ecoturbino\" \/>\t\t\t\t\t\t\n\t\t\t\t\t<\/div>\n\t\t\t\t\t\t\t\t\n<style>\n#image_335538592 {\n  width: 100%;\n}\n<\/style>\n\t<\/div>\n\t\n\t\t<\/div>\n\t\t\t\t\t<\/div>\n\n\t\n<\/div>\n<div class=\"row\"  id=\"row-1017135487\">\n\n\t<div id=\"col-1200078479\" class=\"col small-12 large-12\"  >\n\t\t\t\t<div class=\"col-inner\"  >\n\t\t\t\n\t\t\t\n<div class=\"is-divider divider clearfix\" style=\"max-width:100%;height:1px;\"><\/div>\n<h3><span style=\"font-size: 120%;\">Solu\u00e7\u00f5es de duche eficazes para hot\u00e9is, <a href=\"https:\/\/ecoturbino.world\/pt\/diretorio-mundial\/categorias\/residencias-de-estudantes\/\" target=\"_blank\" rel=\"noopener\">Dormit\u00f3rios de estudantes<\/a>Clubes, clubes e centros de fitness: ecoturbino para uma maior satisfa\u00e7\u00e3o<\/span><\/h3>\n<p>Em <strong>hot\u00e9is, clubes e centros de fitness, o fornecimento de \u00e1gua quente pode muitas vezes tornar-se um problema real,<\/strong> especialmente quando todos os convidados ou membros <strong>querer tomar duche ao mesmo tempo<\/strong>. Depois do desporto, do esqui ou antes do jantar, as pessoas correm para os chuveiros e os<a href=\"https:\/\/en.wikipedia.org\/wiki\/Plumbing#Water_pipes\" target=\"_blank\" rel=\"noopener sponsored\"> condutas de \u00e1gua<\/a> s\u00f3 pode fornecer<strong> capacidade h\u00eddrica limitada.<\/strong><\/p>\n<blockquote>\n<p>Quando demasiadas pessoas tomam banho em simult\u00e2neo, a press\u00e3o da \u00e1gua baixa significativamente e a experi\u00eancia do duche \u00e9 arruinada. Isto leva a clientes ou h\u00f3spedes insatisfeitos e pode afetar negativamente a reputa\u00e7\u00e3o do estabelecimento.<\/p>\n<\/blockquote>\n<p>\u00c9 aqui que o <strong>a tecnologia inovadora do ecoturbino entra em a\u00e7\u00e3o,<\/strong> reduzindo o consumo de \u00e1gua do duche em 40 por cento, mantendo a press\u00e3o da \u00e1gua e garantindo a satisfa\u00e7\u00e3o dos clientes e h\u00f3spedes.<\/p>\n\t<div id=\"gap-1134541995\" class=\"gap-element clearfix\" style=\"display:block; height:auto;\">\n\t\t\n<style>\n#gap-1134541995 {\n  padding-top: 30px;\n}\n<\/style>\n\t<\/div>\n\t\n<div class=\"row\"  id=\"row-1235300465\">\n\n\t<div id=\"col-1440295147\" class=\"col medium-4 small-12 large-4\"  >\n\t\t\t\t<div class=\"col-inner\"  >\n\t\t\t\n\t\t\t\n\t<div class=\"img has-hover radius10 x md-x lg-x y md-y lg-y\" id=\"image_656048676\">\n\t\t\t\t\t\t\t\t<div class=\"img-inner dark\" >\n\t\t\t<img decoding=\"async\" width=\"600\" height=\"600\" src=\"https:\/\/ecoturbino.world\/wp-content\/uploads\/2024\/01\/hotel-floor_600.webp\" class=\"attachment-original size-original\" alt=\"S\u00edmbolo do piso do hotel\" srcset=\"https:\/\/ecoturbino.world\/wp-content\/uploads\/2024\/01\/hotel-floor_600.webp 600w, https:\/\/ecoturbino.world\/wp-content\/uploads\/2024\/01\/hotel-floor_600-500x500.webp 500w, https:\/\/ecoturbino.world\/wp-content\/uploads\/2024\/01\/hotel-floor_600-32x32.webp 32w, https:\/\/ecoturbino.world\/wp-content\/uploads\/2024\/01\/hotel-floor_600-48x48.webp 48w, https:\/\/ecoturbino.world\/wp-content\/uploads\/2024\/01\/hotel-floor_600-80x80.webp 80w, https:\/\/ecoturbino.world\/wp-content\/uploads\/2024\/01\/hotel-floor_600-180x180.webp 180w\" sizes=\"(max-width: 600px) 100vw, 600px\" \/>\t\t\t\t\t\t\n\t\t\t\t\t<\/div>\n\t\t\t\t\t\t\t\t\n<style>\n#image_656048676 {\n  width: 100%;\n}\n<\/style>\n\t<\/div>\n\t\n\t\t<\/div>\n\t\t\t\t\t<\/div>\n\n\t\n\n\t<div id=\"col-387905605\" class=\"col medium-8 small-12 large-8\"  >\n\t\t\t\t<div class=\"col-inner\"  >\n\t\t\t\n\t\t\t\n<h3>O problema da capacidade limitada de \u00e1gua<\/h3>\n<p>A capacidade limitada de \u00e1gua das canaliza\u00e7\u00f5es e dos sistemas de abastecimento de \u00e1gua quente em hot\u00e9is, clubes e centros de fitness \u00e9 um problema comum que <strong>pode levar a situa\u00e7\u00f5es frustrantes.<\/strong><\/p>\n<p>Quando toda a gente quer <strong>chuveiro ao mesmo tempo, a press\u00e3o da \u00e1gua pode cair<\/strong> tanto que o jato de \u00e1gua se torna um mero gotejamento. Perde-se a alegria de tomar banho e <strong>os convidados ou membros ficam desiludidos<\/strong>. Esta situa\u00e7\u00e3o pode afetar a satisfa\u00e7\u00e3o dos clientes e manchar a reputa\u00e7\u00e3o do estabelecimento.<\/p>\n<ul>\n<li><strong>Corredores longos:<\/strong> Muitas divis\u00f5es est\u00e3o frequentemente ligadas a um \u00fanico tubo, e o aumento do consumo de \u00e1gua perto do ponto de entrada do tubo resulta frequentemente em <strong>a falta de abastecimento em pontos de utiliza\u00e7\u00e3o distantes,<\/strong> um problema comum em edif\u00edcios antigos. Solu\u00e7\u00e3o: A adapta\u00e7\u00e3o do sistema ecoturbino garante uma distribui\u00e7\u00e3o uniforme da \u00e1gua em todos os pontos de utiliza\u00e7\u00e3o - o que tamb\u00e9m se aplica a edif\u00edcios de v\u00e1rios andares!<\/li>\n<li>A solu\u00e7\u00e3o simples: o sistema ecoturbino<\/li>\n<\/ul>\n\t\t<\/div>\n\t\t\t\t\t<\/div>\n\n\t\n<\/div>\n\t<div id=\"gap-786667843\" class=\"gap-element clearfix\" style=\"display:block; height:auto;\">\n\t\t\n<style>\n#gap-786667843 {\n  padding-top: 30px;\n}\n<\/style>\n\t<\/div>\n\t\n<div class=\"row\"  id=\"row-855742474\">\n\n\t<div id=\"col-1412257592\" class=\"col medium-6 small-12 large-6\"  >\n\t\t\t\t<div class=\"col-inner\" style=\"background-color:rgb(255,255,255);\" >\n\t\t\t\n\t\t\t\n<p>O ecoturbino \u00e9 uma solu\u00e7\u00e3o eficaz para este problema generalizado. A tecnologia foi desenvolvida para reduzir o consumo de \u00e1gua do duche em uns impressionantes 40 por cento, sem afetar a press\u00e3o da \u00e1gua. Aqui est\u00e3o alguns dos benef\u00edcios que o ecoturbino oferece a hot\u00e9is, clubes e centros de fitness:<\/p>\n<ul>\n<li><strong>Preserva\u00e7\u00e3o da press\u00e3o da \u00e1gua:<\/strong> O ecoturbino assegura que a press\u00e3o da \u00e1gua \u00e9 mantida mesmo quando v\u00e1rias pessoas est\u00e3o a tomar banho simultaneamente. Isto significa que todos os h\u00f3spedes ou membros podem desfrutar de um fluxo de \u00e1gua forte e agrad\u00e1vel sem terem de se comprometer devido \u00e0 disponibilidade limitada de \u00e1gua.<\/li>\n<li><strong>Clientes e h\u00f3spedes satisfeitos:<\/strong> A ecoturbino garante clientes e h\u00f3spedes satisfeitos. Podem desfrutar plenamente da sua experi\u00eancia de duche sem se preocuparem com a press\u00e3o da \u00e1gua. Isto leva a <strong>boca-a-boca positivo<\/strong> e refor\u00e7a a reputa\u00e7\u00e3o das instala\u00e7\u00f5es.<\/li>\n<li><strong>Poupan\u00e7a de \u00e1gua:<\/strong> Apesar de manter a press\u00e3o da \u00e1gua, <strong>O ecoturbino reduz significativamente o consumo de \u00e1gua.<\/strong> Este facto contribui para a conserva\u00e7\u00e3o dos recursos h\u00eddricos e reduz simultaneamente os custos da \u00e1gua.<\/li>\n<li><strong>Poupan\u00e7a de energia:<\/strong> Uma vez que \u00e9 necess\u00e1rio aquecer menos \u00e1gua para fornecer \u00e1gua quente para o duche, os custos de energia tamb\u00e9m s\u00e3o reduzidos. Isto \u00e9 ben\u00e9fico n\u00e3o s\u00f3 para o ambiente, mas tamb\u00e9m para o or\u00e7amento das instala\u00e7\u00f5es.<\/li>\n<li><strong>Instala\u00e7\u00e3o f\u00e1cil:<\/strong> O ecoturbino pode ser instalado de forma f\u00e1cil e econ\u00f3mica, sem necessidade de grandes renova\u00e7\u00f5es. O investimento compensa rapidamente atrav\u00e9s das poupan\u00e7as obtidas.<\/li>\n<\/ul>\n\t\t<\/div>\n\t\t\t\t\n<style>\n#col-1412257592 > .col-inner {\n  padding: 15px 15px 15px 15px;\n  border-radius: 10px;\n}\n<\/style>\n\t<\/div>\n\n\t\n\n\t<div id=\"col-1829327526\" class=\"col medium-6 small-12 large-6\"  >\n\t\t\t\t<div class=\"col-inner\" style=\"background-color:#c0d63d;\" >\n\t\t\t\n\t\t\t\n\t<div id=\"text-4014509426\" class=\"text\">\n\t\t\n<h4 class=\"uppercase\">CONCLUS\u00c3O<\/h4>\n\t\t\n<style>\n#text-4014509426 {\n  font-size: 2rem;\n  text-align: right;\n  color: rgb(255, 255, 255);\n}\n#text-4014509426 > * {\n  color: rgb(255, 255, 255);\n}\n@media (min-width:550px) {\n  #text-4014509426 {\n    font-size: 3.5rem;\n    text-align: right;\n  }\n}\n<\/style>\n\t<\/div>\n\t\n<h3>Mais satisfa\u00e7\u00e3o, menos custos<\/h3>\n<p>A tecnologia ecoturbino \u00e9 uma<strong> solu\u00e7\u00e3o ideal para hot\u00e9is, clubes e centros de fitness<\/strong>bem como qualquer pessoa que tenha uma capacidade de \u00e1gua limitada. N\u00e3o s\u00f3 <strong>garante a satisfa\u00e7\u00e3o dos clientes e h\u00f3spedes<\/strong> mas tamb\u00e9m permite uma poupan\u00e7a significativa de \u00e1gua e uma redu\u00e7\u00e3o dos custos de energia.<\/p>\n<p>Com o ecoturbino, as instala\u00e7\u00f5es podem melhorar os seus servi\u00e7os e, simultaneamente, reduzir os custos - uma situa\u00e7\u00e3o vantajosa para todos.<\/p>\n\t\t<\/div>\n\t\t\t\t\n<style>\n#col-1829327526 > .col-inner {\n  padding: 10px 20px 1px 25px;\n  border-radius: 10px;\n}\n<\/style>\n\t<\/div>\n\n\t\n<\/div>\n\t\t<\/div>\n\t\t\t\t\n<style>\n#col-1200078479 > .col-inner {\n  margin: 0px 0px -125px 0px;\n}\n@media (min-width:550px) {\n  #col-1200078479 > .col-inner {\n    margin: 0px 0px -200px 0px;\n  }\n}\n<\/style>\n\t<\/div>\n\n\t\n<\/div>\n\t\t<\/div>\n\n\t\t\n<style>\n#section_1177491665 {\n  padding-top: 30px;\n  padding-bottom: 30px;\n}\n<\/style>\n\t<\/section>\n\t\n\n\t<section class=\"section\" id=\"section_1938323063\">\n\t\t<div class=\"section-bg fill\" >\n\t\t\t<img decoding=\"async\" width=\"1920\" height=\"683\" src=\"https:\/\/ecoturbino.world\/wp-content\/uploads\/2025\/12\/ecoturbino-function_1920-1.webp\" class=\"bg attachment- size-\" alt=\"fun\u00e7\u00e3o ecoturbino\" \/>\t\t\t\t\t\t<div class=\"section-bg-overlay absolute fill\"><\/div>\n\t\t\t\n\n\t\t<\/div>\n\n\t\t\t<div class=\"ux-shape-divider ux-shape-divider--top ux-shape-divider--style-waves-opacity\">\n\t\t<svg viewbox=\"0 0 1000 300\" xmlns=\"http:\/\/www.w3.org\/2000\/svg\" preserveaspectratio=\"none\">\n    <path class=\"ux-shape-fill\" d=\"M0 300L-1 69.71C216 57 299.47 198.86 403 226C506 253 577 196 660 197C740 198 790.09 234.07 874 267C935.23 291 982 282.61 1000 277.61V300H0Z\"\/>\n    <path class=\"ux-shape-fill\" opacity=\"0.5\" d=\"M1 265.094L0 50.5C217 37.79 300.47 186.36 404 213.5C507 240.5 578 196.5 661 197.5C741 198.5 787.59 239.57 871.5 272.5C932.73 296.5 980.5 284.5 998.5 279.5V298.5L1 265.094Z\"\/>\n    <path class=\"ux-shape-fill\" opacity=\"0.15\" d=\"M0.999878 244.094L-0.00012207 27C217 14.29 300.47 173.86 404 201C507 228 578 196 661 197C741 198 787.59 243.07 871.5 276C932.73 300 980.5 284.5 998.5 279.5V299L0.999878 244.094Z\"\/>\n<\/svg>\n\n\t<\/div>\n\n\n\t\t<div class=\"section-content relative\">\n\t\t\t\n\t\t<\/div>\n\n\t\t\n<style>\n#section_1938323063 {\n  padding-top: 125px;\n  padding-bottom: 125px;\n}\n#section_1938323063 .section-bg-overlay {\n  background-color: rgba(0, 0, 0, 0.25);\n}\n#section_1938323063 .ux-shape-divider--top svg {\n  height: 80px;\n  --divider-top-width: 100%;\n}\n@media (min-width:550px) {\n  #section_1938323063 {\n    padding-top: 300px;\n    padding-bottom: 300px;\n  }\n  #section_1938323063 .ux-shape-divider--top svg {\n    height: 124px;\n  }\n}\n<\/style>\n\t<\/section>","protected":false},"excerpt":{"rendered":"","protected":false},"author":2,"featured_media":1688,"parent":0,"menu_order":0,"comment_status":"closed","ping_status":"closed","template":"page-blank.php","meta":{"inline_featured_image":false,"footnotes":""},"class_list":["post-1207","page","type-page","status-publish","has-post-thumbnail","hentry"],"_links":{"self":[{"href":"https:\/\/ecoturbino.world\/pt\/wp-json\/wp\/v2\/pages\/1207","targetHints":{"allow":["GET"]}}],"collection":[{"href":"https:\/\/ecoturbino.world\/pt\/wp-json\/wp\/v2\/pages"}],"about":[{"href":"https:\/\/ecoturbino.world\/pt\/wp-json\/wp\/v2\/types\/page"}],"author":[{"embeddable":true,"href":"https:\/\/ecoturbino.world\/pt\/wp-json\/wp\/v2\/users\/2"}],"replies":[{"embeddable":true,"href":"https:\/\/ecoturbino.world\/pt\/wp-json\/wp\/v2\/comments?post=1207"}],"version-history":[{"count":0,"href":"https:\/\/ecoturbino.world\/pt\/wp-json\/wp\/v2\/pages\/1207\/revisions"}],"wp:featuredmedia":[{"embeddable":true,"href":"https:\/\/ecoturbino.world\/pt\/wp-json\/wp\/v2\/media\/1688"}],"wp:attachment":[{"href":"https:\/\/ecoturbino.world\/pt\/wp-json\/wp\/v2\/media?parent=1207"}],"curies":[{"name":"wp","href":"https:\/\/api.w.org\/{rel}","templated":true}]}}