{"id":1202,"date":"2024-01-01T11:52:19","date_gmt":"2024-01-01T10:52:19","guid":{"rendered":"https:\/\/ecoturbino.eu\/?page_id=1202"},"modified":"2025-12-29T22:44:32","modified_gmt":"2025-12-29T21:44:32","slug":"impacto-3","status":"publish","type":"page","link":"https:\/\/ecoturbino.world\/pt\/impact-3\/","title":{"rendered":"\u00c1gua quente suficiente para todos os duches ao mesmo tempo"},"content":{"rendered":"<section class=\"section zindex1\" id=\"section_995078989\">\n\t\t<div class=\"section-bg fill\" >\n\t\t\t\t\t\t\t\t\t\n\t\t\t\n\n\t\t<\/div>\n\n\t\t\n\n\t\t<div class=\"section-content relative\">\n\t\t\t\n<div class=\"row row-small\"  id=\"row-1105916354\">\n\n\t<div id=\"col-212814650\" class=\"col medium-9 small-12 large-9\"  >\n\t\t\t\t<div class=\"col-inner\"  >\n\t\t\t\n\t\t\t\n<h1 class=\"uppercase\">Fornecimento suficiente de \u00e1gua quente para todos os duches<\/h1>\n<h3 class=\"thin-font\">o terceiro impacto do sistema ecoturbino\u00ae de poupan\u00e7a de \u00e1gua e prote\u00e7\u00e3o do ambiente<\/h3>\n<div class=\"row\"  id=\"row-1229722617\">\n\n\t<div id=\"col-933856791\" class=\"col medium-11 small-12 large-11\"  >\n\t\t\t\t<div class=\"col-inner\"  >\n\t\t\t\n\t\t\t\n\t<div id=\"stack-1551792848\" class=\"stack stack-row justify-start items-start\">\n\t\t\n\t<div class=\"img has-hover x md-x lg-x y md-y lg-y\" id=\"image_1854405709\" data-no-translation=\"\">\n\t\t<a class=\"\" href=\"\/impact-1\/\" >\t\t\t\t\t\t<div class=\"img-inner image-color dark\" >\n\t\t\t<img decoding=\"async\" width=\"100\" height=\"100\" src=\"https:\/\/ecoturbino.world\/wp-content\/uploads\/2024\/01\/impact1.svg\" class=\"attachment-original size-original\" alt=\"\" \/>\t\t\t\t\t\t\n\t\t\t\t\t<\/div>\n\t\t\t\t\t\t<\/a>\t\t\n<style>\n#image_1854405709 {\n  width: 100%;\n}\n<\/style>\n\t<\/div>\n\t\n\t<div class=\"img has-hover x md-x lg-x y md-y lg-y\" id=\"image_1103051889\" data-no-translation=\"\">\n\t\t<a class=\"\" href=\"\/impact-2\/\" >\t\t\t\t\t\t<div class=\"img-inner image-color dark\" >\n\t\t\t<img decoding=\"async\" width=\"100\" height=\"100\" src=\"https:\/\/ecoturbino.world\/wp-content\/uploads\/2024\/01\/impact2.svg\" class=\"attachment-original size-original\" alt=\"\" \/>\t\t\t\t\t\t\n\t\t\t\t\t<\/div>\n\t\t\t\t\t\t<\/a>\t\t\n<style>\n#image_1103051889 {\n  width: 100%;\n}\n<\/style>\n\t<\/div>\n\t\n\t<div class=\"img has-hover x md-x lg-x y md-y lg-y\" id=\"image_448115308\" data-no-translation=\"\">\n\t\t\t\t\t\t\t\t<div class=\"img-inner dark\" >\n\t\t\t<img decoding=\"async\" width=\"100\" height=\"100\" src=\"https:\/\/ecoturbino.world\/wp-content\/uploads\/2024\/01\/impact3.svg\" class=\"attachment-original size-original\" alt=\"Impact 3 of ecoturbino\" \/>\t\t\t\t\t\t\n\t\t\t\t\t<\/div>\n\t\t\t\t\t\t\t\t\n<style>\n#image_448115308 {\n  width: 100%;\n}\n<\/style>\n\t<\/div>\n\t\n\t<div class=\"img has-hover x md-x lg-x y md-y lg-y\" id=\"image_910812228\" data-no-translation=\"\">\n\t\t<a class=\"\" href=\"\/impact-4\/\" >\t\t\t\t\t\t<div class=\"img-inner image-color dark\" >\n\t\t\t<img decoding=\"async\" width=\"100\" height=\"100\" src=\"https:\/\/ecoturbino.world\/wp-content\/uploads\/2024\/01\/impact4.svg\" class=\"attachment-original size-original\" alt=\"Impact 4 of ecoturbino\" \/>\t\t\t\t\t\t\n\t\t\t\t\t<\/div>\n\t\t\t\t\t\t<\/a>\t\t\n<style>\n#image_910812228 {\n  width: 100%;\n}\n<\/style>\n\t<\/div>\n\t\n\t<div class=\"img has-hover x md-x lg-x y md-y lg-y\" id=\"image_1590245265\" data-no-translation=\"\">\n\t\t<a class=\"\" href=\"\/impact-5\/\" >\t\t\t\t\t\t<div class=\"img-inner image-color dark\" >\n\t\t\t<img decoding=\"async\" width=\"100\" height=\"100\" src=\"https:\/\/ecoturbino.world\/wp-content\/uploads\/2024\/01\/impact5.svg\" class=\"attachment-original size-original\" alt=\"\" \/>\t\t\t\t\t\t\n\t\t\t\t\t<\/div>\n\t\t\t\t\t\t<\/a>\t\t\n<style>\n#image_1590245265 {\n  width: 100%;\n}\n<\/style>\n\t<\/div>\n\t\n\t<div class=\"img has-hover x md-x lg-x y md-y lg-y\" id=\"image_1532129470\" data-no-translation=\"\">\n\t\t<a class=\"\" href=\"\/impact-6\/\" >\t\t\t\t\t\t<div class=\"img-inner image-color dark\" >\n\t\t\t<img decoding=\"async\" width=\"100\" height=\"100\" src=\"https:\/\/ecoturbino.world\/wp-content\/uploads\/2024\/01\/impact6.svg\" class=\"attachment-original size-original\" alt=\"Impact 6 of ecoturbino\" \/>\t\t\t\t\t\t\n\t\t\t\t\t<\/div>\n\t\t\t\t\t\t<\/a>\t\t\n<style>\n#image_1532129470 {\n  width: 100%;\n}\n<\/style>\n\t<\/div>\n\t\n\t<div class=\"img has-hover x md-x lg-x y md-y lg-y\" id=\"image_1202324993\" data-no-translation=\"\">\n\t\t<a class=\"\" href=\"\/impact-7\/\" >\t\t\t\t\t\t<div class=\"img-inner image-color dark\" >\n\t\t\t<img decoding=\"async\" width=\"100\" height=\"100\" src=\"https:\/\/ecoturbino.world\/wp-content\/uploads\/2024\/01\/impact7.svg\" class=\"attachment-original size-original\" alt=\"Impact 7 of ecoturbino\" \/>\t\t\t\t\t\t\n\t\t\t\t\t<\/div>\n\t\t\t\t\t\t<\/a>\t\t\n<style>\n#image_1202324993 {\n  width: 100%;\n}\n<\/style>\n\t<\/div>\n\t\n\t\t\n<style>\n#stack-1551792848 > * {\n  --stack-gap: 0.5rem;\n}\n@media (min-width:550px) {\n  #stack-1551792848 > * {\n    --stack-gap: 1rem;\n  }\n}\n<\/style>\n\t<\/div>\n\t\n\t\t<\/div>\n\t\t\t\t\t<\/div>\n\n\t\n<\/div>\n\t\t<\/div>\n\t\t\t\t\t<\/div>\n\n\t\n\n\t<div id=\"col-923378431\" class=\"col medium-3 small-12 large-3\"  >\n\t\t\t\t<div class=\"col-inner\"  >\n\t\t\t\n\t\t\t\n\t<div class=\"img has-hover x md-x lg-x y md-y lg-y\" id=\"image_1844296627\" data-no-translation=\"\">\n\t\t\t\t\t\t\t\t<div class=\"img-inner dark\" >\n\t\t\t<img decoding=\"async\" width=\"100\" height=\"100\" src=\"https:\/\/ecoturbino.world\/wp-content\/uploads\/2024\/01\/impact3.svg\" class=\"attachment-original size-original\" alt=\"Impact 3 of ecoturbino\" \/>\t\t\t\t\t\t\n\t\t\t\t\t<\/div>\n\t\t\t\t\t\t\t\t\n<style>\n#image_1844296627 {\n  width: 100%;\n}\n<\/style>\n\t<\/div>\n\t\n\t\t<\/div>\n\t\t\t\t\t<\/div>\n\n\t\n<\/div>\n<div class=\"row\"  id=\"row-549460185\">\n\n\t<div id=\"col-1428462901\" class=\"col small-12 large-12\"  >\n\t\t\t\t<div class=\"col-inner\"  >\n\t\t\t\n\t\t\t\n<div class=\"is-divider divider clearfix\" style=\"max-width:100%;height:1px;\"><\/div>\n<h3><span style=\"font-size: 120%;\">Pequenas caldeiras e fornecimento de \u00e1gua quente para todos | Problema e solu\u00e7\u00e3o com ecoturbino<\/span><\/h3>\n<p>A quest\u00e3o da <strong>o abastecimento de \u00e1gua quente \u00e9 frequentemente negligenciado<\/strong> mas continua a ser um elemento crucial para o conforto e a qualidade de vida em muitas <strong>resid\u00eancias, <a href=\"https:\/\/ecoturbino.world\/pt\/diretorio-mundial\/categorias\/centro-desportivo-2\/\" target=\"_blank\" rel=\"noopener\">gin\u00e1sios<\/a>, dormit\u00f3rios de estudantes,<\/strong> e outras instala\u00e7\u00f5es colectivas.<\/p>\n<p>Especialmente em situa\u00e7\u00f5es em que <strong>as pequenas caldeiras ou bombas de calor s\u00e3o a \u00fanica fonte de \u00e1gua quente,<\/strong> A falta de \u00e1gua pode ocorrer quando todos querem tomar banho ao mesmo tempo. Este problema afecta principalmente as fam\u00edlias em casas unifamiliares, gin\u00e1sios e instala\u00e7\u00f5es colectivas.<\/p>\n<p>\u00c9 aqui que o <strong>a tecnologia inovadora da ecoturbino entra em a\u00e7\u00e3o<\/strong>, n\u00e3o s\u00f3 <strong>redu\u00e7\u00e3o do consumo de \u00e1gua durante os duches numa percentagem impressionante de 40<\/strong> mas tamb\u00e9m, de um modo geral, assegurar um abastecimento adequado de \u00e1gua quente para todos e oferecer numerosas vantagens.<\/p>\n<blockquote>\n<p>A dura\u00e7\u00e3o da disponibilidade de \u00e1gua quente para os duches \u00e9 prolongada por 40%.<\/p>\n<\/blockquote>\n\t<div id=\"gap-1047560200\" class=\"gap-element clearfix\" style=\"display:block; height:auto;\">\n\t\t\n<style>\n#gap-1047560200 {\n  padding-top: 30px;\n}\n<\/style>\n\t<\/div>\n\t\n<div class=\"row\"  id=\"row-562150559\">\n\n\t<div id=\"col-475818644\" class=\"col medium-4 small-12 large-4\"  >\n\t\t\t\t<div class=\"col-inner\"  >\n\t\t\t\n\t\t\t\n\t<div class=\"img has-hover radius10 x md-x lg-x y md-y lg-y\" id=\"image_935848792\" data-no-translation=\"\">\n\t\t\t\t\t\t\t\t<div class=\"img-inner dark\" >\n\t\t\t<img decoding=\"async\" width=\"600\" height=\"600\" src=\"https:\/\/ecoturbino.world\/wp-content\/uploads\/2024\/01\/setting-temp_600.webp\" class=\"attachment-original size-original\" alt=\"Setting temperature symbol\" srcset=\"https:\/\/ecoturbino.world\/wp-content\/uploads\/2024\/01\/setting-temp_600.webp 600w, https:\/\/ecoturbino.world\/wp-content\/uploads\/2024\/01\/setting-temp_600-500x500.webp 500w, https:\/\/ecoturbino.world\/wp-content\/uploads\/2024\/01\/setting-temp_600-32x32.webp 32w, https:\/\/ecoturbino.world\/wp-content\/uploads\/2024\/01\/setting-temp_600-48x48.webp 48w, https:\/\/ecoturbino.world\/wp-content\/uploads\/2024\/01\/setting-temp_600-80x80.webp 80w, https:\/\/ecoturbino.world\/wp-content\/uploads\/2024\/01\/setting-temp_600-180x180.webp 180w\" sizes=\"(max-width: 600px) 100vw, 600px\" \/>\t\t\t\t\t\t\n\t\t\t\t\t<\/div>\n\t\t\t\t\t\t\t\t\n<style>\n#image_935848792 {\n  width: 100%;\n}\n<\/style>\n\t<\/div>\n\t\n\t\t<\/div>\n\t\t\t\t\t<\/div>\n\n\t\n\n\t<div id=\"col-1251878420\" class=\"col medium-8 small-12 large-8\"  >\n\t\t\t\t<div class=\"col-inner\"  >\n\t\t\t\n\t\t\t\n<h3>O problema das caldeiras pequenas e <a href=\"https:\/\/en.wikipedia.org\/wiki\/Heat_pump\" target=\"_blank\" rel=\"noopener sponsored\">Bombas de calor<\/a><\/h3>\n<p>Em muitas casas de habita\u00e7\u00e3o e instala\u00e7\u00f5es colectivas, <strong>os sistemas de abastecimento de \u00e1gua quente s\u00e3o frequentemente subdimensionados<\/strong> devido a recursos limitados ou a restri\u00e7\u00f5es de espa\u00e7o.<\/p>\n<p>As pequenas caldeiras ou bombas de calor podem colocar dificuldades, <strong>especialmente quando muitas pessoas querem tomar banho ao mesmo tempo.<\/strong> Este facto conduz frequentemente a situa\u00e7\u00f5es desagrad\u00e1veis em que a \u00e1gua quente se torna escassa ou at\u00e9 se esgota completamente.<\/p>\n<p>Os membros da fam\u00edlia t\u00eam de se apressar durante os duches ou esperar por mais \u00e1gua quente, <strong>os clientes do gin\u00e1sio ficam frustrados,<\/strong> e o conforto geral fica significativamente comprometido.<\/p>\n\t\t<\/div>\n\t\t\t\t\t<\/div>\n\n\t\n<\/div>\n\t<div id=\"gap-1078387195\" class=\"gap-element clearfix\" style=\"display:block; height:auto;\">\n\t\t\n<style>\n#gap-1078387195 {\n  padding-top: 30px;\n}\n<\/style>\n\t<\/div>\n\t\n<div class=\"row\"  id=\"row-2002444228\">\n\n\t<div id=\"col-1841741927\" class=\"col medium-6 small-12 large-6\"  >\n\t\t\t\t<div class=\"col-inner\" style=\"background-color:rgb(255,255,255);\" >\n\t\t\t\n\t\t\t\n<h3>A solu\u00e7\u00e3o \"\u00c1gua Quente Adequada para Todos\" = ecoturbino<\/h3>\n<p>A tecnologia ecoturbino oferece uma<strong> solu\u00e7\u00e3o eficaz para este problema generalizado<\/strong>. Foi concebido para <strong>reduzir drasticamente o consumo de \u00e1gua durante os duches<\/strong> sem comprometer o conforto do duche. Eis algumas das vantagens que o ecoturbino proporciona a todos:<\/p>\n<ul>\n<li><strong>Reduzido (HOT) - Consumo de \u00e1gua:<\/strong> O ecoturbino pode reduzir o consumo de \u00e1gua numa percentagem impressionante de 40 por cento. Isto significa que \u00e9 necess\u00e1rio aquecer menos \u00e1gua para fornecer \u00e1gua quente para os duches, ou que a quantidade existente \u00e9 suficiente para muitas mais sess\u00f5es de duche. Isto leva a uma poupan\u00e7a significativa de energia e de recursos h\u00eddricos.<\/li>\n<\/ul>\n<blockquote>\n<p>\u00c1gua quente adequada para todos: Ao reduzir o consumo de \u00e1gua, o ecoturbino assegura que existe \u00e1gua quente suficiente para todos, mesmo quando v\u00e1rias pessoas querem tomar duche ao mesmo tempo. O problema da capacidade limitada de pequenas caldeiras ou bombas de calor \u00e9 efetivamente resolvido.<\/p>\n<\/blockquote>\n<ul>\n<li><strong>Retribui\u00e7\u00e3o r\u00e1pida:<\/strong> A instala\u00e7\u00e3o do ecoturbino \u00e9 simples e econ\u00f3mica. As poupan\u00e7as nos custos de energia e \u00e1gua tornam o investimento rent\u00e1vel num curto espa\u00e7o de tempo. Para fam\u00edlias, gin\u00e1sios e outras instala\u00e7\u00f5es, o ecoturbino compensa rapidamente.<\/li>\n<li><strong>Amigo do ambiente:<\/strong> Ao reduzir o consumo de \u00e1gua, o ecoturbino contribui para a conserva\u00e7\u00e3o dos recursos h\u00eddricos e para a redu\u00e7\u00e3o das emiss\u00f5es de CO2. Isto n\u00e3o \u00e9 apenas ben\u00e9fico para a sua carteira, mas tamb\u00e9m para o ambiente.<\/li>\n<li><strong>Maior conforto no duche:<\/strong> Apesar da redu\u00e7\u00e3o do consumo de \u00e1gua, <strong>O ecoturbino continua a proporcionar uma experi\u00eancia de duche inalterada, agrad\u00e1vel e relaxante<\/strong>. A tecnologia garante que o fluxo de \u00e1gua permanece forte e agrad\u00e1vel sem ser desperdi\u00e7ado (princ\u00edpio de aumento da press\u00e3o sem energia externa).<\/li>\n<\/ul>\n\t\t<\/div>\n\t\t\t\t\n<style>\n#col-1841741927 > .col-inner {\n  padding: 5px 15px 15px 15px;\n  border-radius: 10px;\n}\n<\/style>\n\t<\/div>\n\n\t\n\n\t<div id=\"col-974919992\" class=\"col medium-6 small-12 large-6\"  >\n\t\t\t\t<div class=\"col-inner\" style=\"background-color:#c0d63d;\" >\n\t\t\t\n\t\t\t\n\t<div id=\"text-890409648\" class=\"text\">\n\t\t\n<h4 class=\"uppercase\">CONCLUS\u00c3O<\/h4>\n\t\t\n<style>\n#text-890409648 {\n  font-size: 2rem;\n  text-align: right;\n  color: rgb(255,255,255);\n}\n#text-890409648 > * {\n  color: rgb(255,255,255);\n}\n@media (min-width:850px) {\n  #text-890409648 {\n    font-size: 3.5rem;\n  }\n}\n<\/style>\n\t<\/div>\n\t\n<h3>Benef\u00edcios para todos gra\u00e7as ao sistema ecoturbino<\/h3>\n<p>A tecnologia ecoturbino \u00e9 uma <strong>solu\u00e7\u00e3o vantajosa para todos<\/strong> lidar com recursos limitados de \u00e1gua quente. A <strong>reduz o consumo de \u00e1gua e garante \u00e1gua quente adequada para todos,<\/strong> e oferece in\u00fameras vantagens em termos de poupan\u00e7a de custos, respeito pelo ambiente e conforto do duche.<\/p>\n<blockquote>\n<p>Quer se trate de casas de fam\u00edlia, gin\u00e1sios ou outras instala\u00e7\u00f5es comuns, a ecoturbino garante um abastecimento de \u00e1gua quente eficiente e satisfat\u00f3rio para todos.<\/p>\n<\/blockquote>\n<p>Se um <strong>o dreno existente \u00e9 demasiado pequeno,<\/strong> A ecoturbino tamb\u00e9m pode ajudar com este problema. Em vez de inunda\u00e7\u00f5es, a utiliza\u00e7\u00e3o dos nossos produtos \u00e9 <strong>muitas vezes suficiente para evitar um transbordo,<\/strong> pelo que apenas \u00e9 necess\u00e1rio 60% da capacidade de escoamento - o transbordo pode ser frequentemente evitado.<\/p>\n\t\t<\/div>\n\t\t\t\t\n<style>\n#col-974919992 > .col-inner {\n  padding: 10px 20px 1px 25px;\n  border-radius: 10px;\n}\n<\/style>\n\t<\/div>\n\n\t\n<\/div>\n\t\t<\/div>\n\t\t\t\t\n<style>\n#col-1428462901 > .col-inner {\n  margin: 0px 0px -125px 0px;\n}\n@media (min-width:550px) {\n  #col-1428462901 > .col-inner {\n    margin: 0px 0px -200px 0px;\n  }\n}\n<\/style>\n\t<\/div>\n\n\t\n<\/div>\n\t\t<\/div>\n\n\t\t\n<style>\n#section_995078989 {\n  padding-top: 30px;\n  padding-bottom: 30px;\n}\n<\/style>\n\t<\/section>\n\t\n\n\t<section class=\"section\" id=\"section_725496379\">\n\t\t<div class=\"section-bg fill\" >\n\t\t\t<img decoding=\"async\" width=\"1920\" height=\"683\" src=\"https:\/\/ecoturbino.world\/wp-content\/uploads\/2025\/12\/ecoturbino-function_1920-1.webp\" class=\"bg attachment- size-\" alt=\"fun\u00e7\u00e3o ecoturbino\" \/>\t\t\t\t\t\t<div class=\"section-bg-overlay absolute fill\"><\/div>\n\t\t\t\n\n\t\t<\/div>\n\n\t\t\t<div class=\"ux-shape-divider ux-shape-divider--top ux-shape-divider--style-waves-opacity\">\n\t\t<svg viewbox=\"0 0 1000 300\" xmlns=\"http:\/\/www.w3.org\/2000\/svg\" preserveaspectratio=\"none\">\n    <path class=\"ux-shape-fill\" d=\"M0 300L-1 69.71C216 57 299.47 198.86 403 226C506 253 577 196 660 197C740 198 790.09 234.07 874 267C935.23 291 982 282.61 1000 277.61V300H0Z\"\/>\n    <path class=\"ux-shape-fill\" opacity=\"0.5\" d=\"M1 265.094L0 50.5C217 37.79 300.47 186.36 404 213.5C507 240.5 578 196.5 661 197.5C741 198.5 787.59 239.57 871.5 272.5C932.73 296.5 980.5 284.5 998.5 279.5V298.5L1 265.094Z\"\/>\n    <path class=\"ux-shape-fill\" opacity=\"0.15\" d=\"M0.999878 244.094L-0.00012207 27C217 14.29 300.47 173.86 404 201C507 228 578 196 661 197C741 198 787.59 243.07 871.5 276C932.73 300 980.5 284.5 998.5 279.5V299L0.999878 244.094Z\"\/>\n<\/svg>\n\n\t<\/div>\n\n\n\t\t<div class=\"section-content relative\">\n\t\t\t\n\t\t<\/div>\n\n\t\t\n<style>\n#section_725496379 {\n  padding-top: 125px;\n  padding-bottom: 125px;\n}\n#section_725496379 .section-bg-overlay {\n  background-color: rgba(0, 0, 0, 0.25);\n}\n#section_725496379 .ux-shape-divider--top svg {\n  height: 80px;\n  --divider-top-width: 100%;\n}\n@media (min-width:550px) {\n  #section_725496379 {\n    padding-top: 250px;\n    padding-bottom: 250px;\n  }\n  #section_725496379 .ux-shape-divider--top svg {\n    height: 124px;\n  }\n}\n<\/style>\n\t<\/section>","protected":false},"excerpt":{"rendered":"","protected":false},"author":2,"featured_media":1556,"parent":0,"menu_order":0,"comment_status":"closed","ping_status":"closed","template":"page-blank.php","meta":{"inline_featured_image":false,"footnotes":""},"class_list":["post-1202","page","type-page","status-publish","has-post-thumbnail","hentry"],"_links":{"self":[{"href":"https:\/\/ecoturbino.world\/pt\/wp-json\/wp\/v2\/pages\/1202","targetHints":{"allow":["GET"]}}],"collection":[{"href":"https:\/\/ecoturbino.world\/pt\/wp-json\/wp\/v2\/pages"}],"about":[{"href":"https:\/\/ecoturbino.world\/pt\/wp-json\/wp\/v2\/types\/page"}],"author":[{"embeddable":true,"href":"https:\/\/ecoturbino.world\/pt\/wp-json\/wp\/v2\/users\/2"}],"replies":[{"embeddable":true,"href":"https:\/\/ecoturbino.world\/pt\/wp-json\/wp\/v2\/comments?post=1202"}],"version-history":[{"count":0,"href":"https:\/\/ecoturbino.world\/pt\/wp-json\/wp\/v2\/pages\/1202\/revisions"}],"wp:featuredmedia":[{"embeddable":true,"href":"https:\/\/ecoturbino.world\/pt\/wp-json\/wp\/v2\/media\/1556"}],"wp:attachment":[{"href":"https:\/\/ecoturbino.world\/pt\/wp-json\/wp\/v2\/media?parent=1202"}],"curies":[{"name":"wp","href":"https:\/\/api.w.org\/{rel}","templated":true}]}}