{"id":1198,"date":"2024-01-01T11:46:22","date_gmt":"2024-01-01T10:46:22","guid":{"rendered":"https:\/\/ecoturbino.eu\/?page_id=1198"},"modified":"2024-01-16T00:49:38","modified_gmt":"2024-01-15T23:49:38","slug":"impacto-2","status":"publish","type":"page","link":"https:\/\/ecoturbino.world\/pt\/impact-2\/","title":{"rendered":"Higiene optimizada e vis\u00edvel nos chuveiros | cabe\u00e7as de chuveiro"},"content":{"rendered":"<section class=\"section zindex1\" id=\"section_2107301297\">\n\t\t<div class=\"section-bg fill\" >\n\t\t\t\t\t\t\t\t\t\n\t\t\t\n\n\t\t<\/div>\n\n\t\t\n\n\t\t<div class=\"section-content relative\">\n\t\t\t\n<div class=\"row row-small\"  id=\"row-1038816670\">\n\n\t<div id=\"col-2012392468\" class=\"col medium-9 small-12 large-9\"  >\n\t\t\t\t<div class=\"col-inner\"  >\n\t\t\t\n\t\t\t\n<h1 class=\"uppercase\">Higiene Optimizada e Vis\u00edvel NOS BANHOS E DUCHE<\/h1>\n<h3 class=\"thin-font\">o segundo impacto do sistema ecoturbino\u00ae de poupan\u00e7a de \u00e1gua e prote\u00e7\u00e3o do ambiente<\/h3>\n<div class=\"row\"  id=\"row-317189509\">\n\n\t<div id=\"col-263740470\" class=\"col medium-11 small-12 large-11\"  >\n\t\t\t\t<div class=\"col-inner\"  >\n\t\t\t\n\t\t\t\n\t<div id=\"stack-2735544411\" class=\"stack stack-row justify-start items-start\">\n\t\t\n\t<div class=\"img has-hover x md-x lg-x y md-y lg-y\" id=\"image_1137912379\">\n\t\t<a class=\"\" href=\"\/pt\/impacto-1\/\" >\t\t\t\t\t\t<div class=\"img-inner image-color dark\" >\n\t\t\t<img decoding=\"async\" width=\"100\" height=\"100\" src=\"https:\/\/ecoturbino.world\/wp-content\/uploads\/2024\/01\/impact1.svg\" class=\"attachment-original size-original\" alt=\"\" \/>\t\t\t\t\t\t\n\t\t\t\t\t<\/div>\n\t\t\t\t\t\t<\/a>\t\t\n<style>\n#image_1137912379 {\n  width: 100%;\n}\n<\/style>\n\t<\/div>\n\t\n\t<div class=\"img has-hover x md-x lg-x y md-y lg-y\" id=\"image_912041447\">\n\t\t\t\t\t\t\t\t<div class=\"img-inner dark\" >\n\t\t\t<img decoding=\"async\" width=\"100\" height=\"100\" src=\"https:\/\/ecoturbino.world\/wp-content\/uploads\/2024\/01\/impact2.svg\" class=\"attachment-original size-original\" alt=\"\" \/>\t\t\t\t\t\t\n\t\t\t\t\t<\/div>\n\t\t\t\t\t\t\t\t\n<style>\n#image_912041447 {\n  width: 100%;\n}\n<\/style>\n\t<\/div>\n\t\n\t<div class=\"img has-hover x md-x lg-x y md-y lg-y\" id=\"image_1216534861\">\n\t\t<a class=\"\" href=\"\/pt\/impacto-3\/\" >\t\t\t\t\t\t<div class=\"img-inner image-color dark\" >\n\t\t\t<img decoding=\"async\" width=\"100\" height=\"100\" src=\"https:\/\/ecoturbino.world\/wp-content\/uploads\/2024\/01\/impact3.svg\" class=\"attachment-original size-original\" alt=\"Impacto 3 do ecoturbino\" \/>\t\t\t\t\t\t\n\t\t\t\t\t<\/div>\n\t\t\t\t\t\t<\/a>\t\t\n<style>\n#image_1216534861 {\n  width: 100%;\n}\n<\/style>\n\t<\/div>\n\t\n\t<div class=\"img has-hover x md-x lg-x y md-y lg-y\" id=\"image_1533845310\">\n\t\t<a class=\"\" href=\"\/pt\/impacto-4\/\" >\t\t\t\t\t\t<div class=\"img-inner image-color dark\" >\n\t\t\t<img decoding=\"async\" width=\"100\" height=\"100\" src=\"https:\/\/ecoturbino.world\/wp-content\/uploads\/2024\/01\/impact4.svg\" class=\"attachment-original size-original\" alt=\"Impacto 4 do ecoturbino\" \/>\t\t\t\t\t\t\n\t\t\t\t\t<\/div>\n\t\t\t\t\t\t<\/a>\t\t\n<style>\n#image_1533845310 {\n  width: 100%;\n}\n<\/style>\n\t<\/div>\n\t\n\t<div class=\"img has-hover x md-x lg-x y md-y lg-y\" id=\"image_1915283890\">\n\t\t<a class=\"\" href=\"\/pt\/impacto-5\/\" >\t\t\t\t\t\t<div class=\"img-inner image-color dark\" >\n\t\t\t<img decoding=\"async\" width=\"100\" height=\"100\" src=\"https:\/\/ecoturbino.world\/wp-content\/uploads\/2024\/01\/impact5.svg\" class=\"attachment-original size-original\" alt=\"\" \/>\t\t\t\t\t\t\n\t\t\t\t\t<\/div>\n\t\t\t\t\t\t<\/a>\t\t\n<style>\n#image_1915283890 {\n  width: 100%;\n}\n<\/style>\n\t<\/div>\n\t\n\t<div class=\"img has-hover x md-x lg-x y md-y lg-y\" id=\"image_1048609270\">\n\t\t<a class=\"\" href=\"\/pt\/impacto-6\/\" >\t\t\t\t\t\t<div class=\"img-inner image-color dark\" >\n\t\t\t<img decoding=\"async\" width=\"100\" height=\"100\" src=\"https:\/\/ecoturbino.world\/wp-content\/uploads\/2024\/01\/impact6.svg\" class=\"attachment-original size-original\" alt=\"Impacto 6 do ecoturbino\" \/>\t\t\t\t\t\t\n\t\t\t\t\t<\/div>\n\t\t\t\t\t\t<\/a>\t\t\n<style>\n#image_1048609270 {\n  width: 100%;\n}\n<\/style>\n\t<\/div>\n\t\n\t<div class=\"img has-hover x md-x lg-x y md-y lg-y\" id=\"image_828946468\">\n\t\t<a class=\"\" href=\"\/pt\/impacto-7\/\" >\t\t\t\t\t\t<div class=\"img-inner image-color dark\" >\n\t\t\t<img decoding=\"async\" width=\"100\" height=\"100\" src=\"https:\/\/ecoturbino.world\/wp-content\/uploads\/2024\/01\/impact7.svg\" class=\"attachment-original size-original\" alt=\"Impacto 7 do ecoturbino\" \/>\t\t\t\t\t\t\n\t\t\t\t\t<\/div>\n\t\t\t\t\t\t<\/a>\t\t\n<style>\n#image_828946468 {\n  width: 100%;\n}\n<\/style>\n\t<\/div>\n\t\n\t\t\n<style>\n#stack-2735544411 > * {\n  --stack-gap: 0.5rem;\n}\n@media (min-width:550px) {\n  #stack-2735544411 > * {\n    --stack-gap: 1rem;\n  }\n}\n<\/style>\n\t<\/div>\n\t\n\t\t<\/div>\n\t\t\t\t\t<\/div>\n\n\t\n<\/div>\n\t\t<\/div>\n\t\t\t\t\t<\/div>\n\n\t\n\n\t<div id=\"col-1494413199\" class=\"col medium-3 small-12 large-3\"  >\n\t\t\t\t<div class=\"col-inner\"  >\n\t\t\t\n\t\t\t\n\t<div class=\"img has-hover x md-x lg-x y md-y lg-y\" id=\"image_193033159\">\n\t\t\t\t\t\t\t\t<div class=\"img-inner dark\" >\n\t\t\t<img decoding=\"async\" width=\"100\" height=\"100\" src=\"https:\/\/ecoturbino.world\/wp-content\/uploads\/2024\/01\/impact2.svg\" class=\"attachment-original size-original\" alt=\"\" \/>\t\t\t\t\t\t\n\t\t\t\t\t<\/div>\n\t\t\t\t\t\t\t\t\n<style>\n#image_193033159 {\n  width: 100%;\n}\n<\/style>\n\t<\/div>\n\t\n\t\t<\/div>\n\t\t\t\t\t<\/div>\n\n\t\n<\/div>\n<div class=\"row\"  id=\"row-990306864\">\n\n\t<div id=\"col-687073880\" class=\"col small-12 large-12\"  >\n\t\t\t\t<div class=\"col-inner\"  >\n\t\t\t\n\t\t\t\n<div class=\"is-divider divider clearfix\" style=\"max-width:100%;height:1px;\"><\/div>\n<h3><span style=\"font-size: 120%;\">Chuveiros e mangueiras limpos s\u00e3o indispens\u00e1veis para duches higi\u00e9nicos em hot\u00e9is, casas, instala\u00e7\u00f5es desportivas, etc.<\/span><\/h3>\n<p>O <strong>experi\u00eancia de duche<\/strong> desempenha um papel central no nosso bem-estar, seja em casa, em hot\u00e9is ou noutros alojamentos.<\/p>\n<p>Um duche relaxante de manh\u00e3 ou depois de um longo dia pode fazer a diferen\u00e7a entre um bom e um \u00f3timo dia. Mas e se o <strong>chuveiros e mangueiras<\/strong> que utilizamos para nos limparmos s\u00e3o eles pr\u00f3prios <strong>contaminado com bact\u00e9rias<\/strong>?<\/p>\n<p>Este problema n\u00e3o s\u00f3 pode ser <strong>anti-higi\u00e9nico<\/strong> mas tamb\u00e9m <strong>apresentam riscos para a sa\u00fade (contamina\u00e7\u00e3o por Legionella).<\/strong> \u00c9 aqui que a tecnologia inovadora do ecoturbino entra em a\u00e7\u00e3o, n\u00e3o s\u00f3 <strong>assegurar a limpeza higi\u00e9nica dos chuveiros e das mangueiras<\/strong> mas tamb\u00e9m minimizando os esfor\u00e7os de limpeza, reduzindo o calc\u00e1rio e os dep\u00f3sitos e promovendo a sa\u00fade, especialmente em termos do risco de Legionella.<\/p>\n\t<div id=\"gap-997090387\" class=\"gap-element clearfix\" style=\"display:block; height:auto;\">\n\t\t\n<style>\n#gap-997090387 {\n  padding-top: 30px;\n}\n<\/style>\n\t<\/div>\n\t\n<div class=\"row\"  id=\"row-173305378\">\n\n\t<div id=\"col-798687590\" class=\"col medium-4 small-12 large-4\"  >\n\t\t\t\t<div class=\"col-inner\"  >\n\t\t\t\n\t\t\t\n\t<div class=\"img has-hover radius10 x md-x lg-x y md-y lg-y\" id=\"image_1912451614\">\n\t\t\t\t\t\t\t\t<div class=\"img-inner dark\" >\n\t\t\t<img decoding=\"async\" width=\"600\" height=\"600\" src=\"https:\/\/ecoturbino.world\/wp-content\/uploads\/2024\/01\/shower-head_600.webp\" class=\"attachment-original size-original\" alt=\"\" srcset=\"https:\/\/ecoturbino.world\/wp-content\/uploads\/2024\/01\/shower-head_600.webp 600w, https:\/\/ecoturbino.world\/wp-content\/uploads\/2024\/01\/shower-head_600-500x500.webp 500w, https:\/\/ecoturbino.world\/wp-content\/uploads\/2024\/01\/shower-head_600-32x32.webp 32w, https:\/\/ecoturbino.world\/wp-content\/uploads\/2024\/01\/shower-head_600-48x48.webp 48w, https:\/\/ecoturbino.world\/wp-content\/uploads\/2024\/01\/shower-head_600-80x80.webp 80w, https:\/\/ecoturbino.world\/wp-content\/uploads\/2024\/01\/shower-head_600-180x180.webp 180w\" sizes=\"(max-width: 600px) 100vw, 600px\" \/>\t\t\t\t\t\t\n\t\t\t\t\t<\/div>\n\t\t\t\t\t\t\t\t\n<style>\n#image_1912451614 {\n  width: 100%;\n}\n<\/style>\n\t<\/div>\n\t\n\t\t<\/div>\n\t\t\t\t\t<\/div>\n\n\t\n\n\t<div id=\"col-114367748\" class=\"col medium-8 small-12 large-8\"  >\n\t\t\t\t<div class=\"col-inner\"  >\n\t\t\t\n\t\t\t\n<h3>Porque \u00e9 que os chuveiros e as mangueiras ficam contaminados com bact\u00e9rias?<\/h3>\n<p>Os chuveiros e as mangueiras s\u00e3o suscept\u00edveis de contamina\u00e7\u00e3o bacteriana por v\u00e1rias raz\u00f5es. A principal raz\u00e3o \u00e9 <strong>\u00e1gua estagnada.<\/strong> Quando a \u00e1gua fica estagnada nos canos e na cabe\u00e7a do chuveiro, cria uma <strong>terreno ideal para a reprodu\u00e7\u00e3o de bact\u00e9rias<\/strong> e outros microorganismos.<\/p>\n<p>Quando os chuveiros e as mangueiras de duche n\u00e3o s\u00e3o utilizados, por exemplo, quando se vai de f\u00e9rias, a temperatura da \u00e1gua no <strong>Os sistemas de \u00e1gua quente sobem naturalmente at\u00e9 \u00e0 temperatura ambiente, aumentando a contamina\u00e7\u00e3o e o crescimento da Legionella<\/strong> por um m\u00faltiplo - um terreno ideal para a reprodu\u00e7\u00e3o de bact\u00e9rias!<\/p>\n<p>Estas bact\u00e9rias podem multiplicar-se rapidamente no ambiente quente e h\u00famido e podem<strong> causar problemas de sa\u00fade (como <a href=\"https:\/\/en.wikipedia.org\/wiki\/Pneumonia\" target=\"_blank\" rel=\"noopener sponsored\">pneumonia<\/a><\/strong>). Outro problema \u00e9 a<strong> forma\u00e7\u00e3o de calc\u00e1rio<\/strong> e outros dep\u00f3sitos, que n\u00e3o s\u00f3 t\u00eam um aspeto desagrad\u00e1vel como tamb\u00e9m <strong>afetar o desempenho do chuveiro<\/strong> e pode levar a uma distribui\u00e7\u00e3o desigual da \u00e1gua.<\/p>\n\t\t<\/div>\n\t\t\t\t\t<\/div>\n\n\t\n<\/div>\n<div class=\"row\"  id=\"row-931297659\">\n\n\t<div id=\"col-2009698598\" class=\"col medium-6 small-12 large-6\"  >\n\t\t\t\t<div class=\"col-inner\"  >\n\t\t\t\n\t\t\t\n<h3>A solu\u00e7\u00e3o para chuveiros e mangueiras limpos: ecoturbino\u00ae.<\/h3>\n<p>A tecnologia Ecoturbino oferece uma solu\u00e7\u00e3o eficaz para estes problemas. Foi concebida para drenar continuamente os chuveiros e as mangueiras para evitar a estagna\u00e7\u00e3o da \u00e1gua. Isto tem v\u00e1rias vantagens:<\/p>\n<ul>\n<li><strong>Higiene:<\/strong> A drenagem cont\u00ednua dos chuveiros e mangueiras ap\u00f3s o duche reduz significativamente o risco de contamina\u00e7\u00e3o bacteriana. Sem \u00e1gua estagnada no chuveiro, as bact\u00e9rias e os microrganismos n\u00e3o t\u00eam terreno f\u00e9rtil.<\/li>\n<li><strong>Esfor\u00e7o de limpeza:<\/strong> A tediosa tarefa de limpar regularmente os chuveiros e as mangueiras para evitar a acumula\u00e7\u00e3o de dep\u00f3sitos e calc\u00e1rio \u00e9 largamente eliminada. Isto poupa tempo e esfor\u00e7o. Os esfor\u00e7os de manuten\u00e7\u00e3o s\u00e3o significativamente reduzidos!<\/li>\n<li><strong>Calc\u00e1rio e dep\u00f3sitos:<\/strong> A tecnologia Ecoturbino tamb\u00e9m ajuda a reduzir o calc\u00e1rio e os dep\u00f3sitos nos chuveiros e mangueiras. Isto n\u00e3o s\u00f3 melhora a vida \u00fatil do equipamento do chuveiro, como tamb\u00e9m garante um fluxo de \u00e1gua consistente e um desempenho \u00f3timo.<\/li>\n<li><strong>Sa\u00fade:<\/strong> A redu\u00e7\u00e3o do risco de Legionella \u00e9 particularmente importante. As legionelas s\u00e3o bact\u00e9rias que se multiplicam na \u00e1gua estagnada e podem causar graves problemas de sa\u00fade quando inaladas atrav\u00e9s de aeross\u00f3is. O Ecoturbino ajuda a minimizar este risco e a proteger a sa\u00fade dos utilizadores.<\/li>\n<li><strong>Limpeza visual:<\/strong> Os chuveiros que s\u00e3o continuamente drenados pela tecnologia ecoturbino permanecem sempre visualmente limpos e apelativos. Isto contribui para a est\u00e9tica geral da casa de banho.<\/li>\n<\/ul>\n\t\t<\/div>\n\t\t\t\t\t<\/div>\n\n\t\n\n\t<div id=\"col-640274895\" class=\"col medium-6 small-12 large-6\"  >\n\t\t\t\t<div class=\"col-inner\" style=\"background-color:#c0d63d;\" >\n\t\t\t\n\t\t\t\n\t<div id=\"text-3669781446\" class=\"text\">\n\t\t\n<h4 class=\"uppercase\">CONCLUS\u00c3O<\/h4>\n\t\t\n<style>\n#text-3669781446 {\n  font-size: 2rem;\n  text-align: right;\n  color: rgb(255, 255, 255);\n}\n#text-3669781446 > * {\n  color: rgb(255, 255, 255);\n}\n@media (min-width:850px) {\n  #text-3669781446 {\n    font-size: 3.5rem;\n  }\n}\n<\/style>\n\t<\/div>\n\t\n<h3>Higiene perfeita na casa de banho e muito mais gra\u00e7as \u00e0 ecoturbino<\/h3>\n<p><strong>ecoturbino<\/strong> n\u00e3o s\u00f3 fornece <strong>chuveiros higienicamente limpos<\/strong> e mangueiras, mas tamb\u00e9m contribui para a higiene geral da casa de banho. Como a \u00e1gua estagnada e os problemas bacterianos associados s\u00e3o reduzidos, a higiene geral da casa de banho \u00e9 melhorada.<\/p>\n<p>Isto \u00e9 especialmente importante em alojamentos como <strong>hot\u00e9is, lares de idosos, <a href=\"https:\/\/ecoturbino.world\/pt\/diretorio-mundial\/categorias\/medico\/\" target=\"_blank\" rel=\"noopener\">cl\u00ednicas<\/a>e pens\u00f5es<\/strong>bem como opera\u00e7\u00f5es sazonais e instala\u00e7\u00f5es desportivas, onde a seguran\u00e7a e o conforto dos h\u00f3spedes e dos doentes s\u00e3o as principais prioridades.<\/p>\n<p>Globalmente, o ecoturbino \u00e9 um<strong> solu\u00e7\u00e3o inovadora para um problema frequentemente negligenciado<\/strong> problema. Chuveiros e mangueiras limpos n\u00e3o s\u00e3o apenas <strong>esteticamente agrad\u00e1vel<\/strong> mas tamb\u00e9m essencial para a sa\u00fade e o bem-estar dos utilizadores.<\/p>\n<p>Com o ecoturbino, pode elevar a<strong> experi\u00eancia de duche em hot\u00e9is, casas<\/strong>e outros alojamentos a um novo n\u00edvel enquanto<strong> otimizar a higiene na casa de banho.<\/strong><\/p>\n\t\t<\/div>\n\t\t\t\t\n<style>\n#col-640274895 > .col-inner {\n  padding: 10px 20px 1px 25px;\n  border-radius: 10px;\n}\n<\/style>\n\t<\/div>\n\n\t\n<\/div>\n<div class=\"video video-fit mb\" style=\"padding-top:56.25%;\"><p><iframe title=\"A maneira mais f\u00e1cil de limpar a cabe\u00e7a do chuveiro\ud83d\udca5(RESULTADO INACREDIT\u00c1VEL)!!!\" width=\"1020\" height=\"574\" src=\"https:\/\/www.youtube.com\/embed\/J7uwCSF8Ym0?feature=oembed\" frameborder=\"0\" allow=\"accelerometer; autoplay; clipboard-write; encrypted-media; gyroscope; picture-in-picture; web-share\" referrerpolicy=\"strict-origin-when-cross-origin\" allowfullscreen><\/iframe><\/p>\n<\/div>\n\t\t<\/div>\n\t\t\t\t\t<\/div>\n\n\t\n<\/div>\n\t\t<\/div>\n\n\t\t\n<style>\n#section_2107301297 {\n  padding-top: 30px;\n  padding-bottom: 30px;\n}\n<\/style>\n\t<\/section>","protected":false},"excerpt":{"rendered":"","protected":false},"author":2,"featured_media":1533,"parent":0,"menu_order":0,"comment_status":"closed","ping_status":"closed","template":"page-blank.php","meta":{"inline_featured_image":false,"footnotes":""},"class_list":["post-1198","page","type-page","status-publish","has-post-thumbnail","hentry"],"_links":{"self":[{"href":"https:\/\/ecoturbino.world\/pt\/wp-json\/wp\/v2\/pages\/1198","targetHints":{"allow":["GET"]}}],"collection":[{"href":"https:\/\/ecoturbino.world\/pt\/wp-json\/wp\/v2\/pages"}],"about":[{"href":"https:\/\/ecoturbino.world\/pt\/wp-json\/wp\/v2\/types\/page"}],"author":[{"embeddable":true,"href":"https:\/\/ecoturbino.world\/pt\/wp-json\/wp\/v2\/users\/2"}],"replies":[{"embeddable":true,"href":"https:\/\/ecoturbino.world\/pt\/wp-json\/wp\/v2\/comments?post=1198"}],"version-history":[{"count":0,"href":"https:\/\/ecoturbino.world\/pt\/wp-json\/wp\/v2\/pages\/1198\/revisions"}],"wp:featuredmedia":[{"embeddable":true,"href":"https:\/\/ecoturbino.world\/pt\/wp-json\/wp\/v2\/media\/1533"}],"wp:attachment":[{"href":"https:\/\/ecoturbino.world\/pt\/wp-json\/wp\/v2\/media?parent=1198"}],"curies":[{"name":"wp","href":"https:\/\/api.w.org\/{rel}","templated":true}]}}