{"id":1195,"date":"2024-01-01T11:44:09","date_gmt":"2024-01-01T10:44:09","guid":{"rendered":"https:\/\/ecoturbino.eu\/?page_id=1195"},"modified":"2024-01-20T12:37:42","modified_gmt":"2024-01-20T11:37:42","slug":"impacto-1","status":"publish","type":"page","link":"https:\/\/ecoturbino.world\/pt\/impact-1\/","title":{"rendered":"Experi\u00eancia de Duche com Som de Cascata e Chuva | ecoturbino"},"content":{"rendered":"<section class=\"section zindex1\" id=\"section_2146126946\">\n\t\t<div class=\"section-bg fill\" >\n\t\t\t\t\t\t\t\t\t\n\t\t\t\n\n\t\t<\/div>\n\n\t\t\n\n\t\t<div class=\"section-content relative\">\n\t\t\t\n<div class=\"row row-small\"  id=\"row-1678071129\">\n\n\t<div id=\"col-903737450\" class=\"col medium-9 small-12 large-9\"  >\n\t\t\t\t<div class=\"col-inner\"  >\n\t\t\t\n\t\t\t\n<h1 class=\"uppercase\">Experi\u00eancia de duche com som de chuva e cascata | Ecoturbino\u00ae<\/h1>\n<h3 class=\"thin-font\">o primeiro impacto do sistema ecoturbino\u00ae de poupan\u00e7a de \u00e1gua e prote\u00e7\u00e3o do ambiente<\/h3>\n<div class=\"row\"  id=\"row-719061800\">\n\n\t<div id=\"col-955520745\" class=\"col medium-11 small-12 large-11\"  >\n\t\t\t\t<div class=\"col-inner\"  >\n\t\t\t\n\t\t\t\n\t<div id=\"stack-1888849903\" class=\"stack stack-row justify-start items-start sm:stack-row\">\n\t\t\n\t<div class=\"img has-hover x md-x lg-x y md-y lg-y\" id=\"image_2124352389\">\n\t\t\t\t\t\t\t\t<div class=\"img-inner dark\" >\n\t\t\t<img decoding=\"async\" width=\"100\" height=\"100\" src=\"https:\/\/ecoturbino.world\/wp-content\/uploads\/2024\/01\/impact1.svg\" class=\"attachment-original size-original\" alt=\"\" \/>\t\t\t\t\t\t\n\t\t\t\t\t<\/div>\n\t\t\t\t\t\t\t\t\n<style>\n#image_2124352389 {\n  width: 100%;\n}\n<\/style>\n\t<\/div>\n\t\n\t<div class=\"img has-hover x md-x lg-x y md-y lg-y\" id=\"image_1510313418\">\n\t\t<a class=\"\" href=\"\/pt\/impacto-2\/\" >\t\t\t\t\t\t<div class=\"img-inner image-color dark\" >\n\t\t\t<img decoding=\"async\" width=\"100\" height=\"100\" src=\"https:\/\/ecoturbino.world\/wp-content\/uploads\/2024\/01\/impact2.svg\" class=\"attachment-original size-original\" alt=\"\" \/>\t\t\t\t\t\t\n\t\t\t\t\t<\/div>\n\t\t\t\t\t\t<\/a>\t\t\n<style>\n#image_1510313418 {\n  width: 100%;\n}\n<\/style>\n\t<\/div>\n\t\n\t<div class=\"img has-hover x md-x lg-x y md-y lg-y\" id=\"image_261277402\">\n\t\t<a class=\"\" href=\"\/pt\/impacto-3\/\" >\t\t\t\t\t\t<div class=\"img-inner image-color dark\" >\n\t\t\t<img decoding=\"async\" width=\"100\" height=\"100\" src=\"https:\/\/ecoturbino.world\/wp-content\/uploads\/2024\/01\/impact3.svg\" class=\"attachment-original size-original\" alt=\"Impacto 3 do ecoturbino\" \/>\t\t\t\t\t\t\n\t\t\t\t\t<\/div>\n\t\t\t\t\t\t<\/a>\t\t\n<style>\n#image_261277402 {\n  width: 100%;\n}\n<\/style>\n\t<\/div>\n\t\n\t<div class=\"img has-hover x md-x lg-x y md-y lg-y\" id=\"image_1426349266\">\n\t\t<a class=\"\" href=\"\/pt\/impacto-4\/\" >\t\t\t\t\t\t<div class=\"img-inner image-color dark\" >\n\t\t\t<img decoding=\"async\" width=\"100\" height=\"100\" src=\"https:\/\/ecoturbino.world\/wp-content\/uploads\/2024\/01\/impact4.svg\" class=\"attachment-original size-original\" alt=\"Impacto 4 do ecoturbino\" \/>\t\t\t\t\t\t\n\t\t\t\t\t<\/div>\n\t\t\t\t\t\t<\/a>\t\t\n<style>\n#image_1426349266 {\n  width: 100%;\n}\n<\/style>\n\t<\/div>\n\t\n\t<div class=\"img has-hover x md-x lg-x y md-y lg-y\" id=\"image_1761063885\">\n\t\t<a class=\"\" href=\"\/pt\/impacto-5\/\" >\t\t\t\t\t\t<div class=\"img-inner image-color dark\" >\n\t\t\t<img decoding=\"async\" width=\"100\" height=\"100\" src=\"https:\/\/ecoturbino.world\/wp-content\/uploads\/2024\/01\/impact5.svg\" class=\"attachment-original size-original\" alt=\"\" \/>\t\t\t\t\t\t\n\t\t\t\t\t<\/div>\n\t\t\t\t\t\t<\/a>\t\t\n<style>\n#image_1761063885 {\n  width: 100%;\n}\n<\/style>\n\t<\/div>\n\t\n\t<div class=\"img has-hover x md-x lg-x y md-y lg-y\" id=\"image_227228859\">\n\t\t<a class=\"\" href=\"\/pt\/impacto-6\/\" >\t\t\t\t\t\t<div class=\"img-inner image-color dark\" >\n\t\t\t<img decoding=\"async\" width=\"100\" height=\"100\" src=\"https:\/\/ecoturbino.world\/wp-content\/uploads\/2024\/01\/impact6.svg\" class=\"attachment-original size-original\" alt=\"Impacto 6 do ecoturbino\" \/>\t\t\t\t\t\t\n\t\t\t\t\t<\/div>\n\t\t\t\t\t\t<\/a>\t\t\n<style>\n#image_227228859 {\n  width: 100%;\n}\n<\/style>\n\t<\/div>\n\t\n\t<div class=\"img has-hover x md-x lg-x y md-y lg-y\" id=\"image_422805215\">\n\t\t<a class=\"\" href=\"\/pt\/impacto-7\/\" >\t\t\t\t\t\t<div class=\"img-inner image-color dark\" >\n\t\t\t<img decoding=\"async\" width=\"100\" height=\"100\" src=\"https:\/\/ecoturbino.world\/wp-content\/uploads\/2024\/01\/impact7.svg\" class=\"attachment-original size-original\" alt=\"Impacto 7 do ecoturbino\" \/>\t\t\t\t\t\t\n\t\t\t\t\t<\/div>\n\t\t\t\t\t\t<\/a>\t\t\n<style>\n#image_422805215 {\n  width: 100%;\n}\n<\/style>\n\t<\/div>\n\t\n\t\t\n<style>\n#stack-1888849903 > * {\n  --stack-gap: 0.5rem;\n}\n@media (min-width:550px) {\n  #stack-1888849903 > * {\n    --stack-gap: 1rem;\n  }\n}\n<\/style>\n\t<\/div>\n\t\n\t\t<\/div>\n\t\t\t\t\t<\/div>\n\n\t\n<\/div>\n\t\t<\/div>\n\t\t\t\t\t<\/div>\n\n\t\n\n\t<div id=\"col-1682488073\" class=\"col medium-3 small-12 large-3\"  >\n\t\t\t\t<div class=\"col-inner\"  >\n\t\t\t\n\t\t\t\n\t<div class=\"img has-hover x md-x lg-x y md-y lg-y\" id=\"image_2080733079\">\n\t\t\t\t\t\t\t\t<div class=\"img-inner dark\" >\n\t\t\t<img decoding=\"async\" width=\"100\" height=\"100\" src=\"https:\/\/ecoturbino.world\/wp-content\/uploads\/2024\/01\/impact1.svg\" class=\"attachment-original size-original\" alt=\"\" \/>\t\t\t\t\t\t\n\t\t\t\t\t<\/div>\n\t\t\t\t\t\t\t\t\n<style>\n#image_2080733079 {\n  width: 100%;\n}\n<\/style>\n\t<\/div>\n\t\n\t\t<\/div>\n\t\t\t\t\t<\/div>\n\n\t\n<\/div>\n<div class=\"row\"  id=\"row-162413119\">\n\n\t<div id=\"col-1440753475\" class=\"col small-12 large-12\"  >\n\t\t\t\t<div class=\"col-inner\"  >\n\t\t\t\n\t\t\t\n<div class=\"is-divider divider clearfix\" style=\"max-width:100%;height:1px;\"><\/div>\n<h2><span style=\"font-size: 120%;\">A experi\u00eancia de duche como se estivesse ao ar livre | um chuveiro aud\u00edvel para maior conforto<\/span><\/h2>\n<p>Para muitas pessoas, o quotidiano <strong>tomar duche<\/strong> \u00e9 mais do que uma medida de higiene necess\u00e1ria. \u00c9 uma <strong>momento de relaxamento, bem-estar e refrescamento.<\/strong><\/p>\n<p>No mundo agitado de hoje, onde o stress e os prazos s\u00e3o omnipresentes, a <strong>o duche pode ser um o\u00e1sis de calma<\/strong> e rejuvenescimento.<\/p>\n<p>E quando se pode melhorar a<strong> experi\u00eancia de duche por sentimento<\/strong> como se estiv\u00e9ssemos debaixo de um <strong>um refrescante duche de chuva ao ar livre ou junto a uma cascata,<\/strong> esse momento torna-se algo verdadeiramente especial. Gra\u00e7as ao ecoturbino, isso \u00e9 agora poss\u00edvel.<\/p>\n<h3>A saudade da natureza na casa de banho<\/h3>\n<p>O <strong>desejo pela natureza e pelo ar livre<\/strong> est\u00e1 profundamente enraizada em n\u00f3s. Ao longo da hist\u00f3ria, <strong>os seres humanos t\u00eam procurado uma liga\u00e7\u00e3o com a natureza<\/strong> e integrou-a na nossa vida quotidiana, seja atrav\u00e9s da ecologiza\u00e7\u00e3o dos nossos espa\u00e7os ou da utiliza\u00e7\u00e3o de materiais naturais.<\/p>\n<p>Por isso, \u00e9 natural que tamb\u00e9m queiramos viver a natureza nas nossas casas de banho. A ideia de estar debaixo de um refrescante chuveiro de efeito chuva, completo com <strong>sons de \u00e1gua ao ar livre<\/strong>, enquanto quente <strong>a \u00e1gua corre suavemente sobre o nosso corpo<\/strong>\u00e9 muito apelativo para muitos de n\u00f3s. Gra\u00e7as ao ecoturbino, isso \u00e9 agora poss\u00edvel.<\/p>\n\t<div id=\"gap-1660452695\" class=\"gap-element clearfix\" style=\"display:block; height:auto;\">\n\t\t\n<style>\n#gap-1660452695 {\n  padding-top: 30px;\n}\n<\/style>\n\t<\/div>\n\t\n<div class=\"row\"  id=\"row-1835950977\">\n\n\t<div id=\"col-766846523\" class=\"col medium-4 small-12 large-4\"  >\n\t\t\t\t<div class=\"col-inner\"  >\n\t\t\t\n\t\t\t\n\t<div class=\"img has-hover radius10 x md-x lg-x y md-y lg-y\" id=\"image_65745410\">\n\t\t\t\t\t\t\t\t<div class=\"img-inner dark\" >\n\t\t\t<img decoding=\"async\" width=\"600\" height=\"600\" src=\"https:\/\/ecoturbino.world\/wp-content\/uploads\/2024\/01\/waterfall_600.webp\" class=\"attachment-original size-original\" alt=\"S\u00edmbolo de cascata\" srcset=\"https:\/\/ecoturbino.world\/wp-content\/uploads\/2024\/01\/waterfall_600.webp 600w, https:\/\/ecoturbino.world\/wp-content\/uploads\/2024\/01\/waterfall_600-500x500.webp 500w, https:\/\/ecoturbino.world\/wp-content\/uploads\/2024\/01\/waterfall_600-32x32.webp 32w, https:\/\/ecoturbino.world\/wp-content\/uploads\/2024\/01\/waterfall_600-48x48.webp 48w, https:\/\/ecoturbino.world\/wp-content\/uploads\/2024\/01\/waterfall_600-80x80.webp 80w, https:\/\/ecoturbino.world\/wp-content\/uploads\/2024\/01\/waterfall_600-180x180.webp 180w\" sizes=\"(max-width: 600px) 100vw, 600px\" \/>\t\t\t\t\t\t\n\t\t\t\t\t<\/div>\n\t\t\t\t\t\t\t\t\n<style>\n#image_65745410 {\n  width: 100%;\n}\n<\/style>\n\t<\/div>\n\t\n\t\t<\/div>\n\t\t\t\t\t<\/div>\n\n\t\n\n\t<div id=\"col-888168482\" class=\"col medium-8 small-12 large-8\"  >\n\t\t\t\t<div class=\"col-inner\"  >\n\t\t\t\n\t\t\t\n<h3>O Som da \u00c1gua e da Chuva | uma experi\u00eancia auditiva relaxante<\/h3>\n<p>Mas o <strong>Experi\u00eancia de duche com som de chuva e \u00e1gua<\/strong> no duche vai para al\u00e9m da sensa\u00e7\u00e3o da chuva quente na pele. Inclui tamb\u00e9m o som calmante da chuva a bater suavemente no corpo e depois a cair em cascata. Este som suave faz-nos lembrar um banho refrescante <strong>duche de chuva exterior<\/strong> e ajuda a libertar-se do stress da vida quotidiana.<\/p>\n<blockquote>\n<p>As bolhas de ar pressurizado integradas no fluxo de \u00e1gua pelo ecoturbino desenrolam-se essencialmente \u00e0 medida que saem dos bicos do chuveiro. Isto cria uma sensa\u00e7\u00e3o de som fresco que pode ser comparada a um duche de chuva ao ar livre. Uma experi\u00eancia fant\u00e1stica.<\/p>\n<\/blockquote>\n<p>O <strong>som de <a href=\"https:\/\/en.wikipedia.org\/wiki\/Waterfall\" target=\"_blank\" rel=\"noopener sponsored\">cascata<\/a><\/strong> pode ter um efeito calmante e aliviar o stress. Cria uma <strong>ambiente descontra\u00eddo que facilita a liberta\u00e7\u00e3o<\/strong> e concentrar-se na experi\u00eancia do duche. O suave murm\u00fario da \u00e1gua pode acalmar a mente e relaxar o corpo, o que \u00e9 especialmente reconfortante ap\u00f3s um longo dia.<\/p>\n\t\t<\/div>\n\t\t\t\t\t<\/div>\n\n\t\n<\/div>\n\t<div id=\"gap-1831725035\" class=\"gap-element clearfix\" style=\"display:block; height:auto;\">\n\t\t\n<style>\n#gap-1831725035 {\n  padding-top: 30px;\n}\n<\/style>\n\t<\/div>\n\t\n<div class=\"row\"  id=\"row-961811576\">\n\n\t<div id=\"col-1058472956\" class=\"col medium-6 small-12 large-6\"  >\n\t\t\t\t<div class=\"col-inner\"  >\n\t\t\t\n\t\t\t\n<h3>A ci\u00eancia por detr\u00e1s da experi\u00eancia do duche<\/h3>\n<blockquote>\n<p>O efeito relaxante dos sons da \u00e1gua \u00e9 cientificamente comprovado. Estudos demonstraram que ouvir sons de \u00e1gua pode reduzir os n\u00edveis de stress.<\/p>\n<\/blockquote>\n<p>O <strong>som de chuva, ondas ou \u00e1gua corrente<\/strong> ativa certas partes do c\u00e9rebro associadas ao relaxamento e ao bem-estar.<\/p>\n<p>Isto explica porque \u00e9 que muitas pessoas <strong>considerar o duche como uma forma de aliviar o stress e relaxar<\/strong>. Gra\u00e7as ao ecoturbino, isso \u00e9 agora poss\u00edvel.<\/p>\n\t\t<\/div>\n\t\t\t\t\t<\/div>\n\n\t\n\n\t<div id=\"col-1900064587\" class=\"col medium-6 small-12 large-6\"  >\n\t\t\t\t<div class=\"col-inner\" style=\"background-color:#c0d63d;\" >\n\t\t\t\n\t\t\t\n\t<div id=\"text-3402175540\" class=\"text\">\n\t\t\n<h4 class=\"uppercase\">CONCLUS\u00c3O<\/h4>\n\t\t\n<style>\n#text-3402175540 {\n  font-size: 2rem;\n  text-align: right;\n  color: rgb(255, 255, 255);\n}\n#text-3402175540 > * {\n  color: rgb(255, 255, 255);\n}\n@media (min-width:850px) {\n  #text-3402175540 {\n    font-size: 3.5rem;\n  }\n}\n<\/style>\n\t<\/div>\n\t\n<h3>Desfrutar da experi\u00eancia do duche como se estivesse ao ar livre<\/h3>\n<p>Experimentar o duche como se fosse um <strong>chuveiro de chuva aud\u00edvel<\/strong> \u00e9 mais do que um simples duche. \u00c9 uma forma de integrar a natureza na nossa vida quotidiana, reduzir o stress e relaxar.<\/p>\n<p>Com um aguaceiro e o <strong>elementos atmosf\u00e9ricos adequados no <a href=\"https:\/\/ecoturbino.world\/pt\/diretorio-mundial\/categorias\/hotel\/\">hotel<\/a> ou casa de banho dom\u00e9stica<\/strong>A partir de agora, qualquer pessoa pode experimentar este momento especial de relaxamento.<\/p>\n<p>Por isso, fa\u00e7a uma pausa debaixo da sua pr\u00f3pria nuvem de chuva de vez em quando e saboreie a sensa\u00e7\u00e3o como se estivesse debaixo de um chuveiro quente ao ar livre. O seu corpo e a sua mente agradecer-lhe-\u00e3o.<\/p>\n\t\t<\/div>\n\t\t\t\t\n<style>\n#col-1900064587 > .col-inner {\n  padding: 10px 20px 1px 25px;\n  border-radius: 10px;\n}\n<\/style>\n\t<\/div>\n\n\t\n<\/div>\n<div class=\"video video-fit mb\" style=\"padding-top:56.25%;\"><p><iframe title=\"Cascata a fluir sobre rochas na floresta 4k. \u00c1gua corrente relaxante, ru\u00eddo branco para dormir, medita\u00e7\u00e3o\" width=\"1020\" height=\"574\" src=\"https:\/\/www.youtube.com\/embed\/sa2JCQ1Dils?feature=oembed\" frameborder=\"0\" allow=\"accelerometer; autoplay; clipboard-write; encrypted-media; gyroscope; picture-in-picture; web-share\" referrerpolicy=\"strict-origin-when-cross-origin\" allowfullscreen><\/iframe><\/p>\n<\/div>\n\t\t<\/div>\n\t\t\t\t\t<\/div>\n\n\t\n<\/div>\n\t\t<\/div>\n\n\t\t\n<style>\n#section_2146126946 {\n  padding-top: 30px;\n  padding-bottom: 30px;\n}\n<\/style>\n\t<\/section>","protected":false},"excerpt":{"rendered":"","protected":false},"author":2,"featured_media":1494,"parent":0,"menu_order":0,"comment_status":"closed","ping_status":"closed","template":"page-blank.php","meta":{"inline_featured_image":false,"footnotes":""},"class_list":["post-1195","page","type-page","status-publish","has-post-thumbnail","hentry"],"_links":{"self":[{"href":"https:\/\/ecoturbino.world\/pt\/wp-json\/wp\/v2\/pages\/1195","targetHints":{"allow":["GET"]}}],"collection":[{"href":"https:\/\/ecoturbino.world\/pt\/wp-json\/wp\/v2\/pages"}],"about":[{"href":"https:\/\/ecoturbino.world\/pt\/wp-json\/wp\/v2\/types\/page"}],"author":[{"embeddable":true,"href":"https:\/\/ecoturbino.world\/pt\/wp-json\/wp\/v2\/users\/2"}],"replies":[{"embeddable":true,"href":"https:\/\/ecoturbino.world\/pt\/wp-json\/wp\/v2\/comments?post=1195"}],"version-history":[{"count":0,"href":"https:\/\/ecoturbino.world\/pt\/wp-json\/wp\/v2\/pages\/1195\/revisions"}],"wp:featuredmedia":[{"embeddable":true,"href":"https:\/\/ecoturbino.world\/pt\/wp-json\/wp\/v2\/media\/1494"}],"wp:attachment":[{"href":"https:\/\/ecoturbino.world\/pt\/wp-json\/wp\/v2\/media?parent=1195"}],"curies":[{"name":"wp","href":"https:\/\/api.w.org\/{rel}","templated":true}]}}