{"id":3,"date":"2023-11-25T11:41:12","date_gmt":"2023-11-25T10:41:12","guid":{"rendered":"https:\/\/ecoturbino.eu\/?page_id=3"},"modified":"2024-01-18T02:10:49","modified_gmt":"2024-01-18T01:10:49","slug":"prywatnosc","status":"publish","type":"page","link":"https:\/\/ecoturbino.world\/pl\/privacy-cockpit\/privacy\/","title":{"rendered":"Polityka prywatno\u015bci zgodna z RODO"},"content":{"rendered":"<div class=\"banner has-hover\" id=\"banner-813644975\">\n          <div class=\"banner-inner fill\">\n        <div class=\"banner-bg fill\" >\n            <img decoding=\"async\" width=\"2000\" height=\"230\" src=\"https:\/\/ecoturbino.world\/wp-content\/uploads\/2024\/01\/wasser-faq-2000-sw.webp\" class=\"bg attachment-original size-original\" alt=\"Kolektor wodny\" \/>                                    \n                    <\/div>\n\t\t\n        <div class=\"banner-layers container\">\n            <div class=\"fill banner-link\"><\/div>            \n   <div id=\"text-box-1129593863\" class=\"text-box banner-layer x50 md-x50 lg-x50 y50 md-y50 lg-y50 res-text\">\n                                <div class=\"text-box-content text dark\">\n              \n              <div class=\"text-inner text-center\">\n                  \n<h1><span style=\"font-size: 100%;\">POLITYKA PRYWATNO\u015aCI<\/span><\/h1>\n              <\/div>\n           <\/div>\n                            \n<style>\n#text-box-1129593863 {\n  width: 60%;\n}\n#text-box-1129593863 .text-box-content {\n  font-size: 100%;\n}\n<\/style>\n    <\/div>\n \n        <\/div>\n      <\/div>\n\n            \n<style>\n#banner-813644975 {\n  padding-top: 110px;\n}\n@media (min-width:550px) {\n  #banner-813644975 {\n    padding-top: 170px;\n  }\n}\n@media (min-width:850px) {\n  #banner-813644975 {\n    padding-top: 190px;\n  }\n}\n<\/style>\n  <\/div>\n\n\n<div class=\"row\"  id=\"row-1755659822\">\n\n\t<div id=\"col-697647142\" class=\"col small-12 large-12\"  >\n\t\t\t\t<div class=\"col-inner\"  >\n\t\t\t\n\t\t\t\n<h3>1. Nazwa i adres podmiotu odpowiedzialnego<\/h3>\n<p>Podmiotem odpowiedzialnym w rozumieniu og\u00f3lnego rozporz\u0105dzenia o ochronie danych i innych krajowych przepis\u00f3w o ochronie danych pa\u0144stw cz\u0142onkowskich, a tak\u017ce innych przepis\u00f3w prawnych dotycz\u0105cych ochrony danych jest:<\/p>\n<p>Ressourcen Saving GmbH<br \/>\nAlserbachstra\u00dfe 2<br \/>\nAT- 1090 Wien<\/p>\n<p>\ud83d\udcde <a href=\"tel:+4369918180000\">+43 699 18180000<\/a><br \/>\n\ud83d\udce7 <a href=\"mailto:info@ecoturbino.eu\">info (at) ecoturbino.eu<\/a><\/p>\n<p>(od tej pory nazywany r\u00f3wnie\u017c podmiotem odpowiedzialnym).<\/p>\n<p>Podmiot odpowiedzialny prowadzi nast\u0119puj\u0105c\u0105 stron\u0119 internetow\u0105: https:\/\/ecoturbino.world.<\/p>\n<p>Ochrona danych osobowych u\u017cytkownik\u00f3w jest dla nas bardzo wa\u017cna. W zwi\u0105zku z tym chcieliby\u015bmy przedstawi\u0107 poni\u017cej, w jaki spos\u00f3b przetwarzane s\u0105 dane osobowe u\u017cytkownika wykorzystywane w tej witrynie internetowej i naszych us\u0142ugach.<\/p>\n<p>Nasza polityka prywatno\u015bci dotyczy wy\u0142\u0105cznie korzystania ze strony internetowej https:\/\/en.ecoturbino.shop. W przypadku przekierowania z naszej strony na inne strony internetowe, prosimy o zapoznanie si\u0119 z zasadami post\u0119powania z danymi osobowymi na stronie, na kt\u00f3r\u0105 u\u017cytkownik zosta\u0142 przekierowany.<\/p>\n<h3>2. Pytania dotycz\u0105ce ochrony danych<\/h3>\n<p>Pytania dotycz\u0105ce ochrony danych nale\u017cy kierowa\u0107 na adres <a href=\"mailto:privacy@ecoturbino.shop\">privacy@ecoturbino.shop<\/a>.<\/p>\n<h3>3. Og\u00f3lne informacje o przetwarzaniu danych<\/h3>\n<p>Przez dane osobowe rozumiemy wszystkie informacje, kt\u00f3re ujawniaj\u0105 to\u017csamo\u015b\u0107 u\u017cytkownika (np. imi\u0119 i nazwisko, adres, adres e-mail, numer telefonu). Korzystaj\u0105c z naszej us\u0142ugi cyfrowej, dane osobowe u\u017cytkownika s\u0105 przetwarzane wy\u0142\u0105cznie zgodnie z przepisami prawa. Obejmuje to DSGVO, TKG 2003 lub krajowe przepisy o ochronie danych. Twoje dane osobowe b\u0119d\u0105 gromadzone zgodnie z zasadami unikania i minimalizacji danych tylko wtedy, gdy jest to konieczne do osi\u0105gni\u0119cia po\u017c\u0105danego celu lub je\u015bli dobrowolnie nam je udost\u0119pnisz.<\/p>\n<p>Pragniemy poinformowa\u0107, \u017ce jeste\u015bmy r\u00f3wnie\u017c odpowiedzialni za dane u\u017cytkownika, je\u015bli korzystamy z us\u0142ug strony trzeciej (podmiotu przetwarzaj\u0105cego) w celu realizacji umowy.<\/p>\n<h3>4. Przeprowadzamy nast\u0119puj\u0105ce procesy<\/h3>\n<p><strong>4.1. Pliki cookie<\/strong><\/p>\n<p>Aby korzystanie z naszej strony internetowej by\u0142o jak najbardziej przyjazne dla u\u017cytkownika i bezpieczne oraz aby niekt\u00f3re funkcje dzia\u0142a\u0142y, u\u017cywamy tak zwanych plik\u00f3w cookie. S\u0105 to ma\u0142e pliki tekstowe, kt\u00f3re s\u0105 umieszczane w przegl\u0105darce. Wi\u0119kszo\u015b\u0107 u\u017cywanych przez nas plik\u00f3w cookie to tak zwane sesyjne pliki cookie, kt\u00f3re s\u0105 automatycznie usuwane przez urz\u0105dzenie u\u017cytkownika po opuszczeniu naszej witryny. Inne pliki cookie, zwane d\u0142ugoterminowymi plikami cookie, pozostaj\u0105 zapisane na urz\u0105dzeniu u\u017cytkownika do momentu ich usuni\u0119cia. Te pliki cookie pozwalaj\u0105 nam rozpozna\u0107 przegl\u0105dark\u0119 u\u017cytkownika przy nast\u0119pnej wizycie. Mo\u017cesz zapobiec zapisywaniu plik\u00f3w cookie za pomoc\u0105 odpowiednich ustawie\u0144 przegl\u0105darki. Informujemy jednak, \u017ce u\u017cytkownik nie b\u0119dzie m\u00f3g\u0142 w pe\u0142ni korzysta\u0107 ze wszystkich funkcji witryny.<\/p>\n<p>Napisanie komentarza na naszej stronie internetowej mo\u017ce by\u0107 zgod\u0105 na zapisanie w plikach cookie Twojego imienia i nazwiska, adresu e-mail oraz strony internetowej. Jest to wygodna funkcja, dzi\u0119ki kt\u00f3rej nie musisz ponownie wprowadza\u0107 wszystkich tych informacji przy nast\u0119pnym pisaniu komentarza. Te pliki cookie s\u0105 przechowywane przez rok.<\/p>\n<p>Je\u015bli masz konto i logujesz si\u0119 na tej stronie, ustawimy tymczasowy plik cookie w celu ustalenia, czy Twoja przegl\u0105darka akceptuje pliki cookie. Ten plik cookie nie zawiera \u017cadnych danych osobowych i jest usuwany po zamkni\u0119ciu przegl\u0105darki.<\/p>\n<p>Podczas logowania skonfigurujemy niekt\u00f3re pliki cookie w celu zapisania informacji o rejestracji i opcji wy\u015bwietlania. Pliki cookie zwi\u0105zane z logowaniem wygasaj\u0105 po dw\u00f3ch latach, a pliki cookie zwi\u0105zane z opcjami wy\u015bwietlania wygasaj\u0105 po roku. Je\u015bli podczas logowania wybierzesz opcj\u0119 \"Pozosta\u0144 zalogowany\", pozostaniesz zalogowany przez dwa tygodnie. Po wylogowaniu si\u0119 z konta pliki cookie logowania zostan\u0105 usuni\u0119te.<\/p>\n<p><strong>4.2. Sesyjne pliki cookie<\/strong><\/p>\n<p>W celu u\u0142atwienia przegl\u0105dania naszej strony internetowej, ustawiamy tak zwany identyfikator sesji, kt\u00f3ry jest przypisywany ka\u017cdemu odwiedzaj\u0105cemu, gdy rozpoczyna on korzystanie z naszej strony internetowej. Ten identyfikator sesji umo\u017cliwia naszemu serwerowi rozpoznanie u\u017cytkownika lub jego komputera\/przegl\u0105darki jako tego samego odwiedzaj\u0105cego, pomimo potencjalnych zmian adresu IP mi\u0119dzy wizytami. Ten identyfikator sesji umo\u017cliwia r\u00f3wnie\u017c przypisanie kilku powi\u0105zanych \u017c\u0105da\u0144 wykonanych przez u\u017cytkownika podczas sesji. U\u017cywany plik cookie z identyfikatorem sesji jest zapisywany do ko\u0144ca sesji. Jest on automatycznie usuwany po zamkni\u0119ciu przegl\u0105darki.<\/p>\n<p><strong>4.3. D\u0142ugoterminowe pliki cookie<\/strong><\/p>\n<p>Nasza strona internetowa korzysta r\u00f3wnie\u017c z funkcji us\u0142ugi analizy sieci, Google Analytics, us\u0142ugi Google Inc. (\"Google\"), kt\u00f3ra posiada certyfikat ochrony prywatno\u015bci.<\/p>\n<p>Google Analytics wykorzystuje r\u00f3wnie\u017c pliki cookie, kt\u00f3re umo\u017cliwiaj\u0105 mi\u0119dzy innymi analiz\u0119 sposobu korzystania z witryny. W trakcie korzystania z Google Analytics za po\u015brednictwem tej strony internetowej gromadzone s\u0105 nast\u0119puj\u0105ce informacje: Adres IP, zachowanie u\u017cytkownika, informacje o przegl\u0105darce. Instalujemy Google Analytics tylko z anonimizacj\u0105 IP. Oznacza to, \u017ce adres IP u\u017cytkownika jest skracany przez Google w pa\u0144stwach cz\u0142onkowskich Unii Europejskiej lub w innych umawiaj\u0105cych si\u0119 stronach Europejskiego Obszaru Gospodarczego. Pe\u0142ny adres IP b\u0119dzie przesy\u0142any na serwer Google w Stanach Zjednoczonych tylko w wyj\u0105tkowych przypadkach i tylko tam b\u0119dzie skracany. Google b\u0119dzie wykorzystywa\u0107 te informacje w imieniu operatora tej witryny w celu oceny korzystania z witryny przez u\u017cytkownika, tworzenia raport\u00f3w dotycz\u0105cych aktywno\u015bci na stronie oraz \u015bwiadczenia dalszych us\u0142ug zwi\u0105zanych z korzystaniem z witryny i Internetu dla operatora witryny. Te raporty i us\u0142ugi b\u0119d\u0105 wykorzystywane do ci\u0105g\u0142ego ulepszania ofert tej witryny. U\u017cytkownik mo\u017ce uniemo\u017cliwi\u0107 Google gromadzenie informacji generowanych przez te pliki cookie i uzyskiwanych podczas korzystania z witryny (w tym adresu IP) oraz przetwarzanie tych informacji, pobieraj\u0105c i instaluj\u0105c wtyczk\u0119 do przegl\u0105darki Google, dost\u0119pn\u0105 pod nast\u0119puj\u0105cym linkiem:\u00a0<a href=\"http:\/\/tools.google.com\/dlpage\/gaoptout?hl=de\" target=\"_blank\" rel=\"noopener noreferrer\">http:\/\/tools.google.com\/dlpage\/gaoptout?hl=de<\/a>. Inne podobne wtyczki innych dostawc\u00f3w s\u0105 dost\u0119pne w zale\u017cno\u015bci od u\u017cywanej przegl\u0105darki. Wspomniane powy\u017cej dane osobowe s\u0105 przechowywane przez dwa lata.<\/p>\n<p><strong>4.4. Newsletter i wiadomo\u015bci push<br \/>\n<\/strong><\/p>\n<p>Przetwarzamy dane osobowe u\u017cytkownik\u00f3w, aby m\u00f3c wysy\u0142a\u0107 im newslettery i wiadomo\u015bci push. Proces ten odbywa si\u0119 zgodnie z prawem za zgod\u0105 u\u017cytkownika. Przekazujemy dane osobowe u\u017cytkownika podmiotom zewn\u0119trznym, aby mog\u0142y one wysy\u0142a\u0107 wiadomo\u015bci w naszym imieniu. Dane osobowe u\u017cytkownika s\u0105 przetwarzane do momentu anulowania przetwarzania.<\/p>\n<p><strong>4.5. Uwagi<\/strong><\/p>\n<p>Gdy odwiedzaj\u0105cy zostawiaj\u0105 komentarze na stronie internetowej, zbieramy dane wy\u015bwietlane w formularzu komentarza, a tak\u017ce adres IP odwiedzaj\u0105cego i ci\u0105g agenta u\u017cytkownika (w celu identyfikacji przegl\u0105darki) w celu wsparcia rozpoznawania spamu.<\/p>\n<p>Anonimowy ci\u0105g znak\u00f3w (zwany r\u00f3wnie\u017c hashem) mo\u017ce zosta\u0107 utworzony z Twojego adresu e-mail i przekazany do Gravatara w celu sprawdzenia, czy go u\u017cywasz. Polityk\u0119 prywatno\u015bci Gravatara mo\u017cna znale\u017a\u0107 tutaj: <a href=\"https:\/\/automattic.com\/privacy\/\" target=\"_blank\" rel=\"noopener noreferrer\">https:\/\/automattic.com\/privacy\/<\/a>. Po zatwierdzeniu komentarza zdj\u0119cie profilowe jest widoczne w komentarzu.<\/p>\n<p><strong>4.6. Media<\/strong><\/p>\n<p>Je\u015bli jeste\u015b zarejestrowanym u\u017cytkownikiem i przesy\u0142asz zdj\u0119cia do tej witryny, powiniene\u015b unika\u0107 przesy\u0142ania zdj\u0119\u0107 z lokalizacj\u0105 EXIF GPS. Odwiedzaj\u0105cy t\u0119 witryn\u0119 mogliby pobiera\u0107 zdj\u0119cia zapisane w tej witrynie i wydobywa\u0107 informacje o lokalizacji, w kt\u00f3rej zosta\u0142y zrobione.<\/p>\n<p><strong>4.7. Osadzone tre\u015bci z innych stron internetowych<\/strong><\/p>\n<p>Wpisy na tej stronie mog\u0105 zawiera\u0107 osadzone tre\u015bci (np. filmy, obrazy, artyku\u0142y). Osadzone tre\u015bci z innych stron internetowych dzia\u0142aj\u0105 dok\u0142adnie tak samo, jak gdyby odwiedzaj\u0105cy zapozna\u0142 si\u0119 z innymi stronami internetowymi.<\/p>\n<p>Witryny te mog\u0105 gromadzi\u0107 informacje o u\u017cytkowniku, wykorzystywa\u0107 pliki cookie, osadza\u0107 dodatkowe us\u0142ugi \u015bledzenia przez strony trzecie i rejestrowa\u0107 interakcj\u0119 u\u017cytkownika z t\u0105 osadzon\u0105 zawarto\u015bci\u0105, w tym interakcj\u0119 z ni\u0105, je\u015bli u\u017cytkownik ma konto i jest zalogowany w tej witrynie.<\/p>\n<p><strong>4.8. Prezentacja zanonimizowanych zapyta\u0144 i zakup\u00f3w<\/strong><\/p>\n<p>Korzystamy z us\u0142ugi w chmurze w celu informowania i prezentowania cz\u0119sto zamawianych i kupowanych produkt\u00f3w oraz demonstrowania bezpiecznych zakup\u00f3w w naszym sklepie internetowym. Przesy\u0142amy zanonimizowane dane do tej strony trzeciej w celu przeprowadzenia optymalnej prezentacji systemu internetowego.<\/p>\n<p><strong>4.9. Us\u0142ugi dalszej analizy<\/strong><\/p>\n<p>Opr\u00f3cz us\u0142ugi analizy Google (Google Anlytics), w razie potrzeby korzystamy z dalszych proces\u00f3w analizy technicznej, g\u0142\u00f3wnie bezpo\u015brednio po aktualizacji strony g\u0142\u00f3wnej i oprogramowania operacyjnego sklepu internetowego. Celem jest szybkie rozpoznanie b\u0142\u0119d\u00f3w technicznych, kt\u00f3re mog\u0142yby zagrozi\u0107 wygodzie przegl\u0105dania i potrzebom zakupowym u\u017cytkownika. Przyk\u0142adem mo\u017ce by\u0107 komunikat \"Nie mo\u017cna doda\u0107 produktu do koszyka\", \"P\u0142atno\u015b\u0107 niemo\u017cliwa\", \"Nie mo\u017cna zarejestrowa\u0107 konta klienta\" itp. Zarejestrowane dane osobowe s\u0105 zapisywane anonimowo i usuwane po dezaktywacji badania.<\/p>\n<p><strong>4.10. System ochrony przed w\u0142amaniami, spamem, z\u0142o\u015bliwym oprogramowaniem i phishingiem<br \/>\n<\/strong><\/p>\n<p>W celu ochrony danych osobowych i ca\u0142ego systemu u\u017cywamy kilku wysoce rozwini\u0119tych system\u00f3w ochrony, kt\u00f3rych nie wymieniamy ze wzgl\u0119du na prywatno\u015b\u0107 i bezpiecze\u0144stwo. Komentarze pozostawione przez odwiedzaj\u0105cych mog\u0105 by\u0107 sprawdzane przez zautomatyzowan\u0105 us\u0142ug\u0119 rozpoznawania spamu. Ca\u0142a strona g\u0142\u00f3wna jest szyfrowana za pomoc\u0105 SSL, aby zagwarantowa\u0107 bezpieczne przegl\u0105danie.<\/p>\n<p>Ta strona jest chroniona przez reCAPTCHA i Google <a href=\"https:\/\/policies.google.com\/privacy\" rel=\"nofollow noopener\" target=\"_blank\">Polityka prywatno\u015bci<\/a>\u00a0oraz <a href=\"https:\/\/policies.google.com\/terms\" rel=\"nofollow noopener\" target=\"_blank\">Warunki \u015bwiadczenia us\u0142ug<\/a>\u00a0zastosowa\u0107.<\/p>\n<h3>5. Zapisywanie i przetwarzanie danych w sklepie internetowym<\/h3>\n<p><strong>5.1. Podczas Twojej wizyty w naszym sklepie internetowym rejestrujemy:<\/strong><\/p>\n<ul>\n<li>Produkty, kt\u00f3re ju\u017c ogl\u0105da\u0142e\u015b. U\u017cywamy tego nagrania, aby pokaza\u0107 u\u017cytkownikowi produkty, kt\u00f3re ju\u017c ogl\u0105da\u0142, jako przypomnienie.<\/li>\n<li>Lokalizacja, adres IP i przegl\u0105darka. Korzystamy z tych opcji, aby na przyk\u0142ad automatycznie wy\u015bwietla\u0107 prawid\u0142owe podatki i koszty wysy\u0142ki.<\/li>\n<li>Pliki cookie i sesje do buforowania zawarto\u015bci koszyka podczas surfowania po sklepie internetowym.<\/li>\n<\/ul>\n<p>Gdy kupujesz od nas produkty, poprosimy Ci\u0119 o podanie danych osobowych, aby m\u00f3c zrealizowa\u0107 zam\u00f3wienie i wys\u0142a\u0107 produkty. Informacje te obejmuj\u0105 imi\u0119 i nazwisko, adres rozliczeniowy, adres wysy\u0142ki, adres e-mail i numer telefonu. Je\u015bli otworzysz konto klienta, a nie z\u0142o\u017cysz zam\u00f3wienia jako go\u015b\u0107, poprosimy r\u00f3wnie\u017c o podanie nazwy u\u017cytkownika i has\u0142a. Informacje dotycz\u0105ce p\u0142atno\u015bci wprowadzone w sklepie nie s\u0105 przez nas gromadzone ani zapisywane. Zapisywanie tych informacji finansowych zale\u017cy od wybranej us\u0142ugi p\u0142atniczej (PayPal, karty kredytowe, przelew natychmiastowy itp.).<\/p>\n<p>Poza realizacj\u0105 zam\u00f3wie\u0144 wykorzystujemy dane osobowe u\u017cytkownika do:<\/p>\n<ul>\n<li>Wy\u015blij zam\u00f3wienie i dane konta klienta poczt\u0105 elektroniczn\u0105.<\/li>\n<li>Odpowiedz na wszelkie pytania w komentarzach do zam\u00f3wienia.<\/li>\n<li>Dokonuj p\u0142atno\u015bci i zapobiegaj oszustwom.<\/li>\n<li>Utw\u00f3rz konto klienta<\/li>\n<li>Wype\u0142nianie naszych zada\u0144 finansowych, takich jak na przyk\u0142ad obliczanie podatku VAT dla organ\u00f3w podatkowych.<\/li>\n<li>Stale optymalizuj nasz sklep, aby jeszcze \u0142atwiej dokonywa\u0107 zakup\u00f3w.<\/li>\n<li>Wysy\u0142ania u\u017cytkownikowi informacji, takich jak nasz biuletyn, je\u015bli u\u017cytkownik wyrazi na to zgod\u0119.<\/li>\n<\/ul>\n<p>Przetwarzamy Twoje dane osobowe, aby m\u00f3c udost\u0119pni\u0107 Ci sklep internetowy. Przetwarzanie to odbywa si\u0119 zgodnie z podstaw\u0105 prawn\u0105 umowy. Przekazujemy dane osobowe u\u017cytkownika operatorowi centrum komputerowego, kt\u00f3ry wykonuje dla nas to przetwarzanie. Ponadto przekazujemy dane osobowe dostawcy us\u0142ug p\u0142atniczych, a tak\u017ce dostawcy us\u0142ug dostawy, aby mogli oni przetwarza\u0107 dane u\u017cytkownika w celu realizacji p\u0142atno\u015bci lub dostawy. Przetwarzamy dane osobowe u\u017cytkownika tak d\u0142ugo, jak jest to konieczne ze wzgl\u0119du na fiskalne okresy przechowywania i tak d\u0142ugo, jak nie potrzebujemy ju\u017c danych osobowych u\u017cytkownika w celu dochodzenia roszcze\u0144 prawnych.<\/p>\n<p>Zapisujemy r\u00f3wnie\u017c recenzje produkt\u00f3w i udost\u0119pniamy je publicznie, aby inne osoby zainteresowane produktami mog\u0142y uzyska\u0107 dost\u0119p do Twoich do\u015bwiadcze\u0144.<\/p>\n<p><strong>5.2. Dost\u0119p do danych osobowych<\/strong><\/p>\n<p>Nasz zesp\u00f3\u0142 obs\u0142ugi klienta ma dost\u0119p do informacji wprowadzonych podczas sk\u0142adania zam\u00f3wienia. Obejmuje to:<\/p>\n<ul>\n<li>Informacje o zawarto\u015bci zam\u00f3wienia, kiedy zosta\u0142o ono zam\u00f3wione i gdzie powinno zosta\u0107 wys\u0142ane.<\/li>\n<li>Dane osobowe, takie jak imi\u0119 i nazwisko, adres rozliczeniowy i adres wysy\u0142ki, adres e-mail i numer telefonu.<\/li>\n<\/ul>\n<p>Dost\u0119p ten jest niezb\u0119dny do przygotowania zam\u00f3wienia do wysy\u0142ki, udzielenia odpowiedzi na pytania i przetworzenia zwrot\u00f3w.<\/p>\n<h3>6. Prawa osoby poszkodowanej<\/h3>\n<p>Poszkodowanemu przys\u0142uguj\u0105 nast\u0119puj\u0105ce prawa wobec podmiotu odpowiedzialnego:<\/p>\n<p><strong>6.1. Prawo do informacji<\/strong><\/p>\n<p>U\u017cytkownik mo\u017ce za\u017c\u0105da\u0107 od podmiotu odpowiedzialnego potwierdzenia, czy przetwarza on jego dane osobowe.<\/p>\n<p><strong>6.2. Prawo do korekty<\/strong><\/p>\n<p>U\u017cytkownik ma prawo do sprostowania lub uzupe\u0142nienia danych wobec podmiotu odpowiedzialnego, je\u015bli przetwarzane dane osobowe s\u0105 nieprawid\u0142owe lub niekompletne. Podmiot odpowiedzialny musi niezw\u0142ocznie wprowadzi\u0107 te poprawki.<\/p>\n<p><strong>6.3. Prawo do ograniczenia przetwarzania<\/strong><\/p>\n<p>U\u017cytkownik mo\u017ce za\u017c\u0105da\u0107 ograniczenia przetwarzania jego danych osobowych pod nast\u0119puj\u0105cymi warunkami:<\/p>\n<p>(1) Je\u015bli u\u017cytkownik zaprzeczy prawdziwo\u015bci danych osobowych;<br \/>\n(2) je\u015bli przetwarzanie jest niezgodne z prawem;<br \/>\n(3) je\u015bli podmiot odpowiedzialny nie potrzebuje ju\u017c danych osobowych do przetwarzania, ale u\u017cytkownik potrzebuje ich do dochodzenia, wykonywania lub obrony roszcze\u0144 prawnych, lub<br \/>\n(4) je\u015bli u\u017cytkownik wni\u00f3s\u0142 sprzeciw wobec przetwarzania danych i nie ustalono jeszcze, czy powody podmiotu odpowiedzialnego przewa\u017caj\u0105 nad powodami u\u017cytkownika.<\/p>\n<p><strong>6.4. Prawo do usuni\u0119cia danych<\/strong><\/p>\n<p>U\u017cytkownik mo\u017ce za\u017c\u0105da\u0107 od podmiotu odpowiedzialnego natychmiastowego usuni\u0119cia jego danych osobowych, a podmiot odpowiedzialny jest do tego zobowi\u0105zany, je\u015bli zachodzi jeden z poni\u017cszych powod\u00f3w:<\/p>\n<p>(1) Dane osobowe u\u017cytkownika nie s\u0105 ju\u017c potrzebne do cel\u00f3w, dla kt\u00f3rych s\u0105 gromadzone lub przetwarzane w okre\u015blony spos\u00f3b.<br \/>\n(2) U\u017cytkownik wycofa swoj\u0105 zgod\u0119 na przetwarzanie swoich danych osobowych i nie ma innych podstaw prawnych do przetwarzania tych informacji.<br \/>\n(3) U\u017cytkownik wnosi sprzeciw wobec przetwarzania jego danych osobowych i nie istniej\u0105 nadrz\u0119dne powody takiego przetwarzania.<br \/>\n(4) Dane osobowe u\u017cytkownika by\u0142y przetwarzane niezgodnie z prawem.<\/p>\n<p><strong>6.5. Prawo do konsultacji<\/strong><\/p>\n<p>Je\u015bli u\u017cytkownik skorzysta\u0142 z prawa do sprostowania, usuni\u0119cia lub ograniczenia przetwarzania wobec podmiotu odpowiedzialnego, jest on zobowi\u0105zany do poinformowania wszystkich stron, kt\u00f3rym ujawniono jego dane osobowe, o tym sprostowaniu, usuni\u0119ciu lub ograniczeniu przetwarzania, chyba \u017ce oka\u017ce si\u0119 to niemo\u017cliwe lub b\u0119dzie wymaga\u0107 nadmiernego wysi\u0142ku. U\u017cytkownik ma prawo do uzyskania informacji o tych podmiotach od podmiotu odpowiedzialnego.<\/p>\n<p><strong>6.6. Prawo do przenoszenia danych<\/strong><\/p>\n<p>U\u017cytkownik ma prawo do otrzymania danych osobowych, kt\u00f3re udost\u0119pni\u0142 podmiotowi odpowiedzialnemu, w ustrukturyzowanym, powszechnym i nadaj\u0105cym si\u0119 do odczytu maszynowego formacie. Ponadto u\u017cytkownik ma prawo do przekazania tych informacji innemu podmiotowi odpowiedzialnemu bez ingerencji podmiotu odpowiedzialnego, kt\u00f3remu udost\u0119pni\u0142 swoje dane osobowe, je\u015bli<\/p>\n<p>(1) przetwarzanie odbywa si\u0119 na podstawie zgody lub umowy oraz<br \/>\n(2) przetwarzanie odbywa si\u0119 za pomoc\u0105 zautomatyzowanych proces\u00f3w.<\/p>\n<p>Korzystaj\u0105c z tego prawa, u\u017cytkownik uzyskuje r\u00f3wnie\u017c prawo do przesy\u0142ania swoich danych osobowych od jednego podmiotu odpowiedzialnego do innego podmiotu odpowiedzialnego, o ile jest to technicznie wykonalne. Nie mo\u017ce to narusza\u0107 wolno\u015bci i praw innych os\u00f3b.<\/p>\n<p><strong>6.7. Prawo do odwo\u0142ania<\/strong><\/p>\n<p>U\u017cytkownik ma prawo w dowolnym momencie wnie\u015b\u0107 sprzeciw wobec przetwarzania jego danych osobowych, kt\u00f3re odbywa si\u0119 ze wzgl\u0119du na interes publiczny lub na podstawie uzasadnionego interesu podmiotu odpowiedzialnego.<\/p>\n<p>Je\u015bli dane osobowe u\u017cytkownika s\u0105 przetwarzane w celu prowadzenia reklamy bezpo\u015bredniej, u\u017cytkownik ma prawo w dowolnym momencie wnie\u015b\u0107 sprzeciw wobec przetwarzania jego danych osobowych do cel\u00f3w tego rodzaju reklamy; dotyczy to r\u00f3wnie\u017c profilowania, o ile jest ono zwi\u0105zane z tego rodzaju reklam\u0105 bezpo\u015bredni\u0105.<\/p>\n<p>Je\u015bli u\u017cytkownik sprzeciwi si\u0119 przetwarzaniu jego danych osobowych do cel\u00f3w reklamy bezpo\u015bredniej, dane te nie b\u0119d\u0105 ju\u017c przetwarzane w tym celu.<\/p>\n<p><strong>6.8. Prawo do cofni\u0119cia zgody na ochron\u0119 danych<\/strong><\/p>\n<p>U\u017cytkownik ma prawo w dowolnym momencie odwo\u0142a\u0107 swoj\u0105 zgod\u0119 na ochron\u0119 danych.<\/p>\n<p><strong>6.9. Zautomatyzowane decyzje w indywidualnych przypadkach, w tym profilowanie<\/strong><\/p>\n<p>U\u017cytkownik ma prawo do tego, by nie podlega\u0107 decyzji opartej wy\u0142\u0105cznie na automatycznym przetwarzaniu jego danych osobowych - w tym profilowaniu - kt\u00f3re wywo\u0142uje skutki prawne lub w podobny spos\u00f3b powa\u017cnie zagra\u017ca u\u017cytkownikowi.<\/p>\n<p><strong>6.10. Prawo do odwo\u0142ania si\u0119 do organu regulacyjnego<\/strong><\/p>\n<p>U\u017cytkownik ma prawo odwo\u0142a\u0107 si\u0119 do organu regulacyjnego, niezale\u017cnie od innych administracyjnych lub prawnych \u015brodk\u00f3w odwo\u0142awczych, w szczeg\u00f3lno\u015bci w pa\u0144stwie cz\u0142onkowskim zamieszkania, miejsca pracy lub miejsca podejrzewanego naruszenia, je\u015bli przetwarzanie jego danych osobowych narusza DSGVO.<\/p>\n<p>Je\u015bli chcesz wys\u0142a\u0107 do nas zapytanie, skorzystaj z formularza tutaj.<\/p>\n<p>Je\u015bli uwa\u017casz, \u017ce Twoje prawa jako osoby s\u0105 naruszane, mo\u017cesz skontaktowa\u0107 si\u0119 z austriackim organem ochrony danych:<\/p>\n<p>Ochrona danych<br \/>\nWickenburggasse 8<br \/>\n1080 Wiede\u0144<\/p>\n<p>E-mail:\u00a0<a href=\"mailto:dsb@dsb.gv.at\">dsb@dsb.gv.at<\/a><br \/>\nTelefon: <a href=\"tel:+431521522569\">+43 1 521 52-25 69<\/a><\/p>\n<h3>7. Aktualizacja polityki prywatno\u015bci<\/h3>\n<p>Niniejsza polityka prywatno\u015bci b\u0119dzie aktualizowana w przypadku zmiany proces\u00f3w lub wprowadzenia zmian technicznych. Nale\u017cy zawsze sprawdza\u0107 aktualn\u0105 wersj\u0119 naszej polityki prywatno\u015bci.<\/p>\n<hr \/>\n<p>Od: 01.01.2024<\/p>\n\t\t<\/div>\n\t\t\t\t\t<\/div>\n\n\t\n<\/div>","protected":false},"excerpt":{"rendered":"","protected":false},"author":1,"featured_media":0,"parent":2849,"menu_order":0,"comment_status":"closed","ping_status":"closed","template":"page-blank.php","meta":{"inline_featured_image":false,"footnotes":""},"class_list":["post-3","page","type-page","status-publish","hentry"],"_links":{"self":[{"href":"https:\/\/ecoturbino.world\/pl\/wp-json\/wp\/v2\/pages\/3","targetHints":{"allow":["GET"]}}],"collection":[{"href":"https:\/\/ecoturbino.world\/pl\/wp-json\/wp\/v2\/pages"}],"about":[{"href":"https:\/\/ecoturbino.world\/pl\/wp-json\/wp\/v2\/types\/page"}],"author":[{"embeddable":true,"href":"https:\/\/ecoturbino.world\/pl\/wp-json\/wp\/v2\/users\/1"}],"replies":[{"embeddable":true,"href":"https:\/\/ecoturbino.world\/pl\/wp-json\/wp\/v2\/comments?post=3"}],"version-history":[{"count":0,"href":"https:\/\/ecoturbino.world\/pl\/wp-json\/wp\/v2\/pages\/3\/revisions"}],"up":[{"embeddable":true,"href":"https:\/\/ecoturbino.world\/pl\/wp-json\/wp\/v2\/pages\/2849"}],"wp:attachment":[{"href":"https:\/\/ecoturbino.world\/pl\/wp-json\/wp\/v2\/media?parent=3"}],"curies":[{"name":"wp","href":"https:\/\/api.w.org\/{rel}","templated":true}]}}