{"id":2870,"date":"2024-01-18T01:59:26","date_gmt":"2024-01-18T00:59:26","guid":{"rendered":"https:\/\/ecoturbino.eu\/?page_id=2870"},"modified":"2024-01-18T02:07:39","modified_gmt":"2024-01-18T01:07:39","slug":"gtc","status":"publish","type":"page","link":"https:\/\/ecoturbino.world\/pl\/gtc\/","title":{"rendered":"Terms and Conditions"},"content":{"rendered":"<div class=\"banner has-hover\" id=\"banner-101922897\">\n          <div class=\"banner-inner fill\">\n        <div class=\"banner-bg fill\" >\n            <img decoding=\"async\" width=\"2000\" height=\"230\" src=\"https:\/\/ecoturbino.world\/wp-content\/uploads\/2024\/01\/wasser-faq-2000-sw.webp\" class=\"bg attachment-original size-original\" alt=\"Kolektor wodny\" \/>                                    \n                    <\/div>\n\t\t\n        <div class=\"banner-layers container\">\n            <div class=\"fill banner-link\"><\/div>            \n   <div id=\"text-box-2043433605\" class=\"text-box banner-layer x50 md-x50 lg-x50 y50 md-y50 lg-y50 res-text\">\n                                <div class=\"text-box-content text dark\">\n              \n              <div class=\"text-inner text-center\">\n                  \n<h1>GTC<\/h1>\n              <\/div>\n           <\/div>\n                            \n<style>\n#text-box-2043433605 {\n  width: 100%;\n}\n#text-box-2043433605 .text-box-content {\n  font-size: 100%;\n}\n@media (min-width:550px) {\n  #text-box-2043433605 {\n    width: 71%;\n  }\n}\n@media (min-width:850px) {\n  #text-box-2043433605 {\n    width: 50%;\n  }\n}\n<\/style>\n    <\/div>\n \n        <\/div>\n      <\/div>\n\n            \n<style>\n#banner-101922897 {\n  padding-top: 110px;\n}\n@media (min-width:550px) {\n  #banner-101922897 {\n    padding-top: 170px;\n  }\n}\n@media (min-width:850px) {\n  #banner-101922897 {\n    padding-top: 190px;\n  }\n}\n<\/style>\n  <\/div>\n\n\n<div class=\"row\"  id=\"row-846909336\">\n\n\t<div id=\"col-1046950986\" class=\"col small-12 large-12\"  >\n\t\t\t\t<div class=\"col-inner\"  >\n\t\t\t\n\t\t\t\n<h2>Og\u00f3lne warunki korzystania z ecoturbino\u00ae World<\/h2>\n<ol>\n<li><strong>Odpowiedzialno\u015b\u0107<\/strong><br \/>Nie ponosimy odpowiedzialno\u015bci za b\u0142\u0119dy lub problemy techniczne, kt\u00f3re mog\u0105 pojawi\u0107 si\u0119 w Internecie. Obowi\u0105zuje prawo austriackie.<\/li>\n<li><strong>Odpowiedzialno\u015b\u0107 za tre\u015b\u0107<\/strong><br \/>Informacje zawarte na tej stronie s\u0142u\u017c\u0105 wy\u0142\u0105cznie celom informacyjnym i nie s\u0105 wi\u0105\u017c\u0105ce.<\/li>\n<li><strong>Wy\u0142\u0105czenie odpowiedzialno\u015bci za zawarto\u015b\u0107 stron, do kt\u00f3rych prowadz\u0105 linki<\/strong><br \/>Niniejsza witryna zawiera r\u00f3\u017cne \u0142\u0105cza do innych stron producent\u00f3w itp. w Internecie. Wyra\u017anie podkre\u015blamy, \u017ce nie mamy wp\u0142ywu na tre\u015b\u0107 i wygl\u0105d stron, do kt\u00f3rych prowadz\u0105 \u0142\u0105cza. W zwi\u0105zku z tym nie mo\u017cemy zagwarantowa\u0107 aktualno\u015bci, dok\u0142adno\u015bci ani kompletno\u015bci podanych tam informacji. Wyra\u017anie dystansujemy si\u0119 od ca\u0142ej zawarto\u015bci tych stron. O\u015bwiadczenie to dotyczy wszystkich link\u00f3w do stron zewn\u0119trznych zawartych w naszej witrynie oraz ca\u0142ej zawarto\u015bci tych stron, do kt\u00f3rych prowadz\u0105 linki.<\/li>\n<li><strong>Prawa do wizerunku<\/strong><br \/>Wszelkie prawa do wizerunku ilustracji w sklepie s\u0105 w\u0142asno\u015bci\u0105 Ressourcen Saving GmbH i Webdeals Shops GmbH. Wykorzystywanie ich bez naszej wyra\u017anej zgody jest niedozwolone.<\/li>\n<li><strong>Polityka prywatno\u015bci i poufno\u015bci<\/strong><br \/>Prosimy o zapoznanie si\u0119 z nasz\u0105 <a href=\"\/pl\/prywatny-kokpit\/prywatnosc\/\">Umowa o ochronie prywatno\u015bci RODO<\/a>.<\/li>\n<li><strong>Klauzula salwatoryjna \/ R\u00f3\u017cne<\/strong><br \/>Niewa\u017cno\u015b\u0107 poszczeg\u00f3lnych postanowie\u0144 niniejszych og\u00f3lnych warunk\u00f3w lub umowy kupna nie wp\u0142ywa na wa\u017cno\u015b\u0107 pozosta\u0142ych postanowie\u0144. W miejsce niewa\u017cnego postanowienia zastosowanie ma przepis ustawowy.<\/li>\n<\/ol>\n\t\t<\/div>\n\t\t\t\t\t<\/div>\n\n\t\n<\/div>\n\t<div id=\"gap-761579279\" class=\"gap-element clearfix\" style=\"display:block; height:auto;\">\n\t\t\n<style>\n#gap-761579279 {\n  padding-top: 30px;\n}\n<\/style>\n\t<\/div>","protected":false},"excerpt":{"rendered":"","protected":false},"author":1,"featured_media":0,"parent":0,"menu_order":0,"comment_status":"closed","ping_status":"closed","template":"page-blank.php","meta":{"inline_featured_image":false,"footnotes":""},"class_list":["post-2870","page","type-page","status-publish","hentry"],"_links":{"self":[{"href":"https:\/\/ecoturbino.world\/pl\/wp-json\/wp\/v2\/pages\/2870","targetHints":{"allow":["GET"]}}],"collection":[{"href":"https:\/\/ecoturbino.world\/pl\/wp-json\/wp\/v2\/pages"}],"about":[{"href":"https:\/\/ecoturbino.world\/pl\/wp-json\/wp\/v2\/types\/page"}],"author":[{"embeddable":true,"href":"https:\/\/ecoturbino.world\/pl\/wp-json\/wp\/v2\/users\/1"}],"replies":[{"embeddable":true,"href":"https:\/\/ecoturbino.world\/pl\/wp-json\/wp\/v2\/comments?post=2870"}],"version-history":[{"count":0,"href":"https:\/\/ecoturbino.world\/pl\/wp-json\/wp\/v2\/pages\/2870\/revisions"}],"wp:attachment":[{"href":"https:\/\/ecoturbino.world\/pl\/wp-json\/wp\/v2\/media?parent=2870"}],"curies":[{"name":"wp","href":"https:\/\/api.w.org\/{rel}","templated":true}]}}