{"id":1669,"date":"2024-01-03T21:40:26","date_gmt":"2024-01-03T20:40:26","guid":{"rendered":"https:\/\/ecoturbino.eu\/?page_id=1669"},"modified":"2025-12-29T22:42:41","modified_gmt":"2025-12-29T21:42:41","slug":"ue-rzadzi-slodka-woda","status":"publish","type":"page","link":"https:\/\/ecoturbino.world\/pl\/eu-rules-freshwater\/","title":{"rendered":"Zasady hotelowe UE dotycz\u0105ce zu\u017cycia zasob\u00f3w s\u0142odkiej wody"},"content":{"rendered":"\n\t<section class=\"section zindex1\" id=\"section_1854688814\">\n\t\t<div class=\"section-bg fill\" >\n\t\t\t\t\t\t\t\t\t\n\t\t\t\n\n\t\t<\/div>\n\n\t\t\n\n\t\t<div class=\"section-content relative\">\n\t\t\t\n<div class=\"row\"  id=\"row-1852722157\">\n\n\t<div id=\"col-1302262918\" class=\"col small-12 large-12\"  >\n\t\t\t\t<div class=\"col-inner\"  >\n\t\t\t\n\t\t\t\n\t<div id=\"text-2522542334\" class=\"text\">\n\t\t\n<h1 class=\"uppercase\">The European Union and its new hotel rules<\/h1>\n<h3 class=\"thin-font\">In future, we will shower in accordance with EU standards &#8211; even in hotel bathrooms, simply with ecoturbino<\/h3>\n\t\t\n<style>\n#text-2522542334 {\n  text-align: center;\n}\n<\/style>\n\t<\/div>\n\t\n<div class=\"text-center\"><div class=\"is-divider divider clearfix\" style=\"max-width:50%;height:1px;\"><\/div><\/div>\n\t<div id=\"gap-1321133334\" class=\"gap-element clearfix\" style=\"display:block; height:auto;\">\n\t\t\n<style>\n#gap-1321133334 {\n  padding-top: 30px;\n}\n<\/style>\n\t<\/div>\n\t\n<div class=\"row\"  id=\"row-577537104\">\n\n\t<div id=\"col-221103525\" class=\"col medium-8 small-12 large-8\"  >\n\t\t\t\t<div class=\"col-inner\"  >\n\t\t\t\n\t\t\t\n<p>The <a href=\"https:\/\/ec.europa.eu\/sustainable-finance-taxonomy\/\" target=\"_blank\" rel=\"noopener sponsored\"><strong>EU Taxonomy Regulation<\/strong><\/a>, which has been in force since 2022, aims to <strong>assess economic activities<\/strong> in terms of their environmental impact and promotes <strong>environmental protection, sustainability, and responsibility,<\/strong> in particular.<\/p>\n<blockquote>\n<p>It identifies environmental objectives such as climate protection and sustainable water use and requires companies to demonstrate that they consider these objectives in their activities in order to be classified as sustainable.<\/p>\n<\/blockquote>\n<p>This regulation provides <strong>transparency for investments<\/strong> and promotes sustainable practices in various industries, including the hotel industry.<\/p>\n\t<div id=\"gap-1086897018\" class=\"gap-element clearfix\" style=\"display:block; height:auto;\">\n\t\t\n<style>\n#gap-1086897018 {\n  padding-top: 30px;\n}\n<\/style>\n\t<\/div>\n\t\n<p><strong>Recommendation Table 1 according to <a href=\"https:\/\/www.dvgw.de\/medien\/dvgw\/leistungen\/publikationen\/energiesparen-warmwasser-dvgw-langfassung.pdf\" target=\"_blank\" rel=\"noopener sponsored\">DVGW &#8211; Deutscher Verein des Gas- und Wasserfaches e.V<\/a><\/strong><\/p>\n<table style=\"width: 100%; border-collapse: collapse;\">\n<tbody>\n<tr>\n<td style=\"width: 33.3333%; height: 21px;\">Type of tapping point<\/td>\n<td style=\"width: 33.3333%; height: 21px;\">Litre capacity [l\/min]<\/td>\n<td style=\"width: 33.3333%; height: 21px;\">Frequent litre output in practice [l\/min]<\/td>\n<\/tr>\n<tr style=\"height: 21px;\">\n<td style=\"width: 33.3333%; height: 21px;\">Washbasin<\/td>\n<td style=\"width: 33.3333%; height: 21px;\">4,2 (Norm)<\/td>\n<td style=\"width: 33.3333%; height: 21px;\">\u00a08 &#8211; 10<\/td>\n<\/tr>\n<tr style=\"height: 21px;\">\n<td style=\"width: 33.3333%; height: 21px;\">Shower<\/td>\n<td style=\"width: 33.3333%; height: 21px;\">9,0 (Norm), 6,0 possible<\/td>\n<td style=\"width: 33.3333%; height: 21px;\">12 &#8211; 18<\/td>\n<\/tr>\n<tr style=\"height: 21px;\">\n<td style=\"width: 33.3333%; height: 21px;\">WC: Small and large per flush<\/td>\n<td style=\"width: 33.3333%; height: 21px;\">3 and 6 (economy version)<\/td>\n<td style=\"width: 33.3333%; height: 21px;\">6 and 9<\/td>\n<\/tr>\n<\/tbody>\n<\/table>\n\t<div id=\"gap-41161329\" class=\"gap-element clearfix\" style=\"display:block; height:auto;\">\n\t\t\n<style>\n#gap-41161329 {\n  padding-top: 30px;\n}\n<\/style>\n\t<\/div>\n\t\n<p>Given the pressing environmental issues, it is <strong>essential<\/strong> in the <strong>hotel industry to promote ecological, economic, and social<a href=\"https:\/\/ecoturbino.world\/impact-5\/\"> sustainability<\/a><\/strong> and emphasize the responsibility of both guests and hotel operators.<\/p>\n<blockquote>\n<p>Many hotels require a significant amount of water daily for activities such as showers, wellness areas, pools, and more.<\/p>\n<\/blockquote>\n<p>Unfortunately, almost all guests on vacation do not think sufficiently about water conservation (as it is an included service at no additional cost), while they might do so at home.<\/p>\n<p>This results in the <strong>average water consumption per guest per day in hotels<\/strong> being more than double the average consumption in a household, ranging from 250-300 liters.<\/p>\n<ul>\n<li>The EU Taxonomy establishes <strong>clear criteria for water efficiency<\/strong>, focusing on the prudent and efficient use of water.<\/li>\n<li>To meet these requirements, hotels must take measures to reduce water consumption and implement sustainable methods.<\/li>\n<li>This can include the adoption of advanced water recycling technologies, optimization of production processes, and the implementation of water-saving measures.<\/li>\n<li>For example, the EU Taxonomy recommends that showers should have a <strong>maximum water flow rate of 8 liters per minute.<\/strong><\/li>\n<li>Although modern water-saving showerheads already reduce water consumption, it is often challenging to maintain guest comfort while meeting these requirements.<\/li>\n<\/ul>\n\t\t<\/div>\n\t\t\t\t\t<\/div>\n\n\t\n\n\t<div id=\"col-1609305934\" class=\"col medium-4 small-12 large-4\"  >\n\t\t\t\t<div class=\"col-inner\"  >\n\t\t\t\n\t\t\t\n\t<div class=\"img has-hover radius10 x md-x lg-x y md-y lg-y\" id=\"image_173540861\">\n\t\t\t\t\t\t\t\t<div class=\"img-inner dark\" >\n\t\t\t<img decoding=\"async\" width=\"810\" height=\"540\" src=\"https:\/\/ecoturbino.world\/wp-content\/uploads\/2024\/01\/flagge-eu.svg\" class=\"attachment-original size-original\" alt=\"European union flag\" \/>\t\t\t\t\t\t\n\t\t\t\t\t<\/div>\n\t\t\t\t\t\t\t\t\n<style>\n#image_173540861 {\n  width: 100%;\n}\n<\/style>\n\t<\/div>\n\t\n\t<div id=\"gap-1773067463\" class=\"gap-element clearfix\" style=\"display:block; height:auto;\">\n\t\t\n<style>\n#gap-1773067463 {\n  padding-top: 30px;\n}\n<\/style>\n\t<\/div>\n\t\n<h3>Important links to the EU regulations<\/h3>\n<ul>\n<li><a href=\"https:\/\/www.bmk.gv.at\/green-finance\/finanzen\/eu-strategie\/eu-taxonomie-vo.html\" target=\"_blank\" rel=\"noopener sponsored\">EU-Taxonomie-Verordnung (bmk.gv.at)<\/a><\/li>\n<li><a href=\"https:\/\/ec.europa.eu\/sustainable-finance-taxonomy\/\" target=\"_blank\" rel=\"noopener sponsored\">EU Taxonomy Navigator | European Commission (europa.eu)<\/a><\/li>\n<li><a href=\"https:\/\/eur-lex.europa.eu\/eli\/reg\/2020\/852\/oj\" target=\"_blank\" rel=\"noopener sponsored\">EUR-Lex &#8211; 32020R0852 &#8211; EN &#8211; EUR-Lex (europa.eu)<\/a><\/li>\n<li><a href=\"https:\/\/www.wko.at\/ooe\/umwelt-energie\/ratgeber-umsetzung-der-eu-taxonomie\" target=\"_blank\" rel=\"noopener sponsored\">EU-TAXONOMIE NEU &#8211; WKO<\/a><\/li>\n<\/ul>\n\t<div id=\"gap-1869004247\" class=\"gap-element clearfix\" style=\"display:block; height:auto;\">\n\t\t\n<style>\n#gap-1869004247 {\n  padding-top: 30px;\n}\n<\/style>\n\t<\/div>\n\t\n\t<div class=\"img has-hover radius10 hide-for-small x md-x lg-x y md-y lg-y\" id=\"image_1595299147\">\n\t\t\t\t\t\t\t\t<div class=\"img-inner dark\" style=\"margin:0px 0px 30px 0px;\">\n\t\t\t<img decoding=\"async\" width=\"600\" height=\"900\" src=\"https:\/\/ecoturbino.world\/wp-content\/uploads\/2024\/01\/water-drain_600.webp\" class=\"attachment-original size-original\" alt=\"Water into drain symbol\" srcset=\"https:\/\/ecoturbino.world\/wp-content\/uploads\/2024\/01\/water-drain_600.webp 600w, https:\/\/ecoturbino.world\/wp-content\/uploads\/2024\/01\/water-drain_600-120x180.webp 120w\" sizes=\"(max-width: 600px) 100vw, 600px\" \/>\t\t\t\t\t\t\n\t\t\t\t\t<\/div>\n\t\t\t\t\t\t\t\t\n<style>\n#image_1595299147 {\n  width: 100%;\n}\n<\/style>\n\t<\/div>\n\t\n\t\t<\/div>\n\t\t\t\t\t<\/div>\n\n\t\n<\/div>\n<div class=\"row\"  id=\"row-1970923764\">\n\n\t<div id=\"col-2092123373\" class=\"col small-12 large-12\"  >\n\t\t\t\t<div class=\"col-inner\" style=\"background-color:rgba(0, 0, 0, 0.15);\" >\n\t\t\t\n\t\t\t\n<div class=\"row\"  id=\"row-2039537606\">\n\n\t<div id=\"col-572423924\" class=\"col medium-4 small-12 large-4\"  >\n\t\t\t\t<div class=\"col-inner\"  >\n\t\t\t\n\t\t\t\n\t<div class=\"img has-hover radius10 x md-x lg-x y md-y lg-y\" id=\"image_1612194736\">\n\t\t\t\t\t\t\t\t<div class=\"img-inner dark\" >\n\t\t\t<img decoding=\"async\" width=\"600\" height=\"600\" src=\"https:\/\/ecoturbino.world\/wp-content\/uploads\/2024\/01\/water-costs2_600.webp\" class=\"attachment-original size-original\" alt=\"Water costs symbol\" srcset=\"https:\/\/ecoturbino.world\/wp-content\/uploads\/2024\/01\/water-costs2_600.webp 600w, https:\/\/ecoturbino.world\/wp-content\/uploads\/2024\/01\/water-costs2_600-500x500.webp 500w, https:\/\/ecoturbino.world\/wp-content\/uploads\/2024\/01\/water-costs2_600-32x32.webp 32w, https:\/\/ecoturbino.world\/wp-content\/uploads\/2024\/01\/water-costs2_600-48x48.webp 48w, https:\/\/ecoturbino.world\/wp-content\/uploads\/2024\/01\/water-costs2_600-80x80.webp 80w, https:\/\/ecoturbino.world\/wp-content\/uploads\/2024\/01\/water-costs2_600-180x180.webp 180w\" sizes=\"(max-width: 600px) 100vw, 600px\" \/>\t\t\t\t\t\t\n\t\t\t\t\t<\/div>\n\t\t\t\t\t\t\t\t\n<style>\n#image_1612194736 {\n  width: 100%;\n}\n<\/style>\n\t<\/div>\n\t\n\t\t<\/div>\n\t\t\t\t\n<style>\n#col-572423924 > .col-inner {\n  border-radius: 10px;\n}\n<\/style>\n\t<\/div>\n\n\t\n\n\t<div id=\"col-1746418617\" class=\"col medium-8 small-12 large-8\"  >\n\t\t\t\t<div class=\"col-inner\"  >\n\t\t\t\n\t\t\t\n<div class=\"flex-1 overflow-hidden\">\n<div class=\"react-scroll-to-bottom--css-tpvix-79elbk h-full\">\n<div class=\"react-scroll-to-bottom--css-tpvix-1n7m0yu\">\n<div class=\"flex flex-col pb-9 text-sm\">\n<div class=\"w-full text-token-text-primary\" data-testid=\"conversation-turn-7\">\n<div class=\"px-4 py-2 justify-center text-base md:gap-6 m-auto\">\n<div class=\"flex flex-1 text-base mx-auto gap-3 md:px-5 lg:px-1 xl:px-5 md:max-w-3xl lg:max-w-&#091;40rem&#093; xl:max-w-&#091;48rem&#093; group final-completion\">\n<div class=\"relative flex w-full flex-col lg:w-&#091;calc(100%-115px)&#093; agent-turn\">\n<div class=\"flex-col gap-1 md:gap-3\">\n<div class=\"flex flex-grow flex-col max-w-full\">\n<div class=\"min-h-&#091;20px&#093; text-message flex flex-col items-start gap-3 whitespace-pre-wrap break-words &#091;.text-message+&amp;&#093;:mt-5 overflow-x-auto\" data-message-author-role=\"assistant\" data-message-id=\"f74b962e-f708-4418-8c48-3cce84fddc77\">\n<div class=\"markdown prose w-full break-words dark:prose-invert light\">\n<h3>EU Regulations | This is where our ecoturbino water and energy-saving systems come into play.<\/h3>\n<p>They allow for a reduction in <strong>shower water consumption to as low as 6-7 liters per minute<\/strong> without compromising the shower comfort. Additionally, we have inserts for <strong>sinks that reduce water usage to 5 liters per minute.<\/strong><\/p>\n<p>By utilizing our technology, hotel operators can save not only water but also energy and operational costs, particularly in light of rising energy prices.<\/p>\n<p><strong>The benefits of this ecoturbino system for hotel operators are diverse<\/strong>. It enables significant cost savings by <strong>reducing water, wastewater, and energy expenses<\/strong> while <strong>maintaining high shower comfort for guests.<\/strong> Simultaneously, it <strong>enhances cleanliness, hygiene,<\/strong> and the crucial enjoyment of showering.<\/p>\n<blockquote>\n<p>The investment typically pays for itself in a very short time. Furthermore, the use of this system contributes to compliance with the EU Taxonomy Regulation and allows hotels to achieve their sustainability goals (and sustainable image goals).<\/p>\n<\/blockquote>\n<p>Our ecoturbino system is also <strong>medically certified for healthcare facilities<\/strong> and adorned with environmental awards, emphasizing its ecological compatibility.<\/p>\n<\/div>\n<\/div>\n<\/div>\n<\/div>\n<\/div>\n<\/div>\n<\/div>\n<\/div>\n<\/div>\n<\/div>\n<\/div>\n<\/div>\n\t\t<\/div>\n\t\t\t\t\n<style>\n#col-1746418617 > .col-inner {\n  margin: 0px 0px -25px 0px;\n}\n<\/style>\n\t<\/div>\n\n\t\n\n<style>\n#row-2039537606 > .col > .col-inner {\n  border-radius: 10px;\n}\n<\/style>\n<\/div>\n\t\t<\/div>\n\t\t\t\t\n<style>\n#col-2092123373 > .col-inner {\n  padding: 25px 25px 0px 25px;\n  border-radius: 10px;\n}\n<\/style>\n\t<\/div>\n\n\t\n<\/div>\n<div class=\"row align-center\"  id=\"row-1794560489\">\n\n\t<div id=\"col-98234706\" class=\"col small-12 large-12\"  >\n\t\t\t\t<div class=\"col-inner text-left\" style=\"background-color:rgb(255, 255, 255);\" >\n\t\t\t\n\t<div class=\"is-border is-dashed\"\n\t\tstyle=\"border-color:rgba(85, 85, 85, 0.75);border-radius:10px;border-width:2px 2px 2px 2px;\">\n\t<\/div>\n\t\t\t\n<div class=\"row align-middle\"  id=\"row-440494750\">\n\n\t<div id=\"col-1620801743\" class=\"col medium-10 small-12 large-10\"  >\n\t\t\t\t<div class=\"col-inner\"  >\n\t\t\t\n\t\t\t\n<div class=\"w-full text-token-text-primary\" data-testid=\"conversation-turn-9\">\n<div class=\"px-4 py-2 justify-center text-base md:gap-6 m-auto\">\n<div class=\"flex flex-1 text-base mx-auto gap-3 md:px-5 lg:px-1 xl:px-5 md:max-w-3xl lg:max-w-&#091;40rem&#093; xl:max-w-&#091;48rem&#093; group final-completion\">\n<div class=\"relative flex w-full flex-col lg:w-&#091;calc(100%-115px)&#093; agent-turn\">\n<div class=\"flex-col gap-1 md:gap-3\">\n<div class=\"flex flex-grow flex-col max-w-full\">\n<div class=\"min-h-&#091;20px&#093; text-message flex flex-col items-start gap-3 whitespace-pre-wrap break-words &#091;.text-message+&amp;&#093;:mt-5 overflow-x-auto\" data-message-author-role=\"assistant\" data-message-id=\"bb0c8303-2670-40a7-bb07-bd6215de1133\">\n<div class=\"markdown prose w-full break-words dark:prose-invert light\">\n<h3>The <a href=\"https:\/\/en.ecoturbino.shop\/details\/\" target=\"_blank\" rel=\"noopener\">ecoturbino System<\/a> | Installed in just 3 minutes &#8211; completely maintenance-free afterward<\/h3>\n<p>The <strong>patented ecoturbino System<\/strong> is based on the <strong>venturi turbine principle.<\/strong> It allows for a significant reduction in water flow by introducing air into the water stream. Without any loss of comfort!<\/p>\n<p>The ecoturbino technology not only ensures a <strong>pleasant shower experience<\/strong> but also <strong>prevents the formation of biofilm in the shower hose and showerhead<\/strong>, minimizing the <strong>risk of germ formation and Legionella.<\/strong><\/p>\n<p>Overall, the ecoturbino water and <strong>energy-saving system demonstrates how hotels, hospitals, businesses,<\/strong> and more can reduce their environmental impact by implementing sustainable environmental technologies and conscientiously managing resources without compromising the comfort of their guests, patients, members, etc.<\/p>\n<p>This is a crucial step towards environmental protection, sustainability, and responsibility for both guests and hotel operators, as well as all of us, to achieve the goals of the EU Taxonomy and contribute to a climate-neutral and resource-efficient economy.<\/p>\n<\/div>\n<\/div>\n<\/div>\n<\/div>\n<\/div>\n<\/div>\n<\/div>\n<\/div>\n\t\t<\/div>\n\t\t\t\t\t<\/div>\n\n\t\n\n\t<div id=\"col-2114617899\" class=\"col medium-2 small-12 large-2\"  >\n\t\t\t\t<div class=\"col-inner\"  >\n\t\t\t\n\t\t\t\n\t<div id=\"stack-1603739167\" class=\"stack stack-col justify-start items-stretch sm:stack-row\">\n\t\t\n\t<div class=\"img has-hover x md-x lg-x y md-y lg-y\" id=\"image_2130975978\">\n\t\t\t\t\t\t\t\t<div class=\"img-inner dark\" >\n\t\t\t<img decoding=\"async\" width=\"100\" height=\"100\" src=\"https:\/\/ecoturbino.world\/wp-content\/uploads\/2024\/01\/eu-ecolabel-logo.svg\" class=\"attachment-original size-original\" alt=\"EU Ecolabel\" \/>\t\t\t\t\t\t\n\t\t\t\t\t<\/div>\n\t\t\t\t\t\t\t\t\n<style>\n#image_2130975978 {\n  width: 50%;\n}\n@media (min-width:550px) {\n  #image_2130975978 {\n    width: 100%;\n  }\n}\n<\/style>\n\t<\/div>\n\t\n\t<div class=\"img has-hover x md-x lg-x y md-y lg-y\" id=\"image_935227122\">\n\t\t\t\t\t\t\t\t<div class=\"img-inner dark\" >\n\t\t\t<img decoding=\"async\" width=\"1\" height=\"1\" src=\"https:\/\/ecoturbino.world\/wp-content\/uploads\/2024\/01\/umweltzeichen.svg\" class=\"attachment-original size-original\" alt=\"Umweltzeichen\" \/>\t\t\t\t\t\t\n\t\t\t\t\t<\/div>\n\t\t\t\t\t\t\t\t\n<style>\n#image_935227122 {\n  width: 50%;\n}\n@media (min-width:550px) {\n  #image_935227122 {\n    width: 100%;\n  }\n}\n<\/style>\n\t<\/div>\n\t\n\t\t\n<style>\n#stack-1603739167 > * {\n  --stack-gap: 1rem;\n}\n<\/style>\n\t<\/div>\n\t\n\t\t<\/div>\n\t\t\t\t\t<\/div>\n\n\t\n<\/div>\n\t\t<\/div>\n\t\t\t\t\n<style>\n#col-98234706 > .col-inner {\n  padding: 15px 20px 0px 30px;\n  margin: 0px 0px -125px 0px;\n  border-radius: 10px;\n}\n@media (min-width:550px) {\n  #col-98234706 > .col-inner {\n    margin: 0px 0px -150px 0px;\n  }\n}\n<\/style>\n\t<\/div>\n\n\t\n<\/div>\n\t\t<\/div>\n\t\t\t\t\t<\/div>\n\n\t\n<\/div>\n\t\t<\/div>\n\n\t\t\n<style>\n#section_1854688814 {\n  padding-top: 30px;\n  padding-bottom: 30px;\n}\n<\/style>\n\t<\/section>\n\t\n\n\t<section class=\"section\" id=\"section_1016334874\">\n\t\t<div class=\"section-bg fill\" >\n\t\t\t<img decoding=\"async\" width=\"1920\" height=\"683\" src=\"https:\/\/ecoturbino.world\/wp-content\/uploads\/2025\/12\/ecoturbino-function_1920-1.webp\" class=\"bg attachment- size-\" alt=\"ecoturbino funktion\" \/>\t\t\t\t\t\t<div class=\"section-bg-overlay absolute fill\"><\/div>\n\t\t\t\n\n\t\t<\/div>\n\n\t\t\t<div class=\"ux-shape-divider ux-shape-divider--top ux-shape-divider--style-waves-opacity\">\n\t\t<svg viewBox=\"0 0 1000 300\" xmlns=\"http:\/\/www.w3.org\/2000\/svg\" preserveAspectRatio=\"none\">\n    <path class=\"ux-shape-fill\" d=\"M0 300L-1 69.71C216 57 299.47 198.86 403 226C506 253 577 196 660 197C740 198 790.09 234.07 874 267C935.23 291 982 282.61 1000 277.61V300H0Z\"\/>\n    <path class=\"ux-shape-fill\" opacity=\"0.5\" d=\"M1 265.094L0 50.5C217 37.79 300.47 186.36 404 213.5C507 240.5 578 196.5 661 197.5C741 198.5 787.59 239.57 871.5 272.5C932.73 296.5 980.5 284.5 998.5 279.5V298.5L1 265.094Z\"\/>\n    <path class=\"ux-shape-fill\" opacity=\"0.15\" d=\"M0.999878 244.094L-0.00012207 27C217 14.29 300.47 173.86 404 201C507 228 578 196 661 197C741 198 787.59 243.07 871.5 276C932.73 300 980.5 284.5 998.5 279.5V299L0.999878 244.094Z\"\/>\n<\/svg>\n\n\t<\/div>\n\n\n\t\t<div class=\"section-content relative\">\n\t\t\t\n\t\t<\/div>\n\n\t\t\n<style>\n#section_1016334874 {\n  padding-top: 125px;\n  padding-bottom: 125px;\n}\n#section_1016334874 .section-bg-overlay {\n  background-color: rgba(0, 0, 0, 0.25);\n}\n#section_1016334874 .ux-shape-divider--top svg {\n  height: 80px;\n  --divider-top-width: 100%;\n}\n@media (min-width:550px) {\n  #section_1016334874 {\n    padding-top: 220px;\n    padding-bottom: 220px;\n  }\n  #section_1016334874 .ux-shape-divider--top svg {\n    height: 124px;\n  }\n}\n<\/style>\n\t<\/section>\n\t\n","protected":false},"excerpt":{"rendered":"","protected":false},"author":2,"featured_media":1802,"parent":0,"menu_order":0,"comment_status":"closed","ping_status":"closed","template":"page-blank.php","meta":{"inline_featured_image":false,"footnotes":""},"class_list":["post-1669","page","type-page","status-publish","has-post-thumbnail","hentry"],"_links":{"self":[{"href":"https:\/\/ecoturbino.world\/pl\/wp-json\/wp\/v2\/pages\/1669","targetHints":{"allow":["GET"]}}],"collection":[{"href":"https:\/\/ecoturbino.world\/pl\/wp-json\/wp\/v2\/pages"}],"about":[{"href":"https:\/\/ecoturbino.world\/pl\/wp-json\/wp\/v2\/types\/page"}],"author":[{"embeddable":true,"href":"https:\/\/ecoturbino.world\/pl\/wp-json\/wp\/v2\/users\/2"}],"replies":[{"embeddable":true,"href":"https:\/\/ecoturbino.world\/pl\/wp-json\/wp\/v2\/comments?post=1669"}],"version-history":[{"count":0,"href":"https:\/\/ecoturbino.world\/pl\/wp-json\/wp\/v2\/pages\/1669\/revisions"}],"wp:featuredmedia":[{"embeddable":true,"href":"https:\/\/ecoturbino.world\/pl\/wp-json\/wp\/v2\/media\/1802"}],"wp:attachment":[{"href":"https:\/\/ecoturbino.world\/pl\/wp-json\/wp\/v2\/media?parent=1669"}],"curies":[{"name":"wp","href":"https:\/\/api.w.org\/{rel}","templated":true}]}}