{"id":1652,"date":"2024-01-03T21:01:56","date_gmt":"2024-01-03T20:01:56","guid":{"rendered":"https:\/\/ecoturbino.eu\/?page_id=1652"},"modified":"2025-12-29T22:43:52","modified_gmt":"2025-12-29T21:43:52","slug":"twarda-woda-i-legionella","status":"publish","type":"page","link":"https:\/\/ecoturbino.world\/pl\/hard-water-and-legionella\/","title":{"rendered":"Twarda woda i legionella | Problemy z prysznicami w \u0142azience"},"content":{"rendered":"<section class=\"section zindex1\" id=\"section_289695935\">\n\t\t<div class=\"section-bg fill\" >\n\t\t\t\t\t\t\t\t\t\n\t\t\t\n\n\t\t<\/div>\n\n\t\t\n\n\t\t<div class=\"section-content relative\">\n\t\t\t\n<div class=\"row\"  id=\"row-1135941142\">\n\n\t<div id=\"col-1916801589\" class=\"col small-12 large-12\"  >\n\t\t\t\t<div class=\"col-inner\"  >\n\t\t\t\n\t\t\t\n\t<div id=\"text-3829516606\" class=\"text\">\n\t\t\n<h1 class=\"uppercase\">Twarda woda i legionella | Prawdziwa skala problemu!<\/h1>\n<h3 class=\"thin-font\">Chocia\u017c og\u00f3lny zwi\u0105zek mi\u0119dzy tward\u0105 wod\u0105 a legionell\u0105 jest dobrze znany, cz\u0119sto jest on \u017ale rozumiany.<\/h3>\n\t\t\n<style>\n#text-3829516606 {\n  text-align: center;\n}\n<\/style>\n\t<\/div>\n\t\n<div class=\"text-center\"><div class=\"is-divider divider clearfix\" style=\"max-width:50%;height:1px;\"><\/div><\/div>\n\t<div id=\"gap-335077667\" class=\"gap-element clearfix\" style=\"display:block; height:auto;\">\n\t\t\n<style>\n#gap-335077667 {\n  padding-top: 30px;\n}\n<\/style>\n\t<\/div>\n\t\n<div class=\"row\"  id=\"row-1504007728\">\n\n\t<div id=\"col-476159378\" class=\"col medium-8 small-12 large-8\"  >\n\t\t\t\t<div class=\"col-inner\"  >\n\t\t\t\n\t\t\t\n<p>W tym po\u015bcie skupimy si\u0119 na tym, jak mo\u017cemy <strong>uzyskanie lepszej kontroli nad zawarto\u015bci\u0105 bakterii w wodzie od samego pocz\u0105tku<\/strong>w celu <strong>zmniejsza\u0107 si\u0119<\/strong> wykorzystanie <strong>agresywny i <a href=\"https:\/\/ecoturbino.world\/pl\/wplyw-5\/\">\u015brodowiskowo<\/a> szkodliwych chemikali\u00f3w do usuwania bakterii.<\/strong><\/p>\n<p><strong>Dwutlenek chloru<\/strong> nadal jest <strong>najcz\u0119\u015bciej stosowany \u015brodek biob\u00f3jczy do eliminacji bakterii w wodzie, w tym bakterii Legionella<\/strong>. Jego zdolno\u015b\u0107 do niszczenia biofilm\u00f3w jest bardzo wa\u017cnym aspektem tej substancji chemicznej. Jednak dwutlenek chloru s\u0142u\u017cy wy\u0142\u0105cznie do kontroli i redukcji, a nie do zapobiegania.<\/p>\n<p>Kluczem do tej kwestii jest <strong>zrozumienie zwi\u0105zku mi\u0119dzy osadami wapnia, biofilmami i bakteriami Legionella.<\/strong> Takie podej\u015bcie pozwala na<strong> zmniejszenie liczby bakterii w systemie wodnym<\/strong>minimalizuj\u0105c w ten spos\u00f3b czas i zu\u017cycie \u015brodk\u00f3w chemicznych na konserwacj\u0119 systemu.<\/p>\n<p>I tu w\u0142a\u015bnie do gry wkracza adapter prysznicowy ecoturbino,<strong> zapewnienie higienicznych prysznic\u00f3w w hotelach, centrach fitness, domach itp.<\/strong><\/p>\n\t\t<\/div>\n\t\t\t\t\t<\/div>\n\n\t\n\n\t<div id=\"col-253924793\" class=\"col medium-4 small-12 large-4\"  >\n\t\t\t\t<div class=\"col-inner\"  >\n\t\t\t\n\t\t\t\n\t<div class=\"img has-hover radius10 hide-for-small x md-x lg-x y md-y lg-y\" id=\"image_2084870120\">\n\t\t\t\t\t\t\t\t<div class=\"img-inner dark\" >\n\t\t\t<img decoding=\"async\" width=\"600\" height=\"600\" src=\"https:\/\/ecoturbino.world\/wp-content\/uploads\/2024\/01\/water-drain2_600.webp\" class=\"attachment-original size-original\" alt=\"\" srcset=\"https:\/\/ecoturbino.world\/wp-content\/uploads\/2024\/01\/water-drain2_600.webp 600w, https:\/\/ecoturbino.world\/wp-content\/uploads\/2024\/01\/water-drain2_600-500x500.webp 500w, https:\/\/ecoturbino.world\/wp-content\/uploads\/2024\/01\/water-drain2_600-32x32.webp 32w, https:\/\/ecoturbino.world\/wp-content\/uploads\/2024\/01\/water-drain2_600-48x48.webp 48w, https:\/\/ecoturbino.world\/wp-content\/uploads\/2024\/01\/water-drain2_600-80x80.webp 80w, https:\/\/ecoturbino.world\/wp-content\/uploads\/2024\/01\/water-drain2_600-180x180.webp 180w\" sizes=\"(max-width: 600px) 100vw, 600px\" \/>\t\t\t\t\t\t\n\t\t\t\t\t<\/div>\n\t\t\t\t\t\t\t\t\n<style>\n#image_2084870120 {\n  width: 100%;\n}\n<\/style>\n\t<\/div>\n\t\n\t\t<\/div>\n\t\t\t\t\t<\/div>\n\n\t\n<\/div>\n\t<div id=\"gap-7381646\" class=\"gap-element clearfix\" style=\"display:block; height:auto;\">\n\t\t\n<style>\n#gap-7381646 {\n  padding-top: 30px;\n}\n<\/style>\n\t<\/div>\n\t\n<div class=\"row\"  id=\"row-1048125809\">\n\n\t<div id=\"col-1634309706\" class=\"col medium-4 small-12 large-4\"  >\n\t\t\t\t<div class=\"col-inner\"  >\n\t\t\t\n\t\t\t\n\t<div class=\"img has-hover radius10 x md-x lg-x y md-y lg-y\" id=\"image_351712178\">\n\t\t\t\t\t\t\t\t<div class=\"img-inner dark\" >\n\t\t\t<img decoding=\"async\" width=\"600\" height=\"900\" src=\"https:\/\/ecoturbino.world\/wp-content\/uploads\/2024\/01\/shower-head-limescale_600.webp\" class=\"attachment-original size-original\" alt=\"Symbol kamienia na g\u0142owicy prysznicowej\" srcset=\"https:\/\/ecoturbino.world\/wp-content\/uploads\/2024\/01\/shower-head-limescale_600.webp 600w, https:\/\/ecoturbino.world\/wp-content\/uploads\/2024\/01\/shower-head-limescale_600-120x180.webp 120w\" sizes=\"(max-width: 600px) 100vw, 600px\" \/>\t\t\t\t\t\t\n\t\t\t\t\t<\/div>\n\t\t\t\t\t\t\t\t\n<style>\n#image_351712178 {\n  width: 100%;\n}\n<\/style>\n\t<\/div>\n\t\n\t\t<\/div>\n\t\t\t\t\t<\/div>\n\n\t\n\n\t<div id=\"col-175464093\" class=\"col medium-8 small-12 large-8\"  >\n\t\t\t\t<div class=\"col-inner\"  >\n\t\t\t\n\t\t\t\n<div class=\"flex-1 overflow-hidden\">\n<div class=\"react-scroll-to-bottom--css-tpvix-79elbk h-full\">\n<div class=\"react-scroll-to-bottom--css-tpvix-1n7m0yu\">\n<div class=\"flex flex-col pb-9 text-sm\">\n<div class=\"w-full text-token-text-primary\" data-testid=\"conversation-turn-13\">\n<div class=\"px-4 py-2 justify-center text-base md:gap-6 m-auto\">\n<div class=\"flex flex-1 text-base mx-auto gap-3 md:px-5 lg:px-1 xl:px-5 md:max-w-3xl lg:max-w-&#091;40rem&#093; xl:max-w-&#091;48rem&#093; group final-completion\">\n<div class=\"relative flex w-full flex-col lg:w-&#091;calc(100%-115px)&#093; agent-turn\">\n<div class=\"flex-col gap-1 md:gap-3\">\n<div class=\"flex flex-grow flex-col max-w-full\">\n<div class=\"min-h-&#091;20px&#093; text-message flex flex-col items-start gap-3 whitespace-pre-wrap break-words &#091;.text-message+&amp;&#093;:mt-5 overflow-x-auto\" data-message-author-role=\"assistant\" data-message-id=\"6402d42d-ba99-40ec-b57e-ac45c40c778e\">\n<div class=\"markdown prose w-full break-words dark:prose-invert light\">\n<h3>Czym s\u0105 osady wapienne?<\/h3>\n<p><strong>Osady wapienne to twarde nagromadzenia<\/strong> sk\u0142ada si\u0119 g\u0142\u00f3wnie z <strong>w\u0119glan wapnia (CaCO3)<\/strong> i cz\u0119sto <strong>gromadz\u0105 si\u0119 w systemach ciep\u0142ej wody, ruroci\u0105gach i urz\u0105dzeniach.<\/strong><\/p>\n<p>Mog\u0105<strong> znacz\u0105co pogorszy\u0107 wydajno\u015b\u0107<\/strong> r\u00f3\u017cnych komponent\u00f3w hydraulicznych i grzewczych,<strong> prowadz\u0105ce do zmniejszenia wydajno\u015bci<\/strong> oraz <strong>wy\u017csze koszty operacyjne<\/strong> dla sprz\u0119tu zwi\u0105zanego z wod\u0105, a tak\u017ce wizualnie nieatrakcyjne rezultaty w \u0142azience.<\/p>\n<blockquote>\n<p>The <strong>stopie\u0144 tworzenia si\u0119 kamienia<\/strong> zale\u017cy od twardo\u015bci wody. Okre\u015blanie twardo\u015bci wody: Czy moja woda jest mi\u0119kka czy twarda?<\/p>\n<\/blockquote>\n<p>Twardo\u015b\u0107 wody zale\u017cy od <strong>zawarto\u015b\u0107 zwi\u0105zk\u00f3w wapnia i magnezu<\/strong>Powstaje, gdy wap\u0144 i magnez \u0142\u0105cz\u0105 si\u0119 z rozpuszczonym w wodzie dwutlenkiem w\u0119gla.<\/p>\n<ol>\n<li>Mi\u0119kka woda: Od 0 do 7 stopni twardo\u015bci niemieckiej (dH) - kategoria twardo\u015bci I (od 0 do 1,3 milimoli tlenku wapnia na litr) jest uwa\u017cana za wod\u0119 mi\u0119kk\u0105.<\/li>\n<li>Twarda woda: Mi\u0119dzy 14 a 21 stopni dH - Twardo\u015b\u0107 kategorii III (od 2,5 do 3,8 milimoli tlenku wapnia na litr) jest klasyfikowana jako twarda woda.<\/li>\n<\/ol>\n<\/div>\n<\/div>\n<\/div>\n<\/div>\n<\/div>\n<\/div>\n<\/div>\n<\/div>\n<\/div>\n<\/div>\n<\/div>\n<\/div>\n\t<div id=\"gap-2072691505\" class=\"gap-element clearfix\" style=\"display:block; height:auto;\">\n\t\t\n<style>\n#gap-2072691505 {\n  padding-top: 15px;\n}\n<\/style>\n\t<\/div>\n\t\n<div class=\"is-divider divider clearfix\" style=\"max-width:100%;height:1px;\"><\/div>\n<h3>Czym jest biofilm?<\/h3>\n<p>A <strong><a href=\"https:\/\/en.wikipedia.org\/wiki\/Biofilm\" target=\"_blank\" rel=\"noopener sponsored\">biofilm<\/a> sk\u0142ada si\u0119 z \u017cywych mikroorganizm\u00f3w<\/strong>, takie jak bakterie, kt\u00f3re osiedlaj\u0105 si\u0119 i rozmna\u017caj\u0105 w kolonii lub spo\u0142eczno\u015bci.<\/p>\n<p>Tworzenie si\u0119 biofilmu ma miejsce, gdy <strong>niekt\u00f3re mikroorganizmy<\/strong>jak niekt\u00f3re gatunki bakterii, <strong>przylega\u0107 do powierzchni obiektu<\/strong> w wilgotnym \u015brodowisku i zaczynaj\u0105 si\u0119 rozmna\u017ca\u0107.<\/p>\n<p>Mikroorganizmy te przyczepiaj\u0105 si\u0119 do powierzchni obiektu poprzez <strong>wydzielanie lepkiej, \u015bluzowatej substancji.<\/strong><\/p>\n\t\t<\/div>\n\t\t\t\t\t<\/div>\n\n\t\n<\/div>\n<div class=\"row\"  id=\"row-735495941\">\n\n\t<div id=\"col-2012389033\" class=\"col small-12 large-12\"  >\n\t\t\t\t<div class=\"col-inner\"  >\n\t\t\t\n\t\t\t\n<div class=\"row row-large row-divided\"  id=\"row-1355105330\">\n\n\t<div id=\"col-1881715809\" class=\"col medium-6 small-12 large-6\"  >\n\t\t\t\t<div class=\"col-inner\"  >\n\t\t\t\n\t\t\t\n<h3>Czym s\u0105 bakterie Legionella?<\/h3>\n<p><strong><a href=\"https:\/\/en.wikipedia.org\/wiki\/Legionella\" target=\"_blank\" rel=\"noopener sponsored\">Legionella<\/a> to bakterie<\/strong> kt\u00f3re mog\u0105 powodowa\u0107 chorob\u0119 legionist\u00f3w, ci\u0119\u017ck\u0105 i <strong>potencjalnie zagra\u017caj\u0105ca \u017cyciu posta\u0107 zapalenia p\u0142uc.<\/strong><\/p>\n<p>Transmisja <strong>Choroba legionist\u00f3w u ludzi<\/strong> wyst\u0119puje poprzez wdychanie drobnych kropelek wody (aerozoli), kt\u00f3re s\u0105 zawieszone w powietrzu i zawieraj\u0105 bakterie Legionella. Do zaka\u017cenia dochodzi, gdy kropelki wody dostan\u0105 si\u0119 do p\u0142uc.<\/p>\n<p>Legionella pneumophila by\u0142a pierwsz\u0105 z du\u017cej i rosn\u0105cej grupy pokrewnych gatunk\u00f3w bakterii, znanych jako Legionellae, kt\u00f3re zosta\u0142y odkryte. Obecnie znanych jest <strong>48 gatunk\u00f3w i 70 podgrup.<\/strong><\/p>\n<p>Istniej\u0105 r\u00f3\u017cne raporty dotycz\u0105ce cz\u0119sto\u015bci wyst\u0119powania bakterii Legionella, ale s\u0105 one nast\u0119puj\u0105ce <strong>na og\u00f3\u0142 cz\u0119\u015bciej spotykane w systemach ciep\u0142ej wody u\u017cytkowej<\/strong>. Uwa\u017ca si\u0119 jednak, \u017ce cz\u0119stotliwo\u015b\u0107 wyst\u0119powania bakterii Legionella w systemach ciep\u0142ej wody zmniejszy\u0142a si\u0119 w ostatnich latach.<\/p>\n<p>Oczekuje si\u0119, \u017ce liczba ta b\u0119dzie nadal spada\u0107 wraz ze wzrostem \u015bwiadomo\u015bci problemu i podejmowaniem coraz wi\u0119kszej liczby dzia\u0142a\u0144 w zakresie hydrauliki. Oznacza to, \u017ce podj\u0119te \u015brodki okaza\u0142y si\u0119 skuteczne w minimalizowaniu obecno\u015bci bakterii w wodzie, a ich zaniedbanie jest uwa\u017cane za zaniedbanie.<\/p>\n\t\t<\/div>\n\t\t\t\t\n<style>\n#col-1881715809 > .col-inner {\n  margin: 0px 0px -50px 0px;\n}\n<\/style>\n\t<\/div>\n\n\t\n\n\t<div id=\"col-1566046967\" class=\"col medium-6 small-12 large-6\"  >\n\t\t\t\t<div class=\"col-inner\"  >\n\t\t\t\n\t\t\t\n<p><strong>Optymalne warunki \u017cycia dla bakterii Legionella to:<\/strong><\/p>\n<ul>\n<li>Uzupe\u0142nianie wody s\u0142odkiej.<\/li>\n<li>Wyd\u0142u\u017cony czas pobytu.<\/li>\n<li>Zakres temperatur od 25\u00b0C do 50\u00b0C.<\/li>\n<\/ul>\n<p>Efekty<strong> r\u00f3\u017cne zakresy temperatur<\/strong> na rozprzestrzenianie si\u0119 bakterii Legionella:<\/p>\n<div class=\"row\"  id=\"row-1601534908\">\n\n\t<div id=\"col-913782744\" class=\"col small-12 large-12\"  >\n\t\t\t\t<div class=\"col-inner\"  >\n\t\t\t\n\t\t\t\n<table style=\"border-collapse: collapse; width: 100%; height: 189px;\">\n<tbody>\n<tr style=\"height: 21px;\">\n<td style=\"width: 50%; height: 21px;\">Zakres temperatur<\/td>\n<td style=\"width: 50%; height: 21px;\">Wp\u0142yw na wska\u017anik reprodukcji<\/td>\n<\/tr>\n<tr style=\"height: 21px;\">\n<td style=\"width: 50%; height: 21px;\">do 20 \u00b0C<\/td>\n<td style=\"width: 50%; height: 21px;\">bardzo wolne odtwarzanie<\/td>\n<\/tr>\n<tr style=\"height: 21px;\">\n<td style=\"width: 50%; height: 21px;\">od 20 \u00b0C<\/td>\n<td style=\"width: 50%; height: 21px;\">Wzrost wska\u017anika reprodukcji<\/td>\n<\/tr>\n<tr style=\"height: 21px;\">\n<td style=\"width: 50%; height: 21px;\">30 \u00b0C bis 45 \u00b0C<\/td>\n<td style=\"width: 50%; height: 21px;\">Optymalne namna\u017canie, podwojenie w temperaturze 36 \u00b0C w ci\u0105gu zaledwie oko\u0142o 3 godzin przy dobrej poda\u017cy sk\u0142adnik\u00f3w od\u017cywczych, 22 - 72 godzin przy niskiej poda\u017cy sk\u0142adnik\u00f3w od\u017cywczych.<\/td>\n<\/tr>\n<tr style=\"height: 21px;\">\n<td style=\"width: 50%; height: 21px;\">od 50 \u00b0C<\/td>\n<td style=\"width: 50%; height: 21px;\">Prawie \u017cadna reprodukcja<\/td>\n<\/tr>\n<tr style=\"height: 21px;\">\n<td style=\"width: 50%; height: 21px;\">od 55 \u00b0C<\/td>\n<td style=\"width: 50%; height: 21px;\">Brak mo\u017cliwo\u015bci dalszej reprodukcji, zabity po 6 godzinach<\/td>\n<\/tr>\n<tr style=\"height: 21px;\">\n<td style=\"width: 50%; height: 21px;\">od 60 \u00b0C<\/td>\n<td style=\"width: 50%; height: 21px;\">Niszczy bakterie Legionella w ci\u0105gu oko\u0142o 30 minut.<\/td>\n<\/tr>\n<tr style=\"height: 21px;\">\n<td style=\"width: 50%; height: 21px;\">od 65 \u00b0C<\/td>\n<td style=\"width: 50%; height: 21px;\">Zabity w ci\u0105gu 2 minut<\/td>\n<\/tr>\n<tr style=\"height: 21px;\">\n<td style=\"width: 50%; height: 21px;\">od 70 \u00b0C<\/td>\n<td style=\"width: 50%; height: 21px;\">Zabity w ci\u0105gu kilku sekund<\/td>\n<\/tr>\n<\/tbody>\n<\/table>\n\t\t<\/div>\n\t\t\t\t\n<style>\n#col-913782744 > .col-inner {\n  margin: 0px 0px -60px 0px;\n}\n<\/style>\n\t<\/div>\n\n\t\n<\/div>\n<p><span style=\"font-size: 90%;\">(\u0179r\u00f3d\u0142o: <a href=\"https:\/\/de.wikipedia.org\/wiki\/Legionellen\" target=\"_blank\" rel=\"noopener sponsored\">https:\/\/de.wikipedia.org\/wiki\/Legionellen<\/a>)<\/span><\/p>\n\t\t<\/div>\n\t\t\t\t\n<style>\n#col-1566046967 > .col-inner {\n  margin: 0px 0px -50px 0px;\n}\n<\/style>\n\t<\/div>\n\n\t\n<\/div>\n\t\t<\/div>\n\t\t\t\t\n<style>\n#col-2012389033 > .col-inner {\n  padding: 25px 25px 25px 25px;\n  margin: 0px 0px -30px 0px;\n}\n<\/style>\n\t<\/div>\n\n\t\n\n<style>\n#row-735495941 > .col > .col-inner {\n  background-color: rgba(0, 0, 0, 0.15);\n  border-radius: 10px;\n}\n<\/style>\n<\/div>\n\t\t<\/div>\n\t\t\t\t\t<\/div>\n\n\t\n<\/div>\n<div class=\"row\"  id=\"row-1925618132\">\n\n\t<div id=\"col-293463669\" class=\"col small-12 large-12\"  >\n\t\t\t\t<div class=\"col-inner\" style=\"background-color:rgb(255,255,255);\" >\n\t\t\t\n\t<div class=\"is-border is-dashed\"\n\t\tstyle=\"border-color:rgba(85, 85, 85, 0.75);border-radius:10px;border-width:2px 2px 2px 2px;\">\n\t<\/div>\n\t\t\t\n<div class=\"row\"  id=\"row-1637628145\">\n\n\t<div id=\"col-136345412\" class=\"col medium-8 small-12 large-8\"  >\n\t\t\t\t<div class=\"col-inner\"  >\n\t\t\t\n\t\t\t\n<h3>Jaki jest zwi\u0105zek mi\u0119dzy osadami wapiennymi, biofilmem i bakteriami Legionella?<\/h3>\n<p>W miejscach, w kt\u00f3rych<strong> osady wapienne powsta\u0142y w wyniku wytr\u0105cania si\u0119 minera\u0142\u00f3w<\/strong> W twardej wodzie i ich przyczepianiu si\u0119 do powierzchni powstaje optymalna po\u017cywka dla bakterii.<\/p>\n<p>G\u0142\u00f3wnymi czynnikami, kt\u00f3re szczeg\u00f3lnie sprzyjaj\u0105 rozwojowi bakterii Legionella s\u0105 temperatura i dost\u0119pno\u015b\u0107 sk\u0142adnik\u00f3w od\u017cywczych. <strong>Legionella najlepiej rozwija si\u0119 w temperaturach od 20 do 45\u00b0C.<\/strong>a gdy woda pozostaje w stagnacji w tym zakresie temperatur, to<strong> bakterie mog\u0105 si\u0119 szybko namna\u017ca\u0107.<\/strong><\/p>\n<p>W po\u0142\u0105czeniu z bogat\u0105 w minera\u0142y natur\u0105 <strong>nowe siedlisko dla bakterii, a mianowicie kamie\u0144,<\/strong> kt\u00f3ry s\u0142u\u017cy jako doskona\u0142e \u017ar\u00f3d\u0142o po\u017cywienia, problem mo\u017ce si\u0119 dalej rozprzestrzenia\u0107.<\/p>\n<p>Gdy bakterie s\u0105 obecne i namna\u017caj\u0105 si\u0119, tworz\u0105 biofilm. W obecno\u015bci kamienia i biofilmu, kt\u00f3re znajduj\u0105 si\u0119 teraz w \u015brodowisku, kt\u00f3re zapewnia im <strong>idealne warunki i wystarczaj\u0105ce od\u017cywianie,<\/strong> Legionella i inne bakterie mog\u0105 si\u0119 namna\u017ca\u0107 i rozwija\u0107.<\/p>\n\t\t<\/div>\n\t\t\t\t\n<style>\n#col-136345412 > .col-inner {\n  margin: 0px 0px -20px 0px;\n}\n<\/style>\n\t<\/div>\n\n\t\n\n\t<div id=\"col-1419124907\" class=\"col medium-4 small-12 large-4\"  >\n\t\t\t\t<div class=\"col-inner\"  >\n\t\t\t\n\t\t\t\n\t<div class=\"img has-hover radius10 x md-x lg-x y md-y lg-y\" id=\"image_1002904993\">\n\t\t\t\t\t\t\t\t<div class=\"img-inner dark\" >\n\t\t\t<img decoding=\"async\" width=\"600\" height=\"600\" src=\"https:\/\/ecoturbino.world\/wp-content\/uploads\/2024\/01\/legionella-wikipedia_600.webp\" class=\"attachment-original size-original\" alt=\"Legionella, wikipedia\" srcset=\"https:\/\/ecoturbino.world\/wp-content\/uploads\/2024\/01\/legionella-wikipedia_600.webp 600w, https:\/\/ecoturbino.world\/wp-content\/uploads\/2024\/01\/legionella-wikipedia_600-500x500.webp 500w, https:\/\/ecoturbino.world\/wp-content\/uploads\/2024\/01\/legionella-wikipedia_600-32x32.webp 32w, https:\/\/ecoturbino.world\/wp-content\/uploads\/2024\/01\/legionella-wikipedia_600-48x48.webp 48w, https:\/\/ecoturbino.world\/wp-content\/uploads\/2024\/01\/legionella-wikipedia_600-80x80.webp 80w, https:\/\/ecoturbino.world\/wp-content\/uploads\/2024\/01\/legionella-wikipedia_600-180x180.webp 180w\" sizes=\"(max-width: 600px) 100vw, 600px\" \/>\t\t\t\t\t\t\n\t\t\t\t\t<\/div>\n\t\t\t\t\t\t\t\t\n<style>\n#image_1002904993 {\n  width: 100%;\n}\n<\/style>\n\t<\/div>\n\t\n\t\t<\/div>\n\t\t\t\t\n<style>\n#col-1419124907 > .col-inner {\n  margin: 5px 0px -20px 0px;\n}\n<\/style>\n\t<\/div>\n\n\t\n<\/div>\n\t\t<\/div>\n\t\t\t\t\n<style>\n#col-293463669 > .col-inner {\n  padding: 15px 20px 10px 30px;\n  margin: 0px 0px -100px 0px;\n  border-radius: 10px;\n}\n@media (min-width:550px) {\n  #col-293463669 > .col-inner {\n    margin: 0px 0px -120px 0px;\n  }\n}\n<\/style>\n\t<\/div>\n\n\t\n<\/div>\n\t\t<\/div>\n\n\t\t\n<style>\n#section_289695935 {\n  padding-top: 30px;\n  padding-bottom: 30px;\n}\n<\/style>\n\t<\/section>\n\t\n\n\t<section class=\"section\" id=\"section_15563647\">\n\t\t<div class=\"section-bg fill\" >\n\t\t\t<img decoding=\"async\" width=\"1920\" height=\"683\" src=\"https:\/\/ecoturbino.world\/wp-content\/uploads\/2025\/12\/ecoturbino-function_1920-1.webp\" class=\"bg attachment- size-\" alt=\"funkcja ecoturbino\" \/>\t\t\t\t\t\t<div class=\"section-bg-overlay absolute fill\"><\/div>\n\t\t\t\n\n\t\t<\/div>\n\n\t\t\t<div class=\"ux-shape-divider ux-shape-divider--top ux-shape-divider--style-waves-opacity\">\n\t\t<svg viewbox=\"0 0 1000 300\" xmlns=\"http:\/\/www.w3.org\/2000\/svg\" preserveaspectratio=\"none\">\n    <path class=\"ux-shape-fill\" d=\"M0 300L-1 69.71C216 57 299.47 198.86 403 226C506 253 577 196 660 197C740 198 790.09 234.07 874 267C935.23 291 982 282.61 1000 277.61V300H0Z\"\/>\n    <path class=\"ux-shape-fill\" opacity=\"0.5\" d=\"M1 265.094L0 50.5C217 37.79 300.47 186.36 404 213.5C507 240.5 578 196.5 661 197.5C741 198.5 787.59 239.57 871.5 272.5C932.73 296.5 980.5 284.5 998.5 279.5V298.5L1 265.094Z\"\/>\n    <path class=\"ux-shape-fill\" opacity=\"0.15\" d=\"M0.999878 244.094L-0.00012207 27C217 14.29 300.47 173.86 404 201C507 228 578 196 661 197C741 198 787.59 243.07 871.5 276C932.73 300 980.5 284.5 998.5 279.5V299L0.999878 244.094Z\"\/>\n<\/svg>\n\n\t<\/div>\n\n\n\t\t<div class=\"section-content relative\">\n\t\t\t\n\t\t<\/div>\n\n\t\t\n<style>\n#section_15563647 {\n  padding-top: 125px;\n  padding-bottom: 125px;\n}\n#section_15563647 .section-bg-overlay {\n  background-color: rgba(0, 0, 0, 0.25);\n}\n#section_15563647 .ux-shape-divider--top svg {\n  height: 80px;\n  --divider-top-width: 100%;\n}\n@media (min-width:550px) {\n  #section_15563647 {\n    padding-top: 220px;\n    padding-bottom: 220px;\n  }\n  #section_15563647 .ux-shape-divider--top svg {\n    height: 124px;\n  }\n}\n<\/style>\n\t<\/section>","protected":false},"excerpt":{"rendered":"","protected":false},"author":2,"featured_media":1841,"parent":0,"menu_order":0,"comment_status":"closed","ping_status":"closed","template":"page-blank.php","meta":{"inline_featured_image":false,"footnotes":""},"class_list":["post-1652","page","type-page","status-publish","has-post-thumbnail","hentry"],"_links":{"self":[{"href":"https:\/\/ecoturbino.world\/pl\/wp-json\/wp\/v2\/pages\/1652","targetHints":{"allow":["GET"]}}],"collection":[{"href":"https:\/\/ecoturbino.world\/pl\/wp-json\/wp\/v2\/pages"}],"about":[{"href":"https:\/\/ecoturbino.world\/pl\/wp-json\/wp\/v2\/types\/page"}],"author":[{"embeddable":true,"href":"https:\/\/ecoturbino.world\/pl\/wp-json\/wp\/v2\/users\/2"}],"replies":[{"embeddable":true,"href":"https:\/\/ecoturbino.world\/pl\/wp-json\/wp\/v2\/comments?post=1652"}],"version-history":[{"count":0,"href":"https:\/\/ecoturbino.world\/pl\/wp-json\/wp\/v2\/pages\/1652\/revisions"}],"wp:featuredmedia":[{"embeddable":true,"href":"https:\/\/ecoturbino.world\/pl\/wp-json\/wp\/v2\/media\/1841"}],"wp:attachment":[{"href":"https:\/\/ecoturbino.world\/pl\/wp-json\/wp\/v2\/media?parent=1652"}],"curies":[{"name":"wp","href":"https:\/\/api.w.org\/{rel}","templated":true}]}}