{"id":1220,"date":"2024-01-01T12:13:14","date_gmt":"2024-01-01T11:13:14","guid":{"rendered":"https:\/\/ecoturbino.eu\/?page_id=1220"},"modified":"2025-12-29T22:45:57","modified_gmt":"2025-12-29T21:45:57","slug":"wplyw-7","status":"publish","type":"page","link":"https:\/\/ecoturbino.world\/pl\/impact-7\/","title":{"rendered":"Turbulent water &#8211; revitalizes water"},"content":{"rendered":"<section class=\"section zindex1\" id=\"section_1314938601\">\n\t\t<div class=\"section-bg fill\" >\n\t\t\t\t\t\t\t\t\t\n\t\t\t\n\n\t\t<\/div>\n\n\t\t\n\n\t\t<div class=\"section-content relative\">\n\t\t\t\n<div class=\"row row-small\"  id=\"row-2120230992\">\n\n\t<div id=\"col-1897224928\" class=\"col medium-9 small-12 large-9\"  >\n\t\t\t\t<div class=\"col-inner\"  >\n\t\t\t\n\t\t\t\n<h1 class=\"uppercase\">Turbulentna woda - energetyzuje wod\u0119<\/h1>\n<h3 class=\"thin-font\">si\u00f3dmy wp\u0142yw systemu ochrony \u015brodowiska oszcz\u0119dzaj\u0105cego wod\u0119 ecoturbino\u00ae<\/h3>\n<div class=\"row\"  id=\"row-973358584\">\n\n\t<div id=\"col-3625984\" class=\"col medium-11 small-12 large-11\"  >\n\t\t\t\t<div class=\"col-inner\"  >\n\t\t\t\n\t\t\t\n\t<div id=\"stack-2145049110\" class=\"stack stack-row justify-start items-start\">\n\t\t\n\t<div class=\"img has-hover x md-x lg-x y md-y lg-y\" id=\"image_1215147459\">\n\t\t<a class=\"\" href=\"\/pl\/wplyw-1\/\" >\t\t\t\t\t\t<div class=\"img-inner image-color dark\" >\n\t\t\t<img decoding=\"async\" width=\"100\" height=\"100\" src=\"https:\/\/ecoturbino.world\/wp-content\/uploads\/2024\/01\/impact1.svg\" class=\"attachment-original size-original\" alt=\"\" \/>\t\t\t\t\t\t\n\t\t\t\t\t<\/div>\n\t\t\t\t\t\t<\/a>\t\t\n<style>\n#image_1215147459 {\n  width: 100%;\n}\n<\/style>\n\t<\/div>\n\t\n\t<div class=\"img has-hover x md-x lg-x y md-y lg-y\" id=\"image_15387803\">\n\t\t<a class=\"\" href=\"\/pl\/wplyw-2\/\" >\t\t\t\t\t\t<div class=\"img-inner image-color dark\" >\n\t\t\t<img decoding=\"async\" width=\"100\" height=\"100\" src=\"https:\/\/ecoturbino.world\/wp-content\/uploads\/2024\/01\/impact2.svg\" class=\"attachment-original size-original\" alt=\"\" \/>\t\t\t\t\t\t\n\t\t\t\t\t<\/div>\n\t\t\t\t\t\t<\/a>\t\t\n<style>\n#image_15387803 {\n  width: 100%;\n}\n<\/style>\n\t<\/div>\n\t\n\t<div class=\"img has-hover x md-x lg-x y md-y lg-y\" id=\"image_653044971\">\n\t\t<a class=\"\" href=\"\/pl\/wplyw-3\/\" >\t\t\t\t\t\t<div class=\"img-inner image-color dark\" >\n\t\t\t<img decoding=\"async\" width=\"100\" height=\"100\" src=\"https:\/\/ecoturbino.world\/wp-content\/uploads\/2024\/01\/impact3.svg\" class=\"attachment-original size-original\" alt=\"Wp\u0142yw 3 ecoturbino\" \/>\t\t\t\t\t\t\n\t\t\t\t\t<\/div>\n\t\t\t\t\t\t<\/a>\t\t\n<style>\n#image_653044971 {\n  width: 100%;\n}\n<\/style>\n\t<\/div>\n\t\n\t<div class=\"img has-hover x md-x lg-x y md-y lg-y\" id=\"image_1318533720\">\n\t\t<a class=\"\" href=\"\/pl\/wplyw-4\/\" >\t\t\t\t\t\t<div class=\"img-inner image-color dark\" >\n\t\t\t<img decoding=\"async\" width=\"100\" height=\"100\" src=\"https:\/\/ecoturbino.world\/wp-content\/uploads\/2024\/01\/impact4.svg\" class=\"attachment-original size-original\" alt=\"Wp\u0142yw 4 ecoturbino\" \/>\t\t\t\t\t\t\n\t\t\t\t\t<\/div>\n\t\t\t\t\t\t<\/a>\t\t\n<style>\n#image_1318533720 {\n  width: 100%;\n}\n<\/style>\n\t<\/div>\n\t\n\t<div class=\"img has-hover x md-x lg-x y md-y lg-y\" id=\"image_1739111841\">\n\t\t<a class=\"\" href=\"\/pl\/wplyw-5\/\" >\t\t\t\t\t\t<div class=\"img-inner image-color dark\" >\n\t\t\t<img decoding=\"async\" width=\"100\" height=\"100\" src=\"https:\/\/ecoturbino.world\/wp-content\/uploads\/2024\/01\/impact5.svg\" class=\"attachment-original size-original\" alt=\"\" \/>\t\t\t\t\t\t\n\t\t\t\t\t<\/div>\n\t\t\t\t\t\t<\/a>\t\t\n<style>\n#image_1739111841 {\n  width: 100%;\n}\n<\/style>\n\t<\/div>\n\t\n\t<div class=\"img has-hover x md-x lg-x y md-y lg-y\" id=\"image_63158317\">\n\t\t<a class=\"\" href=\"\/pl\/wplyw-6\/\" >\t\t\t\t\t\t<div class=\"img-inner image-color dark\" >\n\t\t\t<img decoding=\"async\" width=\"100\" height=\"100\" src=\"https:\/\/ecoturbino.world\/wp-content\/uploads\/2024\/01\/impact6.svg\" class=\"attachment-original size-original\" alt=\"Wp\u0142yw 6 ecoturbino\" \/>\t\t\t\t\t\t\n\t\t\t\t\t<\/div>\n\t\t\t\t\t\t<\/a>\t\t\n<style>\n#image_63158317 {\n  width: 100%;\n}\n<\/style>\n\t<\/div>\n\t\n\t<div class=\"img has-hover x md-x lg-x y md-y lg-y\" id=\"image_541458560\">\n\t\t\t\t\t\t\t\t<div class=\"img-inner dark\" >\n\t\t\t<img decoding=\"async\" width=\"100\" height=\"100\" src=\"https:\/\/ecoturbino.world\/wp-content\/uploads\/2024\/01\/impact7.svg\" class=\"attachment-original size-original\" alt=\"Wp\u0142yw 7 ecoturbino\" \/>\t\t\t\t\t\t\n\t\t\t\t\t<\/div>\n\t\t\t\t\t\t\t\t\n<style>\n#image_541458560 {\n  width: 100%;\n}\n<\/style>\n\t<\/div>\n\t\n\t\t\n<style>\n#stack-2145049110 > * {\n  --stack-gap: 0.5rem;\n}\n@media (min-width:550px) {\n  #stack-2145049110 > * {\n    --stack-gap: 1rem;\n  }\n}\n<\/style>\n\t<\/div>\n\t\n\t\t<\/div>\n\t\t\t\t\t<\/div>\n\n\t\n<\/div>\n\t\t<\/div>\n\t\t\t\t\t<\/div>\n\n\t\n\n\t<div id=\"col-1357811797\" class=\"col medium-3 small-12 large-3\"  >\n\t\t\t\t<div class=\"col-inner\"  >\n\t\t\t\n\t\t\t\n\t<div class=\"img has-hover x md-x lg-x y md-y lg-y\" id=\"image_1642059610\">\n\t\t\t\t\t\t\t\t<div class=\"img-inner dark\" >\n\t\t\t<img decoding=\"async\" width=\"100\" height=\"100\" src=\"https:\/\/ecoturbino.world\/wp-content\/uploads\/2024\/01\/impact7.svg\" class=\"attachment-original size-original\" alt=\"Wp\u0142yw 7 ecoturbino\" \/>\t\t\t\t\t\t\n\t\t\t\t\t<\/div>\n\t\t\t\t\t\t\t\t\n<style>\n#image_1642059610 {\n  width: 100%;\n}\n<\/style>\n\t<\/div>\n\t\n\t\t<\/div>\n\t\t\t\t\t<\/div>\n\n\t\n<\/div>\n<div class=\"row\"  id=\"row-1425398053\">\n\n\t<div id=\"col-1512878657\" class=\"col small-12 large-12\"  >\n\t\t\t\t<div class=\"col-inner\"  >\n\t\t\t\n\t\t\t\n<div class=\"is-divider divider clearfix\" style=\"max-width:100%;height:1px;\"><\/div>\n<h2><span style=\"font-size: 120%;\">Turbulentna woda pod prysznicem dzi\u0119ki ecoturbino | Jak powietrze o\u017cywia strumie\u0144 wody<\/span><\/h2>\n<p>The <strong>Poranny prysznic to kluczowy moment<\/strong> dla wielu os\u00f3b<strong> rozpocz\u0105\u0107 dzie\u0144 z poczuciem \u015bwie\u017co\u015bci i energii<\/strong>. Orze\u017awiaj\u0105cy strumie\u0144 wody mo\u017ce zdzia\u0142a\u0107 cuda i pobudzi\u0107 zmys\u0142y.<\/p>\n<p>ecoturbino idzie o krok dalej, aby poprawi\u0107 doznania pod prysznicem poprzez<strong> generowanie <a href=\"https:\/\/en.wikipedia.org\/wiki\/Turbulence\" target=\"_blank\" rel=\"noopener sponsored\">burzliwy<\/a> woda.<\/strong> Ale jak to w\u0142a\u015bciwie dzia\u0142a? Odpowied\u017a le\u017cy w sprytnym <strong>wprowadzenie powietrza do strumienia wody<\/strong>Dzi\u0119ki temu prysznic jest rewitalizuj\u0105cy i wydajny.<\/p>\n<h3>Rola powietrza pod prysznicem<\/h3>\n<p>Powietrze odgrywa kluczow\u0105 rol\u0119 w zwi\u0119kszaniu dozna\u0144 pod prysznicem. Po wprowadzeniu do strumienia wody <strong>tworzy ma\u0142e p\u0119cherzyki powietrza, kt\u00f3re mieszaj\u0105 wod\u0119, zapewniaj\u0105c wi\u0119ksz\u0105 obj\u0119to\u015b\u0107 i struktur\u0119.<\/strong> Prowadzi to do turbulentnego strumienia wody, kt\u00f3ry oferuje<strong> wy\u017csz\u0105 wydajno\u015b\u0107 i przyjemniejsze doznania pod prysznicem.<\/strong><\/p>\n<h3>Innowacyjna technologia ecoturbino<\/h3>\n<p>ecoturbino wykorzystuje to <strong>technologia powietrzna w celu poprawy strumienia wody.<\/strong> Technologia ta opiera si\u0119 na specjalnym zw\u0119\u017ceniu przekroju poprzecznego. <strong>przyspiesza przep\u0142yw wody<\/strong> jednocze\u015bnie zasysaj\u0105c powietrze. Powietrze to jest nast\u0119pnie mieszane z wod\u0105, tworz\u0105c dynamiczny i orze\u017awiaj\u0105cy strumie\u0144.<\/p>\n\t<div id=\"gap-1787535454\" class=\"gap-element clearfix\" style=\"display:block; height:auto;\">\n\t\t\n<style>\n#gap-1787535454 {\n  padding-top: 30px;\n}\n<\/style>\n\t<\/div>\n\t\n<div class=\"row\"  id=\"row-719645421\">\n\n\t<div id=\"col-1330983907\" class=\"col medium-4 small-12 large-4\"  >\n\t\t\t\t<div class=\"col-inner\"  >\n\t\t\t\n\t\t\t\n\t<div class=\"img has-hover radius10 x md-x lg-x y md-y lg-y\" id=\"image_311467499\">\n\t\t\t\t\t\t\t\t<div class=\"img-inner dark\" >\n\t\t\t<img decoding=\"async\" width=\"600\" height=\"600\" src=\"https:\/\/ecoturbino.world\/wp-content\/uploads\/2024\/01\/air-water_600.webp\" class=\"attachment-original size-original\" alt=\"Symbol powietrza i wody\" srcset=\"https:\/\/ecoturbino.world\/wp-content\/uploads\/2024\/01\/air-water_600.webp 600w, https:\/\/ecoturbino.world\/wp-content\/uploads\/2024\/01\/air-water_600-500x500.webp 500w, https:\/\/ecoturbino.world\/wp-content\/uploads\/2024\/01\/air-water_600-32x32.webp 32w, https:\/\/ecoturbino.world\/wp-content\/uploads\/2024\/01\/air-water_600-48x48.webp 48w, https:\/\/ecoturbino.world\/wp-content\/uploads\/2024\/01\/air-water_600-80x80.webp 80w, https:\/\/ecoturbino.world\/wp-content\/uploads\/2024\/01\/air-water_600-180x180.webp 180w\" sizes=\"(max-width: 600px) 100vw, 600px\" \/>\t\t\t\t\t\t\n\t\t\t\t\t<\/div>\n\t\t\t\t\t\t\t\t\n<style>\n#image_311467499 {\n  width: 100%;\n}\n<\/style>\n\t<\/div>\n\t\n\t\t<\/div>\n\t\t\t\t\t<\/div>\n\n\t\n\n\t<div id=\"col-1615566780\" class=\"col medium-8 small-12 large-8\"  >\n\t\t\t\t<div class=\"col-inner\"  >\n\t\t\t\n\t\t\t\n<h3>Zalety turbulentnej wody pod prysznicem<\/h3>\n<ul>\n<li><strong>Bardziej wydajne oczyszczanie:<\/strong> Turbulentny strumie\u0144 wody mo\u017ce skutecznie usuwa\u0107 brud i myd\u0142o ze sk\u00f3ry i w\u0142os\u00f3w, co skutkuje dok\u0142adniejszym oczyszczeniem i lepszymi doznaniami pod prysznicem.<\/li>\n<li><strong>Oszcz\u0119dno\u015b\u0107 wody:<\/strong> Dodaj\u0105c powietrze, ecoturbino mo\u017ce zwi\u0119kszy\u0107 ci\u015bnienie wody bez zwi\u0119kszania jej zu\u017cycia. Pozwala to na komfortowy prysznic przy zmniejszonym zu\u017cyciu wody.<\/li>\n<li><strong>Oszcz\u0119dno\u015b\u0107 energii:<\/strong> Poniewa\u017c do zapewnienia ciep\u0142ej wody pod prysznicem potrzeba mniej podgrzanej wody, ecoturbino prowadzi r\u00f3wnie\u017c do oszcz\u0119dno\u015bci energii i ni\u017cszych koszt\u00f3w energii.<\/li>\n<li><strong>Zwi\u0119kszony komfort pod prysznicem:<\/strong> Bardziej turbulentny strumie\u0144 wody z ecoturbino jest silniejszy i przyjemniejszy, co poprawia komfort k\u0105pieli.<\/li>\n<li><strong><a href=\"https:\/\/ecoturbino.world\/pl\/wplyw-5\/\">Ekologicznie<\/a> przyjazny:<\/strong> Mniejsze zu\u017cycie wody i energii oznacza mniejsze obci\u0105\u017cenie dla \u015brodowiska i mniejsz\u0105 emisj\u0119 CO2.<\/li>\n<\/ul>\n\t\t<\/div>\n\t\t\t\t\t<\/div>\n\n\t\n<\/div>\n\t<div id=\"gap-471224044\" class=\"gap-element clearfix\" style=\"display:block; height:auto;\">\n\t\t\n<style>\n#gap-471224044 {\n  padding-top: 30px;\n}\n<\/style>\n\t<\/div>\n\t\n<div class=\"row\"  id=\"row-838342151\">\n\n\t<div id=\"col-358720983\" class=\"col medium-6 small-12 large-6\"  >\n\t\t\t\t<div class=\"col-inner\"  >\n\t\t\t\n\t\t\t\n<h3>Instalacja ecoturbino<\/h3>\n<p>Instalacja ecoturbino nie mo\u017ce by\u0107 prostsza. Zazwyczaj jest on dostarczany ze standardowym gwintem \u00bd cala, kt\u00f3ry jest obecny w wi\u0119kszo\u015bci prysznic\u00f3w.<\/p>\n<p>Pozwala to na <strong>szybka i nieskomplikowana instalacja bez konieczno\u015bci u\u017cycia specjalnych narz\u0119dzi<\/strong> ani specjalistycznej wiedzy. W ci\u0105gu zaledwie kilku minut ka\u017cdy mo\u017ce cieszy\u0107 si\u0119 korzy\u015bciami p\u0142yn\u0105cymi z turbulentnego strumienia wody.<\/p>\n\t\t<\/div>\n\t\t\t\t\t<\/div>\n\n\t\n\n\t<div id=\"col-1607432820\" class=\"col medium-6 small-12 large-6\"  >\n\t\t\t\t<div class=\"col-inner\" style=\"background-color:#c0d63d;\" >\n\t\t\t\n\t\t\t\n\t<div id=\"text-3135773705\" class=\"text\">\n\t\t\n<h4 class=\"uppercase\">WNIOSKI<\/h4>\n\t\t\n<style>\n#text-3135773705 {\n  font-size: 2rem;\n  text-align: right;\n  color: rgb(255,255,255);\n}\n#text-3135773705 > * {\n  color: rgb(255,255,255);\n}\n@media (min-width:550px) {\n  #text-3135773705 {\n    font-size: 3.5rem;\n  }\n}\n<\/style>\n\t<\/div>\n\t\n<h3>Orze\u017awiaj\u0105cy prysznic dzi\u0119ki ecoturbino<\/h3>\n<blockquote>\n<p>ecoturbino zapewnia innowacyjne rozwi\u0105zanie do generowania turbulencji wody pod prysznicem i czerpania korzy\u015bci z orze\u017awiaj\u0105cego strumienia wody.<\/p>\n<\/blockquote>\n<p>Wprowadzenie powietrza do strumienia wody umo\u017cliwia <strong>wydajniejszy prysznic, oszcz\u0119dno\u015b\u0107 wody i energii,<\/strong> oraz <strong>zwi\u0119kszaj\u0105 komfort k\u0105pieli<\/strong>t.<\/p>\n<p>Dzi\u0119ki \u0142atwej instalacji ka\u017cdy mo\u017ce skorzysta\u0107 z zalet ecoturbino i podnie\u015b\u0107 swoje poranne doznania pod prysznicem na nowy poziom.<\/p>\n\t\t<\/div>\n\t\t\t\t\n<style>\n#col-1607432820 > .col-inner {\n  padding: 10px 20px 1px 25px;\n  border-radius: 10px;\n}\n<\/style>\n\t<\/div>\n\n\t\n<\/div>\n\t\t<\/div>\n\t\t\t\t\n<style>\n#col-1512878657 > .col-inner {\n  margin: 0px 0px -125px 0px;\n}\n@media (min-width:550px) {\n  #col-1512878657 > .col-inner {\n    margin: 0px 0px -200px 0px;\n  }\n}\n<\/style>\n\t<\/div>\n\n\t\n<\/div>\n\t\t<\/div>\n\n\t\t\n<style>\n#section_1314938601 {\n  padding-top: 30px;\n  padding-bottom: 30px;\n}\n<\/style>\n\t<\/section>\n\t\n\n\t<section class=\"section\" id=\"section_403653658\">\n\t\t<div class=\"section-bg fill\" >\n\t\t\t<img decoding=\"async\" width=\"1920\" height=\"683\" src=\"https:\/\/ecoturbino.world\/wp-content\/uploads\/2025\/12\/ecoturbino-function_1920-1.webp\" class=\"bg attachment- size-\" alt=\"funkcja ecoturbino\" \/>\t\t\t\t\t\t<div class=\"section-bg-overlay absolute fill\"><\/div>\n\t\t\t\n\n\t\t<\/div>\n\n\t\t\t<div class=\"ux-shape-divider ux-shape-divider--top ux-shape-divider--style-waves-opacity\">\n\t\t<svg viewbox=\"0 0 1000 300\" xmlns=\"http:\/\/www.w3.org\/2000\/svg\" preserveaspectratio=\"none\">\n    <path class=\"ux-shape-fill\" d=\"M0 300L-1 69.71C216 57 299.47 198.86 403 226C506 253 577 196 660 197C740 198 790.09 234.07 874 267C935.23 291 982 282.61 1000 277.61V300H0Z\"\/>\n    <path class=\"ux-shape-fill\" opacity=\"0.5\" d=\"M1 265.094L0 50.5C217 37.79 300.47 186.36 404 213.5C507 240.5 578 196.5 661 197.5C741 198.5 787.59 239.57 871.5 272.5C932.73 296.5 980.5 284.5 998.5 279.5V298.5L1 265.094Z\"\/>\n    <path class=\"ux-shape-fill\" opacity=\"0.15\" d=\"M0.999878 244.094L-0.00012207 27C217 14.29 300.47 173.86 404 201C507 228 578 196 661 197C741 198 787.59 243.07 871.5 276C932.73 300 980.5 284.5 998.5 279.5V299L0.999878 244.094Z\"\/>\n<\/svg>\n\n\t<\/div>\n\n\n\t\t<div class=\"section-content relative\">\n\t\t\t\n\t\t<\/div>\n\n\t\t\n<style>\n#section_403653658 {\n  padding-top: 125px;\n  padding-bottom: 125px;\n}\n#section_403653658 .section-bg-overlay {\n  background-color: rgba(0, 0, 0, 0.25);\n}\n#section_403653658 .ux-shape-divider--top svg {\n  height: 80px;\n  --divider-top-width: 100%;\n}\n@media (min-width:550px) {\n  #section_403653658 {\n    padding-top: 300px;\n    padding-bottom: 300px;\n  }\n  #section_403653658 .ux-shape-divider--top svg {\n    height: 124px;\n  }\n}\n<\/style>\n\t<\/section>","protected":false},"excerpt":{"rendered":"","protected":false},"author":2,"featured_media":1698,"parent":0,"menu_order":0,"comment_status":"closed","ping_status":"closed","template":"page-blank.php","meta":{"inline_featured_image":false,"footnotes":""},"class_list":["post-1220","page","type-page","status-publish","has-post-thumbnail","hentry"],"_links":{"self":[{"href":"https:\/\/ecoturbino.world\/pl\/wp-json\/wp\/v2\/pages\/1220","targetHints":{"allow":["GET"]}}],"collection":[{"href":"https:\/\/ecoturbino.world\/pl\/wp-json\/wp\/v2\/pages"}],"about":[{"href":"https:\/\/ecoturbino.world\/pl\/wp-json\/wp\/v2\/types\/page"}],"author":[{"embeddable":true,"href":"https:\/\/ecoturbino.world\/pl\/wp-json\/wp\/v2\/users\/2"}],"replies":[{"embeddable":true,"href":"https:\/\/ecoturbino.world\/pl\/wp-json\/wp\/v2\/comments?post=1220"}],"version-history":[{"count":0,"href":"https:\/\/ecoturbino.world\/pl\/wp-json\/wp\/v2\/pages\/1220\/revisions"}],"wp:featuredmedia":[{"embeddable":true,"href":"https:\/\/ecoturbino.world\/pl\/wp-json\/wp\/v2\/media\/1698"}],"wp:attachment":[{"href":"https:\/\/ecoturbino.world\/pl\/wp-json\/wp\/v2\/media?parent=1220"}],"curies":[{"name":"wp","href":"https:\/\/api.w.org\/{rel}","templated":true}]}}