{"id":1215,"date":"2024-01-01T12:07:15","date_gmt":"2024-01-01T11:07:15","guid":{"rendered":"https:\/\/ecoturbino.eu\/?page_id=1215"},"modified":"2025-12-29T22:45:35","modified_gmt":"2025-12-29T21:45:35","slug":"wplyw-6","status":"publish","type":"page","link":"https:\/\/ecoturbino.world\/pl\/impact-6\/","title":{"rendered":"Absolutnie bezobs\u0142ugowy i mo\u017cliwo\u015b\u0107 modernizacji we wszystkich prysznicach \u2013 mo\u017ce by\u0107 zainstalowany przez ka\u017cdego"},"content":{"rendered":"<section class=\"section zindex1\" id=\"section_1141130574\">\n\t\t<div class=\"section-bg fill\" >\n\t\t\t\t\t\t\t\t\t\n\t\t\t\n\n\t\t<\/div>\n\n\t\t\n\n\t\t<div class=\"section-content relative\">\n\t\t\t\n<div class=\"row row-small\"  id=\"row-1413643133\">\n\n\t<div id=\"col-1084856231\" class=\"col medium-9 small-12 large-9\"  >\n\t\t\t\t<div class=\"col-inner\"  >\n\t\t\t\n\t\t\t\n<h2 class=\"uppercase\">Ca\u0142kowicie bezobs\u0142ugowe i do modernizacji we wszystkich kabinach prysznicowych - instalowane przez ka\u017cdego<\/h2>\n<h3 class=\"thin-font\">sz\u00f3sty wp\u0142yw systemu ecoturbino\u00ae oszcz\u0119dzaj\u0105cego wod\u0119 i chroni\u0105cego \u015brodowisko<\/h3>\n<div class=\"row\"  id=\"row-310220648\">\n\n\t<div id=\"col-1338626709\" class=\"col medium-11 small-12 large-11\"  >\n\t\t\t\t<div class=\"col-inner\"  >\n\t\t\t\n\t\t\t\n\t<div id=\"stack-2458462574\" class=\"stack stack-row justify-start items-start\">\n\t\t\n\t<div class=\"img has-hover x md-x lg-x y md-y lg-y\" id=\"image_1013678289\">\n\t\t<a class=\"\" href=\"\/pl\/wplyw-1\/\" >\t\t\t\t\t\t<div class=\"img-inner image-color dark\" >\n\t\t\t<img decoding=\"async\" width=\"100\" height=\"100\" src=\"https:\/\/ecoturbino.world\/wp-content\/uploads\/2024\/01\/impact1.svg\" class=\"attachment-original size-original\" alt=\"\" \/>\t\t\t\t\t\t\n\t\t\t\t\t<\/div>\n\t\t\t\t\t\t<\/a>\t\t\n<style>\n#image_1013678289 {\n  width: 100%;\n}\n<\/style>\n\t<\/div>\n\t\n\t<div class=\"img has-hover x md-x lg-x y md-y lg-y\" id=\"image_383020564\">\n\t\t<a class=\"\" href=\"\/pl\/wplyw-2\/\" >\t\t\t\t\t\t<div class=\"img-inner image-color dark\" >\n\t\t\t<img decoding=\"async\" width=\"100\" height=\"100\" src=\"https:\/\/ecoturbino.world\/wp-content\/uploads\/2024\/01\/impact2.svg\" class=\"attachment-original size-original\" alt=\"\" \/>\t\t\t\t\t\t\n\t\t\t\t\t<\/div>\n\t\t\t\t\t\t<\/a>\t\t\n<style>\n#image_383020564 {\n  width: 100%;\n}\n<\/style>\n\t<\/div>\n\t\n\t<div class=\"img has-hover x md-x lg-x y md-y lg-y\" id=\"image_360031612\">\n\t\t<a class=\"\" href=\"\/pl\/wplyw-3\/\" >\t\t\t\t\t\t<div class=\"img-inner image-color dark\" >\n\t\t\t<img decoding=\"async\" width=\"100\" height=\"100\" src=\"https:\/\/ecoturbino.world\/wp-content\/uploads\/2024\/01\/impact3.svg\" class=\"attachment-original size-original\" alt=\"Wp\u0142yw 3 ecoturbino\" \/>\t\t\t\t\t\t\n\t\t\t\t\t<\/div>\n\t\t\t\t\t\t<\/a>\t\t\n<style>\n#image_360031612 {\n  width: 100%;\n}\n<\/style>\n\t<\/div>\n\t\n\t<div class=\"img has-hover x md-x lg-x y md-y lg-y\" id=\"image_1168514376\">\n\t\t<a class=\"\" href=\"\/pl\/wplyw-4\/\" >\t\t\t\t\t\t<div class=\"img-inner image-color dark\" >\n\t\t\t<img decoding=\"async\" width=\"100\" height=\"100\" src=\"https:\/\/ecoturbino.world\/wp-content\/uploads\/2024\/01\/impact4.svg\" class=\"attachment-original size-original\" alt=\"Wp\u0142yw 4 ecoturbino\" \/>\t\t\t\t\t\t\n\t\t\t\t\t<\/div>\n\t\t\t\t\t\t<\/a>\t\t\n<style>\n#image_1168514376 {\n  width: 100%;\n}\n<\/style>\n\t<\/div>\n\t\n\t<div class=\"img has-hover x md-x lg-x y md-y lg-y\" id=\"image_1650535202\">\n\t\t<a class=\"\" href=\"\/pl\/wplyw-5\/\" >\t\t\t\t\t\t<div class=\"img-inner image-color dark\" >\n\t\t\t<img decoding=\"async\" width=\"100\" height=\"100\" src=\"https:\/\/ecoturbino.world\/wp-content\/uploads\/2024\/01\/impact5.svg\" class=\"attachment-original size-original\" alt=\"\" \/>\t\t\t\t\t\t\n\t\t\t\t\t<\/div>\n\t\t\t\t\t\t<\/a>\t\t\n<style>\n#image_1650535202 {\n  width: 100%;\n}\n<\/style>\n\t<\/div>\n\t\n\t<div class=\"img has-hover x md-x lg-x y md-y lg-y\" id=\"image_649032964\">\n\t\t\t\t\t\t\t\t<div class=\"img-inner dark\" >\n\t\t\t<img decoding=\"async\" width=\"100\" height=\"100\" src=\"https:\/\/ecoturbino.world\/wp-content\/uploads\/2024\/01\/impact6.svg\" class=\"attachment-original size-original\" alt=\"Wp\u0142yw 6 ecoturbino\" \/>\t\t\t\t\t\t\n\t\t\t\t\t<\/div>\n\t\t\t\t\t\t\t\t\n<style>\n#image_649032964 {\n  width: 100%;\n}\n<\/style>\n\t<\/div>\n\t\n\t<div class=\"img has-hover x md-x lg-x y md-y lg-y\" id=\"image_1050544279\">\n\t\t<a class=\"\" href=\"\/pl\/wplyw-7\/\" >\t\t\t\t\t\t<div class=\"img-inner image-color dark\" >\n\t\t\t<img decoding=\"async\" width=\"100\" height=\"100\" src=\"https:\/\/ecoturbino.world\/wp-content\/uploads\/2024\/01\/impact7.svg\" class=\"attachment-original size-original\" alt=\"Wp\u0142yw 7 ecoturbino\" \/>\t\t\t\t\t\t\n\t\t\t\t\t<\/div>\n\t\t\t\t\t\t<\/a>\t\t\n<style>\n#image_1050544279 {\n  width: 100%;\n}\n<\/style>\n\t<\/div>\n\t\n\t\t\n<style>\n#stack-2458462574 > * {\n  --stack-gap: 0.5rem;\n}\n@media (min-width:550px) {\n  #stack-2458462574 > * {\n    --stack-gap: 1rem;\n  }\n}\n<\/style>\n\t<\/div>\n\t\n\t\t<\/div>\n\t\t\t\t\t<\/div>\n\n\t\n<\/div>\n\t\t<\/div>\n\t\t\t\t\t<\/div>\n\n\t\n\n\t<div id=\"col-472919850\" class=\"col medium-3 small-12 large-3\"  >\n\t\t\t\t<div class=\"col-inner\"  >\n\t\t\t\n\t\t\t\n\t<div class=\"img has-hover x md-x lg-x y md-y lg-y\" id=\"image_668494582\">\n\t\t\t\t\t\t\t\t<div class=\"img-inner dark\" >\n\t\t\t<img decoding=\"async\" width=\"100\" height=\"100\" src=\"https:\/\/ecoturbino.world\/wp-content\/uploads\/2024\/01\/impact6.svg\" class=\"attachment-original size-original\" alt=\"Wp\u0142yw 6 ecoturbino\" \/>\t\t\t\t\t\t\n\t\t\t\t\t<\/div>\n\t\t\t\t\t\t\t\t\n<style>\n#image_668494582 {\n  width: 100%;\n}\n<\/style>\n\t<\/div>\n\t\n\t\t<\/div>\n\t\t\t\t\t<\/div>\n\n\t\n<\/div>\n<div class=\"row\"  id=\"row-2032684547\">\n\n\t<div id=\"col-1748489095\" class=\"col small-12 large-12\"  >\n\t\t\t\t<div class=\"col-inner\"  >\n\t\t\t\n\t\t\t\n<div class=\"is-divider divider clearfix\" style=\"max-width:100%;height:1px;\"><\/div>\n<h3><span style=\"font-size: 120%;\">\u0141atwe oszcz\u0119dzanie energii | <a href=\"https:\/\/en.ecoturbino.shop\/details\/\" target=\"_blank\" rel=\"noopener\">ecoturbino<\/a> - \u0141atwy w instalacji i odpowiedni dla ka\u017cdego<\/span><\/h3>\n<p>W czasach, gdy <strong>Oszcz\u0119dzanie energii i ochrona \u015brodowiska staj\u0105 si\u0119 coraz wa\u017cniejsze,<\/strong> Wiele os\u00f3b szuka sposob\u00f3w na <strong>zmniejszy\u0107 zu\u017cycie energii<\/strong> oraz <strong>zmniejszy\u0107 sw\u00f3j \u015blad ekologiczny.<\/strong><\/p>\n<p>Jednak cz\u0119sto napotykaj\u0105 na problem, \u017ce wielu <strong>Produkty energooszcz\u0119dne s\u0105 skomplikowane<\/strong> i wymagaj\u0105 profesjonalnej instalacji. Ale nie musi tak by\u0107. Z ecoturbino oszcz\u0119dzanie energii staje si\u0119 dziecinnie proste.<\/p>\n<p>To <strong>Innowacyjny austriacki produkt<\/strong> mo\u017ce by\u0107 <strong>instalowane przez kogokolwiek bez uprzedniej wiedzy<\/strong> Nie wymaga specjalistycznej wiedzy i pasuje do ka\u017cdego prysznica. Jest gotowy do u\u017cycia w zaledwie trzy minuty i nie wymaga \u017cadnych narz\u0119dzi ani skomplikowanej instalacji.<\/p>\n<h3>Dlaczego instalacja ecoturbino jest tak \u0142atwa?<\/h3>\n<p>Ecoturbino zosta\u0142o zaprojektowane, aby<strong> instalacja tak prosta, jak to tylko mo\u017cliwe<\/strong>. Nie wymaga skomplikowanych narz\u0119dzi ani specjalistycznej wiedzy. Powodem tego jest standardowy gwint \u00bd cala, kt\u00f3ry jest obecny w wi\u0119kszo\u015bci po\u0142\u0105cze\u0144 hydraulicznych przy mieszaczu ciep\u0142ej wody pod prysznicem.<\/p>\n<p>Ten standardowy gwint pozwala na \u0142atwe i bezpieczne mocowanie ecoturbino bez konieczno\u015bci dodatkowych regulacji lub modyfikacji.<\/p>\n\t<div id=\"gap-1206294995\" class=\"gap-element clearfix\" style=\"display:block; height:auto;\">\n\t\t\n<style>\n#gap-1206294995 {\n  padding-top: 30px;\n}\n<\/style>\n\t<\/div>\n\t\n<div class=\"row\"  id=\"row-2048911743\">\n\n\t<div id=\"col-588760677\" class=\"col medium-4 small-12 large-4\"  >\n\t\t\t\t<div class=\"col-inner\"  >\n\t\t\t\n\t\t\t\n\t<div class=\"img has-hover radius10 x md-x lg-x y md-y lg-y\" id=\"image_705820030\">\n\t\t\t\t\t\t\t\t<div class=\"img-inner dark\" >\n\t\t\t<img decoding=\"async\" width=\"600\" height=\"600\" src=\"https:\/\/ecoturbino.world\/wp-content\/uploads\/2024\/01\/tools-shower_600.webp\" class=\"attachment-original size-original\" alt=\"Symbol narz\u0119dzi prysznicowych\" srcset=\"https:\/\/ecoturbino.world\/wp-content\/uploads\/2024\/01\/tools-shower_600.webp 600w, https:\/\/ecoturbino.world\/wp-content\/uploads\/2024\/01\/tools-shower_600-500x500.webp 500w, https:\/\/ecoturbino.world\/wp-content\/uploads\/2024\/01\/tools-shower_600-32x32.webp 32w, https:\/\/ecoturbino.world\/wp-content\/uploads\/2024\/01\/tools-shower_600-48x48.webp 48w, https:\/\/ecoturbino.world\/wp-content\/uploads\/2024\/01\/tools-shower_600-80x80.webp 80w, https:\/\/ecoturbino.world\/wp-content\/uploads\/2024\/01\/tools-shower_600-180x180.webp 180w\" sizes=\"(max-width: 600px) 100vw, 600px\" \/>\t\t\t\t\t\t\n\t\t\t\t\t<\/div>\n\t\t\t\t\t\t\t\t\n<style>\n#image_705820030 {\n  width: 100%;\n}\n<\/style>\n\t<\/div>\n\t\n\t\t<\/div>\n\t\t\t\t\t<\/div>\n\n\t\n\n\t<div id=\"col-455285002\" class=\"col medium-8 small-12 large-8\"  >\n\t\t\t\t<div class=\"col-inner\"  >\n\t\t\t\n\t\t\t\n<h3>Prosty proces instalacji ecoturbino<\/h3>\n<p>Instalacja ecoturbino nie mo\u017ce by\u0107 prostsza. Oto szczeg\u00f3\u0142owe kroki:<\/p>\n<ol>\n<li><strong>Przygotowanie:<\/strong> Upewnij si\u0119, \u017ce w\u0105\u017c prysznicowy ma <strong>Standardowy gwint \u00bd cala<\/strong> (co jest \u015bwiatowym standardem). Tak jest w przypadku wi\u0119kszo\u015bci prysznic\u00f3w.<\/li>\n<li><strong>Zdejmij w\u0105\u017c prysznicowy:<\/strong> Odkr\u0119\u0107 go, obracaj\u0105c w kierunku zgodnym z ruchem wskaz\u00f3wek zegara.<\/li>\n<li><strong>Do\u0142\u0105cz ecoturbino:<\/strong> Wystarczy przykr\u0119ci\u0107 ecoturbino do standardowego gwintu \u00bd cala na mikserze, obracaj\u0105c go zgodnie z ruchem wskaz\u00f3wek zegara, a\u017c zostanie bezpiecznie zamocowany.<\/li>\n<li>Teraz pod\u0142\u0105cz w\u0105\u017c wodny do ecoturbino - gotowe! Twoje ecoturbino jest teraz gotowe do u\u017cycia. Nie s\u0105 wymagane \u017cadne dalsze kroki.<\/li>\n<\/ol>\n\t\t<\/div>\n\t\t\t\t\t<\/div>\n\n\t\n<\/div>\n\t<div id=\"gap-616216658\" class=\"gap-element clearfix\" style=\"display:block; height:auto;\">\n\t\t\n<style>\n#gap-616216658 {\n  padding-top: 30px;\n}\n<\/style>\n\t<\/div>\n\t\n<div class=\"row\"  id=\"row-949346112\">\n\n\t<div id=\"col-1041782070\" class=\"col medium-6 small-12 large-6\"  >\n\t\t\t\t<div class=\"col-inner\"  >\n\t\t\t\n\t\t\t\n<h3>Nie jest wymagana wcze\u015bniejsza wiedza ani do\u015bwiadczenie<\/h3>\n<p>Najlepsz\u0105 rzecz\u0105 w ecoturbino jest to, \u017ce jest to <strong>Odpowiedni dla ka\u017cdego<\/strong>. Nie potrzebujesz \u017cadnej wcze\u015bniejszej wiedzy ani do\u015bwiadczenia w instalacjach hydraulicznych. Standardowy gwint i \u0142atwe mocowanie sprawiaj\u0105, \u017ce instalacja jest dziecinnie prosta.<\/p>\n<blockquote>\n<p>To \u015bwietny spos\u00f3b na oszcz\u0119dzanie energii i wody bez konieczno\u015bci martwienia si\u0119 o z\u0142o\u017cono\u015b\u0107 instalacji.<\/p>\n<\/blockquote>\n\t\t<\/div>\n\t\t\t\t\t<\/div>\n\n\t\n\n\t<div id=\"col-47382578\" class=\"col medium-6 small-12 large-6\"  >\n\t\t\t\t<div class=\"col-inner\" style=\"background-color:#c0d63d;\" >\n\t\t\t\n\t\t\t\n\t<div id=\"text-3348561568\" class=\"text\">\n\t\t\n<h4 class=\"uppercase\">WNIOSKI<\/h4>\n\t\t\n<style>\n#text-3348561568 {\n  font-size: 2rem;\n  text-align: right;\n  color: rgb(255,255,255);\n}\n#text-3348561568 > * {\n  color: rgb(255,255,255);\n}\n@media (min-width:550px) {\n  #text-3348561568 {\n    font-size: 3.5rem;\n  }\n}\n<\/style>\n\t<\/div>\n\t\n<h3>Ogromne korzy\u015bci p\u0142yn\u0105ce z ecoturbino<\/h3>\n<p>Ecoturbino oferuje nie tylko \u0142atw\u0105 instalacj\u0119, ale tak\u017ce szereg korzy\u015bci, takich jak <strong>sprawiaj\u0105, \u017ce jest to op\u0142acalna inwestycja<\/strong>:<\/p>\n<ul>\n<li><strong><a href=\"https:\/\/ecoturbino.world\/pl\/ue-rzadzi-slodka-woda\/\">Oszcz\u0119dno\u015b\u0107 wody<\/a>:<\/strong> Ecoturbino zmniejsza zu\u017cycie wody podczas prysznica o 40 procent. Pozwala to nie tylko oszcz\u0119dza\u0107 wod\u0119, ale tak\u017ce obni\u017cy\u0107 koszty jej produkcji i utylizacji.<\/li>\n<li><strong>Oszcz\u0119dno\u015b\u0107 energii:<\/strong> Poniewa\u017c do zapewnienia ciep\u0142ej wody pod prysznicem trzeba podgrza\u0107 mniej wody, ecoturbino prowadzi r\u00f3wnie\u017c do znacznych oszcz\u0119dno\u015bci energii i ni\u017cszych koszt\u00f3w energii.<\/li>\n<li><strong>Przyjazny dla \u015brodowiska:<\/strong> Zmniejszone zu\u017cycie wody i energii przyczynia si\u0119 do ochrony \u015brodowiska i zmniejszenia emisji CO2.<\/li>\n<li><strong>Szybki zwrot koszt\u00f3w:<\/strong> Oszcz\u0119dno\u015bci na kosztach wody i energii szybko sprawiaj\u0105, \u017ce inwestycja w ecoturbino staje si\u0119 op\u0142acalna.<\/li>\n<li><strong>Zwi\u0119kszony komfort pod prysznicem:<\/strong> Pomimo zmniejszenia zu\u017cycia wody, ecoturbino nadal zapewnia silne i przyjemne doznania pod prysznicem. Strumie\u0144 wody pozostaje silny i przyjemny.<\/li>\n<\/ul>\n<blockquote>\n<p>Og\u00f3lnie rzecz bior\u0105c, ecoturbino jest prostym i <strong>Ekonomiczny spos\u00f3b na oszcz\u0119dzanie energii i wody bez po\u015bwi\u0119cania komfortu k\u0105pieli.<\/strong> Ka\u017cdy mo\u017ce go zainstalowa\u0107 i czerpa\u0107 korzy\u015bci z licznych zalet, jakie oferuje. Jest to rozwi\u0105zanie korzystne zar\u00f3wno dla portfela, jak i dla \u015brodowiska.<\/p>\n<\/blockquote>\n\t\t<\/div>\n\t\t\t\t\n<style>\n#col-47382578 > .col-inner {\n  padding: 10px 20px 1px 20px;\n  border-radius: 10px;\n}\n<\/style>\n\t<\/div>\n\n\t\n<\/div>\n\t\t<\/div>\n\t\t\t\t\n<style>\n#col-1748489095 > .col-inner {\n  margin: 0px 0px -125px 0px;\n}\n@media (min-width:550px) {\n  #col-1748489095 > .col-inner {\n    margin: 0px 0px -200px 0px;\n  }\n}\n<\/style>\n\t<\/div>\n\n\t\n<\/div>\n\t\t<\/div>\n\n\t\t\n<style>\n#section_1141130574 {\n  padding-top: 30px;\n  padding-bottom: 30px;\n}\n<\/style>\n\t<\/section>\n\t\n\n\t<section class=\"section\" id=\"section_799451681\">\n\t\t<div class=\"section-bg fill\" >\n\t\t\t<img decoding=\"async\" width=\"1920\" height=\"683\" src=\"https:\/\/ecoturbino.world\/wp-content\/uploads\/2025\/12\/ecoturbino-function_1920-1.webp\" class=\"bg attachment- size-\" alt=\"funkcja ecoturbino\" \/>\t\t\t\t\t\t<div class=\"section-bg-overlay absolute fill\"><\/div>\n\t\t\t\n\n\t\t<\/div>\n\n\t\t\t<div class=\"ux-shape-divider ux-shape-divider--top ux-shape-divider--style-waves-opacity\">\n\t\t<svg viewbox=\"0 0 1000 300\" xmlns=\"http:\/\/www.w3.org\/2000\/svg\" preserveaspectratio=\"none\">\n    <path class=\"ux-shape-fill\" d=\"M0 300L-1 69.71C216 57 299.47 198.86 403 226C506 253 577 196 660 197C740 198 790.09 234.07 874 267C935.23 291 982 282.61 1000 277.61V300H0Z\"\/>\n    <path class=\"ux-shape-fill\" opacity=\"0.5\" d=\"M1 265.094L0 50.5C217 37.79 300.47 186.36 404 213.5C507 240.5 578 196.5 661 197.5C741 198.5 787.59 239.57 871.5 272.5C932.73 296.5 980.5 284.5 998.5 279.5V298.5L1 265.094Z\"\/>\n    <path class=\"ux-shape-fill\" opacity=\"0.15\" d=\"M0.999878 244.094L-0.00012207 27C217 14.29 300.47 173.86 404 201C507 228 578 196 661 197C741 198 787.59 243.07 871.5 276C932.73 300 980.5 284.5 998.5 279.5V299L0.999878 244.094Z\"\/>\n<\/svg>\n\n\t<\/div>\n\n\n\t\t<div class=\"section-content relative\">\n\t\t\t\n\t\t<\/div>\n\n\t\t\n<style>\n#section_799451681 {\n  padding-top: 125px;\n  padding-bottom: 125px;\n}\n#section_799451681 .section-bg-overlay {\n  background-color: rgba(0, 0, 0, 0.25);\n}\n#section_799451681 .ux-shape-divider--top svg {\n  height: 80px;\n  --divider-top-width: 100%;\n}\n@media (min-width:550px) {\n  #section_799451681 {\n    padding-top: 200px;\n    padding-bottom: 200px;\n  }\n  #section_799451681 .ux-shape-divider--top svg {\n    height: 124px;\n  }\n}\n<\/style>\n\t<\/section>","protected":false},"excerpt":{"rendered":"","protected":false},"author":2,"featured_media":1685,"parent":0,"menu_order":0,"comment_status":"closed","ping_status":"closed","template":"page-blank.php","meta":{"inline_featured_image":false,"footnotes":""},"class_list":["post-1215","page","type-page","status-publish","has-post-thumbnail","hentry"],"_links":{"self":[{"href":"https:\/\/ecoturbino.world\/pl\/wp-json\/wp\/v2\/pages\/1215","targetHints":{"allow":["GET"]}}],"collection":[{"href":"https:\/\/ecoturbino.world\/pl\/wp-json\/wp\/v2\/pages"}],"about":[{"href":"https:\/\/ecoturbino.world\/pl\/wp-json\/wp\/v2\/types\/page"}],"author":[{"embeddable":true,"href":"https:\/\/ecoturbino.world\/pl\/wp-json\/wp\/v2\/users\/2"}],"replies":[{"embeddable":true,"href":"https:\/\/ecoturbino.world\/pl\/wp-json\/wp\/v2\/comments?post=1215"}],"version-history":[{"count":0,"href":"https:\/\/ecoturbino.world\/pl\/wp-json\/wp\/v2\/pages\/1215\/revisions"}],"wp:featuredmedia":[{"embeddable":true,"href":"https:\/\/ecoturbino.world\/pl\/wp-json\/wp\/v2\/media\/1685"}],"wp:attachment":[{"href":"https:\/\/ecoturbino.world\/pl\/wp-json\/wp\/v2\/media?parent=1215"}],"curies":[{"name":"wp","href":"https:\/\/api.w.org\/{rel}","templated":true}]}}