{"id":1212,"date":"2024-01-01T12:02:37","date_gmt":"2024-01-01T11:02:37","guid":{"rendered":"https:\/\/ecoturbino.eu\/?page_id=1212"},"modified":"2025-12-29T22:45:10","modified_gmt":"2025-12-29T21:45:10","slug":"wplyw-5","status":"publish","type":"page","link":"https:\/\/ecoturbino.world\/pl\/impact-5\/","title":{"rendered":"Oszcz\u0119dzaj\u0105ce zasoby wykorzystanie ziemi"},"content":{"rendered":"<section class=\"section zindex1\" id=\"section_1203603514\">\n\t\t<div class=\"section-bg fill\" >\n\t\t\t\t\t\t\t\t\t\n\t\t\t\n\n\t\t<\/div>\n\n\t\t\n\n\t\t<div class=\"section-content relative\">\n\t\t\t\n<div class=\"row row-small\"  id=\"row-872794356\">\n\n\t<div id=\"col-2143737299\" class=\"col medium-9 small-12 large-9\"  >\n\t\t\t\t<div class=\"col-inner\"  >\n\t\t\t\n\t\t\t\n<h1 class=\"uppercase\">Oszcz\u0119dzaj\u0105ce zasoby traktowanie Ziemi<\/h1>\n<h3 class=\"thin-font\">pi\u0105ty wp\u0142yw systemu ecoturbino\u00ae oszcz\u0119dzaj\u0105cego wod\u0119 i chroni\u0105cego \u015brodowisko<\/h3>\n<div class=\"row\"  id=\"row-520450831\">\n\n\t<div id=\"col-875008272\" class=\"col medium-11 small-12 large-11\"  >\n\t\t\t\t<div class=\"col-inner\"  >\n\t\t\t\n\t\t\t\n\t<div id=\"stack-680488230\" class=\"stack stack-row justify-start items-start\">\n\t\t\n\t<div class=\"img has-hover x md-x lg-x y md-y lg-y\" id=\"image_1366920025\">\n\t\t<a class=\"\" href=\"\/pl\/wplyw-1\/\" >\t\t\t\t\t\t<div class=\"img-inner image-color dark\" >\n\t\t\t<img decoding=\"async\" width=\"100\" height=\"100\" src=\"https:\/\/ecoturbino.world\/wp-content\/uploads\/2024\/01\/impact1.svg\" class=\"attachment-original size-original\" alt=\"\" \/>\t\t\t\t\t\t\n\t\t\t\t\t<\/div>\n\t\t\t\t\t\t<\/a>\t\t\n<style>\n#image_1366920025 {\n  width: 100%;\n}\n<\/style>\n\t<\/div>\n\t\n\t<div class=\"img has-hover x md-x lg-x y md-y lg-y\" id=\"image_154507054\">\n\t\t<a class=\"\" href=\"\/pl\/wplyw-2\/\" >\t\t\t\t\t\t<div class=\"img-inner image-color dark\" >\n\t\t\t<img decoding=\"async\" width=\"100\" height=\"100\" src=\"https:\/\/ecoturbino.world\/wp-content\/uploads\/2024\/01\/impact2.svg\" class=\"attachment-original size-original\" alt=\"\" \/>\t\t\t\t\t\t\n\t\t\t\t\t<\/div>\n\t\t\t\t\t\t<\/a>\t\t\n<style>\n#image_154507054 {\n  width: 100%;\n}\n<\/style>\n\t<\/div>\n\t\n\t<div class=\"img has-hover x md-x lg-x y md-y lg-y\" id=\"image_1385602169\">\n\t\t<a class=\"\" href=\"\/pl\/wplyw-3\/\" >\t\t\t\t\t\t<div class=\"img-inner image-color dark\" >\n\t\t\t<img decoding=\"async\" width=\"100\" height=\"100\" src=\"https:\/\/ecoturbino.world\/wp-content\/uploads\/2024\/01\/impact3.svg\" class=\"attachment-original size-original\" alt=\"Wp\u0142yw 3 ecoturbino\" \/>\t\t\t\t\t\t\n\t\t\t\t\t<\/div>\n\t\t\t\t\t\t<\/a>\t\t\n<style>\n#image_1385602169 {\n  width: 100%;\n}\n<\/style>\n\t<\/div>\n\t\n\t<div class=\"img has-hover x md-x lg-x y md-y lg-y\" id=\"image_265324165\">\n\t\t<a class=\"\" href=\"\/pl\/wplyw-4\/\" >\t\t\t\t\t\t<div class=\"img-inner image-color dark\" >\n\t\t\t<img decoding=\"async\" width=\"100\" height=\"100\" src=\"https:\/\/ecoturbino.world\/wp-content\/uploads\/2024\/01\/impact4.svg\" class=\"attachment-original size-original\" alt=\"Wp\u0142yw 4 ecoturbino\" \/>\t\t\t\t\t\t\n\t\t\t\t\t<\/div>\n\t\t\t\t\t\t<\/a>\t\t\n<style>\n#image_265324165 {\n  width: 100%;\n}\n<\/style>\n\t<\/div>\n\t\n\t<div class=\"img has-hover x md-x lg-x y md-y lg-y\" id=\"image_20023121\">\n\t\t\t\t\t\t\t\t<div class=\"img-inner dark\" >\n\t\t\t<img decoding=\"async\" width=\"100\" height=\"100\" src=\"https:\/\/ecoturbino.world\/wp-content\/uploads\/2024\/01\/impact5.svg\" class=\"attachment-original size-original\" alt=\"\" \/>\t\t\t\t\t\t\n\t\t\t\t\t<\/div>\n\t\t\t\t\t\t\t\t\n<style>\n#image_20023121 {\n  width: 100%;\n}\n<\/style>\n\t<\/div>\n\t\n\t<div class=\"img has-hover x md-x lg-x y md-y lg-y\" id=\"image_114492196\">\n\t\t<a class=\"\" href=\"\/pl\/wplyw-6\/\" >\t\t\t\t\t\t<div class=\"img-inner image-color dark\" >\n\t\t\t<img decoding=\"async\" width=\"100\" height=\"100\" src=\"https:\/\/ecoturbino.world\/wp-content\/uploads\/2024\/01\/impact6.svg\" class=\"attachment-original size-original\" alt=\"Wp\u0142yw 6 ecoturbino\" \/>\t\t\t\t\t\t\n\t\t\t\t\t<\/div>\n\t\t\t\t\t\t<\/a>\t\t\n<style>\n#image_114492196 {\n  width: 100%;\n}\n<\/style>\n\t<\/div>\n\t\n\t<div class=\"img has-hover x md-x lg-x y md-y lg-y\" id=\"image_1467735282\">\n\t\t<a class=\"\" href=\"\/pl\/wplyw-7\/\" >\t\t\t\t\t\t<div class=\"img-inner image-color dark\" >\n\t\t\t<img decoding=\"async\" width=\"100\" height=\"100\" src=\"https:\/\/ecoturbino.world\/wp-content\/uploads\/2024\/01\/impact7.svg\" class=\"attachment-original size-original\" alt=\"Wp\u0142yw 7 ecoturbino\" \/>\t\t\t\t\t\t\n\t\t\t\t\t<\/div>\n\t\t\t\t\t\t<\/a>\t\t\n<style>\n#image_1467735282 {\n  width: 100%;\n}\n<\/style>\n\t<\/div>\n\t\n\t\t\n<style>\n#stack-680488230 > * {\n  --stack-gap: 0.5rem;\n}\n@media (min-width:550px) {\n  #stack-680488230 > * {\n    --stack-gap: 1rem;\n  }\n}\n<\/style>\n\t<\/div>\n\t\n\t\t<\/div>\n\t\t\t\t\t<\/div>\n\n\t\n<\/div>\n\t\t<\/div>\n\t\t\t\t\t<\/div>\n\n\t\n\n\t<div id=\"col-447172517\" class=\"col medium-3 small-12 large-3\"  >\n\t\t\t\t<div class=\"col-inner\"  >\n\t\t\t\n\t\t\t\n\t<div class=\"img has-hover x md-x lg-x y md-y lg-y\" id=\"image_1967894620\">\n\t\t\t\t\t\t\t\t<div class=\"img-inner dark\" >\n\t\t\t<img decoding=\"async\" width=\"100\" height=\"100\" src=\"https:\/\/ecoturbino.world\/wp-content\/uploads\/2024\/01\/impact5.svg\" class=\"attachment-original size-original\" alt=\"\" \/>\t\t\t\t\t\t\n\t\t\t\t\t<\/div>\n\t\t\t\t\t\t\t\t\n<style>\n#image_1967894620 {\n  width: 100%;\n}\n<\/style>\n\t<\/div>\n\t\n\t\t<\/div>\n\t\t\t\t\t<\/div>\n\n\t\n<\/div>\n<div class=\"row\"  id=\"row-551482968\">\n\n\t<div id=\"col-8764021\" class=\"col small-12 large-12\"  >\n\t\t\t\t<div class=\"col-inner\"  >\n\t\t\t\n\t\t\t\n<div class=\"is-divider divider clearfix\" style=\"max-width:100%;height:1px;\"><\/div>\n<h2><span style=\"font-size: 120%;\">Oszcz\u0119dno\u015b\u0107 wody, koszt\u00f3w energii i \u015bciek\u00f3w dla wszystkich | Znaczenie ecoturbino\u00ae<\/span><\/h2>\n<p>Tutaj jeszcze bardziej zmniejszamy zu\u017cycie wody podczas k\u0105pieli pod prysznicem w Europie! Dane b\u0119d\u0105 dost\u0119pne wkr\u00f3tce!<\/p>\n<p><strong>Nasz \u015bwiat staje si\u0119 coraz bardziej suchy<\/strong>z <strong>Ceny wody i energii stale rosn\u0105<\/strong>a koszty oczyszczalni \u015bciek\u00f3w r\u00f3wnie\u017c rosn\u0105. W obliczu tych wyzwa\u0144 konieczne jest bardziej efektywne wykorzystanie zasob\u00f3w i dzia\u0142anie w spos\u00f3b zr\u00f3wnowa\u017cony.<\/p>\n<blockquote>\n<p>Jednym z pozornie nieistotnych, ale <strong>niemniej marnotrawnym nawykiem jest branie prysznica<\/strong>. Cieszymy si\u0119 kr\u00f3tkim spotkaniem z ciep\u0142\u0105 wod\u0105, ale potem ta woda staje si\u0119 ciep\u0142ymi \u015bciekami, kt\u00f3re s\u0105 po prostu sp\u0142ukiwane do kanalizacji.<\/p>\n<\/blockquote>\n<p>To jest <strong><a href=\"https:\/\/ecoturbino.world\/pl\/ue-rzadzi-slodka-woda\/\">bezsensowne marnowanie cennej wody<\/a> i energia<\/strong> i stoi w sprzeczno\u015bci z zasadami zr\u00f3wnowa\u017conego rozwoju i ochrony \u015brodowiska. W tym miejscu <strong>prze\u0142omowa technologia ecoturbino<\/strong> wchodzi do gry, umo\u017cliwiaj\u0105c wszystkim<strong> oszcz\u0119dno\u015b\u0107 40 procent zu\u017cycia wody<\/strong> podczas k\u0105pieli pod prysznicem i natychmiast obni\u017cy\u0107 koszty.<\/p>\n<h3>Kwestia <strong>marnowanie wody i energii podczas k\u0105pieli pod prysznicem<\/strong><\/h3>\n<p><strong>Prysznic<\/strong> to jeden z naszych codziennych nawyk\u00f3w, w przypadku kt\u00f3rego cz\u0119sto nie zastanawiamy si\u0119 nad jego wp\u0142ywem na nasze \u015brodowisko. Cieszymy si\u0119 ciep\u0142\u0105 wod\u0105 sp\u0142ywaj\u0105c\u0105 po naszej sk\u00f3rze, zapominaj\u0105c, \u017ce jest to zas\u00f3b ograniczony.<\/p>\n<p>Problem zaczyna si\u0119, gdy <strong>Zu\u017cyta woda z prysznica trafia do kanalizacji jako ciep\u0142e \u015bcieki.<\/strong> Podgrzewanie wody wymaga energii, cz\u0119sto ze \u017ar\u00f3de\u0142 nieodnawialnych, co wi\u0105\u017ce si\u0119 z kosztami.<\/p>\n<p>Ponadto oczyszczalnie \u015bciek\u00f3w musz\u0105 <strong>przetwarza\u0107 te \u015bcieki, co wi\u0105\u017ce si\u0119 z dodatkowymi kosztami<\/strong>. Gwa\u0142townie rosn\u0105ce koszty \u015bciek\u00f3w.<\/p>\n\t<div id=\"gap-1521151101\" class=\"gap-element clearfix\" style=\"display:block; height:auto;\">\n\t\t\n<style>\n#gap-1521151101 {\n  padding-top: 30px;\n}\n<\/style>\n\t<\/div>\n\t\n<div class=\"row\"  id=\"row-302897732\">\n\n\t<div id=\"col-582277439\" class=\"col medium-4 small-12 large-4\"  >\n\t\t\t\t<div class=\"col-inner\"  >\n\t\t\t\n\t\t\t\n\t<div class=\"img has-hover radius10 x md-x lg-x y md-y lg-y\" id=\"image_860715858\">\n\t\t\t\t\t\t\t\t<div class=\"img-inner dark\" >\n\t\t\t<img decoding=\"async\" width=\"600\" height=\"600\" src=\"https:\/\/ecoturbino.world\/wp-content\/uploads\/2024\/01\/water-saving-environment-costs_600.webp\" class=\"attachment-original size-original\" alt=\"Symbol oszcz\u0119dzania wody i ochrony \u015brodowiska\" srcset=\"https:\/\/ecoturbino.world\/wp-content\/uploads\/2024\/01\/water-saving-environment-costs_600.webp 600w, https:\/\/ecoturbino.world\/wp-content\/uploads\/2024\/01\/water-saving-environment-costs_600-500x500.webp 500w, https:\/\/ecoturbino.world\/wp-content\/uploads\/2024\/01\/water-saving-environment-costs_600-32x32.webp 32w, https:\/\/ecoturbino.world\/wp-content\/uploads\/2024\/01\/water-saving-environment-costs_600-48x48.webp 48w, https:\/\/ecoturbino.world\/wp-content\/uploads\/2024\/01\/water-saving-environment-costs_600-80x80.webp 80w, https:\/\/ecoturbino.world\/wp-content\/uploads\/2024\/01\/water-saving-environment-costs_600-180x180.webp 180w\" sizes=\"(max-width: 600px) 100vw, 600px\" \/>\t\t\t\t\t\t\n\t\t\t\t\t<\/div>\n\t\t\t\t\t\t\t\t\n<style>\n#image_860715858 {\n  width: 100%;\n}\n<\/style>\n\t<\/div>\n\t\n\t\t<\/div>\n\t\t\t\t\t<\/div>\n\n\t\n\n\t<div id=\"col-173666885\" class=\"col medium-8 small-12 large-8\"  >\n\t\t\t\t<div class=\"col-inner\"  >\n\t\t\t\n\t\t\t\n<h3>Rozwi\u0105zanie: ecoturbino<\/h3>\n<p>ecoturbino oferuje proste i wydajne rozwi\u0105zanie tego problemu. Technologia ta zosta\u0142a opracowana w celu zmniejszenia<strong> zu\u017cycie wody podczas prysznica o zaskakuj\u0105ce 40 procent<\/strong> bez konieczno\u015bci rezygnacji z komfortu pod prysznicem. Oto niekt\u00f3re z korzy\u015bci, jakie ecoturbino oferuje ka\u017cdemu:<\/p>\n<ul>\n<li><strong>Redukcja koszt\u00f3w:<\/strong> ecoturbino umo\u017cliwia ka\u017cdemu znaczne obni\u017cenie koszt\u00f3w wody i energii. Dzi\u0119ki zmniejszeniu zu\u017cycia wody, mniej wody musi by\u0107 podgrzewane, co prowadzi do ni\u017cszych koszt\u00f3w energii. Ni\u017csze koszty wody zapewniaj\u0105 dodatkow\u0105 korzy\u015b\u0107 finansow\u0105.<\/li>\n<li><strong>Przyjazny dla \u015brodowiska:<\/strong> Zmniejszaj\u0105c zu\u017cycie wody i oszcz\u0119dzaj\u0105c energi\u0119, ecoturbino przyczynia si\u0119 do ochrony \u015brodowiska. Pomaga zmniejszy\u0107 zu\u017cycie wody i emisj\u0119 CO2, przyczyniaj\u0105c si\u0119 do ochrony \u015brodowiska.<\/li>\n<li><strong>Kr\u00f3tki okres zwrotu z inwestycji:<\/strong> Koszty nabycia ecoturbino s\u0105 niskie, a oszcz\u0119dno\u015bci w kosztach wody i energii zwracaj\u0105 inwestycj\u0119 w kr\u00f3tkim czasie. Jest to ekonomicznie uzasadniona decyzja dla firm, hoteli, rodzin, klub\u00f3w, szpitali, dom\u00f3w opieki i wielu innych.<\/li>\n<li><strong>Bez kompromis\u00f3w w kwestii przyjemno\u015bci k\u0105pieli:<\/strong> Pomimo zmniejszenia zu\u017cycia wody, ecoturbino nadal zapewnia przyjemne i relaksuj\u0105ce doznania pod prysznicem. Strumie\u0144 wody pozostaje silny i przyjemny bez uszczerbku dla jako\u015bci k\u0105pieli.<\/li>\n<\/ul>\n\t\t<\/div>\n\t\t\t\t\t<\/div>\n\n\t\n<\/div>\n\t<div id=\"gap-16263241\" class=\"gap-element clearfix\" style=\"display:block; height:auto;\">\n\t\t\n<style>\n#gap-16263241 {\n  padding-top: 30px;\n}\n<\/style>\n\t<\/div>\n\t\n<div class=\"row\"  id=\"row-2035329321\">\n\n\t<div id=\"col-1804737452\" class=\"col medium-6 small-12 large-6\"  >\n\t\t\t\t<div class=\"col-inner\"  >\n\t\t\t\n\t\t\t\n<h3>Dodatkowe korzy\u015bci z ecoturbino<\/h3>\n<p>ecoturbino oferuje dalsze korzy\u015bci poza oszcz\u0119dno\u015bci\u0105 koszt\u00f3w. Pomaga oszcz\u0119dza\u0107 zasoby wody i <strong>zmniejszy\u0107 obci\u0105\u017cenie oczyszczalni \u015bciek\u00f3w<\/strong>. Jest to szczeg\u00f3lnie wa\u017cne w czasach, gdy niedob\u00f3r wody i wp\u0142yw na \u015brodowisko staj\u0105 si\u0119 coraz bardziej powszechne.<\/p>\n\t\t<\/div>\n\t\t\t\t\t<\/div>\n\n\t\n\n\t<div id=\"col-1605165837\" class=\"col medium-6 small-12 large-6\"  >\n\t\t\t\t<div class=\"col-inner\" style=\"background-color:#c0d63d;\" >\n\t\t\t\n\t\t\t\n\t<div id=\"text-808179855\" class=\"text\">\n\t\t\n<h4 class=\"uppercase\">WNIOSKI<\/h4>\n\t\t\n<style>\n#text-808179855 {\n  font-size: 2rem;\n  text-align: right;\n  color: rgb(255, 255, 255);\n}\n#text-808179855 > * {\n  color: rgb(255, 255, 255);\n}\n@media (min-width:550px) {\n  #text-808179855 {\n    font-size: 3.5rem;\n  }\n}\n<\/style>\n\t<\/div>\n\t\n<h3>ecoturbino - wygrana dla wszystkich, <a href=\"https:\/\/www.google.com\/aclk?sa=l&amp;ai=DChcSEwizlIz2qdWDAxXtm1oFHdKnCJEYABAAGgJ2dQ&amp;ase=2&amp;gclid=Cj0KCQiAwP6sBhDAARIsAPfK_watGz1qAKakOF_2c21Sq6uC66UaUaL18vzWqCx2GV9fPAC4TGya1OQaAgj9EALw_wcB&amp;ei=1t2fZZTQN4yJ9u8PsZifyAM&amp;sig=AOD64_3tZ_HBVO8lhe659upTWIB85jM_VA&amp;q&amp;sqi=2&amp;nis=4&amp;adurl&amp;ved=2ahUKEwiUk4L2qdWDAxWMhP0HHTHMBzkQ0Qx6BAgIEAE\" target=\"_blank\" rel=\"noopener sponsored\">Certyfikat T\u00dcV<\/a> obliczanie amortyzacji<\/h3>\n<p><strong>ecoturbino to innowacyjne rozwi\u0105zanie pozwalaj\u0105ce oszcz\u0119dza\u0107 wod\u0119, energi\u0119 i \u015bcieki,<\/strong> a wszystko to bez uszczerbku dla przyjemno\u015bci k\u0105pieli. Technologia ta jest odpowiednia dla firm, hoteli, rodzin, klub\u00f3w, szpitali, dom\u00f3w opieki i wielu innych.<\/p>\n<blockquote>\n<p>Dzi\u0119ki ecoturbino wszyscy mo\u017cemy przyczyni\u0107 si\u0119 do ochrony \u015brodowiska, jednocze\u015bnie zmniejszaj\u0105c nasze obci\u0105\u017cenie finansowe.<\/p>\n<\/blockquote>\n<p>Nadszed\u0142 czas, aby wzi\u0105\u0107 odpowiedzialno\u015b\u0107 za nasze zasoby i zrobi\u0107 krok w kierunku zr\u00f3wnowa\u017conego rozwoju.<\/p>\n\t\t<\/div>\n\t\t\t\t\n<style>\n#col-1605165837 > .col-inner {\n  padding: 10px 20px 1px 25px;\n  border-radius: 10px;\n}\n<\/style>\n\t<\/div>\n\n\t\n<\/div>\n\t\t<\/div>\n\t\t\t\t\n<style>\n#col-8764021 > .col-inner {\n  margin: 0px 0px -125px 0px;\n}\n@media (min-width:550px) {\n  #col-8764021 > .col-inner {\n    margin: 0px 0px -200px 0px;\n  }\n}\n<\/style>\n\t<\/div>\n\n\t\n<\/div>\n\t\t<\/div>\n\n\t\t\n<style>\n#section_1203603514 {\n  padding-top: 30px;\n  padding-bottom: 30px;\n}\n<\/style>\n\t<\/section>\n\t\n\n\t<section class=\"section\" id=\"section_1024321628\">\n\t\t<div class=\"section-bg fill\" >\n\t\t\t<img decoding=\"async\" width=\"1920\" height=\"683\" src=\"https:\/\/ecoturbino.world\/wp-content\/uploads\/2025\/12\/ecoturbino-function_1920-1.webp\" class=\"bg attachment- size-\" alt=\"funkcja ecoturbino\" \/>\t\t\t\t\t\t<div class=\"section-bg-overlay absolute fill\"><\/div>\n\t\t\t\n\n\t\t<\/div>\n\n\t\t\t<div class=\"ux-shape-divider ux-shape-divider--top ux-shape-divider--style-waves-opacity\">\n\t\t<svg viewbox=\"0 0 1000 300\" xmlns=\"http:\/\/www.w3.org\/2000\/svg\" preserveaspectratio=\"none\">\n    <path class=\"ux-shape-fill\" d=\"M0 300L-1 69.71C216 57 299.47 198.86 403 226C506 253 577 196 660 197C740 198 790.09 234.07 874 267C935.23 291 982 282.61 1000 277.61V300H0Z\"\/>\n    <path class=\"ux-shape-fill\" opacity=\"0.5\" d=\"M1 265.094L0 50.5C217 37.79 300.47 186.36 404 213.5C507 240.5 578 196.5 661 197.5C741 198.5 787.59 239.57 871.5 272.5C932.73 296.5 980.5 284.5 998.5 279.5V298.5L1 265.094Z\"\/>\n    <path class=\"ux-shape-fill\" opacity=\"0.15\" d=\"M0.999878 244.094L-0.00012207 27C217 14.29 300.47 173.86 404 201C507 228 578 196 661 197C741 198 787.59 243.07 871.5 276C932.73 300 980.5 284.5 998.5 279.5V299L0.999878 244.094Z\"\/>\n<\/svg>\n\n\t<\/div>\n\n\n\t\t<div class=\"section-content relative\">\n\t\t\t\n\t\t<\/div>\n\n\t\t\n<style>\n#section_1024321628 {\n  padding-top: 125px;\n  padding-bottom: 125px;\n}\n#section_1024321628 .section-bg-overlay {\n  background-color: rgba(0, 0, 0, 0.25);\n}\n#section_1024321628 .ux-shape-divider--top svg {\n  height: 80px;\n  --divider-top-width: 100%;\n}\n@media (min-width:550px) {\n  #section_1024321628 {\n    padding-top: 200px;\n    padding-bottom: 200px;\n  }\n  #section_1024321628 .ux-shape-divider--top svg {\n    height: 124px;\n  }\n}\n<\/style>\n\t<\/section>","protected":false},"excerpt":{"rendered":"","protected":false},"author":2,"featured_media":1680,"parent":0,"menu_order":0,"comment_status":"closed","ping_status":"closed","template":"page-blank.php","meta":{"inline_featured_image":false,"footnotes":""},"class_list":["post-1212","page","type-page","status-publish","has-post-thumbnail","hentry"],"_links":{"self":[{"href":"https:\/\/ecoturbino.world\/pl\/wp-json\/wp\/v2\/pages\/1212","targetHints":{"allow":["GET"]}}],"collection":[{"href":"https:\/\/ecoturbino.world\/pl\/wp-json\/wp\/v2\/pages"}],"about":[{"href":"https:\/\/ecoturbino.world\/pl\/wp-json\/wp\/v2\/types\/page"}],"author":[{"embeddable":true,"href":"https:\/\/ecoturbino.world\/pl\/wp-json\/wp\/v2\/users\/2"}],"replies":[{"embeddable":true,"href":"https:\/\/ecoturbino.world\/pl\/wp-json\/wp\/v2\/comments?post=1212"}],"version-history":[{"count":0,"href":"https:\/\/ecoturbino.world\/pl\/wp-json\/wp\/v2\/pages\/1212\/revisions"}],"wp:featuredmedia":[{"embeddable":true,"href":"https:\/\/ecoturbino.world\/pl\/wp-json\/wp\/v2\/media\/1680"}],"wp:attachment":[{"href":"https:\/\/ecoturbino.world\/pl\/wp-json\/wp\/v2\/media?parent=1212"}],"curies":[{"name":"wp","href":"https:\/\/api.w.org\/{rel}","templated":true}]}}