{"id":1207,"date":"2024-01-01T11:58:41","date_gmt":"2024-01-01T10:58:41","guid":{"rendered":"https:\/\/ecoturbino.eu\/?page_id=1207"},"modified":"2025-12-29T22:44:51","modified_gmt":"2025-12-29T21:44:51","slug":"wplyw-4","status":"publish","type":"page","link":"https:\/\/ecoturbino.world\/pl\/impact-4\/","title":{"rendered":"Wystarczaj\u0105ce ci\u015bnienie wody pod prysznicem dla wszystkich (nie stanowi problemu w gospodarstwach domowych)"},"content":{"rendered":"<section class=\"section zindex1\" id=\"section_174583798\">\n\t\t<div class=\"section-bg fill\" >\n\t\t\t\t\t\t\t\t\t\n\t\t\t\n\n\t\t<\/div>\n\n\t\t\n\n\t\t<div class=\"section-content relative\">\n\t\t\t\n<div class=\"row row-small\"  id=\"row-1695800565\">\n\n\t<div id=\"col-1347008907\" class=\"col medium-9 small-12 large-9\"  >\n\t\t\t\t<div class=\"col-inner\"  >\n\t\t\t\n\t\t\t\n<h1 class=\"uppercase\">Ci\u015bnienie wody wystarczaj\u0105ce dla ka\u017cdego (tylko dla firm)<\/h1>\n<h3 class=\"thin-font\">czwarty wp\u0142yw systemu ecoturbino\u00ae oszcz\u0119dzaj\u0105cego wod\u0119 i chroni\u0105cego \u015brodowisko<\/h3>\n<div class=\"row\"  id=\"row-1408862878\">\n\n\t<div id=\"col-1810589116\" class=\"col medium-11 small-12 large-11\"  >\n\t\t\t\t<div class=\"col-inner\"  >\n\t\t\t\n\t\t\t\n\t<div id=\"stack-2898138340\" class=\"stack stack-row justify-start items-start\">\n\t\t\n\t<div class=\"img has-hover x md-x lg-x y md-y lg-y\" id=\"image_438103941\">\n\t\t<a class=\"\" href=\"\/pl\/wplyw-1\/\" >\t\t\t\t\t\t<div class=\"img-inner image-color dark\" >\n\t\t\t<img decoding=\"async\" width=\"100\" height=\"100\" src=\"https:\/\/ecoturbino.world\/wp-content\/uploads\/2024\/01\/impact1.svg\" class=\"attachment-original size-original\" alt=\"\" \/>\t\t\t\t\t\t\n\t\t\t\t\t<\/div>\n\t\t\t\t\t\t<\/a>\t\t\n<style>\n#image_438103941 {\n  width: 100%;\n}\n<\/style>\n\t<\/div>\n\t\n\t<div class=\"img has-hover x md-x lg-x y md-y lg-y\" id=\"image_899702242\">\n\t\t<a class=\"\" href=\"\/pl\/wplyw-2\/\" >\t\t\t\t\t\t<div class=\"img-inner image-color dark\" >\n\t\t\t<img decoding=\"async\" width=\"100\" height=\"100\" src=\"https:\/\/ecoturbino.world\/wp-content\/uploads\/2024\/01\/impact2.svg\" class=\"attachment-original size-original\" alt=\"\" \/>\t\t\t\t\t\t\n\t\t\t\t\t<\/div>\n\t\t\t\t\t\t<\/a>\t\t\n<style>\n#image_899702242 {\n  width: 100%;\n}\n<\/style>\n\t<\/div>\n\t\n\t<div class=\"img has-hover x md-x lg-x y md-y lg-y\" id=\"image_123163790\">\n\t\t<a class=\"\" href=\"\/pl\/wplyw-3\/\" >\t\t\t\t\t\t<div class=\"img-inner image-color dark\" >\n\t\t\t<img decoding=\"async\" width=\"100\" height=\"100\" src=\"https:\/\/ecoturbino.world\/wp-content\/uploads\/2024\/01\/impact3.svg\" class=\"attachment-original size-original\" alt=\"Wp\u0142yw 3 ecoturbino\" \/>\t\t\t\t\t\t\n\t\t\t\t\t<\/div>\n\t\t\t\t\t\t<\/a>\t\t\n<style>\n#image_123163790 {\n  width: 100%;\n}\n<\/style>\n\t<\/div>\n\t\n\t<div class=\"img has-hover x md-x lg-x y md-y lg-y\" id=\"image_1495292537\">\n\t\t\t\t\t\t\t\t<div class=\"img-inner dark\" >\n\t\t\t<img decoding=\"async\" width=\"100\" height=\"100\" src=\"https:\/\/ecoturbino.world\/wp-content\/uploads\/2024\/01\/impact4.svg\" class=\"attachment-original size-original\" alt=\"Wp\u0142yw 4 ecoturbino\" \/>\t\t\t\t\t\t\n\t\t\t\t\t<\/div>\n\t\t\t\t\t\t\t\t\n<style>\n#image_1495292537 {\n  width: 100%;\n}\n<\/style>\n\t<\/div>\n\t\n\t<div class=\"img has-hover x md-x lg-x y md-y lg-y\" id=\"image_485266396\">\n\t\t<a class=\"\" href=\"\/pl\/wplyw-5\/\" >\t\t\t\t\t\t<div class=\"img-inner image-color dark\" >\n\t\t\t<img decoding=\"async\" width=\"100\" height=\"100\" src=\"https:\/\/ecoturbino.world\/wp-content\/uploads\/2024\/01\/impact5.svg\" class=\"attachment-original size-original\" alt=\"\" \/>\t\t\t\t\t\t\n\t\t\t\t\t<\/div>\n\t\t\t\t\t\t<\/a>\t\t\n<style>\n#image_485266396 {\n  width: 100%;\n}\n<\/style>\n\t<\/div>\n\t\n\t<div class=\"img has-hover x md-x lg-x y md-y lg-y\" id=\"image_1075035095\">\n\t\t<a class=\"\" href=\"\/pl\/wplyw-6\/\" >\t\t\t\t\t\t<div class=\"img-inner image-color dark\" >\n\t\t\t<img decoding=\"async\" width=\"100\" height=\"100\" src=\"https:\/\/ecoturbino.world\/wp-content\/uploads\/2024\/01\/impact6.svg\" class=\"attachment-original size-original\" alt=\"Wp\u0142yw 6 ecoturbino\" \/>\t\t\t\t\t\t\n\t\t\t\t\t<\/div>\n\t\t\t\t\t\t<\/a>\t\t\n<style>\n#image_1075035095 {\n  width: 100%;\n}\n<\/style>\n\t<\/div>\n\t\n\t<div class=\"img has-hover x md-x lg-x y md-y lg-y\" id=\"image_1895947749\">\n\t\t<a class=\"\" href=\"\/pl\/wplyw-7\/\" >\t\t\t\t\t\t<div class=\"img-inner image-color dark\" >\n\t\t\t<img decoding=\"async\" width=\"100\" height=\"100\" src=\"https:\/\/ecoturbino.world\/wp-content\/uploads\/2024\/01\/impact7.svg\" class=\"attachment-original size-original\" alt=\"Wp\u0142yw 7 ecoturbino\" \/>\t\t\t\t\t\t\n\t\t\t\t\t<\/div>\n\t\t\t\t\t\t<\/a>\t\t\n<style>\n#image_1895947749 {\n  width: 100%;\n}\n<\/style>\n\t<\/div>\n\t\n\t\t\n<style>\n#stack-2898138340 > * {\n  --stack-gap: 0.5rem;\n}\n@media (min-width:550px) {\n  #stack-2898138340 > * {\n    --stack-gap: 1rem;\n  }\n}\n<\/style>\n\t<\/div>\n\t\n\t\t<\/div>\n\t\t\t\t\t<\/div>\n\n\t\n<\/div>\n\t\t<\/div>\n\t\t\t\t\t<\/div>\n\n\t\n\n\t<div id=\"col-1420057529\" class=\"col medium-3 small-12 large-3\"  >\n\t\t\t\t<div class=\"col-inner\"  >\n\t\t\t\n\t\t\t\n\t<div class=\"img has-hover x md-x lg-x y md-y lg-y\" id=\"image_340532398\">\n\t\t\t\t\t\t\t\t<div class=\"img-inner dark\" >\n\t\t\t<img decoding=\"async\" width=\"100\" height=\"100\" src=\"https:\/\/ecoturbino.world\/wp-content\/uploads\/2024\/01\/impact4.svg\" class=\"attachment-original size-original\" alt=\"Wp\u0142yw 4 ecoturbino\" \/>\t\t\t\t\t\t\n\t\t\t\t\t<\/div>\n\t\t\t\t\t\t\t\t\n<style>\n#image_340532398 {\n  width: 100%;\n}\n<\/style>\n\t<\/div>\n\t\n\t\t<\/div>\n\t\t\t\t\t<\/div>\n\n\t\n<\/div>\n<div class=\"row\"  id=\"row-607302078\">\n\n\t<div id=\"col-225455114\" class=\"col small-12 large-12\"  >\n\t\t\t\t<div class=\"col-inner\"  >\n\t\t\t\n\t\t\t\n<div class=\"is-divider divider clearfix\" style=\"max-width:100%;height:1px;\"><\/div>\n<h3><span style=\"font-size: 120%;\">Skuteczne rozwi\u0105zania prysznicowe dla hoteli, <a href=\"https:\/\/ecoturbino.world\/pl\/swiat-katalogow\/kategorie\/domy-studenckie\/\" target=\"_blank\" rel=\"noopener\">Akademiki<\/a>Kluby i centra fitness: ecoturbino dla wi\u0119kszej satysfakcji<\/span><\/h3>\n<p>W <strong>W hotelach, klubach i centrach fitness zaopatrzenie w ciep\u0142\u0105 wod\u0119 cz\u0119sto staje si\u0119 prawdziwym problemem,<\/strong> zw\u0142aszcza gdy wszyscy go\u015bcie lub cz\u0142onkowie <strong>chc\u0105 wzi\u0105\u0107 prysznic w tym samym czasie<\/strong>. Po uprawianiu sportu, je\u017adzie na nartach lub przed kolacj\u0105 ludzie p\u0119dz\u0105 pod prysznic, a<a href=\"https:\/\/en.wikipedia.org\/wiki\/Plumbing#Water_pipes\" target=\"_blank\" rel=\"noopener sponsored\"> rury wodne<\/a> mo\u017ce zapewni\u0107 tylko<strong> ograniczona pojemno\u015b\u0107 wodna.<\/strong><\/p>\n<blockquote>\n<p>Gdy zbyt wiele os\u00f3b bierze prysznic jednocze\u015bnie, ci\u015bnienie wody znacznie spada, co rujnuje doznania p\u0142yn\u0105ce z k\u0105pieli. Prowadzi to do niezadowolenia klient\u00f3w lub go\u015bci i mo\u017ce negatywnie wp\u0142yn\u0105\u0107 na reputacj\u0119 obiektu.<\/p>\n<\/blockquote>\n<p>To tutaj <strong>do gry wkracza innowacyjna technologia ecoturbino,<\/strong> zmniejszenie zu\u017cycia wody pod prysznicem o 40 procent, utrzymanie ci\u015bnienia wody i zapewnienie zadowolenia klient\u00f3w i go\u015bci.<\/p>\n\t<div id=\"gap-1508697345\" class=\"gap-element clearfix\" style=\"display:block; height:auto;\">\n\t\t\n<style>\n#gap-1508697345 {\n  padding-top: 30px;\n}\n<\/style>\n\t<\/div>\n\t\n<div class=\"row\"  id=\"row-730131785\">\n\n\t<div id=\"col-2114863464\" class=\"col medium-4 small-12 large-4\"  >\n\t\t\t\t<div class=\"col-inner\"  >\n\t\t\t\n\t\t\t\n\t<div class=\"img has-hover radius10 x md-x lg-x y md-y lg-y\" id=\"image_1592834088\">\n\t\t\t\t\t\t\t\t<div class=\"img-inner dark\" >\n\t\t\t<img decoding=\"async\" width=\"600\" height=\"600\" src=\"https:\/\/ecoturbino.world\/wp-content\/uploads\/2024\/01\/hotel-floor_600.webp\" class=\"attachment-original size-original\" alt=\"Symbol pi\u0119tra hotelu\" srcset=\"https:\/\/ecoturbino.world\/wp-content\/uploads\/2024\/01\/hotel-floor_600.webp 600w, https:\/\/ecoturbino.world\/wp-content\/uploads\/2024\/01\/hotel-floor_600-500x500.webp 500w, https:\/\/ecoturbino.world\/wp-content\/uploads\/2024\/01\/hotel-floor_600-32x32.webp 32w, https:\/\/ecoturbino.world\/wp-content\/uploads\/2024\/01\/hotel-floor_600-48x48.webp 48w, https:\/\/ecoturbino.world\/wp-content\/uploads\/2024\/01\/hotel-floor_600-80x80.webp 80w, https:\/\/ecoturbino.world\/wp-content\/uploads\/2024\/01\/hotel-floor_600-180x180.webp 180w\" sizes=\"(max-width: 600px) 100vw, 600px\" \/>\t\t\t\t\t\t\n\t\t\t\t\t<\/div>\n\t\t\t\t\t\t\t\t\n<style>\n#image_1592834088 {\n  width: 100%;\n}\n<\/style>\n\t<\/div>\n\t\n\t\t<\/div>\n\t\t\t\t\t<\/div>\n\n\t\n\n\t<div id=\"col-1880556518\" class=\"col medium-8 small-12 large-8\"  >\n\t\t\t\t<div class=\"col-inner\"  >\n\t\t\t\n\t\t\t\n<h3>Problem ograniczonej pojemno\u015bci wodnej<\/h3>\n<p>Ograniczona pojemno\u015b\u0107 wodna rur i system\u00f3w zaopatrzenia w ciep\u0142\u0105 wod\u0119 w hotelach, klubach i centrach fitness jest cz\u0119stym problemem. <strong>mo\u017ce prowadzi\u0107 do frustruj\u0105cych sytuacji.<\/strong><\/p>\n<p>Kiedy wszyscy chc\u0105 <strong>prysznic w tym samym czasie, ci\u015bnienie wody mo\u017ce spa\u015b\u0107<\/strong> tak bardzo, \u017ce strumie\u0144 wody staje si\u0119 zwyk\u0142\u0105 stru\u017ck\u0105. Rado\u015b\u0107 z prysznica zostaje utracona, a <strong>go\u015bcie lub cz\u0142onkowie s\u0105 rozczarowani<\/strong>. Mo\u017ce to wp\u0142yn\u0105\u0107 na zadowolenie klient\u00f3w i zepsu\u0107 reputacj\u0119 obiektu.<\/p>\n<ul>\n<li><strong>D\u0142ugie korytarze:<\/strong> Wiele pomieszcze\u0144 jest cz\u0119sto pod\u0142\u0105czonych do jednej rury, a zwi\u0119kszone zu\u017cycie wody w pobli\u017cu punktu wej\u015bcia rury cz\u0119sto powoduje <strong>niedostateczna poda\u017c w odleg\u0142ych punktach u\u017cytkowania,<\/strong> powszechny problem w starszych budynkach. Rozwi\u0105zanie: Modernizacja systemu ecoturbino zapewnia r\u00f3wnomiern\u0105 dystrybucj\u0119 wody we wszystkich punktach poboru - dotyczy to r\u00f3wnie\u017c budynk\u00f3w wielopi\u0119trowych!<\/li>\n<li>Proste rozwi\u0105zanie: system ecoturbino<\/li>\n<\/ul>\n\t\t<\/div>\n\t\t\t\t\t<\/div>\n\n\t\n<\/div>\n\t<div id=\"gap-1851502953\" class=\"gap-element clearfix\" style=\"display:block; height:auto;\">\n\t\t\n<style>\n#gap-1851502953 {\n  padding-top: 30px;\n}\n<\/style>\n\t<\/div>\n\t\n<div class=\"row\"  id=\"row-2051656329\">\n\n\t<div id=\"col-300752687\" class=\"col medium-6 small-12 large-6\"  >\n\t\t\t\t<div class=\"col-inner\" style=\"background-color:rgb(255,255,255);\" >\n\t\t\t\n\t\t\t\n<p>ecoturbino to skuteczne rozwi\u0105zanie tego powszechnego problemu. Technologia ta zosta\u0142a opracowana w celu zmniejszenia zu\u017cycia wody pod prysznicem o imponuj\u0105ce 40 procent bez wp\u0142ywu na ci\u015bnienie wody. Oto niekt\u00f3re z korzy\u015bci, jakie ecoturbino oferuje hotelom, klubom i centrom fitness:<\/p>\n<ul>\n<li><strong>Zachowanie ci\u015bnienia wody:<\/strong> ecoturbino zapewnia, \u017ce ci\u015bnienie wody jest utrzymywane nawet wtedy, gdy wiele os\u00f3b bierze prysznic jednocze\u015bnie. Oznacza to, \u017ce wszyscy go\u015bcie lub cz\u0142onkowie mog\u0105 cieszy\u0107 si\u0119 silnym i przyjemnym strumieniem wody bez konieczno\u015bci p\u00f3j\u015bcia na kompromis z powodu ograniczonej dost\u0119pno\u015bci wody.<\/li>\n<li><strong>Zadowoleni klienci i go\u015bcie:<\/strong> ecoturbino gwarantuje zadowolenie klient\u00f3w i go\u015bci. Mog\u0105 oni w pe\u0142ni cieszy\u0107 si\u0119 prysznicem, nie martwi\u0105c si\u0119 o ci\u015bnienie wody. Prowadzi to do <strong>pozytywny przekaz ustny<\/strong> i wzmacnia reputacj\u0119 obiektu.<\/li>\n<li><strong>Oszcz\u0119dno\u015b\u0107 wody:<\/strong> Pomimo utrzymywania ci\u015bnienia wody, <strong>ecoturbino znacznie zmniejsza zu\u017cycie wody.<\/strong> Przyczynia si\u0119 to do ochrony zasob\u00f3w wodnych i jednocze\u015bnie zmniejsza koszty wody.<\/li>\n<li><strong>Oszcz\u0119dno\u015b\u0107 energii:<\/strong> Poniewa\u017c mniej wody trzeba podgrza\u0107, aby zapewni\u0107 ciep\u0142\u0105 wod\u0119 pod prysznicem, koszty energii r\u00f3wnie\u017c ulegaj\u0105 zmniejszeniu. Jest to korzystne nie tylko dla \u015brodowiska, ale tak\u017ce dla bud\u017cetu obiektu.<\/li>\n<li><strong>\u0141atwa instalacja:<\/strong> ecoturbino mo\u017cna \u0142atwo i ekonomicznie zainstalowa\u0107 bez konieczno\u015bci przeprowadzania gruntownych remont\u00f3w. Inwestycja szybko si\u0119 zwraca dzi\u0119ki uzyskanym oszcz\u0119dno\u015bciom.<\/li>\n<\/ul>\n\t\t<\/div>\n\t\t\t\t\n<style>\n#col-300752687 > .col-inner {\n  padding: 15px 15px 15px 15px;\n  border-radius: 10px;\n}\n<\/style>\n\t<\/div>\n\n\t\n\n\t<div id=\"col-200504134\" class=\"col medium-6 small-12 large-6\"  >\n\t\t\t\t<div class=\"col-inner\" style=\"background-color:#c0d63d;\" >\n\t\t\t\n\t\t\t\n\t<div id=\"text-4107970330\" class=\"text\">\n\t\t\n<h4 class=\"uppercase\">WNIOSKI<\/h4>\n\t\t\n<style>\n#text-4107970330 {\n  font-size: 2rem;\n  text-align: right;\n  color: rgb(255, 255, 255);\n}\n#text-4107970330 > * {\n  color: rgb(255, 255, 255);\n}\n@media (min-width:550px) {\n  #text-4107970330 {\n    font-size: 3.5rem;\n    text-align: right;\n  }\n}\n<\/style>\n\t<\/div>\n\t\n<h3>Wi\u0119ksza satysfakcja, ni\u017csze koszty<\/h3>\n<p>Technologia ecoturbino jest<strong> idealne rozwi\u0105zanie dla hoteli, klub\u00f3w i centr\u00f3w fitness<\/strong>, a tak\u017ce ka\u017cdy, kto ma do czynienia z ograniczon\u0105 pojemno\u015bci\u0105 wody. To nie tylko <strong>zapewnia zadowolenie klient\u00f3w i go\u015bci<\/strong> ale tak\u017ce umo\u017cliwia znaczn\u0105 oszcz\u0119dno\u015b\u0107 wody i zmniejszenie koszt\u00f3w energii.<\/p>\n<p>Dzi\u0119ki ecoturbino obiekty mog\u0105 ulepszy\u0107 swoje us\u0142ugi, jednocze\u015bnie obni\u017caj\u0105c koszty - sytuacja korzystna dla wszystkich.<\/p>\n\t\t<\/div>\n\t\t\t\t\n<style>\n#col-200504134 > .col-inner {\n  padding: 10px 20px 1px 25px;\n  border-radius: 10px;\n}\n<\/style>\n\t<\/div>\n\n\t\n<\/div>\n\t\t<\/div>\n\t\t\t\t\n<style>\n#col-225455114 > .col-inner {\n  margin: 0px 0px -125px 0px;\n}\n@media (min-width:550px) {\n  #col-225455114 > .col-inner {\n    margin: 0px 0px -200px 0px;\n  }\n}\n<\/style>\n\t<\/div>\n\n\t\n<\/div>\n\t\t<\/div>\n\n\t\t\n<style>\n#section_174583798 {\n  padding-top: 30px;\n  padding-bottom: 30px;\n}\n<\/style>\n\t<\/section>\n\t\n\n\t<section class=\"section\" id=\"section_823074522\">\n\t\t<div class=\"section-bg fill\" >\n\t\t\t<img decoding=\"async\" width=\"1920\" height=\"683\" src=\"https:\/\/ecoturbino.world\/wp-content\/uploads\/2025\/12\/ecoturbino-function_1920-1.webp\" class=\"bg attachment- size-\" alt=\"funkcja ecoturbino\" \/>\t\t\t\t\t\t<div class=\"section-bg-overlay absolute fill\"><\/div>\n\t\t\t\n\n\t\t<\/div>\n\n\t\t\t<div class=\"ux-shape-divider ux-shape-divider--top ux-shape-divider--style-waves-opacity\">\n\t\t<svg viewbox=\"0 0 1000 300\" xmlns=\"http:\/\/www.w3.org\/2000\/svg\" preserveaspectratio=\"none\">\n    <path class=\"ux-shape-fill\" d=\"M0 300L-1 69.71C216 57 299.47 198.86 403 226C506 253 577 196 660 197C740 198 790.09 234.07 874 267C935.23 291 982 282.61 1000 277.61V300H0Z\"\/>\n    <path class=\"ux-shape-fill\" opacity=\"0.5\" d=\"M1 265.094L0 50.5C217 37.79 300.47 186.36 404 213.5C507 240.5 578 196.5 661 197.5C741 198.5 787.59 239.57 871.5 272.5C932.73 296.5 980.5 284.5 998.5 279.5V298.5L1 265.094Z\"\/>\n    <path class=\"ux-shape-fill\" opacity=\"0.15\" d=\"M0.999878 244.094L-0.00012207 27C217 14.29 300.47 173.86 404 201C507 228 578 196 661 197C741 198 787.59 243.07 871.5 276C932.73 300 980.5 284.5 998.5 279.5V299L0.999878 244.094Z\"\/>\n<\/svg>\n\n\t<\/div>\n\n\n\t\t<div class=\"section-content relative\">\n\t\t\t\n\t\t<\/div>\n\n\t\t\n<style>\n#section_823074522 {\n  padding-top: 125px;\n  padding-bottom: 125px;\n}\n#section_823074522 .section-bg-overlay {\n  background-color: rgba(0, 0, 0, 0.25);\n}\n#section_823074522 .ux-shape-divider--top svg {\n  height: 80px;\n  --divider-top-width: 100%;\n}\n@media (min-width:550px) {\n  #section_823074522 {\n    padding-top: 300px;\n    padding-bottom: 300px;\n  }\n  #section_823074522 .ux-shape-divider--top svg {\n    height: 124px;\n  }\n}\n<\/style>\n\t<\/section>","protected":false},"excerpt":{"rendered":"","protected":false},"author":2,"featured_media":1688,"parent":0,"menu_order":0,"comment_status":"closed","ping_status":"closed","template":"page-blank.php","meta":{"inline_featured_image":false,"footnotes":""},"class_list":["post-1207","page","type-page","status-publish","has-post-thumbnail","hentry"],"_links":{"self":[{"href":"https:\/\/ecoturbino.world\/pl\/wp-json\/wp\/v2\/pages\/1207","targetHints":{"allow":["GET"]}}],"collection":[{"href":"https:\/\/ecoturbino.world\/pl\/wp-json\/wp\/v2\/pages"}],"about":[{"href":"https:\/\/ecoturbino.world\/pl\/wp-json\/wp\/v2\/types\/page"}],"author":[{"embeddable":true,"href":"https:\/\/ecoturbino.world\/pl\/wp-json\/wp\/v2\/users\/2"}],"replies":[{"embeddable":true,"href":"https:\/\/ecoturbino.world\/pl\/wp-json\/wp\/v2\/comments?post=1207"}],"version-history":[{"count":0,"href":"https:\/\/ecoturbino.world\/pl\/wp-json\/wp\/v2\/pages\/1207\/revisions"}],"wp:featuredmedia":[{"embeddable":true,"href":"https:\/\/ecoturbino.world\/pl\/wp-json\/wp\/v2\/media\/1688"}],"wp:attachment":[{"href":"https:\/\/ecoturbino.world\/pl\/wp-json\/wp\/v2\/media?parent=1207"}],"curies":[{"name":"wp","href":"https:\/\/api.w.org\/{rel}","templated":true}]}}