{"id":1202,"date":"2024-01-01T11:52:19","date_gmt":"2024-01-01T10:52:19","guid":{"rendered":"https:\/\/ecoturbino.eu\/?page_id=1202"},"modified":"2025-12-29T22:44:32","modified_gmt":"2025-12-29T21:44:32","slug":"wplyw-3","status":"publish","type":"page","link":"https:\/\/ecoturbino.world\/pl\/impact-3\/","title":{"rendered":"Wystarczaj\u0105ca ilo\u015b\u0107 ciep\u0142ej wody dla wszystkich prysznic\u00f3w jednocze\u015bnie"},"content":{"rendered":"<section class=\"section zindex1\" id=\"section_213762394\">\n\t\t<div class=\"section-bg fill\" >\n\t\t\t\t\t\t\t\t\t\n\t\t\t\n\n\t\t<\/div>\n\n\t\t\n\n\t\t<div class=\"section-content relative\">\n\t\t\t\n<div class=\"row row-small\"  id=\"row-752452345\">\n\n\t<div id=\"col-369249549\" class=\"col medium-9 small-12 large-9\"  >\n\t\t\t\t<div class=\"col-inner\"  >\n\t\t\t\n\t\t\t\n<h1 class=\"uppercase\">Wystarczaj\u0105ca ilo\u015b\u0107 ciep\u0142ej wody dla wszystkich prysznic\u00f3w<\/h1>\n<h3 class=\"thin-font\">trzeci wp\u0142yw systemu ecoturbino\u00ae oszcz\u0119dzaj\u0105cego wod\u0119 i chroni\u0105cego \u015brodowisko<\/h3>\n<div class=\"row\"  id=\"row-468108752\">\n\n\t<div id=\"col-28509904\" class=\"col medium-11 small-12 large-11\"  >\n\t\t\t\t<div class=\"col-inner\"  >\n\t\t\t\n\t\t\t\n\t<div id=\"stack-2400129417\" class=\"stack stack-row justify-start items-start\">\n\t\t\n\t<div class=\"img has-hover x md-x lg-x y md-y lg-y\" id=\"image_1242995349\">\n\t\t<a class=\"\" href=\"\/pl\/wplyw-1\/\" >\t\t\t\t\t\t<div class=\"img-inner image-color dark\" >\n\t\t\t<img decoding=\"async\" width=\"100\" height=\"100\" src=\"https:\/\/ecoturbino.world\/wp-content\/uploads\/2024\/01\/impact1.svg\" class=\"attachment-original size-original\" alt=\"\" \/>\t\t\t\t\t\t\n\t\t\t\t\t<\/div>\n\t\t\t\t\t\t<\/a>\t\t\n<style>\n#image_1242995349 {\n  width: 100%;\n}\n<\/style>\n\t<\/div>\n\t\n\t<div class=\"img has-hover x md-x lg-x y md-y lg-y\" id=\"image_1807538533\">\n\t\t<a class=\"\" href=\"\/pl\/wplyw-2\/\" >\t\t\t\t\t\t<div class=\"img-inner image-color dark\" >\n\t\t\t<img decoding=\"async\" width=\"100\" height=\"100\" src=\"https:\/\/ecoturbino.world\/wp-content\/uploads\/2024\/01\/impact2.svg\" class=\"attachment-original size-original\" alt=\"\" \/>\t\t\t\t\t\t\n\t\t\t\t\t<\/div>\n\t\t\t\t\t\t<\/a>\t\t\n<style>\n#image_1807538533 {\n  width: 100%;\n}\n<\/style>\n\t<\/div>\n\t\n\t<div class=\"img has-hover x md-x lg-x y md-y lg-y\" id=\"image_893560154\">\n\t\t\t\t\t\t\t\t<div class=\"img-inner dark\" >\n\t\t\t<img decoding=\"async\" width=\"100\" height=\"100\" src=\"https:\/\/ecoturbino.world\/wp-content\/uploads\/2024\/01\/impact3.svg\" class=\"attachment-original size-original\" alt=\"Wp\u0142yw 3 ecoturbino\" \/>\t\t\t\t\t\t\n\t\t\t\t\t<\/div>\n\t\t\t\t\t\t\t\t\n<style>\n#image_893560154 {\n  width: 100%;\n}\n<\/style>\n\t<\/div>\n\t\n\t<div class=\"img has-hover x md-x lg-x y md-y lg-y\" id=\"image_347988335\">\n\t\t<a class=\"\" href=\"\/pl\/wplyw-4\/\" >\t\t\t\t\t\t<div class=\"img-inner image-color dark\" >\n\t\t\t<img decoding=\"async\" width=\"100\" height=\"100\" src=\"https:\/\/ecoturbino.world\/wp-content\/uploads\/2024\/01\/impact4.svg\" class=\"attachment-original size-original\" alt=\"Wp\u0142yw 4 ecoturbino\" \/>\t\t\t\t\t\t\n\t\t\t\t\t<\/div>\n\t\t\t\t\t\t<\/a>\t\t\n<style>\n#image_347988335 {\n  width: 100%;\n}\n<\/style>\n\t<\/div>\n\t\n\t<div class=\"img has-hover x md-x lg-x y md-y lg-y\" id=\"image_1565392017\">\n\t\t<a class=\"\" href=\"\/pl\/wplyw-5\/\" >\t\t\t\t\t\t<div class=\"img-inner image-color dark\" >\n\t\t\t<img decoding=\"async\" width=\"100\" height=\"100\" src=\"https:\/\/ecoturbino.world\/wp-content\/uploads\/2024\/01\/impact5.svg\" class=\"attachment-original size-original\" alt=\"\" \/>\t\t\t\t\t\t\n\t\t\t\t\t<\/div>\n\t\t\t\t\t\t<\/a>\t\t\n<style>\n#image_1565392017 {\n  width: 100%;\n}\n<\/style>\n\t<\/div>\n\t\n\t<div class=\"img has-hover x md-x lg-x y md-y lg-y\" id=\"image_1142645226\">\n\t\t<a class=\"\" href=\"\/pl\/wplyw-6\/\" >\t\t\t\t\t\t<div class=\"img-inner image-color dark\" >\n\t\t\t<img decoding=\"async\" width=\"100\" height=\"100\" src=\"https:\/\/ecoturbino.world\/wp-content\/uploads\/2024\/01\/impact6.svg\" class=\"attachment-original size-original\" alt=\"Wp\u0142yw 6 ecoturbino\" \/>\t\t\t\t\t\t\n\t\t\t\t\t<\/div>\n\t\t\t\t\t\t<\/a>\t\t\n<style>\n#image_1142645226 {\n  width: 100%;\n}\n<\/style>\n\t<\/div>\n\t\n\t<div class=\"img has-hover x md-x lg-x y md-y lg-y\" id=\"image_1401545313\">\n\t\t<a class=\"\" href=\"\/pl\/wplyw-7\/\" >\t\t\t\t\t\t<div class=\"img-inner image-color dark\" >\n\t\t\t<img decoding=\"async\" width=\"100\" height=\"100\" src=\"https:\/\/ecoturbino.world\/wp-content\/uploads\/2024\/01\/impact7.svg\" class=\"attachment-original size-original\" alt=\"Wp\u0142yw 7 ecoturbino\" \/>\t\t\t\t\t\t\n\t\t\t\t\t<\/div>\n\t\t\t\t\t\t<\/a>\t\t\n<style>\n#image_1401545313 {\n  width: 100%;\n}\n<\/style>\n\t<\/div>\n\t\n\t\t\n<style>\n#stack-2400129417 > * {\n  --stack-gap: 0.5rem;\n}\n@media (min-width:550px) {\n  #stack-2400129417 > * {\n    --stack-gap: 1rem;\n  }\n}\n<\/style>\n\t<\/div>\n\t\n\t\t<\/div>\n\t\t\t\t\t<\/div>\n\n\t\n<\/div>\n\t\t<\/div>\n\t\t\t\t\t<\/div>\n\n\t\n\n\t<div id=\"col-349343344\" class=\"col medium-3 small-12 large-3\"  >\n\t\t\t\t<div class=\"col-inner\"  >\n\t\t\t\n\t\t\t\n\t<div class=\"img has-hover x md-x lg-x y md-y lg-y\" id=\"image_14083334\">\n\t\t\t\t\t\t\t\t<div class=\"img-inner dark\" >\n\t\t\t<img decoding=\"async\" width=\"100\" height=\"100\" src=\"https:\/\/ecoturbino.world\/wp-content\/uploads\/2024\/01\/impact3.svg\" class=\"attachment-original size-original\" alt=\"Wp\u0142yw 3 ecoturbino\" \/>\t\t\t\t\t\t\n\t\t\t\t\t<\/div>\n\t\t\t\t\t\t\t\t\n<style>\n#image_14083334 {\n  width: 100%;\n}\n<\/style>\n\t<\/div>\n\t\n\t\t<\/div>\n\t\t\t\t\t<\/div>\n\n\t\n<\/div>\n<div class=\"row\"  id=\"row-2115366311\">\n\n\t<div id=\"col-667118764\" class=\"col small-12 large-12\"  >\n\t\t\t\t<div class=\"col-inner\"  >\n\t\t\t\n\t\t\t\n<div class=\"is-divider divider clearfix\" style=\"max-width:100%;height:1px;\"><\/div>\n<h3><span style=\"font-size: 120%;\">Ma\u0142e kot\u0142y i dostarczanie ciep\u0142ej wody dla ka\u017cdego | Problem i rozwi\u0105zanie z ecoturbino<\/span><\/h3>\n<p>Kwestia <strong>Zaopatrzenie w ciep\u0142\u0105 wod\u0119 jest cz\u0119sto pomijane<\/strong> ale pozostaje kluczowym elementem dla komfortu i jako\u015bci \u017cycia w wielu krajach. <strong>gospodarstwa domowe, <a href=\"https:\/\/ecoturbino.world\/pl\/swiat-katalogow\/kategorie\/centrum-sportowe-2\/\" target=\"_blank\" rel=\"noopener\">si\u0142ownie<\/a>akademiki studenckie,<\/strong> i inne obiekty komunalne.<\/p>\n<p>Zw\u0142aszcza w sytuacjach, w kt\u00f3rych <strong>ma\u0142e kot\u0142y lub pompy ciep\u0142a s\u0105 jedynym \u017ar\u00f3d\u0142em ciep\u0142ej wody,<\/strong> niedobory mog\u0105 wyst\u0105pi\u0107, gdy wszyscy chc\u0105 wzi\u0105\u0107 prysznic w tym samym czasie. Problem ten dotyczy przede wszystkim rodzin w domach jednorodzinnych, si\u0142owniach i obiektach komunalnych.<\/p>\n<p>To tutaj <strong>innowacyjna technologia ecoturbino wchodzi do gry<\/strong>nie tylko <strong>zmniejszenie zu\u017cycia wody podczas k\u0105pieli pod prysznicem o imponuj\u0105ce 40 procent<\/strong> ale tak\u017ce generalnie zapewnienie odpowiedniego zaopatrzenia w ciep\u0142\u0105 wod\u0119 dla wszystkich i oferowanie licznych korzy\u015bci.<\/p>\n<blockquote>\n<p>Czas dost\u0119pno\u015bci ciep\u0142ej wody dla prysznic\u00f3w jest wyd\u0142u\u017cony o 40%.<\/p>\n<\/blockquote>\n\t<div id=\"gap-294687416\" class=\"gap-element clearfix\" style=\"display:block; height:auto;\">\n\t\t\n<style>\n#gap-294687416 {\n  padding-top: 30px;\n}\n<\/style>\n\t<\/div>\n\t\n<div class=\"row\"  id=\"row-1810201632\">\n\n\t<div id=\"col-989663844\" class=\"col medium-4 small-12 large-4\"  >\n\t\t\t\t<div class=\"col-inner\"  >\n\t\t\t\n\t\t\t\n\t<div class=\"img has-hover radius10 x md-x lg-x y md-y lg-y\" id=\"image_1539952801\">\n\t\t\t\t\t\t\t\t<div class=\"img-inner dark\" >\n\t\t\t<img decoding=\"async\" width=\"600\" height=\"600\" src=\"https:\/\/ecoturbino.world\/wp-content\/uploads\/2024\/01\/setting-temp_600.webp\" class=\"attachment-original size-original\" alt=\"Symbol ustawionej temperatury\" srcset=\"https:\/\/ecoturbino.world\/wp-content\/uploads\/2024\/01\/setting-temp_600.webp 600w, https:\/\/ecoturbino.world\/wp-content\/uploads\/2024\/01\/setting-temp_600-500x500.webp 500w, https:\/\/ecoturbino.world\/wp-content\/uploads\/2024\/01\/setting-temp_600-32x32.webp 32w, https:\/\/ecoturbino.world\/wp-content\/uploads\/2024\/01\/setting-temp_600-48x48.webp 48w, https:\/\/ecoturbino.world\/wp-content\/uploads\/2024\/01\/setting-temp_600-80x80.webp 80w, https:\/\/ecoturbino.world\/wp-content\/uploads\/2024\/01\/setting-temp_600-180x180.webp 180w\" sizes=\"(max-width: 600px) 100vw, 600px\" \/>\t\t\t\t\t\t\n\t\t\t\t\t<\/div>\n\t\t\t\t\t\t\t\t\n<style>\n#image_1539952801 {\n  width: 100%;\n}\n<\/style>\n\t<\/div>\n\t\n\t\t<\/div>\n\t\t\t\t\t<\/div>\n\n\t\n\n\t<div id=\"col-1513990452\" class=\"col medium-8 small-12 large-8\"  >\n\t\t\t\t<div class=\"col-inner\"  >\n\t\t\t\n\t\t\t\n<h3>Problem z ma\u0142ymi kot\u0142ami i <a href=\"https:\/\/en.wikipedia.org\/wiki\/Heat_pump\" target=\"_blank\" rel=\"noopener sponsored\">Pompy ciep\u0142a<\/a><\/h3>\n<p>W wielu domach mieszkalnych i obiektach komunalnych, <strong>systemy zaopatrzenia w ciep\u0142\u0105 wod\u0119 s\u0105 cz\u0119sto niewymiarowe<\/strong> ze wzgl\u0119du na ograniczone zasoby lub ograniczon\u0105 przestrze\u0144.<\/p>\n<p>Ma\u0142e kot\u0142y lub pompy ciep\u0142a mog\u0105 stwarza\u0107 trudno\u015bci, <strong>Zw\u0142aszcza, gdy wiele os\u00f3b chce wzi\u0105\u0107 prysznic w tym samym czasie.<\/strong> Cz\u0119sto prowadzi to do nieprzyjemnych sytuacji, w kt\u00f3rych zaczyna brakowa\u0107 ciep\u0142ej wody lub nawet ca\u0142kowicie jej brakuje.<\/p>\n<p>Cz\u0142onkowie rodziny musz\u0105 si\u0119 spieszy\u0107 podczas prysznica lub czeka\u0107 na wi\u0119cej ciep\u0142ej wody, <strong>Klienci si\u0142owni s\u0105 sfrustrowani,<\/strong> a og\u00f3lny komfort jest znacznie obni\u017cony.<\/p>\n\t\t<\/div>\n\t\t\t\t\t<\/div>\n\n\t\n<\/div>\n\t<div id=\"gap-374167714\" class=\"gap-element clearfix\" style=\"display:block; height:auto;\">\n\t\t\n<style>\n#gap-374167714 {\n  padding-top: 30px;\n}\n<\/style>\n\t<\/div>\n\t\n<div class=\"row\"  id=\"row-1611386931\">\n\n\t<div id=\"col-120653875\" class=\"col medium-6 small-12 large-6\"  >\n\t\t\t\t<div class=\"col-inner\" style=\"background-color:rgb(255,255,255);\" >\n\t\t\t\n\t\t\t\n<h3>Rozwi\u0105zanie \"Odpowiednia ilo\u015b\u0107 ciep\u0142ej wody dla wszystkich\" = ecoturbino<\/h3>\n<p>Technologia ecoturbino oferuje<strong> skuteczne rozwi\u0105zanie tego powszechnego problemu<\/strong>. Jest przeznaczony do <strong>drastyczne zmniejszenie zu\u017cycia wody podczas k\u0105pieli pod prysznicem<\/strong> bez uszczerbku dla komfortu pod prysznicem. Oto niekt\u00f3re z korzy\u015bci, jakie ecoturbino zapewnia ka\u017cdemu:<\/p>\n<ul>\n<li><strong>Zmniejszone (HOT) - Zu\u017cycie wody:<\/strong> ecoturbino mo\u017ce zmniejszy\u0107 zu\u017cycie wody o imponuj\u0105ce 40 procent. Oznacza to, \u017ce mniej wody musi zosta\u0107 podgrzane, aby zapewni\u0107 ciep\u0142\u0105 wod\u0119 pod prysznicem, lub \u017ce istniej\u0105ca ilo\u015b\u0107 wystarczy na znacznie wi\u0119cej sesji prysznicowych. Prowadzi to do znacznych oszcz\u0119dno\u015bci energii i zasob\u00f3w wodnych.<\/li>\n<\/ul>\n<blockquote>\n<p>Odpowiednia ilo\u015b\u0107 ciep\u0142ej wody dla wszystkich: Zmniejszaj\u0105c zu\u017cycie wody, ecoturbino zapewnia wystarczaj\u0105c\u0105 ilo\u015b\u0107 ciep\u0142ej wody dla wszystkich, nawet je\u015bli wiele os\u00f3b chce wzi\u0105\u0107 prysznic w tym samym czasie. Problem ograniczonej wydajno\u015bci ma\u0142ych bojler\u00f3w lub pomp ciep\u0142a zosta\u0142 skutecznie rozwi\u0105zany.<\/p>\n<\/blockquote>\n<ul>\n<li><strong>Szybki zwrot:<\/strong> Instalacja ecoturbino jest prosta i op\u0142acalna. Oszcz\u0119dno\u015bci na kosztach energii i wody sprawiaj\u0105, \u017ce inwestycja zwraca si\u0119 w kr\u00f3tkim czasie. W przypadku rodzin, si\u0142owni i innych obiekt\u00f3w ecoturbino szybko si\u0119 zwraca.<\/li>\n<li><strong>Przyjazny dla \u015brodowiska:<\/strong> Zmniejszaj\u0105c zu\u017cycie wody, ecoturbino przyczynia si\u0119 do ochrony zasob\u00f3w wodnych i redukcji emisji CO2. Jest to korzystne nie tylko dla portfela, ale tak\u017ce dla \u015brodowiska.<\/li>\n<li><strong>Zwi\u0119kszony komfort pod prysznicem:<\/strong> Pomimo zmniejszenia zu\u017cycia wody, <strong>ecoturbino nadal zapewnia niezmienione, przyjemne i relaksuj\u0105ce doznania pod prysznicem<\/strong>. Technologia ta zapewnia, \u017ce strumie\u0144 wody pozostaje silny i przyjemny bez marnotrawstwa (zasada zwi\u0119kszania ci\u015bnienia bez energii zewn\u0119trznej).<\/li>\n<\/ul>\n\t\t<\/div>\n\t\t\t\t\n<style>\n#col-120653875 > .col-inner {\n  padding: 5px 15px 15px 15px;\n  border-radius: 10px;\n}\n<\/style>\n\t<\/div>\n\n\t\n\n\t<div id=\"col-409127736\" class=\"col medium-6 small-12 large-6\"  >\n\t\t\t\t<div class=\"col-inner\" style=\"background-color:#c0d63d;\" >\n\t\t\t\n\t\t\t\n\t<div id=\"text-149987295\" class=\"text\">\n\t\t\n<h4 class=\"uppercase\">WNIOSKI<\/h4>\n\t\t\n<style>\n#text-149987295 {\n  font-size: 2rem;\n  text-align: right;\n  color: rgb(255,255,255);\n}\n#text-149987295 > * {\n  color: rgb(255,255,255);\n}\n@media (min-width:850px) {\n  #text-149987295 {\n    font-size: 3.5rem;\n  }\n}\n<\/style>\n\t<\/div>\n\t\n<h3>Korzy\u015bci dla wszystkich dzi\u0119ki systemowi ecoturbino<\/h3>\n<p>Technologia ecoturbino jest <strong>Rozwi\u0105zanie korzystne dla wszystkich<\/strong> radzenie sobie z ograniczonymi zasobami ciep\u0142ej wody. To <strong>Zmniejsza zu\u017cycie wody, zapewniaj\u0105c odpowiedni\u0105 ilo\u015b\u0107 ciep\u0142ej wody dla wszystkich,<\/strong> i oferuje liczne korzy\u015bci pod wzgl\u0119dem oszcz\u0119dno\u015bci koszt\u00f3w, przyjazno\u015bci dla \u015brodowiska i komfortu pod prysznicem.<\/p>\n<blockquote>\n<p>Niezale\u017cnie od tego, czy chodzi o domy jednorodzinne, si\u0142ownie czy inne obiekty komunalne, ecoturbino zapewnia wydajne i satysfakcjonuj\u0105ce dostawy ciep\u0142ej wody dla wszystkich.<\/p>\n<\/blockquote>\n<p>Czy <strong>istniej\u0105cy odp\u0142yw jest zbyt ma\u0142y,<\/strong> ecoturbino mo\u017ce r\u00f3wnie\u017c pom\u00f3c z tym problemem. Zamiast zalewania, stosowanie naszych produkt\u00f3w to <strong>cz\u0119sto wystarczaj\u0105ce, aby zapobiec przepe\u0142nieniu,<\/strong> wi\u0119c wymagana jest tylko 60% pojemno\u015bci odp\u0142ywu - cz\u0119sto mo\u017cna zapobiec przepe\u0142nieniu.<\/p>\n\t\t<\/div>\n\t\t\t\t\n<style>\n#col-409127736 > .col-inner {\n  padding: 10px 20px 1px 25px;\n  border-radius: 10px;\n}\n<\/style>\n\t<\/div>\n\n\t\n<\/div>\n\t\t<\/div>\n\t\t\t\t\n<style>\n#col-667118764 > .col-inner {\n  margin: 0px 0px -125px 0px;\n}\n@media (min-width:550px) {\n  #col-667118764 > .col-inner {\n    margin: 0px 0px -200px 0px;\n  }\n}\n<\/style>\n\t<\/div>\n\n\t\n<\/div>\n\t\t<\/div>\n\n\t\t\n<style>\n#section_213762394 {\n  padding-top: 30px;\n  padding-bottom: 30px;\n}\n<\/style>\n\t<\/section>\n\t\n\n\t<section class=\"section\" id=\"section_1304329527\">\n\t\t<div class=\"section-bg fill\" >\n\t\t\t<img decoding=\"async\" width=\"1920\" height=\"683\" src=\"https:\/\/ecoturbino.world\/wp-content\/uploads\/2025\/12\/ecoturbino-function_1920-1.webp\" class=\"bg attachment- size-\" alt=\"funkcja ecoturbino\" \/>\t\t\t\t\t\t<div class=\"section-bg-overlay absolute fill\"><\/div>\n\t\t\t\n\n\t\t<\/div>\n\n\t\t\t<div class=\"ux-shape-divider ux-shape-divider--top ux-shape-divider--style-waves-opacity\">\n\t\t<svg viewbox=\"0 0 1000 300\" xmlns=\"http:\/\/www.w3.org\/2000\/svg\" preserveaspectratio=\"none\">\n    <path class=\"ux-shape-fill\" d=\"M0 300L-1 69.71C216 57 299.47 198.86 403 226C506 253 577 196 660 197C740 198 790.09 234.07 874 267C935.23 291 982 282.61 1000 277.61V300H0Z\"\/>\n    <path class=\"ux-shape-fill\" opacity=\"0.5\" d=\"M1 265.094L0 50.5C217 37.79 300.47 186.36 404 213.5C507 240.5 578 196.5 661 197.5C741 198.5 787.59 239.57 871.5 272.5C932.73 296.5 980.5 284.5 998.5 279.5V298.5L1 265.094Z\"\/>\n    <path class=\"ux-shape-fill\" opacity=\"0.15\" d=\"M0.999878 244.094L-0.00012207 27C217 14.29 300.47 173.86 404 201C507 228 578 196 661 197C741 198 787.59 243.07 871.5 276C932.73 300 980.5 284.5 998.5 279.5V299L0.999878 244.094Z\"\/>\n<\/svg>\n\n\t<\/div>\n\n\n\t\t<div class=\"section-content relative\">\n\t\t\t\n\t\t<\/div>\n\n\t\t\n<style>\n#section_1304329527 {\n  padding-top: 125px;\n  padding-bottom: 125px;\n}\n#section_1304329527 .section-bg-overlay {\n  background-color: rgba(0, 0, 0, 0.25);\n}\n#section_1304329527 .ux-shape-divider--top svg {\n  height: 80px;\n  --divider-top-width: 100%;\n}\n@media (min-width:550px) {\n  #section_1304329527 {\n    padding-top: 250px;\n    padding-bottom: 250px;\n  }\n  #section_1304329527 .ux-shape-divider--top svg {\n    height: 124px;\n  }\n}\n<\/style>\n\t<\/section>","protected":false},"excerpt":{"rendered":"","protected":false},"author":2,"featured_media":1556,"parent":0,"menu_order":0,"comment_status":"closed","ping_status":"closed","template":"page-blank.php","meta":{"inline_featured_image":false,"footnotes":""},"class_list":["post-1202","page","type-page","status-publish","has-post-thumbnail","hentry"],"_links":{"self":[{"href":"https:\/\/ecoturbino.world\/pl\/wp-json\/wp\/v2\/pages\/1202","targetHints":{"allow":["GET"]}}],"collection":[{"href":"https:\/\/ecoturbino.world\/pl\/wp-json\/wp\/v2\/pages"}],"about":[{"href":"https:\/\/ecoturbino.world\/pl\/wp-json\/wp\/v2\/types\/page"}],"author":[{"embeddable":true,"href":"https:\/\/ecoturbino.world\/pl\/wp-json\/wp\/v2\/users\/2"}],"replies":[{"embeddable":true,"href":"https:\/\/ecoturbino.world\/pl\/wp-json\/wp\/v2\/comments?post=1202"}],"version-history":[{"count":0,"href":"https:\/\/ecoturbino.world\/pl\/wp-json\/wp\/v2\/pages\/1202\/revisions"}],"wp:featuredmedia":[{"embeddable":true,"href":"https:\/\/ecoturbino.world\/pl\/wp-json\/wp\/v2\/media\/1556"}],"wp:attachment":[{"href":"https:\/\/ecoturbino.world\/pl\/wp-json\/wp\/v2\/media?parent=1202"}],"curies":[{"name":"wp","href":"https:\/\/api.w.org\/{rel}","templated":true}]}}